{"id":1536,"date":"2024-06-28T15:53:57","date_gmt":"2024-06-28T13:53:57","guid":{"rendered":"https:\/\/orthopara.store\/?post_type=product&#038;p=1536"},"modified":"2024-11-07T09:53:02","modified_gmt":"2024-11-07T08:53:02","slug":"chicco-detergent-biberon-liquide-300ml","status":"publish","type":"product","link":"https:\/\/orthopara.store\/?product=chicco-detergent-biberon-liquide-300ml","title":{"rendered":"Chicco &#8211; D\u00e9tergent biberon liquide &#8211; 300ml"},"content":{"rendered":"<p>Caract\u00e9ristiques :<br \/>\nD\u00e9tergent biberon liquide chicco poss\u00e8de une formule d\u00e9licate, id\u00e9ale pour laver \u00e0 la main biberons, sucettes et t\u00e9tines.<br \/>\nNettoyant doux<br \/>\nPour biberons, sucettes et vaisselle<br \/>\nAvec des ingr\u00e9dients d&rsquo;origine naturelle<br \/>\nEnl\u00e8ve la salet\u00e9 et assainit<br \/>\nLes objets avec lesquels les enfants entrent en contact n\u00e9cessitent le plus grand soin et attention. Pour cela, Chicco a cr\u00e9\u00e9 son d\u00e9tergent sp\u00e9cial peaux sensibles pour les biberons et la vaisselle. Sans parfum, sans colorants, sans dioxanone et test\u00e9e contre le nickel, le chrome et le cobalt, sa formule est compos\u00e9e \u00e0 98% d&rsquo;ingr\u00e9dients d&rsquo;origine naturelle. Parfait pour laver les biberons, les sucettes et la vaisselle \u00e0 la main, le d\u00e9tergent est capable d&rsquo;\u00e9liminer efficacement la salet\u00e9, de nettoyer et de d\u00e9sinfecter les objets sans difficult\u00e9.<br \/>\nConseils d&rsquo;utilisation :<br \/>\nUtilisation dilu\u00e9e : 5 ml de produit (\u00e9quivalent \u00e0 une cuill\u00e8re \u00e0 caf\u00e9) pour 2 litres d&rsquo;eau. Rincer abondamment \u00e0 l&rsquo;eau courante.<br \/>\nUtilisation directe sur objets ou \u00e9ponge : 1 \u00e0 2 ml (\u00e9quivalent \u00e0 une cuill\u00e8re \u00e0 caf\u00e9). Rincer abondamment \u00e0 l&rsquo;eau courante.<\/p>\n","protected":false},"excerpt":{"rendered":"<p>D\u00e9tergent biberon liquide chicco poss\u00e8de une formule d\u00e9licate, id\u00e9ale pour laver \u00e0 la main biberons, sucettes et t\u00e9tines.<br \/>\nLa formule, avec 98% d&rsquo;ingr\u00e9dients d&rsquo;origine naturelle, Chicco d\u00e9tergent nettoyant \u00e9limine efficacement la salet\u00e9, laissant les produits pour b\u00e9b\u00e9 compl\u00e8tement propres et hygi\u00e9nis\u00e9s.<br \/>\nTest\u00e9 dermatologiquement sur peaux sensibles.<br \/>\nSans colorants ni parfums.<\/p>\n","protected":false},"featured_media":1557,"comment_status":"open","ping_status":"closed","template":"","meta":[],"pwb-brand":[173],"product_cat":[179],"product_tag":[],"class_list":{"0":"post-1536","1":"product","2":"type-product","3":"status-publish","4":"has-post-thumbnail","6":"pwb-brand-chicco","7":"product_cat-vaisselles-de-bebe","8":"post","9":"ws-product--style-1","11":"first","12":"instock","13":"shipping-taxable","14":"purchasable","15":"product-type-simple"},"yoast_head":"<!-- This site is optimized with the Yoast SEO plugin v23.0 - https:\/\/yoast.com\/wordpress\/plugins\/seo\/ -->\n<title>Chicco - D\u00e9tergent biberon liquide - 300ml - OrthoPara<\/title>\n<meta name=\"robots\" content=\"index, follow, max-snippet:-1, max-image-preview:large, max-video-preview:-1\" \/>\n<link rel=\"canonical\" href=\"https:\/\/orthopara.store\/index.php\/produit\/chicco-detergent-biberon-liquide-300ml\/\" \/>\n<meta property=\"og:locale\" content=\"fr_FR\" \/>\n<meta property=\"og:type\" content=\"article\" \/>\n<meta property=\"og:title\" content=\"Chicco - D\u00e9tergent biberon liquide - 300ml - OrthoPara\" \/>\n<meta property=\"og:description\" content=\"D\u00e9tergent biberon liquide chicco poss\u00e8de une formule d\u00e9licate, id\u00e9ale pour laver \u00e0 la main biberons, sucettes et t\u00e9tines. La formule, avec 98% d&#039;ingr\u00e9dients d&#039;origine naturelle, Chicco d\u00e9tergent nettoyant \u00e9limine efficacement la salet\u00e9, laissant les produits pour b\u00e9b\u00e9 compl\u00e8tement propres et hygi\u00e9nis\u00e9s. Test\u00e9 dermatologiquement sur peaux sensibles. Sans colorants ni parfums.\" \/>\n<meta property=\"og:url\" content=\"https:\/\/orthopara.store\/index.php\/produit\/chicco-detergent-biberon-liquide-300ml\/\" \/>\n<meta property=\"og:site_name\" content=\"OrthoPara\" \/>\n<meta property=\"article:publisher\" content=\"https:\/\/www.facebook.com\/profile.php?id=61561194315651\" \/>\n<meta property=\"article:modified_time\" content=\"2024-11-07T08:53:02+00:00\" \/>\n<meta property=\"og:image\" content=\"https:\/\/orthopara.store\/wp-content\/uploads\/2024\/06\/chicco-detergent-biberon-liquide-300ml.jpg\" \/>\n\t<meta property=\"og:image:width\" content=\"800\" \/>\n\t<meta property=\"og:image:height\" content=\"800\" \/>\n\t<meta property=\"og:image:type\" content=\"image\/jpeg\" \/>\n<meta name=\"twitter:card\" content=\"summary_large_image\" \/>\n<meta name=\"twitter:label1\" content=\"Dur\u00e9e de lecture estim\u00e9e\" \/>\n\t<meta name=\"twitter:data1\" content=\"1 minute\" \/>\n<script type=\"application\/ld+json\" class=\"yoast-schema-graph\">{\"@context\":\"https:\/\/schema.org\",\"@graph\":[{\"@type\":\"WebPage\",\"@id\":\"https:\/\/orthopara.store\/index.php\/produit\/chicco-detergent-biberon-liquide-300ml\/\",\"url\":\"https:\/\/orthopara.store\/index.php\/produit\/chicco-detergent-biberon-liquide-300ml\/\",\"name\":\"Chicco - D\u00e9tergent biberon liquide - 300ml - OrthoPara\",\"isPartOf\":{\"@id\":\"https:\/\/orthopara.store\/#website\"},\"primaryImageOfPage\":{\"@id\":\"https:\/\/orthopara.store\/index.php\/produit\/chicco-detergent-biberon-liquide-300ml\/#primaryimage\"},\"image\":{\"@id\":\"https:\/\/orthopara.store\/index.php\/produit\/chicco-detergent-biberon-liquide-300ml\/#primaryimage\"},\"thumbnailUrl\":\"https:\/\/orthopara.store\/wp-content\/uploads\/2024\/06\/chicco-detergent-biberon-liquide-300ml.jpg\",\"datePublished\":\"2024-06-28T13:53:57+00:00\",\"dateModified\":\"2024-11-07T08:53:02+00:00\",\"breadcrumb\":{\"@id\":\"https:\/\/orthopara.store\/index.php\/produit\/chicco-detergent-biberon-liquide-300ml\/#breadcrumb\"},\"inLanguage\":\"fr-FR\",\"potentialAction\":[{\"@type\":\"ReadAction\",\"target\":[\"https:\/\/orthopara.store\/index.php\/produit\/chicco-detergent-biberon-liquide-300ml\/\"]}]},{\"@type\":\"ImageObject\",\"inLanguage\":\"fr-FR\",\"@id\":\"https:\/\/orthopara.store\/index.php\/produit\/chicco-detergent-biberon-liquide-300ml\/#primaryimage\",\"url\":\"https:\/\/orthopara.store\/wp-content\/uploads\/2024\/06\/chicco-detergent-biberon-liquide-300ml.jpg\",\"contentUrl\":\"https:\/\/orthopara.store\/wp-content\/uploads\/2024\/06\/chicco-detergent-biberon-liquide-300ml.jpg\",\"width\":800,\"height\":800},{\"@type\":\"BreadcrumbList\",\"@id\":\"https:\/\/orthopara.store\/index.php\/produit\/chicco-detergent-biberon-liquide-300ml\/#breadcrumb\",\"itemListElement\":[{\"@type\":\"ListItem\",\"position\":1,\"name\":\"Accueil\",\"item\":\"https:\/\/orthopara.store\/\"},{\"@type\":\"ListItem\",\"position\":2,\"name\":\"Shop\",\"item\":\"https:\/\/orthopara.store\/?page_id=622\"},{\"@type\":\"ListItem\",\"position\":3,\"name\":\"Chicco &#8211; D\u00e9tergent biberon liquide &#8211; 300ml\"}]},{\"@type\":\"WebSite\",\"@id\":\"https:\/\/orthopara.store\/#website\",\"url\":\"https:\/\/orthopara.store\/\",\"name\":\"OrthoPara\",\"description\":\"Parapharmacie\",\"publisher\":{\"@id\":\"https:\/\/orthopara.store\/#organization\"},\"potentialAction\":[{\"@type\":\"SearchAction\",\"target\":{\"@type\":\"EntryPoint\",\"urlTemplate\":\"https:\/\/orthopara.store\/?s={search_term_string}\"},\"query-input\":\"required name=search_term_string\"}],\"inLanguage\":\"fr-FR\"},{\"@type\":\"Organization\",\"@id\":\"https:\/\/orthopara.store\/#organization\",\"name\":\"OrthoPara\",\"url\":\"https:\/\/orthopara.store\/\",\"logo\":{\"@type\":\"ImageObject\",\"inLanguage\":\"fr-FR\",\"@id\":\"https:\/\/orthopara.store\/#\/schema\/logo\/image\/\",\"url\":\"https:\/\/orthopara.store\/wp-content\/uploads\/2024\/06\/cropped-9ABA8BAD-6256-4719-9315-15C66E64E882.png\",\"contentUrl\":\"https:\/\/orthopara.store\/wp-content\/uploads\/2024\/06\/cropped-9ABA8BAD-6256-4719-9315-15C66E64E882.png\",\"width\":240,\"height\":72,\"caption\":\"OrthoPara\"},\"image\":{\"@id\":\"https:\/\/orthopara.store\/#\/schema\/logo\/image\/\"},\"sameAs\":[\"https:\/\/www.facebook.com\/profile.php?id=61561194315651\",\"https:\/\/www.instagram.com\/orthopara_tunisie\/\"]}]}<\/script>\n<!-- \/ Yoast SEO plugin. -->","yoast_head_json":{"title":"Chicco - D\u00e9tergent biberon liquide - 300ml - OrthoPara","robots":{"index":"index","follow":"follow","max-snippet":"max-snippet:-1","max-image-preview":"max-image-preview:large","max-video-preview":"max-video-preview:-1"},"canonical":"https:\/\/orthopara.store\/index.php\/produit\/chicco-detergent-biberon-liquide-300ml\/","og_locale":"fr_FR","og_type":"article","og_title":"Chicco - D\u00e9tergent biberon liquide - 300ml - OrthoPara","og_description":"D\u00e9tergent biberon liquide chicco poss\u00e8de une formule d\u00e9licate, id\u00e9ale pour laver \u00e0 la main biberons, sucettes et t\u00e9tines. La formule, avec 98% d'ingr\u00e9dients d'origine naturelle, Chicco d\u00e9tergent nettoyant \u00e9limine efficacement la salet\u00e9, laissant les produits pour b\u00e9b\u00e9 compl\u00e8tement propres et hygi\u00e9nis\u00e9s. Test\u00e9 dermatologiquement sur peaux sensibles. Sans colorants ni parfums.","og_url":"https:\/\/orthopara.store\/index.php\/produit\/chicco-detergent-biberon-liquide-300ml\/","og_site_name":"OrthoPara","article_publisher":"https:\/\/www.facebook.com\/profile.php?id=61561194315651","article_modified_time":"2024-11-07T08:53:02+00:00","og_image":[{"width":800,"height":800,"url":"https:\/\/orthopara.store\/wp-content\/uploads\/2024\/06\/chicco-detergent-biberon-liquide-300ml.jpg","type":"image\/jpeg"}],"twitter_card":"summary_large_image","twitter_misc":{"Dur\u00e9e de lecture estim\u00e9e":"1 minute"},"schema":{"@context":"https:\/\/schema.org","@graph":[{"@type":"WebPage","@id":"https:\/\/orthopara.store\/index.php\/produit\/chicco-detergent-biberon-liquide-300ml\/","url":"https:\/\/orthopara.store\/index.php\/produit\/chicco-detergent-biberon-liquide-300ml\/","name":"Chicco - D\u00e9tergent biberon liquide - 300ml - OrthoPara","isPartOf":{"@id":"https:\/\/orthopara.store\/#website"},"primaryImageOfPage":{"@id":"https:\/\/orthopara.store\/index.php\/produit\/chicco-detergent-biberon-liquide-300ml\/#primaryimage"},"image":{"@id":"https:\/\/orthopara.store\/index.php\/produit\/chicco-detergent-biberon-liquide-300ml\/#primaryimage"},"thumbnailUrl":"https:\/\/orthopara.store\/wp-content\/uploads\/2024\/06\/chicco-detergent-biberon-liquide-300ml.jpg","datePublished":"2024-06-28T13:53:57+00:00","dateModified":"2024-11-07T08:53:02+00:00","breadcrumb":{"@id":"https:\/\/orthopara.store\/index.php\/produit\/chicco-detergent-biberon-liquide-300ml\/#breadcrumb"},"inLanguage":"fr-FR","potentialAction":[{"@type":"ReadAction","target":["https:\/\/orthopara.store\/index.php\/produit\/chicco-detergent-biberon-liquide-300ml\/"]}]},{"@type":"ImageObject","inLanguage":"fr-FR","@id":"https:\/\/orthopara.store\/index.php\/produit\/chicco-detergent-biberon-liquide-300ml\/#primaryimage","url":"https:\/\/orthopara.store\/wp-content\/uploads\/2024\/06\/chicco-detergent-biberon-liquide-300ml.jpg","contentUrl":"https:\/\/orthopara.store\/wp-content\/uploads\/2024\/06\/chicco-detergent-biberon-liquide-300ml.jpg","width":800,"height":800},{"@type":"BreadcrumbList","@id":"https:\/\/orthopara.store\/index.php\/produit\/chicco-detergent-biberon-liquide-300ml\/#breadcrumb","itemListElement":[{"@type":"ListItem","position":1,"name":"Accueil","item":"https:\/\/orthopara.store\/"},{"@type":"ListItem","position":2,"name":"Shop","item":"https:\/\/orthopara.store\/?page_id=622"},{"@type":"ListItem","position":3,"name":"Chicco &#8211; D\u00e9tergent biberon liquide &#8211; 300ml"}]},{"@type":"WebSite","@id":"https:\/\/orthopara.store\/#website","url":"https:\/\/orthopara.store\/","name":"OrthoPara","description":"Parapharmacie","publisher":{"@id":"https:\/\/orthopara.store\/#organization"},"potentialAction":[{"@type":"SearchAction","target":{"@type":"EntryPoint","urlTemplate":"https:\/\/orthopara.store\/?s={search_term_string}"},"query-input":"required name=search_term_string"}],"inLanguage":"fr-FR"},{"@type":"Organization","@id":"https:\/\/orthopara.store\/#organization","name":"OrthoPara","url":"https:\/\/orthopara.store\/","logo":{"@type":"ImageObject","inLanguage":"fr-FR","@id":"https:\/\/orthopara.store\/#\/schema\/logo\/image\/","url":"https:\/\/orthopara.store\/wp-content\/uploads\/2024\/06\/cropped-9ABA8BAD-6256-4719-9315-15C66E64E882.png","contentUrl":"https:\/\/orthopara.store\/wp-content\/uploads\/2024\/06\/cropped-9ABA8BAD-6256-4719-9315-15C66E64E882.png","width":240,"height":72,"caption":"OrthoPara"},"image":{"@id":"https:\/\/orthopara.store\/#\/schema\/logo\/image\/"},"sameAs":["https:\/\/www.facebook.com\/profile.php?id=61561194315651","https:\/\/www.instagram.com\/orthopara_tunisie\/"]}]}},"jetpack_sharing_enabled":true,"brands":[{"id":173,"name":"Chicco","slug":"chicco"}],"_links":{"self":[{"href":"https:\/\/orthopara.store\/index.php?rest_route=\/wp\/v2\/product\/1536","targetHints":{"allow":["GET"]}}],"collection":[{"href":"https:\/\/orthopara.store\/index.php?rest_route=\/wp\/v2\/product"}],"about":[{"href":"https:\/\/orthopara.store\/index.php?rest_route=\/wp\/v2\/types\/product"}],"replies":[{"embeddable":true,"href":"https:\/\/orthopara.store\/index.php?rest_route=%2Fwp%2Fv2%2Fcomments&post=1536"}],"wp:featuredmedia":[{"embeddable":true,"href":"https:\/\/orthopara.store\/index.php?rest_route=\/wp\/v2\/media\/1557"}],"wp:attachment":[{"href":"https:\/\/orthopara.store\/index.php?rest_route=%2Fwp%2Fv2%2Fmedia&parent=1536"}],"wp:term":[{"taxonomy":"pwb-brand","embeddable":true,"href":"https:\/\/orthopara.store\/index.php?rest_route=%2Fwp%2Fv2%2Fpwb-brand&post=1536"},{"taxonomy":"product_cat","embeddable":true,"href":"https:\/\/orthopara.store\/index.php?rest_route=%2Fwp%2Fv2%2Fproduct_cat&post=1536"},{"taxonomy":"product_tag","embeddable":true,"href":"https:\/\/orthopara.store\/index.php?rest_route=%2Fwp%2Fv2%2Fproduct_tag&post=1536"}],"curies":[{"name":"wp","href":"https:\/\/api.w.org\/{rel}","templated":true}]}}