{"id":1538,"date":"2024-06-28T15:53:57","date_gmt":"2024-06-28T13:53:57","guid":{"rendered":"https:\/\/orthopara.store\/?post_type=product&#038;p=1538"},"modified":"2024-06-28T15:54:04","modified_gmt":"2024-06-28T13:54:04","slug":"coton-tige-avec-protection-de-tympan-chicco-0m-90pcs","status":"publish","type":"product","link":"https:\/\/orthopara.store\/?product=coton-tige-avec-protection-de-tympan-chicco-0m-90pcs","title":{"rendered":"Coton-tige avec protection de tympan &#8211; Chicco &#8211; 0m+ &#8211; 90pcs"},"content":{"rendered":"<p>Les cotons-tiges Chico sont doux et souples et sont d\u00e9licats pour les oreilles de votre b\u00e9b\u00e9.\u00a0<br \/>\nPrincipales caract\u00e9ristiques des cotons-tiges Chicco :<br \/>\nSp\u00e9cialement con\u00e7us pour la protection du tympan \u2013 Les cotons-tiges Chicco avec protection sp\u00e9ciale du tympan vous permettent de nettoyer la surface externe de l&rsquo;oreille de votre b\u00e9b\u00e9 en douceur, en toute s\u00e9curit\u00e9 et assurent la s\u00e9curit\u00e9 du tympan d\u00e9licat de votre b\u00e9b\u00e9.<br \/>\nDoux et flexibles : les cotons-tiges Chicco sont fabriqu\u00e9s \u00e0 100 % en coton, ce qui les rend vraiment doux et flexibles.<br \/>\nTige en papier et non en plastique &#8211; La tige des bourgeons Chicco est en papier et non en plastique, offrant un dispositif de s\u00e9curit\u00e9 suppl\u00e9mentaire. Il est fait de papier. Il est donc biod\u00e9gradable.<br \/>\nD\u00e9licat \u2013 Les enfants sont sensibles et ont besoin de soins particuliers. Ces cotons-tiges pour b\u00e9b\u00e9 sont pr\u00eats \u00e0 nettoyer les oreilles de b\u00e9b\u00e9 ! Fabriqu\u00e9 en coton tr\u00e8s doux, celui-ci ne cause aucune blessure \u00e0 la peau de votre b\u00e9b\u00e9.<br \/>\nEmballage portable &#8211; Disponibles dans un pack pratique de 60 pi\u00e8ces, les embouts rembourr\u00e9s Chicco de 60 pi\u00e8ces avec protection du tympan peuvent toujours \u00eatre emport\u00e9s avec vous \u00e0 l&rsquo;int\u00e9rieur du sac \u00e0 langer pour avoir toujours tout ce dont vous avez besoin pour l&rsquo;hygi\u00e8ne et les soins de b\u00e9b\u00e9.<br \/>\nBon \u00e0 savoir:\u00a0<br \/>\nEn tant que nouveau parent, vous aurez de nombreuses responsabilit\u00e9s envers votre enfant \u2013 nettoyer ses oreilles en fait partie. Lorsqu&rsquo;il s&rsquo;agit de nettoyer les oreilles de votre enfant, la s\u00e9curit\u00e9 passe avant tout. C&rsquo;est pourquoi Chicco fabrique des produits con\u00e7us pour le confort et la s\u00e9curit\u00e9 de votre enfant.<br \/>\nLorsqu&rsquo;ils nettoient les oreilles de leur b\u00e9b\u00e9, les parents doivent \u00eatre tr\u00e8s prudents car les tympans des b\u00e9b\u00e9s sont tr\u00e8s d\u00e9licats. Au cours des premi\u00e8res \u00e9tapes, les parents doivent nettoyer uniquement la surface externe de l&rsquo;oreille et ne pas ins\u00e9rer trop profond\u00e9ment l&#8217;embout dans l&rsquo;oreille de b\u00e9b\u00e9 car cela pourrait endommager le tympan. Ils doivent \u00e9galement faire attention \u00e0 la qualit\u00e9 du coton, car un mat\u00e9riau de mauvaise qualit\u00e9 peut rester coinc\u00e9 dans les oreilles et nuire au b\u00e9b\u00e9.\u00a0<br \/>\nChez Chicco, nous sommes connus pour fournir des produits de qualit\u00e9 \u00e0 nos clients. Les \u00e9couteurs que nous proposons sont appr\u00e9ci\u00e9s par de nombreux parents en raison de leur qualit\u00e9. Les cotons-tiges Chicco avec protection des tympans sont compos\u00e9s \u00e0 100 % de coton et constituent le choix id\u00e9al pour assurer une bonne hygi\u00e8ne du b\u00e9b\u00e9. Les \u00e9couteurs Chicco ont \u00e9t\u00e9 sp\u00e9cialement con\u00e7us pour les plus petits afin de ne pas leur faire mal aux oreilles. Les \u00e9couteurs Chicco sont biod\u00e9gradables car les tiges des \u00e9couteurs sont en papier. Le mat\u00e9riau plastique n\u2019est pas adapt\u00e9 \u00e0 l\u2019environnement. Ainsi, chez Chicco, la tige des \u00e9couteurs est en papier pour les rendre \u00e9co-responsables.<br \/>\nEntretien et maintenance :<br \/>\nNe mettez jamais rien de pointu dans les oreilles du b\u00e9b\u00e9. Cela peut endommager les oreilles du b\u00e9b\u00e9 et entra\u00eener une d\u00e9ficience auditive permanente.\u00a0<br \/>\nAssurez-vous que votre b\u00e9b\u00e9 est calme et engag\u00e9 lorsque vous nettoyez ses oreilles.<br \/>\nNe vaporisez pas d&rsquo;eau ou de liquide dans l&rsquo;oreille avec force<br \/>\nLorsque vous avez un nouveau-n\u00e9, vous pouvez lui nettoyer les oreilles en trois \u00e0 quatre jours, voire plus. que \u00e7a. Lorsque le b\u00e9b\u00e9 atteint l\u2019\u00e2ge de cinq \u00e0 six mois, il commence \u00e0 \u00eatre confront\u00e9 \u00e0 davantage de salet\u00e9 et de germes lorsqu\u2019il rampe ou joue. Ensuite, vous pouvez maintenir une routine quotidienne de nettoyage de leurs oreilles.\u00a0<br \/>\nUtilisez uniquement de l&rsquo;eau ti\u00e8de et propre pour nettoyer les tympans. L\u2019utilisation de cr\u00e8mes hydratantes ou d\u2019huile de massage pour b\u00e9b\u00e9 ne convient pas aux oreilles car elles attirent plus de poussi\u00e8re qu\u2019auparavant.<\/p>\n","protected":false},"excerpt":{"rendered":"<p>Les cotons-tiges Chicco ont \u00e9t\u00e9 sp\u00e9cialement con\u00e7us pour les nouveau-n\u00e9s 0M+ afin de garantir l&rsquo;hygi\u00e8ne des oreilles. La forme unique des cotons-tiges vous permet de nettoyer les oreilles de votre b\u00e9b\u00e9 avec le plus grand soin tout en prot\u00e9geant les tympans<br \/>\n\u00c2ge recommand\u00e9 : 0 mois+<\/p>\n","protected":false},"featured_media":1559,"comment_status":"open","ping_status":"closed","template":"","meta":[],"pwb-brand":[173],"product_cat":[179],"product_tag":[],"class_list":{"0":"post-1538","1":"product","2":"type-product","3":"status-publish","4":"has-post-thumbnail","6":"pwb-brand-chicco","7":"product_cat-vaisselles-de-bebe","8":"post","9":"ws-product--style-1","11":"first","12":"instock","13":"shipping-taxable","14":"purchasable","15":"product-type-simple"},"yoast_head":"<!-- This site is optimized with the Yoast SEO plugin v23.0 - https:\/\/yoast.com\/wordpress\/plugins\/seo\/ -->\n<title>Coton-tige avec protection de tympan - Chicco - 0m+ - 90pcs - OrthoPara<\/title>\n<meta name=\"robots\" content=\"index, follow, max-snippet:-1, max-image-preview:large, max-video-preview:-1\" \/>\n<link rel=\"canonical\" href=\"https:\/\/orthopara.store\/index.php\/produit\/coton-tige-avec-protection-de-tympan-chicco-0m-90pcs\/\" \/>\n<meta property=\"og:locale\" content=\"fr_FR\" \/>\n<meta property=\"og:type\" content=\"article\" \/>\n<meta property=\"og:title\" content=\"Coton-tige avec protection de tympan - Chicco - 0m+ - 90pcs - OrthoPara\" \/>\n<meta property=\"og:description\" content=\"Les cotons-tiges Chicco ont \u00e9t\u00e9 sp\u00e9cialement con\u00e7us pour les nouveau-n\u00e9s 0M+ afin de garantir l&#039;hygi\u00e8ne des oreilles. La forme unique des cotons-tiges vous permet de nettoyer les oreilles de votre b\u00e9b\u00e9 avec le plus grand soin tout en prot\u00e9geant les tympans \u00c2ge recommand\u00e9 : 0 mois+\" \/>\n<meta property=\"og:url\" content=\"https:\/\/orthopara.store\/index.php\/produit\/coton-tige-avec-protection-de-tympan-chicco-0m-90pcs\/\" \/>\n<meta property=\"og:site_name\" content=\"OrthoPara\" \/>\n<meta property=\"article:publisher\" content=\"https:\/\/www.facebook.com\/profile.php?id=61561194315651\" \/>\n<meta property=\"article:modified_time\" content=\"2024-06-28T13:54:04+00:00\" \/>\n<meta property=\"og:image\" content=\"https:\/\/orthopara.store\/wp-content\/uploads\/2024\/06\/coton-tige-avec-protection-de-tympan-chicco-0m-90pcs.jpg\" \/>\n\t<meta property=\"og:image:width\" content=\"800\" \/>\n\t<meta property=\"og:image:height\" content=\"800\" \/>\n\t<meta property=\"og:image:type\" content=\"image\/jpeg\" \/>\n<meta name=\"twitter:card\" content=\"summary_large_image\" \/>\n<meta name=\"twitter:label1\" content=\"Dur\u00e9e de lecture estim\u00e9e\" \/>\n\t<meta name=\"twitter:data1\" content=\"3 minutes\" \/>\n<script type=\"application\/ld+json\" class=\"yoast-schema-graph\">{\"@context\":\"https:\/\/schema.org\",\"@graph\":[{\"@type\":\"WebPage\",\"@id\":\"https:\/\/orthopara.store\/index.php\/produit\/coton-tige-avec-protection-de-tympan-chicco-0m-90pcs\/\",\"url\":\"https:\/\/orthopara.store\/index.php\/produit\/coton-tige-avec-protection-de-tympan-chicco-0m-90pcs\/\",\"name\":\"Coton-tige avec protection de tympan - Chicco - 0m+ - 90pcs - OrthoPara\",\"isPartOf\":{\"@id\":\"https:\/\/orthopara.store\/#website\"},\"primaryImageOfPage\":{\"@id\":\"https:\/\/orthopara.store\/index.php\/produit\/coton-tige-avec-protection-de-tympan-chicco-0m-90pcs\/#primaryimage\"},\"image\":{\"@id\":\"https:\/\/orthopara.store\/index.php\/produit\/coton-tige-avec-protection-de-tympan-chicco-0m-90pcs\/#primaryimage\"},\"thumbnailUrl\":\"https:\/\/orthopara.store\/wp-content\/uploads\/2024\/06\/coton-tige-avec-protection-de-tympan-chicco-0m-90pcs.jpg\",\"datePublished\":\"2024-06-28T13:53:57+00:00\",\"dateModified\":\"2024-06-28T13:54:04+00:00\",\"breadcrumb\":{\"@id\":\"https:\/\/orthopara.store\/index.php\/produit\/coton-tige-avec-protection-de-tympan-chicco-0m-90pcs\/#breadcrumb\"},\"inLanguage\":\"fr-FR\",\"potentialAction\":[{\"@type\":\"ReadAction\",\"target\":[\"https:\/\/orthopara.store\/index.php\/produit\/coton-tige-avec-protection-de-tympan-chicco-0m-90pcs\/\"]}]},{\"@type\":\"ImageObject\",\"inLanguage\":\"fr-FR\",\"@id\":\"https:\/\/orthopara.store\/index.php\/produit\/coton-tige-avec-protection-de-tympan-chicco-0m-90pcs\/#primaryimage\",\"url\":\"https:\/\/orthopara.store\/wp-content\/uploads\/2024\/06\/coton-tige-avec-protection-de-tympan-chicco-0m-90pcs.jpg\",\"contentUrl\":\"https:\/\/orthopara.store\/wp-content\/uploads\/2024\/06\/coton-tige-avec-protection-de-tympan-chicco-0m-90pcs.jpg\",\"width\":800,\"height\":800},{\"@type\":\"BreadcrumbList\",\"@id\":\"https:\/\/orthopara.store\/index.php\/produit\/coton-tige-avec-protection-de-tympan-chicco-0m-90pcs\/#breadcrumb\",\"itemListElement\":[{\"@type\":\"ListItem\",\"position\":1,\"name\":\"Accueil\",\"item\":\"https:\/\/orthopara.store\/\"},{\"@type\":\"ListItem\",\"position\":2,\"name\":\"Shop\",\"item\":\"https:\/\/orthopara.store\/?page_id=622\"},{\"@type\":\"ListItem\",\"position\":3,\"name\":\"Coton-tige avec protection de tympan &#8211; Chicco &#8211; 0m+ &#8211; 90pcs\"}]},{\"@type\":\"WebSite\",\"@id\":\"https:\/\/orthopara.store\/#website\",\"url\":\"https:\/\/orthopara.store\/\",\"name\":\"OrthoPara\",\"description\":\"Parapharmacie\",\"publisher\":{\"@id\":\"https:\/\/orthopara.store\/#organization\"},\"potentialAction\":[{\"@type\":\"SearchAction\",\"target\":{\"@type\":\"EntryPoint\",\"urlTemplate\":\"https:\/\/orthopara.store\/?s={search_term_string}\"},\"query-input\":\"required name=search_term_string\"}],\"inLanguage\":\"fr-FR\"},{\"@type\":\"Organization\",\"@id\":\"https:\/\/orthopara.store\/#organization\",\"name\":\"OrthoPara\",\"url\":\"https:\/\/orthopara.store\/\",\"logo\":{\"@type\":\"ImageObject\",\"inLanguage\":\"fr-FR\",\"@id\":\"https:\/\/orthopara.store\/#\/schema\/logo\/image\/\",\"url\":\"https:\/\/orthopara.store\/wp-content\/uploads\/2024\/06\/cropped-9ABA8BAD-6256-4719-9315-15C66E64E882.png\",\"contentUrl\":\"https:\/\/orthopara.store\/wp-content\/uploads\/2024\/06\/cropped-9ABA8BAD-6256-4719-9315-15C66E64E882.png\",\"width\":240,\"height\":72,\"caption\":\"OrthoPara\"},\"image\":{\"@id\":\"https:\/\/orthopara.store\/#\/schema\/logo\/image\/\"},\"sameAs\":[\"https:\/\/www.facebook.com\/profile.php?id=61561194315651\",\"https:\/\/www.instagram.com\/orthopara_tunisie\/\"]}]}<\/script>\n<!-- \/ Yoast SEO plugin. -->","yoast_head_json":{"title":"Coton-tige avec protection de tympan - Chicco - 0m+ - 90pcs - OrthoPara","robots":{"index":"index","follow":"follow","max-snippet":"max-snippet:-1","max-image-preview":"max-image-preview:large","max-video-preview":"max-video-preview:-1"},"canonical":"https:\/\/orthopara.store\/index.php\/produit\/coton-tige-avec-protection-de-tympan-chicco-0m-90pcs\/","og_locale":"fr_FR","og_type":"article","og_title":"Coton-tige avec protection de tympan - Chicco - 0m+ - 90pcs - OrthoPara","og_description":"Les cotons-tiges Chicco ont \u00e9t\u00e9 sp\u00e9cialement con\u00e7us pour les nouveau-n\u00e9s 0M+ afin de garantir l'hygi\u00e8ne des oreilles. La forme unique des cotons-tiges vous permet de nettoyer les oreilles de votre b\u00e9b\u00e9 avec le plus grand soin tout en prot\u00e9geant les tympans \u00c2ge recommand\u00e9 : 0 mois+","og_url":"https:\/\/orthopara.store\/index.php\/produit\/coton-tige-avec-protection-de-tympan-chicco-0m-90pcs\/","og_site_name":"OrthoPara","article_publisher":"https:\/\/www.facebook.com\/profile.php?id=61561194315651","article_modified_time":"2024-06-28T13:54:04+00:00","og_image":[{"width":800,"height":800,"url":"https:\/\/orthopara.store\/wp-content\/uploads\/2024\/06\/coton-tige-avec-protection-de-tympan-chicco-0m-90pcs.jpg","type":"image\/jpeg"}],"twitter_card":"summary_large_image","twitter_misc":{"Dur\u00e9e de lecture estim\u00e9e":"3 minutes"},"schema":{"@context":"https:\/\/schema.org","@graph":[{"@type":"WebPage","@id":"https:\/\/orthopara.store\/index.php\/produit\/coton-tige-avec-protection-de-tympan-chicco-0m-90pcs\/","url":"https:\/\/orthopara.store\/index.php\/produit\/coton-tige-avec-protection-de-tympan-chicco-0m-90pcs\/","name":"Coton-tige avec protection de tympan - Chicco - 0m+ - 90pcs - OrthoPara","isPartOf":{"@id":"https:\/\/orthopara.store\/#website"},"primaryImageOfPage":{"@id":"https:\/\/orthopara.store\/index.php\/produit\/coton-tige-avec-protection-de-tympan-chicco-0m-90pcs\/#primaryimage"},"image":{"@id":"https:\/\/orthopara.store\/index.php\/produit\/coton-tige-avec-protection-de-tympan-chicco-0m-90pcs\/#primaryimage"},"thumbnailUrl":"https:\/\/orthopara.store\/wp-content\/uploads\/2024\/06\/coton-tige-avec-protection-de-tympan-chicco-0m-90pcs.jpg","datePublished":"2024-06-28T13:53:57+00:00","dateModified":"2024-06-28T13:54:04+00:00","breadcrumb":{"@id":"https:\/\/orthopara.store\/index.php\/produit\/coton-tige-avec-protection-de-tympan-chicco-0m-90pcs\/#breadcrumb"},"inLanguage":"fr-FR","potentialAction":[{"@type":"ReadAction","target":["https:\/\/orthopara.store\/index.php\/produit\/coton-tige-avec-protection-de-tympan-chicco-0m-90pcs\/"]}]},{"@type":"ImageObject","inLanguage":"fr-FR","@id":"https:\/\/orthopara.store\/index.php\/produit\/coton-tige-avec-protection-de-tympan-chicco-0m-90pcs\/#primaryimage","url":"https:\/\/orthopara.store\/wp-content\/uploads\/2024\/06\/coton-tige-avec-protection-de-tympan-chicco-0m-90pcs.jpg","contentUrl":"https:\/\/orthopara.store\/wp-content\/uploads\/2024\/06\/coton-tige-avec-protection-de-tympan-chicco-0m-90pcs.jpg","width":800,"height":800},{"@type":"BreadcrumbList","@id":"https:\/\/orthopara.store\/index.php\/produit\/coton-tige-avec-protection-de-tympan-chicco-0m-90pcs\/#breadcrumb","itemListElement":[{"@type":"ListItem","position":1,"name":"Accueil","item":"https:\/\/orthopara.store\/"},{"@type":"ListItem","position":2,"name":"Shop","item":"https:\/\/orthopara.store\/?page_id=622"},{"@type":"ListItem","position":3,"name":"Coton-tige avec protection de tympan &#8211; Chicco &#8211; 0m+ &#8211; 90pcs"}]},{"@type":"WebSite","@id":"https:\/\/orthopara.store\/#website","url":"https:\/\/orthopara.store\/","name":"OrthoPara","description":"Parapharmacie","publisher":{"@id":"https:\/\/orthopara.store\/#organization"},"potentialAction":[{"@type":"SearchAction","target":{"@type":"EntryPoint","urlTemplate":"https:\/\/orthopara.store\/?s={search_term_string}"},"query-input":"required name=search_term_string"}],"inLanguage":"fr-FR"},{"@type":"Organization","@id":"https:\/\/orthopara.store\/#organization","name":"OrthoPara","url":"https:\/\/orthopara.store\/","logo":{"@type":"ImageObject","inLanguage":"fr-FR","@id":"https:\/\/orthopara.store\/#\/schema\/logo\/image\/","url":"https:\/\/orthopara.store\/wp-content\/uploads\/2024\/06\/cropped-9ABA8BAD-6256-4719-9315-15C66E64E882.png","contentUrl":"https:\/\/orthopara.store\/wp-content\/uploads\/2024\/06\/cropped-9ABA8BAD-6256-4719-9315-15C66E64E882.png","width":240,"height":72,"caption":"OrthoPara"},"image":{"@id":"https:\/\/orthopara.store\/#\/schema\/logo\/image\/"},"sameAs":["https:\/\/www.facebook.com\/profile.php?id=61561194315651","https:\/\/www.instagram.com\/orthopara_tunisie\/"]}]}},"jetpack_sharing_enabled":true,"brands":[{"id":173,"name":"Chicco","slug":"chicco"}],"_links":{"self":[{"href":"https:\/\/orthopara.store\/index.php?rest_route=\/wp\/v2\/product\/1538","targetHints":{"allow":["GET"]}}],"collection":[{"href":"https:\/\/orthopara.store\/index.php?rest_route=\/wp\/v2\/product"}],"about":[{"href":"https:\/\/orthopara.store\/index.php?rest_route=\/wp\/v2\/types\/product"}],"replies":[{"embeddable":true,"href":"https:\/\/orthopara.store\/index.php?rest_route=%2Fwp%2Fv2%2Fcomments&post=1538"}],"wp:featuredmedia":[{"embeddable":true,"href":"https:\/\/orthopara.store\/index.php?rest_route=\/wp\/v2\/media\/1559"}],"wp:attachment":[{"href":"https:\/\/orthopara.store\/index.php?rest_route=%2Fwp%2Fv2%2Fmedia&parent=1538"}],"wp:term":[{"taxonomy":"pwb-brand","embeddable":true,"href":"https:\/\/orthopara.store\/index.php?rest_route=%2Fwp%2Fv2%2Fpwb-brand&post=1538"},{"taxonomy":"product_cat","embeddable":true,"href":"https:\/\/orthopara.store\/index.php?rest_route=%2Fwp%2Fv2%2Fproduct_cat&post=1538"},{"taxonomy":"product_tag","embeddable":true,"href":"https:\/\/orthopara.store\/index.php?rest_route=%2Fwp%2Fv2%2Fproduct_tag&post=1538"}],"curies":[{"name":"wp","href":"https:\/\/api.w.org\/{rel}","templated":true}]}}