{"id":1539,"date":"2024-06-28T15:53:57","date_gmt":"2024-06-28T13:53:57","guid":{"rendered":"https:\/\/orthopara.store\/?post_type=product&#038;p=1539"},"modified":"2024-06-28T15:54:04","modified_gmt":"2024-06-28T13:54:04","slug":"cuillere-en-silicone-souple-chicco-2pcs-6m-fille-et-garcon","status":"publish","type":"product","link":"https:\/\/orthopara.store\/?product=cuillere-en-silicone-souple-chicco-2pcs-6m-fille-et-garcon","title":{"rendered":"Cuill\u00e8re en silicone souple &#8211; Chicco &#8211;  2pcs 6M+ &#8211; fille et gar\u00e7on"},"content":{"rendered":"<p>Douceur et souplesse &#8211; L&#8217;embout en silicone de la cuill\u00e8re garantit un maximum de douceur sur les gencives des b\u00e9b\u00e9s. Les cuill\u00e8res en silicone souple permettent de nourrir les tout-petits plus facilement et plus confortablement sans endommager leurs gencives sensibles.<br \/>\nFacile \u00e0 utiliser &#8211; La forme de l&#8217;embout, la poign\u00e9e ergonomique et la courbure particuli\u00e8re vous permettent de nourrir votre enfant de la mani\u00e8re la plus simple et la plus appropri\u00e9e.<br \/>\nHygi\u00e8ne &#8211; L&#8217;embout reste sur\u00e9lev\u00e9 de la table une fois pos\u00e9, assurant une meilleure hygi\u00e8ne.<br \/>\nLongue poign\u00e9e &#8211; La longue poign\u00e9e ergonomique facilite la prise et le mouvement pendant l&rsquo;alimentation.<br \/>\nSans BPA &#8211; La cuill\u00e8re est sans BPA, fabriqu\u00e9e avec des mat\u00e9riaux non toxiques et sans danger pour les b\u00e9b\u00e9s.<\/p>\n<p>Sp\u00e9cifications du produit :\u00a0<br \/>\nDimension du produit : 24 x 10 x 30<br \/>\nPoids du produit : 79 g<br \/>\nContenu du produit : 2 cuill\u00e8res souples<\/p>\n","protected":false},"excerpt":{"rendered":"<p>Premi\u00e8re cuill\u00e8re \u00e9tudi\u00e9e pour le d\u00e9but du sevrage. Embout en silicone souple et flexible, doux pour les gencives de b\u00e9b\u00e9. L&#8217;embout de la cuill\u00e8re est relev\u00e9 de la table, Manche long et ergonomique. Elle est agr\u00e9able \u00e0 tenir et pratique \u00e0 utiliser. C&rsquo;est une offre pour les b\u00e9b\u00e9s de 6 mois et plus.<\/p>\n","protected":false},"featured_media":1560,"comment_status":"open","ping_status":"closed","template":"","meta":[],"pwb-brand":[173],"product_cat":[179],"product_tag":[],"class_list":{"0":"post-1539","1":"product","2":"type-product","3":"status-publish","4":"has-post-thumbnail","6":"pwb-brand-chicco","7":"product_cat-vaisselles-de-bebe","8":"post","9":"ws-product--style-1","11":"first","12":"instock","13":"shipping-taxable","14":"purchasable","15":"product-type-simple"},"yoast_head":"<!-- This site is optimized with the Yoast SEO plugin v23.0 - https:\/\/yoast.com\/wordpress\/plugins\/seo\/ -->\n<title>Cuill\u00e8re en silicone souple - Chicco - 2pcs 6M+ - fille et gar\u00e7on - OrthoPara<\/title>\n<meta name=\"robots\" content=\"index, follow, max-snippet:-1, max-image-preview:large, max-video-preview:-1\" \/>\n<link rel=\"canonical\" href=\"https:\/\/orthopara.store\/index.php\/produit\/cuillere-en-silicone-souple-chicco-2pcs-6m-fille-et-garcon\/\" \/>\n<meta property=\"og:locale\" content=\"fr_FR\" \/>\n<meta property=\"og:type\" content=\"article\" \/>\n<meta property=\"og:title\" content=\"Cuill\u00e8re en silicone souple - Chicco - 2pcs 6M+ - fille et gar\u00e7on - OrthoPara\" \/>\n<meta property=\"og:description\" content=\"Premi\u00e8re cuill\u00e8re \u00e9tudi\u00e9e pour le d\u00e9but du sevrage. Embout en silicone souple et flexible, doux pour les gencives de b\u00e9b\u00e9. L&#039;embout de la cuill\u00e8re est relev\u00e9 de la table, Manche long et ergonomique. Elle est agr\u00e9able \u00e0 tenir et pratique \u00e0 utiliser. C&#039;est une offre pour les b\u00e9b\u00e9s de 6 mois et plus.\" \/>\n<meta property=\"og:url\" content=\"https:\/\/orthopara.store\/index.php\/produit\/cuillere-en-silicone-souple-chicco-2pcs-6m-fille-et-garcon\/\" \/>\n<meta property=\"og:site_name\" content=\"OrthoPara\" \/>\n<meta property=\"article:publisher\" content=\"https:\/\/www.facebook.com\/profile.php?id=61561194315651\" \/>\n<meta property=\"article:modified_time\" content=\"2024-06-28T13:54:04+00:00\" \/>\n<meta property=\"og:image\" content=\"https:\/\/orthopara.store\/wp-content\/uploads\/2024\/06\/cuillere-en-silicone-souple-chicco-2pcs-6m-fille-et-garcon.jpg\" \/>\n\t<meta property=\"og:image:width\" content=\"800\" \/>\n\t<meta property=\"og:image:height\" content=\"800\" \/>\n\t<meta property=\"og:image:type\" content=\"image\/jpeg\" \/>\n<meta name=\"twitter:card\" content=\"summary_large_image\" \/>\n<meta name=\"twitter:label1\" content=\"Dur\u00e9e de lecture estim\u00e9e\" \/>\n\t<meta name=\"twitter:data1\" content=\"1 minute\" \/>\n<script type=\"application\/ld+json\" class=\"yoast-schema-graph\">{\"@context\":\"https:\/\/schema.org\",\"@graph\":[{\"@type\":\"WebPage\",\"@id\":\"https:\/\/orthopara.store\/index.php\/produit\/cuillere-en-silicone-souple-chicco-2pcs-6m-fille-et-garcon\/\",\"url\":\"https:\/\/orthopara.store\/index.php\/produit\/cuillere-en-silicone-souple-chicco-2pcs-6m-fille-et-garcon\/\",\"name\":\"Cuill\u00e8re en silicone souple - Chicco - 2pcs 6M+ - fille et gar\u00e7on - OrthoPara\",\"isPartOf\":{\"@id\":\"https:\/\/orthopara.store\/#website\"},\"primaryImageOfPage\":{\"@id\":\"https:\/\/orthopara.store\/index.php\/produit\/cuillere-en-silicone-souple-chicco-2pcs-6m-fille-et-garcon\/#primaryimage\"},\"image\":{\"@id\":\"https:\/\/orthopara.store\/index.php\/produit\/cuillere-en-silicone-souple-chicco-2pcs-6m-fille-et-garcon\/#primaryimage\"},\"thumbnailUrl\":\"https:\/\/orthopara.store\/wp-content\/uploads\/2024\/06\/cuillere-en-silicone-souple-chicco-2pcs-6m-fille-et-garcon.jpg\",\"datePublished\":\"2024-06-28T13:53:57+00:00\",\"dateModified\":\"2024-06-28T13:54:04+00:00\",\"breadcrumb\":{\"@id\":\"https:\/\/orthopara.store\/index.php\/produit\/cuillere-en-silicone-souple-chicco-2pcs-6m-fille-et-garcon\/#breadcrumb\"},\"inLanguage\":\"fr-FR\",\"potentialAction\":[{\"@type\":\"ReadAction\",\"target\":[\"https:\/\/orthopara.store\/index.php\/produit\/cuillere-en-silicone-souple-chicco-2pcs-6m-fille-et-garcon\/\"]}]},{\"@type\":\"ImageObject\",\"inLanguage\":\"fr-FR\",\"@id\":\"https:\/\/orthopara.store\/index.php\/produit\/cuillere-en-silicone-souple-chicco-2pcs-6m-fille-et-garcon\/#primaryimage\",\"url\":\"https:\/\/orthopara.store\/wp-content\/uploads\/2024\/06\/cuillere-en-silicone-souple-chicco-2pcs-6m-fille-et-garcon.jpg\",\"contentUrl\":\"https:\/\/orthopara.store\/wp-content\/uploads\/2024\/06\/cuillere-en-silicone-souple-chicco-2pcs-6m-fille-et-garcon.jpg\",\"width\":800,\"height\":800},{\"@type\":\"BreadcrumbList\",\"@id\":\"https:\/\/orthopara.store\/index.php\/produit\/cuillere-en-silicone-souple-chicco-2pcs-6m-fille-et-garcon\/#breadcrumb\",\"itemListElement\":[{\"@type\":\"ListItem\",\"position\":1,\"name\":\"Accueil\",\"item\":\"https:\/\/orthopara.store\/\"},{\"@type\":\"ListItem\",\"position\":2,\"name\":\"Shop\",\"item\":\"https:\/\/orthopara.store\/?page_id=622\"},{\"@type\":\"ListItem\",\"position\":3,\"name\":\"Cuill\u00e8re en silicone souple &#8211; Chicco &#8211; 2pcs 6M+ &#8211; fille et gar\u00e7on\"}]},{\"@type\":\"WebSite\",\"@id\":\"https:\/\/orthopara.store\/#website\",\"url\":\"https:\/\/orthopara.store\/\",\"name\":\"OrthoPara\",\"description\":\"Parapharmacie\",\"publisher\":{\"@id\":\"https:\/\/orthopara.store\/#organization\"},\"potentialAction\":[{\"@type\":\"SearchAction\",\"target\":{\"@type\":\"EntryPoint\",\"urlTemplate\":\"https:\/\/orthopara.store\/?s={search_term_string}\"},\"query-input\":\"required name=search_term_string\"}],\"inLanguage\":\"fr-FR\"},{\"@type\":\"Organization\",\"@id\":\"https:\/\/orthopara.store\/#organization\",\"name\":\"OrthoPara\",\"url\":\"https:\/\/orthopara.store\/\",\"logo\":{\"@type\":\"ImageObject\",\"inLanguage\":\"fr-FR\",\"@id\":\"https:\/\/orthopara.store\/#\/schema\/logo\/image\/\",\"url\":\"https:\/\/orthopara.store\/wp-content\/uploads\/2024\/06\/cropped-9ABA8BAD-6256-4719-9315-15C66E64E882.png\",\"contentUrl\":\"https:\/\/orthopara.store\/wp-content\/uploads\/2024\/06\/cropped-9ABA8BAD-6256-4719-9315-15C66E64E882.png\",\"width\":240,\"height\":72,\"caption\":\"OrthoPara\"},\"image\":{\"@id\":\"https:\/\/orthopara.store\/#\/schema\/logo\/image\/\"},\"sameAs\":[\"https:\/\/www.facebook.com\/profile.php?id=61561194315651\",\"https:\/\/www.instagram.com\/orthopara_tunisie\/\"]}]}<\/script>\n<!-- \/ Yoast SEO plugin. -->","yoast_head_json":{"title":"Cuill\u00e8re en silicone souple - Chicco - 2pcs 6M+ - fille et gar\u00e7on - OrthoPara","robots":{"index":"index","follow":"follow","max-snippet":"max-snippet:-1","max-image-preview":"max-image-preview:large","max-video-preview":"max-video-preview:-1"},"canonical":"https:\/\/orthopara.store\/index.php\/produit\/cuillere-en-silicone-souple-chicco-2pcs-6m-fille-et-garcon\/","og_locale":"fr_FR","og_type":"article","og_title":"Cuill\u00e8re en silicone souple - Chicco - 2pcs 6M+ - fille et gar\u00e7on - OrthoPara","og_description":"Premi\u00e8re cuill\u00e8re \u00e9tudi\u00e9e pour le d\u00e9but du sevrage. Embout en silicone souple et flexible, doux pour les gencives de b\u00e9b\u00e9. L'embout de la cuill\u00e8re est relev\u00e9 de la table, Manche long et ergonomique. Elle est agr\u00e9able \u00e0 tenir et pratique \u00e0 utiliser. C'est une offre pour les b\u00e9b\u00e9s de 6 mois et plus.","og_url":"https:\/\/orthopara.store\/index.php\/produit\/cuillere-en-silicone-souple-chicco-2pcs-6m-fille-et-garcon\/","og_site_name":"OrthoPara","article_publisher":"https:\/\/www.facebook.com\/profile.php?id=61561194315651","article_modified_time":"2024-06-28T13:54:04+00:00","og_image":[{"width":800,"height":800,"url":"https:\/\/orthopara.store\/wp-content\/uploads\/2024\/06\/cuillere-en-silicone-souple-chicco-2pcs-6m-fille-et-garcon.jpg","type":"image\/jpeg"}],"twitter_card":"summary_large_image","twitter_misc":{"Dur\u00e9e de lecture estim\u00e9e":"1 minute"},"schema":{"@context":"https:\/\/schema.org","@graph":[{"@type":"WebPage","@id":"https:\/\/orthopara.store\/index.php\/produit\/cuillere-en-silicone-souple-chicco-2pcs-6m-fille-et-garcon\/","url":"https:\/\/orthopara.store\/index.php\/produit\/cuillere-en-silicone-souple-chicco-2pcs-6m-fille-et-garcon\/","name":"Cuill\u00e8re en silicone souple - Chicco - 2pcs 6M+ - fille et gar\u00e7on - OrthoPara","isPartOf":{"@id":"https:\/\/orthopara.store\/#website"},"primaryImageOfPage":{"@id":"https:\/\/orthopara.store\/index.php\/produit\/cuillere-en-silicone-souple-chicco-2pcs-6m-fille-et-garcon\/#primaryimage"},"image":{"@id":"https:\/\/orthopara.store\/index.php\/produit\/cuillere-en-silicone-souple-chicco-2pcs-6m-fille-et-garcon\/#primaryimage"},"thumbnailUrl":"https:\/\/orthopara.store\/wp-content\/uploads\/2024\/06\/cuillere-en-silicone-souple-chicco-2pcs-6m-fille-et-garcon.jpg","datePublished":"2024-06-28T13:53:57+00:00","dateModified":"2024-06-28T13:54:04+00:00","breadcrumb":{"@id":"https:\/\/orthopara.store\/index.php\/produit\/cuillere-en-silicone-souple-chicco-2pcs-6m-fille-et-garcon\/#breadcrumb"},"inLanguage":"fr-FR","potentialAction":[{"@type":"ReadAction","target":["https:\/\/orthopara.store\/index.php\/produit\/cuillere-en-silicone-souple-chicco-2pcs-6m-fille-et-garcon\/"]}]},{"@type":"ImageObject","inLanguage":"fr-FR","@id":"https:\/\/orthopara.store\/index.php\/produit\/cuillere-en-silicone-souple-chicco-2pcs-6m-fille-et-garcon\/#primaryimage","url":"https:\/\/orthopara.store\/wp-content\/uploads\/2024\/06\/cuillere-en-silicone-souple-chicco-2pcs-6m-fille-et-garcon.jpg","contentUrl":"https:\/\/orthopara.store\/wp-content\/uploads\/2024\/06\/cuillere-en-silicone-souple-chicco-2pcs-6m-fille-et-garcon.jpg","width":800,"height":800},{"@type":"BreadcrumbList","@id":"https:\/\/orthopara.store\/index.php\/produit\/cuillere-en-silicone-souple-chicco-2pcs-6m-fille-et-garcon\/#breadcrumb","itemListElement":[{"@type":"ListItem","position":1,"name":"Accueil","item":"https:\/\/orthopara.store\/"},{"@type":"ListItem","position":2,"name":"Shop","item":"https:\/\/orthopara.store\/?page_id=622"},{"@type":"ListItem","position":3,"name":"Cuill\u00e8re en silicone souple &#8211; Chicco &#8211; 2pcs 6M+ &#8211; fille et gar\u00e7on"}]},{"@type":"WebSite","@id":"https:\/\/orthopara.store\/#website","url":"https:\/\/orthopara.store\/","name":"OrthoPara","description":"Parapharmacie","publisher":{"@id":"https:\/\/orthopara.store\/#organization"},"potentialAction":[{"@type":"SearchAction","target":{"@type":"EntryPoint","urlTemplate":"https:\/\/orthopara.store\/?s={search_term_string}"},"query-input":"required name=search_term_string"}],"inLanguage":"fr-FR"},{"@type":"Organization","@id":"https:\/\/orthopara.store\/#organization","name":"OrthoPara","url":"https:\/\/orthopara.store\/","logo":{"@type":"ImageObject","inLanguage":"fr-FR","@id":"https:\/\/orthopara.store\/#\/schema\/logo\/image\/","url":"https:\/\/orthopara.store\/wp-content\/uploads\/2024\/06\/cropped-9ABA8BAD-6256-4719-9315-15C66E64E882.png","contentUrl":"https:\/\/orthopara.store\/wp-content\/uploads\/2024\/06\/cropped-9ABA8BAD-6256-4719-9315-15C66E64E882.png","width":240,"height":72,"caption":"OrthoPara"},"image":{"@id":"https:\/\/orthopara.store\/#\/schema\/logo\/image\/"},"sameAs":["https:\/\/www.facebook.com\/profile.php?id=61561194315651","https:\/\/www.instagram.com\/orthopara_tunisie\/"]}]}},"jetpack_sharing_enabled":true,"brands":[{"id":173,"name":"Chicco","slug":"chicco"}],"_links":{"self":[{"href":"https:\/\/orthopara.store\/index.php?rest_route=\/wp\/v2\/product\/1539","targetHints":{"allow":["GET"]}}],"collection":[{"href":"https:\/\/orthopara.store\/index.php?rest_route=\/wp\/v2\/product"}],"about":[{"href":"https:\/\/orthopara.store\/index.php?rest_route=\/wp\/v2\/types\/product"}],"replies":[{"embeddable":true,"href":"https:\/\/orthopara.store\/index.php?rest_route=%2Fwp%2Fv2%2Fcomments&post=1539"}],"wp:featuredmedia":[{"embeddable":true,"href":"https:\/\/orthopara.store\/index.php?rest_route=\/wp\/v2\/media\/1560"}],"wp:attachment":[{"href":"https:\/\/orthopara.store\/index.php?rest_route=%2Fwp%2Fv2%2Fmedia&parent=1539"}],"wp:term":[{"taxonomy":"pwb-brand","embeddable":true,"href":"https:\/\/orthopara.store\/index.php?rest_route=%2Fwp%2Fv2%2Fpwb-brand&post=1539"},{"taxonomy":"product_cat","embeddable":true,"href":"https:\/\/orthopara.store\/index.php?rest_route=%2Fwp%2Fv2%2Fproduct_cat&post=1539"},{"taxonomy":"product_tag","embeddable":true,"href":"https:\/\/orthopara.store\/index.php?rest_route=%2Fwp%2Fv2%2Fproduct_tag&post=1539"}],"curies":[{"name":"wp","href":"https:\/\/api.w.org\/{rel}","templated":true}]}}