{"id":1543,"date":"2024-06-28T15:53:57","date_gmt":"2024-06-28T13:53:57","guid":{"rendered":"https:\/\/orthopara.store\/?post_type=product&#038;p=1543"},"modified":"2024-11-07T09:44:08","modified_gmt":"2024-11-07T08:44:08","slug":"brosse-a-dents-en-silicone-canpol-babies-0m","status":"publish","type":"product","link":"https:\/\/orthopara.store\/?product=brosse-a-dents-en-silicone-canpol-babies-0m","title":{"rendered":"Brosse \u00e0 dents en silicone &#8211; Canpol Babies &#8211; 0m+"},"content":{"rendered":"<p>Brosse \u00e0 dents en silicone &#8211; Canpol Babies &#8211; 0m+<br \/>\nId\u00e9al pour les plus jeunes enfants. Fabriqu\u00e9 en silicone doux et s\u00fbr, il n&rsquo;irrite pas les gencives d\u00e9licates des b\u00e9b\u00e9s et garantit un nettoyage en profondeur des premi\u00e8res dents. Une but\u00e9e sp\u00e9ciale emp\u00eache la brosse d&rsquo;\u00eatre enfonc\u00e9e trop profond\u00e9ment dans la bouche. Pour les enfants qui n&rsquo;ont pas encore de dents, la brosse \u00e0 dents peut \u00eatre utilis\u00e9e comme anneau de dentition, pour le massage et l&rsquo;hygi\u00e8ne quotidienne des gencives. Le refroidissement au r\u00e9frig\u00e9rateur avant<\/p>\n<p>Caract\u00e9ristiques :<br \/>\nAvec anneau de dentition et bouclier pour gencives et premi\u00e8res dents<br \/>\nParfait pour d\u00e9buter l&rsquo;aventure du brossage pour les plus jeunes.<br \/>\nFabriqu\u00e9 en silicone doux et s\u00fbr, il n&rsquo;irrite pas les gencives d\u00e9licates des b\u00e9b\u00e9s et garantit un nettoyage en profondeur des premi\u00e8res dents.<br \/>\nUn bouclier sp\u00e9cial emp\u00eache la brosse d&rsquo;\u00eatre enfonc\u00e9e trop profond\u00e9ment dans la bouche de l&rsquo;enfant.<br \/>\nChez les enfants qui n&rsquo;ont pas encore de dents, la brosse \u00e0 dents peut \u00eatre utilis\u00e9e comme anneau de dentition, pour le massage et l&rsquo;hygi\u00e8ne quotidienne des gencives.<br \/>\nLe refroidissement au r\u00e9frig\u00e9rateur avant utilisation apportera un soulagement pendant une p\u00e9riode de dentition.<br \/>\nDisponible en Bleu, Rose<\/p>\n<p>Conseils d&rsquo;utilisation :<br \/>\nGardez votre brosse \u00e0 dents propre. D\u00e9sinfecter \u00e0 l&rsquo;eau bouillante pendant 5 minutes avant chaque utilisation. Lavez soigneusement la brosse apr\u00e8s utilisation et rincez. Passe au lave-vaisselle (max. 65\u00b0C). Le produit peut \u00eatre d\u00e9sinfect\u00e9 dans un st\u00e9rilisateur \u00e0 vapeur. V\u00e9rifiez le produit avant chaque utilisation. Jeter au premier signe de dommage ou d&rsquo;usure. Utilisez toujours le produit sous la surveillance d&rsquo;un adulte.<br \/>\nAttention! Le produit n&rsquo;est pas un jouet. Garder hors de la port\u00e9e des enfants.\u00a0<\/p>\n","protected":false},"excerpt":{"rendered":"<p>Canpol Babies<br \/>\nBrosse \u00e0 dents en silicone<br \/>\nAvec anneau de dentition et bouclier pour gencives et premi\u00e8res dents<br \/>\nParfait pour d\u00e9buter l&rsquo;aventure du brossage pour les plus jeunes.<br \/>\nDisponible en Bleu, Rose<\/p>\n","protected":false},"featured_media":1564,"comment_status":"open","ping_status":"closed","template":"","meta":[],"pwb-brand":[174],"product_cat":[180],"product_tag":[],"class_list":{"0":"post-1543","1":"product","2":"type-product","3":"status-publish","4":"has-post-thumbnail","6":"pwb-brand-canpol-babies","7":"product_cat-anneaux-de-dentitions","8":"post","9":"ws-product--style-1","11":"first","12":"instock","13":"shipping-taxable","14":"purchasable","15":"product-type-simple"},"yoast_head":"<!-- This site is optimized with the Yoast SEO plugin v23.0 - https:\/\/yoast.com\/wordpress\/plugins\/seo\/ -->\n<title>Brosse \u00e0 dents en silicone - Canpol Babies - 0m+ - OrthoPara<\/title>\n<meta name=\"robots\" content=\"index, follow, max-snippet:-1, max-image-preview:large, max-video-preview:-1\" \/>\n<link rel=\"canonical\" href=\"https:\/\/orthopara.store\/index.php\/produit\/brosse-a-dents-en-silicone-canpol-babies-0m\/\" \/>\n<meta property=\"og:locale\" content=\"fr_FR\" \/>\n<meta property=\"og:type\" content=\"article\" \/>\n<meta property=\"og:title\" content=\"Brosse \u00e0 dents en silicone - Canpol Babies - 0m+ - OrthoPara\" \/>\n<meta property=\"og:description\" content=\"Canpol Babies Brosse \u00e0 dents en silicone Avec anneau de dentition et bouclier pour gencives et premi\u00e8res dents Parfait pour d\u00e9buter l&#039;aventure du brossage pour les plus jeunes. Disponible en Bleu, Rose\" \/>\n<meta property=\"og:url\" content=\"https:\/\/orthopara.store\/index.php\/produit\/brosse-a-dents-en-silicone-canpol-babies-0m\/\" \/>\n<meta property=\"og:site_name\" content=\"OrthoPara\" \/>\n<meta property=\"article:publisher\" content=\"https:\/\/www.facebook.com\/profile.php?id=61561194315651\" \/>\n<meta property=\"article:modified_time\" content=\"2024-11-07T08:44:08+00:00\" \/>\n<meta property=\"og:image\" content=\"https:\/\/orthopara.store\/wp-content\/uploads\/2024\/06\/brosse-a-dents-en-silicone-canpol-babies-0m.jpg\" \/>\n\t<meta property=\"og:image:width\" content=\"800\" \/>\n\t<meta property=\"og:image:height\" content=\"800\" \/>\n\t<meta property=\"og:image:type\" content=\"image\/jpeg\" \/>\n<meta name=\"twitter:card\" content=\"summary_large_image\" \/>\n<meta name=\"twitter:label1\" content=\"Dur\u00e9e de lecture estim\u00e9e\" \/>\n\t<meta name=\"twitter:data1\" content=\"2 minutes\" \/>\n<script type=\"application\/ld+json\" class=\"yoast-schema-graph\">{\"@context\":\"https:\/\/schema.org\",\"@graph\":[{\"@type\":\"WebPage\",\"@id\":\"https:\/\/orthopara.store\/index.php\/produit\/brosse-a-dents-en-silicone-canpol-babies-0m\/\",\"url\":\"https:\/\/orthopara.store\/index.php\/produit\/brosse-a-dents-en-silicone-canpol-babies-0m\/\",\"name\":\"Brosse \u00e0 dents en silicone - Canpol Babies - 0m+ - OrthoPara\",\"isPartOf\":{\"@id\":\"https:\/\/orthopara.store\/#website\"},\"primaryImageOfPage\":{\"@id\":\"https:\/\/orthopara.store\/index.php\/produit\/brosse-a-dents-en-silicone-canpol-babies-0m\/#primaryimage\"},\"image\":{\"@id\":\"https:\/\/orthopara.store\/index.php\/produit\/brosse-a-dents-en-silicone-canpol-babies-0m\/#primaryimage\"},\"thumbnailUrl\":\"https:\/\/orthopara.store\/wp-content\/uploads\/2024\/06\/brosse-a-dents-en-silicone-canpol-babies-0m.jpg\",\"datePublished\":\"2024-06-28T13:53:57+00:00\",\"dateModified\":\"2024-11-07T08:44:08+00:00\",\"breadcrumb\":{\"@id\":\"https:\/\/orthopara.store\/index.php\/produit\/brosse-a-dents-en-silicone-canpol-babies-0m\/#breadcrumb\"},\"inLanguage\":\"fr-FR\",\"potentialAction\":[{\"@type\":\"ReadAction\",\"target\":[\"https:\/\/orthopara.store\/index.php\/produit\/brosse-a-dents-en-silicone-canpol-babies-0m\/\"]}]},{\"@type\":\"ImageObject\",\"inLanguage\":\"fr-FR\",\"@id\":\"https:\/\/orthopara.store\/index.php\/produit\/brosse-a-dents-en-silicone-canpol-babies-0m\/#primaryimage\",\"url\":\"https:\/\/orthopara.store\/wp-content\/uploads\/2024\/06\/brosse-a-dents-en-silicone-canpol-babies-0m.jpg\",\"contentUrl\":\"https:\/\/orthopara.store\/wp-content\/uploads\/2024\/06\/brosse-a-dents-en-silicone-canpol-babies-0m.jpg\",\"width\":800,\"height\":800},{\"@type\":\"BreadcrumbList\",\"@id\":\"https:\/\/orthopara.store\/index.php\/produit\/brosse-a-dents-en-silicone-canpol-babies-0m\/#breadcrumb\",\"itemListElement\":[{\"@type\":\"ListItem\",\"position\":1,\"name\":\"Accueil\",\"item\":\"https:\/\/orthopara.store\/\"},{\"@type\":\"ListItem\",\"position\":2,\"name\":\"Shop\",\"item\":\"https:\/\/orthopara.store\/?page_id=622\"},{\"@type\":\"ListItem\",\"position\":3,\"name\":\"Brosse \u00e0 dents en silicone &#8211; Canpol Babies &#8211; 0m+\"}]},{\"@type\":\"WebSite\",\"@id\":\"https:\/\/orthopara.store\/#website\",\"url\":\"https:\/\/orthopara.store\/\",\"name\":\"OrthoPara\",\"description\":\"Parapharmacie\",\"publisher\":{\"@id\":\"https:\/\/orthopara.store\/#organization\"},\"potentialAction\":[{\"@type\":\"SearchAction\",\"target\":{\"@type\":\"EntryPoint\",\"urlTemplate\":\"https:\/\/orthopara.store\/?s={search_term_string}\"},\"query-input\":\"required name=search_term_string\"}],\"inLanguage\":\"fr-FR\"},{\"@type\":\"Organization\",\"@id\":\"https:\/\/orthopara.store\/#organization\",\"name\":\"OrthoPara\",\"url\":\"https:\/\/orthopara.store\/\",\"logo\":{\"@type\":\"ImageObject\",\"inLanguage\":\"fr-FR\",\"@id\":\"https:\/\/orthopara.store\/#\/schema\/logo\/image\/\",\"url\":\"https:\/\/orthopara.store\/wp-content\/uploads\/2024\/06\/cropped-9ABA8BAD-6256-4719-9315-15C66E64E882.png\",\"contentUrl\":\"https:\/\/orthopara.store\/wp-content\/uploads\/2024\/06\/cropped-9ABA8BAD-6256-4719-9315-15C66E64E882.png\",\"width\":240,\"height\":72,\"caption\":\"OrthoPara\"},\"image\":{\"@id\":\"https:\/\/orthopara.store\/#\/schema\/logo\/image\/\"},\"sameAs\":[\"https:\/\/www.facebook.com\/profile.php?id=61561194315651\",\"https:\/\/www.instagram.com\/orthopara_tunisie\/\"]}]}<\/script>\n<!-- \/ Yoast SEO plugin. -->","yoast_head_json":{"title":"Brosse \u00e0 dents en silicone - Canpol Babies - 0m+ - OrthoPara","robots":{"index":"index","follow":"follow","max-snippet":"max-snippet:-1","max-image-preview":"max-image-preview:large","max-video-preview":"max-video-preview:-1"},"canonical":"https:\/\/orthopara.store\/index.php\/produit\/brosse-a-dents-en-silicone-canpol-babies-0m\/","og_locale":"fr_FR","og_type":"article","og_title":"Brosse \u00e0 dents en silicone - Canpol Babies - 0m+ - OrthoPara","og_description":"Canpol Babies Brosse \u00e0 dents en silicone Avec anneau de dentition et bouclier pour gencives et premi\u00e8res dents Parfait pour d\u00e9buter l'aventure du brossage pour les plus jeunes. Disponible en Bleu, Rose","og_url":"https:\/\/orthopara.store\/index.php\/produit\/brosse-a-dents-en-silicone-canpol-babies-0m\/","og_site_name":"OrthoPara","article_publisher":"https:\/\/www.facebook.com\/profile.php?id=61561194315651","article_modified_time":"2024-11-07T08:44:08+00:00","og_image":[{"width":800,"height":800,"url":"https:\/\/orthopara.store\/wp-content\/uploads\/2024\/06\/brosse-a-dents-en-silicone-canpol-babies-0m.jpg","type":"image\/jpeg"}],"twitter_card":"summary_large_image","twitter_misc":{"Dur\u00e9e de lecture estim\u00e9e":"2 minutes"},"schema":{"@context":"https:\/\/schema.org","@graph":[{"@type":"WebPage","@id":"https:\/\/orthopara.store\/index.php\/produit\/brosse-a-dents-en-silicone-canpol-babies-0m\/","url":"https:\/\/orthopara.store\/index.php\/produit\/brosse-a-dents-en-silicone-canpol-babies-0m\/","name":"Brosse \u00e0 dents en silicone - Canpol Babies - 0m+ - OrthoPara","isPartOf":{"@id":"https:\/\/orthopara.store\/#website"},"primaryImageOfPage":{"@id":"https:\/\/orthopara.store\/index.php\/produit\/brosse-a-dents-en-silicone-canpol-babies-0m\/#primaryimage"},"image":{"@id":"https:\/\/orthopara.store\/index.php\/produit\/brosse-a-dents-en-silicone-canpol-babies-0m\/#primaryimage"},"thumbnailUrl":"https:\/\/orthopara.store\/wp-content\/uploads\/2024\/06\/brosse-a-dents-en-silicone-canpol-babies-0m.jpg","datePublished":"2024-06-28T13:53:57+00:00","dateModified":"2024-11-07T08:44:08+00:00","breadcrumb":{"@id":"https:\/\/orthopara.store\/index.php\/produit\/brosse-a-dents-en-silicone-canpol-babies-0m\/#breadcrumb"},"inLanguage":"fr-FR","potentialAction":[{"@type":"ReadAction","target":["https:\/\/orthopara.store\/index.php\/produit\/brosse-a-dents-en-silicone-canpol-babies-0m\/"]}]},{"@type":"ImageObject","inLanguage":"fr-FR","@id":"https:\/\/orthopara.store\/index.php\/produit\/brosse-a-dents-en-silicone-canpol-babies-0m\/#primaryimage","url":"https:\/\/orthopara.store\/wp-content\/uploads\/2024\/06\/brosse-a-dents-en-silicone-canpol-babies-0m.jpg","contentUrl":"https:\/\/orthopara.store\/wp-content\/uploads\/2024\/06\/brosse-a-dents-en-silicone-canpol-babies-0m.jpg","width":800,"height":800},{"@type":"BreadcrumbList","@id":"https:\/\/orthopara.store\/index.php\/produit\/brosse-a-dents-en-silicone-canpol-babies-0m\/#breadcrumb","itemListElement":[{"@type":"ListItem","position":1,"name":"Accueil","item":"https:\/\/orthopara.store\/"},{"@type":"ListItem","position":2,"name":"Shop","item":"https:\/\/orthopara.store\/?page_id=622"},{"@type":"ListItem","position":3,"name":"Brosse \u00e0 dents en silicone &#8211; Canpol Babies &#8211; 0m+"}]},{"@type":"WebSite","@id":"https:\/\/orthopara.store\/#website","url":"https:\/\/orthopara.store\/","name":"OrthoPara","description":"Parapharmacie","publisher":{"@id":"https:\/\/orthopara.store\/#organization"},"potentialAction":[{"@type":"SearchAction","target":{"@type":"EntryPoint","urlTemplate":"https:\/\/orthopara.store\/?s={search_term_string}"},"query-input":"required name=search_term_string"}],"inLanguage":"fr-FR"},{"@type":"Organization","@id":"https:\/\/orthopara.store\/#organization","name":"OrthoPara","url":"https:\/\/orthopara.store\/","logo":{"@type":"ImageObject","inLanguage":"fr-FR","@id":"https:\/\/orthopara.store\/#\/schema\/logo\/image\/","url":"https:\/\/orthopara.store\/wp-content\/uploads\/2024\/06\/cropped-9ABA8BAD-6256-4719-9315-15C66E64E882.png","contentUrl":"https:\/\/orthopara.store\/wp-content\/uploads\/2024\/06\/cropped-9ABA8BAD-6256-4719-9315-15C66E64E882.png","width":240,"height":72,"caption":"OrthoPara"},"image":{"@id":"https:\/\/orthopara.store\/#\/schema\/logo\/image\/"},"sameAs":["https:\/\/www.facebook.com\/profile.php?id=61561194315651","https:\/\/www.instagram.com\/orthopara_tunisie\/"]}]}},"jetpack_sharing_enabled":true,"brands":[{"id":174,"name":"Canpol babies","slug":"canpol-babies"}],"_links":{"self":[{"href":"https:\/\/orthopara.store\/index.php?rest_route=\/wp\/v2\/product\/1543","targetHints":{"allow":["GET"]}}],"collection":[{"href":"https:\/\/orthopara.store\/index.php?rest_route=\/wp\/v2\/product"}],"about":[{"href":"https:\/\/orthopara.store\/index.php?rest_route=\/wp\/v2\/types\/product"}],"replies":[{"embeddable":true,"href":"https:\/\/orthopara.store\/index.php?rest_route=%2Fwp%2Fv2%2Fcomments&post=1543"}],"wp:featuredmedia":[{"embeddable":true,"href":"https:\/\/orthopara.store\/index.php?rest_route=\/wp\/v2\/media\/1564"}],"wp:attachment":[{"href":"https:\/\/orthopara.store\/index.php?rest_route=%2Fwp%2Fv2%2Fmedia&parent=1543"}],"wp:term":[{"taxonomy":"pwb-brand","embeddable":true,"href":"https:\/\/orthopara.store\/index.php?rest_route=%2Fwp%2Fv2%2Fpwb-brand&post=1543"},{"taxonomy":"product_cat","embeddable":true,"href":"https:\/\/orthopara.store\/index.php?rest_route=%2Fwp%2Fv2%2Fproduct_cat&post=1543"},{"taxonomy":"product_tag","embeddable":true,"href":"https:\/\/orthopara.store\/index.php?rest_route=%2Fwp%2Fv2%2Fproduct_tag&post=1543"}],"curies":[{"name":"wp","href":"https:\/\/api.w.org\/{rel}","templated":true}]}}