{"id":1570,"date":"2024-06-28T15:54:09","date_gmt":"2024-06-28T13:54:09","guid":{"rendered":"https:\/\/orthopara.store\/?post_type=product&#038;p=1570"},"modified":"2024-11-07T09:25:00","modified_gmt":"2024-11-07T08:25:00","slug":"bb-shampooing-demelant-klorane-200-ml","status":"publish","type":"product","link":"https:\/\/orthopara.store\/?product=bb-shampooing-demelant-klorane-200-ml","title":{"rendered":"BB shampooing DEMELANT &#8211; Klorane &#8211; 200 ML"},"content":{"rendered":"<p>BB shampooing DEMELANT &#8211; Klorane &#8211; 200 ML<br \/>\nLe Shampooing doux d\u00e9m\u00ealant KLORANE b\u00e9b\u00e9 lave et d\u00e9m\u00eale en douceur les cheveux d\u00e9licats de votre b\u00e9b\u00e9.\u00a0<br \/>\nUsage fr\u00e9quent<br \/>\nRespecte l&rsquo;\u00e9quilibre fragile du cuir chevelu et celui des cheveux fins de b\u00e9b\u00e9.<br \/>\nFacilite le d\u00e9m\u00ealage des cheveux fins.<br \/>\nN&rsquo;irrite pas les yeux.<br \/>\nNe pique pas les yeux.<br \/>\nHypoallerg\u00e9nique.<br \/>\nTest\u00e9 sous contr\u00f4le dermatologique et p\u00e9diatrique.<br \/>\nSANS PARABEN<\/p>\n<p>Conseil d&rsquo;utilisation :\u00a0<br \/>\nLors du bain quotidien, appliquez un peu de Shampooing doux d\u00e9m\u00ealant KLORANE b\u00e9b\u00e9 sur les cheveux mouill\u00e9s de votre b\u00e9b\u00e9, massez l\u00e9g\u00e8rement pour faire mousser, rincez abondamment \u00e0 l&rsquo;eau claire.<\/p>\n<p>Composition :\u00a0<br \/>\naqua, sodium laureth sulfate, ceteareth-60, myristyl glycol, zinc coceth sulfate, coco glucoside, polysorbate 20, sodium cocoamphoacetate, methyl gluceth-20, benzoic acid, calendula officinalis flower extract, citric acid, disodium edta, fragrance, polyquaternium-10, polysorbate 80, propylene glycol.<\/p>\n","protected":false},"excerpt":{"rendered":"<p>BB shampooing DEMELANT &#8211; Klorane &#8211; 200 ML<br \/>\ncontenance : 200 mL<br \/>\nDLC : 12 mois apr\u00e8s ouverture du produit<\/p>\n","protected":false},"featured_media":1591,"comment_status":"open","ping_status":"closed","template":"","meta":[],"pwb-brand":[187],"product_cat":[183],"product_tag":[],"class_list":{"0":"post-1570","1":"product","2":"type-product","3":"status-publish","4":"has-post-thumbnail","6":"pwb-brand-klorane","7":"product_cat-toilette-bain-de-bebe","8":"post","9":"ws-product--style-1","11":"first","12":"instock","13":"shipping-taxable","14":"purchasable","15":"product-type-simple"},"yoast_head":"<!-- This site is optimized with the Yoast SEO plugin v23.0 - https:\/\/yoast.com\/wordpress\/plugins\/seo\/ -->\n<title>BB shampooing DEMELANT - Klorane - 200 ML - OrthoPara<\/title>\n<meta name=\"robots\" content=\"index, follow, max-snippet:-1, max-image-preview:large, max-video-preview:-1\" \/>\n<link rel=\"canonical\" href=\"https:\/\/orthopara.store\/index.php\/produit\/bb-shampooing-demelant-klorane-200-ml\/\" \/>\n<meta property=\"og:locale\" content=\"fr_FR\" \/>\n<meta property=\"og:type\" content=\"article\" \/>\n<meta property=\"og:title\" content=\"BB shampooing DEMELANT - Klorane - 200 ML - OrthoPara\" \/>\n<meta property=\"og:description\" content=\"BB shampooing DEMELANT - Klorane - 200 ML contenance : 200 mL DLC : 12 mois apr\u00e8s ouverture du produit\" \/>\n<meta property=\"og:url\" content=\"https:\/\/orthopara.store\/index.php\/produit\/bb-shampooing-demelant-klorane-200-ml\/\" \/>\n<meta property=\"og:site_name\" content=\"OrthoPara\" \/>\n<meta property=\"article:publisher\" content=\"https:\/\/www.facebook.com\/profile.php?id=61561194315651\" \/>\n<meta property=\"article:modified_time\" content=\"2024-11-07T08:25:00+00:00\" \/>\n<meta property=\"og:image\" content=\"https:\/\/orthopara.store\/wp-content\/uploads\/2024\/06\/klorane-bb-shampooing-demelant-200-ml.jpg\" \/>\n\t<meta property=\"og:image:width\" content=\"800\" \/>\n\t<meta property=\"og:image:height\" content=\"800\" \/>\n\t<meta property=\"og:image:type\" content=\"image\/jpeg\" \/>\n<meta name=\"twitter:card\" content=\"summary_large_image\" \/>\n<meta name=\"twitter:label1\" content=\"Dur\u00e9e de lecture estim\u00e9e\" \/>\n\t<meta name=\"twitter:data1\" content=\"1 minute\" \/>\n<script type=\"application\/ld+json\" class=\"yoast-schema-graph\">{\"@context\":\"https:\/\/schema.org\",\"@graph\":[{\"@type\":\"WebPage\",\"@id\":\"https:\/\/orthopara.store\/index.php\/produit\/bb-shampooing-demelant-klorane-200-ml\/\",\"url\":\"https:\/\/orthopara.store\/index.php\/produit\/bb-shampooing-demelant-klorane-200-ml\/\",\"name\":\"BB shampooing DEMELANT - Klorane - 200 ML - OrthoPara\",\"isPartOf\":{\"@id\":\"https:\/\/orthopara.store\/#website\"},\"primaryImageOfPage\":{\"@id\":\"https:\/\/orthopara.store\/index.php\/produit\/bb-shampooing-demelant-klorane-200-ml\/#primaryimage\"},\"image\":{\"@id\":\"https:\/\/orthopara.store\/index.php\/produit\/bb-shampooing-demelant-klorane-200-ml\/#primaryimage\"},\"thumbnailUrl\":\"https:\/\/orthopara.store\/wp-content\/uploads\/2024\/06\/klorane-bb-shampooing-demelant-200-ml.jpg\",\"datePublished\":\"2024-06-28T13:54:09+00:00\",\"dateModified\":\"2024-11-07T08:25:00+00:00\",\"breadcrumb\":{\"@id\":\"https:\/\/orthopara.store\/index.php\/produit\/bb-shampooing-demelant-klorane-200-ml\/#breadcrumb\"},\"inLanguage\":\"fr-FR\",\"potentialAction\":[{\"@type\":\"ReadAction\",\"target\":[\"https:\/\/orthopara.store\/index.php\/produit\/bb-shampooing-demelant-klorane-200-ml\/\"]}]},{\"@type\":\"ImageObject\",\"inLanguage\":\"fr-FR\",\"@id\":\"https:\/\/orthopara.store\/index.php\/produit\/bb-shampooing-demelant-klorane-200-ml\/#primaryimage\",\"url\":\"https:\/\/orthopara.store\/wp-content\/uploads\/2024\/06\/klorane-bb-shampooing-demelant-200-ml.jpg\",\"contentUrl\":\"https:\/\/orthopara.store\/wp-content\/uploads\/2024\/06\/klorane-bb-shampooing-demelant-200-ml.jpg\",\"width\":800,\"height\":800},{\"@type\":\"BreadcrumbList\",\"@id\":\"https:\/\/orthopara.store\/index.php\/produit\/bb-shampooing-demelant-klorane-200-ml\/#breadcrumb\",\"itemListElement\":[{\"@type\":\"ListItem\",\"position\":1,\"name\":\"Accueil\",\"item\":\"https:\/\/orthopara.store\/\"},{\"@type\":\"ListItem\",\"position\":2,\"name\":\"Shop\",\"item\":\"https:\/\/orthopara.store\/?page_id=622\"},{\"@type\":\"ListItem\",\"position\":3,\"name\":\"BB shampooing DEMELANT &#8211; Klorane &#8211; 200 ML\"}]},{\"@type\":\"WebSite\",\"@id\":\"https:\/\/orthopara.store\/#website\",\"url\":\"https:\/\/orthopara.store\/\",\"name\":\"OrthoPara\",\"description\":\"Parapharmacie\",\"publisher\":{\"@id\":\"https:\/\/orthopara.store\/#organization\"},\"potentialAction\":[{\"@type\":\"SearchAction\",\"target\":{\"@type\":\"EntryPoint\",\"urlTemplate\":\"https:\/\/orthopara.store\/?s={search_term_string}\"},\"query-input\":\"required name=search_term_string\"}],\"inLanguage\":\"fr-FR\"},{\"@type\":\"Organization\",\"@id\":\"https:\/\/orthopara.store\/#organization\",\"name\":\"OrthoPara\",\"url\":\"https:\/\/orthopara.store\/\",\"logo\":{\"@type\":\"ImageObject\",\"inLanguage\":\"fr-FR\",\"@id\":\"https:\/\/orthopara.store\/#\/schema\/logo\/image\/\",\"url\":\"https:\/\/orthopara.store\/wp-content\/uploads\/2024\/06\/cropped-9ABA8BAD-6256-4719-9315-15C66E64E882.png\",\"contentUrl\":\"https:\/\/orthopara.store\/wp-content\/uploads\/2024\/06\/cropped-9ABA8BAD-6256-4719-9315-15C66E64E882.png\",\"width\":240,\"height\":72,\"caption\":\"OrthoPara\"},\"image\":{\"@id\":\"https:\/\/orthopara.store\/#\/schema\/logo\/image\/\"},\"sameAs\":[\"https:\/\/www.facebook.com\/profile.php?id=61561194315651\",\"https:\/\/www.instagram.com\/orthopara_tunisie\/\"]}]}<\/script>\n<!-- \/ Yoast SEO plugin. -->","yoast_head_json":{"title":"BB shampooing DEMELANT - Klorane - 200 ML - OrthoPara","robots":{"index":"index","follow":"follow","max-snippet":"max-snippet:-1","max-image-preview":"max-image-preview:large","max-video-preview":"max-video-preview:-1"},"canonical":"https:\/\/orthopara.store\/index.php\/produit\/bb-shampooing-demelant-klorane-200-ml\/","og_locale":"fr_FR","og_type":"article","og_title":"BB shampooing DEMELANT - Klorane - 200 ML - OrthoPara","og_description":"BB shampooing DEMELANT - Klorane - 200 ML contenance : 200 mL DLC : 12 mois apr\u00e8s ouverture du produit","og_url":"https:\/\/orthopara.store\/index.php\/produit\/bb-shampooing-demelant-klorane-200-ml\/","og_site_name":"OrthoPara","article_publisher":"https:\/\/www.facebook.com\/profile.php?id=61561194315651","article_modified_time":"2024-11-07T08:25:00+00:00","og_image":[{"width":800,"height":800,"url":"https:\/\/orthopara.store\/wp-content\/uploads\/2024\/06\/klorane-bb-shampooing-demelant-200-ml.jpg","type":"image\/jpeg"}],"twitter_card":"summary_large_image","twitter_misc":{"Dur\u00e9e de lecture estim\u00e9e":"1 minute"},"schema":{"@context":"https:\/\/schema.org","@graph":[{"@type":"WebPage","@id":"https:\/\/orthopara.store\/index.php\/produit\/bb-shampooing-demelant-klorane-200-ml\/","url":"https:\/\/orthopara.store\/index.php\/produit\/bb-shampooing-demelant-klorane-200-ml\/","name":"BB shampooing DEMELANT - Klorane - 200 ML - OrthoPara","isPartOf":{"@id":"https:\/\/orthopara.store\/#website"},"primaryImageOfPage":{"@id":"https:\/\/orthopara.store\/index.php\/produit\/bb-shampooing-demelant-klorane-200-ml\/#primaryimage"},"image":{"@id":"https:\/\/orthopara.store\/index.php\/produit\/bb-shampooing-demelant-klorane-200-ml\/#primaryimage"},"thumbnailUrl":"https:\/\/orthopara.store\/wp-content\/uploads\/2024\/06\/klorane-bb-shampooing-demelant-200-ml.jpg","datePublished":"2024-06-28T13:54:09+00:00","dateModified":"2024-11-07T08:25:00+00:00","breadcrumb":{"@id":"https:\/\/orthopara.store\/index.php\/produit\/bb-shampooing-demelant-klorane-200-ml\/#breadcrumb"},"inLanguage":"fr-FR","potentialAction":[{"@type":"ReadAction","target":["https:\/\/orthopara.store\/index.php\/produit\/bb-shampooing-demelant-klorane-200-ml\/"]}]},{"@type":"ImageObject","inLanguage":"fr-FR","@id":"https:\/\/orthopara.store\/index.php\/produit\/bb-shampooing-demelant-klorane-200-ml\/#primaryimage","url":"https:\/\/orthopara.store\/wp-content\/uploads\/2024\/06\/klorane-bb-shampooing-demelant-200-ml.jpg","contentUrl":"https:\/\/orthopara.store\/wp-content\/uploads\/2024\/06\/klorane-bb-shampooing-demelant-200-ml.jpg","width":800,"height":800},{"@type":"BreadcrumbList","@id":"https:\/\/orthopara.store\/index.php\/produit\/bb-shampooing-demelant-klorane-200-ml\/#breadcrumb","itemListElement":[{"@type":"ListItem","position":1,"name":"Accueil","item":"https:\/\/orthopara.store\/"},{"@type":"ListItem","position":2,"name":"Shop","item":"https:\/\/orthopara.store\/?page_id=622"},{"@type":"ListItem","position":3,"name":"BB shampooing DEMELANT &#8211; Klorane &#8211; 200 ML"}]},{"@type":"WebSite","@id":"https:\/\/orthopara.store\/#website","url":"https:\/\/orthopara.store\/","name":"OrthoPara","description":"Parapharmacie","publisher":{"@id":"https:\/\/orthopara.store\/#organization"},"potentialAction":[{"@type":"SearchAction","target":{"@type":"EntryPoint","urlTemplate":"https:\/\/orthopara.store\/?s={search_term_string}"},"query-input":"required name=search_term_string"}],"inLanguage":"fr-FR"},{"@type":"Organization","@id":"https:\/\/orthopara.store\/#organization","name":"OrthoPara","url":"https:\/\/orthopara.store\/","logo":{"@type":"ImageObject","inLanguage":"fr-FR","@id":"https:\/\/orthopara.store\/#\/schema\/logo\/image\/","url":"https:\/\/orthopara.store\/wp-content\/uploads\/2024\/06\/cropped-9ABA8BAD-6256-4719-9315-15C66E64E882.png","contentUrl":"https:\/\/orthopara.store\/wp-content\/uploads\/2024\/06\/cropped-9ABA8BAD-6256-4719-9315-15C66E64E882.png","width":240,"height":72,"caption":"OrthoPara"},"image":{"@id":"https:\/\/orthopara.store\/#\/schema\/logo\/image\/"},"sameAs":["https:\/\/www.facebook.com\/profile.php?id=61561194315651","https:\/\/www.instagram.com\/orthopara_tunisie\/"]}]}},"jetpack_sharing_enabled":true,"brands":[{"id":187,"name":"KLORANE","slug":"klorane"}],"_links":{"self":[{"href":"https:\/\/orthopara.store\/index.php?rest_route=\/wp\/v2\/product\/1570","targetHints":{"allow":["GET"]}}],"collection":[{"href":"https:\/\/orthopara.store\/index.php?rest_route=\/wp\/v2\/product"}],"about":[{"href":"https:\/\/orthopara.store\/index.php?rest_route=\/wp\/v2\/types\/product"}],"replies":[{"embeddable":true,"href":"https:\/\/orthopara.store\/index.php?rest_route=%2Fwp%2Fv2%2Fcomments&post=1570"}],"wp:featuredmedia":[{"embeddable":true,"href":"https:\/\/orthopara.store\/index.php?rest_route=\/wp\/v2\/media\/1591"}],"wp:attachment":[{"href":"https:\/\/orthopara.store\/index.php?rest_route=%2Fwp%2Fv2%2Fmedia&parent=1570"}],"wp:term":[{"taxonomy":"pwb-brand","embeddable":true,"href":"https:\/\/orthopara.store\/index.php?rest_route=%2Fwp%2Fv2%2Fpwb-brand&post=1570"},{"taxonomy":"product_cat","embeddable":true,"href":"https:\/\/orthopara.store\/index.php?rest_route=%2Fwp%2Fv2%2Fproduct_cat&post=1570"},{"taxonomy":"product_tag","embeddable":true,"href":"https:\/\/orthopara.store\/index.php?rest_route=%2Fwp%2Fv2%2Fproduct_tag&post=1570"}],"curies":[{"name":"wp","href":"https:\/\/api.w.org\/{rel}","templated":true}]}}