{"id":1573,"date":"2024-06-28T15:54:10","date_gmt":"2024-06-28T13:54:10","guid":{"rendered":"https:\/\/orthopara.store\/?post_type=product&#038;p=1573"},"modified":"2024-06-28T15:54:15","modified_gmt":"2024-06-28T13:54:15","slug":"liniment-oleo-calcaire-biolane-300ml","status":"publish","type":"product","link":"https:\/\/orthopara.store\/?product=liniment-oleo-calcaire-biolane-300ml","title":{"rendered":"Liniment ol\u00e9o-calcaire &#8211; Biolane &#8211; 300ml"},"content":{"rendered":"<p>Liniment ol\u00e9o-calcaire &#8211; Biolane &#8211; 300ml\u00a0<br \/>\nLe liniment ol\u00e9o-calcaire Biolane nettoie et prot\u00e8ge en un seul geste le si\u00e8ge de votre b\u00e9b\u00e9, en laissant un film protecteur contre les agressions ext\u00e9rieures irritantes (urines, selles, frottement des couches&#8230;).<br \/>\nleur vocation : prot\u00e9ger la peau sensible de votre b\u00e9b\u00e9<br \/>\n&#8211; Une pr\u00e9paration traditionnelle \u00e0 99% d&rsquo;ingr\u00e9dients d&rsquo;origine naturelle, \u00e0 base d&rsquo;huile d&rsquo;olive et d&rsquo;eau de chaux qui nourrit l&rsquo;\u00e9piderme fessier au quotidien.<br \/>\n&#8211; Une formule test\u00e9e cliniquement sous contr\u00f4le m\u00e9dical pour la plus grande s\u00e9curit\u00e9 des nouveau-n\u00e9s.<br \/>\nConseils d&rsquo;utilisation :\u00a0<br \/>\nAgitez bien avant emploi. Appliquez \u00e0 chaque change \u00e0 l&rsquo;aide d&rsquo;un coton.<br \/>\nNe n\u00e9cessite pas de rin\u00e7age.<br \/>\nConvient \u00e9galement aux peaux \u00e0 tendance atopique.<br \/>\nA conserve \u00e0 une temp\u00e9rature comprise entre 15 et 25\u00b0C.<br \/>\nLa pompe-doseuse se d\u00e9verrouille par un simple quart de tour.<br \/>\nComposition :\u00a0<br \/>\naqua (water), olea europaea (olive) fruit oil, polyglyceryl-3 oleate, gluconolactone, sorbitan oleate, sodium benzoate, linum usitatissimum (linseed) seed oil, tocopherol, stearalkonium hectorite, propylene carbonate, helianthus annuus (sunflower) seed oil, calcium hydroxide, calcium gluconate.<\/p>\n","protected":false},"excerpt":{"rendered":"<p>Biolane\u00a0<br \/>\nLiniment ol\u00e9o-calcaire<\/p>\n<p>99% d&rsquo;origine naturelle<\/p>\n<p>Une formule respectueuse de la pr\u00e9paration traditionnelle \u00e0 base d&rsquo;huile d&rsquo;olive et d&rsquo;eau de chaux<\/p>\n<p>Contenance : 300ml<br \/>\nDLC : 05\/2025<\/p>\n","protected":false},"featured_media":1594,"comment_status":"open","ping_status":"closed","template":"","meta":[],"pwb-brand":[189],"product_cat":[183],"product_tag":[],"class_list":{"0":"post-1573","1":"product","2":"type-product","3":"status-publish","4":"has-post-thumbnail","6":"pwb-brand-biolane","7":"product_cat-toilette-bain-de-bebe","8":"post","9":"ws-product--style-1","11":"first","12":"instock","13":"shipping-taxable","14":"purchasable","15":"product-type-simple"},"yoast_head":"<!-- This site is optimized with the Yoast SEO plugin v23.0 - https:\/\/yoast.com\/wordpress\/plugins\/seo\/ -->\n<title>Liniment ol\u00e9o-calcaire - Biolane - 300ml - OrthoPara<\/title>\n<meta name=\"robots\" content=\"index, follow, max-snippet:-1, max-image-preview:large, max-video-preview:-1\" \/>\n<link rel=\"canonical\" href=\"https:\/\/orthopara.store\/index.php\/produit\/liniment-oleo-calcaire-biolane-300ml\/\" \/>\n<meta property=\"og:locale\" content=\"fr_FR\" \/>\n<meta property=\"og:type\" content=\"article\" \/>\n<meta property=\"og:title\" content=\"Liniment ol\u00e9o-calcaire - Biolane - 300ml - OrthoPara\" \/>\n<meta property=\"og:description\" content=\"Biolane\u00a0 Liniment ol\u00e9o-calcaire 99% d&#039;origine naturelle Une formule respectueuse de la pr\u00e9paration traditionnelle \u00e0 base d&#039;huile d&#039;olive et d&#039;eau de chaux Contenance : 300ml DLC : 05\/2025\" \/>\n<meta property=\"og:url\" content=\"https:\/\/orthopara.store\/index.php\/produit\/liniment-oleo-calcaire-biolane-300ml\/\" \/>\n<meta property=\"og:site_name\" content=\"OrthoPara\" \/>\n<meta property=\"article:publisher\" content=\"https:\/\/www.facebook.com\/profile.php?id=61561194315651\" \/>\n<meta property=\"article:modified_time\" content=\"2024-06-28T13:54:15+00:00\" \/>\n<meta property=\"og:image\" content=\"https:\/\/orthopara.store\/wp-content\/uploads\/2024\/06\/liniment-oleo-calcaire-biolane-300ml-.jpg\" \/>\n\t<meta property=\"og:image:width\" content=\"800\" \/>\n\t<meta property=\"og:image:height\" content=\"800\" \/>\n\t<meta property=\"og:image:type\" content=\"image\/jpeg\" \/>\n<meta name=\"twitter:card\" content=\"summary_large_image\" \/>\n<meta name=\"twitter:label1\" content=\"Dur\u00e9e de lecture estim\u00e9e\" \/>\n\t<meta name=\"twitter:data1\" content=\"1 minute\" \/>\n<script type=\"application\/ld+json\" class=\"yoast-schema-graph\">{\"@context\":\"https:\/\/schema.org\",\"@graph\":[{\"@type\":\"WebPage\",\"@id\":\"https:\/\/orthopara.store\/index.php\/produit\/liniment-oleo-calcaire-biolane-300ml\/\",\"url\":\"https:\/\/orthopara.store\/index.php\/produit\/liniment-oleo-calcaire-biolane-300ml\/\",\"name\":\"Liniment ol\u00e9o-calcaire - Biolane - 300ml - OrthoPara\",\"isPartOf\":{\"@id\":\"https:\/\/orthopara.store\/#website\"},\"primaryImageOfPage\":{\"@id\":\"https:\/\/orthopara.store\/index.php\/produit\/liniment-oleo-calcaire-biolane-300ml\/#primaryimage\"},\"image\":{\"@id\":\"https:\/\/orthopara.store\/index.php\/produit\/liniment-oleo-calcaire-biolane-300ml\/#primaryimage\"},\"thumbnailUrl\":\"https:\/\/orthopara.store\/wp-content\/uploads\/2024\/06\/liniment-oleo-calcaire-biolane-300ml-.jpg\",\"datePublished\":\"2024-06-28T13:54:10+00:00\",\"dateModified\":\"2024-06-28T13:54:15+00:00\",\"breadcrumb\":{\"@id\":\"https:\/\/orthopara.store\/index.php\/produit\/liniment-oleo-calcaire-biolane-300ml\/#breadcrumb\"},\"inLanguage\":\"fr-FR\",\"potentialAction\":[{\"@type\":\"ReadAction\",\"target\":[\"https:\/\/orthopara.store\/index.php\/produit\/liniment-oleo-calcaire-biolane-300ml\/\"]}]},{\"@type\":\"ImageObject\",\"inLanguage\":\"fr-FR\",\"@id\":\"https:\/\/orthopara.store\/index.php\/produit\/liniment-oleo-calcaire-biolane-300ml\/#primaryimage\",\"url\":\"https:\/\/orthopara.store\/wp-content\/uploads\/2024\/06\/liniment-oleo-calcaire-biolane-300ml-.jpg\",\"contentUrl\":\"https:\/\/orthopara.store\/wp-content\/uploads\/2024\/06\/liniment-oleo-calcaire-biolane-300ml-.jpg\",\"width\":800,\"height\":800},{\"@type\":\"BreadcrumbList\",\"@id\":\"https:\/\/orthopara.store\/index.php\/produit\/liniment-oleo-calcaire-biolane-300ml\/#breadcrumb\",\"itemListElement\":[{\"@type\":\"ListItem\",\"position\":1,\"name\":\"Accueil\",\"item\":\"https:\/\/orthopara.store\/\"},{\"@type\":\"ListItem\",\"position\":2,\"name\":\"Shop\",\"item\":\"https:\/\/orthopara.store\/?page_id=622\"},{\"@type\":\"ListItem\",\"position\":3,\"name\":\"Liniment ol\u00e9o-calcaire &#8211; Biolane &#8211; 300ml\"}]},{\"@type\":\"WebSite\",\"@id\":\"https:\/\/orthopara.store\/#website\",\"url\":\"https:\/\/orthopara.store\/\",\"name\":\"OrthoPara\",\"description\":\"Parapharmacie\",\"publisher\":{\"@id\":\"https:\/\/orthopara.store\/#organization\"},\"potentialAction\":[{\"@type\":\"SearchAction\",\"target\":{\"@type\":\"EntryPoint\",\"urlTemplate\":\"https:\/\/orthopara.store\/?s={search_term_string}\"},\"query-input\":\"required name=search_term_string\"}],\"inLanguage\":\"fr-FR\"},{\"@type\":\"Organization\",\"@id\":\"https:\/\/orthopara.store\/#organization\",\"name\":\"OrthoPara\",\"url\":\"https:\/\/orthopara.store\/\",\"logo\":{\"@type\":\"ImageObject\",\"inLanguage\":\"fr-FR\",\"@id\":\"https:\/\/orthopara.store\/#\/schema\/logo\/image\/\",\"url\":\"https:\/\/orthopara.store\/wp-content\/uploads\/2024\/06\/cropped-9ABA8BAD-6256-4719-9315-15C66E64E882.png\",\"contentUrl\":\"https:\/\/orthopara.store\/wp-content\/uploads\/2024\/06\/cropped-9ABA8BAD-6256-4719-9315-15C66E64E882.png\",\"width\":240,\"height\":72,\"caption\":\"OrthoPara\"},\"image\":{\"@id\":\"https:\/\/orthopara.store\/#\/schema\/logo\/image\/\"},\"sameAs\":[\"https:\/\/www.facebook.com\/profile.php?id=61561194315651\",\"https:\/\/www.instagram.com\/orthopara_tunisie\/\"]}]}<\/script>\n<!-- \/ Yoast SEO plugin. -->","yoast_head_json":{"title":"Liniment ol\u00e9o-calcaire - Biolane - 300ml - OrthoPara","robots":{"index":"index","follow":"follow","max-snippet":"max-snippet:-1","max-image-preview":"max-image-preview:large","max-video-preview":"max-video-preview:-1"},"canonical":"https:\/\/orthopara.store\/index.php\/produit\/liniment-oleo-calcaire-biolane-300ml\/","og_locale":"fr_FR","og_type":"article","og_title":"Liniment ol\u00e9o-calcaire - Biolane - 300ml - OrthoPara","og_description":"Biolane\u00a0 Liniment ol\u00e9o-calcaire 99% d'origine naturelle Une formule respectueuse de la pr\u00e9paration traditionnelle \u00e0 base d'huile d'olive et d'eau de chaux Contenance : 300ml DLC : 05\/2025","og_url":"https:\/\/orthopara.store\/index.php\/produit\/liniment-oleo-calcaire-biolane-300ml\/","og_site_name":"OrthoPara","article_publisher":"https:\/\/www.facebook.com\/profile.php?id=61561194315651","article_modified_time":"2024-06-28T13:54:15+00:00","og_image":[{"width":800,"height":800,"url":"https:\/\/orthopara.store\/wp-content\/uploads\/2024\/06\/liniment-oleo-calcaire-biolane-300ml-.jpg","type":"image\/jpeg"}],"twitter_card":"summary_large_image","twitter_misc":{"Dur\u00e9e de lecture estim\u00e9e":"1 minute"},"schema":{"@context":"https:\/\/schema.org","@graph":[{"@type":"WebPage","@id":"https:\/\/orthopara.store\/index.php\/produit\/liniment-oleo-calcaire-biolane-300ml\/","url":"https:\/\/orthopara.store\/index.php\/produit\/liniment-oleo-calcaire-biolane-300ml\/","name":"Liniment ol\u00e9o-calcaire - Biolane - 300ml - OrthoPara","isPartOf":{"@id":"https:\/\/orthopara.store\/#website"},"primaryImageOfPage":{"@id":"https:\/\/orthopara.store\/index.php\/produit\/liniment-oleo-calcaire-biolane-300ml\/#primaryimage"},"image":{"@id":"https:\/\/orthopara.store\/index.php\/produit\/liniment-oleo-calcaire-biolane-300ml\/#primaryimage"},"thumbnailUrl":"https:\/\/orthopara.store\/wp-content\/uploads\/2024\/06\/liniment-oleo-calcaire-biolane-300ml-.jpg","datePublished":"2024-06-28T13:54:10+00:00","dateModified":"2024-06-28T13:54:15+00:00","breadcrumb":{"@id":"https:\/\/orthopara.store\/index.php\/produit\/liniment-oleo-calcaire-biolane-300ml\/#breadcrumb"},"inLanguage":"fr-FR","potentialAction":[{"@type":"ReadAction","target":["https:\/\/orthopara.store\/index.php\/produit\/liniment-oleo-calcaire-biolane-300ml\/"]}]},{"@type":"ImageObject","inLanguage":"fr-FR","@id":"https:\/\/orthopara.store\/index.php\/produit\/liniment-oleo-calcaire-biolane-300ml\/#primaryimage","url":"https:\/\/orthopara.store\/wp-content\/uploads\/2024\/06\/liniment-oleo-calcaire-biolane-300ml-.jpg","contentUrl":"https:\/\/orthopara.store\/wp-content\/uploads\/2024\/06\/liniment-oleo-calcaire-biolane-300ml-.jpg","width":800,"height":800},{"@type":"BreadcrumbList","@id":"https:\/\/orthopara.store\/index.php\/produit\/liniment-oleo-calcaire-biolane-300ml\/#breadcrumb","itemListElement":[{"@type":"ListItem","position":1,"name":"Accueil","item":"https:\/\/orthopara.store\/"},{"@type":"ListItem","position":2,"name":"Shop","item":"https:\/\/orthopara.store\/?page_id=622"},{"@type":"ListItem","position":3,"name":"Liniment ol\u00e9o-calcaire &#8211; Biolane &#8211; 300ml"}]},{"@type":"WebSite","@id":"https:\/\/orthopara.store\/#website","url":"https:\/\/orthopara.store\/","name":"OrthoPara","description":"Parapharmacie","publisher":{"@id":"https:\/\/orthopara.store\/#organization"},"potentialAction":[{"@type":"SearchAction","target":{"@type":"EntryPoint","urlTemplate":"https:\/\/orthopara.store\/?s={search_term_string}"},"query-input":"required name=search_term_string"}],"inLanguage":"fr-FR"},{"@type":"Organization","@id":"https:\/\/orthopara.store\/#organization","name":"OrthoPara","url":"https:\/\/orthopara.store\/","logo":{"@type":"ImageObject","inLanguage":"fr-FR","@id":"https:\/\/orthopara.store\/#\/schema\/logo\/image\/","url":"https:\/\/orthopara.store\/wp-content\/uploads\/2024\/06\/cropped-9ABA8BAD-6256-4719-9315-15C66E64E882.png","contentUrl":"https:\/\/orthopara.store\/wp-content\/uploads\/2024\/06\/cropped-9ABA8BAD-6256-4719-9315-15C66E64E882.png","width":240,"height":72,"caption":"OrthoPara"},"image":{"@id":"https:\/\/orthopara.store\/#\/schema\/logo\/image\/"},"sameAs":["https:\/\/www.facebook.com\/profile.php?id=61561194315651","https:\/\/www.instagram.com\/orthopara_tunisie\/"]}]}},"jetpack_sharing_enabled":true,"brands":[{"id":189,"name":"BIOLANE","slug":"biolane"}],"_links":{"self":[{"href":"https:\/\/orthopara.store\/index.php?rest_route=\/wp\/v2\/product\/1573","targetHints":{"allow":["GET"]}}],"collection":[{"href":"https:\/\/orthopara.store\/index.php?rest_route=\/wp\/v2\/product"}],"about":[{"href":"https:\/\/orthopara.store\/index.php?rest_route=\/wp\/v2\/types\/product"}],"replies":[{"embeddable":true,"href":"https:\/\/orthopara.store\/index.php?rest_route=%2Fwp%2Fv2%2Fcomments&post=1573"}],"wp:featuredmedia":[{"embeddable":true,"href":"https:\/\/orthopara.store\/index.php?rest_route=\/wp\/v2\/media\/1594"}],"wp:attachment":[{"href":"https:\/\/orthopara.store\/index.php?rest_route=%2Fwp%2Fv2%2Fmedia&parent=1573"}],"wp:term":[{"taxonomy":"pwb-brand","embeddable":true,"href":"https:\/\/orthopara.store\/index.php?rest_route=%2Fwp%2Fv2%2Fpwb-brand&post=1573"},{"taxonomy":"product_cat","embeddable":true,"href":"https:\/\/orthopara.store\/index.php?rest_route=%2Fwp%2Fv2%2Fproduct_cat&post=1573"},{"taxonomy":"product_tag","embeddable":true,"href":"https:\/\/orthopara.store\/index.php?rest_route=%2Fwp%2Fv2%2Fproduct_tag&post=1573"}],"curies":[{"name":"wp","href":"https:\/\/api.w.org\/{rel}","templated":true}]}}