{"id":1577,"date":"2024-06-28T15:54:10","date_gmt":"2024-06-28T13:54:10","guid":{"rendered":"https:\/\/orthopara.store\/?post_type=product&#038;p=1577"},"modified":"2024-06-28T15:54:16","modified_gmt":"2024-06-28T13:54:16","slug":"eau-pure-h2o-biolane-750ml","status":"publish","type":"product","link":"https:\/\/orthopara.store\/?product=eau-pure-h2o-biolane-750ml","title":{"rendered":"Eau pure H2O &#8211; Biolane &#8211; 750ml"},"content":{"rendered":"<p>Eau pure H2O &#8211; Biolane &#8211; 750ml<br \/>\nL&rsquo;eau pure H2O Biolane nettoie parfaitement et en douceur le visage, le corps et le si\u00e8ge de votre b\u00e9b\u00e9 pour une peau propre et d\u00e9licatement parfum\u00e9e.<br \/>\nUne pompe doseuse \u00ab\u00a01 seule main\u00a0\u00bb : elle d\u00e9livre le produit directement sur le coton par une simple pression et permet de toujours garder une main sur votre b\u00e9b\u00e9 pour sa plus grande s\u00e9curit\u00e9.<br \/>\nleur vocation : prot\u00e9ger la peau sensible de votre b\u00e9b\u00e9<br \/>\nUne lotion \u00e0 97% d&rsquo;ingr\u00e9dients d&rsquo;origine naturelle, \u00e0 la base lavante tr\u00e8s douce qui pr\u00e9serve l&rsquo;\u00e9quilibre naturel cutan\u00e9 des zones sensibles de la peau de votre b\u00e9b\u00e9 pour qu&rsquo;elle reste douce et confortable.<br \/>\nUne formule test\u00e9e cliniquement sous contr\u00f4le m\u00e9dical pour la plus grande s\u00e9curit\u00e9 des nouveau-n\u00e9s.<br \/>\nConseils d&rsquo;utilisation :<br \/>\nUtilisez pour la toilette quotidienne et \u00e0 chaque change, pour nettoyer le visage, le corps et le si\u00e8ge de votre b\u00e9b\u00e9.<br \/>\nExercez 1 \u00e0 2 pressions et appliquez la lotion \u00e0 l&rsquo;aide d&rsquo;un coton pour \u00e9liminer toutes les impuret\u00e9s.<br \/>\nNe n\u00e9cessite pas de rin\u00e7age.<br \/>\nA conserver \u00e0 temp\u00e9rature comprise entre 15 et 25\u00b0C.<br \/>\nComposition :\u00a0<br \/>\naqua (water), glycerin, polysorbate 20, parfum (fragrance), sodium benzoate, cetrimonium chloride, trisodium ethylenediamine disuccinate, chlorhexidine digluconate, citric acid<\/p>\n","protected":false},"excerpt":{"rendered":"<p>Biolane\u00a0<br \/>\nEau pure H2O<\/p>\n<p>L&rsquo;eau pure H2O Biolane nettoie parfaitement et en douceur le visage, le corps et le si\u00e8ge de votre b\u00e9b\u00e9 pour une peau propre et d\u00e9licatement parfum\u00e9e.<\/p>\n<p>Elle d\u00e9livre le produit directement sur le coton par une simple pression et permet de toujours garder une main sur votre b\u00e9b\u00e9 pour sa s\u00e9curit\u00e9.<\/p>\n<p>Contenance : 750ml<br \/>\nDLC : 05\/2025<\/p>\n","protected":false},"featured_media":1598,"comment_status":"open","ping_status":"closed","template":"","meta":[],"pwb-brand":[189],"product_cat":[183],"product_tag":[],"class_list":{"0":"post-1577","1":"product","2":"type-product","3":"status-publish","4":"has-post-thumbnail","6":"pwb-brand-biolane","7":"product_cat-toilette-bain-de-bebe","8":"post","9":"ws-product--style-1","11":"first","12":"instock","13":"shipping-taxable","14":"purchasable","15":"product-type-simple"},"yoast_head":"<!-- This site is optimized with the Yoast SEO plugin v23.0 - https:\/\/yoast.com\/wordpress\/plugins\/seo\/ -->\n<title>Eau pure H2O - Biolane - 750ml - OrthoPara<\/title>\n<meta name=\"robots\" content=\"index, follow, max-snippet:-1, max-image-preview:large, max-video-preview:-1\" \/>\n<link rel=\"canonical\" href=\"https:\/\/orthopara.store\/index.php\/produit\/eau-pure-h2o-biolane-750ml\/\" \/>\n<meta property=\"og:locale\" content=\"fr_FR\" \/>\n<meta property=\"og:type\" content=\"article\" \/>\n<meta property=\"og:title\" content=\"Eau pure H2O - Biolane - 750ml - OrthoPara\" \/>\n<meta property=\"og:description\" content=\"Biolane\u00a0 Eau pure H2O L&#039;eau pure H2O Biolane nettoie parfaitement et en douceur le visage, le corps et le si\u00e8ge de votre b\u00e9b\u00e9 pour une peau propre et d\u00e9licatement parfum\u00e9e. Elle d\u00e9livre le produit directement sur le coton par une simple pression et permet de toujours garder une main sur votre b\u00e9b\u00e9 pour sa s\u00e9curit\u00e9. Contenance : 750ml DLC : 05\/2025\" \/>\n<meta property=\"og:url\" content=\"https:\/\/orthopara.store\/index.php\/produit\/eau-pure-h2o-biolane-750ml\/\" \/>\n<meta property=\"og:site_name\" content=\"OrthoPara\" \/>\n<meta property=\"article:publisher\" content=\"https:\/\/www.facebook.com\/profile.php?id=61561194315651\" \/>\n<meta property=\"article:modified_time\" content=\"2024-06-28T13:54:16+00:00\" \/>\n<meta property=\"og:image\" content=\"https:\/\/orthopara.store\/wp-content\/uploads\/2024\/06\/eau-pure-h2o-biolane-750ml.jpg\" \/>\n\t<meta property=\"og:image:width\" content=\"800\" \/>\n\t<meta property=\"og:image:height\" content=\"800\" \/>\n\t<meta property=\"og:image:type\" content=\"image\/jpeg\" \/>\n<meta name=\"twitter:card\" content=\"summary_large_image\" \/>\n<meta name=\"twitter:label1\" content=\"Dur\u00e9e de lecture estim\u00e9e\" \/>\n\t<meta name=\"twitter:data1\" content=\"1 minute\" \/>\n<script type=\"application\/ld+json\" class=\"yoast-schema-graph\">{\"@context\":\"https:\/\/schema.org\",\"@graph\":[{\"@type\":\"WebPage\",\"@id\":\"https:\/\/orthopara.store\/index.php\/produit\/eau-pure-h2o-biolane-750ml\/\",\"url\":\"https:\/\/orthopara.store\/index.php\/produit\/eau-pure-h2o-biolane-750ml\/\",\"name\":\"Eau pure H2O - Biolane - 750ml - OrthoPara\",\"isPartOf\":{\"@id\":\"https:\/\/orthopara.store\/#website\"},\"primaryImageOfPage\":{\"@id\":\"https:\/\/orthopara.store\/index.php\/produit\/eau-pure-h2o-biolane-750ml\/#primaryimage\"},\"image\":{\"@id\":\"https:\/\/orthopara.store\/index.php\/produit\/eau-pure-h2o-biolane-750ml\/#primaryimage\"},\"thumbnailUrl\":\"https:\/\/orthopara.store\/wp-content\/uploads\/2024\/06\/eau-pure-h2o-biolane-750ml.jpg\",\"datePublished\":\"2024-06-28T13:54:10+00:00\",\"dateModified\":\"2024-06-28T13:54:16+00:00\",\"breadcrumb\":{\"@id\":\"https:\/\/orthopara.store\/index.php\/produit\/eau-pure-h2o-biolane-750ml\/#breadcrumb\"},\"inLanguage\":\"fr-FR\",\"potentialAction\":[{\"@type\":\"ReadAction\",\"target\":[\"https:\/\/orthopara.store\/index.php\/produit\/eau-pure-h2o-biolane-750ml\/\"]}]},{\"@type\":\"ImageObject\",\"inLanguage\":\"fr-FR\",\"@id\":\"https:\/\/orthopara.store\/index.php\/produit\/eau-pure-h2o-biolane-750ml\/#primaryimage\",\"url\":\"https:\/\/orthopara.store\/wp-content\/uploads\/2024\/06\/eau-pure-h2o-biolane-750ml.jpg\",\"contentUrl\":\"https:\/\/orthopara.store\/wp-content\/uploads\/2024\/06\/eau-pure-h2o-biolane-750ml.jpg\",\"width\":800,\"height\":800},{\"@type\":\"BreadcrumbList\",\"@id\":\"https:\/\/orthopara.store\/index.php\/produit\/eau-pure-h2o-biolane-750ml\/#breadcrumb\",\"itemListElement\":[{\"@type\":\"ListItem\",\"position\":1,\"name\":\"Accueil\",\"item\":\"https:\/\/orthopara.store\/\"},{\"@type\":\"ListItem\",\"position\":2,\"name\":\"Shop\",\"item\":\"https:\/\/orthopara.store\/?page_id=622\"},{\"@type\":\"ListItem\",\"position\":3,\"name\":\"Eau pure H2O &#8211; Biolane &#8211; 750ml\"}]},{\"@type\":\"WebSite\",\"@id\":\"https:\/\/orthopara.store\/#website\",\"url\":\"https:\/\/orthopara.store\/\",\"name\":\"OrthoPara\",\"description\":\"Parapharmacie\",\"publisher\":{\"@id\":\"https:\/\/orthopara.store\/#organization\"},\"potentialAction\":[{\"@type\":\"SearchAction\",\"target\":{\"@type\":\"EntryPoint\",\"urlTemplate\":\"https:\/\/orthopara.store\/?s={search_term_string}\"},\"query-input\":\"required name=search_term_string\"}],\"inLanguage\":\"fr-FR\"},{\"@type\":\"Organization\",\"@id\":\"https:\/\/orthopara.store\/#organization\",\"name\":\"OrthoPara\",\"url\":\"https:\/\/orthopara.store\/\",\"logo\":{\"@type\":\"ImageObject\",\"inLanguage\":\"fr-FR\",\"@id\":\"https:\/\/orthopara.store\/#\/schema\/logo\/image\/\",\"url\":\"https:\/\/orthopara.store\/wp-content\/uploads\/2024\/06\/cropped-9ABA8BAD-6256-4719-9315-15C66E64E882.png\",\"contentUrl\":\"https:\/\/orthopara.store\/wp-content\/uploads\/2024\/06\/cropped-9ABA8BAD-6256-4719-9315-15C66E64E882.png\",\"width\":240,\"height\":72,\"caption\":\"OrthoPara\"},\"image\":{\"@id\":\"https:\/\/orthopara.store\/#\/schema\/logo\/image\/\"},\"sameAs\":[\"https:\/\/www.facebook.com\/profile.php?id=61561194315651\",\"https:\/\/www.instagram.com\/orthopara_tunisie\/\"]}]}<\/script>\n<!-- \/ Yoast SEO plugin. -->","yoast_head_json":{"title":"Eau pure H2O - Biolane - 750ml - OrthoPara","robots":{"index":"index","follow":"follow","max-snippet":"max-snippet:-1","max-image-preview":"max-image-preview:large","max-video-preview":"max-video-preview:-1"},"canonical":"https:\/\/orthopara.store\/index.php\/produit\/eau-pure-h2o-biolane-750ml\/","og_locale":"fr_FR","og_type":"article","og_title":"Eau pure H2O - Biolane - 750ml - OrthoPara","og_description":"Biolane\u00a0 Eau pure H2O L'eau pure H2O Biolane nettoie parfaitement et en douceur le visage, le corps et le si\u00e8ge de votre b\u00e9b\u00e9 pour une peau propre et d\u00e9licatement parfum\u00e9e. Elle d\u00e9livre le produit directement sur le coton par une simple pression et permet de toujours garder une main sur votre b\u00e9b\u00e9 pour sa s\u00e9curit\u00e9. Contenance : 750ml DLC : 05\/2025","og_url":"https:\/\/orthopara.store\/index.php\/produit\/eau-pure-h2o-biolane-750ml\/","og_site_name":"OrthoPara","article_publisher":"https:\/\/www.facebook.com\/profile.php?id=61561194315651","article_modified_time":"2024-06-28T13:54:16+00:00","og_image":[{"width":800,"height":800,"url":"https:\/\/orthopara.store\/wp-content\/uploads\/2024\/06\/eau-pure-h2o-biolane-750ml.jpg","type":"image\/jpeg"}],"twitter_card":"summary_large_image","twitter_misc":{"Dur\u00e9e de lecture estim\u00e9e":"1 minute"},"schema":{"@context":"https:\/\/schema.org","@graph":[{"@type":"WebPage","@id":"https:\/\/orthopara.store\/index.php\/produit\/eau-pure-h2o-biolane-750ml\/","url":"https:\/\/orthopara.store\/index.php\/produit\/eau-pure-h2o-biolane-750ml\/","name":"Eau pure H2O - Biolane - 750ml - OrthoPara","isPartOf":{"@id":"https:\/\/orthopara.store\/#website"},"primaryImageOfPage":{"@id":"https:\/\/orthopara.store\/index.php\/produit\/eau-pure-h2o-biolane-750ml\/#primaryimage"},"image":{"@id":"https:\/\/orthopara.store\/index.php\/produit\/eau-pure-h2o-biolane-750ml\/#primaryimage"},"thumbnailUrl":"https:\/\/orthopara.store\/wp-content\/uploads\/2024\/06\/eau-pure-h2o-biolane-750ml.jpg","datePublished":"2024-06-28T13:54:10+00:00","dateModified":"2024-06-28T13:54:16+00:00","breadcrumb":{"@id":"https:\/\/orthopara.store\/index.php\/produit\/eau-pure-h2o-biolane-750ml\/#breadcrumb"},"inLanguage":"fr-FR","potentialAction":[{"@type":"ReadAction","target":["https:\/\/orthopara.store\/index.php\/produit\/eau-pure-h2o-biolane-750ml\/"]}]},{"@type":"ImageObject","inLanguage":"fr-FR","@id":"https:\/\/orthopara.store\/index.php\/produit\/eau-pure-h2o-biolane-750ml\/#primaryimage","url":"https:\/\/orthopara.store\/wp-content\/uploads\/2024\/06\/eau-pure-h2o-biolane-750ml.jpg","contentUrl":"https:\/\/orthopara.store\/wp-content\/uploads\/2024\/06\/eau-pure-h2o-biolane-750ml.jpg","width":800,"height":800},{"@type":"BreadcrumbList","@id":"https:\/\/orthopara.store\/index.php\/produit\/eau-pure-h2o-biolane-750ml\/#breadcrumb","itemListElement":[{"@type":"ListItem","position":1,"name":"Accueil","item":"https:\/\/orthopara.store\/"},{"@type":"ListItem","position":2,"name":"Shop","item":"https:\/\/orthopara.store\/?page_id=622"},{"@type":"ListItem","position":3,"name":"Eau pure H2O &#8211; Biolane &#8211; 750ml"}]},{"@type":"WebSite","@id":"https:\/\/orthopara.store\/#website","url":"https:\/\/orthopara.store\/","name":"OrthoPara","description":"Parapharmacie","publisher":{"@id":"https:\/\/orthopara.store\/#organization"},"potentialAction":[{"@type":"SearchAction","target":{"@type":"EntryPoint","urlTemplate":"https:\/\/orthopara.store\/?s={search_term_string}"},"query-input":"required name=search_term_string"}],"inLanguage":"fr-FR"},{"@type":"Organization","@id":"https:\/\/orthopara.store\/#organization","name":"OrthoPara","url":"https:\/\/orthopara.store\/","logo":{"@type":"ImageObject","inLanguage":"fr-FR","@id":"https:\/\/orthopara.store\/#\/schema\/logo\/image\/","url":"https:\/\/orthopara.store\/wp-content\/uploads\/2024\/06\/cropped-9ABA8BAD-6256-4719-9315-15C66E64E882.png","contentUrl":"https:\/\/orthopara.store\/wp-content\/uploads\/2024\/06\/cropped-9ABA8BAD-6256-4719-9315-15C66E64E882.png","width":240,"height":72,"caption":"OrthoPara"},"image":{"@id":"https:\/\/orthopara.store\/#\/schema\/logo\/image\/"},"sameAs":["https:\/\/www.facebook.com\/profile.php?id=61561194315651","https:\/\/www.instagram.com\/orthopara_tunisie\/"]}]}},"jetpack_sharing_enabled":true,"brands":[{"id":189,"name":"BIOLANE","slug":"biolane"}],"_links":{"self":[{"href":"https:\/\/orthopara.store\/index.php?rest_route=\/wp\/v2\/product\/1577","targetHints":{"allow":["GET"]}}],"collection":[{"href":"https:\/\/orthopara.store\/index.php?rest_route=\/wp\/v2\/product"}],"about":[{"href":"https:\/\/orthopara.store\/index.php?rest_route=\/wp\/v2\/types\/product"}],"replies":[{"embeddable":true,"href":"https:\/\/orthopara.store\/index.php?rest_route=%2Fwp%2Fv2%2Fcomments&post=1577"}],"wp:featuredmedia":[{"embeddable":true,"href":"https:\/\/orthopara.store\/index.php?rest_route=\/wp\/v2\/media\/1598"}],"wp:attachment":[{"href":"https:\/\/orthopara.store\/index.php?rest_route=%2Fwp%2Fv2%2Fmedia&parent=1577"}],"wp:term":[{"taxonomy":"pwb-brand","embeddable":true,"href":"https:\/\/orthopara.store\/index.php?rest_route=%2Fwp%2Fv2%2Fpwb-brand&post=1577"},{"taxonomy":"product_cat","embeddable":true,"href":"https:\/\/orthopara.store\/index.php?rest_route=%2Fwp%2Fv2%2Fproduct_cat&post=1577"},{"taxonomy":"product_tag","embeddable":true,"href":"https:\/\/orthopara.store\/index.php?rest_route=%2Fwp%2Fv2%2Fproduct_tag&post=1577"}],"curies":[{"name":"wp","href":"https:\/\/api.w.org\/{rel}","templated":true}]}}