{"id":1579,"date":"2024-06-28T15:54:11","date_gmt":"2024-06-28T13:54:11","guid":{"rendered":"https:\/\/orthopara.store\/?post_type=product&#038;p=1579"},"modified":"2024-06-28T15:54:17","modified_gmt":"2024-06-28T13:54:17","slug":"eau-de-senteur-calino-250ml","status":"publish","type":"product","link":"https:\/\/orthopara.store\/?product=eau-de-senteur-calino-250ml","title":{"rendered":"Eau de senteur &#8211; Calino &#8211; 250ml"},"content":{"rendered":"<p>Eau de senteur &#8211; Calino &#8211; 250ml<br \/>\nEau de senteur B\u00e9b\u00e9 de Calino : sans alcool et hypoallerg\u00e9nique a \u00e9t\u00e9 con\u00e7ue pour respecter la peau de votre b\u00e9b\u00e9. ses notes fra\u00eeches et naturelles apportent plaisir et bien \u00eatre pour votre b\u00e9b\u00e9.<br \/>\nMode d&#8217;emploi\u00a0:\u00a0<br \/>\nVaporiser sur les v\u00eatements de votre b\u00e9b\u00e9 en \u00e9vitant le visage \u00e0 tout moment de la journ\u00e9e.\u00a0Pour parfumer le cuir chevelu et faciliter le coiffage des cheveux de votre b\u00e9b\u00e9, vaporisez sur la brosse et coiffer votre b\u00e9b\u00e9 comme d&rsquo;habitude.\u00a0<\/p>\n","protected":false},"excerpt":{"rendered":"<p>Calino\u00a0<br \/>\nEau de senteur Calino sans alcool et hypoallerg\u00e9nique a \u00e9t\u00e9 con\u00e7ue pour respecter la peau de votre b\u00e9b\u00e9. ses notes fra\u00eeches et naturelles apportent plaisir et bien \u00eatre pour votre b\u00e9b\u00e9.<br \/>\ncontenance : 250ml<\/p>\n","protected":false},"featured_media":1600,"comment_status":"open","ping_status":"closed","template":"","meta":[],"pwb-brand":[190],"product_cat":[183],"product_tag":[],"class_list":{"0":"post-1579","1":"product","2":"type-product","3":"status-publish","4":"has-post-thumbnail","6":"pwb-brand-calino","7":"product_cat-toilette-bain-de-bebe","8":"post","9":"ws-product--style-1","11":"first","12":"instock","13":"shipping-taxable","14":"purchasable","15":"product-type-simple"},"yoast_head":"<!-- This site is optimized with the Yoast SEO plugin v23.0 - https:\/\/yoast.com\/wordpress\/plugins\/seo\/ -->\n<title>Eau de senteur - Calino - 250ml - OrthoPara<\/title>\n<meta name=\"robots\" content=\"index, follow, max-snippet:-1, max-image-preview:large, max-video-preview:-1\" \/>\n<link rel=\"canonical\" href=\"https:\/\/orthopara.store\/index.php\/produit\/eau-de-senteur-calino-250ml\/\" \/>\n<meta property=\"og:locale\" content=\"fr_FR\" \/>\n<meta property=\"og:type\" content=\"article\" \/>\n<meta property=\"og:title\" content=\"Eau de senteur - Calino - 250ml - OrthoPara\" \/>\n<meta property=\"og:description\" content=\"Calino\u00a0 Eau de senteur Calino sans alcool et hypoallerg\u00e9nique a \u00e9t\u00e9 con\u00e7ue pour respecter la peau de votre b\u00e9b\u00e9. ses notes fra\u00eeches et naturelles apportent plaisir et bien \u00eatre pour votre b\u00e9b\u00e9. contenance : 250ml\" \/>\n<meta property=\"og:url\" content=\"https:\/\/orthopara.store\/index.php\/produit\/eau-de-senteur-calino-250ml\/\" \/>\n<meta property=\"og:site_name\" content=\"OrthoPara\" \/>\n<meta property=\"article:publisher\" content=\"https:\/\/www.facebook.com\/profile.php?id=61561194315651\" \/>\n<meta property=\"article:modified_time\" content=\"2024-06-28T13:54:17+00:00\" \/>\n<meta property=\"og:image\" content=\"https:\/\/orthopara.store\/wp-content\/uploads\/2024\/06\/eau-de-senteur-calino-250ml.jpg\" \/>\n\t<meta property=\"og:image:width\" content=\"800\" \/>\n\t<meta property=\"og:image:height\" content=\"800\" \/>\n\t<meta property=\"og:image:type\" content=\"image\/jpeg\" \/>\n<meta name=\"twitter:card\" content=\"summary_large_image\" \/>\n<script type=\"application\/ld+json\" class=\"yoast-schema-graph\">{\"@context\":\"https:\/\/schema.org\",\"@graph\":[{\"@type\":\"WebPage\",\"@id\":\"https:\/\/orthopara.store\/index.php\/produit\/eau-de-senteur-calino-250ml\/\",\"url\":\"https:\/\/orthopara.store\/index.php\/produit\/eau-de-senteur-calino-250ml\/\",\"name\":\"Eau de senteur - Calino - 250ml - OrthoPara\",\"isPartOf\":{\"@id\":\"https:\/\/orthopara.store\/#website\"},\"primaryImageOfPage\":{\"@id\":\"https:\/\/orthopara.store\/index.php\/produit\/eau-de-senteur-calino-250ml\/#primaryimage\"},\"image\":{\"@id\":\"https:\/\/orthopara.store\/index.php\/produit\/eau-de-senteur-calino-250ml\/#primaryimage\"},\"thumbnailUrl\":\"https:\/\/orthopara.store\/wp-content\/uploads\/2024\/06\/eau-de-senteur-calino-250ml.jpg\",\"datePublished\":\"2024-06-28T13:54:11+00:00\",\"dateModified\":\"2024-06-28T13:54:17+00:00\",\"breadcrumb\":{\"@id\":\"https:\/\/orthopara.store\/index.php\/produit\/eau-de-senteur-calino-250ml\/#breadcrumb\"},\"inLanguage\":\"fr-FR\",\"potentialAction\":[{\"@type\":\"ReadAction\",\"target\":[\"https:\/\/orthopara.store\/index.php\/produit\/eau-de-senteur-calino-250ml\/\"]}]},{\"@type\":\"ImageObject\",\"inLanguage\":\"fr-FR\",\"@id\":\"https:\/\/orthopara.store\/index.php\/produit\/eau-de-senteur-calino-250ml\/#primaryimage\",\"url\":\"https:\/\/orthopara.store\/wp-content\/uploads\/2024\/06\/eau-de-senteur-calino-250ml.jpg\",\"contentUrl\":\"https:\/\/orthopara.store\/wp-content\/uploads\/2024\/06\/eau-de-senteur-calino-250ml.jpg\",\"width\":800,\"height\":800},{\"@type\":\"BreadcrumbList\",\"@id\":\"https:\/\/orthopara.store\/index.php\/produit\/eau-de-senteur-calino-250ml\/#breadcrumb\",\"itemListElement\":[{\"@type\":\"ListItem\",\"position\":1,\"name\":\"Accueil\",\"item\":\"https:\/\/orthopara.store\/\"},{\"@type\":\"ListItem\",\"position\":2,\"name\":\"Shop\",\"item\":\"https:\/\/orthopara.store\/?page_id=622\"},{\"@type\":\"ListItem\",\"position\":3,\"name\":\"Eau de senteur &#8211; Calino &#8211; 250ml\"}]},{\"@type\":\"WebSite\",\"@id\":\"https:\/\/orthopara.store\/#website\",\"url\":\"https:\/\/orthopara.store\/\",\"name\":\"OrthoPara\",\"description\":\"Parapharmacie\",\"publisher\":{\"@id\":\"https:\/\/orthopara.store\/#organization\"},\"potentialAction\":[{\"@type\":\"SearchAction\",\"target\":{\"@type\":\"EntryPoint\",\"urlTemplate\":\"https:\/\/orthopara.store\/?s={search_term_string}\"},\"query-input\":\"required name=search_term_string\"}],\"inLanguage\":\"fr-FR\"},{\"@type\":\"Organization\",\"@id\":\"https:\/\/orthopara.store\/#organization\",\"name\":\"OrthoPara\",\"url\":\"https:\/\/orthopara.store\/\",\"logo\":{\"@type\":\"ImageObject\",\"inLanguage\":\"fr-FR\",\"@id\":\"https:\/\/orthopara.store\/#\/schema\/logo\/image\/\",\"url\":\"https:\/\/orthopara.store\/wp-content\/uploads\/2024\/06\/cropped-9ABA8BAD-6256-4719-9315-15C66E64E882.png\",\"contentUrl\":\"https:\/\/orthopara.store\/wp-content\/uploads\/2024\/06\/cropped-9ABA8BAD-6256-4719-9315-15C66E64E882.png\",\"width\":240,\"height\":72,\"caption\":\"OrthoPara\"},\"image\":{\"@id\":\"https:\/\/orthopara.store\/#\/schema\/logo\/image\/\"},\"sameAs\":[\"https:\/\/www.facebook.com\/profile.php?id=61561194315651\",\"https:\/\/www.instagram.com\/orthopara_tunisie\/\"]}]}<\/script>\n<!-- \/ Yoast SEO plugin. -->","yoast_head_json":{"title":"Eau de senteur - Calino - 250ml - OrthoPara","robots":{"index":"index","follow":"follow","max-snippet":"max-snippet:-1","max-image-preview":"max-image-preview:large","max-video-preview":"max-video-preview:-1"},"canonical":"https:\/\/orthopara.store\/index.php\/produit\/eau-de-senteur-calino-250ml\/","og_locale":"fr_FR","og_type":"article","og_title":"Eau de senteur - Calino - 250ml - OrthoPara","og_description":"Calino\u00a0 Eau de senteur Calino sans alcool et hypoallerg\u00e9nique a \u00e9t\u00e9 con\u00e7ue pour respecter la peau de votre b\u00e9b\u00e9. ses notes fra\u00eeches et naturelles apportent plaisir et bien \u00eatre pour votre b\u00e9b\u00e9. contenance : 250ml","og_url":"https:\/\/orthopara.store\/index.php\/produit\/eau-de-senteur-calino-250ml\/","og_site_name":"OrthoPara","article_publisher":"https:\/\/www.facebook.com\/profile.php?id=61561194315651","article_modified_time":"2024-06-28T13:54:17+00:00","og_image":[{"width":800,"height":800,"url":"https:\/\/orthopara.store\/wp-content\/uploads\/2024\/06\/eau-de-senteur-calino-250ml.jpg","type":"image\/jpeg"}],"twitter_card":"summary_large_image","schema":{"@context":"https:\/\/schema.org","@graph":[{"@type":"WebPage","@id":"https:\/\/orthopara.store\/index.php\/produit\/eau-de-senteur-calino-250ml\/","url":"https:\/\/orthopara.store\/index.php\/produit\/eau-de-senteur-calino-250ml\/","name":"Eau de senteur - Calino - 250ml - OrthoPara","isPartOf":{"@id":"https:\/\/orthopara.store\/#website"},"primaryImageOfPage":{"@id":"https:\/\/orthopara.store\/index.php\/produit\/eau-de-senteur-calino-250ml\/#primaryimage"},"image":{"@id":"https:\/\/orthopara.store\/index.php\/produit\/eau-de-senteur-calino-250ml\/#primaryimage"},"thumbnailUrl":"https:\/\/orthopara.store\/wp-content\/uploads\/2024\/06\/eau-de-senteur-calino-250ml.jpg","datePublished":"2024-06-28T13:54:11+00:00","dateModified":"2024-06-28T13:54:17+00:00","breadcrumb":{"@id":"https:\/\/orthopara.store\/index.php\/produit\/eau-de-senteur-calino-250ml\/#breadcrumb"},"inLanguage":"fr-FR","potentialAction":[{"@type":"ReadAction","target":["https:\/\/orthopara.store\/index.php\/produit\/eau-de-senteur-calino-250ml\/"]}]},{"@type":"ImageObject","inLanguage":"fr-FR","@id":"https:\/\/orthopara.store\/index.php\/produit\/eau-de-senteur-calino-250ml\/#primaryimage","url":"https:\/\/orthopara.store\/wp-content\/uploads\/2024\/06\/eau-de-senteur-calino-250ml.jpg","contentUrl":"https:\/\/orthopara.store\/wp-content\/uploads\/2024\/06\/eau-de-senteur-calino-250ml.jpg","width":800,"height":800},{"@type":"BreadcrumbList","@id":"https:\/\/orthopara.store\/index.php\/produit\/eau-de-senteur-calino-250ml\/#breadcrumb","itemListElement":[{"@type":"ListItem","position":1,"name":"Accueil","item":"https:\/\/orthopara.store\/"},{"@type":"ListItem","position":2,"name":"Shop","item":"https:\/\/orthopara.store\/?page_id=622"},{"@type":"ListItem","position":3,"name":"Eau de senteur &#8211; Calino &#8211; 250ml"}]},{"@type":"WebSite","@id":"https:\/\/orthopara.store\/#website","url":"https:\/\/orthopara.store\/","name":"OrthoPara","description":"Parapharmacie","publisher":{"@id":"https:\/\/orthopara.store\/#organization"},"potentialAction":[{"@type":"SearchAction","target":{"@type":"EntryPoint","urlTemplate":"https:\/\/orthopara.store\/?s={search_term_string}"},"query-input":"required name=search_term_string"}],"inLanguage":"fr-FR"},{"@type":"Organization","@id":"https:\/\/orthopara.store\/#organization","name":"OrthoPara","url":"https:\/\/orthopara.store\/","logo":{"@type":"ImageObject","inLanguage":"fr-FR","@id":"https:\/\/orthopara.store\/#\/schema\/logo\/image\/","url":"https:\/\/orthopara.store\/wp-content\/uploads\/2024\/06\/cropped-9ABA8BAD-6256-4719-9315-15C66E64E882.png","contentUrl":"https:\/\/orthopara.store\/wp-content\/uploads\/2024\/06\/cropped-9ABA8BAD-6256-4719-9315-15C66E64E882.png","width":240,"height":72,"caption":"OrthoPara"},"image":{"@id":"https:\/\/orthopara.store\/#\/schema\/logo\/image\/"},"sameAs":["https:\/\/www.facebook.com\/profile.php?id=61561194315651","https:\/\/www.instagram.com\/orthopara_tunisie\/"]}]}},"jetpack_sharing_enabled":true,"brands":[{"id":190,"name":"C\u00e2lino","slug":"calino"}],"_links":{"self":[{"href":"https:\/\/orthopara.store\/index.php?rest_route=\/wp\/v2\/product\/1579","targetHints":{"allow":["GET"]}}],"collection":[{"href":"https:\/\/orthopara.store\/index.php?rest_route=\/wp\/v2\/product"}],"about":[{"href":"https:\/\/orthopara.store\/index.php?rest_route=\/wp\/v2\/types\/product"}],"replies":[{"embeddable":true,"href":"https:\/\/orthopara.store\/index.php?rest_route=%2Fwp%2Fv2%2Fcomments&post=1579"}],"wp:featuredmedia":[{"embeddable":true,"href":"https:\/\/orthopara.store\/index.php?rest_route=\/wp\/v2\/media\/1600"}],"wp:attachment":[{"href":"https:\/\/orthopara.store\/index.php?rest_route=%2Fwp%2Fv2%2Fmedia&parent=1579"}],"wp:term":[{"taxonomy":"pwb-brand","embeddable":true,"href":"https:\/\/orthopara.store\/index.php?rest_route=%2Fwp%2Fv2%2Fpwb-brand&post=1579"},{"taxonomy":"product_cat","embeddable":true,"href":"https:\/\/orthopara.store\/index.php?rest_route=%2Fwp%2Fv2%2Fproduct_cat&post=1579"},{"taxonomy":"product_tag","embeddable":true,"href":"https:\/\/orthopara.store\/index.php?rest_route=%2Fwp%2Fv2%2Fproduct_tag&post=1579"}],"curies":[{"name":"wp","href":"https:\/\/api.w.org\/{rel}","templated":true}]}}