{"id":1581,"date":"2024-06-28T15:54:11","date_gmt":"2024-06-28T13:54:11","guid":{"rendered":"https:\/\/orthopara.store\/?post_type=product&#038;p=1581"},"modified":"2024-06-28T15:54:18","modified_gmt":"2024-06-28T13:54:18","slug":"shampoing-bain-calino-250ml","status":"publish","type":"product","link":"https:\/\/orthopara.store\/?product=shampoing-bain-calino-250ml","title":{"rendered":"Shampoing &#038; Bain &#8211; Calino &#8211; 250ml"},"content":{"rendered":"<p>Shampoing &#038; Bain &#8211; Calino &#8211; 250ml<br \/>\nCalino Shampoing &#038; Bain a \u00e9t\u00e9 con\u00e7u pour un lavage et des soins tout en douceur de la t\u00eate aux pieds<br \/>\nCalino Shampoing &#038; Bain: riche en extrait de calendula, protecteur et apaisant, et en miel, hydratant et r\u00e9parateur, respecte le peau sensible et les cheveux d\u00e9licat du b\u00e9b\u00e9. Il nettoie en douceur et prot\u00e8ge contre les irritations gr\u00e2ce aux tensio-actifs innovants pour une tr\u00e8s haute tol\u00e9rance.<br \/>\nConseils d&rsquo;utilisation :<br \/>\nVerser une noisette, faire mousser sur le corps et les cheveux de votre b\u00e9b\u00e9 pr\u00e9alablement mouill\u00e9s. Rincer abondamment \u00e0 l\u2019eau.<\/p>\n","protected":false},"excerpt":{"rendered":"<p>Calino\u00a0<br \/>\n\u00c9veillez les sens de votre b\u00e9b\u00e9 \u00e0 chaque bain avec le Shampoing Calino, enrichi de miel et de calendula. Sa formule douce et hypoallerg\u00e9nique prend d\u00e9licatement soin des cheveux de votre petit tr\u00e9sor, laissant une fragrance d\u00e9licate et des boucles \u00e9clatantes.<br \/>\nOffrez \u00e0 votre b\u00e9b\u00e9 l&rsquo;exp\u00e9rience d&rsquo;un bain doux et relaxant avec le Shampoing Calino, pour des moments de pure douceur et de propret\u00e9 irr\u00e9sistible<br \/>\ncontenance : 250ml<\/p>\n","protected":false},"featured_media":1602,"comment_status":"open","ping_status":"closed","template":"","meta":[],"pwb-brand":[190],"product_cat":[183],"product_tag":[],"class_list":{"0":"post-1581","1":"product","2":"type-product","3":"status-publish","4":"has-post-thumbnail","6":"pwb-brand-calino","7":"product_cat-toilette-bain-de-bebe","8":"post","9":"ws-product--style-1","11":"first","12":"instock","13":"shipping-taxable","14":"purchasable","15":"product-type-simple"},"yoast_head":"<!-- This site is optimized with the Yoast SEO plugin v23.0 - https:\/\/yoast.com\/wordpress\/plugins\/seo\/ -->\n<title>Shampoing &amp; Bain - Calino - 250ml - OrthoPara<\/title>\n<meta name=\"robots\" content=\"index, follow, max-snippet:-1, max-image-preview:large, max-video-preview:-1\" \/>\n<link rel=\"canonical\" href=\"https:\/\/orthopara.store\/index.php\/produit\/shampoing-bain-calino-250ml\/\" \/>\n<meta property=\"og:locale\" content=\"fr_FR\" \/>\n<meta property=\"og:type\" content=\"article\" \/>\n<meta property=\"og:title\" content=\"Shampoing &amp; Bain - Calino - 250ml - OrthoPara\" \/>\n<meta property=\"og:description\" content=\"Calino\u00a0 \u00c9veillez les sens de votre b\u00e9b\u00e9 \u00e0 chaque bain avec le Shampoing Calino, enrichi de miel et de calendula. Sa formule douce et hypoallerg\u00e9nique prend d\u00e9licatement soin des cheveux de votre petit tr\u00e9sor, laissant une fragrance d\u00e9licate et des boucles \u00e9clatantes. Offrez \u00e0 votre b\u00e9b\u00e9 l&#039;exp\u00e9rience d&#039;un bain doux et relaxant avec le Shampoing Calino, pour des moments de pure douceur et de propret\u00e9 irr\u00e9sistible contenance : 250ml\" \/>\n<meta property=\"og:url\" content=\"https:\/\/orthopara.store\/index.php\/produit\/shampoing-bain-calino-250ml\/\" \/>\n<meta property=\"og:site_name\" content=\"OrthoPara\" \/>\n<meta property=\"article:publisher\" content=\"https:\/\/www.facebook.com\/profile.php?id=61561194315651\" \/>\n<meta property=\"article:modified_time\" content=\"2024-06-28T13:54:18+00:00\" \/>\n<meta property=\"og:image\" content=\"https:\/\/orthopara.store\/wp-content\/uploads\/2024\/06\/shampoing-bain-calino-250ml.jpg\" \/>\n\t<meta property=\"og:image:width\" content=\"800\" \/>\n\t<meta property=\"og:image:height\" content=\"800\" \/>\n\t<meta property=\"og:image:type\" content=\"image\/jpeg\" \/>\n<meta name=\"twitter:card\" content=\"summary_large_image\" \/>\n<meta name=\"twitter:label1\" content=\"Dur\u00e9e de lecture estim\u00e9e\" \/>\n\t<meta name=\"twitter:data1\" content=\"1 minute\" \/>\n<script type=\"application\/ld+json\" class=\"yoast-schema-graph\">{\"@context\":\"https:\/\/schema.org\",\"@graph\":[{\"@type\":\"WebPage\",\"@id\":\"https:\/\/orthopara.store\/index.php\/produit\/shampoing-bain-calino-250ml\/\",\"url\":\"https:\/\/orthopara.store\/index.php\/produit\/shampoing-bain-calino-250ml\/\",\"name\":\"Shampoing & Bain - Calino - 250ml - OrthoPara\",\"isPartOf\":{\"@id\":\"https:\/\/orthopara.store\/#website\"},\"primaryImageOfPage\":{\"@id\":\"https:\/\/orthopara.store\/index.php\/produit\/shampoing-bain-calino-250ml\/#primaryimage\"},\"image\":{\"@id\":\"https:\/\/orthopara.store\/index.php\/produit\/shampoing-bain-calino-250ml\/#primaryimage\"},\"thumbnailUrl\":\"https:\/\/orthopara.store\/wp-content\/uploads\/2024\/06\/shampoing-bain-calino-250ml.jpg\",\"datePublished\":\"2024-06-28T13:54:11+00:00\",\"dateModified\":\"2024-06-28T13:54:18+00:00\",\"breadcrumb\":{\"@id\":\"https:\/\/orthopara.store\/index.php\/produit\/shampoing-bain-calino-250ml\/#breadcrumb\"},\"inLanguage\":\"fr-FR\",\"potentialAction\":[{\"@type\":\"ReadAction\",\"target\":[\"https:\/\/orthopara.store\/index.php\/produit\/shampoing-bain-calino-250ml\/\"]}]},{\"@type\":\"ImageObject\",\"inLanguage\":\"fr-FR\",\"@id\":\"https:\/\/orthopara.store\/index.php\/produit\/shampoing-bain-calino-250ml\/#primaryimage\",\"url\":\"https:\/\/orthopara.store\/wp-content\/uploads\/2024\/06\/shampoing-bain-calino-250ml.jpg\",\"contentUrl\":\"https:\/\/orthopara.store\/wp-content\/uploads\/2024\/06\/shampoing-bain-calino-250ml.jpg\",\"width\":800,\"height\":800},{\"@type\":\"BreadcrumbList\",\"@id\":\"https:\/\/orthopara.store\/index.php\/produit\/shampoing-bain-calino-250ml\/#breadcrumb\",\"itemListElement\":[{\"@type\":\"ListItem\",\"position\":1,\"name\":\"Accueil\",\"item\":\"https:\/\/orthopara.store\/\"},{\"@type\":\"ListItem\",\"position\":2,\"name\":\"Shop\",\"item\":\"https:\/\/orthopara.store\/?page_id=622\"},{\"@type\":\"ListItem\",\"position\":3,\"name\":\"Shampoing &#038; Bain &#8211; Calino &#8211; 250ml\"}]},{\"@type\":\"WebSite\",\"@id\":\"https:\/\/orthopara.store\/#website\",\"url\":\"https:\/\/orthopara.store\/\",\"name\":\"OrthoPara\",\"description\":\"Parapharmacie\",\"publisher\":{\"@id\":\"https:\/\/orthopara.store\/#organization\"},\"potentialAction\":[{\"@type\":\"SearchAction\",\"target\":{\"@type\":\"EntryPoint\",\"urlTemplate\":\"https:\/\/orthopara.store\/?s={search_term_string}\"},\"query-input\":\"required name=search_term_string\"}],\"inLanguage\":\"fr-FR\"},{\"@type\":\"Organization\",\"@id\":\"https:\/\/orthopara.store\/#organization\",\"name\":\"OrthoPara\",\"url\":\"https:\/\/orthopara.store\/\",\"logo\":{\"@type\":\"ImageObject\",\"inLanguage\":\"fr-FR\",\"@id\":\"https:\/\/orthopara.store\/#\/schema\/logo\/image\/\",\"url\":\"https:\/\/orthopara.store\/wp-content\/uploads\/2024\/06\/cropped-9ABA8BAD-6256-4719-9315-15C66E64E882.png\",\"contentUrl\":\"https:\/\/orthopara.store\/wp-content\/uploads\/2024\/06\/cropped-9ABA8BAD-6256-4719-9315-15C66E64E882.png\",\"width\":240,\"height\":72,\"caption\":\"OrthoPara\"},\"image\":{\"@id\":\"https:\/\/orthopara.store\/#\/schema\/logo\/image\/\"},\"sameAs\":[\"https:\/\/www.facebook.com\/profile.php?id=61561194315651\",\"https:\/\/www.instagram.com\/orthopara_tunisie\/\"]}]}<\/script>\n<!-- \/ Yoast SEO plugin. -->","yoast_head_json":{"title":"Shampoing & Bain - Calino - 250ml - OrthoPara","robots":{"index":"index","follow":"follow","max-snippet":"max-snippet:-1","max-image-preview":"max-image-preview:large","max-video-preview":"max-video-preview:-1"},"canonical":"https:\/\/orthopara.store\/index.php\/produit\/shampoing-bain-calino-250ml\/","og_locale":"fr_FR","og_type":"article","og_title":"Shampoing & Bain - Calino - 250ml - OrthoPara","og_description":"Calino\u00a0 \u00c9veillez les sens de votre b\u00e9b\u00e9 \u00e0 chaque bain avec le Shampoing Calino, enrichi de miel et de calendula. Sa formule douce et hypoallerg\u00e9nique prend d\u00e9licatement soin des cheveux de votre petit tr\u00e9sor, laissant une fragrance d\u00e9licate et des boucles \u00e9clatantes. Offrez \u00e0 votre b\u00e9b\u00e9 l'exp\u00e9rience d'un bain doux et relaxant avec le Shampoing Calino, pour des moments de pure douceur et de propret\u00e9 irr\u00e9sistible contenance : 250ml","og_url":"https:\/\/orthopara.store\/index.php\/produit\/shampoing-bain-calino-250ml\/","og_site_name":"OrthoPara","article_publisher":"https:\/\/www.facebook.com\/profile.php?id=61561194315651","article_modified_time":"2024-06-28T13:54:18+00:00","og_image":[{"width":800,"height":800,"url":"https:\/\/orthopara.store\/wp-content\/uploads\/2024\/06\/shampoing-bain-calino-250ml.jpg","type":"image\/jpeg"}],"twitter_card":"summary_large_image","twitter_misc":{"Dur\u00e9e de lecture estim\u00e9e":"1 minute"},"schema":{"@context":"https:\/\/schema.org","@graph":[{"@type":"WebPage","@id":"https:\/\/orthopara.store\/index.php\/produit\/shampoing-bain-calino-250ml\/","url":"https:\/\/orthopara.store\/index.php\/produit\/shampoing-bain-calino-250ml\/","name":"Shampoing & Bain - Calino - 250ml - OrthoPara","isPartOf":{"@id":"https:\/\/orthopara.store\/#website"},"primaryImageOfPage":{"@id":"https:\/\/orthopara.store\/index.php\/produit\/shampoing-bain-calino-250ml\/#primaryimage"},"image":{"@id":"https:\/\/orthopara.store\/index.php\/produit\/shampoing-bain-calino-250ml\/#primaryimage"},"thumbnailUrl":"https:\/\/orthopara.store\/wp-content\/uploads\/2024\/06\/shampoing-bain-calino-250ml.jpg","datePublished":"2024-06-28T13:54:11+00:00","dateModified":"2024-06-28T13:54:18+00:00","breadcrumb":{"@id":"https:\/\/orthopara.store\/index.php\/produit\/shampoing-bain-calino-250ml\/#breadcrumb"},"inLanguage":"fr-FR","potentialAction":[{"@type":"ReadAction","target":["https:\/\/orthopara.store\/index.php\/produit\/shampoing-bain-calino-250ml\/"]}]},{"@type":"ImageObject","inLanguage":"fr-FR","@id":"https:\/\/orthopara.store\/index.php\/produit\/shampoing-bain-calino-250ml\/#primaryimage","url":"https:\/\/orthopara.store\/wp-content\/uploads\/2024\/06\/shampoing-bain-calino-250ml.jpg","contentUrl":"https:\/\/orthopara.store\/wp-content\/uploads\/2024\/06\/shampoing-bain-calino-250ml.jpg","width":800,"height":800},{"@type":"BreadcrumbList","@id":"https:\/\/orthopara.store\/index.php\/produit\/shampoing-bain-calino-250ml\/#breadcrumb","itemListElement":[{"@type":"ListItem","position":1,"name":"Accueil","item":"https:\/\/orthopara.store\/"},{"@type":"ListItem","position":2,"name":"Shop","item":"https:\/\/orthopara.store\/?page_id=622"},{"@type":"ListItem","position":3,"name":"Shampoing &#038; Bain &#8211; Calino &#8211; 250ml"}]},{"@type":"WebSite","@id":"https:\/\/orthopara.store\/#website","url":"https:\/\/orthopara.store\/","name":"OrthoPara","description":"Parapharmacie","publisher":{"@id":"https:\/\/orthopara.store\/#organization"},"potentialAction":[{"@type":"SearchAction","target":{"@type":"EntryPoint","urlTemplate":"https:\/\/orthopara.store\/?s={search_term_string}"},"query-input":"required name=search_term_string"}],"inLanguage":"fr-FR"},{"@type":"Organization","@id":"https:\/\/orthopara.store\/#organization","name":"OrthoPara","url":"https:\/\/orthopara.store\/","logo":{"@type":"ImageObject","inLanguage":"fr-FR","@id":"https:\/\/orthopara.store\/#\/schema\/logo\/image\/","url":"https:\/\/orthopara.store\/wp-content\/uploads\/2024\/06\/cropped-9ABA8BAD-6256-4719-9315-15C66E64E882.png","contentUrl":"https:\/\/orthopara.store\/wp-content\/uploads\/2024\/06\/cropped-9ABA8BAD-6256-4719-9315-15C66E64E882.png","width":240,"height":72,"caption":"OrthoPara"},"image":{"@id":"https:\/\/orthopara.store\/#\/schema\/logo\/image\/"},"sameAs":["https:\/\/www.facebook.com\/profile.php?id=61561194315651","https:\/\/www.instagram.com\/orthopara_tunisie\/"]}]}},"jetpack_sharing_enabled":true,"brands":[{"id":190,"name":"C\u00e2lino","slug":"calino"}],"_links":{"self":[{"href":"https:\/\/orthopara.store\/index.php?rest_route=\/wp\/v2\/product\/1581","targetHints":{"allow":["GET"]}}],"collection":[{"href":"https:\/\/orthopara.store\/index.php?rest_route=\/wp\/v2\/product"}],"about":[{"href":"https:\/\/orthopara.store\/index.php?rest_route=\/wp\/v2\/types\/product"}],"replies":[{"embeddable":true,"href":"https:\/\/orthopara.store\/index.php?rest_route=%2Fwp%2Fv2%2Fcomments&post=1581"}],"wp:featuredmedia":[{"embeddable":true,"href":"https:\/\/orthopara.store\/index.php?rest_route=\/wp\/v2\/media\/1602"}],"wp:attachment":[{"href":"https:\/\/orthopara.store\/index.php?rest_route=%2Fwp%2Fv2%2Fmedia&parent=1581"}],"wp:term":[{"taxonomy":"pwb-brand","embeddable":true,"href":"https:\/\/orthopara.store\/index.php?rest_route=%2Fwp%2Fv2%2Fpwb-brand&post=1581"},{"taxonomy":"product_cat","embeddable":true,"href":"https:\/\/orthopara.store\/index.php?rest_route=%2Fwp%2Fv2%2Fproduct_cat&post=1581"},{"taxonomy":"product_tag","embeddable":true,"href":"https:\/\/orthopara.store\/index.php?rest_route=%2Fwp%2Fv2%2Fproduct_tag&post=1581"}],"curies":[{"name":"wp","href":"https:\/\/api.w.org\/{rel}","templated":true}]}}