{"id":1582,"date":"2024-06-28T15:54:11","date_gmt":"2024-06-28T13:54:11","guid":{"rendered":"https:\/\/orthopara.store\/?post_type=product&#038;p=1582"},"modified":"2024-06-28T15:54:19","modified_gmt":"2024-06-28T13:54:19","slug":"lingettes-bebe-septanil-72-lingettes","status":"publish","type":"product","link":"https:\/\/orthopara.store\/?product=lingettes-bebe-septanil-72-lingettes","title":{"rendered":"Lingettes B\u00e9b\u00e9 &#8211; Septanil &#8211; 72 lingettes"},"content":{"rendered":"<p>Lingettes B\u00e9b\u00e9 &#8211; Septanil &#8211; 72 lingettes\u00a0<br \/>\nLes lingettes Septani pour b\u00e9b\u00e9, nettoient efficacement la peau de votre b\u00e9b\u00e9 pour une sensation de douceur et de bien-\u00eatre imm\u00e9diat.<br \/>\nLes lingettes Septanil, sp\u00e9cialement con\u00e7ues pour la toilette quotidienne de votre enfant. Gr\u00e2ce \u00e0 leur tissu doux, ces lingettes sont tr\u00e8s r\u00e9sistantes, nettoient en douceur la peau de votre b\u00e9b\u00e9 tout en pr\u00e9servant l&rsquo;\u00e9quilibre naturel de son \u00e9piderme. D\u00e9licatement parfum\u00e9es, les lingettes Septanil sont utilisables des la naissance.<br \/>\nTest\u00e9es sous contr\u00f4le dermatologique.<br \/>\nPr\u00e9caution d&#8217;emploi:<br \/>\npour un usage externe uniquement, refermer la lingette apr\u00e8s chaque utilisation.<\/p>\n","protected":false},"excerpt":{"rendered":"<p>Septanil\u00a0<br \/>\nLingettes B\u00e9b\u00e9\u00a0<br \/>\nD\u00e9couvrez nos lingettes pour b\u00e9b\u00e9, sp\u00e9cialement con\u00e7ues pour les peaux hypersensibles, laissant une sensation de fra\u00eecheur et de propret\u00e9.\u00a0Parce que chaque geste compte dans le bien-\u00eatre de votre b\u00e9b\u00e9 !<br \/>\nSans alcool\u00a0<br \/>\nSans parab\u00e8ne\u00a0<br \/>\nSans phenoxyethanol\u00a0<br \/>\nLes lingettes Septanil pour b\u00e9b\u00e9, nettoient efficacement la peau de votre b\u00e9b\u00e9 pour une sensation de douceur et de bien-\u00eatre imm\u00e9diat.<br \/>\nContenance: 72 lingettes<br \/>\nDLC: 10\/2026<\/p>\n","protected":false},"featured_media":1603,"comment_status":"open","ping_status":"closed","template":"","meta":[],"pwb-brand":[191],"product_cat":[183],"product_tag":[],"class_list":{"0":"post-1582","1":"product","2":"type-product","3":"status-publish","4":"has-post-thumbnail","6":"pwb-brand-septanil","7":"product_cat-toilette-bain-de-bebe","8":"post","9":"ws-product--style-1","11":"first","12":"instock","13":"shipping-taxable","14":"purchasable","15":"product-type-simple"},"yoast_head":"<!-- This site is optimized with the Yoast SEO plugin v23.0 - https:\/\/yoast.com\/wordpress\/plugins\/seo\/ -->\n<title>Lingettes B\u00e9b\u00e9 - Septanil - 72 lingettes - OrthoPara<\/title>\n<meta name=\"robots\" content=\"index, follow, max-snippet:-1, max-image-preview:large, max-video-preview:-1\" \/>\n<link rel=\"canonical\" href=\"https:\/\/orthopara.store\/index.php\/produit\/lingettes-bebe-septanil-72-lingettes\/\" \/>\n<meta property=\"og:locale\" content=\"fr_FR\" \/>\n<meta property=\"og:type\" content=\"article\" \/>\n<meta property=\"og:title\" content=\"Lingettes B\u00e9b\u00e9 - Septanil - 72 lingettes - OrthoPara\" \/>\n<meta property=\"og:description\" content=\"Septanil\u00a0 Lingettes B\u00e9b\u00e9\u00a0 D\u00e9couvrez nos lingettes pour b\u00e9b\u00e9, sp\u00e9cialement con\u00e7ues pour les peaux hypersensibles, laissant une sensation de fra\u00eecheur et de propret\u00e9.\u00a0Parce que chaque geste compte dans le bien-\u00eatre de votre b\u00e9b\u00e9 ! Sans alcool\u00a0 Sans parab\u00e8ne\u00a0 Sans phenoxyethanol\u00a0 Les lingettes Septanil pour b\u00e9b\u00e9, nettoient efficacement la peau de votre b\u00e9b\u00e9 pour une sensation de douceur et de bien-\u00eatre imm\u00e9diat. Contenance: 72 lingettes DLC: 10\/2026\" \/>\n<meta property=\"og:url\" content=\"https:\/\/orthopara.store\/index.php\/produit\/lingettes-bebe-septanil-72-lingettes\/\" \/>\n<meta property=\"og:site_name\" content=\"OrthoPara\" \/>\n<meta property=\"article:publisher\" content=\"https:\/\/www.facebook.com\/profile.php?id=61561194315651\" \/>\n<meta property=\"article:modified_time\" content=\"2024-06-28T13:54:19+00:00\" \/>\n<meta property=\"og:image\" content=\"https:\/\/orthopara.store\/wp-content\/uploads\/2024\/06\/lingettes-bebe-septanil-72-lingettes.jpg\" \/>\n\t<meta property=\"og:image:width\" content=\"800\" \/>\n\t<meta property=\"og:image:height\" content=\"800\" \/>\n\t<meta property=\"og:image:type\" content=\"image\/jpeg\" \/>\n<meta name=\"twitter:card\" content=\"summary_large_image\" \/>\n<meta name=\"twitter:label1\" content=\"Dur\u00e9e de lecture estim\u00e9e\" \/>\n\t<meta name=\"twitter:data1\" content=\"1 minute\" \/>\n<script type=\"application\/ld+json\" class=\"yoast-schema-graph\">{\"@context\":\"https:\/\/schema.org\",\"@graph\":[{\"@type\":\"WebPage\",\"@id\":\"https:\/\/orthopara.store\/index.php\/produit\/lingettes-bebe-septanil-72-lingettes\/\",\"url\":\"https:\/\/orthopara.store\/index.php\/produit\/lingettes-bebe-septanil-72-lingettes\/\",\"name\":\"Lingettes B\u00e9b\u00e9 - Septanil - 72 lingettes - OrthoPara\",\"isPartOf\":{\"@id\":\"https:\/\/orthopara.store\/#website\"},\"primaryImageOfPage\":{\"@id\":\"https:\/\/orthopara.store\/index.php\/produit\/lingettes-bebe-septanil-72-lingettes\/#primaryimage\"},\"image\":{\"@id\":\"https:\/\/orthopara.store\/index.php\/produit\/lingettes-bebe-septanil-72-lingettes\/#primaryimage\"},\"thumbnailUrl\":\"https:\/\/orthopara.store\/wp-content\/uploads\/2024\/06\/lingettes-bebe-septanil-72-lingettes.jpg\",\"datePublished\":\"2024-06-28T13:54:11+00:00\",\"dateModified\":\"2024-06-28T13:54:19+00:00\",\"breadcrumb\":{\"@id\":\"https:\/\/orthopara.store\/index.php\/produit\/lingettes-bebe-septanil-72-lingettes\/#breadcrumb\"},\"inLanguage\":\"fr-FR\",\"potentialAction\":[{\"@type\":\"ReadAction\",\"target\":[\"https:\/\/orthopara.store\/index.php\/produit\/lingettes-bebe-septanil-72-lingettes\/\"]}]},{\"@type\":\"ImageObject\",\"inLanguage\":\"fr-FR\",\"@id\":\"https:\/\/orthopara.store\/index.php\/produit\/lingettes-bebe-septanil-72-lingettes\/#primaryimage\",\"url\":\"https:\/\/orthopara.store\/wp-content\/uploads\/2024\/06\/lingettes-bebe-septanil-72-lingettes.jpg\",\"contentUrl\":\"https:\/\/orthopara.store\/wp-content\/uploads\/2024\/06\/lingettes-bebe-septanil-72-lingettes.jpg\",\"width\":800,\"height\":800},{\"@type\":\"BreadcrumbList\",\"@id\":\"https:\/\/orthopara.store\/index.php\/produit\/lingettes-bebe-septanil-72-lingettes\/#breadcrumb\",\"itemListElement\":[{\"@type\":\"ListItem\",\"position\":1,\"name\":\"Accueil\",\"item\":\"https:\/\/orthopara.store\/\"},{\"@type\":\"ListItem\",\"position\":2,\"name\":\"Shop\",\"item\":\"https:\/\/orthopara.store\/?page_id=622\"},{\"@type\":\"ListItem\",\"position\":3,\"name\":\"Lingettes B\u00e9b\u00e9 &#8211; Septanil &#8211; 72 lingettes\"}]},{\"@type\":\"WebSite\",\"@id\":\"https:\/\/orthopara.store\/#website\",\"url\":\"https:\/\/orthopara.store\/\",\"name\":\"OrthoPara\",\"description\":\"Parapharmacie\",\"publisher\":{\"@id\":\"https:\/\/orthopara.store\/#organization\"},\"potentialAction\":[{\"@type\":\"SearchAction\",\"target\":{\"@type\":\"EntryPoint\",\"urlTemplate\":\"https:\/\/orthopara.store\/?s={search_term_string}\"},\"query-input\":\"required name=search_term_string\"}],\"inLanguage\":\"fr-FR\"},{\"@type\":\"Organization\",\"@id\":\"https:\/\/orthopara.store\/#organization\",\"name\":\"OrthoPara\",\"url\":\"https:\/\/orthopara.store\/\",\"logo\":{\"@type\":\"ImageObject\",\"inLanguage\":\"fr-FR\",\"@id\":\"https:\/\/orthopara.store\/#\/schema\/logo\/image\/\",\"url\":\"https:\/\/orthopara.store\/wp-content\/uploads\/2024\/06\/cropped-9ABA8BAD-6256-4719-9315-15C66E64E882.png\",\"contentUrl\":\"https:\/\/orthopara.store\/wp-content\/uploads\/2024\/06\/cropped-9ABA8BAD-6256-4719-9315-15C66E64E882.png\",\"width\":240,\"height\":72,\"caption\":\"OrthoPara\"},\"image\":{\"@id\":\"https:\/\/orthopara.store\/#\/schema\/logo\/image\/\"},\"sameAs\":[\"https:\/\/www.facebook.com\/profile.php?id=61561194315651\",\"https:\/\/www.instagram.com\/orthopara_tunisie\/\"]}]}<\/script>\n<!-- \/ Yoast SEO plugin. -->","yoast_head_json":{"title":"Lingettes B\u00e9b\u00e9 - Septanil - 72 lingettes - OrthoPara","robots":{"index":"index","follow":"follow","max-snippet":"max-snippet:-1","max-image-preview":"max-image-preview:large","max-video-preview":"max-video-preview:-1"},"canonical":"https:\/\/orthopara.store\/index.php\/produit\/lingettes-bebe-septanil-72-lingettes\/","og_locale":"fr_FR","og_type":"article","og_title":"Lingettes B\u00e9b\u00e9 - Septanil - 72 lingettes - OrthoPara","og_description":"Septanil\u00a0 Lingettes B\u00e9b\u00e9\u00a0 D\u00e9couvrez nos lingettes pour b\u00e9b\u00e9, sp\u00e9cialement con\u00e7ues pour les peaux hypersensibles, laissant une sensation de fra\u00eecheur et de propret\u00e9.\u00a0Parce que chaque geste compte dans le bien-\u00eatre de votre b\u00e9b\u00e9 ! Sans alcool\u00a0 Sans parab\u00e8ne\u00a0 Sans phenoxyethanol\u00a0 Les lingettes Septanil pour b\u00e9b\u00e9, nettoient efficacement la peau de votre b\u00e9b\u00e9 pour une sensation de douceur et de bien-\u00eatre imm\u00e9diat. Contenance: 72 lingettes DLC: 10\/2026","og_url":"https:\/\/orthopara.store\/index.php\/produit\/lingettes-bebe-septanil-72-lingettes\/","og_site_name":"OrthoPara","article_publisher":"https:\/\/www.facebook.com\/profile.php?id=61561194315651","article_modified_time":"2024-06-28T13:54:19+00:00","og_image":[{"width":800,"height":800,"url":"https:\/\/orthopara.store\/wp-content\/uploads\/2024\/06\/lingettes-bebe-septanil-72-lingettes.jpg","type":"image\/jpeg"}],"twitter_card":"summary_large_image","twitter_misc":{"Dur\u00e9e de lecture estim\u00e9e":"1 minute"},"schema":{"@context":"https:\/\/schema.org","@graph":[{"@type":"WebPage","@id":"https:\/\/orthopara.store\/index.php\/produit\/lingettes-bebe-septanil-72-lingettes\/","url":"https:\/\/orthopara.store\/index.php\/produit\/lingettes-bebe-septanil-72-lingettes\/","name":"Lingettes B\u00e9b\u00e9 - Septanil - 72 lingettes - OrthoPara","isPartOf":{"@id":"https:\/\/orthopara.store\/#website"},"primaryImageOfPage":{"@id":"https:\/\/orthopara.store\/index.php\/produit\/lingettes-bebe-septanil-72-lingettes\/#primaryimage"},"image":{"@id":"https:\/\/orthopara.store\/index.php\/produit\/lingettes-bebe-septanil-72-lingettes\/#primaryimage"},"thumbnailUrl":"https:\/\/orthopara.store\/wp-content\/uploads\/2024\/06\/lingettes-bebe-septanil-72-lingettes.jpg","datePublished":"2024-06-28T13:54:11+00:00","dateModified":"2024-06-28T13:54:19+00:00","breadcrumb":{"@id":"https:\/\/orthopara.store\/index.php\/produit\/lingettes-bebe-septanil-72-lingettes\/#breadcrumb"},"inLanguage":"fr-FR","potentialAction":[{"@type":"ReadAction","target":["https:\/\/orthopara.store\/index.php\/produit\/lingettes-bebe-septanil-72-lingettes\/"]}]},{"@type":"ImageObject","inLanguage":"fr-FR","@id":"https:\/\/orthopara.store\/index.php\/produit\/lingettes-bebe-septanil-72-lingettes\/#primaryimage","url":"https:\/\/orthopara.store\/wp-content\/uploads\/2024\/06\/lingettes-bebe-septanil-72-lingettes.jpg","contentUrl":"https:\/\/orthopara.store\/wp-content\/uploads\/2024\/06\/lingettes-bebe-septanil-72-lingettes.jpg","width":800,"height":800},{"@type":"BreadcrumbList","@id":"https:\/\/orthopara.store\/index.php\/produit\/lingettes-bebe-septanil-72-lingettes\/#breadcrumb","itemListElement":[{"@type":"ListItem","position":1,"name":"Accueil","item":"https:\/\/orthopara.store\/"},{"@type":"ListItem","position":2,"name":"Shop","item":"https:\/\/orthopara.store\/?page_id=622"},{"@type":"ListItem","position":3,"name":"Lingettes B\u00e9b\u00e9 &#8211; Septanil &#8211; 72 lingettes"}]},{"@type":"WebSite","@id":"https:\/\/orthopara.store\/#website","url":"https:\/\/orthopara.store\/","name":"OrthoPara","description":"Parapharmacie","publisher":{"@id":"https:\/\/orthopara.store\/#organization"},"potentialAction":[{"@type":"SearchAction","target":{"@type":"EntryPoint","urlTemplate":"https:\/\/orthopara.store\/?s={search_term_string}"},"query-input":"required name=search_term_string"}],"inLanguage":"fr-FR"},{"@type":"Organization","@id":"https:\/\/orthopara.store\/#organization","name":"OrthoPara","url":"https:\/\/orthopara.store\/","logo":{"@type":"ImageObject","inLanguage":"fr-FR","@id":"https:\/\/orthopara.store\/#\/schema\/logo\/image\/","url":"https:\/\/orthopara.store\/wp-content\/uploads\/2024\/06\/cropped-9ABA8BAD-6256-4719-9315-15C66E64E882.png","contentUrl":"https:\/\/orthopara.store\/wp-content\/uploads\/2024\/06\/cropped-9ABA8BAD-6256-4719-9315-15C66E64E882.png","width":240,"height":72,"caption":"OrthoPara"},"image":{"@id":"https:\/\/orthopara.store\/#\/schema\/logo\/image\/"},"sameAs":["https:\/\/www.facebook.com\/profile.php?id=61561194315651","https:\/\/www.instagram.com\/orthopara_tunisie\/"]}]}},"jetpack_sharing_enabled":true,"brands":[{"id":191,"name":"SEPTANIL","slug":"septanil"}],"_links":{"self":[{"href":"https:\/\/orthopara.store\/index.php?rest_route=\/wp\/v2\/product\/1582","targetHints":{"allow":["GET"]}}],"collection":[{"href":"https:\/\/orthopara.store\/index.php?rest_route=\/wp\/v2\/product"}],"about":[{"href":"https:\/\/orthopara.store\/index.php?rest_route=\/wp\/v2\/types\/product"}],"replies":[{"embeddable":true,"href":"https:\/\/orthopara.store\/index.php?rest_route=%2Fwp%2Fv2%2Fcomments&post=1582"}],"wp:featuredmedia":[{"embeddable":true,"href":"https:\/\/orthopara.store\/index.php?rest_route=\/wp\/v2\/media\/1603"}],"wp:attachment":[{"href":"https:\/\/orthopara.store\/index.php?rest_route=%2Fwp%2Fv2%2Fmedia&parent=1582"}],"wp:term":[{"taxonomy":"pwb-brand","embeddable":true,"href":"https:\/\/orthopara.store\/index.php?rest_route=%2Fwp%2Fv2%2Fpwb-brand&post=1582"},{"taxonomy":"product_cat","embeddable":true,"href":"https:\/\/orthopara.store\/index.php?rest_route=%2Fwp%2Fv2%2Fproduct_cat&post=1582"},{"taxonomy":"product_tag","embeddable":true,"href":"https:\/\/orthopara.store\/index.php?rest_route=%2Fwp%2Fv2%2Fproduct_tag&post=1582"}],"curies":[{"name":"wp","href":"https:\/\/api.w.org\/{rel}","templated":true}]}}