{"id":1583,"date":"2024-06-28T15:54:11","date_gmt":"2024-06-28T13:54:11","guid":{"rendered":"https:\/\/orthopara.store\/?post_type=product&#038;p=1583"},"modified":"2024-06-28T15:54:19","modified_gmt":"2024-06-28T13:54:19","slug":"savon-surgras-douceur-3-en-1-neutraderm-100gr","status":"publish","type":"product","link":"https:\/\/orthopara.store\/?product=savon-surgras-douceur-3-en-1-neutraderm-100gr","title":{"rendered":"Savon surgras douceur 3 en 1 &#8211; Neutraderm &#8211; 100gr"},"content":{"rendered":"<p>Savon surgras douceur 3 en 1 &#8211; Neutraderm &#8211; 100gr<br \/>\nLe Savon Surgras Douceur 3-en-1 nettoie en douceur le visage, le corps et les cheveux des b\u00e9b\u00e9s. Gr\u00e2ce \u00e0 sa formule extra-douce, la peau ne tiraille pas et est prot\u00e9g\u00e9e des effets dess\u00e8chants du calcaire. Les cheveux sont doux et brillants.<br \/>\nL\u2019huile de noyau d\u2019abricot BIO et le lait d\u2019amande douce BIO s\u2019associent pour apaiser la peau d\u00e9licate des b\u00e9b\u00e9s.<br \/>\nMulti-usages, ce savon solide b\u00e9b\u00e9 est \u00e9conomique, pratique et participe \u00e0 une d\u00e9marche \u00e9co-responsable.<br \/>\nLe savon surgras b\u00e9b\u00e9 est compos\u00e9 d\u2019actifs et ingr\u00e9dients qui respectent l\u2019\u00e9quilibre de la peau de b\u00e9b\u00e9 :<br \/>\nLe complexe Active Oligo Skin restaure et renforce la barri\u00e8re cutan\u00e9e. Il apaise, remin\u00e9ralise, restaure la peau et maintient l\u2019\u00e9quilibre du microbiome de la peau.<br \/>\nL\u2019huile de noyau d\u2019abricot apporte \u00e9lasticit\u00e9, hydratation et douceur \u00e0 la peau.<br \/>\nLe lait d\u2019amande douce est apaisant et hydratant<br \/>\nSans huile de palme<br \/>\nSa formule est compos\u00e9e de 90% d\u2019ingr\u00e9dients d\u2019origine naturelle et de 96% d\u2019ingr\u00e9dients biod\u00e9gradables. Elle contient 2% d\u2019Active Oligo Skin Complex.<br \/>\nNeutraderm Baby est membre 1% for the Planet et \u00e0 ce titre, reverse 1% de son chiffre d\u2019affaires \u00e0 des associations environnementales.<\/p>\n","protected":false},"excerpt":{"rendered":"<p>Neutraderm\u00a0<br \/>\nSavon surgras douceur 3 en 1<br \/>\nLe Savon Surgras Douceur 3-en-1 nettoie en douceur le visage, le corps et les cheveux des b\u00e9b\u00e9s. Gr\u00e2ce \u00e0 sa formule extra-douce, la peau ne tiraille pas et est prot\u00e9g\u00e9e des effets dess\u00e8chants du calcaire. Les cheveux sont doux et brillants.<br \/>\nSavon solide, nettoie et apaise, anti-tiraillements.<br \/>\nPoids net : 100gr<\/p>\n","protected":false},"featured_media":1604,"comment_status":"open","ping_status":"closed","template":"","meta":[],"pwb-brand":[70],"product_cat":[183],"product_tag":[],"class_list":{"0":"post-1583","1":"product","2":"type-product","3":"status-publish","4":"has-post-thumbnail","6":"pwb-brand-neutraderm","7":"product_cat-toilette-bain-de-bebe","8":"post","9":"ws-product--style-1","11":"first","12":"instock","13":"shipping-taxable","14":"purchasable","15":"product-type-simple"},"yoast_head":"<!-- This site is optimized with the Yoast SEO plugin v23.0 - https:\/\/yoast.com\/wordpress\/plugins\/seo\/ -->\n<title>Savon surgras douceur 3 en 1 - Neutraderm - 100gr - OrthoPara<\/title>\n<meta name=\"robots\" content=\"index, follow, max-snippet:-1, max-image-preview:large, max-video-preview:-1\" \/>\n<link rel=\"canonical\" href=\"https:\/\/orthopara.store\/index.php\/produit\/savon-surgras-douceur-3-en-1-neutraderm-100gr\/\" \/>\n<meta property=\"og:locale\" content=\"fr_FR\" \/>\n<meta property=\"og:type\" content=\"article\" \/>\n<meta property=\"og:title\" content=\"Savon surgras douceur 3 en 1 - Neutraderm - 100gr - OrthoPara\" \/>\n<meta property=\"og:description\" content=\"Neutraderm\u00a0 Savon surgras douceur 3 en 1 Le Savon Surgras Douceur 3-en-1 nettoie en douceur le visage, le corps et les cheveux des b\u00e9b\u00e9s. Gr\u00e2ce \u00e0 sa formule extra-douce, la peau ne tiraille pas et est prot\u00e9g\u00e9e des effets dess\u00e8chants du calcaire. Les cheveux sont doux et brillants. Savon solide, nettoie et apaise, anti-tiraillements. Poids net : 100gr\" \/>\n<meta property=\"og:url\" content=\"https:\/\/orthopara.store\/index.php\/produit\/savon-surgras-douceur-3-en-1-neutraderm-100gr\/\" \/>\n<meta property=\"og:site_name\" content=\"OrthoPara\" \/>\n<meta property=\"article:publisher\" content=\"https:\/\/www.facebook.com\/profile.php?id=61561194315651\" \/>\n<meta property=\"article:modified_time\" content=\"2024-06-28T13:54:19+00:00\" \/>\n<meta property=\"og:image\" content=\"https:\/\/orthopara.store\/wp-content\/uploads\/2024\/06\/savon-surgras-douceur-3-en-1-neutradem-100gr.jpg\" \/>\n\t<meta property=\"og:image:width\" content=\"800\" \/>\n\t<meta property=\"og:image:height\" content=\"800\" \/>\n\t<meta property=\"og:image:type\" content=\"image\/jpeg\" \/>\n<meta name=\"twitter:card\" content=\"summary_large_image\" \/>\n<meta name=\"twitter:label1\" content=\"Dur\u00e9e de lecture estim\u00e9e\" \/>\n\t<meta name=\"twitter:data1\" content=\"1 minute\" \/>\n<script type=\"application\/ld+json\" class=\"yoast-schema-graph\">{\"@context\":\"https:\/\/schema.org\",\"@graph\":[{\"@type\":\"WebPage\",\"@id\":\"https:\/\/orthopara.store\/index.php\/produit\/savon-surgras-douceur-3-en-1-neutraderm-100gr\/\",\"url\":\"https:\/\/orthopara.store\/index.php\/produit\/savon-surgras-douceur-3-en-1-neutraderm-100gr\/\",\"name\":\"Savon surgras douceur 3 en 1 - Neutraderm - 100gr - OrthoPara\",\"isPartOf\":{\"@id\":\"https:\/\/orthopara.store\/#website\"},\"primaryImageOfPage\":{\"@id\":\"https:\/\/orthopara.store\/index.php\/produit\/savon-surgras-douceur-3-en-1-neutraderm-100gr\/#primaryimage\"},\"image\":{\"@id\":\"https:\/\/orthopara.store\/index.php\/produit\/savon-surgras-douceur-3-en-1-neutraderm-100gr\/#primaryimage\"},\"thumbnailUrl\":\"https:\/\/orthopara.store\/wp-content\/uploads\/2024\/06\/savon-surgras-douceur-3-en-1-neutradem-100gr.jpg\",\"datePublished\":\"2024-06-28T13:54:11+00:00\",\"dateModified\":\"2024-06-28T13:54:19+00:00\",\"breadcrumb\":{\"@id\":\"https:\/\/orthopara.store\/index.php\/produit\/savon-surgras-douceur-3-en-1-neutraderm-100gr\/#breadcrumb\"},\"inLanguage\":\"fr-FR\",\"potentialAction\":[{\"@type\":\"ReadAction\",\"target\":[\"https:\/\/orthopara.store\/index.php\/produit\/savon-surgras-douceur-3-en-1-neutraderm-100gr\/\"]}]},{\"@type\":\"ImageObject\",\"inLanguage\":\"fr-FR\",\"@id\":\"https:\/\/orthopara.store\/index.php\/produit\/savon-surgras-douceur-3-en-1-neutraderm-100gr\/#primaryimage\",\"url\":\"https:\/\/orthopara.store\/wp-content\/uploads\/2024\/06\/savon-surgras-douceur-3-en-1-neutradem-100gr.jpg\",\"contentUrl\":\"https:\/\/orthopara.store\/wp-content\/uploads\/2024\/06\/savon-surgras-douceur-3-en-1-neutradem-100gr.jpg\",\"width\":800,\"height\":800},{\"@type\":\"BreadcrumbList\",\"@id\":\"https:\/\/orthopara.store\/index.php\/produit\/savon-surgras-douceur-3-en-1-neutraderm-100gr\/#breadcrumb\",\"itemListElement\":[{\"@type\":\"ListItem\",\"position\":1,\"name\":\"Accueil\",\"item\":\"https:\/\/orthopara.store\/\"},{\"@type\":\"ListItem\",\"position\":2,\"name\":\"Shop\",\"item\":\"https:\/\/orthopara.store\/?page_id=622\"},{\"@type\":\"ListItem\",\"position\":3,\"name\":\"Savon surgras douceur 3 en 1 &#8211; Neutraderm &#8211; 100gr\"}]},{\"@type\":\"WebSite\",\"@id\":\"https:\/\/orthopara.store\/#website\",\"url\":\"https:\/\/orthopara.store\/\",\"name\":\"OrthoPara\",\"description\":\"Parapharmacie\",\"publisher\":{\"@id\":\"https:\/\/orthopara.store\/#organization\"},\"potentialAction\":[{\"@type\":\"SearchAction\",\"target\":{\"@type\":\"EntryPoint\",\"urlTemplate\":\"https:\/\/orthopara.store\/?s={search_term_string}\"},\"query-input\":\"required name=search_term_string\"}],\"inLanguage\":\"fr-FR\"},{\"@type\":\"Organization\",\"@id\":\"https:\/\/orthopara.store\/#organization\",\"name\":\"OrthoPara\",\"url\":\"https:\/\/orthopara.store\/\",\"logo\":{\"@type\":\"ImageObject\",\"inLanguage\":\"fr-FR\",\"@id\":\"https:\/\/orthopara.store\/#\/schema\/logo\/image\/\",\"url\":\"https:\/\/orthopara.store\/wp-content\/uploads\/2024\/06\/cropped-9ABA8BAD-6256-4719-9315-15C66E64E882.png\",\"contentUrl\":\"https:\/\/orthopara.store\/wp-content\/uploads\/2024\/06\/cropped-9ABA8BAD-6256-4719-9315-15C66E64E882.png\",\"width\":240,\"height\":72,\"caption\":\"OrthoPara\"},\"image\":{\"@id\":\"https:\/\/orthopara.store\/#\/schema\/logo\/image\/\"},\"sameAs\":[\"https:\/\/www.facebook.com\/profile.php?id=61561194315651\",\"https:\/\/www.instagram.com\/orthopara_tunisie\/\"]}]}<\/script>\n<!-- \/ Yoast SEO plugin. -->","yoast_head_json":{"title":"Savon surgras douceur 3 en 1 - Neutraderm - 100gr - OrthoPara","robots":{"index":"index","follow":"follow","max-snippet":"max-snippet:-1","max-image-preview":"max-image-preview:large","max-video-preview":"max-video-preview:-1"},"canonical":"https:\/\/orthopara.store\/index.php\/produit\/savon-surgras-douceur-3-en-1-neutraderm-100gr\/","og_locale":"fr_FR","og_type":"article","og_title":"Savon surgras douceur 3 en 1 - Neutraderm - 100gr - OrthoPara","og_description":"Neutraderm\u00a0 Savon surgras douceur 3 en 1 Le Savon Surgras Douceur 3-en-1 nettoie en douceur le visage, le corps et les cheveux des b\u00e9b\u00e9s. Gr\u00e2ce \u00e0 sa formule extra-douce, la peau ne tiraille pas et est prot\u00e9g\u00e9e des effets dess\u00e8chants du calcaire. Les cheveux sont doux et brillants. Savon solide, nettoie et apaise, anti-tiraillements. Poids net : 100gr","og_url":"https:\/\/orthopara.store\/index.php\/produit\/savon-surgras-douceur-3-en-1-neutraderm-100gr\/","og_site_name":"OrthoPara","article_publisher":"https:\/\/www.facebook.com\/profile.php?id=61561194315651","article_modified_time":"2024-06-28T13:54:19+00:00","og_image":[{"width":800,"height":800,"url":"https:\/\/orthopara.store\/wp-content\/uploads\/2024\/06\/savon-surgras-douceur-3-en-1-neutradem-100gr.jpg","type":"image\/jpeg"}],"twitter_card":"summary_large_image","twitter_misc":{"Dur\u00e9e de lecture estim\u00e9e":"1 minute"},"schema":{"@context":"https:\/\/schema.org","@graph":[{"@type":"WebPage","@id":"https:\/\/orthopara.store\/index.php\/produit\/savon-surgras-douceur-3-en-1-neutraderm-100gr\/","url":"https:\/\/orthopara.store\/index.php\/produit\/savon-surgras-douceur-3-en-1-neutraderm-100gr\/","name":"Savon surgras douceur 3 en 1 - Neutraderm - 100gr - OrthoPara","isPartOf":{"@id":"https:\/\/orthopara.store\/#website"},"primaryImageOfPage":{"@id":"https:\/\/orthopara.store\/index.php\/produit\/savon-surgras-douceur-3-en-1-neutraderm-100gr\/#primaryimage"},"image":{"@id":"https:\/\/orthopara.store\/index.php\/produit\/savon-surgras-douceur-3-en-1-neutraderm-100gr\/#primaryimage"},"thumbnailUrl":"https:\/\/orthopara.store\/wp-content\/uploads\/2024\/06\/savon-surgras-douceur-3-en-1-neutradem-100gr.jpg","datePublished":"2024-06-28T13:54:11+00:00","dateModified":"2024-06-28T13:54:19+00:00","breadcrumb":{"@id":"https:\/\/orthopara.store\/index.php\/produit\/savon-surgras-douceur-3-en-1-neutraderm-100gr\/#breadcrumb"},"inLanguage":"fr-FR","potentialAction":[{"@type":"ReadAction","target":["https:\/\/orthopara.store\/index.php\/produit\/savon-surgras-douceur-3-en-1-neutraderm-100gr\/"]}]},{"@type":"ImageObject","inLanguage":"fr-FR","@id":"https:\/\/orthopara.store\/index.php\/produit\/savon-surgras-douceur-3-en-1-neutraderm-100gr\/#primaryimage","url":"https:\/\/orthopara.store\/wp-content\/uploads\/2024\/06\/savon-surgras-douceur-3-en-1-neutradem-100gr.jpg","contentUrl":"https:\/\/orthopara.store\/wp-content\/uploads\/2024\/06\/savon-surgras-douceur-3-en-1-neutradem-100gr.jpg","width":800,"height":800},{"@type":"BreadcrumbList","@id":"https:\/\/orthopara.store\/index.php\/produit\/savon-surgras-douceur-3-en-1-neutraderm-100gr\/#breadcrumb","itemListElement":[{"@type":"ListItem","position":1,"name":"Accueil","item":"https:\/\/orthopara.store\/"},{"@type":"ListItem","position":2,"name":"Shop","item":"https:\/\/orthopara.store\/?page_id=622"},{"@type":"ListItem","position":3,"name":"Savon surgras douceur 3 en 1 &#8211; Neutraderm &#8211; 100gr"}]},{"@type":"WebSite","@id":"https:\/\/orthopara.store\/#website","url":"https:\/\/orthopara.store\/","name":"OrthoPara","description":"Parapharmacie","publisher":{"@id":"https:\/\/orthopara.store\/#organization"},"potentialAction":[{"@type":"SearchAction","target":{"@type":"EntryPoint","urlTemplate":"https:\/\/orthopara.store\/?s={search_term_string}"},"query-input":"required name=search_term_string"}],"inLanguage":"fr-FR"},{"@type":"Organization","@id":"https:\/\/orthopara.store\/#organization","name":"OrthoPara","url":"https:\/\/orthopara.store\/","logo":{"@type":"ImageObject","inLanguage":"fr-FR","@id":"https:\/\/orthopara.store\/#\/schema\/logo\/image\/","url":"https:\/\/orthopara.store\/wp-content\/uploads\/2024\/06\/cropped-9ABA8BAD-6256-4719-9315-15C66E64E882.png","contentUrl":"https:\/\/orthopara.store\/wp-content\/uploads\/2024\/06\/cropped-9ABA8BAD-6256-4719-9315-15C66E64E882.png","width":240,"height":72,"caption":"OrthoPara"},"image":{"@id":"https:\/\/orthopara.store\/#\/schema\/logo\/image\/"},"sameAs":["https:\/\/www.facebook.com\/profile.php?id=61561194315651","https:\/\/www.instagram.com\/orthopara_tunisie\/"]}]}},"jetpack_sharing_enabled":true,"brands":[{"id":70,"name":"Neutraderm","slug":"neutraderm"}],"_links":{"self":[{"href":"https:\/\/orthopara.store\/index.php?rest_route=\/wp\/v2\/product\/1583","targetHints":{"allow":["GET"]}}],"collection":[{"href":"https:\/\/orthopara.store\/index.php?rest_route=\/wp\/v2\/product"}],"about":[{"href":"https:\/\/orthopara.store\/index.php?rest_route=\/wp\/v2\/types\/product"}],"replies":[{"embeddable":true,"href":"https:\/\/orthopara.store\/index.php?rest_route=%2Fwp%2Fv2%2Fcomments&post=1583"}],"wp:featuredmedia":[{"embeddable":true,"href":"https:\/\/orthopara.store\/index.php?rest_route=\/wp\/v2\/media\/1604"}],"wp:attachment":[{"href":"https:\/\/orthopara.store\/index.php?rest_route=%2Fwp%2Fv2%2Fmedia&parent=1583"}],"wp:term":[{"taxonomy":"pwb-brand","embeddable":true,"href":"https:\/\/orthopara.store\/index.php?rest_route=%2Fwp%2Fv2%2Fpwb-brand&post=1583"},{"taxonomy":"product_cat","embeddable":true,"href":"https:\/\/orthopara.store\/index.php?rest_route=%2Fwp%2Fv2%2Fproduct_cat&post=1583"},{"taxonomy":"product_tag","embeddable":true,"href":"https:\/\/orthopara.store\/index.php?rest_route=%2Fwp%2Fv2%2Fproduct_tag&post=1583"}],"curies":[{"name":"wp","href":"https:\/\/api.w.org\/{rel}","templated":true}]}}