{"id":1584,"date":"2024-06-28T15:54:11","date_gmt":"2024-06-28T13:54:11","guid":{"rendered":"https:\/\/orthopara.store\/?post_type=product&#038;p=1584"},"modified":"2024-06-28T15:54:19","modified_gmt":"2024-06-28T13:54:19","slug":"talc-liquide-biolane-100ml","status":"publish","type":"product","link":"https:\/\/orthopara.store\/?product=talc-liquide-biolane-100ml","title":{"rendered":"Talc liquide &#8211; Biolane &#8211; 100ml"},"content":{"rendered":"<p>Talc liquide &#8211; Biolane &#8211; 100ml<br \/>\nBiolane Hypoallergenic Liquid Talc est une nouvelle formule d&rsquo;\u00e9mulsion qui, au contact de la peau, se transforme en talc. Sa formule reproduit toutes les propri\u00e9t\u00e9s du talc classique tout en \u00e9vitant les probl\u00e8mes de volatilit\u00e9 d&rsquo;une poudre.<br \/>\nNouvelle formule! Formule d&rsquo;\u00e9mulsion qui au contact de la peau se transforme en talc &#8211; Prot\u00e8ge les plis cutan\u00e9s sujets aux irritations et aux \u00e9ruptions cutan\u00e9es chez le nourrisson<br \/>\nAvantages d&rsquo;utilisation :<br \/>\nS\u00fbr \u00e0 utiliser sur les nouveau-n\u00e9s<br \/>\nFormul\u00e9 \u00e0 un pH physiologique<br \/>\nTest\u00e9 sous contr\u00f4le dermatologique<br \/>\nContient du panth\u00e9nol et de l&rsquo;oxyde de zinc<br \/>\nFabriqu\u00e9 en France<br \/>\nReconnu par 90% des p\u00e9diatres fran\u00e7ais depuis plus de 40 ans<br \/>\nCon\u00e7u pour les peaux les plus sensibles et avec des ingr\u00e9dients d&rsquo;origine naturelle<br \/>\nHypoallerg\u00e9nique, l\u00e9g\u00e8rement parfum\u00e9 et formul\u00e9 \u00e0 pH physiologique<br \/>\nZ\u00e9ro alcool, savon, parab\u00e8nes, ph\u00e9noxy\u00e9thanol, phtalates et gluten<br \/>\nPour pr\u00e9venir les irritations cutan\u00e9es caus\u00e9es par les couches<br \/>\nLa meilleure \u00e0 appliquer apr\u00e8s le bain et r\u00e9appliquer souvent pendant le changement<br \/>\nS\u00e9curitaire \u00e0 \u00e0 utiliser sur les nouveau-n\u00e9s et les plus \u00e2g\u00e9s<br \/>\nMode d&#8217;emploi:<br \/>\nAppliquer sur une peau propre et parfaitement s\u00e8che sur les parties du corps susceptibles de s&rsquo;humidifier (fesses, plis cutan\u00e9s\u2026).<br \/>\nAide \u00e0 l&rsquo;absorption jusqu&rsquo;\u00e0 ce que la cr\u00e8me se transforme en talc.<br \/>\nEssuyer l&#8217;embout applicateur apr\u00e8s chaque utilisation.<br \/>\nIngr\u00e9dients:<br \/>\nAqua (eau), amidon de tapioca, palmitate d&rsquo;isopropyle, st\u00e9arate de peg-6, glyc\u00e9rine, alcool st\u00e9arylique, ceteth-20, panth\u00e9nol, steareth-20, parfum (parfum), benzoate de sodium, pentyl\u00e8ne glycol, tocoph\u00e9rol, carbom\u00e8re, caprylyl glycol, d\u00e9cyl\u00e8ne Glycol, Digluconate de Chlorhexidine, Hydroxyde de Sodium, Prot\u00e9ine de Bl\u00e9 Cocodimonium Hydroxypropyl Hydrolys\u00e9e.<\/p>\n","protected":false},"excerpt":{"rendered":"<p>Biolane\u00a0<br \/>\nNotre talc liquide le best seller est sp\u00e9cialement con\u00e7u pour que les parents puissent utiliser le talc en toute s\u00e9curit\u00e9 sur leurs b\u00e9b\u00e9s sans \u00e9prouver la volatilit\u00e9 de la poudre. Compos\u00e9 d&rsquo;ingr\u00e9dients d&rsquo;origine naturelle, il est hypoallerg\u00e9nique et exempt de sulfates, d&rsquo;alcool, de savon, de parab\u00e8nes, de phtalates et de ph\u00e9noxy\u00e9thanol.<br \/>\nContenance : 100ml<br \/>\nDLC : 11\/2025<\/p>\n","protected":false},"featured_media":1605,"comment_status":"open","ping_status":"closed","template":"","meta":[],"pwb-brand":[189],"product_cat":[183],"product_tag":[],"class_list":{"0":"post-1584","1":"product","2":"type-product","3":"status-publish","4":"has-post-thumbnail","6":"pwb-brand-biolane","7":"product_cat-toilette-bain-de-bebe","8":"post","9":"ws-product--style-1","11":"first","12":"instock","13":"shipping-taxable","14":"purchasable","15":"product-type-simple"},"yoast_head":"<!-- This site is optimized with the Yoast SEO plugin v23.0 - https:\/\/yoast.com\/wordpress\/plugins\/seo\/ -->\n<title>Talc liquide - Biolane - 100ml - OrthoPara<\/title>\n<meta name=\"robots\" content=\"index, follow, max-snippet:-1, max-image-preview:large, max-video-preview:-1\" \/>\n<link rel=\"canonical\" href=\"https:\/\/orthopara.store\/index.php\/produit\/talc-liquide-biolane-100ml\/\" \/>\n<meta property=\"og:locale\" content=\"fr_FR\" \/>\n<meta property=\"og:type\" content=\"article\" \/>\n<meta property=\"og:title\" content=\"Talc liquide - Biolane - 100ml - OrthoPara\" \/>\n<meta property=\"og:description\" content=\"Biolane\u00a0 Notre talc liquide le best seller est sp\u00e9cialement con\u00e7u pour que les parents puissent utiliser le talc en toute s\u00e9curit\u00e9 sur leurs b\u00e9b\u00e9s sans \u00e9prouver la volatilit\u00e9 de la poudre. Compos\u00e9 d&#039;ingr\u00e9dients d&#039;origine naturelle, il est hypoallerg\u00e9nique et exempt de sulfates, d&#039;alcool, de savon, de parab\u00e8nes, de phtalates et de ph\u00e9noxy\u00e9thanol. Contenance : 100ml DLC : 11\/2025\" \/>\n<meta property=\"og:url\" content=\"https:\/\/orthopara.store\/index.php\/produit\/talc-liquide-biolane-100ml\/\" \/>\n<meta property=\"og:site_name\" content=\"OrthoPara\" \/>\n<meta property=\"article:publisher\" content=\"https:\/\/www.facebook.com\/profile.php?id=61561194315651\" \/>\n<meta property=\"article:modified_time\" content=\"2024-06-28T13:54:19+00:00\" \/>\n<meta property=\"og:image\" content=\"https:\/\/orthopara.store\/wp-content\/uploads\/2024\/06\/talc-liquide-biolane-100ml.jpg\" \/>\n\t<meta property=\"og:image:width\" content=\"800\" \/>\n\t<meta property=\"og:image:height\" content=\"800\" \/>\n\t<meta property=\"og:image:type\" content=\"image\/jpeg\" \/>\n<meta name=\"twitter:card\" content=\"summary_large_image\" \/>\n<meta name=\"twitter:label1\" content=\"Dur\u00e9e de lecture estim\u00e9e\" \/>\n\t<meta name=\"twitter:data1\" content=\"1 minute\" \/>\n<script type=\"application\/ld+json\" class=\"yoast-schema-graph\">{\"@context\":\"https:\/\/schema.org\",\"@graph\":[{\"@type\":\"WebPage\",\"@id\":\"https:\/\/orthopara.store\/index.php\/produit\/talc-liquide-biolane-100ml\/\",\"url\":\"https:\/\/orthopara.store\/index.php\/produit\/talc-liquide-biolane-100ml\/\",\"name\":\"Talc liquide - Biolane - 100ml - OrthoPara\",\"isPartOf\":{\"@id\":\"https:\/\/orthopara.store\/#website\"},\"primaryImageOfPage\":{\"@id\":\"https:\/\/orthopara.store\/index.php\/produit\/talc-liquide-biolane-100ml\/#primaryimage\"},\"image\":{\"@id\":\"https:\/\/orthopara.store\/index.php\/produit\/talc-liquide-biolane-100ml\/#primaryimage\"},\"thumbnailUrl\":\"https:\/\/orthopara.store\/wp-content\/uploads\/2024\/06\/talc-liquide-biolane-100ml.jpg\",\"datePublished\":\"2024-06-28T13:54:11+00:00\",\"dateModified\":\"2024-06-28T13:54:19+00:00\",\"breadcrumb\":{\"@id\":\"https:\/\/orthopara.store\/index.php\/produit\/talc-liquide-biolane-100ml\/#breadcrumb\"},\"inLanguage\":\"fr-FR\",\"potentialAction\":[{\"@type\":\"ReadAction\",\"target\":[\"https:\/\/orthopara.store\/index.php\/produit\/talc-liquide-biolane-100ml\/\"]}]},{\"@type\":\"ImageObject\",\"inLanguage\":\"fr-FR\",\"@id\":\"https:\/\/orthopara.store\/index.php\/produit\/talc-liquide-biolane-100ml\/#primaryimage\",\"url\":\"https:\/\/orthopara.store\/wp-content\/uploads\/2024\/06\/talc-liquide-biolane-100ml.jpg\",\"contentUrl\":\"https:\/\/orthopara.store\/wp-content\/uploads\/2024\/06\/talc-liquide-biolane-100ml.jpg\",\"width\":800,\"height\":800},{\"@type\":\"BreadcrumbList\",\"@id\":\"https:\/\/orthopara.store\/index.php\/produit\/talc-liquide-biolane-100ml\/#breadcrumb\",\"itemListElement\":[{\"@type\":\"ListItem\",\"position\":1,\"name\":\"Accueil\",\"item\":\"https:\/\/orthopara.store\/\"},{\"@type\":\"ListItem\",\"position\":2,\"name\":\"Shop\",\"item\":\"https:\/\/orthopara.store\/?page_id=622\"},{\"@type\":\"ListItem\",\"position\":3,\"name\":\"Talc liquide &#8211; Biolane &#8211; 100ml\"}]},{\"@type\":\"WebSite\",\"@id\":\"https:\/\/orthopara.store\/#website\",\"url\":\"https:\/\/orthopara.store\/\",\"name\":\"OrthoPara\",\"description\":\"Parapharmacie\",\"publisher\":{\"@id\":\"https:\/\/orthopara.store\/#organization\"},\"potentialAction\":[{\"@type\":\"SearchAction\",\"target\":{\"@type\":\"EntryPoint\",\"urlTemplate\":\"https:\/\/orthopara.store\/?s={search_term_string}\"},\"query-input\":\"required name=search_term_string\"}],\"inLanguage\":\"fr-FR\"},{\"@type\":\"Organization\",\"@id\":\"https:\/\/orthopara.store\/#organization\",\"name\":\"OrthoPara\",\"url\":\"https:\/\/orthopara.store\/\",\"logo\":{\"@type\":\"ImageObject\",\"inLanguage\":\"fr-FR\",\"@id\":\"https:\/\/orthopara.store\/#\/schema\/logo\/image\/\",\"url\":\"https:\/\/orthopara.store\/wp-content\/uploads\/2024\/06\/cropped-9ABA8BAD-6256-4719-9315-15C66E64E882.png\",\"contentUrl\":\"https:\/\/orthopara.store\/wp-content\/uploads\/2024\/06\/cropped-9ABA8BAD-6256-4719-9315-15C66E64E882.png\",\"width\":240,\"height\":72,\"caption\":\"OrthoPara\"},\"image\":{\"@id\":\"https:\/\/orthopara.store\/#\/schema\/logo\/image\/\"},\"sameAs\":[\"https:\/\/www.facebook.com\/profile.php?id=61561194315651\",\"https:\/\/www.instagram.com\/orthopara_tunisie\/\"]}]}<\/script>\n<!-- \/ Yoast SEO plugin. -->","yoast_head_json":{"title":"Talc liquide - Biolane - 100ml - OrthoPara","robots":{"index":"index","follow":"follow","max-snippet":"max-snippet:-1","max-image-preview":"max-image-preview:large","max-video-preview":"max-video-preview:-1"},"canonical":"https:\/\/orthopara.store\/index.php\/produit\/talc-liquide-biolane-100ml\/","og_locale":"fr_FR","og_type":"article","og_title":"Talc liquide - Biolane - 100ml - OrthoPara","og_description":"Biolane\u00a0 Notre talc liquide le best seller est sp\u00e9cialement con\u00e7u pour que les parents puissent utiliser le talc en toute s\u00e9curit\u00e9 sur leurs b\u00e9b\u00e9s sans \u00e9prouver la volatilit\u00e9 de la poudre. Compos\u00e9 d'ingr\u00e9dients d'origine naturelle, il est hypoallerg\u00e9nique et exempt de sulfates, d'alcool, de savon, de parab\u00e8nes, de phtalates et de ph\u00e9noxy\u00e9thanol. Contenance : 100ml DLC : 11\/2025","og_url":"https:\/\/orthopara.store\/index.php\/produit\/talc-liquide-biolane-100ml\/","og_site_name":"OrthoPara","article_publisher":"https:\/\/www.facebook.com\/profile.php?id=61561194315651","article_modified_time":"2024-06-28T13:54:19+00:00","og_image":[{"width":800,"height":800,"url":"https:\/\/orthopara.store\/wp-content\/uploads\/2024\/06\/talc-liquide-biolane-100ml.jpg","type":"image\/jpeg"}],"twitter_card":"summary_large_image","twitter_misc":{"Dur\u00e9e de lecture estim\u00e9e":"1 minute"},"schema":{"@context":"https:\/\/schema.org","@graph":[{"@type":"WebPage","@id":"https:\/\/orthopara.store\/index.php\/produit\/talc-liquide-biolane-100ml\/","url":"https:\/\/orthopara.store\/index.php\/produit\/talc-liquide-biolane-100ml\/","name":"Talc liquide - Biolane - 100ml - OrthoPara","isPartOf":{"@id":"https:\/\/orthopara.store\/#website"},"primaryImageOfPage":{"@id":"https:\/\/orthopara.store\/index.php\/produit\/talc-liquide-biolane-100ml\/#primaryimage"},"image":{"@id":"https:\/\/orthopara.store\/index.php\/produit\/talc-liquide-biolane-100ml\/#primaryimage"},"thumbnailUrl":"https:\/\/orthopara.store\/wp-content\/uploads\/2024\/06\/talc-liquide-biolane-100ml.jpg","datePublished":"2024-06-28T13:54:11+00:00","dateModified":"2024-06-28T13:54:19+00:00","breadcrumb":{"@id":"https:\/\/orthopara.store\/index.php\/produit\/talc-liquide-biolane-100ml\/#breadcrumb"},"inLanguage":"fr-FR","potentialAction":[{"@type":"ReadAction","target":["https:\/\/orthopara.store\/index.php\/produit\/talc-liquide-biolane-100ml\/"]}]},{"@type":"ImageObject","inLanguage":"fr-FR","@id":"https:\/\/orthopara.store\/index.php\/produit\/talc-liquide-biolane-100ml\/#primaryimage","url":"https:\/\/orthopara.store\/wp-content\/uploads\/2024\/06\/talc-liquide-biolane-100ml.jpg","contentUrl":"https:\/\/orthopara.store\/wp-content\/uploads\/2024\/06\/talc-liquide-biolane-100ml.jpg","width":800,"height":800},{"@type":"BreadcrumbList","@id":"https:\/\/orthopara.store\/index.php\/produit\/talc-liquide-biolane-100ml\/#breadcrumb","itemListElement":[{"@type":"ListItem","position":1,"name":"Accueil","item":"https:\/\/orthopara.store\/"},{"@type":"ListItem","position":2,"name":"Shop","item":"https:\/\/orthopara.store\/?page_id=622"},{"@type":"ListItem","position":3,"name":"Talc liquide &#8211; Biolane &#8211; 100ml"}]},{"@type":"WebSite","@id":"https:\/\/orthopara.store\/#website","url":"https:\/\/orthopara.store\/","name":"OrthoPara","description":"Parapharmacie","publisher":{"@id":"https:\/\/orthopara.store\/#organization"},"potentialAction":[{"@type":"SearchAction","target":{"@type":"EntryPoint","urlTemplate":"https:\/\/orthopara.store\/?s={search_term_string}"},"query-input":"required name=search_term_string"}],"inLanguage":"fr-FR"},{"@type":"Organization","@id":"https:\/\/orthopara.store\/#organization","name":"OrthoPara","url":"https:\/\/orthopara.store\/","logo":{"@type":"ImageObject","inLanguage":"fr-FR","@id":"https:\/\/orthopara.store\/#\/schema\/logo\/image\/","url":"https:\/\/orthopara.store\/wp-content\/uploads\/2024\/06\/cropped-9ABA8BAD-6256-4719-9315-15C66E64E882.png","contentUrl":"https:\/\/orthopara.store\/wp-content\/uploads\/2024\/06\/cropped-9ABA8BAD-6256-4719-9315-15C66E64E882.png","width":240,"height":72,"caption":"OrthoPara"},"image":{"@id":"https:\/\/orthopara.store\/#\/schema\/logo\/image\/"},"sameAs":["https:\/\/www.facebook.com\/profile.php?id=61561194315651","https:\/\/www.instagram.com\/orthopara_tunisie\/"]}]}},"jetpack_sharing_enabled":true,"brands":[{"id":189,"name":"BIOLANE","slug":"biolane"}],"_links":{"self":[{"href":"https:\/\/orthopara.store\/index.php?rest_route=\/wp\/v2\/product\/1584","targetHints":{"allow":["GET"]}}],"collection":[{"href":"https:\/\/orthopara.store\/index.php?rest_route=\/wp\/v2\/product"}],"about":[{"href":"https:\/\/orthopara.store\/index.php?rest_route=\/wp\/v2\/types\/product"}],"replies":[{"embeddable":true,"href":"https:\/\/orthopara.store\/index.php?rest_route=%2Fwp%2Fv2%2Fcomments&post=1584"}],"wp:featuredmedia":[{"embeddable":true,"href":"https:\/\/orthopara.store\/index.php?rest_route=\/wp\/v2\/media\/1605"}],"wp:attachment":[{"href":"https:\/\/orthopara.store\/index.php?rest_route=%2Fwp%2Fv2%2Fmedia&parent=1584"}],"wp:term":[{"taxonomy":"pwb-brand","embeddable":true,"href":"https:\/\/orthopara.store\/index.php?rest_route=%2Fwp%2Fv2%2Fpwb-brand&post=1584"},{"taxonomy":"product_cat","embeddable":true,"href":"https:\/\/orthopara.store\/index.php?rest_route=%2Fwp%2Fv2%2Fproduct_cat&post=1584"},{"taxonomy":"product_tag","embeddable":true,"href":"https:\/\/orthopara.store\/index.php?rest_route=%2Fwp%2Fv2%2Fproduct_tag&post=1584"}],"curies":[{"name":"wp","href":"https:\/\/api.w.org\/{rel}","templated":true}]}}