{"id":1585,"date":"2024-06-28T15:54:11","date_gmt":"2024-06-28T13:54:11","guid":{"rendered":"https:\/\/orthopara.store\/?post_type=product&#038;p=1585"},"modified":"2024-06-28T15:54:20","modified_gmt":"2024-06-28T13:54:20","slug":"savon-doux-surgras-biolane-150gr","status":"publish","type":"product","link":"https:\/\/orthopara.store\/?product=savon-doux-surgras-biolane-150gr","title":{"rendered":"Savon doux surgras &#8211; Biolane &#8211; 150gr"},"content":{"rendered":"<p>Savon doux surgras &#8211; Biolane &#8211; 150gr<br \/>\nLe Savon Doux Surgras de Biolane a \u00e9t\u00e9 sp\u00e9cialement formul\u00e9 pour la toilette quotidienne des nouveaux-n\u00e9s.<br \/>\nBiolane Savon Doux a une base lavante douce 100% d\u2019origine v\u00e9g\u00e9tale qui permet d\u2019assurer un nettoyage \u00e0 l\u2019eau d\u2019une tr\u00e8s grande douceur.<br \/>\nSa mousse tr\u00e8s douce et sa texture onctueuse se rincent tr\u00e8s facilement.<br \/>\nUtilis\u00e9 quotidiennement, il laisse la peau de votre b\u00e9b\u00e9 parfaitement propre, douce et d\u00e9licatement parfum\u00e9e.<br \/>\nConseils d\u2019utilisation:<br \/>\nLe Savon Doux Surgras de Biolane s\u2019utilise pour le visage et le corps, \u00e0 chaque change et pour la toilette quotidienne.<br \/>\nMouiller pr\u00e9alablement la peau du b\u00e9b\u00e9 \u00e0 l\u2019aide d\u2019un gant de toilette, masser d\u00e9licatement, faire mousser et rincer soigneusement.<\/p>\n","protected":false},"excerpt":{"rendered":"<p>Biolane\u00a0<br \/>\nSavon doux surgras<\/p>\n<p>Le Savon Doux Surgras de Biolane a \u00e9t\u00e9 sp\u00e9cialement formul\u00e9 pour la toilette quotidienne des nouveaux-n\u00e9s<\/p>\n<p>Sa formule riche laisse la peau de votre b\u00e9b\u00e9 parfaitement propre, douce et d\u00e9licatement parfum\u00e9e\u00a0<\/p>\n<p>Poids : 150gr<\/p>\n","protected":false},"featured_media":1606,"comment_status":"open","ping_status":"closed","template":"","meta":[],"pwb-brand":[189],"product_cat":[183],"product_tag":[],"class_list":{"0":"post-1585","1":"product","2":"type-product","3":"status-publish","4":"has-post-thumbnail","6":"pwb-brand-biolane","7":"product_cat-toilette-bain-de-bebe","8":"post","9":"ws-product--style-1","11":"first","12":"instock","13":"shipping-taxable","14":"purchasable","15":"product-type-simple"},"yoast_head":"<!-- This site is optimized with the Yoast SEO plugin v23.0 - https:\/\/yoast.com\/wordpress\/plugins\/seo\/ -->\n<title>Savon doux surgras - Biolane - 150gr - OrthoPara<\/title>\n<meta name=\"robots\" content=\"index, follow, max-snippet:-1, max-image-preview:large, max-video-preview:-1\" \/>\n<link rel=\"canonical\" href=\"https:\/\/orthopara.store\/index.php\/produit\/savon-doux-surgras-biolane-150gr\/\" \/>\n<meta property=\"og:locale\" content=\"fr_FR\" \/>\n<meta property=\"og:type\" content=\"article\" \/>\n<meta property=\"og:title\" content=\"Savon doux surgras - Biolane - 150gr - OrthoPara\" \/>\n<meta property=\"og:description\" content=\"Biolane\u00a0 Savon doux surgras Le Savon Doux Surgras de Biolane a \u00e9t\u00e9 sp\u00e9cialement formul\u00e9 pour la toilette quotidienne des nouveaux-n\u00e9s Sa formule riche laisse la peau de votre b\u00e9b\u00e9 parfaitement propre, douce et d\u00e9licatement parfum\u00e9e\u00a0 Poids : 150gr\" \/>\n<meta property=\"og:url\" content=\"https:\/\/orthopara.store\/index.php\/produit\/savon-doux-surgras-biolane-150gr\/\" \/>\n<meta property=\"og:site_name\" content=\"OrthoPara\" \/>\n<meta property=\"article:publisher\" content=\"https:\/\/www.facebook.com\/profile.php?id=61561194315651\" \/>\n<meta property=\"article:modified_time\" content=\"2024-06-28T13:54:20+00:00\" \/>\n<meta property=\"og:image\" content=\"https:\/\/orthopara.store\/wp-content\/uploads\/2024\/06\/savon-doux-surgras-biolane-150gr.jpg\" \/>\n\t<meta property=\"og:image:width\" content=\"800\" \/>\n\t<meta property=\"og:image:height\" content=\"800\" \/>\n\t<meta property=\"og:image:type\" content=\"image\/jpeg\" \/>\n<meta name=\"twitter:card\" content=\"summary_large_image\" \/>\n<meta name=\"twitter:label1\" content=\"Dur\u00e9e de lecture estim\u00e9e\" \/>\n\t<meta name=\"twitter:data1\" content=\"1 minute\" \/>\n<script type=\"application\/ld+json\" class=\"yoast-schema-graph\">{\"@context\":\"https:\/\/schema.org\",\"@graph\":[{\"@type\":\"WebPage\",\"@id\":\"https:\/\/orthopara.store\/index.php\/produit\/savon-doux-surgras-biolane-150gr\/\",\"url\":\"https:\/\/orthopara.store\/index.php\/produit\/savon-doux-surgras-biolane-150gr\/\",\"name\":\"Savon doux surgras - Biolane - 150gr - OrthoPara\",\"isPartOf\":{\"@id\":\"https:\/\/orthopara.store\/#website\"},\"primaryImageOfPage\":{\"@id\":\"https:\/\/orthopara.store\/index.php\/produit\/savon-doux-surgras-biolane-150gr\/#primaryimage\"},\"image\":{\"@id\":\"https:\/\/orthopara.store\/index.php\/produit\/savon-doux-surgras-biolane-150gr\/#primaryimage\"},\"thumbnailUrl\":\"https:\/\/orthopara.store\/wp-content\/uploads\/2024\/06\/savon-doux-surgras-biolane-150gr.jpg\",\"datePublished\":\"2024-06-28T13:54:11+00:00\",\"dateModified\":\"2024-06-28T13:54:20+00:00\",\"breadcrumb\":{\"@id\":\"https:\/\/orthopara.store\/index.php\/produit\/savon-doux-surgras-biolane-150gr\/#breadcrumb\"},\"inLanguage\":\"fr-FR\",\"potentialAction\":[{\"@type\":\"ReadAction\",\"target\":[\"https:\/\/orthopara.store\/index.php\/produit\/savon-doux-surgras-biolane-150gr\/\"]}]},{\"@type\":\"ImageObject\",\"inLanguage\":\"fr-FR\",\"@id\":\"https:\/\/orthopara.store\/index.php\/produit\/savon-doux-surgras-biolane-150gr\/#primaryimage\",\"url\":\"https:\/\/orthopara.store\/wp-content\/uploads\/2024\/06\/savon-doux-surgras-biolane-150gr.jpg\",\"contentUrl\":\"https:\/\/orthopara.store\/wp-content\/uploads\/2024\/06\/savon-doux-surgras-biolane-150gr.jpg\",\"width\":800,\"height\":800},{\"@type\":\"BreadcrumbList\",\"@id\":\"https:\/\/orthopara.store\/index.php\/produit\/savon-doux-surgras-biolane-150gr\/#breadcrumb\",\"itemListElement\":[{\"@type\":\"ListItem\",\"position\":1,\"name\":\"Accueil\",\"item\":\"https:\/\/orthopara.store\/\"},{\"@type\":\"ListItem\",\"position\":2,\"name\":\"Shop\",\"item\":\"https:\/\/orthopara.store\/?page_id=622\"},{\"@type\":\"ListItem\",\"position\":3,\"name\":\"Savon doux surgras &#8211; Biolane &#8211; 150gr\"}]},{\"@type\":\"WebSite\",\"@id\":\"https:\/\/orthopara.store\/#website\",\"url\":\"https:\/\/orthopara.store\/\",\"name\":\"OrthoPara\",\"description\":\"Parapharmacie\",\"publisher\":{\"@id\":\"https:\/\/orthopara.store\/#organization\"},\"potentialAction\":[{\"@type\":\"SearchAction\",\"target\":{\"@type\":\"EntryPoint\",\"urlTemplate\":\"https:\/\/orthopara.store\/?s={search_term_string}\"},\"query-input\":\"required name=search_term_string\"}],\"inLanguage\":\"fr-FR\"},{\"@type\":\"Organization\",\"@id\":\"https:\/\/orthopara.store\/#organization\",\"name\":\"OrthoPara\",\"url\":\"https:\/\/orthopara.store\/\",\"logo\":{\"@type\":\"ImageObject\",\"inLanguage\":\"fr-FR\",\"@id\":\"https:\/\/orthopara.store\/#\/schema\/logo\/image\/\",\"url\":\"https:\/\/orthopara.store\/wp-content\/uploads\/2024\/06\/cropped-9ABA8BAD-6256-4719-9315-15C66E64E882.png\",\"contentUrl\":\"https:\/\/orthopara.store\/wp-content\/uploads\/2024\/06\/cropped-9ABA8BAD-6256-4719-9315-15C66E64E882.png\",\"width\":240,\"height\":72,\"caption\":\"OrthoPara\"},\"image\":{\"@id\":\"https:\/\/orthopara.store\/#\/schema\/logo\/image\/\"},\"sameAs\":[\"https:\/\/www.facebook.com\/profile.php?id=61561194315651\",\"https:\/\/www.instagram.com\/orthopara_tunisie\/\"]}]}<\/script>\n<!-- \/ Yoast SEO plugin. -->","yoast_head_json":{"title":"Savon doux surgras - Biolane - 150gr - OrthoPara","robots":{"index":"index","follow":"follow","max-snippet":"max-snippet:-1","max-image-preview":"max-image-preview:large","max-video-preview":"max-video-preview:-1"},"canonical":"https:\/\/orthopara.store\/index.php\/produit\/savon-doux-surgras-biolane-150gr\/","og_locale":"fr_FR","og_type":"article","og_title":"Savon doux surgras - Biolane - 150gr - OrthoPara","og_description":"Biolane\u00a0 Savon doux surgras Le Savon Doux Surgras de Biolane a \u00e9t\u00e9 sp\u00e9cialement formul\u00e9 pour la toilette quotidienne des nouveaux-n\u00e9s Sa formule riche laisse la peau de votre b\u00e9b\u00e9 parfaitement propre, douce et d\u00e9licatement parfum\u00e9e\u00a0 Poids : 150gr","og_url":"https:\/\/orthopara.store\/index.php\/produit\/savon-doux-surgras-biolane-150gr\/","og_site_name":"OrthoPara","article_publisher":"https:\/\/www.facebook.com\/profile.php?id=61561194315651","article_modified_time":"2024-06-28T13:54:20+00:00","og_image":[{"width":800,"height":800,"url":"https:\/\/orthopara.store\/wp-content\/uploads\/2024\/06\/savon-doux-surgras-biolane-150gr.jpg","type":"image\/jpeg"}],"twitter_card":"summary_large_image","twitter_misc":{"Dur\u00e9e de lecture estim\u00e9e":"1 minute"},"schema":{"@context":"https:\/\/schema.org","@graph":[{"@type":"WebPage","@id":"https:\/\/orthopara.store\/index.php\/produit\/savon-doux-surgras-biolane-150gr\/","url":"https:\/\/orthopara.store\/index.php\/produit\/savon-doux-surgras-biolane-150gr\/","name":"Savon doux surgras - Biolane - 150gr - OrthoPara","isPartOf":{"@id":"https:\/\/orthopara.store\/#website"},"primaryImageOfPage":{"@id":"https:\/\/orthopara.store\/index.php\/produit\/savon-doux-surgras-biolane-150gr\/#primaryimage"},"image":{"@id":"https:\/\/orthopara.store\/index.php\/produit\/savon-doux-surgras-biolane-150gr\/#primaryimage"},"thumbnailUrl":"https:\/\/orthopara.store\/wp-content\/uploads\/2024\/06\/savon-doux-surgras-biolane-150gr.jpg","datePublished":"2024-06-28T13:54:11+00:00","dateModified":"2024-06-28T13:54:20+00:00","breadcrumb":{"@id":"https:\/\/orthopara.store\/index.php\/produit\/savon-doux-surgras-biolane-150gr\/#breadcrumb"},"inLanguage":"fr-FR","potentialAction":[{"@type":"ReadAction","target":["https:\/\/orthopara.store\/index.php\/produit\/savon-doux-surgras-biolane-150gr\/"]}]},{"@type":"ImageObject","inLanguage":"fr-FR","@id":"https:\/\/orthopara.store\/index.php\/produit\/savon-doux-surgras-biolane-150gr\/#primaryimage","url":"https:\/\/orthopara.store\/wp-content\/uploads\/2024\/06\/savon-doux-surgras-biolane-150gr.jpg","contentUrl":"https:\/\/orthopara.store\/wp-content\/uploads\/2024\/06\/savon-doux-surgras-biolane-150gr.jpg","width":800,"height":800},{"@type":"BreadcrumbList","@id":"https:\/\/orthopara.store\/index.php\/produit\/savon-doux-surgras-biolane-150gr\/#breadcrumb","itemListElement":[{"@type":"ListItem","position":1,"name":"Accueil","item":"https:\/\/orthopara.store\/"},{"@type":"ListItem","position":2,"name":"Shop","item":"https:\/\/orthopara.store\/?page_id=622"},{"@type":"ListItem","position":3,"name":"Savon doux surgras &#8211; Biolane &#8211; 150gr"}]},{"@type":"WebSite","@id":"https:\/\/orthopara.store\/#website","url":"https:\/\/orthopara.store\/","name":"OrthoPara","description":"Parapharmacie","publisher":{"@id":"https:\/\/orthopara.store\/#organization"},"potentialAction":[{"@type":"SearchAction","target":{"@type":"EntryPoint","urlTemplate":"https:\/\/orthopara.store\/?s={search_term_string}"},"query-input":"required name=search_term_string"}],"inLanguage":"fr-FR"},{"@type":"Organization","@id":"https:\/\/orthopara.store\/#organization","name":"OrthoPara","url":"https:\/\/orthopara.store\/","logo":{"@type":"ImageObject","inLanguage":"fr-FR","@id":"https:\/\/orthopara.store\/#\/schema\/logo\/image\/","url":"https:\/\/orthopara.store\/wp-content\/uploads\/2024\/06\/cropped-9ABA8BAD-6256-4719-9315-15C66E64E882.png","contentUrl":"https:\/\/orthopara.store\/wp-content\/uploads\/2024\/06\/cropped-9ABA8BAD-6256-4719-9315-15C66E64E882.png","width":240,"height":72,"caption":"OrthoPara"},"image":{"@id":"https:\/\/orthopara.store\/#\/schema\/logo\/image\/"},"sameAs":["https:\/\/www.facebook.com\/profile.php?id=61561194315651","https:\/\/www.instagram.com\/orthopara_tunisie\/"]}]}},"jetpack_sharing_enabled":true,"brands":[{"id":189,"name":"BIOLANE","slug":"biolane"}],"_links":{"self":[{"href":"https:\/\/orthopara.store\/index.php?rest_route=\/wp\/v2\/product\/1585","targetHints":{"allow":["GET"]}}],"collection":[{"href":"https:\/\/orthopara.store\/index.php?rest_route=\/wp\/v2\/product"}],"about":[{"href":"https:\/\/orthopara.store\/index.php?rest_route=\/wp\/v2\/types\/product"}],"replies":[{"embeddable":true,"href":"https:\/\/orthopara.store\/index.php?rest_route=%2Fwp%2Fv2%2Fcomments&post=1585"}],"wp:featuredmedia":[{"embeddable":true,"href":"https:\/\/orthopara.store\/index.php?rest_route=\/wp\/v2\/media\/1606"}],"wp:attachment":[{"href":"https:\/\/orthopara.store\/index.php?rest_route=%2Fwp%2Fv2%2Fmedia&parent=1585"}],"wp:term":[{"taxonomy":"pwb-brand","embeddable":true,"href":"https:\/\/orthopara.store\/index.php?rest_route=%2Fwp%2Fv2%2Fpwb-brand&post=1585"},{"taxonomy":"product_cat","embeddable":true,"href":"https:\/\/orthopara.store\/index.php?rest_route=%2Fwp%2Fv2%2Fproduct_cat&post=1585"},{"taxonomy":"product_tag","embeddable":true,"href":"https:\/\/orthopara.store\/index.php?rest_route=%2Fwp%2Fv2%2Fproduct_tag&post=1585"}],"curies":[{"name":"wp","href":"https:\/\/api.w.org\/{rel}","templated":true}]}}