{"id":1586,"date":"2024-06-28T15:54:11","date_gmt":"2024-06-28T13:54:11","guid":{"rendered":"https:\/\/orthopara.store\/?post_type=product&#038;p=1586"},"modified":"2024-06-28T15:54:20","modified_gmt":"2024-06-28T13:54:20","slug":"linement-oleo-calcaire-babylins-500ml","status":"publish","type":"product","link":"https:\/\/orthopara.store\/?product=linement-oleo-calcaire-babylins-500ml","title":{"rendered":"Linement Ol\u00e9o Calcaire &#8211; BabyLin&rsquo;s &#8211; 500ml"},"content":{"rendered":"<p>Linement Ol\u00e9o Calcaire &#8211; BabyLin&rsquo;s &#8211; 500 mL<br \/>\nBabyLin\u2019S liniment Ol\u00e9o-calcaire est un soin quotidien qui prot\u00e8ge l\u2019\u00e9piderme fessier du nourrisson et du b\u00e9b\u00e9, nettoie efficacement et en douceur la zone du si\u00e8ge et pr\u00e9vient l\u2019\u00e9ryth\u00e8me fessier en formant un film protecteur contre les agressions externes (urines, selles, frottement des couches).<br \/>\nActifs :<br \/>\nHuile d\u2019olive extra-vierge : Riche en om\u00e9ga 6 et 9, protecteur naturel connu pour ses propri\u00e9t\u00e9s nourrissantes et hydratantes, elle aide l\u2019\u00e9piderme \u00e0 construire son film hydrolipidique.<\/p>\n<p>Extrait de fleur de Calendula : Connu pour ses propri\u00e9t\u00e9s adoucissantes, hydratantes et apaisantes. Il est \u00e9galement connu pour son action anti-inflammatoire, antibact\u00e9rienne et r\u00e9g\u00e9n\u00e9rante.<\/p>\n<p>Vitamine E :Agent conservateur naturel, antioxydant. Elle hydrate la peau en renfor\u00e7ant son film hydrolipidique et am\u00e9liore la microcirculation cutan\u00e9e.<\/p>\n<p>Hypoallerg\u00e9nique-sans Alcool- sans conservateur- sans colorant -sans parfum<br \/>\nConseils d&rsquo;utilisation\u00a0<br \/>\nBien agiter avant emploi. Appliquer \u00e0 chaque change BabyLin\u2019S liniment ol\u00e9o-calcaire directement ou \u00e0 l\u2019aide d\u2019un coton sur le si\u00e8ge du b\u00e9b\u00e9. Ne pas rincer.<\/p>\n","protected":false},"excerpt":{"rendered":"<p>abyLin\u2019S liniment Ol\u00e9o-calcaire est un soin quotidien qui prot\u00e8ge l\u2019\u00e9piderme fessier du nourrisson et du b\u00e9b\u00e9,<br \/>\n&#8211; nettoie efficacement<br \/>\n&#8211; un film protecteur contre les agressions externes (urines, selles, frottement des couches).<\/p>\n","protected":false},"featured_media":1607,"comment_status":"open","ping_status":"closed","template":"","meta":[],"pwb-brand":[188],"product_cat":[183],"product_tag":[],"class_list":{"0":"post-1586","1":"product","2":"type-product","3":"status-publish","4":"has-post-thumbnail","6":"pwb-brand-babylins","7":"product_cat-toilette-bain-de-bebe","8":"post","9":"ws-product--style-1","11":"first","12":"instock","13":"shipping-taxable","14":"purchasable","15":"product-type-simple"},"yoast_head":"<!-- This site is optimized with the Yoast SEO plugin v23.0 - https:\/\/yoast.com\/wordpress\/plugins\/seo\/ -->\n<title>Linement Ol\u00e9o Calcaire - BabyLin&#039;s - 500ml - OrthoPara<\/title>\n<meta name=\"robots\" content=\"index, follow, max-snippet:-1, max-image-preview:large, max-video-preview:-1\" \/>\n<link rel=\"canonical\" href=\"https:\/\/orthopara.store\/index.php\/produit\/linement-oleo-calcaire-babylins-500ml\/\" \/>\n<meta property=\"og:locale\" content=\"fr_FR\" \/>\n<meta property=\"og:type\" content=\"article\" \/>\n<meta property=\"og:title\" content=\"Linement Ol\u00e9o Calcaire - BabyLin&#039;s - 500ml - OrthoPara\" \/>\n<meta property=\"og:description\" content=\"abyLin\u2019S liniment Ol\u00e9o-calcaire est un soin quotidien qui prot\u00e8ge l\u2019\u00e9piderme fessier du nourrisson et du b\u00e9b\u00e9, - nettoie efficacement - un film protecteur contre les agressions externes (urines, selles, frottement des couches).\" \/>\n<meta property=\"og:url\" content=\"https:\/\/orthopara.store\/index.php\/produit\/linement-oleo-calcaire-babylins-500ml\/\" \/>\n<meta property=\"og:site_name\" content=\"OrthoPara\" \/>\n<meta property=\"article:publisher\" content=\"https:\/\/www.facebook.com\/profile.php?id=61561194315651\" \/>\n<meta property=\"article:modified_time\" content=\"2024-06-28T13:54:20+00:00\" \/>\n<meta property=\"og:image\" content=\"https:\/\/orthopara.store\/wp-content\/uploads\/2024\/06\/linement-oleo-calcaire-babylin-s-500ml.jpg\" \/>\n\t<meta property=\"og:image:width\" content=\"800\" \/>\n\t<meta property=\"og:image:height\" content=\"800\" \/>\n\t<meta property=\"og:image:type\" content=\"image\/jpeg\" \/>\n<meta name=\"twitter:card\" content=\"summary_large_image\" \/>\n<meta name=\"twitter:label1\" content=\"Dur\u00e9e de lecture estim\u00e9e\" \/>\n\t<meta name=\"twitter:data1\" content=\"1 minute\" \/>\n<script type=\"application\/ld+json\" class=\"yoast-schema-graph\">{\"@context\":\"https:\/\/schema.org\",\"@graph\":[{\"@type\":\"WebPage\",\"@id\":\"https:\/\/orthopara.store\/index.php\/produit\/linement-oleo-calcaire-babylins-500ml\/\",\"url\":\"https:\/\/orthopara.store\/index.php\/produit\/linement-oleo-calcaire-babylins-500ml\/\",\"name\":\"Linement Ol\u00e9o Calcaire - BabyLin's - 500ml - OrthoPara\",\"isPartOf\":{\"@id\":\"https:\/\/orthopara.store\/#website\"},\"primaryImageOfPage\":{\"@id\":\"https:\/\/orthopara.store\/index.php\/produit\/linement-oleo-calcaire-babylins-500ml\/#primaryimage\"},\"image\":{\"@id\":\"https:\/\/orthopara.store\/index.php\/produit\/linement-oleo-calcaire-babylins-500ml\/#primaryimage\"},\"thumbnailUrl\":\"https:\/\/orthopara.store\/wp-content\/uploads\/2024\/06\/linement-oleo-calcaire-babylin-s-500ml.jpg\",\"datePublished\":\"2024-06-28T13:54:11+00:00\",\"dateModified\":\"2024-06-28T13:54:20+00:00\",\"breadcrumb\":{\"@id\":\"https:\/\/orthopara.store\/index.php\/produit\/linement-oleo-calcaire-babylins-500ml\/#breadcrumb\"},\"inLanguage\":\"fr-FR\",\"potentialAction\":[{\"@type\":\"ReadAction\",\"target\":[\"https:\/\/orthopara.store\/index.php\/produit\/linement-oleo-calcaire-babylins-500ml\/\"]}]},{\"@type\":\"ImageObject\",\"inLanguage\":\"fr-FR\",\"@id\":\"https:\/\/orthopara.store\/index.php\/produit\/linement-oleo-calcaire-babylins-500ml\/#primaryimage\",\"url\":\"https:\/\/orthopara.store\/wp-content\/uploads\/2024\/06\/linement-oleo-calcaire-babylin-s-500ml.jpg\",\"contentUrl\":\"https:\/\/orthopara.store\/wp-content\/uploads\/2024\/06\/linement-oleo-calcaire-babylin-s-500ml.jpg\",\"width\":800,\"height\":800},{\"@type\":\"BreadcrumbList\",\"@id\":\"https:\/\/orthopara.store\/index.php\/produit\/linement-oleo-calcaire-babylins-500ml\/#breadcrumb\",\"itemListElement\":[{\"@type\":\"ListItem\",\"position\":1,\"name\":\"Accueil\",\"item\":\"https:\/\/orthopara.store\/\"},{\"@type\":\"ListItem\",\"position\":2,\"name\":\"Shop\",\"item\":\"https:\/\/orthopara.store\/?page_id=622\"},{\"@type\":\"ListItem\",\"position\":3,\"name\":\"Linement Ol\u00e9o Calcaire &#8211; BabyLin&rsquo;s &#8211; 500ml\"}]},{\"@type\":\"WebSite\",\"@id\":\"https:\/\/orthopara.store\/#website\",\"url\":\"https:\/\/orthopara.store\/\",\"name\":\"OrthoPara\",\"description\":\"Parapharmacie\",\"publisher\":{\"@id\":\"https:\/\/orthopara.store\/#organization\"},\"potentialAction\":[{\"@type\":\"SearchAction\",\"target\":{\"@type\":\"EntryPoint\",\"urlTemplate\":\"https:\/\/orthopara.store\/?s={search_term_string}\"},\"query-input\":\"required name=search_term_string\"}],\"inLanguage\":\"fr-FR\"},{\"@type\":\"Organization\",\"@id\":\"https:\/\/orthopara.store\/#organization\",\"name\":\"OrthoPara\",\"url\":\"https:\/\/orthopara.store\/\",\"logo\":{\"@type\":\"ImageObject\",\"inLanguage\":\"fr-FR\",\"@id\":\"https:\/\/orthopara.store\/#\/schema\/logo\/image\/\",\"url\":\"https:\/\/orthopara.store\/wp-content\/uploads\/2024\/06\/cropped-9ABA8BAD-6256-4719-9315-15C66E64E882.png\",\"contentUrl\":\"https:\/\/orthopara.store\/wp-content\/uploads\/2024\/06\/cropped-9ABA8BAD-6256-4719-9315-15C66E64E882.png\",\"width\":240,\"height\":72,\"caption\":\"OrthoPara\"},\"image\":{\"@id\":\"https:\/\/orthopara.store\/#\/schema\/logo\/image\/\"},\"sameAs\":[\"https:\/\/www.facebook.com\/profile.php?id=61561194315651\",\"https:\/\/www.instagram.com\/orthopara_tunisie\/\"]}]}<\/script>\n<!-- \/ Yoast SEO plugin. -->","yoast_head_json":{"title":"Linement Ol\u00e9o Calcaire - BabyLin's - 500ml - OrthoPara","robots":{"index":"index","follow":"follow","max-snippet":"max-snippet:-1","max-image-preview":"max-image-preview:large","max-video-preview":"max-video-preview:-1"},"canonical":"https:\/\/orthopara.store\/index.php\/produit\/linement-oleo-calcaire-babylins-500ml\/","og_locale":"fr_FR","og_type":"article","og_title":"Linement Ol\u00e9o Calcaire - BabyLin's - 500ml - OrthoPara","og_description":"abyLin\u2019S liniment Ol\u00e9o-calcaire est un soin quotidien qui prot\u00e8ge l\u2019\u00e9piderme fessier du nourrisson et du b\u00e9b\u00e9, - nettoie efficacement - un film protecteur contre les agressions externes (urines, selles, frottement des couches).","og_url":"https:\/\/orthopara.store\/index.php\/produit\/linement-oleo-calcaire-babylins-500ml\/","og_site_name":"OrthoPara","article_publisher":"https:\/\/www.facebook.com\/profile.php?id=61561194315651","article_modified_time":"2024-06-28T13:54:20+00:00","og_image":[{"width":800,"height":800,"url":"https:\/\/orthopara.store\/wp-content\/uploads\/2024\/06\/linement-oleo-calcaire-babylin-s-500ml.jpg","type":"image\/jpeg"}],"twitter_card":"summary_large_image","twitter_misc":{"Dur\u00e9e de lecture estim\u00e9e":"1 minute"},"schema":{"@context":"https:\/\/schema.org","@graph":[{"@type":"WebPage","@id":"https:\/\/orthopara.store\/index.php\/produit\/linement-oleo-calcaire-babylins-500ml\/","url":"https:\/\/orthopara.store\/index.php\/produit\/linement-oleo-calcaire-babylins-500ml\/","name":"Linement Ol\u00e9o Calcaire - BabyLin's - 500ml - OrthoPara","isPartOf":{"@id":"https:\/\/orthopara.store\/#website"},"primaryImageOfPage":{"@id":"https:\/\/orthopara.store\/index.php\/produit\/linement-oleo-calcaire-babylins-500ml\/#primaryimage"},"image":{"@id":"https:\/\/orthopara.store\/index.php\/produit\/linement-oleo-calcaire-babylins-500ml\/#primaryimage"},"thumbnailUrl":"https:\/\/orthopara.store\/wp-content\/uploads\/2024\/06\/linement-oleo-calcaire-babylin-s-500ml.jpg","datePublished":"2024-06-28T13:54:11+00:00","dateModified":"2024-06-28T13:54:20+00:00","breadcrumb":{"@id":"https:\/\/orthopara.store\/index.php\/produit\/linement-oleo-calcaire-babylins-500ml\/#breadcrumb"},"inLanguage":"fr-FR","potentialAction":[{"@type":"ReadAction","target":["https:\/\/orthopara.store\/index.php\/produit\/linement-oleo-calcaire-babylins-500ml\/"]}]},{"@type":"ImageObject","inLanguage":"fr-FR","@id":"https:\/\/orthopara.store\/index.php\/produit\/linement-oleo-calcaire-babylins-500ml\/#primaryimage","url":"https:\/\/orthopara.store\/wp-content\/uploads\/2024\/06\/linement-oleo-calcaire-babylin-s-500ml.jpg","contentUrl":"https:\/\/orthopara.store\/wp-content\/uploads\/2024\/06\/linement-oleo-calcaire-babylin-s-500ml.jpg","width":800,"height":800},{"@type":"BreadcrumbList","@id":"https:\/\/orthopara.store\/index.php\/produit\/linement-oleo-calcaire-babylins-500ml\/#breadcrumb","itemListElement":[{"@type":"ListItem","position":1,"name":"Accueil","item":"https:\/\/orthopara.store\/"},{"@type":"ListItem","position":2,"name":"Shop","item":"https:\/\/orthopara.store\/?page_id=622"},{"@type":"ListItem","position":3,"name":"Linement Ol\u00e9o Calcaire &#8211; BabyLin&rsquo;s &#8211; 500ml"}]},{"@type":"WebSite","@id":"https:\/\/orthopara.store\/#website","url":"https:\/\/orthopara.store\/","name":"OrthoPara","description":"Parapharmacie","publisher":{"@id":"https:\/\/orthopara.store\/#organization"},"potentialAction":[{"@type":"SearchAction","target":{"@type":"EntryPoint","urlTemplate":"https:\/\/orthopara.store\/?s={search_term_string}"},"query-input":"required name=search_term_string"}],"inLanguage":"fr-FR"},{"@type":"Organization","@id":"https:\/\/orthopara.store\/#organization","name":"OrthoPara","url":"https:\/\/orthopara.store\/","logo":{"@type":"ImageObject","inLanguage":"fr-FR","@id":"https:\/\/orthopara.store\/#\/schema\/logo\/image\/","url":"https:\/\/orthopara.store\/wp-content\/uploads\/2024\/06\/cropped-9ABA8BAD-6256-4719-9315-15C66E64E882.png","contentUrl":"https:\/\/orthopara.store\/wp-content\/uploads\/2024\/06\/cropped-9ABA8BAD-6256-4719-9315-15C66E64E882.png","width":240,"height":72,"caption":"OrthoPara"},"image":{"@id":"https:\/\/orthopara.store\/#\/schema\/logo\/image\/"},"sameAs":["https:\/\/www.facebook.com\/profile.php?id=61561194315651","https:\/\/www.instagram.com\/orthopara_tunisie\/"]}]}},"jetpack_sharing_enabled":true,"brands":[{"id":188,"name":"BabyLin's","slug":"babylins"}],"_links":{"self":[{"href":"https:\/\/orthopara.store\/index.php?rest_route=\/wp\/v2\/product\/1586","targetHints":{"allow":["GET"]}}],"collection":[{"href":"https:\/\/orthopara.store\/index.php?rest_route=\/wp\/v2\/product"}],"about":[{"href":"https:\/\/orthopara.store\/index.php?rest_route=\/wp\/v2\/types\/product"}],"replies":[{"embeddable":true,"href":"https:\/\/orthopara.store\/index.php?rest_route=%2Fwp%2Fv2%2Fcomments&post=1586"}],"wp:featuredmedia":[{"embeddable":true,"href":"https:\/\/orthopara.store\/index.php?rest_route=\/wp\/v2\/media\/1607"}],"wp:attachment":[{"href":"https:\/\/orthopara.store\/index.php?rest_route=%2Fwp%2Fv2%2Fmedia&parent=1586"}],"wp:term":[{"taxonomy":"pwb-brand","embeddable":true,"href":"https:\/\/orthopara.store\/index.php?rest_route=%2Fwp%2Fv2%2Fpwb-brand&post=1586"},{"taxonomy":"product_cat","embeddable":true,"href":"https:\/\/orthopara.store\/index.php?rest_route=%2Fwp%2Fv2%2Fproduct_cat&post=1586"},{"taxonomy":"product_tag","embeddable":true,"href":"https:\/\/orthopara.store\/index.php?rest_route=%2Fwp%2Fv2%2Fproduct_tag&post=1586"}],"curies":[{"name":"wp","href":"https:\/\/api.w.org\/{rel}","templated":true}]}}