{"id":1610,"date":"2024-06-28T15:54:22","date_gmt":"2024-06-28T13:54:22","guid":{"rendered":"https:\/\/orthopara.store\/?post_type=product&#038;p=1610"},"modified":"2024-06-28T15:54:26","modified_gmt":"2024-06-28T13:54:26","slug":"lait-de-corps-hydratant-biolane-350ml","status":"publish","type":"product","link":"https:\/\/orthopara.store\/?product=lait-de-corps-hydratant-biolane-350ml","title":{"rendered":"Lait de corps hydratant &#8211; Biolane &#8211; 350ml"},"content":{"rendered":"<p>Lait de corps hydratant &#8211; Biolane &#8211; 350ml<br \/>\nLe lait corps nourrit durablement et apaise la peau de votre b\u00e9b\u00e9.<br \/>\nUne efficacit\u00e9 prouv\u00e9e : + 62 % d&rsquo;hydratation 8H apr\u00e8s l&rsquo;application.<br \/>\nProt\u00e9ger les b\u00e9b\u00e9s, en pr\u00e9servant la nature :<br \/>\nUn flacon d&rsquo;origine v\u00e9g\u00e9tale<br \/>\nUne fabrication sur notre site vend\u00e9en<br \/>\nUne formule \u00e0 98 % d&rsquo;origine naturelle<br \/>\n\u00c0 quoi correspondent les 2% restants ?<br \/>\nUn syst\u00e8me conservateur afin de garantir la s\u00e9curit\u00e9 de votre b\u00e9b\u00e9.<br \/>\nDes agents qui assurent une formule homog\u00e8ne \u00e0 la texture adapt\u00e9e.<br \/>\nUn parfum sans aucune substances allergisantes pour allier douceur et plaisir.<br \/>\nMode d&#8217;emploi:<br \/>\nAppliquer 1 a 2 fois par jour, sur une peau propre et s\u00e8che, en insistant sur les zones dess\u00e9ch\u00e9es du corps.<br \/>\nComposition :<br \/>\nAqua (Water), Caprylic\/Capric Triglyceride, Glycerin, Coco-Caprylate\/Caprate, C10-18 Triglycerides, Stearyl Alcohol, Inulin, Parfum (Fragrance), Sorbitan Caprylate, Sodium Stearoyl Glutamate, Cetearyl Alcohol Carbomer, P-Anisic Acid, Propanediol, Sodium Gluconate, Sodium Hydroxide, Benzoic Acid, Tocopherol, Fructose, Helianthus Annuus (Sunflower) Seed Oil<\/p>\n","protected":false},"excerpt":{"rendered":"<p>Biolane\u00a0<br \/>\nFormul\u00e9 \u00e0 98% d\u2019origine naturelle, test\u00e9 sous contr\u00f4le dermatologique et garanti haute tol\u00e9rance, le Lait Corps nourrit durablement et apaise la peau sensible du b\u00e9b\u00e9 gr\u00e2ce \u00e0 son complexe d\u2019\u00e9mollients d\u2019origine v\u00e9g\u00e9tale. La peau est douce, souple et renforc\u00e9e.<br \/>\ncontenance: 350ml\u00a0<br \/>\nDLC: 11\/2025<\/p>\n","protected":false},"featured_media":1634,"comment_status":"open","ping_status":"closed","template":"","meta":[],"pwb-brand":[189],"product_cat":[184],"product_tag":[],"class_list":{"0":"post-1610","1":"product","2":"type-product","3":"status-publish","4":"has-post-thumbnail","6":"pwb-brand-biolane","7":"product_cat-hydratation-visage-et-corps","8":"post","9":"ws-product--style-1","11":"first","12":"instock","13":"shipping-taxable","14":"purchasable","15":"product-type-simple"},"yoast_head":"<!-- This site is optimized with the Yoast SEO plugin v23.0 - https:\/\/yoast.com\/wordpress\/plugins\/seo\/ -->\n<title>Lait de corps hydratant - Biolane - 350ml - OrthoPara<\/title>\n<meta name=\"robots\" content=\"index, follow, max-snippet:-1, max-image-preview:large, max-video-preview:-1\" \/>\n<link rel=\"canonical\" href=\"https:\/\/orthopara.store\/index.php\/produit\/lait-de-corps-hydratant-biolane-350ml\/\" \/>\n<meta property=\"og:locale\" content=\"fr_FR\" \/>\n<meta property=\"og:type\" content=\"article\" \/>\n<meta property=\"og:title\" content=\"Lait de corps hydratant - Biolane - 350ml - OrthoPara\" \/>\n<meta property=\"og:description\" content=\"Biolane\u00a0 Formul\u00e9 \u00e0 98% d\u2019origine naturelle, test\u00e9 sous contr\u00f4le dermatologique et garanti haute tol\u00e9rance, le Lait Corps nourrit durablement et apaise la peau sensible du b\u00e9b\u00e9 gr\u00e2ce \u00e0 son complexe d\u2019\u00e9mollients d\u2019origine v\u00e9g\u00e9tale. La peau est douce, souple et renforc\u00e9e. contenance: 350ml\u00a0 DLC: 11\/2025\" \/>\n<meta property=\"og:url\" content=\"https:\/\/orthopara.store\/index.php\/produit\/lait-de-corps-hydratant-biolane-350ml\/\" \/>\n<meta property=\"og:site_name\" content=\"OrthoPara\" \/>\n<meta property=\"article:publisher\" content=\"https:\/\/www.facebook.com\/profile.php?id=61561194315651\" \/>\n<meta property=\"article:modified_time\" content=\"2024-06-28T13:54:26+00:00\" \/>\n<meta property=\"og:image\" content=\"https:\/\/orthopara.store\/wp-content\/uploads\/2024\/06\/lait-de-corps-hydratant-biolane-350ml.jpg\" \/>\n\t<meta property=\"og:image:width\" content=\"800\" \/>\n\t<meta property=\"og:image:height\" content=\"800\" \/>\n\t<meta property=\"og:image:type\" content=\"image\/jpeg\" \/>\n<meta name=\"twitter:card\" content=\"summary_large_image\" \/>\n<meta name=\"twitter:label1\" content=\"Dur\u00e9e de lecture estim\u00e9e\" \/>\n\t<meta name=\"twitter:data1\" content=\"1 minute\" \/>\n<script type=\"application\/ld+json\" class=\"yoast-schema-graph\">{\"@context\":\"https:\/\/schema.org\",\"@graph\":[{\"@type\":\"WebPage\",\"@id\":\"https:\/\/orthopara.store\/index.php\/produit\/lait-de-corps-hydratant-biolane-350ml\/\",\"url\":\"https:\/\/orthopara.store\/index.php\/produit\/lait-de-corps-hydratant-biolane-350ml\/\",\"name\":\"Lait de corps hydratant - Biolane - 350ml - OrthoPara\",\"isPartOf\":{\"@id\":\"https:\/\/orthopara.store\/#website\"},\"primaryImageOfPage\":{\"@id\":\"https:\/\/orthopara.store\/index.php\/produit\/lait-de-corps-hydratant-biolane-350ml\/#primaryimage\"},\"image\":{\"@id\":\"https:\/\/orthopara.store\/index.php\/produit\/lait-de-corps-hydratant-biolane-350ml\/#primaryimage\"},\"thumbnailUrl\":\"https:\/\/orthopara.store\/wp-content\/uploads\/2024\/06\/lait-de-corps-hydratant-biolane-350ml.jpg\",\"datePublished\":\"2024-06-28T13:54:22+00:00\",\"dateModified\":\"2024-06-28T13:54:26+00:00\",\"breadcrumb\":{\"@id\":\"https:\/\/orthopara.store\/index.php\/produit\/lait-de-corps-hydratant-biolane-350ml\/#breadcrumb\"},\"inLanguage\":\"fr-FR\",\"potentialAction\":[{\"@type\":\"ReadAction\",\"target\":[\"https:\/\/orthopara.store\/index.php\/produit\/lait-de-corps-hydratant-biolane-350ml\/\"]}]},{\"@type\":\"ImageObject\",\"inLanguage\":\"fr-FR\",\"@id\":\"https:\/\/orthopara.store\/index.php\/produit\/lait-de-corps-hydratant-biolane-350ml\/#primaryimage\",\"url\":\"https:\/\/orthopara.store\/wp-content\/uploads\/2024\/06\/lait-de-corps-hydratant-biolane-350ml.jpg\",\"contentUrl\":\"https:\/\/orthopara.store\/wp-content\/uploads\/2024\/06\/lait-de-corps-hydratant-biolane-350ml.jpg\",\"width\":800,\"height\":800},{\"@type\":\"BreadcrumbList\",\"@id\":\"https:\/\/orthopara.store\/index.php\/produit\/lait-de-corps-hydratant-biolane-350ml\/#breadcrumb\",\"itemListElement\":[{\"@type\":\"ListItem\",\"position\":1,\"name\":\"Accueil\",\"item\":\"https:\/\/orthopara.store\/\"},{\"@type\":\"ListItem\",\"position\":2,\"name\":\"Shop\",\"item\":\"https:\/\/orthopara.store\/?page_id=622\"},{\"@type\":\"ListItem\",\"position\":3,\"name\":\"Lait de corps hydratant &#8211; Biolane &#8211; 350ml\"}]},{\"@type\":\"WebSite\",\"@id\":\"https:\/\/orthopara.store\/#website\",\"url\":\"https:\/\/orthopara.store\/\",\"name\":\"OrthoPara\",\"description\":\"Parapharmacie\",\"publisher\":{\"@id\":\"https:\/\/orthopara.store\/#organization\"},\"potentialAction\":[{\"@type\":\"SearchAction\",\"target\":{\"@type\":\"EntryPoint\",\"urlTemplate\":\"https:\/\/orthopara.store\/?s={search_term_string}\"},\"query-input\":\"required name=search_term_string\"}],\"inLanguage\":\"fr-FR\"},{\"@type\":\"Organization\",\"@id\":\"https:\/\/orthopara.store\/#organization\",\"name\":\"OrthoPara\",\"url\":\"https:\/\/orthopara.store\/\",\"logo\":{\"@type\":\"ImageObject\",\"inLanguage\":\"fr-FR\",\"@id\":\"https:\/\/orthopara.store\/#\/schema\/logo\/image\/\",\"url\":\"https:\/\/orthopara.store\/wp-content\/uploads\/2024\/06\/cropped-9ABA8BAD-6256-4719-9315-15C66E64E882.png\",\"contentUrl\":\"https:\/\/orthopara.store\/wp-content\/uploads\/2024\/06\/cropped-9ABA8BAD-6256-4719-9315-15C66E64E882.png\",\"width\":240,\"height\":72,\"caption\":\"OrthoPara\"},\"image\":{\"@id\":\"https:\/\/orthopara.store\/#\/schema\/logo\/image\/\"},\"sameAs\":[\"https:\/\/www.facebook.com\/profile.php?id=61561194315651\",\"https:\/\/www.instagram.com\/orthopara_tunisie\/\"]}]}<\/script>\n<!-- \/ Yoast SEO plugin. -->","yoast_head_json":{"title":"Lait de corps hydratant - Biolane - 350ml - OrthoPara","robots":{"index":"index","follow":"follow","max-snippet":"max-snippet:-1","max-image-preview":"max-image-preview:large","max-video-preview":"max-video-preview:-1"},"canonical":"https:\/\/orthopara.store\/index.php\/produit\/lait-de-corps-hydratant-biolane-350ml\/","og_locale":"fr_FR","og_type":"article","og_title":"Lait de corps hydratant - Biolane - 350ml - OrthoPara","og_description":"Biolane\u00a0 Formul\u00e9 \u00e0 98% d\u2019origine naturelle, test\u00e9 sous contr\u00f4le dermatologique et garanti haute tol\u00e9rance, le Lait Corps nourrit durablement et apaise la peau sensible du b\u00e9b\u00e9 gr\u00e2ce \u00e0 son complexe d\u2019\u00e9mollients d\u2019origine v\u00e9g\u00e9tale. La peau est douce, souple et renforc\u00e9e. contenance: 350ml\u00a0 DLC: 11\/2025","og_url":"https:\/\/orthopara.store\/index.php\/produit\/lait-de-corps-hydratant-biolane-350ml\/","og_site_name":"OrthoPara","article_publisher":"https:\/\/www.facebook.com\/profile.php?id=61561194315651","article_modified_time":"2024-06-28T13:54:26+00:00","og_image":[{"width":800,"height":800,"url":"https:\/\/orthopara.store\/wp-content\/uploads\/2024\/06\/lait-de-corps-hydratant-biolane-350ml.jpg","type":"image\/jpeg"}],"twitter_card":"summary_large_image","twitter_misc":{"Dur\u00e9e de lecture estim\u00e9e":"1 minute"},"schema":{"@context":"https:\/\/schema.org","@graph":[{"@type":"WebPage","@id":"https:\/\/orthopara.store\/index.php\/produit\/lait-de-corps-hydratant-biolane-350ml\/","url":"https:\/\/orthopara.store\/index.php\/produit\/lait-de-corps-hydratant-biolane-350ml\/","name":"Lait de corps hydratant - Biolane - 350ml - OrthoPara","isPartOf":{"@id":"https:\/\/orthopara.store\/#website"},"primaryImageOfPage":{"@id":"https:\/\/orthopara.store\/index.php\/produit\/lait-de-corps-hydratant-biolane-350ml\/#primaryimage"},"image":{"@id":"https:\/\/orthopara.store\/index.php\/produit\/lait-de-corps-hydratant-biolane-350ml\/#primaryimage"},"thumbnailUrl":"https:\/\/orthopara.store\/wp-content\/uploads\/2024\/06\/lait-de-corps-hydratant-biolane-350ml.jpg","datePublished":"2024-06-28T13:54:22+00:00","dateModified":"2024-06-28T13:54:26+00:00","breadcrumb":{"@id":"https:\/\/orthopara.store\/index.php\/produit\/lait-de-corps-hydratant-biolane-350ml\/#breadcrumb"},"inLanguage":"fr-FR","potentialAction":[{"@type":"ReadAction","target":["https:\/\/orthopara.store\/index.php\/produit\/lait-de-corps-hydratant-biolane-350ml\/"]}]},{"@type":"ImageObject","inLanguage":"fr-FR","@id":"https:\/\/orthopara.store\/index.php\/produit\/lait-de-corps-hydratant-biolane-350ml\/#primaryimage","url":"https:\/\/orthopara.store\/wp-content\/uploads\/2024\/06\/lait-de-corps-hydratant-biolane-350ml.jpg","contentUrl":"https:\/\/orthopara.store\/wp-content\/uploads\/2024\/06\/lait-de-corps-hydratant-biolane-350ml.jpg","width":800,"height":800},{"@type":"BreadcrumbList","@id":"https:\/\/orthopara.store\/index.php\/produit\/lait-de-corps-hydratant-biolane-350ml\/#breadcrumb","itemListElement":[{"@type":"ListItem","position":1,"name":"Accueil","item":"https:\/\/orthopara.store\/"},{"@type":"ListItem","position":2,"name":"Shop","item":"https:\/\/orthopara.store\/?page_id=622"},{"@type":"ListItem","position":3,"name":"Lait de corps hydratant &#8211; Biolane &#8211; 350ml"}]},{"@type":"WebSite","@id":"https:\/\/orthopara.store\/#website","url":"https:\/\/orthopara.store\/","name":"OrthoPara","description":"Parapharmacie","publisher":{"@id":"https:\/\/orthopara.store\/#organization"},"potentialAction":[{"@type":"SearchAction","target":{"@type":"EntryPoint","urlTemplate":"https:\/\/orthopara.store\/?s={search_term_string}"},"query-input":"required name=search_term_string"}],"inLanguage":"fr-FR"},{"@type":"Organization","@id":"https:\/\/orthopara.store\/#organization","name":"OrthoPara","url":"https:\/\/orthopara.store\/","logo":{"@type":"ImageObject","inLanguage":"fr-FR","@id":"https:\/\/orthopara.store\/#\/schema\/logo\/image\/","url":"https:\/\/orthopara.store\/wp-content\/uploads\/2024\/06\/cropped-9ABA8BAD-6256-4719-9315-15C66E64E882.png","contentUrl":"https:\/\/orthopara.store\/wp-content\/uploads\/2024\/06\/cropped-9ABA8BAD-6256-4719-9315-15C66E64E882.png","width":240,"height":72,"caption":"OrthoPara"},"image":{"@id":"https:\/\/orthopara.store\/#\/schema\/logo\/image\/"},"sameAs":["https:\/\/www.facebook.com\/profile.php?id=61561194315651","https:\/\/www.instagram.com\/orthopara_tunisie\/"]}]}},"jetpack_sharing_enabled":true,"brands":[{"id":189,"name":"BIOLANE","slug":"biolane"}],"_links":{"self":[{"href":"https:\/\/orthopara.store\/index.php?rest_route=\/wp\/v2\/product\/1610","targetHints":{"allow":["GET"]}}],"collection":[{"href":"https:\/\/orthopara.store\/index.php?rest_route=\/wp\/v2\/product"}],"about":[{"href":"https:\/\/orthopara.store\/index.php?rest_route=\/wp\/v2\/types\/product"}],"replies":[{"embeddable":true,"href":"https:\/\/orthopara.store\/index.php?rest_route=%2Fwp%2Fv2%2Fcomments&post=1610"}],"wp:featuredmedia":[{"embeddable":true,"href":"https:\/\/orthopara.store\/index.php?rest_route=\/wp\/v2\/media\/1634"}],"wp:attachment":[{"href":"https:\/\/orthopara.store\/index.php?rest_route=%2Fwp%2Fv2%2Fmedia&parent=1610"}],"wp:term":[{"taxonomy":"pwb-brand","embeddable":true,"href":"https:\/\/orthopara.store\/index.php?rest_route=%2Fwp%2Fv2%2Fpwb-brand&post=1610"},{"taxonomy":"product_cat","embeddable":true,"href":"https:\/\/orthopara.store\/index.php?rest_route=%2Fwp%2Fv2%2Fproduct_cat&post=1610"},{"taxonomy":"product_tag","embeddable":true,"href":"https:\/\/orthopara.store\/index.php?rest_route=%2Fwp%2Fv2%2Fproduct_tag&post=1610"}],"curies":[{"name":"wp","href":"https:\/\/api.w.org\/{rel}","templated":true}]}}