{"id":1611,"date":"2024-06-28T15:54:22","date_gmt":"2024-06-28T13:54:22","guid":{"rendered":"https:\/\/orthopara.store\/?post_type=product&#038;p=1611"},"modified":"2024-11-10T16:18:52","modified_gmt":"2024-11-10T15:18:52","slug":"creme-hydratante-apaisante-neutraderm-baby-100ml","status":"publish","type":"product","link":"https:\/\/orthopara.store\/?product=creme-hydratante-apaisante-neutraderm-baby-100ml","title":{"rendered":"Cr\u00e8me hydratante apaisante &#8211; Neutraderm Baby &#8211; 100ml"},"content":{"rendered":"<p>Cr\u00e8me hydratante apaisante &#8211; Neutraderm Baby &#8211; 100ml<br \/>\nLa Cr\u00e8me Hydratante Apaisante hydrate(1) le visage et le corps tout au long de la journ\u00e9e et laisse un film protecteur sur la peau des b\u00e9b\u00e9s.<br \/>\nSa formule extra-douce, au pH neutre et haute tol\u00e9rance(2) prot\u00e8ge les peaux d\u00e9licates et pr\u00e9vient des irritations. La peau est douce et d\u00e9licatement parfum\u00e9e. Gr\u00e2ce \u00e0 son fini non collant, la cr\u00e8me hydratante b\u00e9b\u00e9 permet un habillage imm\u00e9diat.<br \/>\nCette cr\u00e8me hydratante b\u00e9b\u00e9 est compos\u00e9e d\u2019actifs et ingr\u00e9dients qui respectent l\u2019\u00e9quilibre de la peau de b\u00e9b\u00e9 :<br \/>\nL\u2019agent pr\u00e9biotique prot\u00e8ge et stimule les d\u00e9fenses naturelles de la peau.<br \/>\nL\u2019extrait de feuilles d\u2019oliviers, tonifie et purifie la peau.<br \/>\nLa glyc\u00e9rine est un hydratant, augmente l\u2019extensibilit\u00e9 et la souplesse de la peau.<br \/>\nSa formule est compos\u00e9e de 93% d\u2019ingr\u00e9dients biod\u00e9gradables et 92% d\u2019ingr\u00e9dients d\u2019origine naturelle. Elle contient 50% d\u2019Active Oligo Skin Complex.<br \/>\nNeutraderm Baby est membre 1% for the Planet et \u00e0 ce titre, reverse 1% de son chiffre d\u2019affaires \u00e0 des associations environnementales.<br \/>\n1 Hydratation de couches sup\u00e9rieures de l\u2019\u00e9piderme.<br \/>\n2 Haute tol\u00e9rance cutan\u00e9e.<br \/>\nConseils d&rsquo;utilisation :<br \/>\nAppliquer sur le visage et le corps. Usage externe.<br \/>\nComposition :\u00a0<br \/>\nINCI : Oligoactive Water(3), Aqua (Water) \/ Eau, Caprylic\/Capric Triglyceride, Propanediol, C10-18 Triglycerides, Ceteareth-20, Glycerin, Pentylene Glycol, Polyacrylate Crosspolymer-6, Oleyl Erucate, Butyrospermum Parkii (Shea) Butter, Prunus Amygdalus Dulcis (Sweet Almond) Oil, Saccharide Isomerate, Alpha-Glucan Oligosaccharide, Olea Europaea (Olive) Leaf Extract, Parfum (Fragrance), Glycine Soja (Soybean) Oil, Squalane, Hydroxyethyl Acrylate\/Sodium Acryloyldimethyl Taurate Copolymer, Xanthan Gum, Polysorbate 60, Tocopherol, Sorbitan Isostearate, Sodium Citrate, Propylene Glycol, Caprylyl Glycol, Ethylhexylglycerin, Tetrasodium Glutamate Diacetate, Citric Acid, O-Cymen-5-Ol.<\/p>\n","protected":false},"excerpt":{"rendered":"<p>Neutraderm Baby\u00a0<br \/>\nLa cr\u00e8me hydratante apaisante de Neutraderm Baby s&rsquo;adresse aux nourrissons d\u00e8s leur naissance, en vue de nourrir leur peau et apaiser leurs irritations. Dot\u00e9e d&rsquo;une haute tol\u00e9rance, elle convient aussi bien \u00e0 une application sur le corps que sur le visage et respecte id\u00e9alement le microbiome cutan\u00e9 naissant de votre enfant.<\/p>\n<p>Contenance : 100ml<br \/>\nDLC 07\/2025<\/p>\n","protected":false},"featured_media":1635,"comment_status":"open","ping_status":"closed","template":"","meta":[],"pwb-brand":[70],"product_cat":[184],"product_tag":[],"class_list":{"0":"post-1611","1":"product","2":"type-product","3":"status-publish","4":"has-post-thumbnail","6":"pwb-brand-neutraderm","7":"product_cat-hydratation-visage-et-corps","8":"post","9":"ws-product--style-1","11":"first","12":"instock","13":"shipping-taxable","14":"purchasable","15":"product-type-simple"},"yoast_head":"<!-- This site is optimized with the Yoast SEO plugin v23.0 - https:\/\/yoast.com\/wordpress\/plugins\/seo\/ -->\n<title>Cr\u00e8me hydratante apaisante - Neutraderm Baby - 100ml - OrthoPara<\/title>\n<meta name=\"robots\" content=\"index, follow, max-snippet:-1, max-image-preview:large, max-video-preview:-1\" \/>\n<link rel=\"canonical\" href=\"https:\/\/orthopara.store\/index.php\/produit\/creme-hydratante-apaisante-neutraderm-baby-100ml\/\" \/>\n<meta property=\"og:locale\" content=\"fr_FR\" \/>\n<meta property=\"og:type\" content=\"article\" \/>\n<meta property=\"og:title\" content=\"Cr\u00e8me hydratante apaisante - Neutraderm Baby - 100ml - OrthoPara\" \/>\n<meta property=\"og:description\" content=\"Neutraderm Baby\u00a0 La cr\u00e8me hydratante apaisante de Neutraderm Baby s&#039;adresse aux nourrissons d\u00e8s leur naissance, en vue de nourrir leur peau et apaiser leurs irritations. Dot\u00e9e d&#039;une haute tol\u00e9rance, elle convient aussi bien \u00e0 une application sur le corps que sur le visage et respecte id\u00e9alement le microbiome cutan\u00e9 naissant de votre enfant. Contenance : 100ml DLC 07\/2025\" \/>\n<meta property=\"og:url\" content=\"https:\/\/orthopara.store\/index.php\/produit\/creme-hydratante-apaisante-neutraderm-baby-100ml\/\" \/>\n<meta property=\"og:site_name\" content=\"OrthoPara\" \/>\n<meta property=\"article:publisher\" content=\"https:\/\/www.facebook.com\/profile.php?id=61561194315651\" \/>\n<meta property=\"article:modified_time\" content=\"2024-11-10T15:18:52+00:00\" \/>\n<meta property=\"og:image\" content=\"https:\/\/orthopara.store\/wp-content\/uploads\/2024\/06\/creme-hydratante-apaisante-neutraderm-baby-100ml.jpg\" \/>\n\t<meta property=\"og:image:width\" content=\"800\" \/>\n\t<meta property=\"og:image:height\" content=\"800\" \/>\n\t<meta property=\"og:image:type\" content=\"image\/jpeg\" \/>\n<meta name=\"twitter:card\" content=\"summary_large_image\" \/>\n<meta name=\"twitter:label1\" content=\"Dur\u00e9e de lecture estim\u00e9e\" \/>\n\t<meta name=\"twitter:data1\" content=\"1 minute\" \/>\n<script type=\"application\/ld+json\" class=\"yoast-schema-graph\">{\"@context\":\"https:\/\/schema.org\",\"@graph\":[{\"@type\":\"WebPage\",\"@id\":\"https:\/\/orthopara.store\/index.php\/produit\/creme-hydratante-apaisante-neutraderm-baby-100ml\/\",\"url\":\"https:\/\/orthopara.store\/index.php\/produit\/creme-hydratante-apaisante-neutraderm-baby-100ml\/\",\"name\":\"Cr\u00e8me hydratante apaisante - Neutraderm Baby - 100ml - OrthoPara\",\"isPartOf\":{\"@id\":\"https:\/\/orthopara.store\/#website\"},\"primaryImageOfPage\":{\"@id\":\"https:\/\/orthopara.store\/index.php\/produit\/creme-hydratante-apaisante-neutraderm-baby-100ml\/#primaryimage\"},\"image\":{\"@id\":\"https:\/\/orthopara.store\/index.php\/produit\/creme-hydratante-apaisante-neutraderm-baby-100ml\/#primaryimage\"},\"thumbnailUrl\":\"https:\/\/orthopara.store\/wp-content\/uploads\/2024\/06\/creme-hydratante-apaisante-neutraderm-baby-100ml.jpg\",\"datePublished\":\"2024-06-28T13:54:22+00:00\",\"dateModified\":\"2024-11-10T15:18:52+00:00\",\"breadcrumb\":{\"@id\":\"https:\/\/orthopara.store\/index.php\/produit\/creme-hydratante-apaisante-neutraderm-baby-100ml\/#breadcrumb\"},\"inLanguage\":\"fr-FR\",\"potentialAction\":[{\"@type\":\"ReadAction\",\"target\":[\"https:\/\/orthopara.store\/index.php\/produit\/creme-hydratante-apaisante-neutraderm-baby-100ml\/\"]}]},{\"@type\":\"ImageObject\",\"inLanguage\":\"fr-FR\",\"@id\":\"https:\/\/orthopara.store\/index.php\/produit\/creme-hydratante-apaisante-neutraderm-baby-100ml\/#primaryimage\",\"url\":\"https:\/\/orthopara.store\/wp-content\/uploads\/2024\/06\/creme-hydratante-apaisante-neutraderm-baby-100ml.jpg\",\"contentUrl\":\"https:\/\/orthopara.store\/wp-content\/uploads\/2024\/06\/creme-hydratante-apaisante-neutraderm-baby-100ml.jpg\",\"width\":800,\"height\":800},{\"@type\":\"BreadcrumbList\",\"@id\":\"https:\/\/orthopara.store\/index.php\/produit\/creme-hydratante-apaisante-neutraderm-baby-100ml\/#breadcrumb\",\"itemListElement\":[{\"@type\":\"ListItem\",\"position\":1,\"name\":\"Accueil\",\"item\":\"https:\/\/orthopara.store\/\"},{\"@type\":\"ListItem\",\"position\":2,\"name\":\"Shop\",\"item\":\"https:\/\/orthopara.store\/?page_id=622\"},{\"@type\":\"ListItem\",\"position\":3,\"name\":\"Cr\u00e8me hydratante apaisante &#8211; Neutraderm Baby &#8211; 100ml\"}]},{\"@type\":\"WebSite\",\"@id\":\"https:\/\/orthopara.store\/#website\",\"url\":\"https:\/\/orthopara.store\/\",\"name\":\"OrthoPara\",\"description\":\"Parapharmacie\",\"publisher\":{\"@id\":\"https:\/\/orthopara.store\/#organization\"},\"potentialAction\":[{\"@type\":\"SearchAction\",\"target\":{\"@type\":\"EntryPoint\",\"urlTemplate\":\"https:\/\/orthopara.store\/?s={search_term_string}\"},\"query-input\":\"required name=search_term_string\"}],\"inLanguage\":\"fr-FR\"},{\"@type\":\"Organization\",\"@id\":\"https:\/\/orthopara.store\/#organization\",\"name\":\"OrthoPara\",\"url\":\"https:\/\/orthopara.store\/\",\"logo\":{\"@type\":\"ImageObject\",\"inLanguage\":\"fr-FR\",\"@id\":\"https:\/\/orthopara.store\/#\/schema\/logo\/image\/\",\"url\":\"https:\/\/orthopara.store\/wp-content\/uploads\/2024\/06\/cropped-9ABA8BAD-6256-4719-9315-15C66E64E882.png\",\"contentUrl\":\"https:\/\/orthopara.store\/wp-content\/uploads\/2024\/06\/cropped-9ABA8BAD-6256-4719-9315-15C66E64E882.png\",\"width\":240,\"height\":72,\"caption\":\"OrthoPara\"},\"image\":{\"@id\":\"https:\/\/orthopara.store\/#\/schema\/logo\/image\/\"},\"sameAs\":[\"https:\/\/www.facebook.com\/profile.php?id=61561194315651\",\"https:\/\/www.instagram.com\/orthopara_tunisie\/\"]}]}<\/script>\n<!-- \/ Yoast SEO plugin. -->","yoast_head_json":{"title":"Cr\u00e8me hydratante apaisante - Neutraderm Baby - 100ml - OrthoPara","robots":{"index":"index","follow":"follow","max-snippet":"max-snippet:-1","max-image-preview":"max-image-preview:large","max-video-preview":"max-video-preview:-1"},"canonical":"https:\/\/orthopara.store\/index.php\/produit\/creme-hydratante-apaisante-neutraderm-baby-100ml\/","og_locale":"fr_FR","og_type":"article","og_title":"Cr\u00e8me hydratante apaisante - Neutraderm Baby - 100ml - OrthoPara","og_description":"Neutraderm Baby\u00a0 La cr\u00e8me hydratante apaisante de Neutraderm Baby s'adresse aux nourrissons d\u00e8s leur naissance, en vue de nourrir leur peau et apaiser leurs irritations. Dot\u00e9e d'une haute tol\u00e9rance, elle convient aussi bien \u00e0 une application sur le corps que sur le visage et respecte id\u00e9alement le microbiome cutan\u00e9 naissant de votre enfant. Contenance : 100ml DLC 07\/2025","og_url":"https:\/\/orthopara.store\/index.php\/produit\/creme-hydratante-apaisante-neutraderm-baby-100ml\/","og_site_name":"OrthoPara","article_publisher":"https:\/\/www.facebook.com\/profile.php?id=61561194315651","article_modified_time":"2024-11-10T15:18:52+00:00","og_image":[{"width":800,"height":800,"url":"https:\/\/orthopara.store\/wp-content\/uploads\/2024\/06\/creme-hydratante-apaisante-neutraderm-baby-100ml.jpg","type":"image\/jpeg"}],"twitter_card":"summary_large_image","twitter_misc":{"Dur\u00e9e de lecture estim\u00e9e":"1 minute"},"schema":{"@context":"https:\/\/schema.org","@graph":[{"@type":"WebPage","@id":"https:\/\/orthopara.store\/index.php\/produit\/creme-hydratante-apaisante-neutraderm-baby-100ml\/","url":"https:\/\/orthopara.store\/index.php\/produit\/creme-hydratante-apaisante-neutraderm-baby-100ml\/","name":"Cr\u00e8me hydratante apaisante - Neutraderm Baby - 100ml - OrthoPara","isPartOf":{"@id":"https:\/\/orthopara.store\/#website"},"primaryImageOfPage":{"@id":"https:\/\/orthopara.store\/index.php\/produit\/creme-hydratante-apaisante-neutraderm-baby-100ml\/#primaryimage"},"image":{"@id":"https:\/\/orthopara.store\/index.php\/produit\/creme-hydratante-apaisante-neutraderm-baby-100ml\/#primaryimage"},"thumbnailUrl":"https:\/\/orthopara.store\/wp-content\/uploads\/2024\/06\/creme-hydratante-apaisante-neutraderm-baby-100ml.jpg","datePublished":"2024-06-28T13:54:22+00:00","dateModified":"2024-11-10T15:18:52+00:00","breadcrumb":{"@id":"https:\/\/orthopara.store\/index.php\/produit\/creme-hydratante-apaisante-neutraderm-baby-100ml\/#breadcrumb"},"inLanguage":"fr-FR","potentialAction":[{"@type":"ReadAction","target":["https:\/\/orthopara.store\/index.php\/produit\/creme-hydratante-apaisante-neutraderm-baby-100ml\/"]}]},{"@type":"ImageObject","inLanguage":"fr-FR","@id":"https:\/\/orthopara.store\/index.php\/produit\/creme-hydratante-apaisante-neutraderm-baby-100ml\/#primaryimage","url":"https:\/\/orthopara.store\/wp-content\/uploads\/2024\/06\/creme-hydratante-apaisante-neutraderm-baby-100ml.jpg","contentUrl":"https:\/\/orthopara.store\/wp-content\/uploads\/2024\/06\/creme-hydratante-apaisante-neutraderm-baby-100ml.jpg","width":800,"height":800},{"@type":"BreadcrumbList","@id":"https:\/\/orthopara.store\/index.php\/produit\/creme-hydratante-apaisante-neutraderm-baby-100ml\/#breadcrumb","itemListElement":[{"@type":"ListItem","position":1,"name":"Accueil","item":"https:\/\/orthopara.store\/"},{"@type":"ListItem","position":2,"name":"Shop","item":"https:\/\/orthopara.store\/?page_id=622"},{"@type":"ListItem","position":3,"name":"Cr\u00e8me hydratante apaisante &#8211; Neutraderm Baby &#8211; 100ml"}]},{"@type":"WebSite","@id":"https:\/\/orthopara.store\/#website","url":"https:\/\/orthopara.store\/","name":"OrthoPara","description":"Parapharmacie","publisher":{"@id":"https:\/\/orthopara.store\/#organization"},"potentialAction":[{"@type":"SearchAction","target":{"@type":"EntryPoint","urlTemplate":"https:\/\/orthopara.store\/?s={search_term_string}"},"query-input":"required name=search_term_string"}],"inLanguage":"fr-FR"},{"@type":"Organization","@id":"https:\/\/orthopara.store\/#organization","name":"OrthoPara","url":"https:\/\/orthopara.store\/","logo":{"@type":"ImageObject","inLanguage":"fr-FR","@id":"https:\/\/orthopara.store\/#\/schema\/logo\/image\/","url":"https:\/\/orthopara.store\/wp-content\/uploads\/2024\/06\/cropped-9ABA8BAD-6256-4719-9315-15C66E64E882.png","contentUrl":"https:\/\/orthopara.store\/wp-content\/uploads\/2024\/06\/cropped-9ABA8BAD-6256-4719-9315-15C66E64E882.png","width":240,"height":72,"caption":"OrthoPara"},"image":{"@id":"https:\/\/orthopara.store\/#\/schema\/logo\/image\/"},"sameAs":["https:\/\/www.facebook.com\/profile.php?id=61561194315651","https:\/\/www.instagram.com\/orthopara_tunisie\/"]}]}},"jetpack_sharing_enabled":true,"brands":[{"id":70,"name":"Neutraderm","slug":"neutraderm"}],"_links":{"self":[{"href":"https:\/\/orthopara.store\/index.php?rest_route=\/wp\/v2\/product\/1611","targetHints":{"allow":["GET"]}}],"collection":[{"href":"https:\/\/orthopara.store\/index.php?rest_route=\/wp\/v2\/product"}],"about":[{"href":"https:\/\/orthopara.store\/index.php?rest_route=\/wp\/v2\/types\/product"}],"replies":[{"embeddable":true,"href":"https:\/\/orthopara.store\/index.php?rest_route=%2Fwp%2Fv2%2Fcomments&post=1611"}],"wp:featuredmedia":[{"embeddable":true,"href":"https:\/\/orthopara.store\/index.php?rest_route=\/wp\/v2\/media\/1635"}],"wp:attachment":[{"href":"https:\/\/orthopara.store\/index.php?rest_route=%2Fwp%2Fv2%2Fmedia&parent=1611"}],"wp:term":[{"taxonomy":"pwb-brand","embeddable":true,"href":"https:\/\/orthopara.store\/index.php?rest_route=%2Fwp%2Fv2%2Fpwb-brand&post=1611"},{"taxonomy":"product_cat","embeddable":true,"href":"https:\/\/orthopara.store\/index.php?rest_route=%2Fwp%2Fv2%2Fproduct_cat&post=1611"},{"taxonomy":"product_tag","embeddable":true,"href":"https:\/\/orthopara.store\/index.php?rest_route=%2Fwp%2Fv2%2Fproduct_tag&post=1611"}],"curies":[{"name":"wp","href":"https:\/\/api.w.org\/{rel}","templated":true}]}}