{"id":1612,"date":"2024-06-28T15:54:23","date_gmt":"2024-06-28T13:54:23","guid":{"rendered":"https:\/\/orthopara.store\/?post_type=product&#038;p=1612"},"modified":"2024-11-10T16:18:42","modified_gmt":"2024-11-10T15:18:42","slug":"creme-hydratante-uriage-bebe-40ml","status":"publish","type":"product","link":"https:\/\/orthopara.store\/?product=creme-hydratante-uriage-bebe-40ml","title":{"rendered":"Cr\u00e8me hydratante &#8211; Uriage B\u00e9b\u00e9 &#8211; 40ml"},"content":{"rendered":"<p>Cr\u00e8me hydratante &#8211; Uriage B\u00e9b\u00e9 &#8211; 40ml<br \/>\nCette cr\u00e8me fondante assure aux tout-petits une peau parfaitement prot\u00e9g\u00e9e tout au long de la journ\u00e9e et un voile de douceur d\u00e9licatement parfum\u00e9.<br \/>\n1- Hydrate<br \/>\n1\u00e8re Cr\u00e8me hydrate de fa\u00e7on optimale la peau sensible de l&rsquo;enfant gr\u00e2ce \u00e0 l&rsquo;Eau Thermale d&rsquo;Uriage et \u00e0 la Glyc\u00e9rine.<br \/>\n2- Prot\u00e8ge<br \/>\nElle associe tous les bienfaits de l\u2019Eau Thermale d\u2019Uriage, de la glyc\u00e9rine et de l\u2019eau de bleuet \u00e0 un actif protecteur original qui renforcent les d\u00e9fenses naturelles de la peau vis-\u00e0-vis des agressions ext\u00e9rieures.<br \/>\nComposition :\u00a0<br \/>\nEau Thermale d\u2019Uriage Actif protecteur Glyc\u00e9rine Eau de bleuet Beurre de karit\u00e9 Parfum.<br \/>\nTest\u00e9 sous contr\u00f4le dermatologique Non com\u00e9dog\u00e8ne.<br \/>\nConseils d&rsquo;utilisation :<br \/>\nAppliquer matin et\/ou soir sur une peau parfaitement propre et s\u00e8che.<\/p>\n","protected":false},"excerpt":{"rendered":"<p>Uriage B\u00e9b\u00e9<br \/>\nCr\u00e8me hydra-protectrice<br \/>\nCette cr\u00e8me fondante assure aux tout-petits une peau parfaitement prot\u00e9g\u00e9e tout au long de la journ\u00e9e et un voile de douceur d\u00e9licatement parfum\u00e9.<br \/>\nParties du corps : id\u00e9ale pour visage\u00a0<br \/>\nContenance : tube 40ml\u00a0<\/p>\n","protected":false},"featured_media":1636,"comment_status":"open","ping_status":"closed","template":"","meta":[],"pwb-brand":[195],"product_cat":[184],"product_tag":[],"class_list":{"0":"post-1612","1":"product","2":"type-product","3":"status-publish","4":"has-post-thumbnail","6":"pwb-brand-uriage-bebe","7":"product_cat-hydratation-visage-et-corps","8":"post","9":"ws-product--style-1","11":"first","12":"instock","13":"shipping-taxable","14":"purchasable","15":"product-type-simple"},"yoast_head":"<!-- This site is optimized with the Yoast SEO plugin v23.0 - https:\/\/yoast.com\/wordpress\/plugins\/seo\/ -->\n<title>Cr\u00e8me hydratante - Uriage B\u00e9b\u00e9 - 40ml - OrthoPara<\/title>\n<meta name=\"robots\" content=\"index, follow, max-snippet:-1, max-image-preview:large, max-video-preview:-1\" \/>\n<link rel=\"canonical\" href=\"https:\/\/orthopara.store\/index.php\/produit\/creme-hydratante-uriage-bebe-40ml\/\" \/>\n<meta property=\"og:locale\" content=\"fr_FR\" \/>\n<meta property=\"og:type\" content=\"article\" \/>\n<meta property=\"og:title\" content=\"Cr\u00e8me hydratante - Uriage B\u00e9b\u00e9 - 40ml - OrthoPara\" \/>\n<meta property=\"og:description\" content=\"Uriage B\u00e9b\u00e9 Cr\u00e8me hydra-protectrice Cette cr\u00e8me fondante assure aux tout-petits une peau parfaitement prot\u00e9g\u00e9e tout au long de la journ\u00e9e et un voile de douceur d\u00e9licatement parfum\u00e9. Parties du corps : id\u00e9ale pour visage\u00a0 Contenance : tube 40ml\u00a0\" \/>\n<meta property=\"og:url\" content=\"https:\/\/orthopara.store\/index.php\/produit\/creme-hydratante-uriage-bebe-40ml\/\" \/>\n<meta property=\"og:site_name\" content=\"OrthoPara\" \/>\n<meta property=\"article:publisher\" content=\"https:\/\/www.facebook.com\/profile.php?id=61561194315651\" \/>\n<meta property=\"article:modified_time\" content=\"2024-11-10T15:18:42+00:00\" \/>\n<meta property=\"og:image\" content=\"https:\/\/orthopara.store\/wp-content\/uploads\/2024\/06\/creme-hydratante-uriage-bebe-40ml.jpg\" \/>\n\t<meta property=\"og:image:width\" content=\"800\" \/>\n\t<meta property=\"og:image:height\" content=\"800\" \/>\n\t<meta property=\"og:image:type\" content=\"image\/jpeg\" \/>\n<meta name=\"twitter:card\" content=\"summary_large_image\" \/>\n<meta name=\"twitter:label1\" content=\"Dur\u00e9e de lecture estim\u00e9e\" \/>\n\t<meta name=\"twitter:data1\" content=\"1 minute\" \/>\n<script type=\"application\/ld+json\" class=\"yoast-schema-graph\">{\"@context\":\"https:\/\/schema.org\",\"@graph\":[{\"@type\":\"WebPage\",\"@id\":\"https:\/\/orthopara.store\/index.php\/produit\/creme-hydratante-uriage-bebe-40ml\/\",\"url\":\"https:\/\/orthopara.store\/index.php\/produit\/creme-hydratante-uriage-bebe-40ml\/\",\"name\":\"Cr\u00e8me hydratante - Uriage B\u00e9b\u00e9 - 40ml - OrthoPara\",\"isPartOf\":{\"@id\":\"https:\/\/orthopara.store\/#website\"},\"primaryImageOfPage\":{\"@id\":\"https:\/\/orthopara.store\/index.php\/produit\/creme-hydratante-uriage-bebe-40ml\/#primaryimage\"},\"image\":{\"@id\":\"https:\/\/orthopara.store\/index.php\/produit\/creme-hydratante-uriage-bebe-40ml\/#primaryimage\"},\"thumbnailUrl\":\"https:\/\/orthopara.store\/wp-content\/uploads\/2024\/06\/creme-hydratante-uriage-bebe-40ml.jpg\",\"datePublished\":\"2024-06-28T13:54:23+00:00\",\"dateModified\":\"2024-11-10T15:18:42+00:00\",\"breadcrumb\":{\"@id\":\"https:\/\/orthopara.store\/index.php\/produit\/creme-hydratante-uriage-bebe-40ml\/#breadcrumb\"},\"inLanguage\":\"fr-FR\",\"potentialAction\":[{\"@type\":\"ReadAction\",\"target\":[\"https:\/\/orthopara.store\/index.php\/produit\/creme-hydratante-uriage-bebe-40ml\/\"]}]},{\"@type\":\"ImageObject\",\"inLanguage\":\"fr-FR\",\"@id\":\"https:\/\/orthopara.store\/index.php\/produit\/creme-hydratante-uriage-bebe-40ml\/#primaryimage\",\"url\":\"https:\/\/orthopara.store\/wp-content\/uploads\/2024\/06\/creme-hydratante-uriage-bebe-40ml.jpg\",\"contentUrl\":\"https:\/\/orthopara.store\/wp-content\/uploads\/2024\/06\/creme-hydratante-uriage-bebe-40ml.jpg\",\"width\":800,\"height\":800},{\"@type\":\"BreadcrumbList\",\"@id\":\"https:\/\/orthopara.store\/index.php\/produit\/creme-hydratante-uriage-bebe-40ml\/#breadcrumb\",\"itemListElement\":[{\"@type\":\"ListItem\",\"position\":1,\"name\":\"Accueil\",\"item\":\"https:\/\/orthopara.store\/\"},{\"@type\":\"ListItem\",\"position\":2,\"name\":\"Shop\",\"item\":\"https:\/\/orthopara.store\/?page_id=622\"},{\"@type\":\"ListItem\",\"position\":3,\"name\":\"Cr\u00e8me hydratante &#8211; Uriage B\u00e9b\u00e9 &#8211; 40ml\"}]},{\"@type\":\"WebSite\",\"@id\":\"https:\/\/orthopara.store\/#website\",\"url\":\"https:\/\/orthopara.store\/\",\"name\":\"OrthoPara\",\"description\":\"Parapharmacie\",\"publisher\":{\"@id\":\"https:\/\/orthopara.store\/#organization\"},\"potentialAction\":[{\"@type\":\"SearchAction\",\"target\":{\"@type\":\"EntryPoint\",\"urlTemplate\":\"https:\/\/orthopara.store\/?s={search_term_string}\"},\"query-input\":\"required name=search_term_string\"}],\"inLanguage\":\"fr-FR\"},{\"@type\":\"Organization\",\"@id\":\"https:\/\/orthopara.store\/#organization\",\"name\":\"OrthoPara\",\"url\":\"https:\/\/orthopara.store\/\",\"logo\":{\"@type\":\"ImageObject\",\"inLanguage\":\"fr-FR\",\"@id\":\"https:\/\/orthopara.store\/#\/schema\/logo\/image\/\",\"url\":\"https:\/\/orthopara.store\/wp-content\/uploads\/2024\/06\/cropped-9ABA8BAD-6256-4719-9315-15C66E64E882.png\",\"contentUrl\":\"https:\/\/orthopara.store\/wp-content\/uploads\/2024\/06\/cropped-9ABA8BAD-6256-4719-9315-15C66E64E882.png\",\"width\":240,\"height\":72,\"caption\":\"OrthoPara\"},\"image\":{\"@id\":\"https:\/\/orthopara.store\/#\/schema\/logo\/image\/\"},\"sameAs\":[\"https:\/\/www.facebook.com\/profile.php?id=61561194315651\",\"https:\/\/www.instagram.com\/orthopara_tunisie\/\"]}]}<\/script>\n<!-- \/ Yoast SEO plugin. -->","yoast_head_json":{"title":"Cr\u00e8me hydratante - Uriage B\u00e9b\u00e9 - 40ml - OrthoPara","robots":{"index":"index","follow":"follow","max-snippet":"max-snippet:-1","max-image-preview":"max-image-preview:large","max-video-preview":"max-video-preview:-1"},"canonical":"https:\/\/orthopara.store\/index.php\/produit\/creme-hydratante-uriage-bebe-40ml\/","og_locale":"fr_FR","og_type":"article","og_title":"Cr\u00e8me hydratante - Uriage B\u00e9b\u00e9 - 40ml - OrthoPara","og_description":"Uriage B\u00e9b\u00e9 Cr\u00e8me hydra-protectrice Cette cr\u00e8me fondante assure aux tout-petits une peau parfaitement prot\u00e9g\u00e9e tout au long de la journ\u00e9e et un voile de douceur d\u00e9licatement parfum\u00e9. Parties du corps : id\u00e9ale pour visage\u00a0 Contenance : tube 40ml\u00a0","og_url":"https:\/\/orthopara.store\/index.php\/produit\/creme-hydratante-uriage-bebe-40ml\/","og_site_name":"OrthoPara","article_publisher":"https:\/\/www.facebook.com\/profile.php?id=61561194315651","article_modified_time":"2024-11-10T15:18:42+00:00","og_image":[{"width":800,"height":800,"url":"https:\/\/orthopara.store\/wp-content\/uploads\/2024\/06\/creme-hydratante-uriage-bebe-40ml.jpg","type":"image\/jpeg"}],"twitter_card":"summary_large_image","twitter_misc":{"Dur\u00e9e de lecture estim\u00e9e":"1 minute"},"schema":{"@context":"https:\/\/schema.org","@graph":[{"@type":"WebPage","@id":"https:\/\/orthopara.store\/index.php\/produit\/creme-hydratante-uriage-bebe-40ml\/","url":"https:\/\/orthopara.store\/index.php\/produit\/creme-hydratante-uriage-bebe-40ml\/","name":"Cr\u00e8me hydratante - Uriage B\u00e9b\u00e9 - 40ml - OrthoPara","isPartOf":{"@id":"https:\/\/orthopara.store\/#website"},"primaryImageOfPage":{"@id":"https:\/\/orthopara.store\/index.php\/produit\/creme-hydratante-uriage-bebe-40ml\/#primaryimage"},"image":{"@id":"https:\/\/orthopara.store\/index.php\/produit\/creme-hydratante-uriage-bebe-40ml\/#primaryimage"},"thumbnailUrl":"https:\/\/orthopara.store\/wp-content\/uploads\/2024\/06\/creme-hydratante-uriage-bebe-40ml.jpg","datePublished":"2024-06-28T13:54:23+00:00","dateModified":"2024-11-10T15:18:42+00:00","breadcrumb":{"@id":"https:\/\/orthopara.store\/index.php\/produit\/creme-hydratante-uriage-bebe-40ml\/#breadcrumb"},"inLanguage":"fr-FR","potentialAction":[{"@type":"ReadAction","target":["https:\/\/orthopara.store\/index.php\/produit\/creme-hydratante-uriage-bebe-40ml\/"]}]},{"@type":"ImageObject","inLanguage":"fr-FR","@id":"https:\/\/orthopara.store\/index.php\/produit\/creme-hydratante-uriage-bebe-40ml\/#primaryimage","url":"https:\/\/orthopara.store\/wp-content\/uploads\/2024\/06\/creme-hydratante-uriage-bebe-40ml.jpg","contentUrl":"https:\/\/orthopara.store\/wp-content\/uploads\/2024\/06\/creme-hydratante-uriage-bebe-40ml.jpg","width":800,"height":800},{"@type":"BreadcrumbList","@id":"https:\/\/orthopara.store\/index.php\/produit\/creme-hydratante-uriage-bebe-40ml\/#breadcrumb","itemListElement":[{"@type":"ListItem","position":1,"name":"Accueil","item":"https:\/\/orthopara.store\/"},{"@type":"ListItem","position":2,"name":"Shop","item":"https:\/\/orthopara.store\/?page_id=622"},{"@type":"ListItem","position":3,"name":"Cr\u00e8me hydratante &#8211; Uriage B\u00e9b\u00e9 &#8211; 40ml"}]},{"@type":"WebSite","@id":"https:\/\/orthopara.store\/#website","url":"https:\/\/orthopara.store\/","name":"OrthoPara","description":"Parapharmacie","publisher":{"@id":"https:\/\/orthopara.store\/#organization"},"potentialAction":[{"@type":"SearchAction","target":{"@type":"EntryPoint","urlTemplate":"https:\/\/orthopara.store\/?s={search_term_string}"},"query-input":"required name=search_term_string"}],"inLanguage":"fr-FR"},{"@type":"Organization","@id":"https:\/\/orthopara.store\/#organization","name":"OrthoPara","url":"https:\/\/orthopara.store\/","logo":{"@type":"ImageObject","inLanguage":"fr-FR","@id":"https:\/\/orthopara.store\/#\/schema\/logo\/image\/","url":"https:\/\/orthopara.store\/wp-content\/uploads\/2024\/06\/cropped-9ABA8BAD-6256-4719-9315-15C66E64E882.png","contentUrl":"https:\/\/orthopara.store\/wp-content\/uploads\/2024\/06\/cropped-9ABA8BAD-6256-4719-9315-15C66E64E882.png","width":240,"height":72,"caption":"OrthoPara"},"image":{"@id":"https:\/\/orthopara.store\/#\/schema\/logo\/image\/"},"sameAs":["https:\/\/www.facebook.com\/profile.php?id=61561194315651","https:\/\/www.instagram.com\/orthopara_tunisie\/"]}]}},"jetpack_sharing_enabled":true,"brands":[{"id":195,"name":"Uriage B\u00e9b\u00e9","slug":"uriage-bebe"}],"_links":{"self":[{"href":"https:\/\/orthopara.store\/index.php?rest_route=\/wp\/v2\/product\/1612","targetHints":{"allow":["GET"]}}],"collection":[{"href":"https:\/\/orthopara.store\/index.php?rest_route=\/wp\/v2\/product"}],"about":[{"href":"https:\/\/orthopara.store\/index.php?rest_route=\/wp\/v2\/types\/product"}],"replies":[{"embeddable":true,"href":"https:\/\/orthopara.store\/index.php?rest_route=%2Fwp%2Fv2%2Fcomments&post=1612"}],"wp:featuredmedia":[{"embeddable":true,"href":"https:\/\/orthopara.store\/index.php?rest_route=\/wp\/v2\/media\/1636"}],"wp:attachment":[{"href":"https:\/\/orthopara.store\/index.php?rest_route=%2Fwp%2Fv2%2Fmedia&parent=1612"}],"wp:term":[{"taxonomy":"pwb-brand","embeddable":true,"href":"https:\/\/orthopara.store\/index.php?rest_route=%2Fwp%2Fv2%2Fpwb-brand&post=1612"},{"taxonomy":"product_cat","embeddable":true,"href":"https:\/\/orthopara.store\/index.php?rest_route=%2Fwp%2Fv2%2Fproduct_cat&post=1612"},{"taxonomy":"product_tag","embeddable":true,"href":"https:\/\/orthopara.store\/index.php?rest_route=%2Fwp%2Fv2%2Fproduct_tag&post=1612"}],"curies":[{"name":"wp","href":"https:\/\/api.w.org\/{rel}","templated":true}]}}