{"id":1613,"date":"2024-06-28T15:54:23","date_gmt":"2024-06-28T13:54:23","guid":{"rendered":"https:\/\/orthopara.store\/?post_type=product&#038;p=1613"},"modified":"2024-06-28T15:54:27","modified_gmt":"2024-06-28T13:54:27","slug":"soin-croutes-de-lait-mustela-40ml","status":"publish","type":"product","link":"https:\/\/orthopara.store\/?product=soin-croutes-de-lait-mustela-40ml","title":{"rendered":"Soin cro\u00fbtes de lait &#8211; Mustela &#8211; 40ml"},"content":{"rendered":"<p>Soin Cro\u00fbtes de lait &#8211; Mustela &#8211; 40ml<br \/>\nLe soin cro\u00fbtes de lait Mustela est sp\u00e9cialement con\u00e7u pour apaiser les sensations de d\u00e9mangeaisons dues aux cro\u00fbtes de lait et les \u00e9limine en douceur gr\u00e2ce \u00e0 sa formule haute tol\u00e9rance. Particuli\u00e8rement adapt\u00e9 aux nourrissons et ce d\u00e8s leur naissance, le soin Mustela cro\u00fbtes de lait aide \u00e9galement \u00e0\u00a0lutter contre la r\u00e9apparition\u00a0des cro\u00fbtes de lait tout en\u00a0hydratant le cuir chevelu.<br \/>\nLe soin Mustela cro\u00fbtes de lait est formul\u00e9 \u00e0 partir d&rsquo;un actif brevet\u00e9 assainissant pour une efficacit\u00e9 optimale :<\/p>\n<p>L&rsquo;actif issu de l&rsquo;avocat\u00a0hydrate le cuir chevelu et prot\u00e8gera la barri\u00e8re cutan\u00e9e de b\u00e9b\u00e9 tout en limitant l&rsquo;exc\u00e8s de s\u00e9bum qui donne naissance aux cro\u00fbtes de lait pour ainsi limiter leur apparition.<\/p>\n<p>L&rsquo;huile de tournesol\u00a0hydrate \u00e9galement le cuir chevelu afin de ramollir les cro\u00fbtes de lait et favoriser leur d\u00e9tachement en douceur. L&rsquo;hydratation apport\u00e9e par l&rsquo;huile permettra \u00e9galement de diminuer les sensations de d\u00e9mangeaisons pour apaiser b\u00e9b\u00e9.<\/p>\n","protected":false},"excerpt":{"rendered":"<p>Mustela<br \/>\n Soin Cro\u00fbtes de lait<br \/>\n\u00e9limine et aide \u00e0 limiter leur r\u00e9apparition<br \/>\ncontenance : 40ml<br \/>\nDLC : 06\/2023<\/p>\n","protected":false},"featured_media":1637,"comment_status":"open","ping_status":"closed","template":"","meta":[],"pwb-brand":[185],"product_cat":[184],"product_tag":[],"class_list":{"0":"post-1613","1":"product","2":"type-product","3":"status-publish","4":"has-post-thumbnail","6":"pwb-brand-mustela","7":"product_cat-hydratation-visage-et-corps","8":"post","9":"ws-product--style-1","11":"first","12":"instock","13":"shipping-taxable","14":"purchasable","15":"product-type-simple"},"yoast_head":"<!-- This site is optimized with the Yoast SEO plugin v23.0 - https:\/\/yoast.com\/wordpress\/plugins\/seo\/ -->\n<title>Soin cro\u00fbtes de lait - Mustela - 40ml - OrthoPara<\/title>\n<meta name=\"robots\" content=\"index, follow, max-snippet:-1, max-image-preview:large, max-video-preview:-1\" \/>\n<link rel=\"canonical\" href=\"https:\/\/orthopara.store\/index.php\/produit\/soin-croutes-de-lait-mustela-40ml\/\" \/>\n<meta property=\"og:locale\" content=\"fr_FR\" \/>\n<meta property=\"og:type\" content=\"article\" \/>\n<meta property=\"og:title\" content=\"Soin cro\u00fbtes de lait - Mustela - 40ml - OrthoPara\" \/>\n<meta property=\"og:description\" content=\"Mustela Soin Cro\u00fbtes de lait \u00e9limine et aide \u00e0 limiter leur r\u00e9apparition contenance : 40ml DLC : 06\/2023\" \/>\n<meta property=\"og:url\" content=\"https:\/\/orthopara.store\/index.php\/produit\/soin-croutes-de-lait-mustela-40ml\/\" \/>\n<meta property=\"og:site_name\" content=\"OrthoPara\" \/>\n<meta property=\"article:publisher\" content=\"https:\/\/www.facebook.com\/profile.php?id=61561194315651\" \/>\n<meta property=\"article:modified_time\" content=\"2024-06-28T13:54:27+00:00\" \/>\n<meta property=\"og:image\" content=\"https:\/\/orthopara.store\/wp-content\/uploads\/2024\/06\/soin-croutes-de-lait-mustela-40ml.jpg\" \/>\n\t<meta property=\"og:image:width\" content=\"800\" \/>\n\t<meta property=\"og:image:height\" content=\"800\" \/>\n\t<meta property=\"og:image:type\" content=\"image\/jpeg\" \/>\n<meta name=\"twitter:card\" content=\"summary_large_image\" \/>\n<meta name=\"twitter:label1\" content=\"Dur\u00e9e de lecture estim\u00e9e\" \/>\n\t<meta name=\"twitter:data1\" content=\"1 minute\" \/>\n<script type=\"application\/ld+json\" class=\"yoast-schema-graph\">{\"@context\":\"https:\/\/schema.org\",\"@graph\":[{\"@type\":\"WebPage\",\"@id\":\"https:\/\/orthopara.store\/index.php\/produit\/soin-croutes-de-lait-mustela-40ml\/\",\"url\":\"https:\/\/orthopara.store\/index.php\/produit\/soin-croutes-de-lait-mustela-40ml\/\",\"name\":\"Soin cro\u00fbtes de lait - Mustela - 40ml - OrthoPara\",\"isPartOf\":{\"@id\":\"https:\/\/orthopara.store\/#website\"},\"primaryImageOfPage\":{\"@id\":\"https:\/\/orthopara.store\/index.php\/produit\/soin-croutes-de-lait-mustela-40ml\/#primaryimage\"},\"image\":{\"@id\":\"https:\/\/orthopara.store\/index.php\/produit\/soin-croutes-de-lait-mustela-40ml\/#primaryimage\"},\"thumbnailUrl\":\"https:\/\/orthopara.store\/wp-content\/uploads\/2024\/06\/soin-croutes-de-lait-mustela-40ml.jpg\",\"datePublished\":\"2024-06-28T13:54:23+00:00\",\"dateModified\":\"2024-06-28T13:54:27+00:00\",\"breadcrumb\":{\"@id\":\"https:\/\/orthopara.store\/index.php\/produit\/soin-croutes-de-lait-mustela-40ml\/#breadcrumb\"},\"inLanguage\":\"fr-FR\",\"potentialAction\":[{\"@type\":\"ReadAction\",\"target\":[\"https:\/\/orthopara.store\/index.php\/produit\/soin-croutes-de-lait-mustela-40ml\/\"]}]},{\"@type\":\"ImageObject\",\"inLanguage\":\"fr-FR\",\"@id\":\"https:\/\/orthopara.store\/index.php\/produit\/soin-croutes-de-lait-mustela-40ml\/#primaryimage\",\"url\":\"https:\/\/orthopara.store\/wp-content\/uploads\/2024\/06\/soin-croutes-de-lait-mustela-40ml.jpg\",\"contentUrl\":\"https:\/\/orthopara.store\/wp-content\/uploads\/2024\/06\/soin-croutes-de-lait-mustela-40ml.jpg\",\"width\":800,\"height\":800},{\"@type\":\"BreadcrumbList\",\"@id\":\"https:\/\/orthopara.store\/index.php\/produit\/soin-croutes-de-lait-mustela-40ml\/#breadcrumb\",\"itemListElement\":[{\"@type\":\"ListItem\",\"position\":1,\"name\":\"Accueil\",\"item\":\"https:\/\/orthopara.store\/\"},{\"@type\":\"ListItem\",\"position\":2,\"name\":\"Shop\",\"item\":\"https:\/\/orthopara.store\/?page_id=622\"},{\"@type\":\"ListItem\",\"position\":3,\"name\":\"Soin cro\u00fbtes de lait &#8211; Mustela &#8211; 40ml\"}]},{\"@type\":\"WebSite\",\"@id\":\"https:\/\/orthopara.store\/#website\",\"url\":\"https:\/\/orthopara.store\/\",\"name\":\"OrthoPara\",\"description\":\"Parapharmacie\",\"publisher\":{\"@id\":\"https:\/\/orthopara.store\/#organization\"},\"potentialAction\":[{\"@type\":\"SearchAction\",\"target\":{\"@type\":\"EntryPoint\",\"urlTemplate\":\"https:\/\/orthopara.store\/?s={search_term_string}\"},\"query-input\":\"required name=search_term_string\"}],\"inLanguage\":\"fr-FR\"},{\"@type\":\"Organization\",\"@id\":\"https:\/\/orthopara.store\/#organization\",\"name\":\"OrthoPara\",\"url\":\"https:\/\/orthopara.store\/\",\"logo\":{\"@type\":\"ImageObject\",\"inLanguage\":\"fr-FR\",\"@id\":\"https:\/\/orthopara.store\/#\/schema\/logo\/image\/\",\"url\":\"https:\/\/orthopara.store\/wp-content\/uploads\/2024\/06\/cropped-9ABA8BAD-6256-4719-9315-15C66E64E882.png\",\"contentUrl\":\"https:\/\/orthopara.store\/wp-content\/uploads\/2024\/06\/cropped-9ABA8BAD-6256-4719-9315-15C66E64E882.png\",\"width\":240,\"height\":72,\"caption\":\"OrthoPara\"},\"image\":{\"@id\":\"https:\/\/orthopara.store\/#\/schema\/logo\/image\/\"},\"sameAs\":[\"https:\/\/www.facebook.com\/profile.php?id=61561194315651\",\"https:\/\/www.instagram.com\/orthopara_tunisie\/\"]}]}<\/script>\n<!-- \/ Yoast SEO plugin. -->","yoast_head_json":{"title":"Soin cro\u00fbtes de lait - Mustela - 40ml - OrthoPara","robots":{"index":"index","follow":"follow","max-snippet":"max-snippet:-1","max-image-preview":"max-image-preview:large","max-video-preview":"max-video-preview:-1"},"canonical":"https:\/\/orthopara.store\/index.php\/produit\/soin-croutes-de-lait-mustela-40ml\/","og_locale":"fr_FR","og_type":"article","og_title":"Soin cro\u00fbtes de lait - Mustela - 40ml - OrthoPara","og_description":"Mustela Soin Cro\u00fbtes de lait \u00e9limine et aide \u00e0 limiter leur r\u00e9apparition contenance : 40ml DLC : 06\/2023","og_url":"https:\/\/orthopara.store\/index.php\/produit\/soin-croutes-de-lait-mustela-40ml\/","og_site_name":"OrthoPara","article_publisher":"https:\/\/www.facebook.com\/profile.php?id=61561194315651","article_modified_time":"2024-06-28T13:54:27+00:00","og_image":[{"width":800,"height":800,"url":"https:\/\/orthopara.store\/wp-content\/uploads\/2024\/06\/soin-croutes-de-lait-mustela-40ml.jpg","type":"image\/jpeg"}],"twitter_card":"summary_large_image","twitter_misc":{"Dur\u00e9e de lecture estim\u00e9e":"1 minute"},"schema":{"@context":"https:\/\/schema.org","@graph":[{"@type":"WebPage","@id":"https:\/\/orthopara.store\/index.php\/produit\/soin-croutes-de-lait-mustela-40ml\/","url":"https:\/\/orthopara.store\/index.php\/produit\/soin-croutes-de-lait-mustela-40ml\/","name":"Soin cro\u00fbtes de lait - Mustela - 40ml - OrthoPara","isPartOf":{"@id":"https:\/\/orthopara.store\/#website"},"primaryImageOfPage":{"@id":"https:\/\/orthopara.store\/index.php\/produit\/soin-croutes-de-lait-mustela-40ml\/#primaryimage"},"image":{"@id":"https:\/\/orthopara.store\/index.php\/produit\/soin-croutes-de-lait-mustela-40ml\/#primaryimage"},"thumbnailUrl":"https:\/\/orthopara.store\/wp-content\/uploads\/2024\/06\/soin-croutes-de-lait-mustela-40ml.jpg","datePublished":"2024-06-28T13:54:23+00:00","dateModified":"2024-06-28T13:54:27+00:00","breadcrumb":{"@id":"https:\/\/orthopara.store\/index.php\/produit\/soin-croutes-de-lait-mustela-40ml\/#breadcrumb"},"inLanguage":"fr-FR","potentialAction":[{"@type":"ReadAction","target":["https:\/\/orthopara.store\/index.php\/produit\/soin-croutes-de-lait-mustela-40ml\/"]}]},{"@type":"ImageObject","inLanguage":"fr-FR","@id":"https:\/\/orthopara.store\/index.php\/produit\/soin-croutes-de-lait-mustela-40ml\/#primaryimage","url":"https:\/\/orthopara.store\/wp-content\/uploads\/2024\/06\/soin-croutes-de-lait-mustela-40ml.jpg","contentUrl":"https:\/\/orthopara.store\/wp-content\/uploads\/2024\/06\/soin-croutes-de-lait-mustela-40ml.jpg","width":800,"height":800},{"@type":"BreadcrumbList","@id":"https:\/\/orthopara.store\/index.php\/produit\/soin-croutes-de-lait-mustela-40ml\/#breadcrumb","itemListElement":[{"@type":"ListItem","position":1,"name":"Accueil","item":"https:\/\/orthopara.store\/"},{"@type":"ListItem","position":2,"name":"Shop","item":"https:\/\/orthopara.store\/?page_id=622"},{"@type":"ListItem","position":3,"name":"Soin cro\u00fbtes de lait &#8211; Mustela &#8211; 40ml"}]},{"@type":"WebSite","@id":"https:\/\/orthopara.store\/#website","url":"https:\/\/orthopara.store\/","name":"OrthoPara","description":"Parapharmacie","publisher":{"@id":"https:\/\/orthopara.store\/#organization"},"potentialAction":[{"@type":"SearchAction","target":{"@type":"EntryPoint","urlTemplate":"https:\/\/orthopara.store\/?s={search_term_string}"},"query-input":"required name=search_term_string"}],"inLanguage":"fr-FR"},{"@type":"Organization","@id":"https:\/\/orthopara.store\/#organization","name":"OrthoPara","url":"https:\/\/orthopara.store\/","logo":{"@type":"ImageObject","inLanguage":"fr-FR","@id":"https:\/\/orthopara.store\/#\/schema\/logo\/image\/","url":"https:\/\/orthopara.store\/wp-content\/uploads\/2024\/06\/cropped-9ABA8BAD-6256-4719-9315-15C66E64E882.png","contentUrl":"https:\/\/orthopara.store\/wp-content\/uploads\/2024\/06\/cropped-9ABA8BAD-6256-4719-9315-15C66E64E882.png","width":240,"height":72,"caption":"OrthoPara"},"image":{"@id":"https:\/\/orthopara.store\/#\/schema\/logo\/image\/"},"sameAs":["https:\/\/www.facebook.com\/profile.php?id=61561194315651","https:\/\/www.instagram.com\/orthopara_tunisie\/"]}]}},"jetpack_sharing_enabled":true,"brands":[{"id":185,"name":"Mustela","slug":"mustela"}],"_links":{"self":[{"href":"https:\/\/orthopara.store\/index.php?rest_route=\/wp\/v2\/product\/1613","targetHints":{"allow":["GET"]}}],"collection":[{"href":"https:\/\/orthopara.store\/index.php?rest_route=\/wp\/v2\/product"}],"about":[{"href":"https:\/\/orthopara.store\/index.php?rest_route=\/wp\/v2\/types\/product"}],"replies":[{"embeddable":true,"href":"https:\/\/orthopara.store\/index.php?rest_route=%2Fwp%2Fv2%2Fcomments&post=1613"}],"wp:featuredmedia":[{"embeddable":true,"href":"https:\/\/orthopara.store\/index.php?rest_route=\/wp\/v2\/media\/1637"}],"wp:attachment":[{"href":"https:\/\/orthopara.store\/index.php?rest_route=%2Fwp%2Fv2%2Fmedia&parent=1613"}],"wp:term":[{"taxonomy":"pwb-brand","embeddable":true,"href":"https:\/\/orthopara.store\/index.php?rest_route=%2Fwp%2Fv2%2Fpwb-brand&post=1613"},{"taxonomy":"product_cat","embeddable":true,"href":"https:\/\/orthopara.store\/index.php?rest_route=%2Fwp%2Fv2%2Fproduct_cat&post=1613"},{"taxonomy":"product_tag","embeddable":true,"href":"https:\/\/orthopara.store\/index.php?rest_route=%2Fwp%2Fv2%2Fproduct_tag&post=1613"}],"curies":[{"name":"wp","href":"https:\/\/api.w.org\/{rel}","templated":true}]}}