{"id":1614,"date":"2024-06-28T15:54:23","date_gmt":"2024-06-28T13:54:23","guid":{"rendered":"https:\/\/orthopara.store\/?post_type=product&#038;p=1614"},"modified":"2024-11-07T09:53:46","modified_gmt":"2024-11-07T08:53:46","slug":"chicco-savon-bebe-baby-moments-100g","status":"publish","type":"product","link":"https:\/\/orthopara.store\/?product=chicco-savon-bebe-baby-moments-100g","title":{"rendered":"Chicco &#8211; Savon b\u00e9b\u00e9 Baby Moments &#8211; 100g"},"content":{"rendered":"<p>Savon v\u00e9g\u00e9tal sans parab\u00e8ne, sans colorants SLS ou SLES et sans alcool<br \/>\nTest\u00e9 cliniquement sur peaux sensibles<br \/>\nTraite et hydrate d\u00e9licatement la peau du b\u00e9b\u00e9, gr\u00e2ce \u00e0 sa formule enrichie en glyc\u00e9rine.<br \/>\nNettoie et hydrate en douceur la peau sensible de b\u00e9b\u00e9.<br \/>\nCompos\u00e9 \u00e0 81 % d&rsquo;ingr\u00e9dients d&rsquo;origine v\u00e9g\u00e9tale.<br \/>\nEnrichi en glyc\u00e9rine v\u00e9g\u00e9tale, il assure une action \u00e9molliente et adoucit la peau des plus petits.<br \/>\nSans alcool et colorants.<br \/>\nHypoallerg\u00e9nique (formul\u00e9 pour minimiser le risque d&rsquo;allergies de la peau).<br \/>\nPoids net :<br \/>\n100gr<\/p>\n","protected":false},"excerpt":{"rendered":"<p>Savon surgras b\u00e9b\u00e9<br \/>\nNettoie et hydrate en douceur la peau sensible de b\u00e9b\u00e9. Compos\u00e9 \u00e0 81 % d&rsquo;ingr\u00e9dients d&rsquo;origine v\u00e9g\u00e9tale<br \/>\nEnrichi en glyc\u00e9rine v\u00e9g\u00e9tale, il assure une action \u00e9molliente et adoucit la peau des plus petits<br \/>\nTest\u00e9 dermatologiquement sur peau sensible<br \/>\nDLC 12 mois apr\u00e8s l&rsquo;ouverture<\/p>\n","protected":false},"featured_media":1638,"comment_status":"open","ping_status":"closed","template":"","meta":[],"pwb-brand":[173],"product_cat":[184],"product_tag":[],"class_list":{"0":"post-1614","1":"product","2":"type-product","3":"status-publish","4":"has-post-thumbnail","6":"pwb-brand-chicco","7":"product_cat-hydratation-visage-et-corps","8":"post","9":"ws-product--style-1","11":"first","12":"instock","13":"shipping-taxable","14":"purchasable","15":"product-type-simple"},"yoast_head":"<!-- This site is optimized with the Yoast SEO plugin v23.0 - https:\/\/yoast.com\/wordpress\/plugins\/seo\/ -->\n<title>Chicco - Savon b\u00e9b\u00e9 Baby Moments - 100g - OrthoPara<\/title>\n<meta name=\"robots\" content=\"index, follow, max-snippet:-1, max-image-preview:large, max-video-preview:-1\" \/>\n<link rel=\"canonical\" href=\"https:\/\/orthopara.store\/index.php\/produit\/chicco-savon-bebe-baby-moments-100g\/\" \/>\n<meta property=\"og:locale\" content=\"fr_FR\" \/>\n<meta property=\"og:type\" content=\"article\" \/>\n<meta property=\"og:title\" content=\"Chicco - Savon b\u00e9b\u00e9 Baby Moments - 100g - OrthoPara\" \/>\n<meta property=\"og:description\" content=\"Savon surgras b\u00e9b\u00e9 Nettoie et hydrate en douceur la peau sensible de b\u00e9b\u00e9. Compos\u00e9 \u00e0 81 % d&#039;ingr\u00e9dients d&#039;origine v\u00e9g\u00e9tale Enrichi en glyc\u00e9rine v\u00e9g\u00e9tale, il assure une action \u00e9molliente et adoucit la peau des plus petits Test\u00e9 dermatologiquement sur peau sensible DLC 12 mois apr\u00e8s l&#039;ouverture\" \/>\n<meta property=\"og:url\" content=\"https:\/\/orthopara.store\/index.php\/produit\/chicco-savon-bebe-baby-moments-100g\/\" \/>\n<meta property=\"og:site_name\" content=\"OrthoPara\" \/>\n<meta property=\"article:publisher\" content=\"https:\/\/www.facebook.com\/profile.php?id=61561194315651\" \/>\n<meta property=\"article:modified_time\" content=\"2024-11-07T08:53:46+00:00\" \/>\n<meta property=\"og:image\" content=\"https:\/\/orthopara.store\/wp-content\/uploads\/2024\/06\/savon-surgras-bebe-chicco-100g.jpg\" \/>\n\t<meta property=\"og:image:width\" content=\"800\" \/>\n\t<meta property=\"og:image:height\" content=\"800\" \/>\n\t<meta property=\"og:image:type\" content=\"image\/jpeg\" \/>\n<meta name=\"twitter:card\" content=\"summary_large_image\" \/>\n<script type=\"application\/ld+json\" class=\"yoast-schema-graph\">{\"@context\":\"https:\/\/schema.org\",\"@graph\":[{\"@type\":\"WebPage\",\"@id\":\"https:\/\/orthopara.store\/index.php\/produit\/chicco-savon-bebe-baby-moments-100g\/\",\"url\":\"https:\/\/orthopara.store\/index.php\/produit\/chicco-savon-bebe-baby-moments-100g\/\",\"name\":\"Chicco - Savon b\u00e9b\u00e9 Baby Moments - 100g - OrthoPara\",\"isPartOf\":{\"@id\":\"https:\/\/orthopara.store\/#website\"},\"primaryImageOfPage\":{\"@id\":\"https:\/\/orthopara.store\/index.php\/produit\/chicco-savon-bebe-baby-moments-100g\/#primaryimage\"},\"image\":{\"@id\":\"https:\/\/orthopara.store\/index.php\/produit\/chicco-savon-bebe-baby-moments-100g\/#primaryimage\"},\"thumbnailUrl\":\"https:\/\/orthopara.store\/wp-content\/uploads\/2024\/06\/savon-surgras-bebe-chicco-100g.jpg\",\"datePublished\":\"2024-06-28T13:54:23+00:00\",\"dateModified\":\"2024-11-07T08:53:46+00:00\",\"breadcrumb\":{\"@id\":\"https:\/\/orthopara.store\/index.php\/produit\/chicco-savon-bebe-baby-moments-100g\/#breadcrumb\"},\"inLanguage\":\"fr-FR\",\"potentialAction\":[{\"@type\":\"ReadAction\",\"target\":[\"https:\/\/orthopara.store\/index.php\/produit\/chicco-savon-bebe-baby-moments-100g\/\"]}]},{\"@type\":\"ImageObject\",\"inLanguage\":\"fr-FR\",\"@id\":\"https:\/\/orthopara.store\/index.php\/produit\/chicco-savon-bebe-baby-moments-100g\/#primaryimage\",\"url\":\"https:\/\/orthopara.store\/wp-content\/uploads\/2024\/06\/savon-surgras-bebe-chicco-100g.jpg\",\"contentUrl\":\"https:\/\/orthopara.store\/wp-content\/uploads\/2024\/06\/savon-surgras-bebe-chicco-100g.jpg\",\"width\":800,\"height\":800},{\"@type\":\"BreadcrumbList\",\"@id\":\"https:\/\/orthopara.store\/index.php\/produit\/chicco-savon-bebe-baby-moments-100g\/#breadcrumb\",\"itemListElement\":[{\"@type\":\"ListItem\",\"position\":1,\"name\":\"Accueil\",\"item\":\"https:\/\/orthopara.store\/\"},{\"@type\":\"ListItem\",\"position\":2,\"name\":\"Shop\",\"item\":\"https:\/\/orthopara.store\/?page_id=622\"},{\"@type\":\"ListItem\",\"position\":3,\"name\":\"Chicco &#8211; Savon b\u00e9b\u00e9 Baby Moments &#8211; 100g\"}]},{\"@type\":\"WebSite\",\"@id\":\"https:\/\/orthopara.store\/#website\",\"url\":\"https:\/\/orthopara.store\/\",\"name\":\"OrthoPara\",\"description\":\"Parapharmacie\",\"publisher\":{\"@id\":\"https:\/\/orthopara.store\/#organization\"},\"potentialAction\":[{\"@type\":\"SearchAction\",\"target\":{\"@type\":\"EntryPoint\",\"urlTemplate\":\"https:\/\/orthopara.store\/?s={search_term_string}\"},\"query-input\":\"required name=search_term_string\"}],\"inLanguage\":\"fr-FR\"},{\"@type\":\"Organization\",\"@id\":\"https:\/\/orthopara.store\/#organization\",\"name\":\"OrthoPara\",\"url\":\"https:\/\/orthopara.store\/\",\"logo\":{\"@type\":\"ImageObject\",\"inLanguage\":\"fr-FR\",\"@id\":\"https:\/\/orthopara.store\/#\/schema\/logo\/image\/\",\"url\":\"https:\/\/orthopara.store\/wp-content\/uploads\/2024\/06\/cropped-9ABA8BAD-6256-4719-9315-15C66E64E882.png\",\"contentUrl\":\"https:\/\/orthopara.store\/wp-content\/uploads\/2024\/06\/cropped-9ABA8BAD-6256-4719-9315-15C66E64E882.png\",\"width\":240,\"height\":72,\"caption\":\"OrthoPara\"},\"image\":{\"@id\":\"https:\/\/orthopara.store\/#\/schema\/logo\/image\/\"},\"sameAs\":[\"https:\/\/www.facebook.com\/profile.php?id=61561194315651\",\"https:\/\/www.instagram.com\/orthopara_tunisie\/\"]}]}<\/script>\n<!-- \/ Yoast SEO plugin. -->","yoast_head_json":{"title":"Chicco - Savon b\u00e9b\u00e9 Baby Moments - 100g - OrthoPara","robots":{"index":"index","follow":"follow","max-snippet":"max-snippet:-1","max-image-preview":"max-image-preview:large","max-video-preview":"max-video-preview:-1"},"canonical":"https:\/\/orthopara.store\/index.php\/produit\/chicco-savon-bebe-baby-moments-100g\/","og_locale":"fr_FR","og_type":"article","og_title":"Chicco - Savon b\u00e9b\u00e9 Baby Moments - 100g - OrthoPara","og_description":"Savon surgras b\u00e9b\u00e9 Nettoie et hydrate en douceur la peau sensible de b\u00e9b\u00e9. Compos\u00e9 \u00e0 81 % d'ingr\u00e9dients d'origine v\u00e9g\u00e9tale Enrichi en glyc\u00e9rine v\u00e9g\u00e9tale, il assure une action \u00e9molliente et adoucit la peau des plus petits Test\u00e9 dermatologiquement sur peau sensible DLC 12 mois apr\u00e8s l'ouverture","og_url":"https:\/\/orthopara.store\/index.php\/produit\/chicco-savon-bebe-baby-moments-100g\/","og_site_name":"OrthoPara","article_publisher":"https:\/\/www.facebook.com\/profile.php?id=61561194315651","article_modified_time":"2024-11-07T08:53:46+00:00","og_image":[{"width":800,"height":800,"url":"https:\/\/orthopara.store\/wp-content\/uploads\/2024\/06\/savon-surgras-bebe-chicco-100g.jpg","type":"image\/jpeg"}],"twitter_card":"summary_large_image","schema":{"@context":"https:\/\/schema.org","@graph":[{"@type":"WebPage","@id":"https:\/\/orthopara.store\/index.php\/produit\/chicco-savon-bebe-baby-moments-100g\/","url":"https:\/\/orthopara.store\/index.php\/produit\/chicco-savon-bebe-baby-moments-100g\/","name":"Chicco - Savon b\u00e9b\u00e9 Baby Moments - 100g - OrthoPara","isPartOf":{"@id":"https:\/\/orthopara.store\/#website"},"primaryImageOfPage":{"@id":"https:\/\/orthopara.store\/index.php\/produit\/chicco-savon-bebe-baby-moments-100g\/#primaryimage"},"image":{"@id":"https:\/\/orthopara.store\/index.php\/produit\/chicco-savon-bebe-baby-moments-100g\/#primaryimage"},"thumbnailUrl":"https:\/\/orthopara.store\/wp-content\/uploads\/2024\/06\/savon-surgras-bebe-chicco-100g.jpg","datePublished":"2024-06-28T13:54:23+00:00","dateModified":"2024-11-07T08:53:46+00:00","breadcrumb":{"@id":"https:\/\/orthopara.store\/index.php\/produit\/chicco-savon-bebe-baby-moments-100g\/#breadcrumb"},"inLanguage":"fr-FR","potentialAction":[{"@type":"ReadAction","target":["https:\/\/orthopara.store\/index.php\/produit\/chicco-savon-bebe-baby-moments-100g\/"]}]},{"@type":"ImageObject","inLanguage":"fr-FR","@id":"https:\/\/orthopara.store\/index.php\/produit\/chicco-savon-bebe-baby-moments-100g\/#primaryimage","url":"https:\/\/orthopara.store\/wp-content\/uploads\/2024\/06\/savon-surgras-bebe-chicco-100g.jpg","contentUrl":"https:\/\/orthopara.store\/wp-content\/uploads\/2024\/06\/savon-surgras-bebe-chicco-100g.jpg","width":800,"height":800},{"@type":"BreadcrumbList","@id":"https:\/\/orthopara.store\/index.php\/produit\/chicco-savon-bebe-baby-moments-100g\/#breadcrumb","itemListElement":[{"@type":"ListItem","position":1,"name":"Accueil","item":"https:\/\/orthopara.store\/"},{"@type":"ListItem","position":2,"name":"Shop","item":"https:\/\/orthopara.store\/?page_id=622"},{"@type":"ListItem","position":3,"name":"Chicco &#8211; Savon b\u00e9b\u00e9 Baby Moments &#8211; 100g"}]},{"@type":"WebSite","@id":"https:\/\/orthopara.store\/#website","url":"https:\/\/orthopara.store\/","name":"OrthoPara","description":"Parapharmacie","publisher":{"@id":"https:\/\/orthopara.store\/#organization"},"potentialAction":[{"@type":"SearchAction","target":{"@type":"EntryPoint","urlTemplate":"https:\/\/orthopara.store\/?s={search_term_string}"},"query-input":"required name=search_term_string"}],"inLanguage":"fr-FR"},{"@type":"Organization","@id":"https:\/\/orthopara.store\/#organization","name":"OrthoPara","url":"https:\/\/orthopara.store\/","logo":{"@type":"ImageObject","inLanguage":"fr-FR","@id":"https:\/\/orthopara.store\/#\/schema\/logo\/image\/","url":"https:\/\/orthopara.store\/wp-content\/uploads\/2024\/06\/cropped-9ABA8BAD-6256-4719-9315-15C66E64E882.png","contentUrl":"https:\/\/orthopara.store\/wp-content\/uploads\/2024\/06\/cropped-9ABA8BAD-6256-4719-9315-15C66E64E882.png","width":240,"height":72,"caption":"OrthoPara"},"image":{"@id":"https:\/\/orthopara.store\/#\/schema\/logo\/image\/"},"sameAs":["https:\/\/www.facebook.com\/profile.php?id=61561194315651","https:\/\/www.instagram.com\/orthopara_tunisie\/"]}]}},"jetpack_sharing_enabled":true,"brands":[{"id":173,"name":"Chicco","slug":"chicco"}],"_links":{"self":[{"href":"https:\/\/orthopara.store\/index.php?rest_route=\/wp\/v2\/product\/1614","targetHints":{"allow":["GET"]}}],"collection":[{"href":"https:\/\/orthopara.store\/index.php?rest_route=\/wp\/v2\/product"}],"about":[{"href":"https:\/\/orthopara.store\/index.php?rest_route=\/wp\/v2\/types\/product"}],"replies":[{"embeddable":true,"href":"https:\/\/orthopara.store\/index.php?rest_route=%2Fwp%2Fv2%2Fcomments&post=1614"}],"wp:featuredmedia":[{"embeddable":true,"href":"https:\/\/orthopara.store\/index.php?rest_route=\/wp\/v2\/media\/1638"}],"wp:attachment":[{"href":"https:\/\/orthopara.store\/index.php?rest_route=%2Fwp%2Fv2%2Fmedia&parent=1614"}],"wp:term":[{"taxonomy":"pwb-brand","embeddable":true,"href":"https:\/\/orthopara.store\/index.php?rest_route=%2Fwp%2Fv2%2Fpwb-brand&post=1614"},{"taxonomy":"product_cat","embeddable":true,"href":"https:\/\/orthopara.store\/index.php?rest_route=%2Fwp%2Fv2%2Fproduct_cat&post=1614"},{"taxonomy":"product_tag","embeddable":true,"href":"https:\/\/orthopara.store\/index.php?rest_route=%2Fwp%2Fv2%2Fproduct_tag&post=1614"}],"curies":[{"name":"wp","href":"https:\/\/api.w.org\/{rel}","templated":true}]}}