{"id":1616,"date":"2024-06-28T15:54:23","date_gmt":"2024-06-28T13:54:23","guid":{"rendered":"https:\/\/orthopara.store\/?post_type=product&#038;p=1616"},"modified":"2024-06-28T15:54:28","modified_gmt":"2024-06-28T13:54:28","slug":"gel-a-larnica-biolane-20ml","status":"publish","type":"product","link":"https:\/\/orthopara.store\/?product=gel-a-larnica-biolane-20ml","title":{"rendered":"Gel a l&rsquo;arnica &#8211; Biolane &#8211; 20ml"},"content":{"rendered":"<p>Gel a l&rsquo;arnica &#8211; Biolane &#8211; 20ml\u00a0<br \/>\nCertifi\u00e9 biologique, ce gel \u00e0 l&rsquo;arnica Biolane calme rapidement les sensations de g\u00eane et de tiraillement. Il procure une sensation de fra\u00eecheur et incite au massage pour une efficacit\u00e9 optimale.<br \/>\nUne formule \u00e0 99% d&rsquo;ingr\u00e9dients d&rsquo;origine naturelle, \u00e0 l&rsquo;extrait naturel d&rsquo;arnica, au calendula et \u00e0 l&rsquo;aloe vera, reconnus pour leurs propri\u00e9t\u00e9s calmantes. Une haute tol\u00e9rance test\u00e9e sous contr\u00f4le dermatologique.<br \/>\nUn \u00e9tui en carton issu de for\u00eats g\u00e9r\u00e9es durablement.<br \/>\nUne fabrication sur notre site vend\u00e9en, contr\u00f4l\u00e9 par Ecocert.<br \/>\nConseils d&rsquo;utilisation :<br \/>\nAppliquer en l\u00e9ger massage sur la zone douloureuse jusqu&rsquo;\u00e0 p\u00e9n\u00e9tration du gel.<br \/>\nA conserver \u00e0 une temp\u00e9rature comprise entre 15 et 25\u00b0C.<br \/>\nNe pas utiliser en cas de blessures ou de peau endommag\u00e9e.<br \/>\nNe doit pas \u00eatre ing\u00e9r\u00e9 ou appliqu\u00e9 sur les muqueuses ou pr\u00e8s des yeux.<br \/>\nNe pas utiliser en cas d&rsquo;allergie connue \u00e0 l&rsquo;arnica ou \u00e0 la famille des ast\u00e9rac\u00e9es.<br \/>\nComposition :<br \/>\nAqua (water), glycerin, propanediol, inulin, pentylene glycol, xanthan gum, carrageenan, sodium hydroxide, levulinic acid, sodium gluconate, sodium levulinate, sodium dehydroacetate, fructose, aloe barbadensis leaf juice powder*(1), arnica montana flower extract*, calendula officinalis flower extract*, citric acid, sodium benzoate, potassium sorbate<br \/>\nnobilis flower extract*<br \/>\n*ingr\u00e9dients issus de l&rsquo;Agriculture Biologique.(1)Contient des ingr\u00e9dients \u00e9quitables contr\u00f4l\u00e9s selon le r\u00e9f\u00e9rentiel Fair for Life : 20% du total des ingr\u00e9dients sont issus du commerce \u00e9quitable.<\/p>\n","protected":false},"excerpt":{"rendered":"<p>Biolane\u00a0<br \/>\nGel a l&rsquo;arnica<br \/>\nCertifi\u00e9 biologique, ce gel \u00e0 l&rsquo;arnica Biolane calme rapidement les sensations de g\u00eane et de tiraillement. Il procure une sensation de fra\u00eecheur et incite au massage pour une efficacit\u00e9 optimale.<br \/>\nContenance: 20ml\u00a0<br \/>\nDLC: 02\/2025<\/p>\n","protected":false},"featured_media":1640,"comment_status":"open","ping_status":"closed","template":"","meta":[],"pwb-brand":[189],"product_cat":[184],"product_tag":[],"class_list":{"0":"post-1616","1":"product","2":"type-product","3":"status-publish","4":"has-post-thumbnail","6":"pwb-brand-biolane","7":"product_cat-hydratation-visage-et-corps","8":"post","9":"ws-product--style-1","11":"first","12":"instock","13":"shipping-taxable","14":"purchasable","15":"product-type-simple"},"yoast_head":"<!-- This site is optimized with the Yoast SEO plugin v23.0 - https:\/\/yoast.com\/wordpress\/plugins\/seo\/ -->\n<title>Gel a l&#039;arnica - Biolane - 20ml - OrthoPara<\/title>\n<meta name=\"robots\" content=\"index, follow, max-snippet:-1, max-image-preview:large, max-video-preview:-1\" \/>\n<link rel=\"canonical\" href=\"https:\/\/orthopara.store\/index.php\/produit\/gel-a-larnica-biolane-20ml\/\" \/>\n<meta property=\"og:locale\" content=\"fr_FR\" \/>\n<meta property=\"og:type\" content=\"article\" \/>\n<meta property=\"og:title\" content=\"Gel a l&#039;arnica - Biolane - 20ml - OrthoPara\" \/>\n<meta property=\"og:description\" content=\"Biolane\u00a0 Gel a l&#039;arnica Certifi\u00e9 biologique, ce gel \u00e0 l&#039;arnica Biolane calme rapidement les sensations de g\u00eane et de tiraillement. Il procure une sensation de fra\u00eecheur et incite au massage pour une efficacit\u00e9 optimale. Contenance: 20ml\u00a0 DLC: 02\/2025\" \/>\n<meta property=\"og:url\" content=\"https:\/\/orthopara.store\/index.php\/produit\/gel-a-larnica-biolane-20ml\/\" \/>\n<meta property=\"og:site_name\" content=\"OrthoPara\" \/>\n<meta property=\"article:publisher\" content=\"https:\/\/www.facebook.com\/profile.php?id=61561194315651\" \/>\n<meta property=\"article:modified_time\" content=\"2024-06-28T13:54:28+00:00\" \/>\n<meta property=\"og:image\" content=\"https:\/\/orthopara.store\/wp-content\/uploads\/2024\/06\/gel-a-l-arnica-biolane-20ml.jpg\" \/>\n\t<meta property=\"og:image:width\" content=\"800\" \/>\n\t<meta property=\"og:image:height\" content=\"800\" \/>\n\t<meta property=\"og:image:type\" content=\"image\/jpeg\" \/>\n<meta name=\"twitter:card\" content=\"summary_large_image\" \/>\n<meta name=\"twitter:label1\" content=\"Dur\u00e9e de lecture estim\u00e9e\" \/>\n\t<meta name=\"twitter:data1\" content=\"1 minute\" \/>\n<script type=\"application\/ld+json\" class=\"yoast-schema-graph\">{\"@context\":\"https:\/\/schema.org\",\"@graph\":[{\"@type\":\"WebPage\",\"@id\":\"https:\/\/orthopara.store\/index.php\/produit\/gel-a-larnica-biolane-20ml\/\",\"url\":\"https:\/\/orthopara.store\/index.php\/produit\/gel-a-larnica-biolane-20ml\/\",\"name\":\"Gel a l'arnica - Biolane - 20ml - OrthoPara\",\"isPartOf\":{\"@id\":\"https:\/\/orthopara.store\/#website\"},\"primaryImageOfPage\":{\"@id\":\"https:\/\/orthopara.store\/index.php\/produit\/gel-a-larnica-biolane-20ml\/#primaryimage\"},\"image\":{\"@id\":\"https:\/\/orthopara.store\/index.php\/produit\/gel-a-larnica-biolane-20ml\/#primaryimage\"},\"thumbnailUrl\":\"https:\/\/orthopara.store\/wp-content\/uploads\/2024\/06\/gel-a-l-arnica-biolane-20ml.jpg\",\"datePublished\":\"2024-06-28T13:54:23+00:00\",\"dateModified\":\"2024-06-28T13:54:28+00:00\",\"breadcrumb\":{\"@id\":\"https:\/\/orthopara.store\/index.php\/produit\/gel-a-larnica-biolane-20ml\/#breadcrumb\"},\"inLanguage\":\"fr-FR\",\"potentialAction\":[{\"@type\":\"ReadAction\",\"target\":[\"https:\/\/orthopara.store\/index.php\/produit\/gel-a-larnica-biolane-20ml\/\"]}]},{\"@type\":\"ImageObject\",\"inLanguage\":\"fr-FR\",\"@id\":\"https:\/\/orthopara.store\/index.php\/produit\/gel-a-larnica-biolane-20ml\/#primaryimage\",\"url\":\"https:\/\/orthopara.store\/wp-content\/uploads\/2024\/06\/gel-a-l-arnica-biolane-20ml.jpg\",\"contentUrl\":\"https:\/\/orthopara.store\/wp-content\/uploads\/2024\/06\/gel-a-l-arnica-biolane-20ml.jpg\",\"width\":800,\"height\":800},{\"@type\":\"BreadcrumbList\",\"@id\":\"https:\/\/orthopara.store\/index.php\/produit\/gel-a-larnica-biolane-20ml\/#breadcrumb\",\"itemListElement\":[{\"@type\":\"ListItem\",\"position\":1,\"name\":\"Accueil\",\"item\":\"https:\/\/orthopara.store\/\"},{\"@type\":\"ListItem\",\"position\":2,\"name\":\"Shop\",\"item\":\"https:\/\/orthopara.store\/?page_id=622\"},{\"@type\":\"ListItem\",\"position\":3,\"name\":\"Gel a l&rsquo;arnica &#8211; Biolane &#8211; 20ml\"}]},{\"@type\":\"WebSite\",\"@id\":\"https:\/\/orthopara.store\/#website\",\"url\":\"https:\/\/orthopara.store\/\",\"name\":\"OrthoPara\",\"description\":\"Parapharmacie\",\"publisher\":{\"@id\":\"https:\/\/orthopara.store\/#organization\"},\"potentialAction\":[{\"@type\":\"SearchAction\",\"target\":{\"@type\":\"EntryPoint\",\"urlTemplate\":\"https:\/\/orthopara.store\/?s={search_term_string}\"},\"query-input\":\"required name=search_term_string\"}],\"inLanguage\":\"fr-FR\"},{\"@type\":\"Organization\",\"@id\":\"https:\/\/orthopara.store\/#organization\",\"name\":\"OrthoPara\",\"url\":\"https:\/\/orthopara.store\/\",\"logo\":{\"@type\":\"ImageObject\",\"inLanguage\":\"fr-FR\",\"@id\":\"https:\/\/orthopara.store\/#\/schema\/logo\/image\/\",\"url\":\"https:\/\/orthopara.store\/wp-content\/uploads\/2024\/06\/cropped-9ABA8BAD-6256-4719-9315-15C66E64E882.png\",\"contentUrl\":\"https:\/\/orthopara.store\/wp-content\/uploads\/2024\/06\/cropped-9ABA8BAD-6256-4719-9315-15C66E64E882.png\",\"width\":240,\"height\":72,\"caption\":\"OrthoPara\"},\"image\":{\"@id\":\"https:\/\/orthopara.store\/#\/schema\/logo\/image\/\"},\"sameAs\":[\"https:\/\/www.facebook.com\/profile.php?id=61561194315651\",\"https:\/\/www.instagram.com\/orthopara_tunisie\/\"]}]}<\/script>\n<!-- \/ Yoast SEO plugin. -->","yoast_head_json":{"title":"Gel a l'arnica - Biolane - 20ml - OrthoPara","robots":{"index":"index","follow":"follow","max-snippet":"max-snippet:-1","max-image-preview":"max-image-preview:large","max-video-preview":"max-video-preview:-1"},"canonical":"https:\/\/orthopara.store\/index.php\/produit\/gel-a-larnica-biolane-20ml\/","og_locale":"fr_FR","og_type":"article","og_title":"Gel a l'arnica - Biolane - 20ml - OrthoPara","og_description":"Biolane\u00a0 Gel a l'arnica Certifi\u00e9 biologique, ce gel \u00e0 l'arnica Biolane calme rapidement les sensations de g\u00eane et de tiraillement. Il procure une sensation de fra\u00eecheur et incite au massage pour une efficacit\u00e9 optimale. Contenance: 20ml\u00a0 DLC: 02\/2025","og_url":"https:\/\/orthopara.store\/index.php\/produit\/gel-a-larnica-biolane-20ml\/","og_site_name":"OrthoPara","article_publisher":"https:\/\/www.facebook.com\/profile.php?id=61561194315651","article_modified_time":"2024-06-28T13:54:28+00:00","og_image":[{"width":800,"height":800,"url":"https:\/\/orthopara.store\/wp-content\/uploads\/2024\/06\/gel-a-l-arnica-biolane-20ml.jpg","type":"image\/jpeg"}],"twitter_card":"summary_large_image","twitter_misc":{"Dur\u00e9e de lecture estim\u00e9e":"1 minute"},"schema":{"@context":"https:\/\/schema.org","@graph":[{"@type":"WebPage","@id":"https:\/\/orthopara.store\/index.php\/produit\/gel-a-larnica-biolane-20ml\/","url":"https:\/\/orthopara.store\/index.php\/produit\/gel-a-larnica-biolane-20ml\/","name":"Gel a l'arnica - Biolane - 20ml - OrthoPara","isPartOf":{"@id":"https:\/\/orthopara.store\/#website"},"primaryImageOfPage":{"@id":"https:\/\/orthopara.store\/index.php\/produit\/gel-a-larnica-biolane-20ml\/#primaryimage"},"image":{"@id":"https:\/\/orthopara.store\/index.php\/produit\/gel-a-larnica-biolane-20ml\/#primaryimage"},"thumbnailUrl":"https:\/\/orthopara.store\/wp-content\/uploads\/2024\/06\/gel-a-l-arnica-biolane-20ml.jpg","datePublished":"2024-06-28T13:54:23+00:00","dateModified":"2024-06-28T13:54:28+00:00","breadcrumb":{"@id":"https:\/\/orthopara.store\/index.php\/produit\/gel-a-larnica-biolane-20ml\/#breadcrumb"},"inLanguage":"fr-FR","potentialAction":[{"@type":"ReadAction","target":["https:\/\/orthopara.store\/index.php\/produit\/gel-a-larnica-biolane-20ml\/"]}]},{"@type":"ImageObject","inLanguage":"fr-FR","@id":"https:\/\/orthopara.store\/index.php\/produit\/gel-a-larnica-biolane-20ml\/#primaryimage","url":"https:\/\/orthopara.store\/wp-content\/uploads\/2024\/06\/gel-a-l-arnica-biolane-20ml.jpg","contentUrl":"https:\/\/orthopara.store\/wp-content\/uploads\/2024\/06\/gel-a-l-arnica-biolane-20ml.jpg","width":800,"height":800},{"@type":"BreadcrumbList","@id":"https:\/\/orthopara.store\/index.php\/produit\/gel-a-larnica-biolane-20ml\/#breadcrumb","itemListElement":[{"@type":"ListItem","position":1,"name":"Accueil","item":"https:\/\/orthopara.store\/"},{"@type":"ListItem","position":2,"name":"Shop","item":"https:\/\/orthopara.store\/?page_id=622"},{"@type":"ListItem","position":3,"name":"Gel a l&rsquo;arnica &#8211; Biolane &#8211; 20ml"}]},{"@type":"WebSite","@id":"https:\/\/orthopara.store\/#website","url":"https:\/\/orthopara.store\/","name":"OrthoPara","description":"Parapharmacie","publisher":{"@id":"https:\/\/orthopara.store\/#organization"},"potentialAction":[{"@type":"SearchAction","target":{"@type":"EntryPoint","urlTemplate":"https:\/\/orthopara.store\/?s={search_term_string}"},"query-input":"required name=search_term_string"}],"inLanguage":"fr-FR"},{"@type":"Organization","@id":"https:\/\/orthopara.store\/#organization","name":"OrthoPara","url":"https:\/\/orthopara.store\/","logo":{"@type":"ImageObject","inLanguage":"fr-FR","@id":"https:\/\/orthopara.store\/#\/schema\/logo\/image\/","url":"https:\/\/orthopara.store\/wp-content\/uploads\/2024\/06\/cropped-9ABA8BAD-6256-4719-9315-15C66E64E882.png","contentUrl":"https:\/\/orthopara.store\/wp-content\/uploads\/2024\/06\/cropped-9ABA8BAD-6256-4719-9315-15C66E64E882.png","width":240,"height":72,"caption":"OrthoPara"},"image":{"@id":"https:\/\/orthopara.store\/#\/schema\/logo\/image\/"},"sameAs":["https:\/\/www.facebook.com\/profile.php?id=61561194315651","https:\/\/www.instagram.com\/orthopara_tunisie\/"]}]}},"jetpack_sharing_enabled":true,"brands":[{"id":189,"name":"BIOLANE","slug":"biolane"}],"_links":{"self":[{"href":"https:\/\/orthopara.store\/index.php?rest_route=\/wp\/v2\/product\/1616","targetHints":{"allow":["GET"]}}],"collection":[{"href":"https:\/\/orthopara.store\/index.php?rest_route=\/wp\/v2\/product"}],"about":[{"href":"https:\/\/orthopara.store\/index.php?rest_route=\/wp\/v2\/types\/product"}],"replies":[{"embeddable":true,"href":"https:\/\/orthopara.store\/index.php?rest_route=%2Fwp%2Fv2%2Fcomments&post=1616"}],"wp:featuredmedia":[{"embeddable":true,"href":"https:\/\/orthopara.store\/index.php?rest_route=\/wp\/v2\/media\/1640"}],"wp:attachment":[{"href":"https:\/\/orthopara.store\/index.php?rest_route=%2Fwp%2Fv2%2Fmedia&parent=1616"}],"wp:term":[{"taxonomy":"pwb-brand","embeddable":true,"href":"https:\/\/orthopara.store\/index.php?rest_route=%2Fwp%2Fv2%2Fpwb-brand&post=1616"},{"taxonomy":"product_cat","embeddable":true,"href":"https:\/\/orthopara.store\/index.php?rest_route=%2Fwp%2Fv2%2Fproduct_cat&post=1616"},{"taxonomy":"product_tag","embeddable":true,"href":"https:\/\/orthopara.store\/index.php?rest_route=%2Fwp%2Fv2%2Fproduct_tag&post=1616"}],"curies":[{"name":"wp","href":"https:\/\/api.w.org\/{rel}","templated":true}]}}