{"id":1618,"date":"2024-06-28T15:54:23","date_gmt":"2024-06-28T13:54:23","guid":{"rendered":"https:\/\/orthopara.store\/?post_type=product&#038;p=1618"},"modified":"2024-11-04T17:28:51","modified_gmt":"2024-11-04T16:28:51","slug":"baume-reparateur-apaisant-biolane-cicabebe-40ml","status":"publish","type":"product","link":"https:\/\/orthopara.store\/?product=baume-reparateur-apaisant-biolane-cicabebe-40ml","title":{"rendered":"Baume r\u00e9parateur apaisant &#8211; Biolane Cicab\u00e9be &#8211; 40ml"},"content":{"rendered":"<p>Baume r\u00e9parateur apaisant &#8211; Biolane Cicab\u00e9be &#8211; 40ml<br \/>\nCertifi\u00e9 biologique, le baume r\u00e9parateur et apaisant CicaB\u00e9b\u00e9\u00ae Biolane, r\u00e9pare et soulage les s\u00e9cheresses intenses et irritations superficielles du b\u00e9b\u00e9 (rougeurs p\u00e9ri-orales, rougeurs, cro\u00fbtes de lait).<br \/>\nCertifi\u00e9 biologique, le Cicab\u00e9b\u00e9\u00ae Biolane, r\u00e9pare et soulage les s\u00e9cheresses intenses et irritations superficielles du b\u00e9b\u00e9 (rougeurs p\u00e9ri-orales, rougeurs, cro\u00fbtes de lait).<br \/>\nInnovation Biolane : le Cicab\u00e9b\u00e9\u00ae, aux phospholipides dermo-compatibles, p\u00e9n\u00e8tre facilement pour une efficacit\u00e9 optimale et agit comme une seconde peau protectrice. Au Zinc PCA, cette pr\u00e9paration contribue \u00e0 assainir la zone fragilis\u00e9e. L\u2019apport en Bisabolol, aux vertus apaisantes, soulage et r\u00e9pare efficacement les irritations localis\u00e9es.<br \/>\nUne formule \u00e0 l\u2019efficacit\u00e9 prouv\u00e9e d\u00e8s la premi\u00e8re application. (Test clinique sur 12 volontaires.)<br \/>\nFormule \u00e0 99% d\u2019ingr\u00e9dients d\u2019origine naturelle.<br \/>\nFabrication sur notre site vend\u00e9en, contr\u00f4l\u00e9 par Ecocert.<br \/>\nEtui en carton issu de for\u00eats g\u00e9r\u00e9es durablement.<br \/>\nMode d&#8217;emploi:<br \/>\nAppliquez quotidiennement sur les zones s\u00e8ches ou irrit\u00e9es en massant l\u00e9g\u00e8rement.<br \/>\nAssurez-vous que la peau soit parfaitement propre avant l\u2019utilisation du soin.<br \/>\nL\u2019embout canule permet un dosage pr\u00e9cis pour une application sur les zones localis\u00e9es.<br \/>\n\u00c0 conserver \u00e0 une temp\u00e9rature comprise entre 15\u00b0 et 25\u00b0C. Usage externe.<br \/>\nNe laissez pas \u00e0 la porter des enfants. Eviter le contact avec les yeux.<\/p>\n","protected":false},"excerpt":{"rendered":"<p>Biolane\u00a0<br \/>\nBaume r\u00e9parateur apaisant\u00a0<br \/>\nCertifi\u00e9 biologique, le baume r\u00e9parateur et apaisant CicaB\u00e9b\u00e9\u00ae Biolane, r\u00e9pare et soulage les s\u00e9cheresses intenses et irritations superficielles du b\u00e9b\u00e9 (rougeurs p\u00e9ri-orales, rougeurs, cro\u00fbtes de lait).<br \/>\nContenance: 40ml\u00a0<br \/>\nDLC: 02\/2026<\/p>\n","protected":false},"featured_media":1642,"comment_status":"open","ping_status":"closed","template":"","meta":[],"pwb-brand":[189],"product_cat":[184],"product_tag":[],"class_list":{"0":"post-1618","1":"product","2":"type-product","3":"status-publish","4":"has-post-thumbnail","6":"pwb-brand-biolane","7":"product_cat-hydratation-visage-et-corps","8":"post","9":"ws-product--style-1","11":"first","12":"instock","13":"shipping-taxable","14":"purchasable","15":"product-type-simple"},"yoast_head":"<!-- This site is optimized with the Yoast SEO plugin v23.0 - https:\/\/yoast.com\/wordpress\/plugins\/seo\/ -->\n<title>Baume r\u00e9parateur apaisant - Biolane Cicab\u00e9be - 40ml - OrthoPara<\/title>\n<meta name=\"robots\" content=\"index, follow, max-snippet:-1, max-image-preview:large, max-video-preview:-1\" \/>\n<link rel=\"canonical\" href=\"https:\/\/orthopara.store\/index.php\/produit\/baume-reparateur-apaisant-biolane-cicabebe-40ml\/\" \/>\n<meta property=\"og:locale\" content=\"fr_FR\" \/>\n<meta property=\"og:type\" content=\"article\" \/>\n<meta property=\"og:title\" content=\"Baume r\u00e9parateur apaisant - Biolane Cicab\u00e9be - 40ml - OrthoPara\" \/>\n<meta property=\"og:description\" content=\"Biolane\u00a0 Baume r\u00e9parateur apaisant\u00a0 Certifi\u00e9 biologique, le baume r\u00e9parateur et apaisant CicaB\u00e9b\u00e9\u00ae Biolane, r\u00e9pare et soulage les s\u00e9cheresses intenses et irritations superficielles du b\u00e9b\u00e9 (rougeurs p\u00e9ri-orales, rougeurs, cro\u00fbtes de lait). Contenance: 40ml\u00a0 DLC: 02\/2026\" \/>\n<meta property=\"og:url\" content=\"https:\/\/orthopara.store\/index.php\/produit\/baume-reparateur-apaisant-biolane-cicabebe-40ml\/\" \/>\n<meta property=\"og:site_name\" content=\"OrthoPara\" \/>\n<meta property=\"article:publisher\" content=\"https:\/\/www.facebook.com\/profile.php?id=61561194315651\" \/>\n<meta property=\"article:modified_time\" content=\"2024-11-04T16:28:51+00:00\" \/>\n<meta property=\"og:image\" content=\"https:\/\/orthopara.store\/wp-content\/uploads\/2024\/06\/baume-reparateur-apaisant-biolane-cicabebe-40ml.jpg\" \/>\n\t<meta property=\"og:image:width\" content=\"800\" \/>\n\t<meta property=\"og:image:height\" content=\"800\" \/>\n\t<meta property=\"og:image:type\" content=\"image\/jpeg\" \/>\n<meta name=\"twitter:card\" content=\"summary_large_image\" \/>\n<meta name=\"twitter:label1\" content=\"Dur\u00e9e de lecture estim\u00e9e\" \/>\n\t<meta name=\"twitter:data1\" content=\"1 minute\" \/>\n<script type=\"application\/ld+json\" class=\"yoast-schema-graph\">{\"@context\":\"https:\/\/schema.org\",\"@graph\":[{\"@type\":\"WebPage\",\"@id\":\"https:\/\/orthopara.store\/index.php\/produit\/baume-reparateur-apaisant-biolane-cicabebe-40ml\/\",\"url\":\"https:\/\/orthopara.store\/index.php\/produit\/baume-reparateur-apaisant-biolane-cicabebe-40ml\/\",\"name\":\"Baume r\u00e9parateur apaisant - Biolane Cicab\u00e9be - 40ml - OrthoPara\",\"isPartOf\":{\"@id\":\"https:\/\/orthopara.store\/#website\"},\"primaryImageOfPage\":{\"@id\":\"https:\/\/orthopara.store\/index.php\/produit\/baume-reparateur-apaisant-biolane-cicabebe-40ml\/#primaryimage\"},\"image\":{\"@id\":\"https:\/\/orthopara.store\/index.php\/produit\/baume-reparateur-apaisant-biolane-cicabebe-40ml\/#primaryimage\"},\"thumbnailUrl\":\"https:\/\/orthopara.store\/wp-content\/uploads\/2024\/06\/baume-reparateur-apaisant-biolane-cicabebe-40ml.jpg\",\"datePublished\":\"2024-06-28T13:54:23+00:00\",\"dateModified\":\"2024-11-04T16:28:51+00:00\",\"breadcrumb\":{\"@id\":\"https:\/\/orthopara.store\/index.php\/produit\/baume-reparateur-apaisant-biolane-cicabebe-40ml\/#breadcrumb\"},\"inLanguage\":\"fr-FR\",\"potentialAction\":[{\"@type\":\"ReadAction\",\"target\":[\"https:\/\/orthopara.store\/index.php\/produit\/baume-reparateur-apaisant-biolane-cicabebe-40ml\/\"]}]},{\"@type\":\"ImageObject\",\"inLanguage\":\"fr-FR\",\"@id\":\"https:\/\/orthopara.store\/index.php\/produit\/baume-reparateur-apaisant-biolane-cicabebe-40ml\/#primaryimage\",\"url\":\"https:\/\/orthopara.store\/wp-content\/uploads\/2024\/06\/baume-reparateur-apaisant-biolane-cicabebe-40ml.jpg\",\"contentUrl\":\"https:\/\/orthopara.store\/wp-content\/uploads\/2024\/06\/baume-reparateur-apaisant-biolane-cicabebe-40ml.jpg\",\"width\":800,\"height\":800},{\"@type\":\"BreadcrumbList\",\"@id\":\"https:\/\/orthopara.store\/index.php\/produit\/baume-reparateur-apaisant-biolane-cicabebe-40ml\/#breadcrumb\",\"itemListElement\":[{\"@type\":\"ListItem\",\"position\":1,\"name\":\"Accueil\",\"item\":\"https:\/\/orthopara.store\/\"},{\"@type\":\"ListItem\",\"position\":2,\"name\":\"Shop\",\"item\":\"https:\/\/orthopara.store\/?page_id=622\"},{\"@type\":\"ListItem\",\"position\":3,\"name\":\"Baume r\u00e9parateur apaisant &#8211; Biolane Cicab\u00e9be &#8211; 40ml\"}]},{\"@type\":\"WebSite\",\"@id\":\"https:\/\/orthopara.store\/#website\",\"url\":\"https:\/\/orthopara.store\/\",\"name\":\"OrthoPara\",\"description\":\"Parapharmacie\",\"publisher\":{\"@id\":\"https:\/\/orthopara.store\/#organization\"},\"potentialAction\":[{\"@type\":\"SearchAction\",\"target\":{\"@type\":\"EntryPoint\",\"urlTemplate\":\"https:\/\/orthopara.store\/?s={search_term_string}\"},\"query-input\":\"required name=search_term_string\"}],\"inLanguage\":\"fr-FR\"},{\"@type\":\"Organization\",\"@id\":\"https:\/\/orthopara.store\/#organization\",\"name\":\"OrthoPara\",\"url\":\"https:\/\/orthopara.store\/\",\"logo\":{\"@type\":\"ImageObject\",\"inLanguage\":\"fr-FR\",\"@id\":\"https:\/\/orthopara.store\/#\/schema\/logo\/image\/\",\"url\":\"https:\/\/orthopara.store\/wp-content\/uploads\/2024\/06\/cropped-9ABA8BAD-6256-4719-9315-15C66E64E882.png\",\"contentUrl\":\"https:\/\/orthopara.store\/wp-content\/uploads\/2024\/06\/cropped-9ABA8BAD-6256-4719-9315-15C66E64E882.png\",\"width\":240,\"height\":72,\"caption\":\"OrthoPara\"},\"image\":{\"@id\":\"https:\/\/orthopara.store\/#\/schema\/logo\/image\/\"},\"sameAs\":[\"https:\/\/www.facebook.com\/profile.php?id=61561194315651\",\"https:\/\/www.instagram.com\/orthopara_tunisie\/\"]}]}<\/script>\n<!-- \/ Yoast SEO plugin. -->","yoast_head_json":{"title":"Baume r\u00e9parateur apaisant - Biolane Cicab\u00e9be - 40ml - OrthoPara","robots":{"index":"index","follow":"follow","max-snippet":"max-snippet:-1","max-image-preview":"max-image-preview:large","max-video-preview":"max-video-preview:-1"},"canonical":"https:\/\/orthopara.store\/index.php\/produit\/baume-reparateur-apaisant-biolane-cicabebe-40ml\/","og_locale":"fr_FR","og_type":"article","og_title":"Baume r\u00e9parateur apaisant - Biolane Cicab\u00e9be - 40ml - OrthoPara","og_description":"Biolane\u00a0 Baume r\u00e9parateur apaisant\u00a0 Certifi\u00e9 biologique, le baume r\u00e9parateur et apaisant CicaB\u00e9b\u00e9\u00ae Biolane, r\u00e9pare et soulage les s\u00e9cheresses intenses et irritations superficielles du b\u00e9b\u00e9 (rougeurs p\u00e9ri-orales, rougeurs, cro\u00fbtes de lait). Contenance: 40ml\u00a0 DLC: 02\/2026","og_url":"https:\/\/orthopara.store\/index.php\/produit\/baume-reparateur-apaisant-biolane-cicabebe-40ml\/","og_site_name":"OrthoPara","article_publisher":"https:\/\/www.facebook.com\/profile.php?id=61561194315651","article_modified_time":"2024-11-04T16:28:51+00:00","og_image":[{"width":800,"height":800,"url":"https:\/\/orthopara.store\/wp-content\/uploads\/2024\/06\/baume-reparateur-apaisant-biolane-cicabebe-40ml.jpg","type":"image\/jpeg"}],"twitter_card":"summary_large_image","twitter_misc":{"Dur\u00e9e de lecture estim\u00e9e":"1 minute"},"schema":{"@context":"https:\/\/schema.org","@graph":[{"@type":"WebPage","@id":"https:\/\/orthopara.store\/index.php\/produit\/baume-reparateur-apaisant-biolane-cicabebe-40ml\/","url":"https:\/\/orthopara.store\/index.php\/produit\/baume-reparateur-apaisant-biolane-cicabebe-40ml\/","name":"Baume r\u00e9parateur apaisant - Biolane Cicab\u00e9be - 40ml - OrthoPara","isPartOf":{"@id":"https:\/\/orthopara.store\/#website"},"primaryImageOfPage":{"@id":"https:\/\/orthopara.store\/index.php\/produit\/baume-reparateur-apaisant-biolane-cicabebe-40ml\/#primaryimage"},"image":{"@id":"https:\/\/orthopara.store\/index.php\/produit\/baume-reparateur-apaisant-biolane-cicabebe-40ml\/#primaryimage"},"thumbnailUrl":"https:\/\/orthopara.store\/wp-content\/uploads\/2024\/06\/baume-reparateur-apaisant-biolane-cicabebe-40ml.jpg","datePublished":"2024-06-28T13:54:23+00:00","dateModified":"2024-11-04T16:28:51+00:00","breadcrumb":{"@id":"https:\/\/orthopara.store\/index.php\/produit\/baume-reparateur-apaisant-biolane-cicabebe-40ml\/#breadcrumb"},"inLanguage":"fr-FR","potentialAction":[{"@type":"ReadAction","target":["https:\/\/orthopara.store\/index.php\/produit\/baume-reparateur-apaisant-biolane-cicabebe-40ml\/"]}]},{"@type":"ImageObject","inLanguage":"fr-FR","@id":"https:\/\/orthopara.store\/index.php\/produit\/baume-reparateur-apaisant-biolane-cicabebe-40ml\/#primaryimage","url":"https:\/\/orthopara.store\/wp-content\/uploads\/2024\/06\/baume-reparateur-apaisant-biolane-cicabebe-40ml.jpg","contentUrl":"https:\/\/orthopara.store\/wp-content\/uploads\/2024\/06\/baume-reparateur-apaisant-biolane-cicabebe-40ml.jpg","width":800,"height":800},{"@type":"BreadcrumbList","@id":"https:\/\/orthopara.store\/index.php\/produit\/baume-reparateur-apaisant-biolane-cicabebe-40ml\/#breadcrumb","itemListElement":[{"@type":"ListItem","position":1,"name":"Accueil","item":"https:\/\/orthopara.store\/"},{"@type":"ListItem","position":2,"name":"Shop","item":"https:\/\/orthopara.store\/?page_id=622"},{"@type":"ListItem","position":3,"name":"Baume r\u00e9parateur apaisant &#8211; Biolane Cicab\u00e9be &#8211; 40ml"}]},{"@type":"WebSite","@id":"https:\/\/orthopara.store\/#website","url":"https:\/\/orthopara.store\/","name":"OrthoPara","description":"Parapharmacie","publisher":{"@id":"https:\/\/orthopara.store\/#organization"},"potentialAction":[{"@type":"SearchAction","target":{"@type":"EntryPoint","urlTemplate":"https:\/\/orthopara.store\/?s={search_term_string}"},"query-input":"required name=search_term_string"}],"inLanguage":"fr-FR"},{"@type":"Organization","@id":"https:\/\/orthopara.store\/#organization","name":"OrthoPara","url":"https:\/\/orthopara.store\/","logo":{"@type":"ImageObject","inLanguage":"fr-FR","@id":"https:\/\/orthopara.store\/#\/schema\/logo\/image\/","url":"https:\/\/orthopara.store\/wp-content\/uploads\/2024\/06\/cropped-9ABA8BAD-6256-4719-9315-15C66E64E882.png","contentUrl":"https:\/\/orthopara.store\/wp-content\/uploads\/2024\/06\/cropped-9ABA8BAD-6256-4719-9315-15C66E64E882.png","width":240,"height":72,"caption":"OrthoPara"},"image":{"@id":"https:\/\/orthopara.store\/#\/schema\/logo\/image\/"},"sameAs":["https:\/\/www.facebook.com\/profile.php?id=61561194315651","https:\/\/www.instagram.com\/orthopara_tunisie\/"]}]}},"jetpack_sharing_enabled":true,"brands":[{"id":189,"name":"BIOLANE","slug":"biolane"}],"_links":{"self":[{"href":"https:\/\/orthopara.store\/index.php?rest_route=\/wp\/v2\/product\/1618","targetHints":{"allow":["GET"]}}],"collection":[{"href":"https:\/\/orthopara.store\/index.php?rest_route=\/wp\/v2\/product"}],"about":[{"href":"https:\/\/orthopara.store\/index.php?rest_route=\/wp\/v2\/types\/product"}],"replies":[{"embeddable":true,"href":"https:\/\/orthopara.store\/index.php?rest_route=%2Fwp%2Fv2%2Fcomments&post=1618"}],"wp:featuredmedia":[{"embeddable":true,"href":"https:\/\/orthopara.store\/index.php?rest_route=\/wp\/v2\/media\/1642"}],"wp:attachment":[{"href":"https:\/\/orthopara.store\/index.php?rest_route=%2Fwp%2Fv2%2Fmedia&parent=1618"}],"wp:term":[{"taxonomy":"pwb-brand","embeddable":true,"href":"https:\/\/orthopara.store\/index.php?rest_route=%2Fwp%2Fv2%2Fpwb-brand&post=1618"},{"taxonomy":"product_cat","embeddable":true,"href":"https:\/\/orthopara.store\/index.php?rest_route=%2Fwp%2Fv2%2Fproduct_cat&post=1618"},{"taxonomy":"product_tag","embeddable":true,"href":"https:\/\/orthopara.store\/index.php?rest_route=%2Fwp%2Fv2%2Fproduct_tag&post=1618"}],"curies":[{"name":"wp","href":"https:\/\/api.w.org\/{rel}","templated":true}]}}