{"id":1619,"date":"2024-06-28T15:54:23","date_gmt":"2024-06-28T13:54:23","guid":{"rendered":"https:\/\/orthopara.store\/?post_type=product&#038;p=1619"},"modified":"2024-06-28T15:54:30","modified_gmt":"2024-06-28T13:54:30","slug":"shampoing-extra-doux-babe-pediatric-200ml","status":"publish","type":"product","link":"https:\/\/orthopara.store\/?product=shampoing-extra-doux-babe-pediatric-200ml","title":{"rendered":"Shampoing extra-doux &#8211; Bab\u00e9 Pediatric &#8211; 200ml"},"content":{"rendered":"<p>Shampoing extra-doux &#8211; Bab\u00e9 Pediatric &#8211; 200ml<br \/>\nNotre Shampooing Extra Doux est sp\u00e9cifiquement formul\u00e9 pour nettoyer en douceur le jeune cuir chevelu. Avec un parfum tr\u00e8s doux et sa mousse savonneuse agr\u00e9able, il fait de l&rsquo;heure du bain une exp\u00e9rience agr\u00e9able et amusante. Fini les larmes! Sa formule adapt\u00e9e aux voies lacrymales des enfants garantit que le produit ne leur piquera pas les yeux. Apr\u00e8s utilisation, les cheveux sont doux, tr\u00e8s hydrat\u00e9s et brillants, ce qui facilite le coiffage sans avoir besoin de tirer.<br \/>\nPropri\u00e9t\u00e9s de produit :\u00a0<br \/>\nType de peau : tous types de peau<br \/>\nConvient au cuir chevelu des b\u00e9b\u00e9s et des enfants.<br \/>\nConseils d&rsquo;utilisation :<br \/>\nAppliquez une petite quantit\u00e9 de produit sur votre main et \u00e9talez doucement sur le corps du b\u00e9b\u00e9 ou de l&rsquo;enfant jusqu&rsquo;\u00e0 absorption compl\u00e8te. Vous pouvez l&rsquo;utiliser quotidiennement et le r\u00e9appliquer aussi souvent que n\u00e9cessaire.<br \/>\nComposition :<br \/>\nIngr\u00e9dients actifs :<br \/>\nPantenol 1% \u2022 acondicionadores capilares 1% \u2022 complejo baby-care bab\u00e9 0.50%<br \/>\nPanth\u00e9nol<br \/>\nElle offre une action apaisante qui soulage les sensations de d\u00e9mangeaisons, d&rsquo;irritations et de rougeurs. Il permet de r\u00e9g\u00e9n\u00e8rer la peau et de r\u00e9parer la fonction barri\u00e8re naturelle.<br \/>\nCalendula, Mimosa et Aloe Vera<br \/>\nAux propri\u00e9t\u00e9s protectrices de la peau, anti-irritantes et anti-inflammatoires.<br \/>\nAdoucissants Capillaire<br \/>\nAction hydratante des cheveux qui pr\u00e9vient la casse des cheveux en plus de r\u00e9duire l&rsquo;\u00e9lectricit\u00e9 \u00e9lectrostatique.<br \/>\nListe compl\u00e8te des ingr\u00e9dients :<br \/>\nAqua,Disodium Peg-5 Laurylcitrate Sulfosuccinate,Sodium Laureth Sulfate,Peg-200 Hydrogenated Glyceryl Palmate,Peg-120 Methyl Glucose Dioleate,Polysorbate 20,Panthenol,Polyquaternium-28,Calendula Officinalis Flower Extract,Mimosa Tenuiflora Leaf Extract,Aloe Barbadensis Leaf Extract,Tocopherol,Peg-7 Glyceryl Cocoate,Glycerin,Parfum,Disodium Phosphate,Ethylhexylglycerin,Caprylyl Glycol,Pantolactone,Phenoxyethanol,Tetrasodium Glutamate Diacetate,Sodium Benzoate,Sodium Hydroxide,Potassium Sorbate<br \/>\n*Cette liste d&rsquo;ingr\u00e9dients peut changer pour respecter les \u00e9volutions r\u00e9glementaires, par cons\u00e9quent, lisez attentivement la liste imprim\u00e9e sur l&#8217;emballage du produit pour vous assurer de sa composition.<\/p>\n<p>Tous les produits BAB\u00c9 sont uniques et apportent une solution \u00e0 chaque besoin, m\u00eame pour le soin des peaux de b\u00e9b\u00e9 les plus exigeantes :<br \/>\nIls sont hypoallerg\u00e9niques et sans :<br \/>\nalcool, kathon CG, colorants, huiles de paraffine, parab\u00e8nes &#038; phtalates.<br \/>\nTest\u00e9s et approuv\u00e9s par des dermatologues et des p\u00e9diatres.<\/p>\n","protected":false},"excerpt":{"rendered":"<p>Bab\u00e9 Pediatric<br \/>\nBab\u00e9 Pediatric shampoing extra doux nettoie, soigne et prot\u00e8ge le cuir chevelu et les cheveux.<br \/>\nContenance : 200ml<br \/>\nDLC 12 mois apr\u00e8s l&rsquo;ouverture<\/p>\n","protected":false},"featured_media":1643,"comment_status":"open","ping_status":"closed","template":"","meta":[],"pwb-brand":[196],"product_cat":[184],"product_tag":[],"class_list":{"0":"post-1619","1":"product","2":"type-product","3":"status-publish","4":"has-post-thumbnail","6":"pwb-brand-babe","7":"product_cat-hydratation-visage-et-corps","8":"post","9":"ws-product--style-1","11":"first","12":"instock","13":"shipping-taxable","14":"purchasable","15":"product-type-simple"},"yoast_head":"<!-- This site is optimized with the Yoast SEO plugin v23.0 - https:\/\/yoast.com\/wordpress\/plugins\/seo\/ -->\n<title>Shampoing extra-doux - Bab\u00e9 Pediatric - 200ml - OrthoPara<\/title>\n<meta name=\"robots\" content=\"index, follow, max-snippet:-1, max-image-preview:large, max-video-preview:-1\" \/>\n<link rel=\"canonical\" href=\"https:\/\/orthopara.store\/index.php\/produit\/shampoing-extra-doux-babe-pediatric-200ml\/\" \/>\n<meta property=\"og:locale\" content=\"fr_FR\" \/>\n<meta property=\"og:type\" content=\"article\" \/>\n<meta property=\"og:title\" content=\"Shampoing extra-doux - Bab\u00e9 Pediatric - 200ml - OrthoPara\" \/>\n<meta property=\"og:description\" content=\"Bab\u00e9 Pediatric Bab\u00e9 Pediatric shampoing extra doux nettoie, soigne et prot\u00e8ge le cuir chevelu et les cheveux. Contenance : 200ml DLC 12 mois apr\u00e8s l&#039;ouverture\" \/>\n<meta property=\"og:url\" content=\"https:\/\/orthopara.store\/index.php\/produit\/shampoing-extra-doux-babe-pediatric-200ml\/\" \/>\n<meta property=\"og:site_name\" content=\"OrthoPara\" \/>\n<meta property=\"article:publisher\" content=\"https:\/\/www.facebook.com\/profile.php?id=61561194315651\" \/>\n<meta property=\"article:modified_time\" content=\"2024-06-28T13:54:30+00:00\" \/>\n<meta property=\"og:image\" content=\"https:\/\/orthopara.store\/wp-content\/uploads\/2024\/06\/shampoing-extra-doux-babe-pediatric-200ml.jpg\" \/>\n\t<meta property=\"og:image:width\" content=\"800\" \/>\n\t<meta property=\"og:image:height\" content=\"800\" \/>\n\t<meta property=\"og:image:type\" content=\"image\/jpeg\" \/>\n<meta name=\"twitter:card\" content=\"summary_large_image\" \/>\n<meta name=\"twitter:label1\" content=\"Dur\u00e9e de lecture estim\u00e9e\" \/>\n\t<meta name=\"twitter:data1\" content=\"2 minutes\" \/>\n<script type=\"application\/ld+json\" class=\"yoast-schema-graph\">{\"@context\":\"https:\/\/schema.org\",\"@graph\":[{\"@type\":\"WebPage\",\"@id\":\"https:\/\/orthopara.store\/index.php\/produit\/shampoing-extra-doux-babe-pediatric-200ml\/\",\"url\":\"https:\/\/orthopara.store\/index.php\/produit\/shampoing-extra-doux-babe-pediatric-200ml\/\",\"name\":\"Shampoing extra-doux - Bab\u00e9 Pediatric - 200ml - OrthoPara\",\"isPartOf\":{\"@id\":\"https:\/\/orthopara.store\/#website\"},\"primaryImageOfPage\":{\"@id\":\"https:\/\/orthopara.store\/index.php\/produit\/shampoing-extra-doux-babe-pediatric-200ml\/#primaryimage\"},\"image\":{\"@id\":\"https:\/\/orthopara.store\/index.php\/produit\/shampoing-extra-doux-babe-pediatric-200ml\/#primaryimage\"},\"thumbnailUrl\":\"https:\/\/orthopara.store\/wp-content\/uploads\/2024\/06\/shampoing-extra-doux-babe-pediatric-200ml.jpg\",\"datePublished\":\"2024-06-28T13:54:23+00:00\",\"dateModified\":\"2024-06-28T13:54:30+00:00\",\"breadcrumb\":{\"@id\":\"https:\/\/orthopara.store\/index.php\/produit\/shampoing-extra-doux-babe-pediatric-200ml\/#breadcrumb\"},\"inLanguage\":\"fr-FR\",\"potentialAction\":[{\"@type\":\"ReadAction\",\"target\":[\"https:\/\/orthopara.store\/index.php\/produit\/shampoing-extra-doux-babe-pediatric-200ml\/\"]}]},{\"@type\":\"ImageObject\",\"inLanguage\":\"fr-FR\",\"@id\":\"https:\/\/orthopara.store\/index.php\/produit\/shampoing-extra-doux-babe-pediatric-200ml\/#primaryimage\",\"url\":\"https:\/\/orthopara.store\/wp-content\/uploads\/2024\/06\/shampoing-extra-doux-babe-pediatric-200ml.jpg\",\"contentUrl\":\"https:\/\/orthopara.store\/wp-content\/uploads\/2024\/06\/shampoing-extra-doux-babe-pediatric-200ml.jpg\",\"width\":800,\"height\":800},{\"@type\":\"BreadcrumbList\",\"@id\":\"https:\/\/orthopara.store\/index.php\/produit\/shampoing-extra-doux-babe-pediatric-200ml\/#breadcrumb\",\"itemListElement\":[{\"@type\":\"ListItem\",\"position\":1,\"name\":\"Accueil\",\"item\":\"https:\/\/orthopara.store\/\"},{\"@type\":\"ListItem\",\"position\":2,\"name\":\"Shop\",\"item\":\"https:\/\/orthopara.store\/?page_id=622\"},{\"@type\":\"ListItem\",\"position\":3,\"name\":\"Shampoing extra-doux &#8211; Bab\u00e9 Pediatric &#8211; 200ml\"}]},{\"@type\":\"WebSite\",\"@id\":\"https:\/\/orthopara.store\/#website\",\"url\":\"https:\/\/orthopara.store\/\",\"name\":\"OrthoPara\",\"description\":\"Parapharmacie\",\"publisher\":{\"@id\":\"https:\/\/orthopara.store\/#organization\"},\"potentialAction\":[{\"@type\":\"SearchAction\",\"target\":{\"@type\":\"EntryPoint\",\"urlTemplate\":\"https:\/\/orthopara.store\/?s={search_term_string}\"},\"query-input\":\"required name=search_term_string\"}],\"inLanguage\":\"fr-FR\"},{\"@type\":\"Organization\",\"@id\":\"https:\/\/orthopara.store\/#organization\",\"name\":\"OrthoPara\",\"url\":\"https:\/\/orthopara.store\/\",\"logo\":{\"@type\":\"ImageObject\",\"inLanguage\":\"fr-FR\",\"@id\":\"https:\/\/orthopara.store\/#\/schema\/logo\/image\/\",\"url\":\"https:\/\/orthopara.store\/wp-content\/uploads\/2024\/06\/cropped-9ABA8BAD-6256-4719-9315-15C66E64E882.png\",\"contentUrl\":\"https:\/\/orthopara.store\/wp-content\/uploads\/2024\/06\/cropped-9ABA8BAD-6256-4719-9315-15C66E64E882.png\",\"width\":240,\"height\":72,\"caption\":\"OrthoPara\"},\"image\":{\"@id\":\"https:\/\/orthopara.store\/#\/schema\/logo\/image\/\"},\"sameAs\":[\"https:\/\/www.facebook.com\/profile.php?id=61561194315651\",\"https:\/\/www.instagram.com\/orthopara_tunisie\/\"]}]}<\/script>\n<!-- \/ Yoast SEO plugin. -->","yoast_head_json":{"title":"Shampoing extra-doux - Bab\u00e9 Pediatric - 200ml - OrthoPara","robots":{"index":"index","follow":"follow","max-snippet":"max-snippet:-1","max-image-preview":"max-image-preview:large","max-video-preview":"max-video-preview:-1"},"canonical":"https:\/\/orthopara.store\/index.php\/produit\/shampoing-extra-doux-babe-pediatric-200ml\/","og_locale":"fr_FR","og_type":"article","og_title":"Shampoing extra-doux - Bab\u00e9 Pediatric - 200ml - OrthoPara","og_description":"Bab\u00e9 Pediatric Bab\u00e9 Pediatric shampoing extra doux nettoie, soigne et prot\u00e8ge le cuir chevelu et les cheveux. Contenance : 200ml DLC 12 mois apr\u00e8s l'ouverture","og_url":"https:\/\/orthopara.store\/index.php\/produit\/shampoing-extra-doux-babe-pediatric-200ml\/","og_site_name":"OrthoPara","article_publisher":"https:\/\/www.facebook.com\/profile.php?id=61561194315651","article_modified_time":"2024-06-28T13:54:30+00:00","og_image":[{"width":800,"height":800,"url":"https:\/\/orthopara.store\/wp-content\/uploads\/2024\/06\/shampoing-extra-doux-babe-pediatric-200ml.jpg","type":"image\/jpeg"}],"twitter_card":"summary_large_image","twitter_misc":{"Dur\u00e9e de lecture estim\u00e9e":"2 minutes"},"schema":{"@context":"https:\/\/schema.org","@graph":[{"@type":"WebPage","@id":"https:\/\/orthopara.store\/index.php\/produit\/shampoing-extra-doux-babe-pediatric-200ml\/","url":"https:\/\/orthopara.store\/index.php\/produit\/shampoing-extra-doux-babe-pediatric-200ml\/","name":"Shampoing extra-doux - Bab\u00e9 Pediatric - 200ml - OrthoPara","isPartOf":{"@id":"https:\/\/orthopara.store\/#website"},"primaryImageOfPage":{"@id":"https:\/\/orthopara.store\/index.php\/produit\/shampoing-extra-doux-babe-pediatric-200ml\/#primaryimage"},"image":{"@id":"https:\/\/orthopara.store\/index.php\/produit\/shampoing-extra-doux-babe-pediatric-200ml\/#primaryimage"},"thumbnailUrl":"https:\/\/orthopara.store\/wp-content\/uploads\/2024\/06\/shampoing-extra-doux-babe-pediatric-200ml.jpg","datePublished":"2024-06-28T13:54:23+00:00","dateModified":"2024-06-28T13:54:30+00:00","breadcrumb":{"@id":"https:\/\/orthopara.store\/index.php\/produit\/shampoing-extra-doux-babe-pediatric-200ml\/#breadcrumb"},"inLanguage":"fr-FR","potentialAction":[{"@type":"ReadAction","target":["https:\/\/orthopara.store\/index.php\/produit\/shampoing-extra-doux-babe-pediatric-200ml\/"]}]},{"@type":"ImageObject","inLanguage":"fr-FR","@id":"https:\/\/orthopara.store\/index.php\/produit\/shampoing-extra-doux-babe-pediatric-200ml\/#primaryimage","url":"https:\/\/orthopara.store\/wp-content\/uploads\/2024\/06\/shampoing-extra-doux-babe-pediatric-200ml.jpg","contentUrl":"https:\/\/orthopara.store\/wp-content\/uploads\/2024\/06\/shampoing-extra-doux-babe-pediatric-200ml.jpg","width":800,"height":800},{"@type":"BreadcrumbList","@id":"https:\/\/orthopara.store\/index.php\/produit\/shampoing-extra-doux-babe-pediatric-200ml\/#breadcrumb","itemListElement":[{"@type":"ListItem","position":1,"name":"Accueil","item":"https:\/\/orthopara.store\/"},{"@type":"ListItem","position":2,"name":"Shop","item":"https:\/\/orthopara.store\/?page_id=622"},{"@type":"ListItem","position":3,"name":"Shampoing extra-doux &#8211; Bab\u00e9 Pediatric &#8211; 200ml"}]},{"@type":"WebSite","@id":"https:\/\/orthopara.store\/#website","url":"https:\/\/orthopara.store\/","name":"OrthoPara","description":"Parapharmacie","publisher":{"@id":"https:\/\/orthopara.store\/#organization"},"potentialAction":[{"@type":"SearchAction","target":{"@type":"EntryPoint","urlTemplate":"https:\/\/orthopara.store\/?s={search_term_string}"},"query-input":"required name=search_term_string"}],"inLanguage":"fr-FR"},{"@type":"Organization","@id":"https:\/\/orthopara.store\/#organization","name":"OrthoPara","url":"https:\/\/orthopara.store\/","logo":{"@type":"ImageObject","inLanguage":"fr-FR","@id":"https:\/\/orthopara.store\/#\/schema\/logo\/image\/","url":"https:\/\/orthopara.store\/wp-content\/uploads\/2024\/06\/cropped-9ABA8BAD-6256-4719-9315-15C66E64E882.png","contentUrl":"https:\/\/orthopara.store\/wp-content\/uploads\/2024\/06\/cropped-9ABA8BAD-6256-4719-9315-15C66E64E882.png","width":240,"height":72,"caption":"OrthoPara"},"image":{"@id":"https:\/\/orthopara.store\/#\/schema\/logo\/image\/"},"sameAs":["https:\/\/www.facebook.com\/profile.php?id=61561194315651","https:\/\/www.instagram.com\/orthopara_tunisie\/"]}]}},"jetpack_sharing_enabled":true,"brands":[{"id":196,"name":"Bab\u00e9","slug":"babe"}],"_links":{"self":[{"href":"https:\/\/orthopara.store\/index.php?rest_route=\/wp\/v2\/product\/1619","targetHints":{"allow":["GET"]}}],"collection":[{"href":"https:\/\/orthopara.store\/index.php?rest_route=\/wp\/v2\/product"}],"about":[{"href":"https:\/\/orthopara.store\/index.php?rest_route=\/wp\/v2\/types\/product"}],"replies":[{"embeddable":true,"href":"https:\/\/orthopara.store\/index.php?rest_route=%2Fwp%2Fv2%2Fcomments&post=1619"}],"wp:featuredmedia":[{"embeddable":true,"href":"https:\/\/orthopara.store\/index.php?rest_route=\/wp\/v2\/media\/1643"}],"wp:attachment":[{"href":"https:\/\/orthopara.store\/index.php?rest_route=%2Fwp%2Fv2%2Fmedia&parent=1619"}],"wp:term":[{"taxonomy":"pwb-brand","embeddable":true,"href":"https:\/\/orthopara.store\/index.php?rest_route=%2Fwp%2Fv2%2Fpwb-brand&post=1619"},{"taxonomy":"product_cat","embeddable":true,"href":"https:\/\/orthopara.store\/index.php?rest_route=%2Fwp%2Fv2%2Fproduct_cat&post=1619"},{"taxonomy":"product_tag","embeddable":true,"href":"https:\/\/orthopara.store\/index.php?rest_route=%2Fwp%2Fv2%2Fproduct_tag&post=1619"}],"curies":[{"name":"wp","href":"https:\/\/api.w.org\/{rel}","templated":true}]}}