{"id":1621,"date":"2024-06-28T15:54:24","date_gmt":"2024-06-28T13:54:24","guid":{"rendered":"https:\/\/orthopara.store\/?post_type=product&#038;p=1621"},"modified":"2024-06-28T15:54:31","modified_gmt":"2024-06-28T13:54:31","slug":"spray-protecteur-phyteal-mousti-stop-100ml","status":"publish","type":"product","link":"https:\/\/orthopara.store\/?product=spray-protecteur-phyteal-mousti-stop-100ml","title":{"rendered":"Spray protecteur &#8211; Phyt\u00e9al Mousti Stop &#8211; 100ml"},"content":{"rendered":"<p>Gel protecteur &#8211; Phyt\u00e9al Mousti Stop &#8211; 50ml<br \/>\nMousti Stop spray protecteur est indiqu\u00e9 dans le traitement et l\u2019apaisement des piq\u00fbres d\u2019insectes. Il agit \u00e9galement comme un excellent r\u00e9pulsif aux insectes gr\u00e2ce \u00e0 sa composition naturelle en huile essentielle de citronnelle.<br \/>\nConstitu\u00e9 d\u2019extrait d\u2019alo\u00e9 vera, Mousti Stop spray protecteur nourrit, r\u00e9g\u00e9n\u00e8re, revitalise, hydrate et lisse la peau.<br \/>\nComposition :<br \/>\nExtrait d\u2019alo\u00e9 vera<br \/>\nHuile essentielle de citronnelle<br \/>\nSans alcool<br \/>\nSans parab\u00e8ne<br \/>\nConseils d\u2019utilisation :<br \/>\nParties du corps :Sur tout le corps.<br \/>\nApplication : Appliquer le produit sur les zones expos\u00e9es aux piq\u00fbres d\u2019insectes.<\/p>\n","protected":false},"excerpt":{"rendered":"<p>Phyt\u00e9al Mousti Stop<br \/>\nSpray protecteur pour b\u00e9b\u00e9, enfant, adulte.\u00a0<br \/>\nRepousse les insectes\u00a0<br \/>\nApaise les anciennes piq\u00fbres\u00a0<br \/>\nEfficacit\u00e9 12h<br \/>\nConvient au nouveau-n\u00e9, au nourrisson, au petit enfant, \u00e0 l\u2019enfant, \u00e0 l\u2019adulte et \u00e0 la femme enceinte.<br \/>\nMousti Stop spray protecteur ne pr\u00e9sente aucune contre-indication et dispose d\u2019une formule hypoallerg\u00e9nique, sans parab\u00e8ne, non com\u00e9dog\u00e8ne, non test\u00e9e sur les animaux, sans colorants et sans acides de fruits.<\/p>\n<p>Contenance : 100ml<\/p>\n","protected":false},"featured_media":1645,"comment_status":"open","ping_status":"closed","template":"","meta":[],"pwb-brand":[83],"product_cat":[184],"product_tag":[],"class_list":{"0":"post-1621","1":"product","2":"type-product","3":"status-publish","4":"has-post-thumbnail","6":"pwb-brand-phyteal","7":"product_cat-hydratation-visage-et-corps","8":"post","9":"ws-product--style-1","11":"first","12":"instock","13":"shipping-taxable","14":"purchasable","15":"product-type-simple"},"yoast_head":"<!-- This site is optimized with the Yoast SEO plugin v23.0 - https:\/\/yoast.com\/wordpress\/plugins\/seo\/ -->\n<title>Spray protecteur - Phyt\u00e9al Mousti Stop - 100ml - OrthoPara<\/title>\n<meta name=\"robots\" content=\"index, follow, max-snippet:-1, max-image-preview:large, max-video-preview:-1\" \/>\n<link rel=\"canonical\" href=\"https:\/\/orthopara.store\/index.php\/produit\/spray-protecteur-phyteal-mousti-stop-100ml\/\" \/>\n<meta property=\"og:locale\" content=\"fr_FR\" \/>\n<meta property=\"og:type\" content=\"article\" \/>\n<meta property=\"og:title\" content=\"Spray protecteur - Phyt\u00e9al Mousti Stop - 100ml - OrthoPara\" \/>\n<meta property=\"og:description\" content=\"Phyt\u00e9al Mousti Stop Spray protecteur pour b\u00e9b\u00e9, enfant, adulte.\u00a0 Repousse les insectes\u00a0 Apaise les anciennes piq\u00fbres\u00a0 Efficacit\u00e9 12h Convient au nouveau-n\u00e9, au nourrisson, au petit enfant, \u00e0 l\u2019enfant, \u00e0 l\u2019adulte et \u00e0 la femme enceinte. Mousti Stop spray protecteur ne pr\u00e9sente aucune contre-indication et dispose d\u2019une formule hypoallerg\u00e9nique, sans parab\u00e8ne, non com\u00e9dog\u00e8ne, non test\u00e9e sur les animaux, sans colorants et sans acides de fruits. Contenance : 100ml\" \/>\n<meta property=\"og:url\" content=\"https:\/\/orthopara.store\/index.php\/produit\/spray-protecteur-phyteal-mousti-stop-100ml\/\" \/>\n<meta property=\"og:site_name\" content=\"OrthoPara\" \/>\n<meta property=\"article:publisher\" content=\"https:\/\/www.facebook.com\/profile.php?id=61561194315651\" \/>\n<meta property=\"article:modified_time\" content=\"2024-06-28T13:54:31+00:00\" \/>\n<meta property=\"og:image\" content=\"https:\/\/orthopara.store\/wp-content\/uploads\/2024\/06\/spray-protecteur-phyteal-mousti-stop-100ml.jpg\" \/>\n\t<meta property=\"og:image:width\" content=\"800\" \/>\n\t<meta property=\"og:image:height\" content=\"800\" \/>\n\t<meta property=\"og:image:type\" content=\"image\/jpeg\" \/>\n<meta name=\"twitter:card\" content=\"summary_large_image\" \/>\n<meta name=\"twitter:label1\" content=\"Dur\u00e9e de lecture estim\u00e9e\" \/>\n\t<meta name=\"twitter:data1\" content=\"1 minute\" \/>\n<script type=\"application\/ld+json\" class=\"yoast-schema-graph\">{\"@context\":\"https:\/\/schema.org\",\"@graph\":[{\"@type\":\"WebPage\",\"@id\":\"https:\/\/orthopara.store\/index.php\/produit\/spray-protecteur-phyteal-mousti-stop-100ml\/\",\"url\":\"https:\/\/orthopara.store\/index.php\/produit\/spray-protecteur-phyteal-mousti-stop-100ml\/\",\"name\":\"Spray protecteur - Phyt\u00e9al Mousti Stop - 100ml - OrthoPara\",\"isPartOf\":{\"@id\":\"https:\/\/orthopara.store\/#website\"},\"primaryImageOfPage\":{\"@id\":\"https:\/\/orthopara.store\/index.php\/produit\/spray-protecteur-phyteal-mousti-stop-100ml\/#primaryimage\"},\"image\":{\"@id\":\"https:\/\/orthopara.store\/index.php\/produit\/spray-protecteur-phyteal-mousti-stop-100ml\/#primaryimage\"},\"thumbnailUrl\":\"https:\/\/orthopara.store\/wp-content\/uploads\/2024\/06\/spray-protecteur-phyteal-mousti-stop-100ml.jpg\",\"datePublished\":\"2024-06-28T13:54:24+00:00\",\"dateModified\":\"2024-06-28T13:54:31+00:00\",\"breadcrumb\":{\"@id\":\"https:\/\/orthopara.store\/index.php\/produit\/spray-protecteur-phyteal-mousti-stop-100ml\/#breadcrumb\"},\"inLanguage\":\"fr-FR\",\"potentialAction\":[{\"@type\":\"ReadAction\",\"target\":[\"https:\/\/orthopara.store\/index.php\/produit\/spray-protecteur-phyteal-mousti-stop-100ml\/\"]}]},{\"@type\":\"ImageObject\",\"inLanguage\":\"fr-FR\",\"@id\":\"https:\/\/orthopara.store\/index.php\/produit\/spray-protecteur-phyteal-mousti-stop-100ml\/#primaryimage\",\"url\":\"https:\/\/orthopara.store\/wp-content\/uploads\/2024\/06\/spray-protecteur-phyteal-mousti-stop-100ml.jpg\",\"contentUrl\":\"https:\/\/orthopara.store\/wp-content\/uploads\/2024\/06\/spray-protecteur-phyteal-mousti-stop-100ml.jpg\",\"width\":800,\"height\":800},{\"@type\":\"BreadcrumbList\",\"@id\":\"https:\/\/orthopara.store\/index.php\/produit\/spray-protecteur-phyteal-mousti-stop-100ml\/#breadcrumb\",\"itemListElement\":[{\"@type\":\"ListItem\",\"position\":1,\"name\":\"Accueil\",\"item\":\"https:\/\/orthopara.store\/\"},{\"@type\":\"ListItem\",\"position\":2,\"name\":\"Shop\",\"item\":\"https:\/\/orthopara.store\/?page_id=622\"},{\"@type\":\"ListItem\",\"position\":3,\"name\":\"Spray protecteur &#8211; Phyt\u00e9al Mousti Stop &#8211; 100ml\"}]},{\"@type\":\"WebSite\",\"@id\":\"https:\/\/orthopara.store\/#website\",\"url\":\"https:\/\/orthopara.store\/\",\"name\":\"OrthoPara\",\"description\":\"Parapharmacie\",\"publisher\":{\"@id\":\"https:\/\/orthopara.store\/#organization\"},\"potentialAction\":[{\"@type\":\"SearchAction\",\"target\":{\"@type\":\"EntryPoint\",\"urlTemplate\":\"https:\/\/orthopara.store\/?s={search_term_string}\"},\"query-input\":\"required name=search_term_string\"}],\"inLanguage\":\"fr-FR\"},{\"@type\":\"Organization\",\"@id\":\"https:\/\/orthopara.store\/#organization\",\"name\":\"OrthoPara\",\"url\":\"https:\/\/orthopara.store\/\",\"logo\":{\"@type\":\"ImageObject\",\"inLanguage\":\"fr-FR\",\"@id\":\"https:\/\/orthopara.store\/#\/schema\/logo\/image\/\",\"url\":\"https:\/\/orthopara.store\/wp-content\/uploads\/2024\/06\/cropped-9ABA8BAD-6256-4719-9315-15C66E64E882.png\",\"contentUrl\":\"https:\/\/orthopara.store\/wp-content\/uploads\/2024\/06\/cropped-9ABA8BAD-6256-4719-9315-15C66E64E882.png\",\"width\":240,\"height\":72,\"caption\":\"OrthoPara\"},\"image\":{\"@id\":\"https:\/\/orthopara.store\/#\/schema\/logo\/image\/\"},\"sameAs\":[\"https:\/\/www.facebook.com\/profile.php?id=61561194315651\",\"https:\/\/www.instagram.com\/orthopara_tunisie\/\"]}]}<\/script>\n<!-- \/ Yoast SEO plugin. -->","yoast_head_json":{"title":"Spray protecteur - Phyt\u00e9al Mousti Stop - 100ml - OrthoPara","robots":{"index":"index","follow":"follow","max-snippet":"max-snippet:-1","max-image-preview":"max-image-preview:large","max-video-preview":"max-video-preview:-1"},"canonical":"https:\/\/orthopara.store\/index.php\/produit\/spray-protecteur-phyteal-mousti-stop-100ml\/","og_locale":"fr_FR","og_type":"article","og_title":"Spray protecteur - Phyt\u00e9al Mousti Stop - 100ml - OrthoPara","og_description":"Phyt\u00e9al Mousti Stop Spray protecteur pour b\u00e9b\u00e9, enfant, adulte.\u00a0 Repousse les insectes\u00a0 Apaise les anciennes piq\u00fbres\u00a0 Efficacit\u00e9 12h Convient au nouveau-n\u00e9, au nourrisson, au petit enfant, \u00e0 l\u2019enfant, \u00e0 l\u2019adulte et \u00e0 la femme enceinte. Mousti Stop spray protecteur ne pr\u00e9sente aucune contre-indication et dispose d\u2019une formule hypoallerg\u00e9nique, sans parab\u00e8ne, non com\u00e9dog\u00e8ne, non test\u00e9e sur les animaux, sans colorants et sans acides de fruits. Contenance : 100ml","og_url":"https:\/\/orthopara.store\/index.php\/produit\/spray-protecteur-phyteal-mousti-stop-100ml\/","og_site_name":"OrthoPara","article_publisher":"https:\/\/www.facebook.com\/profile.php?id=61561194315651","article_modified_time":"2024-06-28T13:54:31+00:00","og_image":[{"width":800,"height":800,"url":"https:\/\/orthopara.store\/wp-content\/uploads\/2024\/06\/spray-protecteur-phyteal-mousti-stop-100ml.jpg","type":"image\/jpeg"}],"twitter_card":"summary_large_image","twitter_misc":{"Dur\u00e9e de lecture estim\u00e9e":"1 minute"},"schema":{"@context":"https:\/\/schema.org","@graph":[{"@type":"WebPage","@id":"https:\/\/orthopara.store\/index.php\/produit\/spray-protecteur-phyteal-mousti-stop-100ml\/","url":"https:\/\/orthopara.store\/index.php\/produit\/spray-protecteur-phyteal-mousti-stop-100ml\/","name":"Spray protecteur - Phyt\u00e9al Mousti Stop - 100ml - OrthoPara","isPartOf":{"@id":"https:\/\/orthopara.store\/#website"},"primaryImageOfPage":{"@id":"https:\/\/orthopara.store\/index.php\/produit\/spray-protecteur-phyteal-mousti-stop-100ml\/#primaryimage"},"image":{"@id":"https:\/\/orthopara.store\/index.php\/produit\/spray-protecteur-phyteal-mousti-stop-100ml\/#primaryimage"},"thumbnailUrl":"https:\/\/orthopara.store\/wp-content\/uploads\/2024\/06\/spray-protecteur-phyteal-mousti-stop-100ml.jpg","datePublished":"2024-06-28T13:54:24+00:00","dateModified":"2024-06-28T13:54:31+00:00","breadcrumb":{"@id":"https:\/\/orthopara.store\/index.php\/produit\/spray-protecteur-phyteal-mousti-stop-100ml\/#breadcrumb"},"inLanguage":"fr-FR","potentialAction":[{"@type":"ReadAction","target":["https:\/\/orthopara.store\/index.php\/produit\/spray-protecteur-phyteal-mousti-stop-100ml\/"]}]},{"@type":"ImageObject","inLanguage":"fr-FR","@id":"https:\/\/orthopara.store\/index.php\/produit\/spray-protecteur-phyteal-mousti-stop-100ml\/#primaryimage","url":"https:\/\/orthopara.store\/wp-content\/uploads\/2024\/06\/spray-protecteur-phyteal-mousti-stop-100ml.jpg","contentUrl":"https:\/\/orthopara.store\/wp-content\/uploads\/2024\/06\/spray-protecteur-phyteal-mousti-stop-100ml.jpg","width":800,"height":800},{"@type":"BreadcrumbList","@id":"https:\/\/orthopara.store\/index.php\/produit\/spray-protecteur-phyteal-mousti-stop-100ml\/#breadcrumb","itemListElement":[{"@type":"ListItem","position":1,"name":"Accueil","item":"https:\/\/orthopara.store\/"},{"@type":"ListItem","position":2,"name":"Shop","item":"https:\/\/orthopara.store\/?page_id=622"},{"@type":"ListItem","position":3,"name":"Spray protecteur &#8211; Phyt\u00e9al Mousti Stop &#8211; 100ml"}]},{"@type":"WebSite","@id":"https:\/\/orthopara.store\/#website","url":"https:\/\/orthopara.store\/","name":"OrthoPara","description":"Parapharmacie","publisher":{"@id":"https:\/\/orthopara.store\/#organization"},"potentialAction":[{"@type":"SearchAction","target":{"@type":"EntryPoint","urlTemplate":"https:\/\/orthopara.store\/?s={search_term_string}"},"query-input":"required name=search_term_string"}],"inLanguage":"fr-FR"},{"@type":"Organization","@id":"https:\/\/orthopara.store\/#organization","name":"OrthoPara","url":"https:\/\/orthopara.store\/","logo":{"@type":"ImageObject","inLanguage":"fr-FR","@id":"https:\/\/orthopara.store\/#\/schema\/logo\/image\/","url":"https:\/\/orthopara.store\/wp-content\/uploads\/2024\/06\/cropped-9ABA8BAD-6256-4719-9315-15C66E64E882.png","contentUrl":"https:\/\/orthopara.store\/wp-content\/uploads\/2024\/06\/cropped-9ABA8BAD-6256-4719-9315-15C66E64E882.png","width":240,"height":72,"caption":"OrthoPara"},"image":{"@id":"https:\/\/orthopara.store\/#\/schema\/logo\/image\/"},"sameAs":["https:\/\/www.facebook.com\/profile.php?id=61561194315651","https:\/\/www.instagram.com\/orthopara_tunisie\/"]}]}},"jetpack_sharing_enabled":true,"brands":[{"id":83,"name":"PHYTEAL","slug":"phyteal"}],"_links":{"self":[{"href":"https:\/\/orthopara.store\/index.php?rest_route=\/wp\/v2\/product\/1621","targetHints":{"allow":["GET"]}}],"collection":[{"href":"https:\/\/orthopara.store\/index.php?rest_route=\/wp\/v2\/product"}],"about":[{"href":"https:\/\/orthopara.store\/index.php?rest_route=\/wp\/v2\/types\/product"}],"replies":[{"embeddable":true,"href":"https:\/\/orthopara.store\/index.php?rest_route=%2Fwp%2Fv2%2Fcomments&post=1621"}],"wp:featuredmedia":[{"embeddable":true,"href":"https:\/\/orthopara.store\/index.php?rest_route=\/wp\/v2\/media\/1645"}],"wp:attachment":[{"href":"https:\/\/orthopara.store\/index.php?rest_route=%2Fwp%2Fv2%2Fmedia&parent=1621"}],"wp:term":[{"taxonomy":"pwb-brand","embeddable":true,"href":"https:\/\/orthopara.store\/index.php?rest_route=%2Fwp%2Fv2%2Fpwb-brand&post=1621"},{"taxonomy":"product_cat","embeddable":true,"href":"https:\/\/orthopara.store\/index.php?rest_route=%2Fwp%2Fv2%2Fproduct_cat&post=1621"},{"taxonomy":"product_tag","embeddable":true,"href":"https:\/\/orthopara.store\/index.php?rest_route=%2Fwp%2Fv2%2Fproduct_tag&post=1621"}],"curies":[{"name":"wp","href":"https:\/\/api.w.org\/{rel}","templated":true}]}}