{"id":1624,"date":"2024-06-28T15:54:24","date_gmt":"2024-06-28T13:54:24","guid":{"rendered":"https:\/\/orthopara.store\/?post_type=product&#038;p=1624"},"modified":"2024-11-07T09:55:01","modified_gmt":"2024-11-07T08:55:01","slug":"chicco-baby-moments-spray-solaire-latte-spf50-150ml","status":"publish","type":"product","link":"https:\/\/orthopara.store\/?product=chicco-baby-moments-spray-solaire-latte-spf50-150ml","title":{"rendered":"Chicco Baby Moments &#8211; Spray solaire latte SPF50+ &#8211; 150ml"},"content":{"rendered":"<p>Lait solaire pour nourrissons formul\u00e9 avec des filtres solaires \u00e0 tr\u00e8s large spectre SPF50+. Aide \u00e0 prot\u00e9ger la peau d\u00e9licate de b\u00e9b\u00e9 contre les effets n\u00e9fastes des rayons du soleil, comme les rougeurs, les irritations et les coups de soleil. Il contient \u00e9galement des principes actifs apaisants qui soulagent la peau apr\u00e8s une exposition indirecte au soleil.<br \/>\nCaract\u00e9ristiques :<br \/>\ns\u2019absorbe facilement<br \/>\npr\u00e9sente une texture r\u00e9sistante \u00e0 l\u2019eau<br \/>\nhydrate la peau de l\u2019enfant<br \/>\ns\u2019utilise sur le corps et le visage<br \/>\nprot\u00e8ge la peau contre les rayons UVA et UVB<br \/>\ns\u2019\u00e9tale facilement et ne laisse pas de films gras<br \/>\nMode d\u2019emploi :<br \/>\nPulv\u00e9risez une quantit\u00e9 de produit suffisante sur la peau avant l\u2019exposition au soleil. R\u00e9p\u00e9tez r\u00e9guli\u00e8rement, surtout avant et apr\u00e8s les baignades ou apr\u00e8s avoir essuy\u00e9 ou s\u00e9ch\u00e9 la peau avec une serviette.<br \/>\nContenance :<br \/>\n150ml<\/p>\n","protected":false},"excerpt":{"rendered":"<p>La peau des enfants est extr\u00eamement sensible aux rayons du soleil, il est donc n\u00e9cessaire de lui fournir une protection fiable et efficace. Le produit solaire Chicco Baby Moments Sun va s\u2019en occuper. Sa combinaison de filtres UV efficaces pr\u00e9vient les irritations, les coups de soleil et les dommages caus\u00e9s par les rayons nocifs. Sa formule, sp\u00e9cifiquement adapt\u00e9e aux besoins des enfants garantit \u00e9galement un soin tout en douceur qui conviendra aux peaux les plus sensibles.<\/p>\n","protected":false},"featured_media":1648,"comment_status":"open","ping_status":"closed","template":"","meta":[],"pwb-brand":[173],"product_cat":[193],"product_tag":[],"class_list":{"0":"post-1624","1":"product","2":"type-product","3":"status-publish","4":"has-post-thumbnail","6":"pwb-brand-chicco","7":"product_cat-protection-solaire","8":"post","9":"ws-product--style-1","11":"first","12":"instock","13":"shipping-taxable","14":"purchasable","15":"product-type-simple"},"yoast_head":"<!-- This site is optimized with the Yoast SEO plugin v23.0 - https:\/\/yoast.com\/wordpress\/plugins\/seo\/ -->\n<title>Chicco Baby Moments - Spray solaire latte SPF50+ - 150ml - OrthoPara<\/title>\n<meta name=\"robots\" content=\"index, follow, max-snippet:-1, max-image-preview:large, max-video-preview:-1\" \/>\n<link rel=\"canonical\" href=\"https:\/\/orthopara.store\/index.php\/produit\/chicco-baby-moments-spray-solaire-latte-spf50-150ml\/\" \/>\n<meta property=\"og:locale\" content=\"fr_FR\" \/>\n<meta property=\"og:type\" content=\"article\" \/>\n<meta property=\"og:title\" content=\"Chicco Baby Moments - Spray solaire latte SPF50+ - 150ml - OrthoPara\" \/>\n<meta property=\"og:description\" content=\"La peau des enfants est extr\u00eamement sensible aux rayons du soleil, il est donc n\u00e9cessaire de lui fournir une protection fiable et efficace. Le produit solaire Chicco Baby Moments Sun va s\u2019en occuper. Sa combinaison de filtres UV efficaces pr\u00e9vient les irritations, les coups de soleil et les dommages caus\u00e9s par les rayons nocifs. Sa formule, sp\u00e9cifiquement adapt\u00e9e aux besoins des enfants garantit \u00e9galement un soin tout en douceur qui conviendra aux peaux les plus sensibles.\" \/>\n<meta property=\"og:url\" content=\"https:\/\/orthopara.store\/index.php\/produit\/chicco-baby-moments-spray-solaire-latte-spf50-150ml\/\" \/>\n<meta property=\"og:site_name\" content=\"OrthoPara\" \/>\n<meta property=\"article:publisher\" content=\"https:\/\/www.facebook.com\/profile.php?id=61561194315651\" \/>\n<meta property=\"article:modified_time\" content=\"2024-11-07T08:55:01+00:00\" \/>\n<meta property=\"og:image\" content=\"https:\/\/orthopara.store\/wp-content\/uploads\/2024\/06\/chicco-baby-moments-spray-solaire-latte-spf50-150ml.jpg\" \/>\n\t<meta property=\"og:image:width\" content=\"800\" \/>\n\t<meta property=\"og:image:height\" content=\"800\" \/>\n\t<meta property=\"og:image:type\" content=\"image\/jpeg\" \/>\n<meta name=\"twitter:card\" content=\"summary_large_image\" \/>\n<meta name=\"twitter:label1\" content=\"Dur\u00e9e de lecture estim\u00e9e\" \/>\n\t<meta name=\"twitter:data1\" content=\"1 minute\" \/>\n<script type=\"application\/ld+json\" class=\"yoast-schema-graph\">{\"@context\":\"https:\/\/schema.org\",\"@graph\":[{\"@type\":\"WebPage\",\"@id\":\"https:\/\/orthopara.store\/index.php\/produit\/chicco-baby-moments-spray-solaire-latte-spf50-150ml\/\",\"url\":\"https:\/\/orthopara.store\/index.php\/produit\/chicco-baby-moments-spray-solaire-latte-spf50-150ml\/\",\"name\":\"Chicco Baby Moments - Spray solaire latte SPF50+ - 150ml - OrthoPara\",\"isPartOf\":{\"@id\":\"https:\/\/orthopara.store\/#website\"},\"primaryImageOfPage\":{\"@id\":\"https:\/\/orthopara.store\/index.php\/produit\/chicco-baby-moments-spray-solaire-latte-spf50-150ml\/#primaryimage\"},\"image\":{\"@id\":\"https:\/\/orthopara.store\/index.php\/produit\/chicco-baby-moments-spray-solaire-latte-spf50-150ml\/#primaryimage\"},\"thumbnailUrl\":\"https:\/\/orthopara.store\/wp-content\/uploads\/2024\/06\/chicco-baby-moments-spray-solaire-latte-spf50-150ml.jpg\",\"datePublished\":\"2024-06-28T13:54:24+00:00\",\"dateModified\":\"2024-11-07T08:55:01+00:00\",\"breadcrumb\":{\"@id\":\"https:\/\/orthopara.store\/index.php\/produit\/chicco-baby-moments-spray-solaire-latte-spf50-150ml\/#breadcrumb\"},\"inLanguage\":\"fr-FR\",\"potentialAction\":[{\"@type\":\"ReadAction\",\"target\":[\"https:\/\/orthopara.store\/index.php\/produit\/chicco-baby-moments-spray-solaire-latte-spf50-150ml\/\"]}]},{\"@type\":\"ImageObject\",\"inLanguage\":\"fr-FR\",\"@id\":\"https:\/\/orthopara.store\/index.php\/produit\/chicco-baby-moments-spray-solaire-latte-spf50-150ml\/#primaryimage\",\"url\":\"https:\/\/orthopara.store\/wp-content\/uploads\/2024\/06\/chicco-baby-moments-spray-solaire-latte-spf50-150ml.jpg\",\"contentUrl\":\"https:\/\/orthopara.store\/wp-content\/uploads\/2024\/06\/chicco-baby-moments-spray-solaire-latte-spf50-150ml.jpg\",\"width\":800,\"height\":800},{\"@type\":\"BreadcrumbList\",\"@id\":\"https:\/\/orthopara.store\/index.php\/produit\/chicco-baby-moments-spray-solaire-latte-spf50-150ml\/#breadcrumb\",\"itemListElement\":[{\"@type\":\"ListItem\",\"position\":1,\"name\":\"Accueil\",\"item\":\"https:\/\/orthopara.store\/\"},{\"@type\":\"ListItem\",\"position\":2,\"name\":\"Shop\",\"item\":\"https:\/\/orthopara.store\/?page_id=622\"},{\"@type\":\"ListItem\",\"position\":3,\"name\":\"Chicco Baby Moments &#8211; Spray solaire latte SPF50+ &#8211; 150ml\"}]},{\"@type\":\"WebSite\",\"@id\":\"https:\/\/orthopara.store\/#website\",\"url\":\"https:\/\/orthopara.store\/\",\"name\":\"OrthoPara\",\"description\":\"Parapharmacie\",\"publisher\":{\"@id\":\"https:\/\/orthopara.store\/#organization\"},\"potentialAction\":[{\"@type\":\"SearchAction\",\"target\":{\"@type\":\"EntryPoint\",\"urlTemplate\":\"https:\/\/orthopara.store\/?s={search_term_string}\"},\"query-input\":\"required name=search_term_string\"}],\"inLanguage\":\"fr-FR\"},{\"@type\":\"Organization\",\"@id\":\"https:\/\/orthopara.store\/#organization\",\"name\":\"OrthoPara\",\"url\":\"https:\/\/orthopara.store\/\",\"logo\":{\"@type\":\"ImageObject\",\"inLanguage\":\"fr-FR\",\"@id\":\"https:\/\/orthopara.store\/#\/schema\/logo\/image\/\",\"url\":\"https:\/\/orthopara.store\/wp-content\/uploads\/2024\/06\/cropped-9ABA8BAD-6256-4719-9315-15C66E64E882.png\",\"contentUrl\":\"https:\/\/orthopara.store\/wp-content\/uploads\/2024\/06\/cropped-9ABA8BAD-6256-4719-9315-15C66E64E882.png\",\"width\":240,\"height\":72,\"caption\":\"OrthoPara\"},\"image\":{\"@id\":\"https:\/\/orthopara.store\/#\/schema\/logo\/image\/\"},\"sameAs\":[\"https:\/\/www.facebook.com\/profile.php?id=61561194315651\",\"https:\/\/www.instagram.com\/orthopara_tunisie\/\"]}]}<\/script>\n<!-- \/ Yoast SEO plugin. -->","yoast_head_json":{"title":"Chicco Baby Moments - Spray solaire latte SPF50+ - 150ml - OrthoPara","robots":{"index":"index","follow":"follow","max-snippet":"max-snippet:-1","max-image-preview":"max-image-preview:large","max-video-preview":"max-video-preview:-1"},"canonical":"https:\/\/orthopara.store\/index.php\/produit\/chicco-baby-moments-spray-solaire-latte-spf50-150ml\/","og_locale":"fr_FR","og_type":"article","og_title":"Chicco Baby Moments - Spray solaire latte SPF50+ - 150ml - OrthoPara","og_description":"La peau des enfants est extr\u00eamement sensible aux rayons du soleil, il est donc n\u00e9cessaire de lui fournir une protection fiable et efficace. Le produit solaire Chicco Baby Moments Sun va s\u2019en occuper. Sa combinaison de filtres UV efficaces pr\u00e9vient les irritations, les coups de soleil et les dommages caus\u00e9s par les rayons nocifs. Sa formule, sp\u00e9cifiquement adapt\u00e9e aux besoins des enfants garantit \u00e9galement un soin tout en douceur qui conviendra aux peaux les plus sensibles.","og_url":"https:\/\/orthopara.store\/index.php\/produit\/chicco-baby-moments-spray-solaire-latte-spf50-150ml\/","og_site_name":"OrthoPara","article_publisher":"https:\/\/www.facebook.com\/profile.php?id=61561194315651","article_modified_time":"2024-11-07T08:55:01+00:00","og_image":[{"width":800,"height":800,"url":"https:\/\/orthopara.store\/wp-content\/uploads\/2024\/06\/chicco-baby-moments-spray-solaire-latte-spf50-150ml.jpg","type":"image\/jpeg"}],"twitter_card":"summary_large_image","twitter_misc":{"Dur\u00e9e de lecture estim\u00e9e":"1 minute"},"schema":{"@context":"https:\/\/schema.org","@graph":[{"@type":"WebPage","@id":"https:\/\/orthopara.store\/index.php\/produit\/chicco-baby-moments-spray-solaire-latte-spf50-150ml\/","url":"https:\/\/orthopara.store\/index.php\/produit\/chicco-baby-moments-spray-solaire-latte-spf50-150ml\/","name":"Chicco Baby Moments - Spray solaire latte SPF50+ - 150ml - OrthoPara","isPartOf":{"@id":"https:\/\/orthopara.store\/#website"},"primaryImageOfPage":{"@id":"https:\/\/orthopara.store\/index.php\/produit\/chicco-baby-moments-spray-solaire-latte-spf50-150ml\/#primaryimage"},"image":{"@id":"https:\/\/orthopara.store\/index.php\/produit\/chicco-baby-moments-spray-solaire-latte-spf50-150ml\/#primaryimage"},"thumbnailUrl":"https:\/\/orthopara.store\/wp-content\/uploads\/2024\/06\/chicco-baby-moments-spray-solaire-latte-spf50-150ml.jpg","datePublished":"2024-06-28T13:54:24+00:00","dateModified":"2024-11-07T08:55:01+00:00","breadcrumb":{"@id":"https:\/\/orthopara.store\/index.php\/produit\/chicco-baby-moments-spray-solaire-latte-spf50-150ml\/#breadcrumb"},"inLanguage":"fr-FR","potentialAction":[{"@type":"ReadAction","target":["https:\/\/orthopara.store\/index.php\/produit\/chicco-baby-moments-spray-solaire-latte-spf50-150ml\/"]}]},{"@type":"ImageObject","inLanguage":"fr-FR","@id":"https:\/\/orthopara.store\/index.php\/produit\/chicco-baby-moments-spray-solaire-latte-spf50-150ml\/#primaryimage","url":"https:\/\/orthopara.store\/wp-content\/uploads\/2024\/06\/chicco-baby-moments-spray-solaire-latte-spf50-150ml.jpg","contentUrl":"https:\/\/orthopara.store\/wp-content\/uploads\/2024\/06\/chicco-baby-moments-spray-solaire-latte-spf50-150ml.jpg","width":800,"height":800},{"@type":"BreadcrumbList","@id":"https:\/\/orthopara.store\/index.php\/produit\/chicco-baby-moments-spray-solaire-latte-spf50-150ml\/#breadcrumb","itemListElement":[{"@type":"ListItem","position":1,"name":"Accueil","item":"https:\/\/orthopara.store\/"},{"@type":"ListItem","position":2,"name":"Shop","item":"https:\/\/orthopara.store\/?page_id=622"},{"@type":"ListItem","position":3,"name":"Chicco Baby Moments &#8211; Spray solaire latte SPF50+ &#8211; 150ml"}]},{"@type":"WebSite","@id":"https:\/\/orthopara.store\/#website","url":"https:\/\/orthopara.store\/","name":"OrthoPara","description":"Parapharmacie","publisher":{"@id":"https:\/\/orthopara.store\/#organization"},"potentialAction":[{"@type":"SearchAction","target":{"@type":"EntryPoint","urlTemplate":"https:\/\/orthopara.store\/?s={search_term_string}"},"query-input":"required name=search_term_string"}],"inLanguage":"fr-FR"},{"@type":"Organization","@id":"https:\/\/orthopara.store\/#organization","name":"OrthoPara","url":"https:\/\/orthopara.store\/","logo":{"@type":"ImageObject","inLanguage":"fr-FR","@id":"https:\/\/orthopara.store\/#\/schema\/logo\/image\/","url":"https:\/\/orthopara.store\/wp-content\/uploads\/2024\/06\/cropped-9ABA8BAD-6256-4719-9315-15C66E64E882.png","contentUrl":"https:\/\/orthopara.store\/wp-content\/uploads\/2024\/06\/cropped-9ABA8BAD-6256-4719-9315-15C66E64E882.png","width":240,"height":72,"caption":"OrthoPara"},"image":{"@id":"https:\/\/orthopara.store\/#\/schema\/logo\/image\/"},"sameAs":["https:\/\/www.facebook.com\/profile.php?id=61561194315651","https:\/\/www.instagram.com\/orthopara_tunisie\/"]}]}},"jetpack_sharing_enabled":true,"brands":[{"id":173,"name":"Chicco","slug":"chicco"}],"_links":{"self":[{"href":"https:\/\/orthopara.store\/index.php?rest_route=\/wp\/v2\/product\/1624","targetHints":{"allow":["GET"]}}],"collection":[{"href":"https:\/\/orthopara.store\/index.php?rest_route=\/wp\/v2\/product"}],"about":[{"href":"https:\/\/orthopara.store\/index.php?rest_route=\/wp\/v2\/types\/product"}],"replies":[{"embeddable":true,"href":"https:\/\/orthopara.store\/index.php?rest_route=%2Fwp%2Fv2%2Fcomments&post=1624"}],"wp:featuredmedia":[{"embeddable":true,"href":"https:\/\/orthopara.store\/index.php?rest_route=\/wp\/v2\/media\/1648"}],"wp:attachment":[{"href":"https:\/\/orthopara.store\/index.php?rest_route=%2Fwp%2Fv2%2Fmedia&parent=1624"}],"wp:term":[{"taxonomy":"pwb-brand","embeddable":true,"href":"https:\/\/orthopara.store\/index.php?rest_route=%2Fwp%2Fv2%2Fpwb-brand&post=1624"},{"taxonomy":"product_cat","embeddable":true,"href":"https:\/\/orthopara.store\/index.php?rest_route=%2Fwp%2Fv2%2Fproduct_cat&post=1624"},{"taxonomy":"product_tag","embeddable":true,"href":"https:\/\/orthopara.store\/index.php?rest_route=%2Fwp%2Fv2%2Fproduct_tag&post=1624"}],"curies":[{"name":"wp","href":"https:\/\/api.w.org\/{rel}","templated":true}]}}