{"id":1625,"date":"2024-06-28T15:54:24","date_gmt":"2024-06-28T13:54:24","guid":{"rendered":"https:\/\/orthopara.store\/?post_type=product&#038;p=1625"},"modified":"2024-11-07T09:54:46","modified_gmt":"2024-11-07T08:54:46","slug":"chicco-baby-moments-lait-apres-soleil-150ml","status":"publish","type":"product","link":"https:\/\/orthopara.store\/?product=chicco-baby-moments-lait-apres-soleil-150ml","title":{"rendered":"Chicco Baby Moments &#8211; Lait apr\u00e8s soleil &#8211; 150ml"},"content":{"rendered":"<p>Soulage la peau de votre b\u00e9b\u00e9, rafra\u00eechit, r\u00e9hydrate et aide \u00e0 r\u00e9duire les rougeurs. Le soleil est un alli\u00e9 important pour la croissance de votre b\u00e9b\u00e9 car il stimule la synth\u00e8se de la vitamine D responsable du d\u00e9veloppement osseux. Cependant, la peau des plus petits est plus fine et plus d\u00e9licate il est donc primordial de toujours la prot\u00e9ger avec des produits solaires sp\u00e9cifiques et de toujours la r\u00e9hydrater apr\u00e8s exposition.\u00a0<br \/>\nLe lait apr\u00e8s soleil de Chicco a une consistance cr\u00e9meuse facile \u00e0 appliquer. Il n\u2019est pas gras et s\u2019absorbe rapidement. Apporte soulagement et hydratation \u00e0 la peau apr\u00e8s une exposition au soleil. Sans parfum, alcool, colorants. Enrichi en huile de m\u00e9lisse et en beurre de karit\u00e9, il apaise, r\u00e9hydrate et renforce les d\u00e9fenses naturelles de la peau.<br \/>\nComment utiliser?<br \/>\nAppliquer uniform\u00e9ment sur une peau propre et s\u00e8che apr\u00e8s l\u2019exposition au soleil. \u00c9viter le contact visuel.<br \/>\nComposition :<br \/>\nAqua (eau), carbonate de di\u00e9thylhexyle, glyc\u00e9rine, st\u00e9arate de glyc\u00e9ryle, st\u00e9arate d\u2019\u00e9thylhexyle, dist\u00e9arate de penta\u00e9rythryle, panth\u00e9nol, propyl\u00e8ne glycol, huile de Prunus Amygdalus Dulcis [Prunus Amygopterus Dulcis Oil [Prunus Amygopterus Dulcis Oil] (huile douce Shondenus Dulcis Oil) Beurre (Shorea Stenoptera Seed Butter), Peg-100 Stearate, Aloe Barbadensis Leaf Juice, Dimethicone, Tocopheryl Acetate, Phenoxyethanol, Potassium Cetyl Phosphate, Acrylates \/ Vinyl Isodecanoate Crosspolymer, Tri\u00e9thanolamine, Disodium Edta, Olea Europaea Oil [Olea Olive Huile d\u2019Europe], tropolone, silicate d\u2019aluminium et de magn\u00e9sium, extrait de fruit de Prunus Amygdalus Dulcis [extrait de fruit de Prunus Amygdalus Dulcis (amande douce)], gomme de xanthane.<br \/>\nContenance :<br \/>\n150ml<\/p>\n","protected":false},"excerpt":{"rendered":"<p>Nettoie la peau sensible de b\u00e9b\u00e9 par affinit\u00e9, sans alt\u00e9rer son fragile \u00e9quilibre hydrolipidique.<br \/>\nFormul\u00e9 avec 93% d&rsquo;ingr\u00e9dients naturels pour respecter l&rsquo;\u00e9quilibre hydrolipidique de la peau du nouveau-n\u00e9.<br \/>\nEnrichi en huile de coton, qui a une action apaisante et hydratante, en vitamine E, qui a une action calmante et protectrice et en Panth\u00e9nol (Provitamine B5), \u00e0 l&rsquo;action hydratante, \u00e9molliente et apaisante.<br \/>\nTest\u00e9 sous surveillance p\u00e9diatrique.<br \/>\nFormule extra d\u00e9licate<\/p>\n","protected":false},"featured_media":1649,"comment_status":"open","ping_status":"closed","template":"","meta":[],"pwb-brand":[173],"product_cat":[193],"product_tag":[],"class_list":{"0":"post-1625","1":"product","2":"type-product","3":"status-publish","4":"has-post-thumbnail","6":"pwb-brand-chicco","7":"product_cat-protection-solaire","8":"post","9":"ws-product--style-1","11":"first","12":"instock","13":"shipping-taxable","14":"purchasable","15":"product-type-simple"},"yoast_head":"<!-- This site is optimized with the Yoast SEO plugin v23.0 - https:\/\/yoast.com\/wordpress\/plugins\/seo\/ -->\n<title>Chicco Baby Moments - Lait apr\u00e8s soleil - 150ml - OrthoPara<\/title>\n<meta name=\"robots\" content=\"index, follow, max-snippet:-1, max-image-preview:large, max-video-preview:-1\" \/>\n<link rel=\"canonical\" href=\"https:\/\/orthopara.store\/index.php\/produit\/chicco-baby-moments-lait-apres-soleil-150ml\/\" \/>\n<meta property=\"og:locale\" content=\"fr_FR\" \/>\n<meta property=\"og:type\" content=\"article\" \/>\n<meta property=\"og:title\" content=\"Chicco Baby Moments - Lait apr\u00e8s soleil - 150ml - OrthoPara\" \/>\n<meta property=\"og:description\" content=\"Nettoie la peau sensible de b\u00e9b\u00e9 par affinit\u00e9, sans alt\u00e9rer son fragile \u00e9quilibre hydrolipidique. Formul\u00e9 avec 93% d&#039;ingr\u00e9dients naturels pour respecter l&#039;\u00e9quilibre hydrolipidique de la peau du nouveau-n\u00e9. Enrichi en huile de coton, qui a une action apaisante et hydratante, en vitamine E, qui a une action calmante et protectrice et en Panth\u00e9nol (Provitamine B5), \u00e0 l&#039;action hydratante, \u00e9molliente et apaisante. Test\u00e9 sous surveillance p\u00e9diatrique. Formule extra d\u00e9licate\" \/>\n<meta property=\"og:url\" content=\"https:\/\/orthopara.store\/index.php\/produit\/chicco-baby-moments-lait-apres-soleil-150ml\/\" \/>\n<meta property=\"og:site_name\" content=\"OrthoPara\" \/>\n<meta property=\"article:publisher\" content=\"https:\/\/www.facebook.com\/profile.php?id=61561194315651\" \/>\n<meta property=\"article:modified_time\" content=\"2024-11-07T08:54:46+00:00\" \/>\n<meta property=\"og:image\" content=\"https:\/\/orthopara.store\/wp-content\/uploads\/2024\/06\/chicco-baby-moments-lait-apres-soleil-150ml.jpg\" \/>\n\t<meta property=\"og:image:width\" content=\"800\" \/>\n\t<meta property=\"og:image:height\" content=\"800\" \/>\n\t<meta property=\"og:image:type\" content=\"image\/jpeg\" \/>\n<meta name=\"twitter:card\" content=\"summary_large_image\" \/>\n<meta name=\"twitter:label1\" content=\"Dur\u00e9e de lecture estim\u00e9e\" \/>\n\t<meta name=\"twitter:data1\" content=\"1 minute\" \/>\n<script type=\"application\/ld+json\" class=\"yoast-schema-graph\">{\"@context\":\"https:\/\/schema.org\",\"@graph\":[{\"@type\":\"WebPage\",\"@id\":\"https:\/\/orthopara.store\/index.php\/produit\/chicco-baby-moments-lait-apres-soleil-150ml\/\",\"url\":\"https:\/\/orthopara.store\/index.php\/produit\/chicco-baby-moments-lait-apres-soleil-150ml\/\",\"name\":\"Chicco Baby Moments - Lait apr\u00e8s soleil - 150ml - OrthoPara\",\"isPartOf\":{\"@id\":\"https:\/\/orthopara.store\/#website\"},\"primaryImageOfPage\":{\"@id\":\"https:\/\/orthopara.store\/index.php\/produit\/chicco-baby-moments-lait-apres-soleil-150ml\/#primaryimage\"},\"image\":{\"@id\":\"https:\/\/orthopara.store\/index.php\/produit\/chicco-baby-moments-lait-apres-soleil-150ml\/#primaryimage\"},\"thumbnailUrl\":\"https:\/\/orthopara.store\/wp-content\/uploads\/2024\/06\/chicco-baby-moments-lait-apres-soleil-150ml.jpg\",\"datePublished\":\"2024-06-28T13:54:24+00:00\",\"dateModified\":\"2024-11-07T08:54:46+00:00\",\"breadcrumb\":{\"@id\":\"https:\/\/orthopara.store\/index.php\/produit\/chicco-baby-moments-lait-apres-soleil-150ml\/#breadcrumb\"},\"inLanguage\":\"fr-FR\",\"potentialAction\":[{\"@type\":\"ReadAction\",\"target\":[\"https:\/\/orthopara.store\/index.php\/produit\/chicco-baby-moments-lait-apres-soleil-150ml\/\"]}]},{\"@type\":\"ImageObject\",\"inLanguage\":\"fr-FR\",\"@id\":\"https:\/\/orthopara.store\/index.php\/produit\/chicco-baby-moments-lait-apres-soleil-150ml\/#primaryimage\",\"url\":\"https:\/\/orthopara.store\/wp-content\/uploads\/2024\/06\/chicco-baby-moments-lait-apres-soleil-150ml.jpg\",\"contentUrl\":\"https:\/\/orthopara.store\/wp-content\/uploads\/2024\/06\/chicco-baby-moments-lait-apres-soleil-150ml.jpg\",\"width\":800,\"height\":800},{\"@type\":\"BreadcrumbList\",\"@id\":\"https:\/\/orthopara.store\/index.php\/produit\/chicco-baby-moments-lait-apres-soleil-150ml\/#breadcrumb\",\"itemListElement\":[{\"@type\":\"ListItem\",\"position\":1,\"name\":\"Accueil\",\"item\":\"https:\/\/orthopara.store\/\"},{\"@type\":\"ListItem\",\"position\":2,\"name\":\"Shop\",\"item\":\"https:\/\/orthopara.store\/?page_id=622\"},{\"@type\":\"ListItem\",\"position\":3,\"name\":\"Chicco Baby Moments &#8211; Lait apr\u00e8s soleil &#8211; 150ml\"}]},{\"@type\":\"WebSite\",\"@id\":\"https:\/\/orthopara.store\/#website\",\"url\":\"https:\/\/orthopara.store\/\",\"name\":\"OrthoPara\",\"description\":\"Parapharmacie\",\"publisher\":{\"@id\":\"https:\/\/orthopara.store\/#organization\"},\"potentialAction\":[{\"@type\":\"SearchAction\",\"target\":{\"@type\":\"EntryPoint\",\"urlTemplate\":\"https:\/\/orthopara.store\/?s={search_term_string}\"},\"query-input\":\"required name=search_term_string\"}],\"inLanguage\":\"fr-FR\"},{\"@type\":\"Organization\",\"@id\":\"https:\/\/orthopara.store\/#organization\",\"name\":\"OrthoPara\",\"url\":\"https:\/\/orthopara.store\/\",\"logo\":{\"@type\":\"ImageObject\",\"inLanguage\":\"fr-FR\",\"@id\":\"https:\/\/orthopara.store\/#\/schema\/logo\/image\/\",\"url\":\"https:\/\/orthopara.store\/wp-content\/uploads\/2024\/06\/cropped-9ABA8BAD-6256-4719-9315-15C66E64E882.png\",\"contentUrl\":\"https:\/\/orthopara.store\/wp-content\/uploads\/2024\/06\/cropped-9ABA8BAD-6256-4719-9315-15C66E64E882.png\",\"width\":240,\"height\":72,\"caption\":\"OrthoPara\"},\"image\":{\"@id\":\"https:\/\/orthopara.store\/#\/schema\/logo\/image\/\"},\"sameAs\":[\"https:\/\/www.facebook.com\/profile.php?id=61561194315651\",\"https:\/\/www.instagram.com\/orthopara_tunisie\/\"]}]}<\/script>\n<!-- \/ Yoast SEO plugin. -->","yoast_head_json":{"title":"Chicco Baby Moments - Lait apr\u00e8s soleil - 150ml - OrthoPara","robots":{"index":"index","follow":"follow","max-snippet":"max-snippet:-1","max-image-preview":"max-image-preview:large","max-video-preview":"max-video-preview:-1"},"canonical":"https:\/\/orthopara.store\/index.php\/produit\/chicco-baby-moments-lait-apres-soleil-150ml\/","og_locale":"fr_FR","og_type":"article","og_title":"Chicco Baby Moments - Lait apr\u00e8s soleil - 150ml - OrthoPara","og_description":"Nettoie la peau sensible de b\u00e9b\u00e9 par affinit\u00e9, sans alt\u00e9rer son fragile \u00e9quilibre hydrolipidique. Formul\u00e9 avec 93% d'ingr\u00e9dients naturels pour respecter l'\u00e9quilibre hydrolipidique de la peau du nouveau-n\u00e9. Enrichi en huile de coton, qui a une action apaisante et hydratante, en vitamine E, qui a une action calmante et protectrice et en Panth\u00e9nol (Provitamine B5), \u00e0 l'action hydratante, \u00e9molliente et apaisante. Test\u00e9 sous surveillance p\u00e9diatrique. Formule extra d\u00e9licate","og_url":"https:\/\/orthopara.store\/index.php\/produit\/chicco-baby-moments-lait-apres-soleil-150ml\/","og_site_name":"OrthoPara","article_publisher":"https:\/\/www.facebook.com\/profile.php?id=61561194315651","article_modified_time":"2024-11-07T08:54:46+00:00","og_image":[{"width":800,"height":800,"url":"https:\/\/orthopara.store\/wp-content\/uploads\/2024\/06\/chicco-baby-moments-lait-apres-soleil-150ml.jpg","type":"image\/jpeg"}],"twitter_card":"summary_large_image","twitter_misc":{"Dur\u00e9e de lecture estim\u00e9e":"1 minute"},"schema":{"@context":"https:\/\/schema.org","@graph":[{"@type":"WebPage","@id":"https:\/\/orthopara.store\/index.php\/produit\/chicco-baby-moments-lait-apres-soleil-150ml\/","url":"https:\/\/orthopara.store\/index.php\/produit\/chicco-baby-moments-lait-apres-soleil-150ml\/","name":"Chicco Baby Moments - Lait apr\u00e8s soleil - 150ml - OrthoPara","isPartOf":{"@id":"https:\/\/orthopara.store\/#website"},"primaryImageOfPage":{"@id":"https:\/\/orthopara.store\/index.php\/produit\/chicco-baby-moments-lait-apres-soleil-150ml\/#primaryimage"},"image":{"@id":"https:\/\/orthopara.store\/index.php\/produit\/chicco-baby-moments-lait-apres-soleil-150ml\/#primaryimage"},"thumbnailUrl":"https:\/\/orthopara.store\/wp-content\/uploads\/2024\/06\/chicco-baby-moments-lait-apres-soleil-150ml.jpg","datePublished":"2024-06-28T13:54:24+00:00","dateModified":"2024-11-07T08:54:46+00:00","breadcrumb":{"@id":"https:\/\/orthopara.store\/index.php\/produit\/chicco-baby-moments-lait-apres-soleil-150ml\/#breadcrumb"},"inLanguage":"fr-FR","potentialAction":[{"@type":"ReadAction","target":["https:\/\/orthopara.store\/index.php\/produit\/chicco-baby-moments-lait-apres-soleil-150ml\/"]}]},{"@type":"ImageObject","inLanguage":"fr-FR","@id":"https:\/\/orthopara.store\/index.php\/produit\/chicco-baby-moments-lait-apres-soleil-150ml\/#primaryimage","url":"https:\/\/orthopara.store\/wp-content\/uploads\/2024\/06\/chicco-baby-moments-lait-apres-soleil-150ml.jpg","contentUrl":"https:\/\/orthopara.store\/wp-content\/uploads\/2024\/06\/chicco-baby-moments-lait-apres-soleil-150ml.jpg","width":800,"height":800},{"@type":"BreadcrumbList","@id":"https:\/\/orthopara.store\/index.php\/produit\/chicco-baby-moments-lait-apres-soleil-150ml\/#breadcrumb","itemListElement":[{"@type":"ListItem","position":1,"name":"Accueil","item":"https:\/\/orthopara.store\/"},{"@type":"ListItem","position":2,"name":"Shop","item":"https:\/\/orthopara.store\/?page_id=622"},{"@type":"ListItem","position":3,"name":"Chicco Baby Moments &#8211; Lait apr\u00e8s soleil &#8211; 150ml"}]},{"@type":"WebSite","@id":"https:\/\/orthopara.store\/#website","url":"https:\/\/orthopara.store\/","name":"OrthoPara","description":"Parapharmacie","publisher":{"@id":"https:\/\/orthopara.store\/#organization"},"potentialAction":[{"@type":"SearchAction","target":{"@type":"EntryPoint","urlTemplate":"https:\/\/orthopara.store\/?s={search_term_string}"},"query-input":"required name=search_term_string"}],"inLanguage":"fr-FR"},{"@type":"Organization","@id":"https:\/\/orthopara.store\/#organization","name":"OrthoPara","url":"https:\/\/orthopara.store\/","logo":{"@type":"ImageObject","inLanguage":"fr-FR","@id":"https:\/\/orthopara.store\/#\/schema\/logo\/image\/","url":"https:\/\/orthopara.store\/wp-content\/uploads\/2024\/06\/cropped-9ABA8BAD-6256-4719-9315-15C66E64E882.png","contentUrl":"https:\/\/orthopara.store\/wp-content\/uploads\/2024\/06\/cropped-9ABA8BAD-6256-4719-9315-15C66E64E882.png","width":240,"height":72,"caption":"OrthoPara"},"image":{"@id":"https:\/\/orthopara.store\/#\/schema\/logo\/image\/"},"sameAs":["https:\/\/www.facebook.com\/profile.php?id=61561194315651","https:\/\/www.instagram.com\/orthopara_tunisie\/"]}]}},"jetpack_sharing_enabled":true,"brands":[{"id":173,"name":"Chicco","slug":"chicco"}],"_links":{"self":[{"href":"https:\/\/orthopara.store\/index.php?rest_route=\/wp\/v2\/product\/1625","targetHints":{"allow":["GET"]}}],"collection":[{"href":"https:\/\/orthopara.store\/index.php?rest_route=\/wp\/v2\/product"}],"about":[{"href":"https:\/\/orthopara.store\/index.php?rest_route=\/wp\/v2\/types\/product"}],"replies":[{"embeddable":true,"href":"https:\/\/orthopara.store\/index.php?rest_route=%2Fwp%2Fv2%2Fcomments&post=1625"}],"wp:featuredmedia":[{"embeddable":true,"href":"https:\/\/orthopara.store\/index.php?rest_route=\/wp\/v2\/media\/1649"}],"wp:attachment":[{"href":"https:\/\/orthopara.store\/index.php?rest_route=%2Fwp%2Fv2%2Fmedia&parent=1625"}],"wp:term":[{"taxonomy":"pwb-brand","embeddable":true,"href":"https:\/\/orthopara.store\/index.php?rest_route=%2Fwp%2Fv2%2Fpwb-brand&post=1625"},{"taxonomy":"product_cat","embeddable":true,"href":"https:\/\/orthopara.store\/index.php?rest_route=%2Fwp%2Fv2%2Fproduct_cat&post=1625"},{"taxonomy":"product_tag","embeddable":true,"href":"https:\/\/orthopara.store\/index.php?rest_route=%2Fwp%2Fv2%2Fproduct_tag&post=1625"}],"curies":[{"name":"wp","href":"https:\/\/api.w.org\/{rel}","templated":true}]}}