{"id":1627,"date":"2024-06-28T15:54:24","date_gmt":"2024-06-28T13:54:24","guid":{"rendered":"https:\/\/orthopara.store\/?post_type=product&#038;p=1627"},"modified":"2024-06-28T15:54:33","modified_gmt":"2024-06-28T13:54:33","slug":"ecran-solaire-kids-spf-50-uva-uvb-lirene-50ml","status":"publish","type":"product","link":"https:\/\/orthopara.store\/?product=ecran-solaire-kids-spf-50-uva-uvb-lirene-50ml","title":{"rendered":"Ecran solaire Kids &#8211; spf 50+ UVA\/UVB &#8211; Lirene &#8211; 50ml"},"content":{"rendered":"<p>Ecran solaire Kids &#8211; spf 50+ UVA\/UVB &#8211; Lirene &#8211; 50ml<br \/>\nProt\u00e8ge la peau sensible de votre b\u00e9b\u00e9 pendant une longue exposition au soleil. Le produit se distingue par une composition unique, d\u00e9velopp\u00e9e sous un contr\u00f4le particulier, ainsi qu\u2019un design amusant et color\u00e9. le lait est destin\u00e9 aux enfants \u00e0 partir de six mois. La formule imperm\u00e9able \u00e0 l\u2019eau est efficace m\u00eame pendant la baignade prolong\u00e9e.<br \/>\nSyst\u00e8me de bronzage sain \u00e0 trois actifs<br \/>\n1. Protection \u00e9fficace : Le syst\u00e8me de filtres UVA et UVB photostables prot\u00e8ge efficacement des coups de soleil.<br \/>\n2. Soin : La formule waterproof hydrate, nourrit, prot\u00e8ge des agressions ext\u00e9rieures.<br \/>\n3. S\u00e9curit\u00e9 : La cr\u00e8me minimise l&rsquo;apparition d&rsquo;irritations et peut \u00eatre utilis\u00e9e d\u00e8s l&rsquo;\u00e2ge de 7 mois.<br \/>\nEffets :<br \/>\nProtection efficace et durable de la peau de l&rsquo;enfant contre les coups de soleil, hydratation et protection.<br \/>\nMode d&#8217;emploi :<br \/>\nAppliquer une quantit\u00e9 appropri\u00e9e de la cr\u00e8me sur la peau du visage, de pr\u00e9f\u00e9rence 15 minutes avant l&rsquo;exposition au soleil.<\/p>\n<p>Test\u00e9 dermatologiquement.<br \/>\nS\u00e9curit\u00e9 et efficacit\u00e9, confirm\u00e9es au Laboratoire Scientifique Lirene\u00a0<br \/>\nProduit \u00e9tanche. Pas d&rsquo;odeur.<\/p>\n","protected":false},"excerpt":{"rendered":"<p>Lirene Kids\u00a0<br \/>\nEcran solaire pour enfants\u00a0<br \/>\nHydratant &#8211; protecteur &#8211; photo-protecteur &#8211; pr\u00e9venir le surs\u00e9chage<br \/>\nHaute protection spf 50+ contre les rayons UVA\/UVB\u00a0<br \/>\n\u00c2ge : \u00e0 partir de 7 mois<br \/>\nContenance : 50ml\u00a0<\/p>\n","protected":false},"featured_media":1651,"comment_status":"open","ping_status":"closed","template":"","meta":[],"pwb-brand":[46],"product_cat":[193],"product_tag":[],"class_list":{"0":"post-1627","1":"product","2":"type-product","3":"status-publish","4":"has-post-thumbnail","6":"pwb-brand-lirene","7":"product_cat-protection-solaire","8":"post","9":"ws-product--style-1","11":"first","12":"instock","13":"shipping-taxable","14":"purchasable","15":"product-type-simple"},"yoast_head":"<!-- This site is optimized with the Yoast SEO plugin v23.0 - https:\/\/yoast.com\/wordpress\/plugins\/seo\/ -->\n<title>Ecran solaire Kids - spf 50+ UVA\/UVB - Lirene - 50ml - OrthoPara<\/title>\n<meta name=\"robots\" content=\"index, follow, max-snippet:-1, max-image-preview:large, max-video-preview:-1\" \/>\n<link rel=\"canonical\" href=\"https:\/\/orthopara.store\/index.php\/produit\/ecran-solaire-kids-spf-50-uva-uvb-lirene-50ml\/\" \/>\n<meta property=\"og:locale\" content=\"fr_FR\" \/>\n<meta property=\"og:type\" content=\"article\" \/>\n<meta property=\"og:title\" content=\"Ecran solaire Kids - spf 50+ UVA\/UVB - Lirene - 50ml - OrthoPara\" \/>\n<meta property=\"og:description\" content=\"Lirene Kids\u00a0 Ecran solaire pour enfants\u00a0 Hydratant - protecteur - photo-protecteur - pr\u00e9venir le surs\u00e9chage Haute protection spf 50+ contre les rayons UVA\/UVB\u00a0 \u00c2ge : \u00e0 partir de 7 mois Contenance : 50ml\u00a0\" \/>\n<meta property=\"og:url\" content=\"https:\/\/orthopara.store\/index.php\/produit\/ecran-solaire-kids-spf-50-uva-uvb-lirene-50ml\/\" \/>\n<meta property=\"og:site_name\" content=\"OrthoPara\" \/>\n<meta property=\"article:publisher\" content=\"https:\/\/www.facebook.com\/profile.php?id=61561194315651\" \/>\n<meta property=\"article:modified_time\" content=\"2024-06-28T13:54:33+00:00\" \/>\n<meta property=\"og:image\" content=\"https:\/\/orthopara.store\/wp-content\/uploads\/2024\/06\/ecran-solaire-kids-spf-50-uvauvb-lirene-50ml.jpg\" \/>\n\t<meta property=\"og:image:width\" content=\"800\" \/>\n\t<meta property=\"og:image:height\" content=\"800\" \/>\n\t<meta property=\"og:image:type\" content=\"image\/jpeg\" \/>\n<meta name=\"twitter:card\" content=\"summary_large_image\" \/>\n<meta name=\"twitter:label1\" content=\"Dur\u00e9e de lecture estim\u00e9e\" \/>\n\t<meta name=\"twitter:data1\" content=\"1 minute\" \/>\n<script type=\"application\/ld+json\" class=\"yoast-schema-graph\">{\"@context\":\"https:\/\/schema.org\",\"@graph\":[{\"@type\":\"WebPage\",\"@id\":\"https:\/\/orthopara.store\/index.php\/produit\/ecran-solaire-kids-spf-50-uva-uvb-lirene-50ml\/\",\"url\":\"https:\/\/orthopara.store\/index.php\/produit\/ecran-solaire-kids-spf-50-uva-uvb-lirene-50ml\/\",\"name\":\"Ecran solaire Kids - spf 50+ UVA\/UVB - Lirene - 50ml - OrthoPara\",\"isPartOf\":{\"@id\":\"https:\/\/orthopara.store\/#website\"},\"primaryImageOfPage\":{\"@id\":\"https:\/\/orthopara.store\/index.php\/produit\/ecran-solaire-kids-spf-50-uva-uvb-lirene-50ml\/#primaryimage\"},\"image\":{\"@id\":\"https:\/\/orthopara.store\/index.php\/produit\/ecran-solaire-kids-spf-50-uva-uvb-lirene-50ml\/#primaryimage\"},\"thumbnailUrl\":\"https:\/\/orthopara.store\/wp-content\/uploads\/2024\/06\/ecran-solaire-kids-spf-50-uvauvb-lirene-50ml.jpg\",\"datePublished\":\"2024-06-28T13:54:24+00:00\",\"dateModified\":\"2024-06-28T13:54:33+00:00\",\"breadcrumb\":{\"@id\":\"https:\/\/orthopara.store\/index.php\/produit\/ecran-solaire-kids-spf-50-uva-uvb-lirene-50ml\/#breadcrumb\"},\"inLanguage\":\"fr-FR\",\"potentialAction\":[{\"@type\":\"ReadAction\",\"target\":[\"https:\/\/orthopara.store\/index.php\/produit\/ecran-solaire-kids-spf-50-uva-uvb-lirene-50ml\/\"]}]},{\"@type\":\"ImageObject\",\"inLanguage\":\"fr-FR\",\"@id\":\"https:\/\/orthopara.store\/index.php\/produit\/ecran-solaire-kids-spf-50-uva-uvb-lirene-50ml\/#primaryimage\",\"url\":\"https:\/\/orthopara.store\/wp-content\/uploads\/2024\/06\/ecran-solaire-kids-spf-50-uvauvb-lirene-50ml.jpg\",\"contentUrl\":\"https:\/\/orthopara.store\/wp-content\/uploads\/2024\/06\/ecran-solaire-kids-spf-50-uvauvb-lirene-50ml.jpg\",\"width\":800,\"height\":800},{\"@type\":\"BreadcrumbList\",\"@id\":\"https:\/\/orthopara.store\/index.php\/produit\/ecran-solaire-kids-spf-50-uva-uvb-lirene-50ml\/#breadcrumb\",\"itemListElement\":[{\"@type\":\"ListItem\",\"position\":1,\"name\":\"Accueil\",\"item\":\"https:\/\/orthopara.store\/\"},{\"@type\":\"ListItem\",\"position\":2,\"name\":\"Shop\",\"item\":\"https:\/\/orthopara.store\/?page_id=622\"},{\"@type\":\"ListItem\",\"position\":3,\"name\":\"Ecran solaire Kids &#8211; spf 50+ UVA\/UVB &#8211; Lirene &#8211; 50ml\"}]},{\"@type\":\"WebSite\",\"@id\":\"https:\/\/orthopara.store\/#website\",\"url\":\"https:\/\/orthopara.store\/\",\"name\":\"OrthoPara\",\"description\":\"Parapharmacie\",\"publisher\":{\"@id\":\"https:\/\/orthopara.store\/#organization\"},\"potentialAction\":[{\"@type\":\"SearchAction\",\"target\":{\"@type\":\"EntryPoint\",\"urlTemplate\":\"https:\/\/orthopara.store\/?s={search_term_string}\"},\"query-input\":\"required name=search_term_string\"}],\"inLanguage\":\"fr-FR\"},{\"@type\":\"Organization\",\"@id\":\"https:\/\/orthopara.store\/#organization\",\"name\":\"OrthoPara\",\"url\":\"https:\/\/orthopara.store\/\",\"logo\":{\"@type\":\"ImageObject\",\"inLanguage\":\"fr-FR\",\"@id\":\"https:\/\/orthopara.store\/#\/schema\/logo\/image\/\",\"url\":\"https:\/\/orthopara.store\/wp-content\/uploads\/2024\/06\/cropped-9ABA8BAD-6256-4719-9315-15C66E64E882.png\",\"contentUrl\":\"https:\/\/orthopara.store\/wp-content\/uploads\/2024\/06\/cropped-9ABA8BAD-6256-4719-9315-15C66E64E882.png\",\"width\":240,\"height\":72,\"caption\":\"OrthoPara\"},\"image\":{\"@id\":\"https:\/\/orthopara.store\/#\/schema\/logo\/image\/\"},\"sameAs\":[\"https:\/\/www.facebook.com\/profile.php?id=61561194315651\",\"https:\/\/www.instagram.com\/orthopara_tunisie\/\"]}]}<\/script>\n<!-- \/ Yoast SEO plugin. -->","yoast_head_json":{"title":"Ecran solaire Kids - spf 50+ UVA\/UVB - Lirene - 50ml - OrthoPara","robots":{"index":"index","follow":"follow","max-snippet":"max-snippet:-1","max-image-preview":"max-image-preview:large","max-video-preview":"max-video-preview:-1"},"canonical":"https:\/\/orthopara.store\/index.php\/produit\/ecran-solaire-kids-spf-50-uva-uvb-lirene-50ml\/","og_locale":"fr_FR","og_type":"article","og_title":"Ecran solaire Kids - spf 50+ UVA\/UVB - Lirene - 50ml - OrthoPara","og_description":"Lirene Kids\u00a0 Ecran solaire pour enfants\u00a0 Hydratant - protecteur - photo-protecteur - pr\u00e9venir le surs\u00e9chage Haute protection spf 50+ contre les rayons UVA\/UVB\u00a0 \u00c2ge : \u00e0 partir de 7 mois Contenance : 50ml\u00a0","og_url":"https:\/\/orthopara.store\/index.php\/produit\/ecran-solaire-kids-spf-50-uva-uvb-lirene-50ml\/","og_site_name":"OrthoPara","article_publisher":"https:\/\/www.facebook.com\/profile.php?id=61561194315651","article_modified_time":"2024-06-28T13:54:33+00:00","og_image":[{"width":800,"height":800,"url":"https:\/\/orthopara.store\/wp-content\/uploads\/2024\/06\/ecran-solaire-kids-spf-50-uvauvb-lirene-50ml.jpg","type":"image\/jpeg"}],"twitter_card":"summary_large_image","twitter_misc":{"Dur\u00e9e de lecture estim\u00e9e":"1 minute"},"schema":{"@context":"https:\/\/schema.org","@graph":[{"@type":"WebPage","@id":"https:\/\/orthopara.store\/index.php\/produit\/ecran-solaire-kids-spf-50-uva-uvb-lirene-50ml\/","url":"https:\/\/orthopara.store\/index.php\/produit\/ecran-solaire-kids-spf-50-uva-uvb-lirene-50ml\/","name":"Ecran solaire Kids - spf 50+ UVA\/UVB - Lirene - 50ml - OrthoPara","isPartOf":{"@id":"https:\/\/orthopara.store\/#website"},"primaryImageOfPage":{"@id":"https:\/\/orthopara.store\/index.php\/produit\/ecran-solaire-kids-spf-50-uva-uvb-lirene-50ml\/#primaryimage"},"image":{"@id":"https:\/\/orthopara.store\/index.php\/produit\/ecran-solaire-kids-spf-50-uva-uvb-lirene-50ml\/#primaryimage"},"thumbnailUrl":"https:\/\/orthopara.store\/wp-content\/uploads\/2024\/06\/ecran-solaire-kids-spf-50-uvauvb-lirene-50ml.jpg","datePublished":"2024-06-28T13:54:24+00:00","dateModified":"2024-06-28T13:54:33+00:00","breadcrumb":{"@id":"https:\/\/orthopara.store\/index.php\/produit\/ecran-solaire-kids-spf-50-uva-uvb-lirene-50ml\/#breadcrumb"},"inLanguage":"fr-FR","potentialAction":[{"@type":"ReadAction","target":["https:\/\/orthopara.store\/index.php\/produit\/ecran-solaire-kids-spf-50-uva-uvb-lirene-50ml\/"]}]},{"@type":"ImageObject","inLanguage":"fr-FR","@id":"https:\/\/orthopara.store\/index.php\/produit\/ecran-solaire-kids-spf-50-uva-uvb-lirene-50ml\/#primaryimage","url":"https:\/\/orthopara.store\/wp-content\/uploads\/2024\/06\/ecran-solaire-kids-spf-50-uvauvb-lirene-50ml.jpg","contentUrl":"https:\/\/orthopara.store\/wp-content\/uploads\/2024\/06\/ecran-solaire-kids-spf-50-uvauvb-lirene-50ml.jpg","width":800,"height":800},{"@type":"BreadcrumbList","@id":"https:\/\/orthopara.store\/index.php\/produit\/ecran-solaire-kids-spf-50-uva-uvb-lirene-50ml\/#breadcrumb","itemListElement":[{"@type":"ListItem","position":1,"name":"Accueil","item":"https:\/\/orthopara.store\/"},{"@type":"ListItem","position":2,"name":"Shop","item":"https:\/\/orthopara.store\/?page_id=622"},{"@type":"ListItem","position":3,"name":"Ecran solaire Kids &#8211; spf 50+ UVA\/UVB &#8211; Lirene &#8211; 50ml"}]},{"@type":"WebSite","@id":"https:\/\/orthopara.store\/#website","url":"https:\/\/orthopara.store\/","name":"OrthoPara","description":"Parapharmacie","publisher":{"@id":"https:\/\/orthopara.store\/#organization"},"potentialAction":[{"@type":"SearchAction","target":{"@type":"EntryPoint","urlTemplate":"https:\/\/orthopara.store\/?s={search_term_string}"},"query-input":"required name=search_term_string"}],"inLanguage":"fr-FR"},{"@type":"Organization","@id":"https:\/\/orthopara.store\/#organization","name":"OrthoPara","url":"https:\/\/orthopara.store\/","logo":{"@type":"ImageObject","inLanguage":"fr-FR","@id":"https:\/\/orthopara.store\/#\/schema\/logo\/image\/","url":"https:\/\/orthopara.store\/wp-content\/uploads\/2024\/06\/cropped-9ABA8BAD-6256-4719-9315-15C66E64E882.png","contentUrl":"https:\/\/orthopara.store\/wp-content\/uploads\/2024\/06\/cropped-9ABA8BAD-6256-4719-9315-15C66E64E882.png","width":240,"height":72,"caption":"OrthoPara"},"image":{"@id":"https:\/\/orthopara.store\/#\/schema\/logo\/image\/"},"sameAs":["https:\/\/www.facebook.com\/profile.php?id=61561194315651","https:\/\/www.instagram.com\/orthopara_tunisie\/"]}]}},"jetpack_sharing_enabled":true,"brands":[{"id":46,"name":"LIRENE","slug":"lirene"}],"_links":{"self":[{"href":"https:\/\/orthopara.store\/index.php?rest_route=\/wp\/v2\/product\/1627","targetHints":{"allow":["GET"]}}],"collection":[{"href":"https:\/\/orthopara.store\/index.php?rest_route=\/wp\/v2\/product"}],"about":[{"href":"https:\/\/orthopara.store\/index.php?rest_route=\/wp\/v2\/types\/product"}],"replies":[{"embeddable":true,"href":"https:\/\/orthopara.store\/index.php?rest_route=%2Fwp%2Fv2%2Fcomments&post=1627"}],"wp:featuredmedia":[{"embeddable":true,"href":"https:\/\/orthopara.store\/index.php?rest_route=\/wp\/v2\/media\/1651"}],"wp:attachment":[{"href":"https:\/\/orthopara.store\/index.php?rest_route=%2Fwp%2Fv2%2Fmedia&parent=1627"}],"wp:term":[{"taxonomy":"pwb-brand","embeddable":true,"href":"https:\/\/orthopara.store\/index.php?rest_route=%2Fwp%2Fv2%2Fpwb-brand&post=1627"},{"taxonomy":"product_cat","embeddable":true,"href":"https:\/\/orthopara.store\/index.php?rest_route=%2Fwp%2Fv2%2Fproduct_cat&post=1627"},{"taxonomy":"product_tag","embeddable":true,"href":"https:\/\/orthopara.store\/index.php?rest_route=%2Fwp%2Fv2%2Fproduct_tag&post=1627"}],"curies":[{"name":"wp","href":"https:\/\/api.w.org\/{rel}","templated":true}]}}