{"id":1628,"date":"2024-06-28T15:54:25","date_gmt":"2024-06-28T13:54:25","guid":{"rendered":"https:\/\/orthopara.store\/?post_type=product&#038;p=1628"},"modified":"2024-06-28T15:54:34","modified_gmt":"2024-06-28T13:54:34","slug":"spray-solaire-enfant-hydratant-spf50-uriage-bariesun-200ml","status":"publish","type":"product","link":"https:\/\/orthopara.store\/?product=spray-solaire-enfant-hydratant-spf50-uriage-bariesun-200ml","title":{"rendered":"Spray solaire enfant hydratant &#8211; Spf50+ &#8211; Uriage Bari\u00e9sun &#8211; 200ml"},"content":{"rendered":"<p>Spray solaire enfant hydratant &#8211; Spf50+ &#8211; Uriage Bari\u00e9sun &#8211; 200ml<br \/>\nBari\u00e9sun combine un complexe filtrant tr\u00e8s performant et deux brevets dermatologiques pour prot\u00e9ger la peau, pr\u00e9venir les dommages cellulaires et le photo-vieillissement induits par les UVA, UVB et la lumi\u00e8re bleue.<br \/>\nCe spray tr\u00e8s haute protection \u00e0 la texture l\u00e9g\u00e8re et r\u00e9sistante \u00e0 l\u2019eau garantit un fini invisible et un plaisir d\u2019utilisation renouvel\u00e9 \u00e0 chaque application. Ce soin d\u00e9montre une haute s\u00e9curit\u00e9 et une haute tol\u00e9rance.<br \/>\nAssure une tr\u00e8s haute protection:<br \/>\nLa technologie Skin Shield d\u00e9velopp\u00e9e par nos laboratoires et le brevet [Telomeres Protect] pr\u00e9vient les dommages cellulaires et offre une large protection UVB-UVA-Lumi\u00e8re bleue<br \/>\nOptimise la photoprotection:<br \/>\nLe brevet [Bariesun] forme un film protecteur sur la peau aidant \u00e0 limiter la p\u00e9n\u00e9tration des filtres UV \u00e0 la surface de l\u2019\u00e9piderme et optimisant ainsi la photoprotection<br \/>\nHydrate intens\u00e9ment<br \/>\nEnrichi en Eau Thermale d\u2019Uriage et en Aquaspongines, ce spray prot\u00e8ge la peau du dess\u00e8chement cutan\u00e9e et hydrate en profondeur la peau sensible de l\u2019enfant<br \/>\nActifs composants :\u00a0<br \/>\nComplexe filtrant anti UVA-UVB-lumi\u00e8re bleue \u2014 [Brevet Bariesun] \u2013 [Brevet Telomeres Protect] \u2014 Eau Thermale d\u2019Uriage \u2014 Vitamine E \u2014 Aquaspongines<br \/>\nNon collant \u2014 Non parfum\u00e9\u2014 Ne pique pas les yeux \u2014 Test\u00e9 sous contr\u00f4le dermatologique<br \/>\nConseils d&rsquo;utilisation :<br \/>\nAppliquer une dose suffisante de produit avant l&rsquo;exposition (ex : 8 pulv\u00e9risations pour le mollet).<br \/>\nRenouveler fr\u00e9quemment l&rsquo;application, surtout apr\u00e8s avoir transpir\u00e9, nag\u00e9 ou s&rsquo;\u00eatre essuy\u00e9.<br \/>\nM\u00eame bien prot\u00e9g\u00e9, r\u00e9duire au maximum l&rsquo;exposition.<br \/>\nNe pas exposer les b\u00e9b\u00e9s et les jeunes enfants directement au soleil.<br \/>\nBien agiter avant emploi.<br \/>\nliste compl\u00e8te des ingr\u00e9dients :<br \/>\nINCI : Aqua (Water, Eau) &#8211; Dicaprylyl Carbonate &#8211; Methylene Bis-Benzotriazolyl Tetramethylbutylphenol[Nano] &#8211; Ethylhexyl Triazone &#8211; Butyl Methoxydibenzoylmethane &#8211; Diisopropyl Sebacate &#8211; Propylene Glycol Dicaprylate\/Dicaprate &#8211; C12-15 Alkyl Benzoate &#8211; Diisopropyl Adipate &#8211; Bis-Ethylhexyloxyphenol Methoxyphenyl Triazine &#8211; Heptyl Undecylenate &#8211; Triacontanyl Pvp &#8211; Glycerin &#8211; C20-22 Alkyl Phosphate &#8211; C20-22 Alcohols &#8211; Decyl Glucoside &#8211; Butylene Glycol &#8211; Glucose &#8211; Benzoic Acid &#8211; Tetrasodium Edta &#8211; Xanthan Gum &#8211; Hydrogenated Polydecene &#8211; Tocopheryl Acetate &#8211; O-Cymen-5-Ol &#8211; Trehalose &#8211; Propylene Glycol &#8211; Sodium Hydroxide &#8211; Citric Acid &#8211; Ascorbyl Tetraisopalmitate &#8211; Tocopherol &#8211; Spirulina Platensis Extract &#8211; Polyquaternium-51<\/p>\n","protected":false},"excerpt":{"rendered":"<p>Uriage Bari\u00e9sun<br \/>\nSpray solaire enfant hydratant &#8211; Spf50+\u00a0<br \/>\nCe spray tr\u00e8s haute protection \u00e0 la texture l\u00e9g\u00e8re et r\u00e9sistante \u00e0 l\u2019eau garantit un fini invisible et un plaisir d\u2019utilisation renouvel\u00e9 \u00e0 chaque application. Ce soin d\u00e9montre une haute s\u00e9curit\u00e9 et une haute tol\u00e9rance.<br \/>\nParties du corps : visage et corps<br \/>\nContenance : spray 200ml<\/p>\n","protected":false},"featured_media":1652,"comment_status":"open","ping_status":"closed","template":"","meta":[],"pwb-brand":[195],"product_cat":[193],"product_tag":[],"class_list":{"0":"post-1628","1":"product","2":"type-product","3":"status-publish","4":"has-post-thumbnail","6":"pwb-brand-uriage-bebe","7":"product_cat-protection-solaire","8":"post","9":"ws-product--style-1","11":"first","12":"instock","13":"shipping-taxable","14":"purchasable","15":"product-type-simple"},"yoast_head":"<!-- This site is optimized with the Yoast SEO plugin v23.0 - https:\/\/yoast.com\/wordpress\/plugins\/seo\/ -->\n<title>Spray solaire enfant hydratant - Spf50+ - Uriage Bari\u00e9sun - 200ml - OrthoPara<\/title>\n<meta name=\"robots\" content=\"index, follow, max-snippet:-1, max-image-preview:large, max-video-preview:-1\" \/>\n<link rel=\"canonical\" href=\"https:\/\/orthopara.store\/index.php\/produit\/spray-solaire-enfant-hydratant-spf50-uriage-bariesun-200ml\/\" \/>\n<meta property=\"og:locale\" content=\"fr_FR\" \/>\n<meta property=\"og:type\" content=\"article\" \/>\n<meta property=\"og:title\" content=\"Spray solaire enfant hydratant - Spf50+ - Uriage Bari\u00e9sun - 200ml - OrthoPara\" \/>\n<meta property=\"og:description\" content=\"Uriage Bari\u00e9sun Spray solaire enfant hydratant - Spf50+\u00a0 Ce spray tr\u00e8s haute protection \u00e0 la texture l\u00e9g\u00e8re et r\u00e9sistante \u00e0 l\u2019eau garantit un fini invisible et un plaisir d\u2019utilisation renouvel\u00e9 \u00e0 chaque application. Ce soin d\u00e9montre une haute s\u00e9curit\u00e9 et une haute tol\u00e9rance. Parties du corps : visage et corps Contenance : spray 200ml\" \/>\n<meta property=\"og:url\" content=\"https:\/\/orthopara.store\/index.php\/produit\/spray-solaire-enfant-hydratant-spf50-uriage-bariesun-200ml\/\" \/>\n<meta property=\"og:site_name\" content=\"OrthoPara\" \/>\n<meta property=\"article:publisher\" content=\"https:\/\/www.facebook.com\/profile.php?id=61561194315651\" \/>\n<meta property=\"article:modified_time\" content=\"2024-06-28T13:54:34+00:00\" \/>\n<meta property=\"og:image\" content=\"https:\/\/orthopara.store\/wp-content\/uploads\/2024\/06\/spray-solaire-enfant-hydratant-spf50-uriage-bariesun-200ml.jpg\" \/>\n\t<meta property=\"og:image:width\" content=\"800\" \/>\n\t<meta property=\"og:image:height\" content=\"800\" \/>\n\t<meta property=\"og:image:type\" content=\"image\/jpeg\" \/>\n<meta name=\"twitter:card\" content=\"summary_large_image\" \/>\n<meta name=\"twitter:label1\" content=\"Dur\u00e9e de lecture estim\u00e9e\" \/>\n\t<meta name=\"twitter:data1\" content=\"2 minutes\" \/>\n<script type=\"application\/ld+json\" class=\"yoast-schema-graph\">{\"@context\":\"https:\/\/schema.org\",\"@graph\":[{\"@type\":\"WebPage\",\"@id\":\"https:\/\/orthopara.store\/index.php\/produit\/spray-solaire-enfant-hydratant-spf50-uriage-bariesun-200ml\/\",\"url\":\"https:\/\/orthopara.store\/index.php\/produit\/spray-solaire-enfant-hydratant-spf50-uriage-bariesun-200ml\/\",\"name\":\"Spray solaire enfant hydratant - Spf50+ - Uriage Bari\u00e9sun - 200ml - OrthoPara\",\"isPartOf\":{\"@id\":\"https:\/\/orthopara.store\/#website\"},\"primaryImageOfPage\":{\"@id\":\"https:\/\/orthopara.store\/index.php\/produit\/spray-solaire-enfant-hydratant-spf50-uriage-bariesun-200ml\/#primaryimage\"},\"image\":{\"@id\":\"https:\/\/orthopara.store\/index.php\/produit\/spray-solaire-enfant-hydratant-spf50-uriage-bariesun-200ml\/#primaryimage\"},\"thumbnailUrl\":\"https:\/\/orthopara.store\/wp-content\/uploads\/2024\/06\/spray-solaire-enfant-hydratant-spf50-uriage-bariesun-200ml.jpg\",\"datePublished\":\"2024-06-28T13:54:25+00:00\",\"dateModified\":\"2024-06-28T13:54:34+00:00\",\"breadcrumb\":{\"@id\":\"https:\/\/orthopara.store\/index.php\/produit\/spray-solaire-enfant-hydratant-spf50-uriage-bariesun-200ml\/#breadcrumb\"},\"inLanguage\":\"fr-FR\",\"potentialAction\":[{\"@type\":\"ReadAction\",\"target\":[\"https:\/\/orthopara.store\/index.php\/produit\/spray-solaire-enfant-hydratant-spf50-uriage-bariesun-200ml\/\"]}]},{\"@type\":\"ImageObject\",\"inLanguage\":\"fr-FR\",\"@id\":\"https:\/\/orthopara.store\/index.php\/produit\/spray-solaire-enfant-hydratant-spf50-uriage-bariesun-200ml\/#primaryimage\",\"url\":\"https:\/\/orthopara.store\/wp-content\/uploads\/2024\/06\/spray-solaire-enfant-hydratant-spf50-uriage-bariesun-200ml.jpg\",\"contentUrl\":\"https:\/\/orthopara.store\/wp-content\/uploads\/2024\/06\/spray-solaire-enfant-hydratant-spf50-uriage-bariesun-200ml.jpg\",\"width\":800,\"height\":800},{\"@type\":\"BreadcrumbList\",\"@id\":\"https:\/\/orthopara.store\/index.php\/produit\/spray-solaire-enfant-hydratant-spf50-uriage-bariesun-200ml\/#breadcrumb\",\"itemListElement\":[{\"@type\":\"ListItem\",\"position\":1,\"name\":\"Accueil\",\"item\":\"https:\/\/orthopara.store\/\"},{\"@type\":\"ListItem\",\"position\":2,\"name\":\"Shop\",\"item\":\"https:\/\/orthopara.store\/?page_id=622\"},{\"@type\":\"ListItem\",\"position\":3,\"name\":\"Spray solaire enfant hydratant &#8211; Spf50+ &#8211; Uriage Bari\u00e9sun &#8211; 200ml\"}]},{\"@type\":\"WebSite\",\"@id\":\"https:\/\/orthopara.store\/#website\",\"url\":\"https:\/\/orthopara.store\/\",\"name\":\"OrthoPara\",\"description\":\"Parapharmacie\",\"publisher\":{\"@id\":\"https:\/\/orthopara.store\/#organization\"},\"potentialAction\":[{\"@type\":\"SearchAction\",\"target\":{\"@type\":\"EntryPoint\",\"urlTemplate\":\"https:\/\/orthopara.store\/?s={search_term_string}\"},\"query-input\":\"required name=search_term_string\"}],\"inLanguage\":\"fr-FR\"},{\"@type\":\"Organization\",\"@id\":\"https:\/\/orthopara.store\/#organization\",\"name\":\"OrthoPara\",\"url\":\"https:\/\/orthopara.store\/\",\"logo\":{\"@type\":\"ImageObject\",\"inLanguage\":\"fr-FR\",\"@id\":\"https:\/\/orthopara.store\/#\/schema\/logo\/image\/\",\"url\":\"https:\/\/orthopara.store\/wp-content\/uploads\/2024\/06\/cropped-9ABA8BAD-6256-4719-9315-15C66E64E882.png\",\"contentUrl\":\"https:\/\/orthopara.store\/wp-content\/uploads\/2024\/06\/cropped-9ABA8BAD-6256-4719-9315-15C66E64E882.png\",\"width\":240,\"height\":72,\"caption\":\"OrthoPara\"},\"image\":{\"@id\":\"https:\/\/orthopara.store\/#\/schema\/logo\/image\/\"},\"sameAs\":[\"https:\/\/www.facebook.com\/profile.php?id=61561194315651\",\"https:\/\/www.instagram.com\/orthopara_tunisie\/\"]}]}<\/script>\n<!-- \/ Yoast SEO plugin. -->","yoast_head_json":{"title":"Spray solaire enfant hydratant - Spf50+ - Uriage Bari\u00e9sun - 200ml - OrthoPara","robots":{"index":"index","follow":"follow","max-snippet":"max-snippet:-1","max-image-preview":"max-image-preview:large","max-video-preview":"max-video-preview:-1"},"canonical":"https:\/\/orthopara.store\/index.php\/produit\/spray-solaire-enfant-hydratant-spf50-uriage-bariesun-200ml\/","og_locale":"fr_FR","og_type":"article","og_title":"Spray solaire enfant hydratant - Spf50+ - Uriage Bari\u00e9sun - 200ml - OrthoPara","og_description":"Uriage Bari\u00e9sun Spray solaire enfant hydratant - Spf50+\u00a0 Ce spray tr\u00e8s haute protection \u00e0 la texture l\u00e9g\u00e8re et r\u00e9sistante \u00e0 l\u2019eau garantit un fini invisible et un plaisir d\u2019utilisation renouvel\u00e9 \u00e0 chaque application. Ce soin d\u00e9montre une haute s\u00e9curit\u00e9 et une haute tol\u00e9rance. Parties du corps : visage et corps Contenance : spray 200ml","og_url":"https:\/\/orthopara.store\/index.php\/produit\/spray-solaire-enfant-hydratant-spf50-uriage-bariesun-200ml\/","og_site_name":"OrthoPara","article_publisher":"https:\/\/www.facebook.com\/profile.php?id=61561194315651","article_modified_time":"2024-06-28T13:54:34+00:00","og_image":[{"width":800,"height":800,"url":"https:\/\/orthopara.store\/wp-content\/uploads\/2024\/06\/spray-solaire-enfant-hydratant-spf50-uriage-bariesun-200ml.jpg","type":"image\/jpeg"}],"twitter_card":"summary_large_image","twitter_misc":{"Dur\u00e9e de lecture estim\u00e9e":"2 minutes"},"schema":{"@context":"https:\/\/schema.org","@graph":[{"@type":"WebPage","@id":"https:\/\/orthopara.store\/index.php\/produit\/spray-solaire-enfant-hydratant-spf50-uriage-bariesun-200ml\/","url":"https:\/\/orthopara.store\/index.php\/produit\/spray-solaire-enfant-hydratant-spf50-uriage-bariesun-200ml\/","name":"Spray solaire enfant hydratant - Spf50+ - Uriage Bari\u00e9sun - 200ml - OrthoPara","isPartOf":{"@id":"https:\/\/orthopara.store\/#website"},"primaryImageOfPage":{"@id":"https:\/\/orthopara.store\/index.php\/produit\/spray-solaire-enfant-hydratant-spf50-uriage-bariesun-200ml\/#primaryimage"},"image":{"@id":"https:\/\/orthopara.store\/index.php\/produit\/spray-solaire-enfant-hydratant-spf50-uriage-bariesun-200ml\/#primaryimage"},"thumbnailUrl":"https:\/\/orthopara.store\/wp-content\/uploads\/2024\/06\/spray-solaire-enfant-hydratant-spf50-uriage-bariesun-200ml.jpg","datePublished":"2024-06-28T13:54:25+00:00","dateModified":"2024-06-28T13:54:34+00:00","breadcrumb":{"@id":"https:\/\/orthopara.store\/index.php\/produit\/spray-solaire-enfant-hydratant-spf50-uriage-bariesun-200ml\/#breadcrumb"},"inLanguage":"fr-FR","potentialAction":[{"@type":"ReadAction","target":["https:\/\/orthopara.store\/index.php\/produit\/spray-solaire-enfant-hydratant-spf50-uriage-bariesun-200ml\/"]}]},{"@type":"ImageObject","inLanguage":"fr-FR","@id":"https:\/\/orthopara.store\/index.php\/produit\/spray-solaire-enfant-hydratant-spf50-uriage-bariesun-200ml\/#primaryimage","url":"https:\/\/orthopara.store\/wp-content\/uploads\/2024\/06\/spray-solaire-enfant-hydratant-spf50-uriage-bariesun-200ml.jpg","contentUrl":"https:\/\/orthopara.store\/wp-content\/uploads\/2024\/06\/spray-solaire-enfant-hydratant-spf50-uriage-bariesun-200ml.jpg","width":800,"height":800},{"@type":"BreadcrumbList","@id":"https:\/\/orthopara.store\/index.php\/produit\/spray-solaire-enfant-hydratant-spf50-uriage-bariesun-200ml\/#breadcrumb","itemListElement":[{"@type":"ListItem","position":1,"name":"Accueil","item":"https:\/\/orthopara.store\/"},{"@type":"ListItem","position":2,"name":"Shop","item":"https:\/\/orthopara.store\/?page_id=622"},{"@type":"ListItem","position":3,"name":"Spray solaire enfant hydratant &#8211; Spf50+ &#8211; Uriage Bari\u00e9sun &#8211; 200ml"}]},{"@type":"WebSite","@id":"https:\/\/orthopara.store\/#website","url":"https:\/\/orthopara.store\/","name":"OrthoPara","description":"Parapharmacie","publisher":{"@id":"https:\/\/orthopara.store\/#organization"},"potentialAction":[{"@type":"SearchAction","target":{"@type":"EntryPoint","urlTemplate":"https:\/\/orthopara.store\/?s={search_term_string}"},"query-input":"required name=search_term_string"}],"inLanguage":"fr-FR"},{"@type":"Organization","@id":"https:\/\/orthopara.store\/#organization","name":"OrthoPara","url":"https:\/\/orthopara.store\/","logo":{"@type":"ImageObject","inLanguage":"fr-FR","@id":"https:\/\/orthopara.store\/#\/schema\/logo\/image\/","url":"https:\/\/orthopara.store\/wp-content\/uploads\/2024\/06\/cropped-9ABA8BAD-6256-4719-9315-15C66E64E882.png","contentUrl":"https:\/\/orthopara.store\/wp-content\/uploads\/2024\/06\/cropped-9ABA8BAD-6256-4719-9315-15C66E64E882.png","width":240,"height":72,"caption":"OrthoPara"},"image":{"@id":"https:\/\/orthopara.store\/#\/schema\/logo\/image\/"},"sameAs":["https:\/\/www.facebook.com\/profile.php?id=61561194315651","https:\/\/www.instagram.com\/orthopara_tunisie\/"]}]}},"jetpack_sharing_enabled":true,"brands":[{"id":195,"name":"Uriage B\u00e9b\u00e9","slug":"uriage-bebe"}],"_links":{"self":[{"href":"https:\/\/orthopara.store\/index.php?rest_route=\/wp\/v2\/product\/1628","targetHints":{"allow":["GET"]}}],"collection":[{"href":"https:\/\/orthopara.store\/index.php?rest_route=\/wp\/v2\/product"}],"about":[{"href":"https:\/\/orthopara.store\/index.php?rest_route=\/wp\/v2\/types\/product"}],"replies":[{"embeddable":true,"href":"https:\/\/orthopara.store\/index.php?rest_route=%2Fwp%2Fv2%2Fcomments&post=1628"}],"wp:featuredmedia":[{"embeddable":true,"href":"https:\/\/orthopara.store\/index.php?rest_route=\/wp\/v2\/media\/1652"}],"wp:attachment":[{"href":"https:\/\/orthopara.store\/index.php?rest_route=%2Fwp%2Fv2%2Fmedia&parent=1628"}],"wp:term":[{"taxonomy":"pwb-brand","embeddable":true,"href":"https:\/\/orthopara.store\/index.php?rest_route=%2Fwp%2Fv2%2Fpwb-brand&post=1628"},{"taxonomy":"product_cat","embeddable":true,"href":"https:\/\/orthopara.store\/index.php?rest_route=%2Fwp%2Fv2%2Fproduct_cat&post=1628"},{"taxonomy":"product_tag","embeddable":true,"href":"https:\/\/orthopara.store\/index.php?rest_route=%2Fwp%2Fv2%2Fproduct_tag&post=1628"}],"curies":[{"name":"wp","href":"https:\/\/api.w.org\/{rel}","templated":true}]}}