{"id":1631,"date":"2024-06-28T15:54:25","date_gmt":"2024-06-28T13:54:25","guid":{"rendered":"https:\/\/orthopara.store\/?post_type=product&#038;p=1631"},"modified":"2024-06-28T15:54:35","modified_gmt":"2024-06-28T13:54:35","slug":"creme-pour-le-change-123-mustela-50ml","status":"publish","type":"product","link":"https:\/\/orthopara.store\/?product=creme-pour-le-change-123-mustela-50ml","title":{"rendered":"Cr\u00e8me pour le change 123 &#8211; Mustela &#8211; 50ml"},"content":{"rendered":"<p>Cr\u00e8me pour le change 123 &#8211; Mustela &#8211; 50ml<br \/>\nLa cr\u00e8me pour le change Mustela 123 est un soin complet pour le si\u00e8ge, conseill\u00e9 pour pr\u00e9venir, soulager et r\u00e9parer la peau irrit\u00e9e ou pr\u00e9sentant des rougeurs au niveau du si\u00e8ge (\u00e9ryth\u00e8me fessier).<br \/>\nLa Cr\u00e8me change b\u00e9b\u00e9 123 est un soin complet pour les fesses des b\u00e9b\u00e9s, qui s&rsquo;applique apr\u00e8s chaque changement de couche.<br \/>\nElle poss\u00e8de une triple action :<br \/>\n1- pr\u00e9vient les irritations et rougeurs,<br \/>\n2- soulage,<br \/>\n3- r\u00e9pare la peau durablement.<br \/>\nElle s&rsquo;applique et se nettoie tr\u00e8s facilement. Elle peut \u00eatre utilis\u00e9e d\u00e8s la naissance et ne contient pas de parfum.<br \/>\nElle convient d\u00e8s la naissance, y compris aux b\u00e9b\u00e9s sortant de n\u00e9onatalogie.<\/p>\n","protected":false},"excerpt":{"rendered":"<p>Mustela<br \/>\nCr\u00e8me pour le change 123<br \/>\ncr\u00e8me pour le change du b\u00e9b\u00e9 triple actions : pr\u00e9vient, apaise et r\u00e9pare<br \/>\ncontenance : 50ml<br \/>\nDLC : 06\/2023<\/p>\n","protected":false},"featured_media":1655,"comment_status":"open","ping_status":"closed","template":"","meta":[],"pwb-brand":[185],"product_cat":[194],"product_tag":[],"class_list":{"0":"post-1631","1":"product","2":"type-product","3":"status-publish","4":"has-post-thumbnail","6":"pwb-brand-mustela","7":"product_cat-change-de-bebe","8":"post","9":"ws-product--style-1","11":"first","12":"instock","13":"shipping-taxable","14":"purchasable","15":"product-type-simple"},"yoast_head":"<!-- This site is optimized with the Yoast SEO plugin v23.0 - https:\/\/yoast.com\/wordpress\/plugins\/seo\/ -->\n<title>Cr\u00e8me pour le change 123 - Mustela - 50ml - OrthoPara<\/title>\n<meta name=\"robots\" content=\"index, follow, max-snippet:-1, max-image-preview:large, max-video-preview:-1\" \/>\n<link rel=\"canonical\" href=\"https:\/\/orthopara.store\/index.php\/produit\/creme-pour-le-change-123-mustela-50ml\/\" \/>\n<meta property=\"og:locale\" content=\"fr_FR\" \/>\n<meta property=\"og:type\" content=\"article\" \/>\n<meta property=\"og:title\" content=\"Cr\u00e8me pour le change 123 - Mustela - 50ml - OrthoPara\" \/>\n<meta property=\"og:description\" content=\"Mustela Cr\u00e8me pour le change 123 cr\u00e8me pour le change du b\u00e9b\u00e9 triple actions : pr\u00e9vient, apaise et r\u00e9pare contenance : 50ml DLC : 06\/2023\" \/>\n<meta property=\"og:url\" content=\"https:\/\/orthopara.store\/index.php\/produit\/creme-pour-le-change-123-mustela-50ml\/\" \/>\n<meta property=\"og:site_name\" content=\"OrthoPara\" \/>\n<meta property=\"article:publisher\" content=\"https:\/\/www.facebook.com\/profile.php?id=61561194315651\" \/>\n<meta property=\"article:modified_time\" content=\"2024-06-28T13:54:35+00:00\" \/>\n<meta property=\"og:image\" content=\"https:\/\/orthopara.store\/wp-content\/uploads\/2024\/06\/creme-pour-le-change-123-mustela-50ml.jpg\" \/>\n\t<meta property=\"og:image:width\" content=\"800\" \/>\n\t<meta property=\"og:image:height\" content=\"800\" \/>\n\t<meta property=\"og:image:type\" content=\"image\/jpeg\" \/>\n<meta name=\"twitter:card\" content=\"summary_large_image\" \/>\n<meta name=\"twitter:label1\" content=\"Dur\u00e9e de lecture estim\u00e9e\" \/>\n\t<meta name=\"twitter:data1\" content=\"1 minute\" \/>\n<script type=\"application\/ld+json\" class=\"yoast-schema-graph\">{\"@context\":\"https:\/\/schema.org\",\"@graph\":[{\"@type\":\"WebPage\",\"@id\":\"https:\/\/orthopara.store\/index.php\/produit\/creme-pour-le-change-123-mustela-50ml\/\",\"url\":\"https:\/\/orthopara.store\/index.php\/produit\/creme-pour-le-change-123-mustela-50ml\/\",\"name\":\"Cr\u00e8me pour le change 123 - Mustela - 50ml - OrthoPara\",\"isPartOf\":{\"@id\":\"https:\/\/orthopara.store\/#website\"},\"primaryImageOfPage\":{\"@id\":\"https:\/\/orthopara.store\/index.php\/produit\/creme-pour-le-change-123-mustela-50ml\/#primaryimage\"},\"image\":{\"@id\":\"https:\/\/orthopara.store\/index.php\/produit\/creme-pour-le-change-123-mustela-50ml\/#primaryimage\"},\"thumbnailUrl\":\"https:\/\/orthopara.store\/wp-content\/uploads\/2024\/06\/creme-pour-le-change-123-mustela-50ml.jpg\",\"datePublished\":\"2024-06-28T13:54:25+00:00\",\"dateModified\":\"2024-06-28T13:54:35+00:00\",\"breadcrumb\":{\"@id\":\"https:\/\/orthopara.store\/index.php\/produit\/creme-pour-le-change-123-mustela-50ml\/#breadcrumb\"},\"inLanguage\":\"fr-FR\",\"potentialAction\":[{\"@type\":\"ReadAction\",\"target\":[\"https:\/\/orthopara.store\/index.php\/produit\/creme-pour-le-change-123-mustela-50ml\/\"]}]},{\"@type\":\"ImageObject\",\"inLanguage\":\"fr-FR\",\"@id\":\"https:\/\/orthopara.store\/index.php\/produit\/creme-pour-le-change-123-mustela-50ml\/#primaryimage\",\"url\":\"https:\/\/orthopara.store\/wp-content\/uploads\/2024\/06\/creme-pour-le-change-123-mustela-50ml.jpg\",\"contentUrl\":\"https:\/\/orthopara.store\/wp-content\/uploads\/2024\/06\/creme-pour-le-change-123-mustela-50ml.jpg\",\"width\":800,\"height\":800},{\"@type\":\"BreadcrumbList\",\"@id\":\"https:\/\/orthopara.store\/index.php\/produit\/creme-pour-le-change-123-mustela-50ml\/#breadcrumb\",\"itemListElement\":[{\"@type\":\"ListItem\",\"position\":1,\"name\":\"Accueil\",\"item\":\"https:\/\/orthopara.store\/\"},{\"@type\":\"ListItem\",\"position\":2,\"name\":\"Shop\",\"item\":\"https:\/\/orthopara.store\/?page_id=622\"},{\"@type\":\"ListItem\",\"position\":3,\"name\":\"Cr\u00e8me pour le change 123 &#8211; Mustela &#8211; 50ml\"}]},{\"@type\":\"WebSite\",\"@id\":\"https:\/\/orthopara.store\/#website\",\"url\":\"https:\/\/orthopara.store\/\",\"name\":\"OrthoPara\",\"description\":\"Parapharmacie\",\"publisher\":{\"@id\":\"https:\/\/orthopara.store\/#organization\"},\"potentialAction\":[{\"@type\":\"SearchAction\",\"target\":{\"@type\":\"EntryPoint\",\"urlTemplate\":\"https:\/\/orthopara.store\/?s={search_term_string}\"},\"query-input\":\"required name=search_term_string\"}],\"inLanguage\":\"fr-FR\"},{\"@type\":\"Organization\",\"@id\":\"https:\/\/orthopara.store\/#organization\",\"name\":\"OrthoPara\",\"url\":\"https:\/\/orthopara.store\/\",\"logo\":{\"@type\":\"ImageObject\",\"inLanguage\":\"fr-FR\",\"@id\":\"https:\/\/orthopara.store\/#\/schema\/logo\/image\/\",\"url\":\"https:\/\/orthopara.store\/wp-content\/uploads\/2024\/06\/cropped-9ABA8BAD-6256-4719-9315-15C66E64E882.png\",\"contentUrl\":\"https:\/\/orthopara.store\/wp-content\/uploads\/2024\/06\/cropped-9ABA8BAD-6256-4719-9315-15C66E64E882.png\",\"width\":240,\"height\":72,\"caption\":\"OrthoPara\"},\"image\":{\"@id\":\"https:\/\/orthopara.store\/#\/schema\/logo\/image\/\"},\"sameAs\":[\"https:\/\/www.facebook.com\/profile.php?id=61561194315651\",\"https:\/\/www.instagram.com\/orthopara_tunisie\/\"]}]}<\/script>\n<!-- \/ Yoast SEO plugin. -->","yoast_head_json":{"title":"Cr\u00e8me pour le change 123 - Mustela - 50ml - OrthoPara","robots":{"index":"index","follow":"follow","max-snippet":"max-snippet:-1","max-image-preview":"max-image-preview:large","max-video-preview":"max-video-preview:-1"},"canonical":"https:\/\/orthopara.store\/index.php\/produit\/creme-pour-le-change-123-mustela-50ml\/","og_locale":"fr_FR","og_type":"article","og_title":"Cr\u00e8me pour le change 123 - Mustela - 50ml - OrthoPara","og_description":"Mustela Cr\u00e8me pour le change 123 cr\u00e8me pour le change du b\u00e9b\u00e9 triple actions : pr\u00e9vient, apaise et r\u00e9pare contenance : 50ml DLC : 06\/2023","og_url":"https:\/\/orthopara.store\/index.php\/produit\/creme-pour-le-change-123-mustela-50ml\/","og_site_name":"OrthoPara","article_publisher":"https:\/\/www.facebook.com\/profile.php?id=61561194315651","article_modified_time":"2024-06-28T13:54:35+00:00","og_image":[{"width":800,"height":800,"url":"https:\/\/orthopara.store\/wp-content\/uploads\/2024\/06\/creme-pour-le-change-123-mustela-50ml.jpg","type":"image\/jpeg"}],"twitter_card":"summary_large_image","twitter_misc":{"Dur\u00e9e de lecture estim\u00e9e":"1 minute"},"schema":{"@context":"https:\/\/schema.org","@graph":[{"@type":"WebPage","@id":"https:\/\/orthopara.store\/index.php\/produit\/creme-pour-le-change-123-mustela-50ml\/","url":"https:\/\/orthopara.store\/index.php\/produit\/creme-pour-le-change-123-mustela-50ml\/","name":"Cr\u00e8me pour le change 123 - Mustela - 50ml - OrthoPara","isPartOf":{"@id":"https:\/\/orthopara.store\/#website"},"primaryImageOfPage":{"@id":"https:\/\/orthopara.store\/index.php\/produit\/creme-pour-le-change-123-mustela-50ml\/#primaryimage"},"image":{"@id":"https:\/\/orthopara.store\/index.php\/produit\/creme-pour-le-change-123-mustela-50ml\/#primaryimage"},"thumbnailUrl":"https:\/\/orthopara.store\/wp-content\/uploads\/2024\/06\/creme-pour-le-change-123-mustela-50ml.jpg","datePublished":"2024-06-28T13:54:25+00:00","dateModified":"2024-06-28T13:54:35+00:00","breadcrumb":{"@id":"https:\/\/orthopara.store\/index.php\/produit\/creme-pour-le-change-123-mustela-50ml\/#breadcrumb"},"inLanguage":"fr-FR","potentialAction":[{"@type":"ReadAction","target":["https:\/\/orthopara.store\/index.php\/produit\/creme-pour-le-change-123-mustela-50ml\/"]}]},{"@type":"ImageObject","inLanguage":"fr-FR","@id":"https:\/\/orthopara.store\/index.php\/produit\/creme-pour-le-change-123-mustela-50ml\/#primaryimage","url":"https:\/\/orthopara.store\/wp-content\/uploads\/2024\/06\/creme-pour-le-change-123-mustela-50ml.jpg","contentUrl":"https:\/\/orthopara.store\/wp-content\/uploads\/2024\/06\/creme-pour-le-change-123-mustela-50ml.jpg","width":800,"height":800},{"@type":"BreadcrumbList","@id":"https:\/\/orthopara.store\/index.php\/produit\/creme-pour-le-change-123-mustela-50ml\/#breadcrumb","itemListElement":[{"@type":"ListItem","position":1,"name":"Accueil","item":"https:\/\/orthopara.store\/"},{"@type":"ListItem","position":2,"name":"Shop","item":"https:\/\/orthopara.store\/?page_id=622"},{"@type":"ListItem","position":3,"name":"Cr\u00e8me pour le change 123 &#8211; Mustela &#8211; 50ml"}]},{"@type":"WebSite","@id":"https:\/\/orthopara.store\/#website","url":"https:\/\/orthopara.store\/","name":"OrthoPara","description":"Parapharmacie","publisher":{"@id":"https:\/\/orthopara.store\/#organization"},"potentialAction":[{"@type":"SearchAction","target":{"@type":"EntryPoint","urlTemplate":"https:\/\/orthopara.store\/?s={search_term_string}"},"query-input":"required name=search_term_string"}],"inLanguage":"fr-FR"},{"@type":"Organization","@id":"https:\/\/orthopara.store\/#organization","name":"OrthoPara","url":"https:\/\/orthopara.store\/","logo":{"@type":"ImageObject","inLanguage":"fr-FR","@id":"https:\/\/orthopara.store\/#\/schema\/logo\/image\/","url":"https:\/\/orthopara.store\/wp-content\/uploads\/2024\/06\/cropped-9ABA8BAD-6256-4719-9315-15C66E64E882.png","contentUrl":"https:\/\/orthopara.store\/wp-content\/uploads\/2024\/06\/cropped-9ABA8BAD-6256-4719-9315-15C66E64E882.png","width":240,"height":72,"caption":"OrthoPara"},"image":{"@id":"https:\/\/orthopara.store\/#\/schema\/logo\/image\/"},"sameAs":["https:\/\/www.facebook.com\/profile.php?id=61561194315651","https:\/\/www.instagram.com\/orthopara_tunisie\/"]}]}},"jetpack_sharing_enabled":true,"brands":[{"id":185,"name":"Mustela","slug":"mustela"}],"_links":{"self":[{"href":"https:\/\/orthopara.store\/index.php?rest_route=\/wp\/v2\/product\/1631","targetHints":{"allow":["GET"]}}],"collection":[{"href":"https:\/\/orthopara.store\/index.php?rest_route=\/wp\/v2\/product"}],"about":[{"href":"https:\/\/orthopara.store\/index.php?rest_route=\/wp\/v2\/types\/product"}],"replies":[{"embeddable":true,"href":"https:\/\/orthopara.store\/index.php?rest_route=%2Fwp%2Fv2%2Fcomments&post=1631"}],"wp:featuredmedia":[{"embeddable":true,"href":"https:\/\/orthopara.store\/index.php?rest_route=\/wp\/v2\/media\/1655"}],"wp:attachment":[{"href":"https:\/\/orthopara.store\/index.php?rest_route=%2Fwp%2Fv2%2Fmedia&parent=1631"}],"wp:term":[{"taxonomy":"pwb-brand","embeddable":true,"href":"https:\/\/orthopara.store\/index.php?rest_route=%2Fwp%2Fv2%2Fpwb-brand&post=1631"},{"taxonomy":"product_cat","embeddable":true,"href":"https:\/\/orthopara.store\/index.php?rest_route=%2Fwp%2Fv2%2Fproduct_cat&post=1631"},{"taxonomy":"product_tag","embeddable":true,"href":"https:\/\/orthopara.store\/index.php?rest_route=%2Fwp%2Fv2%2Fproduct_tag&post=1631"}],"curies":[{"name":"wp","href":"https:\/\/api.w.org\/{rel}","templated":true}]}}