{"id":1633,"date":"2024-06-28T15:54:25","date_gmt":"2024-06-28T13:54:25","guid":{"rendered":"https:\/\/orthopara.store\/?post_type=product&#038;p=1633"},"modified":"2024-06-28T15:54:36","modified_gmt":"2024-06-28T13:54:36","slug":"creme-pour-le-change-pediakids-40gr","status":"publish","type":"product","link":"https:\/\/orthopara.store\/?product=creme-pour-le-change-pediakids-40gr","title":{"rendered":"Cr\u00e8me pour le change &#8211; P\u00e9diakids &#8211; 40gr"},"content":{"rendered":"<p>Cr\u00e8me pour le change &#8211; P\u00e9diakids &#8211; 40gr<br \/>\nP\u00e9diakids Cr\u00e8me de change est une formule sp\u00e9cialement \u00e9labor\u00e9e pour le change de b\u00e9b\u00e9 et adapt\u00e9e \u00e0 l\u2019 \u00e9piderme fessier et aux agressions qu\u2019 il subit \u00e0 savoir :<br \/>\n&#8211; Irritations par le port prolong\u00e9 de couches<br \/>\n&#8211; Humidit\u00e9\u00a0<br \/>\n&#8211; Contact prolong\u00e9 avec les urines et les selles<br \/>\n&#8211; Agressions des d\u00e9tergents et des produits d\u2019 hygi\u00e8ne du b\u00e9b\u00e9<br \/>\nIndication :\u00a0<br \/>\nTraitement pr\u00e9ventif et curatif des \u00e9ryth\u00e8mes fessiers<br \/>\nComposition :\u00a0<br \/>\nVaseline blanche, Huile de paraffine, Lanoline, Oxyde de Zinc Borate de soude, Amidon, Parfum de lavande<br \/>\nContre indications :\u00a0<br \/>\nAucune<br \/>\nConseils d&rsquo;utilisation :<br \/>\nA chaque change, appliquer une couche \u00e9paisse sur la peau parfaitement propre et s\u00e8che.<\/p>\n","protected":false},"excerpt":{"rendered":"<p>P\u00e9diakids<br \/>\nCr\u00e8me pour le change<br \/>\nC\u2019est une formule sp\u00e9cialement \u00e9labor\u00e9e pour le change de b\u00e9b\u00e9. Elle est adapt\u00e9e \u00e0 l\u2019 \u00e9piderme fessier et aux agressions qu\u2019 il subit \u00e0 savoir:\u00a0 Irritations par le port prolong\u00e9 de couches, Humidit\u00e9 , Contact prolong\u00e9 avec les urines et les selles, Agressions des d\u00e9tergents et des produits d\u2019 hygi\u00e8ne du b\u00e9b\u00e9.<\/p>\n<p>contenance :40 gr<br \/>\nDLC 01\/2025<\/p>\n","protected":false},"featured_media":1657,"comment_status":"open","ping_status":"closed","template":"","meta":[],"pwb-brand":[198],"product_cat":[194],"product_tag":[],"class_list":{"0":"post-1633","1":"product","2":"type-product","3":"status-publish","4":"has-post-thumbnail","6":"pwb-brand-pediakids","7":"product_cat-change-de-bebe","8":"post","9":"ws-product--style-1","11":"first","12":"instock","13":"shipping-taxable","14":"purchasable","15":"product-type-simple"},"yoast_head":"<!-- This site is optimized with the Yoast SEO plugin v23.0 - https:\/\/yoast.com\/wordpress\/plugins\/seo\/ -->\n<title>Cr\u00e8me pour le change - P\u00e9diakids - 40gr - OrthoPara<\/title>\n<meta name=\"robots\" content=\"index, follow, max-snippet:-1, max-image-preview:large, max-video-preview:-1\" \/>\n<link rel=\"canonical\" href=\"https:\/\/orthopara.store\/index.php\/produit\/creme-pour-le-change-pediakids-40gr\/\" \/>\n<meta property=\"og:locale\" content=\"fr_FR\" \/>\n<meta property=\"og:type\" content=\"article\" \/>\n<meta property=\"og:title\" content=\"Cr\u00e8me pour le change - P\u00e9diakids - 40gr - OrthoPara\" \/>\n<meta property=\"og:description\" content=\"P\u00e9diakids Cr\u00e8me pour le change C\u2019est une formule sp\u00e9cialement \u00e9labor\u00e9e pour le change de b\u00e9b\u00e9. Elle est adapt\u00e9e \u00e0 l\u2019 \u00e9piderme fessier et aux agressions qu\u2019 il subit \u00e0 savoir:\u00a0 Irritations par le port prolong\u00e9 de couches, Humidit\u00e9 , Contact prolong\u00e9 avec les urines et les selles, Agressions des d\u00e9tergents et des produits d\u2019 hygi\u00e8ne du b\u00e9b\u00e9. contenance :40 gr DLC 01\/2025\" \/>\n<meta property=\"og:url\" content=\"https:\/\/orthopara.store\/index.php\/produit\/creme-pour-le-change-pediakids-40gr\/\" \/>\n<meta property=\"og:site_name\" content=\"OrthoPara\" \/>\n<meta property=\"article:publisher\" content=\"https:\/\/www.facebook.com\/profile.php?id=61561194315651\" \/>\n<meta property=\"article:modified_time\" content=\"2024-06-28T13:54:36+00:00\" \/>\n<meta property=\"og:image\" content=\"https:\/\/orthopara.store\/wp-content\/uploads\/2024\/06\/creme-pour-le-change-pediakids-40gr.jpg\" \/>\n\t<meta property=\"og:image:width\" content=\"800\" \/>\n\t<meta property=\"og:image:height\" content=\"800\" \/>\n\t<meta property=\"og:image:type\" content=\"image\/jpeg\" \/>\n<meta name=\"twitter:card\" content=\"summary_large_image\" \/>\n<meta name=\"twitter:label1\" content=\"Dur\u00e9e de lecture estim\u00e9e\" \/>\n\t<meta name=\"twitter:data1\" content=\"1 minute\" \/>\n<script type=\"application\/ld+json\" class=\"yoast-schema-graph\">{\"@context\":\"https:\/\/schema.org\",\"@graph\":[{\"@type\":\"WebPage\",\"@id\":\"https:\/\/orthopara.store\/index.php\/produit\/creme-pour-le-change-pediakids-40gr\/\",\"url\":\"https:\/\/orthopara.store\/index.php\/produit\/creme-pour-le-change-pediakids-40gr\/\",\"name\":\"Cr\u00e8me pour le change - P\u00e9diakids - 40gr - OrthoPara\",\"isPartOf\":{\"@id\":\"https:\/\/orthopara.store\/#website\"},\"primaryImageOfPage\":{\"@id\":\"https:\/\/orthopara.store\/index.php\/produit\/creme-pour-le-change-pediakids-40gr\/#primaryimage\"},\"image\":{\"@id\":\"https:\/\/orthopara.store\/index.php\/produit\/creme-pour-le-change-pediakids-40gr\/#primaryimage\"},\"thumbnailUrl\":\"https:\/\/orthopara.store\/wp-content\/uploads\/2024\/06\/creme-pour-le-change-pediakids-40gr.jpg\",\"datePublished\":\"2024-06-28T13:54:25+00:00\",\"dateModified\":\"2024-06-28T13:54:36+00:00\",\"breadcrumb\":{\"@id\":\"https:\/\/orthopara.store\/index.php\/produit\/creme-pour-le-change-pediakids-40gr\/#breadcrumb\"},\"inLanguage\":\"fr-FR\",\"potentialAction\":[{\"@type\":\"ReadAction\",\"target\":[\"https:\/\/orthopara.store\/index.php\/produit\/creme-pour-le-change-pediakids-40gr\/\"]}]},{\"@type\":\"ImageObject\",\"inLanguage\":\"fr-FR\",\"@id\":\"https:\/\/orthopara.store\/index.php\/produit\/creme-pour-le-change-pediakids-40gr\/#primaryimage\",\"url\":\"https:\/\/orthopara.store\/wp-content\/uploads\/2024\/06\/creme-pour-le-change-pediakids-40gr.jpg\",\"contentUrl\":\"https:\/\/orthopara.store\/wp-content\/uploads\/2024\/06\/creme-pour-le-change-pediakids-40gr.jpg\",\"width\":800,\"height\":800},{\"@type\":\"BreadcrumbList\",\"@id\":\"https:\/\/orthopara.store\/index.php\/produit\/creme-pour-le-change-pediakids-40gr\/#breadcrumb\",\"itemListElement\":[{\"@type\":\"ListItem\",\"position\":1,\"name\":\"Accueil\",\"item\":\"https:\/\/orthopara.store\/\"},{\"@type\":\"ListItem\",\"position\":2,\"name\":\"Shop\",\"item\":\"https:\/\/orthopara.store\/?page_id=622\"},{\"@type\":\"ListItem\",\"position\":3,\"name\":\"Cr\u00e8me pour le change &#8211; P\u00e9diakids &#8211; 40gr\"}]},{\"@type\":\"WebSite\",\"@id\":\"https:\/\/orthopara.store\/#website\",\"url\":\"https:\/\/orthopara.store\/\",\"name\":\"OrthoPara\",\"description\":\"Parapharmacie\",\"publisher\":{\"@id\":\"https:\/\/orthopara.store\/#organization\"},\"potentialAction\":[{\"@type\":\"SearchAction\",\"target\":{\"@type\":\"EntryPoint\",\"urlTemplate\":\"https:\/\/orthopara.store\/?s={search_term_string}\"},\"query-input\":\"required name=search_term_string\"}],\"inLanguage\":\"fr-FR\"},{\"@type\":\"Organization\",\"@id\":\"https:\/\/orthopara.store\/#organization\",\"name\":\"OrthoPara\",\"url\":\"https:\/\/orthopara.store\/\",\"logo\":{\"@type\":\"ImageObject\",\"inLanguage\":\"fr-FR\",\"@id\":\"https:\/\/orthopara.store\/#\/schema\/logo\/image\/\",\"url\":\"https:\/\/orthopara.store\/wp-content\/uploads\/2024\/06\/cropped-9ABA8BAD-6256-4719-9315-15C66E64E882.png\",\"contentUrl\":\"https:\/\/orthopara.store\/wp-content\/uploads\/2024\/06\/cropped-9ABA8BAD-6256-4719-9315-15C66E64E882.png\",\"width\":240,\"height\":72,\"caption\":\"OrthoPara\"},\"image\":{\"@id\":\"https:\/\/orthopara.store\/#\/schema\/logo\/image\/\"},\"sameAs\":[\"https:\/\/www.facebook.com\/profile.php?id=61561194315651\",\"https:\/\/www.instagram.com\/orthopara_tunisie\/\"]}]}<\/script>\n<!-- \/ Yoast SEO plugin. -->","yoast_head_json":{"title":"Cr\u00e8me pour le change - P\u00e9diakids - 40gr - OrthoPara","robots":{"index":"index","follow":"follow","max-snippet":"max-snippet:-1","max-image-preview":"max-image-preview:large","max-video-preview":"max-video-preview:-1"},"canonical":"https:\/\/orthopara.store\/index.php\/produit\/creme-pour-le-change-pediakids-40gr\/","og_locale":"fr_FR","og_type":"article","og_title":"Cr\u00e8me pour le change - P\u00e9diakids - 40gr - OrthoPara","og_description":"P\u00e9diakids Cr\u00e8me pour le change C\u2019est une formule sp\u00e9cialement \u00e9labor\u00e9e pour le change de b\u00e9b\u00e9. Elle est adapt\u00e9e \u00e0 l\u2019 \u00e9piderme fessier et aux agressions qu\u2019 il subit \u00e0 savoir:\u00a0 Irritations par le port prolong\u00e9 de couches, Humidit\u00e9 , Contact prolong\u00e9 avec les urines et les selles, Agressions des d\u00e9tergents et des produits d\u2019 hygi\u00e8ne du b\u00e9b\u00e9. contenance :40 gr DLC 01\/2025","og_url":"https:\/\/orthopara.store\/index.php\/produit\/creme-pour-le-change-pediakids-40gr\/","og_site_name":"OrthoPara","article_publisher":"https:\/\/www.facebook.com\/profile.php?id=61561194315651","article_modified_time":"2024-06-28T13:54:36+00:00","og_image":[{"width":800,"height":800,"url":"https:\/\/orthopara.store\/wp-content\/uploads\/2024\/06\/creme-pour-le-change-pediakids-40gr.jpg","type":"image\/jpeg"}],"twitter_card":"summary_large_image","twitter_misc":{"Dur\u00e9e de lecture estim\u00e9e":"1 minute"},"schema":{"@context":"https:\/\/schema.org","@graph":[{"@type":"WebPage","@id":"https:\/\/orthopara.store\/index.php\/produit\/creme-pour-le-change-pediakids-40gr\/","url":"https:\/\/orthopara.store\/index.php\/produit\/creme-pour-le-change-pediakids-40gr\/","name":"Cr\u00e8me pour le change - P\u00e9diakids - 40gr - OrthoPara","isPartOf":{"@id":"https:\/\/orthopara.store\/#website"},"primaryImageOfPage":{"@id":"https:\/\/orthopara.store\/index.php\/produit\/creme-pour-le-change-pediakids-40gr\/#primaryimage"},"image":{"@id":"https:\/\/orthopara.store\/index.php\/produit\/creme-pour-le-change-pediakids-40gr\/#primaryimage"},"thumbnailUrl":"https:\/\/orthopara.store\/wp-content\/uploads\/2024\/06\/creme-pour-le-change-pediakids-40gr.jpg","datePublished":"2024-06-28T13:54:25+00:00","dateModified":"2024-06-28T13:54:36+00:00","breadcrumb":{"@id":"https:\/\/orthopara.store\/index.php\/produit\/creme-pour-le-change-pediakids-40gr\/#breadcrumb"},"inLanguage":"fr-FR","potentialAction":[{"@type":"ReadAction","target":["https:\/\/orthopara.store\/index.php\/produit\/creme-pour-le-change-pediakids-40gr\/"]}]},{"@type":"ImageObject","inLanguage":"fr-FR","@id":"https:\/\/orthopara.store\/index.php\/produit\/creme-pour-le-change-pediakids-40gr\/#primaryimage","url":"https:\/\/orthopara.store\/wp-content\/uploads\/2024\/06\/creme-pour-le-change-pediakids-40gr.jpg","contentUrl":"https:\/\/orthopara.store\/wp-content\/uploads\/2024\/06\/creme-pour-le-change-pediakids-40gr.jpg","width":800,"height":800},{"@type":"BreadcrumbList","@id":"https:\/\/orthopara.store\/index.php\/produit\/creme-pour-le-change-pediakids-40gr\/#breadcrumb","itemListElement":[{"@type":"ListItem","position":1,"name":"Accueil","item":"https:\/\/orthopara.store\/"},{"@type":"ListItem","position":2,"name":"Shop","item":"https:\/\/orthopara.store\/?page_id=622"},{"@type":"ListItem","position":3,"name":"Cr\u00e8me pour le change &#8211; P\u00e9diakids &#8211; 40gr"}]},{"@type":"WebSite","@id":"https:\/\/orthopara.store\/#website","url":"https:\/\/orthopara.store\/","name":"OrthoPara","description":"Parapharmacie","publisher":{"@id":"https:\/\/orthopara.store\/#organization"},"potentialAction":[{"@type":"SearchAction","target":{"@type":"EntryPoint","urlTemplate":"https:\/\/orthopara.store\/?s={search_term_string}"},"query-input":"required name=search_term_string"}],"inLanguage":"fr-FR"},{"@type":"Organization","@id":"https:\/\/orthopara.store\/#organization","name":"OrthoPara","url":"https:\/\/orthopara.store\/","logo":{"@type":"ImageObject","inLanguage":"fr-FR","@id":"https:\/\/orthopara.store\/#\/schema\/logo\/image\/","url":"https:\/\/orthopara.store\/wp-content\/uploads\/2024\/06\/cropped-9ABA8BAD-6256-4719-9315-15C66E64E882.png","contentUrl":"https:\/\/orthopara.store\/wp-content\/uploads\/2024\/06\/cropped-9ABA8BAD-6256-4719-9315-15C66E64E882.png","width":240,"height":72,"caption":"OrthoPara"},"image":{"@id":"https:\/\/orthopara.store\/#\/schema\/logo\/image\/"},"sameAs":["https:\/\/www.facebook.com\/profile.php?id=61561194315651","https:\/\/www.instagram.com\/orthopara_tunisie\/"]}]}},"jetpack_sharing_enabled":true,"brands":[{"id":198,"name":"P\u00e9diakids","slug":"pediakids"}],"_links":{"self":[{"href":"https:\/\/orthopara.store\/index.php?rest_route=\/wp\/v2\/product\/1633","targetHints":{"allow":["GET"]}}],"collection":[{"href":"https:\/\/orthopara.store\/index.php?rest_route=\/wp\/v2\/product"}],"about":[{"href":"https:\/\/orthopara.store\/index.php?rest_route=\/wp\/v2\/types\/product"}],"replies":[{"embeddable":true,"href":"https:\/\/orthopara.store\/index.php?rest_route=%2Fwp%2Fv2%2Fcomments&post=1633"}],"wp:featuredmedia":[{"embeddable":true,"href":"https:\/\/orthopara.store\/index.php?rest_route=\/wp\/v2\/media\/1657"}],"wp:attachment":[{"href":"https:\/\/orthopara.store\/index.php?rest_route=%2Fwp%2Fv2%2Fmedia&parent=1633"}],"wp:term":[{"taxonomy":"pwb-brand","embeddable":true,"href":"https:\/\/orthopara.store\/index.php?rest_route=%2Fwp%2Fv2%2Fpwb-brand&post=1633"},{"taxonomy":"product_cat","embeddable":true,"href":"https:\/\/orthopara.store\/index.php?rest_route=%2Fwp%2Fv2%2Fproduct_cat&post=1633"},{"taxonomy":"product_tag","embeddable":true,"href":"https:\/\/orthopara.store\/index.php?rest_route=%2Fwp%2Fv2%2Fproduct_tag&post=1633"}],"curies":[{"name":"wp","href":"https:\/\/api.w.org\/{rel}","templated":true}]}}