{"id":1659,"date":"2024-06-28T15:54:37","date_gmt":"2024-06-28T13:54:37","guid":{"rendered":"https:\/\/orthopara.store\/?post_type=product&#038;p=1659"},"modified":"2024-06-28T15:54:40","modified_gmt":"2024-06-28T13:54:40","slug":"spray-assechant-reparateur-avene-cicalfate-100ml","status":"publish","type":"product","link":"https:\/\/orthopara.store\/?product=spray-assechant-reparateur-avene-cicalfate-100ml","title":{"rendered":"Spray ass\u00e9chant r\u00e9parateur &#8211; Av\u00e8ne Cicalfate+ &#8211; 100ml"},"content":{"rendered":"<p>Spray ass\u00e9chant r\u00e9parateur &#8211; Av\u00e8ne Cicalfate+ &#8211; 100ml<br \/>\nCicalfate+ Spray ass\u00e9chant r\u00e9parateur contribue, gr\u00e2ce \u00e0 une combinaison d\u2019actifs ass\u00e9chants, r\u00e9parateurs, apaisants et antibact\u00e9riens, \u00e0 un ass\u00e8chement et \u00e0 une r\u00e9g\u00e9n\u00e9ration rapide des peaux irrit\u00e9es et zones humides sujettes \u00e0 mac\u00e9ration : plis de la peau du nourrisson, plis sous-mammaires, espaces entre les orteils, \u00e9ruptions cutan\u00e9es infantiles*. Appliqu\u00e9 deux fois par jour, il contribue \u00e0 un apaisement imm\u00e9diat et \u00e0 leur r\u00e9paration** d\u00e8s 48 h.<br \/>\n*Ne se substitue pas \u00e0 un antiseptique.<br \/>\n**Favorise la r\u00e9paration \u00e9pidermique.<br \/>\nAvantages d&rsquo;utilisations :\u00a0<br \/>\nCe spray issu de l\u2019innovation Eau Thermale Av\u00e8ne permet d\u2019atteindre toutes les zones cutan\u00e9es irrit\u00e9es sujettes \u00e0 mac\u00e9ration. Sa formule compl\u00e8te, unique, au [C\u207a-Restore]\u2122, premier actif r\u00e9parateur postbiotique issu de l\u2019Eau thermale d\u2019Av\u00e8ne, ass\u00e8che, r\u00e9pare et apaise en un geste.<br \/>\n\u2022 Ass\u00e9chant : Les poudres absorbantes ass\u00e8chent les irritations sujettes \u00e0 mac\u00e9ration sur le visage, le corps, le si\u00e8ge.<br \/>\n\u2022 R\u00e9parateur : [C\u207a-Restore]\u2122, premier actif r\u00e9parateur postbiotique issu de l\u2019Eau thermale d\u2019Av\u00e8ne, favorise la r\u00e9paration \u00e9pidermique.<br \/>\n\u2022 Assainissant : Les Sulfates de cuivre et de zinc limitent le risque de prolif\u00e9ration bact\u00e9rienne.<br \/>\nConseil d&rsquo;utilisation :\u00a0<br \/>\nFr\u00e9quence d\u2019utilisation : 2 fois par jour<br \/>\nMode d&rsquo;application :<br \/>\nEtape 1 : Nettoyer et assainir la zone irrit\u00e9e avant application. En cas de varicelle, nettoyer la peau et utiliser un produit antiseptique avant d\u2019ass\u00e9cher.<br \/>\nEtape 2 : Agiter le flacon avant emploi.<br \/>\nEtape 3 : Ass\u00e9cher les boutons.<br \/>\nAstuce de l&rsquo;expert : lorsque la zone irrit\u00e9e est ass\u00e9ch\u00e9e, prenez le relais avec une cr\u00e8me r\u00e9paratrice protectrice.<br \/>\nComposition :<br \/>\nAv\u00e8ne Thermal Spring Water (Avene Aqua). Zinc Oxide. Hydrogenated Starch Hydrolysate. Water (Aqua). 1,2-Hexanediol. Aquaphilus Dolomiae Ferment Filtrate. Arginine. Caprylyl Glycol. Copper Sulfate. Hectorite. Sclerotium Gum. Tromethamine. Zinc Sulfate. Il est recommand\u00e9 au consommateur de v\u00e9rifier syst\u00e9matiquement la composition du produit avant son achat.<\/p>\n","protected":false},"excerpt":{"rendered":"<p>Av\u00e8ne Cicalfate+<br \/>\nSpray ass\u00e9chant r\u00e9parateur<br \/>\nAss\u00e8che et r\u00e9pare les zones irrit\u00e9es et humides. Assainit la peau et contribue \u00e0 limiter la prolif\u00e9ration bact\u00e9rienne. Ne se substitue pas \u00e0 un antiseptique.<br \/>\n1er actif r\u00e9parateur postbiotique.<\/p>\n<p>Type de peau : peau sensible &#8211; peau sujette \u00e0 mac\u00e9ration<br \/>\nId\u00e9al pour : famille &#8211; personnes sous traitement anti-canc\u00e9reux ou post traitement<br \/>\nContenance : 100ml<br \/>\nDLC : 10\/2025 (\u00e0 utilis\u00e9 dans une dur\u00e9e inf\u00e9rieure \u00e0 6 mois)\u00a0<\/p>\n","protected":false},"featured_media":1675,"comment_status":"open","ping_status":"closed","template":"","meta":[],"pwb-brand":[61],"product_cat":[194],"product_tag":[],"class_list":{"0":"post-1659","1":"product","2":"type-product","3":"status-publish","4":"has-post-thumbnail","6":"pwb-brand-avene","7":"product_cat-change-de-bebe","8":"post","9":"ws-product--style-1","11":"first","12":"instock","13":"shipping-taxable","14":"purchasable","15":"product-type-simple"},"yoast_head":"<!-- This site is optimized with the Yoast SEO plugin v23.0 - https:\/\/yoast.com\/wordpress\/plugins\/seo\/ -->\n<title>Spray ass\u00e9chant r\u00e9parateur - Av\u00e8ne Cicalfate+ - 100ml - OrthoPara<\/title>\n<meta name=\"robots\" content=\"index, follow, max-snippet:-1, max-image-preview:large, max-video-preview:-1\" \/>\n<link rel=\"canonical\" href=\"https:\/\/orthopara.store\/index.php\/produit\/spray-assechant-reparateur-avene-cicalfate-100ml\/\" \/>\n<meta property=\"og:locale\" content=\"fr_FR\" \/>\n<meta property=\"og:type\" content=\"article\" \/>\n<meta property=\"og:title\" content=\"Spray ass\u00e9chant r\u00e9parateur - Av\u00e8ne Cicalfate+ - 100ml - OrthoPara\" \/>\n<meta property=\"og:description\" content=\"Av\u00e8ne Cicalfate+ Spray ass\u00e9chant r\u00e9parateur Ass\u00e8che et r\u00e9pare les zones irrit\u00e9es et humides. Assainit la peau et contribue \u00e0 limiter la prolif\u00e9ration bact\u00e9rienne. Ne se substitue pas \u00e0 un antiseptique. 1er actif r\u00e9parateur postbiotique. Type de peau : peau sensible - peau sujette \u00e0 mac\u00e9ration Id\u00e9al pour : famille - personnes sous traitement anti-canc\u00e9reux ou post traitement Contenance : 100ml DLC : 10\/2025 (\u00e0 utilis\u00e9 dans une dur\u00e9e inf\u00e9rieure \u00e0 6 mois)\u00a0\" \/>\n<meta property=\"og:url\" content=\"https:\/\/orthopara.store\/index.php\/produit\/spray-assechant-reparateur-avene-cicalfate-100ml\/\" \/>\n<meta property=\"og:site_name\" content=\"OrthoPara\" \/>\n<meta property=\"article:publisher\" content=\"https:\/\/www.facebook.com\/profile.php?id=61561194315651\" \/>\n<meta property=\"article:modified_time\" content=\"2024-06-28T13:54:40+00:00\" \/>\n<meta property=\"og:image\" content=\"https:\/\/orthopara.store\/wp-content\/uploads\/2024\/06\/spray-assechant-reparateur-avene-cicalfate-100ml.jpg\" \/>\n\t<meta property=\"og:image:width\" content=\"800\" \/>\n\t<meta property=\"og:image:height\" content=\"800\" \/>\n\t<meta property=\"og:image:type\" content=\"image\/jpeg\" \/>\n<meta name=\"twitter:card\" content=\"summary_large_image\" \/>\n<meta name=\"twitter:label1\" content=\"Dur\u00e9e de lecture estim\u00e9e\" \/>\n\t<meta name=\"twitter:data1\" content=\"2 minutes\" \/>\n<script type=\"application\/ld+json\" class=\"yoast-schema-graph\">{\"@context\":\"https:\/\/schema.org\",\"@graph\":[{\"@type\":\"WebPage\",\"@id\":\"https:\/\/orthopara.store\/index.php\/produit\/spray-assechant-reparateur-avene-cicalfate-100ml\/\",\"url\":\"https:\/\/orthopara.store\/index.php\/produit\/spray-assechant-reparateur-avene-cicalfate-100ml\/\",\"name\":\"Spray ass\u00e9chant r\u00e9parateur - Av\u00e8ne Cicalfate+ - 100ml - OrthoPara\",\"isPartOf\":{\"@id\":\"https:\/\/orthopara.store\/#website\"},\"primaryImageOfPage\":{\"@id\":\"https:\/\/orthopara.store\/index.php\/produit\/spray-assechant-reparateur-avene-cicalfate-100ml\/#primaryimage\"},\"image\":{\"@id\":\"https:\/\/orthopara.store\/index.php\/produit\/spray-assechant-reparateur-avene-cicalfate-100ml\/#primaryimage\"},\"thumbnailUrl\":\"https:\/\/orthopara.store\/wp-content\/uploads\/2024\/06\/spray-assechant-reparateur-avene-cicalfate-100ml.jpg\",\"datePublished\":\"2024-06-28T13:54:37+00:00\",\"dateModified\":\"2024-06-28T13:54:40+00:00\",\"breadcrumb\":{\"@id\":\"https:\/\/orthopara.store\/index.php\/produit\/spray-assechant-reparateur-avene-cicalfate-100ml\/#breadcrumb\"},\"inLanguage\":\"fr-FR\",\"potentialAction\":[{\"@type\":\"ReadAction\",\"target\":[\"https:\/\/orthopara.store\/index.php\/produit\/spray-assechant-reparateur-avene-cicalfate-100ml\/\"]}]},{\"@type\":\"ImageObject\",\"inLanguage\":\"fr-FR\",\"@id\":\"https:\/\/orthopara.store\/index.php\/produit\/spray-assechant-reparateur-avene-cicalfate-100ml\/#primaryimage\",\"url\":\"https:\/\/orthopara.store\/wp-content\/uploads\/2024\/06\/spray-assechant-reparateur-avene-cicalfate-100ml.jpg\",\"contentUrl\":\"https:\/\/orthopara.store\/wp-content\/uploads\/2024\/06\/spray-assechant-reparateur-avene-cicalfate-100ml.jpg\",\"width\":800,\"height\":800},{\"@type\":\"BreadcrumbList\",\"@id\":\"https:\/\/orthopara.store\/index.php\/produit\/spray-assechant-reparateur-avene-cicalfate-100ml\/#breadcrumb\",\"itemListElement\":[{\"@type\":\"ListItem\",\"position\":1,\"name\":\"Accueil\",\"item\":\"https:\/\/orthopara.store\/\"},{\"@type\":\"ListItem\",\"position\":2,\"name\":\"Shop\",\"item\":\"https:\/\/orthopara.store\/?page_id=622\"},{\"@type\":\"ListItem\",\"position\":3,\"name\":\"Spray ass\u00e9chant r\u00e9parateur &#8211; Av\u00e8ne Cicalfate+ &#8211; 100ml\"}]},{\"@type\":\"WebSite\",\"@id\":\"https:\/\/orthopara.store\/#website\",\"url\":\"https:\/\/orthopara.store\/\",\"name\":\"OrthoPara\",\"description\":\"Parapharmacie\",\"publisher\":{\"@id\":\"https:\/\/orthopara.store\/#organization\"},\"potentialAction\":[{\"@type\":\"SearchAction\",\"target\":{\"@type\":\"EntryPoint\",\"urlTemplate\":\"https:\/\/orthopara.store\/?s={search_term_string}\"},\"query-input\":\"required name=search_term_string\"}],\"inLanguage\":\"fr-FR\"},{\"@type\":\"Organization\",\"@id\":\"https:\/\/orthopara.store\/#organization\",\"name\":\"OrthoPara\",\"url\":\"https:\/\/orthopara.store\/\",\"logo\":{\"@type\":\"ImageObject\",\"inLanguage\":\"fr-FR\",\"@id\":\"https:\/\/orthopara.store\/#\/schema\/logo\/image\/\",\"url\":\"https:\/\/orthopara.store\/wp-content\/uploads\/2024\/06\/cropped-9ABA8BAD-6256-4719-9315-15C66E64E882.png\",\"contentUrl\":\"https:\/\/orthopara.store\/wp-content\/uploads\/2024\/06\/cropped-9ABA8BAD-6256-4719-9315-15C66E64E882.png\",\"width\":240,\"height\":72,\"caption\":\"OrthoPara\"},\"image\":{\"@id\":\"https:\/\/orthopara.store\/#\/schema\/logo\/image\/\"},\"sameAs\":[\"https:\/\/www.facebook.com\/profile.php?id=61561194315651\",\"https:\/\/www.instagram.com\/orthopara_tunisie\/\"]}]}<\/script>\n<!-- \/ Yoast SEO plugin. -->","yoast_head_json":{"title":"Spray ass\u00e9chant r\u00e9parateur - Av\u00e8ne Cicalfate+ - 100ml - OrthoPara","robots":{"index":"index","follow":"follow","max-snippet":"max-snippet:-1","max-image-preview":"max-image-preview:large","max-video-preview":"max-video-preview:-1"},"canonical":"https:\/\/orthopara.store\/index.php\/produit\/spray-assechant-reparateur-avene-cicalfate-100ml\/","og_locale":"fr_FR","og_type":"article","og_title":"Spray ass\u00e9chant r\u00e9parateur - Av\u00e8ne Cicalfate+ - 100ml - OrthoPara","og_description":"Av\u00e8ne Cicalfate+ Spray ass\u00e9chant r\u00e9parateur Ass\u00e8che et r\u00e9pare les zones irrit\u00e9es et humides. Assainit la peau et contribue \u00e0 limiter la prolif\u00e9ration bact\u00e9rienne. Ne se substitue pas \u00e0 un antiseptique. 1er actif r\u00e9parateur postbiotique. Type de peau : peau sensible - peau sujette \u00e0 mac\u00e9ration Id\u00e9al pour : famille - personnes sous traitement anti-canc\u00e9reux ou post traitement Contenance : 100ml DLC : 10\/2025 (\u00e0 utilis\u00e9 dans une dur\u00e9e inf\u00e9rieure \u00e0 6 mois)\u00a0","og_url":"https:\/\/orthopara.store\/index.php\/produit\/spray-assechant-reparateur-avene-cicalfate-100ml\/","og_site_name":"OrthoPara","article_publisher":"https:\/\/www.facebook.com\/profile.php?id=61561194315651","article_modified_time":"2024-06-28T13:54:40+00:00","og_image":[{"width":800,"height":800,"url":"https:\/\/orthopara.store\/wp-content\/uploads\/2024\/06\/spray-assechant-reparateur-avene-cicalfate-100ml.jpg","type":"image\/jpeg"}],"twitter_card":"summary_large_image","twitter_misc":{"Dur\u00e9e de lecture estim\u00e9e":"2 minutes"},"schema":{"@context":"https:\/\/schema.org","@graph":[{"@type":"WebPage","@id":"https:\/\/orthopara.store\/index.php\/produit\/spray-assechant-reparateur-avene-cicalfate-100ml\/","url":"https:\/\/orthopara.store\/index.php\/produit\/spray-assechant-reparateur-avene-cicalfate-100ml\/","name":"Spray ass\u00e9chant r\u00e9parateur - Av\u00e8ne Cicalfate+ - 100ml - OrthoPara","isPartOf":{"@id":"https:\/\/orthopara.store\/#website"},"primaryImageOfPage":{"@id":"https:\/\/orthopara.store\/index.php\/produit\/spray-assechant-reparateur-avene-cicalfate-100ml\/#primaryimage"},"image":{"@id":"https:\/\/orthopara.store\/index.php\/produit\/spray-assechant-reparateur-avene-cicalfate-100ml\/#primaryimage"},"thumbnailUrl":"https:\/\/orthopara.store\/wp-content\/uploads\/2024\/06\/spray-assechant-reparateur-avene-cicalfate-100ml.jpg","datePublished":"2024-06-28T13:54:37+00:00","dateModified":"2024-06-28T13:54:40+00:00","breadcrumb":{"@id":"https:\/\/orthopara.store\/index.php\/produit\/spray-assechant-reparateur-avene-cicalfate-100ml\/#breadcrumb"},"inLanguage":"fr-FR","potentialAction":[{"@type":"ReadAction","target":["https:\/\/orthopara.store\/index.php\/produit\/spray-assechant-reparateur-avene-cicalfate-100ml\/"]}]},{"@type":"ImageObject","inLanguage":"fr-FR","@id":"https:\/\/orthopara.store\/index.php\/produit\/spray-assechant-reparateur-avene-cicalfate-100ml\/#primaryimage","url":"https:\/\/orthopara.store\/wp-content\/uploads\/2024\/06\/spray-assechant-reparateur-avene-cicalfate-100ml.jpg","contentUrl":"https:\/\/orthopara.store\/wp-content\/uploads\/2024\/06\/spray-assechant-reparateur-avene-cicalfate-100ml.jpg","width":800,"height":800},{"@type":"BreadcrumbList","@id":"https:\/\/orthopara.store\/index.php\/produit\/spray-assechant-reparateur-avene-cicalfate-100ml\/#breadcrumb","itemListElement":[{"@type":"ListItem","position":1,"name":"Accueil","item":"https:\/\/orthopara.store\/"},{"@type":"ListItem","position":2,"name":"Shop","item":"https:\/\/orthopara.store\/?page_id=622"},{"@type":"ListItem","position":3,"name":"Spray ass\u00e9chant r\u00e9parateur &#8211; Av\u00e8ne Cicalfate+ &#8211; 100ml"}]},{"@type":"WebSite","@id":"https:\/\/orthopara.store\/#website","url":"https:\/\/orthopara.store\/","name":"OrthoPara","description":"Parapharmacie","publisher":{"@id":"https:\/\/orthopara.store\/#organization"},"potentialAction":[{"@type":"SearchAction","target":{"@type":"EntryPoint","urlTemplate":"https:\/\/orthopara.store\/?s={search_term_string}"},"query-input":"required name=search_term_string"}],"inLanguage":"fr-FR"},{"@type":"Organization","@id":"https:\/\/orthopara.store\/#organization","name":"OrthoPara","url":"https:\/\/orthopara.store\/","logo":{"@type":"ImageObject","inLanguage":"fr-FR","@id":"https:\/\/orthopara.store\/#\/schema\/logo\/image\/","url":"https:\/\/orthopara.store\/wp-content\/uploads\/2024\/06\/cropped-9ABA8BAD-6256-4719-9315-15C66E64E882.png","contentUrl":"https:\/\/orthopara.store\/wp-content\/uploads\/2024\/06\/cropped-9ABA8BAD-6256-4719-9315-15C66E64E882.png","width":240,"height":72,"caption":"OrthoPara"},"image":{"@id":"https:\/\/orthopara.store\/#\/schema\/logo\/image\/"},"sameAs":["https:\/\/www.facebook.com\/profile.php?id=61561194315651","https:\/\/www.instagram.com\/orthopara_tunisie\/"]}]}},"jetpack_sharing_enabled":true,"brands":[{"id":61,"name":"Avene","slug":"avene"}],"_links":{"self":[{"href":"https:\/\/orthopara.store\/index.php?rest_route=\/wp\/v2\/product\/1659","targetHints":{"allow":["GET"]}}],"collection":[{"href":"https:\/\/orthopara.store\/index.php?rest_route=\/wp\/v2\/product"}],"about":[{"href":"https:\/\/orthopara.store\/index.php?rest_route=\/wp\/v2\/types\/product"}],"replies":[{"embeddable":true,"href":"https:\/\/orthopara.store\/index.php?rest_route=%2Fwp%2Fv2%2Fcomments&post=1659"}],"wp:featuredmedia":[{"embeddable":true,"href":"https:\/\/orthopara.store\/index.php?rest_route=\/wp\/v2\/media\/1675"}],"wp:attachment":[{"href":"https:\/\/orthopara.store\/index.php?rest_route=%2Fwp%2Fv2%2Fmedia&parent=1659"}],"wp:term":[{"taxonomy":"pwb-brand","embeddable":true,"href":"https:\/\/orthopara.store\/index.php?rest_route=%2Fwp%2Fv2%2Fpwb-brand&post=1659"},{"taxonomy":"product_cat","embeddable":true,"href":"https:\/\/orthopara.store\/index.php?rest_route=%2Fwp%2Fv2%2Fproduct_cat&post=1659"},{"taxonomy":"product_tag","embeddable":true,"href":"https:\/\/orthopara.store\/index.php?rest_route=%2Fwp%2Fv2%2Fproduct_tag&post=1659"}],"curies":[{"name":"wp","href":"https:\/\/api.w.org\/{rel}","templated":true}]}}