{"id":1660,"date":"2024-06-28T15:54:37","date_gmt":"2024-06-28T13:54:37","guid":{"rendered":"https:\/\/orthopara.store\/?post_type=product&#038;p=1660"},"modified":"2024-11-07T09:52:48","modified_gmt":"2024-11-07T08:52:48","slug":"chicco-creme-de-change-baby-moments-100ml","status":"publish","type":"product","link":"https:\/\/orthopara.store\/?product=chicco-creme-de-change-baby-moments-100ml","title":{"rendered":"Chicco &#8211; Cr\u00e8me de change Baby Moments &#8211; 100ml"},"content":{"rendered":"<p>Cr\u00e8me anti-\u00e9ryth\u00e8me fessier qui prot\u00e8ge, apaise, r\u00e9pare et hydrate la peau de b\u00e9b\u00e9. Nouvelle formule \u00e0 15% d&rsquo;oxyde de zinc, cette cr\u00e8me cr\u00e9e une couche protectrice respirante, prot\u00e9geant des irritations caus\u00e9es par les couches. La formule au panth\u00e9nol aide \u00e0 r\u00e9g\u00e9n\u00e9rer la peau de b\u00e9b\u00e9 et contient \u00e9galement 84% d&rsquo;ingr\u00e9dients d&rsquo;origine naturelle, id\u00e9aux pour un effet barri\u00e8re haute protection. Avec 50% de plastique et papier recyclable.<br \/>\nTest\u00e9 dermatologiquement sur la peau sensible de b\u00e9b\u00e9. Sans parfum.<br \/>\nL&rsquo;efficacit\u00e9 est garantie par les quatre actions :<br \/>\n1. Pr\u00e9venir l&rsquo;irritation et les rougeurs caus\u00e9es par des agents externes luttant contre l&rsquo;apparition d&rsquo;\u00e9ruptions cutan\u00e9es et d&rsquo;irritations<br \/>\n2. Prot\u00e8ge la peau et renforce les d\u00e9fenses naturelles en cr\u00e9ant une barri\u00e8re sur la peau, tout en la laissant respirer librement<br \/>\n3. Apaise la peau d\u00e8s la premi\u00e8re utilisation en restaurant l&rsquo;int\u00e9grit\u00e9 de la barri\u00e8re cutan\u00e9e<br \/>\n4. R\u00e9pare la peau en favorisant la r\u00e9g\u00e9n\u00e9ration naturelle du processus de barri\u00e8re cutan\u00e9e<br \/>\nTexture facile \u00e0 appliquer<br \/>\nCaract\u00e9ristiques :<br \/>\nApaise les irritations cutan\u00e9es<br \/>\nFormule sp\u00e9cialement con\u00e7ue pour b\u00e9b\u00e9<br \/>\nCr\u00e9e une barri\u00e8re protectrice respirante<br \/>\nIngr\u00e9dients apaisants comme l&rsquo;huile d&rsquo;olive et l&rsquo;oxyde de zinc<br \/>\nSoulagement instantan\u00e9 lors du changement de couche<br \/>\nProt\u00e8ge la peau d\u00e9licate de b\u00e9b\u00e9<br \/>\nEfficace contre les rougeurs et les irritations caus\u00e9es par la couche<br \/>\nDouceur et confort pour la peau de b\u00e9b\u00e9<br \/>\nMode d&#8217;emploi :<br \/>\nAppliquer une fine couche par l\u00e9ger massage sur la peau s\u00e8che et propre \u00e0 chaque changement de couche<br \/>\nContenance :<br \/>\n100ml\u00a0<\/p>\n","protected":false},"excerpt":{"rendered":"<p>Avec de l&rsquo;huile d&rsquo;olive et de l&rsquo;oxyde de zinc, la cr\u00e8me contre l&rsquo;\u00e9ryth\u00e8me fessier Chicco Baby Moments a \u00e9t\u00e9 d\u00e9velopp\u00e9e pour la peau d\u00e9licate des b\u00e9b\u00e9s, luttant contre l&rsquo;\u00e9ryth\u00e8me fessier caus\u00e9 par l&rsquo;utilisation de couches.<br \/>\nDLC : 12 mois apr\u00e8s ouverture du produit<\/p>\n","protected":false},"featured_media":1676,"comment_status":"open","ping_status":"closed","template":"","meta":[],"pwb-brand":[173],"product_cat":[194],"product_tag":[],"class_list":{"0":"post-1660","1":"product","2":"type-product","3":"status-publish","4":"has-post-thumbnail","6":"pwb-brand-chicco","7":"product_cat-change-de-bebe","8":"post","9":"ws-product--style-1","11":"first","12":"instock","13":"shipping-taxable","14":"purchasable","15":"product-type-simple"},"yoast_head":"<!-- This site is optimized with the Yoast SEO plugin v23.0 - https:\/\/yoast.com\/wordpress\/plugins\/seo\/ -->\n<title>Chicco - Cr\u00e8me de change Baby Moments - 100ml - OrthoPara<\/title>\n<meta name=\"robots\" content=\"index, follow, max-snippet:-1, max-image-preview:large, max-video-preview:-1\" \/>\n<link rel=\"canonical\" href=\"https:\/\/orthopara.store\/index.php\/produit\/chicco-creme-de-change-baby-moments-100ml\/\" \/>\n<meta property=\"og:locale\" content=\"fr_FR\" \/>\n<meta property=\"og:type\" content=\"article\" \/>\n<meta property=\"og:title\" content=\"Chicco - Cr\u00e8me de change Baby Moments - 100ml - OrthoPara\" \/>\n<meta property=\"og:description\" content=\"Avec de l&#039;huile d&#039;olive et de l&#039;oxyde de zinc, la cr\u00e8me contre l&#039;\u00e9ryth\u00e8me fessier Chicco Baby Moments a \u00e9t\u00e9 d\u00e9velopp\u00e9e pour la peau d\u00e9licate des b\u00e9b\u00e9s, luttant contre l&#039;\u00e9ryth\u00e8me fessier caus\u00e9 par l&#039;utilisation de couches. DLC : 12 mois apr\u00e8s ouverture du produit\" \/>\n<meta property=\"og:url\" content=\"https:\/\/orthopara.store\/index.php\/produit\/chicco-creme-de-change-baby-moments-100ml\/\" \/>\n<meta property=\"og:site_name\" content=\"OrthoPara\" \/>\n<meta property=\"article:publisher\" content=\"https:\/\/www.facebook.com\/profile.php?id=61561194315651\" \/>\n<meta property=\"article:modified_time\" content=\"2024-11-07T08:52:48+00:00\" \/>\n<meta property=\"og:image\" content=\"https:\/\/orthopara.store\/wp-content\/uploads\/2024\/06\/creme-de-change-chicco-baby-moments-100ml.jpg\" \/>\n\t<meta property=\"og:image:width\" content=\"800\" \/>\n\t<meta property=\"og:image:height\" content=\"800\" \/>\n\t<meta property=\"og:image:type\" content=\"image\/jpeg\" \/>\n<meta name=\"twitter:card\" content=\"summary_large_image\" \/>\n<meta name=\"twitter:label1\" content=\"Dur\u00e9e de lecture estim\u00e9e\" \/>\n\t<meta name=\"twitter:data1\" content=\"1 minute\" \/>\n<script type=\"application\/ld+json\" class=\"yoast-schema-graph\">{\"@context\":\"https:\/\/schema.org\",\"@graph\":[{\"@type\":\"WebPage\",\"@id\":\"https:\/\/orthopara.store\/index.php\/produit\/chicco-creme-de-change-baby-moments-100ml\/\",\"url\":\"https:\/\/orthopara.store\/index.php\/produit\/chicco-creme-de-change-baby-moments-100ml\/\",\"name\":\"Chicco - Cr\u00e8me de change Baby Moments - 100ml - OrthoPara\",\"isPartOf\":{\"@id\":\"https:\/\/orthopara.store\/#website\"},\"primaryImageOfPage\":{\"@id\":\"https:\/\/orthopara.store\/index.php\/produit\/chicco-creme-de-change-baby-moments-100ml\/#primaryimage\"},\"image\":{\"@id\":\"https:\/\/orthopara.store\/index.php\/produit\/chicco-creme-de-change-baby-moments-100ml\/#primaryimage\"},\"thumbnailUrl\":\"https:\/\/orthopara.store\/wp-content\/uploads\/2024\/06\/creme-de-change-chicco-baby-moments-100ml.jpg\",\"datePublished\":\"2024-06-28T13:54:37+00:00\",\"dateModified\":\"2024-11-07T08:52:48+00:00\",\"breadcrumb\":{\"@id\":\"https:\/\/orthopara.store\/index.php\/produit\/chicco-creme-de-change-baby-moments-100ml\/#breadcrumb\"},\"inLanguage\":\"fr-FR\",\"potentialAction\":[{\"@type\":\"ReadAction\",\"target\":[\"https:\/\/orthopara.store\/index.php\/produit\/chicco-creme-de-change-baby-moments-100ml\/\"]}]},{\"@type\":\"ImageObject\",\"inLanguage\":\"fr-FR\",\"@id\":\"https:\/\/orthopara.store\/index.php\/produit\/chicco-creme-de-change-baby-moments-100ml\/#primaryimage\",\"url\":\"https:\/\/orthopara.store\/wp-content\/uploads\/2024\/06\/creme-de-change-chicco-baby-moments-100ml.jpg\",\"contentUrl\":\"https:\/\/orthopara.store\/wp-content\/uploads\/2024\/06\/creme-de-change-chicco-baby-moments-100ml.jpg\",\"width\":800,\"height\":800},{\"@type\":\"BreadcrumbList\",\"@id\":\"https:\/\/orthopara.store\/index.php\/produit\/chicco-creme-de-change-baby-moments-100ml\/#breadcrumb\",\"itemListElement\":[{\"@type\":\"ListItem\",\"position\":1,\"name\":\"Accueil\",\"item\":\"https:\/\/orthopara.store\/\"},{\"@type\":\"ListItem\",\"position\":2,\"name\":\"Shop\",\"item\":\"https:\/\/orthopara.store\/?page_id=622\"},{\"@type\":\"ListItem\",\"position\":3,\"name\":\"Chicco &#8211; Cr\u00e8me de change Baby Moments &#8211; 100ml\"}]},{\"@type\":\"WebSite\",\"@id\":\"https:\/\/orthopara.store\/#website\",\"url\":\"https:\/\/orthopara.store\/\",\"name\":\"OrthoPara\",\"description\":\"Parapharmacie\",\"publisher\":{\"@id\":\"https:\/\/orthopara.store\/#organization\"},\"potentialAction\":[{\"@type\":\"SearchAction\",\"target\":{\"@type\":\"EntryPoint\",\"urlTemplate\":\"https:\/\/orthopara.store\/?s={search_term_string}\"},\"query-input\":\"required name=search_term_string\"}],\"inLanguage\":\"fr-FR\"},{\"@type\":\"Organization\",\"@id\":\"https:\/\/orthopara.store\/#organization\",\"name\":\"OrthoPara\",\"url\":\"https:\/\/orthopara.store\/\",\"logo\":{\"@type\":\"ImageObject\",\"inLanguage\":\"fr-FR\",\"@id\":\"https:\/\/orthopara.store\/#\/schema\/logo\/image\/\",\"url\":\"https:\/\/orthopara.store\/wp-content\/uploads\/2024\/06\/cropped-9ABA8BAD-6256-4719-9315-15C66E64E882.png\",\"contentUrl\":\"https:\/\/orthopara.store\/wp-content\/uploads\/2024\/06\/cropped-9ABA8BAD-6256-4719-9315-15C66E64E882.png\",\"width\":240,\"height\":72,\"caption\":\"OrthoPara\"},\"image\":{\"@id\":\"https:\/\/orthopara.store\/#\/schema\/logo\/image\/\"},\"sameAs\":[\"https:\/\/www.facebook.com\/profile.php?id=61561194315651\",\"https:\/\/www.instagram.com\/orthopara_tunisie\/\"]}]}<\/script>\n<!-- \/ Yoast SEO plugin. -->","yoast_head_json":{"title":"Chicco - Cr\u00e8me de change Baby Moments - 100ml - OrthoPara","robots":{"index":"index","follow":"follow","max-snippet":"max-snippet:-1","max-image-preview":"max-image-preview:large","max-video-preview":"max-video-preview:-1"},"canonical":"https:\/\/orthopara.store\/index.php\/produit\/chicco-creme-de-change-baby-moments-100ml\/","og_locale":"fr_FR","og_type":"article","og_title":"Chicco - Cr\u00e8me de change Baby Moments - 100ml - OrthoPara","og_description":"Avec de l'huile d'olive et de l'oxyde de zinc, la cr\u00e8me contre l'\u00e9ryth\u00e8me fessier Chicco Baby Moments a \u00e9t\u00e9 d\u00e9velopp\u00e9e pour la peau d\u00e9licate des b\u00e9b\u00e9s, luttant contre l'\u00e9ryth\u00e8me fessier caus\u00e9 par l'utilisation de couches. DLC : 12 mois apr\u00e8s ouverture du produit","og_url":"https:\/\/orthopara.store\/index.php\/produit\/chicco-creme-de-change-baby-moments-100ml\/","og_site_name":"OrthoPara","article_publisher":"https:\/\/www.facebook.com\/profile.php?id=61561194315651","article_modified_time":"2024-11-07T08:52:48+00:00","og_image":[{"width":800,"height":800,"url":"https:\/\/orthopara.store\/wp-content\/uploads\/2024\/06\/creme-de-change-chicco-baby-moments-100ml.jpg","type":"image\/jpeg"}],"twitter_card":"summary_large_image","twitter_misc":{"Dur\u00e9e de lecture estim\u00e9e":"1 minute"},"schema":{"@context":"https:\/\/schema.org","@graph":[{"@type":"WebPage","@id":"https:\/\/orthopara.store\/index.php\/produit\/chicco-creme-de-change-baby-moments-100ml\/","url":"https:\/\/orthopara.store\/index.php\/produit\/chicco-creme-de-change-baby-moments-100ml\/","name":"Chicco - Cr\u00e8me de change Baby Moments - 100ml - OrthoPara","isPartOf":{"@id":"https:\/\/orthopara.store\/#website"},"primaryImageOfPage":{"@id":"https:\/\/orthopara.store\/index.php\/produit\/chicco-creme-de-change-baby-moments-100ml\/#primaryimage"},"image":{"@id":"https:\/\/orthopara.store\/index.php\/produit\/chicco-creme-de-change-baby-moments-100ml\/#primaryimage"},"thumbnailUrl":"https:\/\/orthopara.store\/wp-content\/uploads\/2024\/06\/creme-de-change-chicco-baby-moments-100ml.jpg","datePublished":"2024-06-28T13:54:37+00:00","dateModified":"2024-11-07T08:52:48+00:00","breadcrumb":{"@id":"https:\/\/orthopara.store\/index.php\/produit\/chicco-creme-de-change-baby-moments-100ml\/#breadcrumb"},"inLanguage":"fr-FR","potentialAction":[{"@type":"ReadAction","target":["https:\/\/orthopara.store\/index.php\/produit\/chicco-creme-de-change-baby-moments-100ml\/"]}]},{"@type":"ImageObject","inLanguage":"fr-FR","@id":"https:\/\/orthopara.store\/index.php\/produit\/chicco-creme-de-change-baby-moments-100ml\/#primaryimage","url":"https:\/\/orthopara.store\/wp-content\/uploads\/2024\/06\/creme-de-change-chicco-baby-moments-100ml.jpg","contentUrl":"https:\/\/orthopara.store\/wp-content\/uploads\/2024\/06\/creme-de-change-chicco-baby-moments-100ml.jpg","width":800,"height":800},{"@type":"BreadcrumbList","@id":"https:\/\/orthopara.store\/index.php\/produit\/chicco-creme-de-change-baby-moments-100ml\/#breadcrumb","itemListElement":[{"@type":"ListItem","position":1,"name":"Accueil","item":"https:\/\/orthopara.store\/"},{"@type":"ListItem","position":2,"name":"Shop","item":"https:\/\/orthopara.store\/?page_id=622"},{"@type":"ListItem","position":3,"name":"Chicco &#8211; Cr\u00e8me de change Baby Moments &#8211; 100ml"}]},{"@type":"WebSite","@id":"https:\/\/orthopara.store\/#website","url":"https:\/\/orthopara.store\/","name":"OrthoPara","description":"Parapharmacie","publisher":{"@id":"https:\/\/orthopara.store\/#organization"},"potentialAction":[{"@type":"SearchAction","target":{"@type":"EntryPoint","urlTemplate":"https:\/\/orthopara.store\/?s={search_term_string}"},"query-input":"required name=search_term_string"}],"inLanguage":"fr-FR"},{"@type":"Organization","@id":"https:\/\/orthopara.store\/#organization","name":"OrthoPara","url":"https:\/\/orthopara.store\/","logo":{"@type":"ImageObject","inLanguage":"fr-FR","@id":"https:\/\/orthopara.store\/#\/schema\/logo\/image\/","url":"https:\/\/orthopara.store\/wp-content\/uploads\/2024\/06\/cropped-9ABA8BAD-6256-4719-9315-15C66E64E882.png","contentUrl":"https:\/\/orthopara.store\/wp-content\/uploads\/2024\/06\/cropped-9ABA8BAD-6256-4719-9315-15C66E64E882.png","width":240,"height":72,"caption":"OrthoPara"},"image":{"@id":"https:\/\/orthopara.store\/#\/schema\/logo\/image\/"},"sameAs":["https:\/\/www.facebook.com\/profile.php?id=61561194315651","https:\/\/www.instagram.com\/orthopara_tunisie\/"]}]}},"jetpack_sharing_enabled":true,"brands":[{"id":173,"name":"Chicco","slug":"chicco"}],"_links":{"self":[{"href":"https:\/\/orthopara.store\/index.php?rest_route=\/wp\/v2\/product\/1660","targetHints":{"allow":["GET"]}}],"collection":[{"href":"https:\/\/orthopara.store\/index.php?rest_route=\/wp\/v2\/product"}],"about":[{"href":"https:\/\/orthopara.store\/index.php?rest_route=\/wp\/v2\/types\/product"}],"replies":[{"embeddable":true,"href":"https:\/\/orthopara.store\/index.php?rest_route=%2Fwp%2Fv2%2Fcomments&post=1660"}],"wp:featuredmedia":[{"embeddable":true,"href":"https:\/\/orthopara.store\/index.php?rest_route=\/wp\/v2\/media\/1676"}],"wp:attachment":[{"href":"https:\/\/orthopara.store\/index.php?rest_route=%2Fwp%2Fv2%2Fmedia&parent=1660"}],"wp:term":[{"taxonomy":"pwb-brand","embeddable":true,"href":"https:\/\/orthopara.store\/index.php?rest_route=%2Fwp%2Fv2%2Fpwb-brand&post=1660"},{"taxonomy":"product_cat","embeddable":true,"href":"https:\/\/orthopara.store\/index.php?rest_route=%2Fwp%2Fv2%2Fproduct_cat&post=1660"},{"taxonomy":"product_tag","embeddable":true,"href":"https:\/\/orthopara.store\/index.php?rest_route=%2Fwp%2Fv2%2Fproduct_tag&post=1660"}],"curies":[{"name":"wp","href":"https:\/\/api.w.org\/{rel}","templated":true}]}}