{"id":1661,"date":"2024-06-28T15:54:38","date_gmt":"2024-06-28T13:54:38","guid":{"rendered":"https:\/\/orthopara.store\/?post_type=product&#038;p=1661"},"modified":"2024-06-28T15:54:41","modified_gmt":"2024-06-28T13:54:41","slug":"lingettes-bebe-a-lavocat-bio-mustela-60-pieces","status":"publish","type":"product","link":"https:\/\/orthopara.store\/?product=lingettes-bebe-a-lavocat-bio-mustela-60-pieces","title":{"rendered":"Lingettes b\u00e9b\u00e9 \u00e0 l&rsquo;avocat Bio &#8211; Mustela &#8211; 60 pi\u00e8ces"},"content":{"rendered":"<p>Lingettes b\u00e9b\u00e9 \u00e0 l&rsquo;avocat Bio &#8211; Mustela &#8211; 60 pi\u00e8ces\u00a0<br \/>\nBon pour la peau, bon pour la plan\u00e8te<br \/>\nCes lingettes sont le r\u00e9sultat de notre d\u00e9marche d&rsquo;am\u00e9lioration continue afin de mieux r\u00e9pondre aux attentes des parents.\u00a0 ces lingettes pr\u00e9f\u00e9r\u00e9es se parent d&rsquo;un nouveau tissu : Le Lyocell.\u00a0 Il est fabriqu\u00e9 \u00e0 partir de pulpe de bois qui provient de for\u00eats g\u00e9r\u00e9es durablement.\u00a0<br \/>\nEfficacit\u00e9 cliniquement prouv\u00e9e\u00a0\u00a0<br \/>\nNettoient les mains efficacement : 98% de satisfaction.<br \/>\nLaissent la peau douce : 97% de satisfaction.<br \/>\nLes lingettes nettoyantes Mustela mains, si\u00e8ge, visage et corps pour b\u00e9b\u00e9 et nourrisson sont id\u00e9ales pour la toilette de votre enfant. Les actifs d&rsquo;avocat et d&rsquo;Alo\u00e9 v\u00e9ra vont permettre d&rsquo;apaiser et d&rsquo;adoucir la peau sensible de b\u00e9b\u00e9. Hypoallerg\u00e9niques et test\u00e9es cliniquement, elles nettoieront votre b\u00e9b\u00e9 tout en douceur.<br \/>\nSortez une\u00a0lingette nettoyante Mustela,\u00a0nettoyez\u00a0votre enfant d\u00e9licatement. Elles s&rsquo;utilisent d\u00e8s la\u00a0naissance. N&rsquo;oubliez pas de bien refermer le paquet afin d&rsquo;\u00e9viter qu&rsquo;elles ne s\u00e8chent.<\/p>\n","protected":false},"excerpt":{"rendered":"<p>Mustela<br \/>\nLingettes b\u00e9b\u00e9 \u00e0 l&rsquo;avocat Bio<br \/>\nLes lingettes b\u00e9b\u00e9, faites \u00e0 partir de fibres d\u2019origine v\u00e9g\u00e9tale (0% plastique) nettoient efficacement visage, mains et si\u00e8ge, d\u00e8s la naissance. Compos\u00e9es \u00e0 97% d&rsquo;ingr\u00e9dients d&rsquo;origine naturelle. R\u00e9sistantes et au toucher doux, elles sont parfaites pour une utilisation nomade. Avec l&rsquo;odeur unique de b\u00e9b\u00e9 Mustela.<\/p>\n<p>Contenance : 60 pi\u00e8ces\u00a0<br \/>\nDLC : 06\/2024<\/p>\n","protected":false},"featured_media":1677,"comment_status":"open","ping_status":"closed","template":"","meta":[],"pwb-brand":[185],"product_cat":[194],"product_tag":[],"class_list":{"0":"post-1661","1":"product","2":"type-product","3":"status-publish","4":"has-post-thumbnail","6":"pwb-brand-mustela","7":"product_cat-change-de-bebe","8":"post","9":"ws-product--style-1","11":"first","12":"instock","13":"shipping-taxable","14":"purchasable","15":"product-type-simple"},"yoast_head":"<!-- This site is optimized with the Yoast SEO plugin v23.0 - https:\/\/yoast.com\/wordpress\/plugins\/seo\/ -->\n<title>Lingettes b\u00e9b\u00e9 \u00e0 l&#039;avocat Bio - Mustela - 60 pi\u00e8ces - OrthoPara<\/title>\n<meta name=\"robots\" content=\"index, follow, max-snippet:-1, max-image-preview:large, max-video-preview:-1\" \/>\n<link rel=\"canonical\" href=\"https:\/\/orthopara.store\/index.php\/produit\/lingettes-bebe-a-lavocat-bio-mustela-60-pieces\/\" \/>\n<meta property=\"og:locale\" content=\"fr_FR\" \/>\n<meta property=\"og:type\" content=\"article\" \/>\n<meta property=\"og:title\" content=\"Lingettes b\u00e9b\u00e9 \u00e0 l&#039;avocat Bio - Mustela - 60 pi\u00e8ces - OrthoPara\" \/>\n<meta property=\"og:description\" content=\"Mustela Lingettes b\u00e9b\u00e9 \u00e0 l&#039;avocat Bio Les lingettes b\u00e9b\u00e9, faites \u00e0 partir de fibres d\u2019origine v\u00e9g\u00e9tale (0% plastique) nettoient efficacement visage, mains et si\u00e8ge, d\u00e8s la naissance. Compos\u00e9es \u00e0 97% d&#039;ingr\u00e9dients d&#039;origine naturelle. R\u00e9sistantes et au toucher doux, elles sont parfaites pour une utilisation nomade. Avec l&#039;odeur unique de b\u00e9b\u00e9 Mustela. Contenance : 60 pi\u00e8ces\u00a0 DLC : 06\/2024\" \/>\n<meta property=\"og:url\" content=\"https:\/\/orthopara.store\/index.php\/produit\/lingettes-bebe-a-lavocat-bio-mustela-60-pieces\/\" \/>\n<meta property=\"og:site_name\" content=\"OrthoPara\" \/>\n<meta property=\"article:publisher\" content=\"https:\/\/www.facebook.com\/profile.php?id=61561194315651\" \/>\n<meta property=\"article:modified_time\" content=\"2024-06-28T13:54:41+00:00\" \/>\n<meta property=\"og:image\" content=\"https:\/\/orthopara.store\/wp-content\/uploads\/2024\/06\/lingettes-bebe-a-l-avocat-bio-mustela-60-pieces-.jpg\" \/>\n\t<meta property=\"og:image:width\" content=\"800\" \/>\n\t<meta property=\"og:image:height\" content=\"800\" \/>\n\t<meta property=\"og:image:type\" content=\"image\/jpeg\" \/>\n<meta name=\"twitter:card\" content=\"summary_large_image\" \/>\n<meta name=\"twitter:label1\" content=\"Dur\u00e9e de lecture estim\u00e9e\" \/>\n\t<meta name=\"twitter:data1\" content=\"1 minute\" \/>\n<script type=\"application\/ld+json\" class=\"yoast-schema-graph\">{\"@context\":\"https:\/\/schema.org\",\"@graph\":[{\"@type\":\"WebPage\",\"@id\":\"https:\/\/orthopara.store\/index.php\/produit\/lingettes-bebe-a-lavocat-bio-mustela-60-pieces\/\",\"url\":\"https:\/\/orthopara.store\/index.php\/produit\/lingettes-bebe-a-lavocat-bio-mustela-60-pieces\/\",\"name\":\"Lingettes b\u00e9b\u00e9 \u00e0 l'avocat Bio - Mustela - 60 pi\u00e8ces - OrthoPara\",\"isPartOf\":{\"@id\":\"https:\/\/orthopara.store\/#website\"},\"primaryImageOfPage\":{\"@id\":\"https:\/\/orthopara.store\/index.php\/produit\/lingettes-bebe-a-lavocat-bio-mustela-60-pieces\/#primaryimage\"},\"image\":{\"@id\":\"https:\/\/orthopara.store\/index.php\/produit\/lingettes-bebe-a-lavocat-bio-mustela-60-pieces\/#primaryimage\"},\"thumbnailUrl\":\"https:\/\/orthopara.store\/wp-content\/uploads\/2024\/06\/lingettes-bebe-a-l-avocat-bio-mustela-60-pieces-.jpg\",\"datePublished\":\"2024-06-28T13:54:38+00:00\",\"dateModified\":\"2024-06-28T13:54:41+00:00\",\"breadcrumb\":{\"@id\":\"https:\/\/orthopara.store\/index.php\/produit\/lingettes-bebe-a-lavocat-bio-mustela-60-pieces\/#breadcrumb\"},\"inLanguage\":\"fr-FR\",\"potentialAction\":[{\"@type\":\"ReadAction\",\"target\":[\"https:\/\/orthopara.store\/index.php\/produit\/lingettes-bebe-a-lavocat-bio-mustela-60-pieces\/\"]}]},{\"@type\":\"ImageObject\",\"inLanguage\":\"fr-FR\",\"@id\":\"https:\/\/orthopara.store\/index.php\/produit\/lingettes-bebe-a-lavocat-bio-mustela-60-pieces\/#primaryimage\",\"url\":\"https:\/\/orthopara.store\/wp-content\/uploads\/2024\/06\/lingettes-bebe-a-l-avocat-bio-mustela-60-pieces-.jpg\",\"contentUrl\":\"https:\/\/orthopara.store\/wp-content\/uploads\/2024\/06\/lingettes-bebe-a-l-avocat-bio-mustela-60-pieces-.jpg\",\"width\":800,\"height\":800},{\"@type\":\"BreadcrumbList\",\"@id\":\"https:\/\/orthopara.store\/index.php\/produit\/lingettes-bebe-a-lavocat-bio-mustela-60-pieces\/#breadcrumb\",\"itemListElement\":[{\"@type\":\"ListItem\",\"position\":1,\"name\":\"Accueil\",\"item\":\"https:\/\/orthopara.store\/\"},{\"@type\":\"ListItem\",\"position\":2,\"name\":\"Shop\",\"item\":\"https:\/\/orthopara.store\/?page_id=622\"},{\"@type\":\"ListItem\",\"position\":3,\"name\":\"Lingettes b\u00e9b\u00e9 \u00e0 l&rsquo;avocat Bio &#8211; Mustela &#8211; 60 pi\u00e8ces\"}]},{\"@type\":\"WebSite\",\"@id\":\"https:\/\/orthopara.store\/#website\",\"url\":\"https:\/\/orthopara.store\/\",\"name\":\"OrthoPara\",\"description\":\"Parapharmacie\",\"publisher\":{\"@id\":\"https:\/\/orthopara.store\/#organization\"},\"potentialAction\":[{\"@type\":\"SearchAction\",\"target\":{\"@type\":\"EntryPoint\",\"urlTemplate\":\"https:\/\/orthopara.store\/?s={search_term_string}\"},\"query-input\":\"required name=search_term_string\"}],\"inLanguage\":\"fr-FR\"},{\"@type\":\"Organization\",\"@id\":\"https:\/\/orthopara.store\/#organization\",\"name\":\"OrthoPara\",\"url\":\"https:\/\/orthopara.store\/\",\"logo\":{\"@type\":\"ImageObject\",\"inLanguage\":\"fr-FR\",\"@id\":\"https:\/\/orthopara.store\/#\/schema\/logo\/image\/\",\"url\":\"https:\/\/orthopara.store\/wp-content\/uploads\/2024\/06\/cropped-9ABA8BAD-6256-4719-9315-15C66E64E882.png\",\"contentUrl\":\"https:\/\/orthopara.store\/wp-content\/uploads\/2024\/06\/cropped-9ABA8BAD-6256-4719-9315-15C66E64E882.png\",\"width\":240,\"height\":72,\"caption\":\"OrthoPara\"},\"image\":{\"@id\":\"https:\/\/orthopara.store\/#\/schema\/logo\/image\/\"},\"sameAs\":[\"https:\/\/www.facebook.com\/profile.php?id=61561194315651\",\"https:\/\/www.instagram.com\/orthopara_tunisie\/\"]}]}<\/script>\n<!-- \/ Yoast SEO plugin. -->","yoast_head_json":{"title":"Lingettes b\u00e9b\u00e9 \u00e0 l'avocat Bio - Mustela - 60 pi\u00e8ces - OrthoPara","robots":{"index":"index","follow":"follow","max-snippet":"max-snippet:-1","max-image-preview":"max-image-preview:large","max-video-preview":"max-video-preview:-1"},"canonical":"https:\/\/orthopara.store\/index.php\/produit\/lingettes-bebe-a-lavocat-bio-mustela-60-pieces\/","og_locale":"fr_FR","og_type":"article","og_title":"Lingettes b\u00e9b\u00e9 \u00e0 l'avocat Bio - Mustela - 60 pi\u00e8ces - OrthoPara","og_description":"Mustela Lingettes b\u00e9b\u00e9 \u00e0 l'avocat Bio Les lingettes b\u00e9b\u00e9, faites \u00e0 partir de fibres d\u2019origine v\u00e9g\u00e9tale (0% plastique) nettoient efficacement visage, mains et si\u00e8ge, d\u00e8s la naissance. Compos\u00e9es \u00e0 97% d'ingr\u00e9dients d'origine naturelle. R\u00e9sistantes et au toucher doux, elles sont parfaites pour une utilisation nomade. Avec l'odeur unique de b\u00e9b\u00e9 Mustela. Contenance : 60 pi\u00e8ces\u00a0 DLC : 06\/2024","og_url":"https:\/\/orthopara.store\/index.php\/produit\/lingettes-bebe-a-lavocat-bio-mustela-60-pieces\/","og_site_name":"OrthoPara","article_publisher":"https:\/\/www.facebook.com\/profile.php?id=61561194315651","article_modified_time":"2024-06-28T13:54:41+00:00","og_image":[{"width":800,"height":800,"url":"https:\/\/orthopara.store\/wp-content\/uploads\/2024\/06\/lingettes-bebe-a-l-avocat-bio-mustela-60-pieces-.jpg","type":"image\/jpeg"}],"twitter_card":"summary_large_image","twitter_misc":{"Dur\u00e9e de lecture estim\u00e9e":"1 minute"},"schema":{"@context":"https:\/\/schema.org","@graph":[{"@type":"WebPage","@id":"https:\/\/orthopara.store\/index.php\/produit\/lingettes-bebe-a-lavocat-bio-mustela-60-pieces\/","url":"https:\/\/orthopara.store\/index.php\/produit\/lingettes-bebe-a-lavocat-bio-mustela-60-pieces\/","name":"Lingettes b\u00e9b\u00e9 \u00e0 l'avocat Bio - Mustela - 60 pi\u00e8ces - OrthoPara","isPartOf":{"@id":"https:\/\/orthopara.store\/#website"},"primaryImageOfPage":{"@id":"https:\/\/orthopara.store\/index.php\/produit\/lingettes-bebe-a-lavocat-bio-mustela-60-pieces\/#primaryimage"},"image":{"@id":"https:\/\/orthopara.store\/index.php\/produit\/lingettes-bebe-a-lavocat-bio-mustela-60-pieces\/#primaryimage"},"thumbnailUrl":"https:\/\/orthopara.store\/wp-content\/uploads\/2024\/06\/lingettes-bebe-a-l-avocat-bio-mustela-60-pieces-.jpg","datePublished":"2024-06-28T13:54:38+00:00","dateModified":"2024-06-28T13:54:41+00:00","breadcrumb":{"@id":"https:\/\/orthopara.store\/index.php\/produit\/lingettes-bebe-a-lavocat-bio-mustela-60-pieces\/#breadcrumb"},"inLanguage":"fr-FR","potentialAction":[{"@type":"ReadAction","target":["https:\/\/orthopara.store\/index.php\/produit\/lingettes-bebe-a-lavocat-bio-mustela-60-pieces\/"]}]},{"@type":"ImageObject","inLanguage":"fr-FR","@id":"https:\/\/orthopara.store\/index.php\/produit\/lingettes-bebe-a-lavocat-bio-mustela-60-pieces\/#primaryimage","url":"https:\/\/orthopara.store\/wp-content\/uploads\/2024\/06\/lingettes-bebe-a-l-avocat-bio-mustela-60-pieces-.jpg","contentUrl":"https:\/\/orthopara.store\/wp-content\/uploads\/2024\/06\/lingettes-bebe-a-l-avocat-bio-mustela-60-pieces-.jpg","width":800,"height":800},{"@type":"BreadcrumbList","@id":"https:\/\/orthopara.store\/index.php\/produit\/lingettes-bebe-a-lavocat-bio-mustela-60-pieces\/#breadcrumb","itemListElement":[{"@type":"ListItem","position":1,"name":"Accueil","item":"https:\/\/orthopara.store\/"},{"@type":"ListItem","position":2,"name":"Shop","item":"https:\/\/orthopara.store\/?page_id=622"},{"@type":"ListItem","position":3,"name":"Lingettes b\u00e9b\u00e9 \u00e0 l&rsquo;avocat Bio &#8211; Mustela &#8211; 60 pi\u00e8ces"}]},{"@type":"WebSite","@id":"https:\/\/orthopara.store\/#website","url":"https:\/\/orthopara.store\/","name":"OrthoPara","description":"Parapharmacie","publisher":{"@id":"https:\/\/orthopara.store\/#organization"},"potentialAction":[{"@type":"SearchAction","target":{"@type":"EntryPoint","urlTemplate":"https:\/\/orthopara.store\/?s={search_term_string}"},"query-input":"required name=search_term_string"}],"inLanguage":"fr-FR"},{"@type":"Organization","@id":"https:\/\/orthopara.store\/#organization","name":"OrthoPara","url":"https:\/\/orthopara.store\/","logo":{"@type":"ImageObject","inLanguage":"fr-FR","@id":"https:\/\/orthopara.store\/#\/schema\/logo\/image\/","url":"https:\/\/orthopara.store\/wp-content\/uploads\/2024\/06\/cropped-9ABA8BAD-6256-4719-9315-15C66E64E882.png","contentUrl":"https:\/\/orthopara.store\/wp-content\/uploads\/2024\/06\/cropped-9ABA8BAD-6256-4719-9315-15C66E64E882.png","width":240,"height":72,"caption":"OrthoPara"},"image":{"@id":"https:\/\/orthopara.store\/#\/schema\/logo\/image\/"},"sameAs":["https:\/\/www.facebook.com\/profile.php?id=61561194315651","https:\/\/www.instagram.com\/orthopara_tunisie\/"]}]}},"jetpack_sharing_enabled":true,"brands":[{"id":185,"name":"Mustela","slug":"mustela"}],"_links":{"self":[{"href":"https:\/\/orthopara.store\/index.php?rest_route=\/wp\/v2\/product\/1661","targetHints":{"allow":["GET"]}}],"collection":[{"href":"https:\/\/orthopara.store\/index.php?rest_route=\/wp\/v2\/product"}],"about":[{"href":"https:\/\/orthopara.store\/index.php?rest_route=\/wp\/v2\/types\/product"}],"replies":[{"embeddable":true,"href":"https:\/\/orthopara.store\/index.php?rest_route=%2Fwp%2Fv2%2Fcomments&post=1661"}],"wp:featuredmedia":[{"embeddable":true,"href":"https:\/\/orthopara.store\/index.php?rest_route=\/wp\/v2\/media\/1677"}],"wp:attachment":[{"href":"https:\/\/orthopara.store\/index.php?rest_route=%2Fwp%2Fv2%2Fmedia&parent=1661"}],"wp:term":[{"taxonomy":"pwb-brand","embeddable":true,"href":"https:\/\/orthopara.store\/index.php?rest_route=%2Fwp%2Fv2%2Fpwb-brand&post=1661"},{"taxonomy":"product_cat","embeddable":true,"href":"https:\/\/orthopara.store\/index.php?rest_route=%2Fwp%2Fv2%2Fproduct_cat&post=1661"},{"taxonomy":"product_tag","embeddable":true,"href":"https:\/\/orthopara.store\/index.php?rest_route=%2Fwp%2Fv2%2Fproduct_tag&post=1661"}],"curies":[{"name":"wp","href":"https:\/\/api.w.org\/{rel}","templated":true}]}}