{"id":1662,"date":"2024-06-28T15:54:38","date_gmt":"2024-06-28T13:54:38","guid":{"rendered":"https:\/\/orthopara.store\/?post_type=product&#038;p=1662"},"modified":"2024-11-07T09:55:37","modified_gmt":"2024-11-07T08:55:37","slug":"chicco-natural-sensations-talc-liquide-100ml","status":"publish","type":"product","link":"https:\/\/orthopara.store\/?product=chicco-natural-sensations-talc-liquide-100ml","title":{"rendered":"Chicco Natural Sensations &#8211; Talc liquide &#8211; 100ml"},"content":{"rendered":"<p>Cr\u00e8me pour le couche : Cette cr\u00e8me balsamique de Natural Sensation a \u00e9t\u00e9 con\u00e7ue pour prot\u00e9ger les zones tr\u00e8s sensibles de la peau (zone du si\u00e8ge, plis cutan\u00e9s, aisselles), tout en pr\u00e9servant l&rsquo;\u00e9quilibre hydrolipidique de la peau de b\u00e9b\u00e9.<br \/>\nFormule 4 en 1 : Pr\u00e9vient, prot\u00e8ge, apaise et r\u00e9pare la peau de b\u00e9b\u00e9 au niveau de la zone intime, cr\u00e9ant un effet barri\u00e8re qui laisse la peau libre de respirer.<br \/>\nAction apaisante : Gr\u00e2ce \u00e0 10% d&rsquo;oxyde de zinc.<br \/>\nEnrichi avec : Beurre de karit\u00e9 pour un effet barri\u00e8re cutan\u00e9e et une action r\u00e9g\u00e9n\u00e9rante ; Panth\u00e9nol (Pro-Vitamine B5) pour une action hydratante, \u00e9molliente et apaisante ; Vitamine E pour une action calmante et protectrice.<br \/>\nAide \u00e0 Am\u00e9liorer les d\u00e9fenses Cutan\u00e9s : R\u00e9pare la peau en renfor\u00e7ant les d\u00e9fenses naturelles et en favorisant le processus de r\u00e9g\u00e9n\u00e9ration de la barri\u00e8re cutan\u00e9e naturelle.<br \/>\nProduit test\u00e9 efficace \u00e0 97% : Efficacit\u00e9 confirm\u00e9e par les mamans : 97% des mamans qui l&rsquo;ont essay\u00e9 sont satisfaites.<br \/>\nSans parfum : Id\u00e9al pour les peaux sensibles de la zone intime.<br \/>\nMode d&#8217;emploi :<br \/>\nAppliquer sur une peau s\u00e8che et propre en massant doucement. Id\u00e9al pour un usage quotidien.<br \/>\nContenance :<br \/>\n100ml\u00a0<\/p>\n","protected":false},"excerpt":{"rendered":"<p>Le Talc Liquide Natural Sensations aide \u00e0 prot\u00e9ger la peau de votre b\u00e9b\u00e9 des zones particuli\u00e8rement sensibles (cuir chevelu, plis cutan\u00e9s, aisselles). Gr\u00e2ce \u00e0 une forte concentration de poudres sp\u00e9cifiques, le talc exerce une action absorbante d\u00e9licate. Le compos\u00e9 fluide et cr\u00e9meux r\u00e9duit le risque d&rsquo;inhalation, laissant la peau douce, fra\u00eeche et soyeuse. Lors de l&rsquo;application, la texture procure une sensation agr\u00e9able et ne dess\u00e8che pas la peau de vos petits.<br \/>\nDLC 12 mois apr\u00e8s l&rsquo;ouverture<\/p>\n","protected":false},"featured_media":1678,"comment_status":"open","ping_status":"closed","template":"","meta":[],"pwb-brand":[173],"product_cat":[194],"product_tag":[],"class_list":{"0":"post-1662","1":"product","2":"type-product","3":"status-publish","4":"has-post-thumbnail","6":"pwb-brand-chicco","7":"product_cat-change-de-bebe","8":"post","9":"ws-product--style-1","11":"first","12":"instock","13":"shipping-taxable","14":"purchasable","15":"product-type-simple"},"yoast_head":"<!-- This site is optimized with the Yoast SEO plugin v23.0 - https:\/\/yoast.com\/wordpress\/plugins\/seo\/ -->\n<title>Chicco Natural Sensations - Talc liquide - 100ml - OrthoPara<\/title>\n<meta name=\"robots\" content=\"index, follow, max-snippet:-1, max-image-preview:large, max-video-preview:-1\" \/>\n<link rel=\"canonical\" href=\"https:\/\/orthopara.store\/index.php\/produit\/chicco-natural-sensations-talc-liquide-100ml\/\" \/>\n<meta property=\"og:locale\" content=\"fr_FR\" \/>\n<meta property=\"og:type\" content=\"article\" \/>\n<meta property=\"og:title\" content=\"Chicco Natural Sensations - Talc liquide - 100ml - OrthoPara\" \/>\n<meta property=\"og:description\" content=\"Le Talc Liquide Natural Sensations aide \u00e0 prot\u00e9ger la peau de votre b\u00e9b\u00e9 des zones particuli\u00e8rement sensibles (cuir chevelu, plis cutan\u00e9s, aisselles). Gr\u00e2ce \u00e0 une forte concentration de poudres sp\u00e9cifiques, le talc exerce une action absorbante d\u00e9licate. Le compos\u00e9 fluide et cr\u00e9meux r\u00e9duit le risque d&#039;inhalation, laissant la peau douce, fra\u00eeche et soyeuse. Lors de l&#039;application, la texture procure une sensation agr\u00e9able et ne dess\u00e8che pas la peau de vos petits. DLC 12 mois apr\u00e8s l&#039;ouverture\" \/>\n<meta property=\"og:url\" content=\"https:\/\/orthopara.store\/index.php\/produit\/chicco-natural-sensations-talc-liquide-100ml\/\" \/>\n<meta property=\"og:site_name\" content=\"OrthoPara\" \/>\n<meta property=\"article:publisher\" content=\"https:\/\/www.facebook.com\/profile.php?id=61561194315651\" \/>\n<meta property=\"article:modified_time\" content=\"2024-11-07T08:55:37+00:00\" \/>\n<meta property=\"og:image\" content=\"https:\/\/orthopara.store\/wp-content\/uploads\/2024\/06\/talc-liquide-chicco-natural-sensations-100ml.jpg\" \/>\n\t<meta property=\"og:image:width\" content=\"800\" \/>\n\t<meta property=\"og:image:height\" content=\"800\" \/>\n\t<meta property=\"og:image:type\" content=\"image\/jpeg\" \/>\n<meta name=\"twitter:card\" content=\"summary_large_image\" \/>\n<meta name=\"twitter:label1\" content=\"Dur\u00e9e de lecture estim\u00e9e\" \/>\n\t<meta name=\"twitter:data1\" content=\"1 minute\" \/>\n<script type=\"application\/ld+json\" class=\"yoast-schema-graph\">{\"@context\":\"https:\/\/schema.org\",\"@graph\":[{\"@type\":\"WebPage\",\"@id\":\"https:\/\/orthopara.store\/index.php\/produit\/chicco-natural-sensations-talc-liquide-100ml\/\",\"url\":\"https:\/\/orthopara.store\/index.php\/produit\/chicco-natural-sensations-talc-liquide-100ml\/\",\"name\":\"Chicco Natural Sensations - Talc liquide - 100ml - OrthoPara\",\"isPartOf\":{\"@id\":\"https:\/\/orthopara.store\/#website\"},\"primaryImageOfPage\":{\"@id\":\"https:\/\/orthopara.store\/index.php\/produit\/chicco-natural-sensations-talc-liquide-100ml\/#primaryimage\"},\"image\":{\"@id\":\"https:\/\/orthopara.store\/index.php\/produit\/chicco-natural-sensations-talc-liquide-100ml\/#primaryimage\"},\"thumbnailUrl\":\"https:\/\/orthopara.store\/wp-content\/uploads\/2024\/06\/talc-liquide-chicco-natural-sensations-100ml.jpg\",\"datePublished\":\"2024-06-28T13:54:38+00:00\",\"dateModified\":\"2024-11-07T08:55:37+00:00\",\"breadcrumb\":{\"@id\":\"https:\/\/orthopara.store\/index.php\/produit\/chicco-natural-sensations-talc-liquide-100ml\/#breadcrumb\"},\"inLanguage\":\"fr-FR\",\"potentialAction\":[{\"@type\":\"ReadAction\",\"target\":[\"https:\/\/orthopara.store\/index.php\/produit\/chicco-natural-sensations-talc-liquide-100ml\/\"]}]},{\"@type\":\"ImageObject\",\"inLanguage\":\"fr-FR\",\"@id\":\"https:\/\/orthopara.store\/index.php\/produit\/chicco-natural-sensations-talc-liquide-100ml\/#primaryimage\",\"url\":\"https:\/\/orthopara.store\/wp-content\/uploads\/2024\/06\/talc-liquide-chicco-natural-sensations-100ml.jpg\",\"contentUrl\":\"https:\/\/orthopara.store\/wp-content\/uploads\/2024\/06\/talc-liquide-chicco-natural-sensations-100ml.jpg\",\"width\":800,\"height\":800},{\"@type\":\"BreadcrumbList\",\"@id\":\"https:\/\/orthopara.store\/index.php\/produit\/chicco-natural-sensations-talc-liquide-100ml\/#breadcrumb\",\"itemListElement\":[{\"@type\":\"ListItem\",\"position\":1,\"name\":\"Accueil\",\"item\":\"https:\/\/orthopara.store\/\"},{\"@type\":\"ListItem\",\"position\":2,\"name\":\"Shop\",\"item\":\"https:\/\/orthopara.store\/?page_id=622\"},{\"@type\":\"ListItem\",\"position\":3,\"name\":\"Chicco Natural Sensations &#8211; Talc liquide &#8211; 100ml\"}]},{\"@type\":\"WebSite\",\"@id\":\"https:\/\/orthopara.store\/#website\",\"url\":\"https:\/\/orthopara.store\/\",\"name\":\"OrthoPara\",\"description\":\"Parapharmacie\",\"publisher\":{\"@id\":\"https:\/\/orthopara.store\/#organization\"},\"potentialAction\":[{\"@type\":\"SearchAction\",\"target\":{\"@type\":\"EntryPoint\",\"urlTemplate\":\"https:\/\/orthopara.store\/?s={search_term_string}\"},\"query-input\":\"required name=search_term_string\"}],\"inLanguage\":\"fr-FR\"},{\"@type\":\"Organization\",\"@id\":\"https:\/\/orthopara.store\/#organization\",\"name\":\"OrthoPara\",\"url\":\"https:\/\/orthopara.store\/\",\"logo\":{\"@type\":\"ImageObject\",\"inLanguage\":\"fr-FR\",\"@id\":\"https:\/\/orthopara.store\/#\/schema\/logo\/image\/\",\"url\":\"https:\/\/orthopara.store\/wp-content\/uploads\/2024\/06\/cropped-9ABA8BAD-6256-4719-9315-15C66E64E882.png\",\"contentUrl\":\"https:\/\/orthopara.store\/wp-content\/uploads\/2024\/06\/cropped-9ABA8BAD-6256-4719-9315-15C66E64E882.png\",\"width\":240,\"height\":72,\"caption\":\"OrthoPara\"},\"image\":{\"@id\":\"https:\/\/orthopara.store\/#\/schema\/logo\/image\/\"},\"sameAs\":[\"https:\/\/www.facebook.com\/profile.php?id=61561194315651\",\"https:\/\/www.instagram.com\/orthopara_tunisie\/\"]}]}<\/script>\n<!-- \/ Yoast SEO plugin. -->","yoast_head_json":{"title":"Chicco Natural Sensations - Talc liquide - 100ml - OrthoPara","robots":{"index":"index","follow":"follow","max-snippet":"max-snippet:-1","max-image-preview":"max-image-preview:large","max-video-preview":"max-video-preview:-1"},"canonical":"https:\/\/orthopara.store\/index.php\/produit\/chicco-natural-sensations-talc-liquide-100ml\/","og_locale":"fr_FR","og_type":"article","og_title":"Chicco Natural Sensations - Talc liquide - 100ml - OrthoPara","og_description":"Le Talc Liquide Natural Sensations aide \u00e0 prot\u00e9ger la peau de votre b\u00e9b\u00e9 des zones particuli\u00e8rement sensibles (cuir chevelu, plis cutan\u00e9s, aisselles). Gr\u00e2ce \u00e0 une forte concentration de poudres sp\u00e9cifiques, le talc exerce une action absorbante d\u00e9licate. Le compos\u00e9 fluide et cr\u00e9meux r\u00e9duit le risque d'inhalation, laissant la peau douce, fra\u00eeche et soyeuse. Lors de l'application, la texture procure une sensation agr\u00e9able et ne dess\u00e8che pas la peau de vos petits. DLC 12 mois apr\u00e8s l'ouverture","og_url":"https:\/\/orthopara.store\/index.php\/produit\/chicco-natural-sensations-talc-liquide-100ml\/","og_site_name":"OrthoPara","article_publisher":"https:\/\/www.facebook.com\/profile.php?id=61561194315651","article_modified_time":"2024-11-07T08:55:37+00:00","og_image":[{"width":800,"height":800,"url":"https:\/\/orthopara.store\/wp-content\/uploads\/2024\/06\/talc-liquide-chicco-natural-sensations-100ml.jpg","type":"image\/jpeg"}],"twitter_card":"summary_large_image","twitter_misc":{"Dur\u00e9e de lecture estim\u00e9e":"1 minute"},"schema":{"@context":"https:\/\/schema.org","@graph":[{"@type":"WebPage","@id":"https:\/\/orthopara.store\/index.php\/produit\/chicco-natural-sensations-talc-liquide-100ml\/","url":"https:\/\/orthopara.store\/index.php\/produit\/chicco-natural-sensations-talc-liquide-100ml\/","name":"Chicco Natural Sensations - Talc liquide - 100ml - OrthoPara","isPartOf":{"@id":"https:\/\/orthopara.store\/#website"},"primaryImageOfPage":{"@id":"https:\/\/orthopara.store\/index.php\/produit\/chicco-natural-sensations-talc-liquide-100ml\/#primaryimage"},"image":{"@id":"https:\/\/orthopara.store\/index.php\/produit\/chicco-natural-sensations-talc-liquide-100ml\/#primaryimage"},"thumbnailUrl":"https:\/\/orthopara.store\/wp-content\/uploads\/2024\/06\/talc-liquide-chicco-natural-sensations-100ml.jpg","datePublished":"2024-06-28T13:54:38+00:00","dateModified":"2024-11-07T08:55:37+00:00","breadcrumb":{"@id":"https:\/\/orthopara.store\/index.php\/produit\/chicco-natural-sensations-talc-liquide-100ml\/#breadcrumb"},"inLanguage":"fr-FR","potentialAction":[{"@type":"ReadAction","target":["https:\/\/orthopara.store\/index.php\/produit\/chicco-natural-sensations-talc-liquide-100ml\/"]}]},{"@type":"ImageObject","inLanguage":"fr-FR","@id":"https:\/\/orthopara.store\/index.php\/produit\/chicco-natural-sensations-talc-liquide-100ml\/#primaryimage","url":"https:\/\/orthopara.store\/wp-content\/uploads\/2024\/06\/talc-liquide-chicco-natural-sensations-100ml.jpg","contentUrl":"https:\/\/orthopara.store\/wp-content\/uploads\/2024\/06\/talc-liquide-chicco-natural-sensations-100ml.jpg","width":800,"height":800},{"@type":"BreadcrumbList","@id":"https:\/\/orthopara.store\/index.php\/produit\/chicco-natural-sensations-talc-liquide-100ml\/#breadcrumb","itemListElement":[{"@type":"ListItem","position":1,"name":"Accueil","item":"https:\/\/orthopara.store\/"},{"@type":"ListItem","position":2,"name":"Shop","item":"https:\/\/orthopara.store\/?page_id=622"},{"@type":"ListItem","position":3,"name":"Chicco Natural Sensations &#8211; Talc liquide &#8211; 100ml"}]},{"@type":"WebSite","@id":"https:\/\/orthopara.store\/#website","url":"https:\/\/orthopara.store\/","name":"OrthoPara","description":"Parapharmacie","publisher":{"@id":"https:\/\/orthopara.store\/#organization"},"potentialAction":[{"@type":"SearchAction","target":{"@type":"EntryPoint","urlTemplate":"https:\/\/orthopara.store\/?s={search_term_string}"},"query-input":"required name=search_term_string"}],"inLanguage":"fr-FR"},{"@type":"Organization","@id":"https:\/\/orthopara.store\/#organization","name":"OrthoPara","url":"https:\/\/orthopara.store\/","logo":{"@type":"ImageObject","inLanguage":"fr-FR","@id":"https:\/\/orthopara.store\/#\/schema\/logo\/image\/","url":"https:\/\/orthopara.store\/wp-content\/uploads\/2024\/06\/cropped-9ABA8BAD-6256-4719-9315-15C66E64E882.png","contentUrl":"https:\/\/orthopara.store\/wp-content\/uploads\/2024\/06\/cropped-9ABA8BAD-6256-4719-9315-15C66E64E882.png","width":240,"height":72,"caption":"OrthoPara"},"image":{"@id":"https:\/\/orthopara.store\/#\/schema\/logo\/image\/"},"sameAs":["https:\/\/www.facebook.com\/profile.php?id=61561194315651","https:\/\/www.instagram.com\/orthopara_tunisie\/"]}]}},"jetpack_sharing_enabled":true,"brands":[{"id":173,"name":"Chicco","slug":"chicco"}],"_links":{"self":[{"href":"https:\/\/orthopara.store\/index.php?rest_route=\/wp\/v2\/product\/1662","targetHints":{"allow":["GET"]}}],"collection":[{"href":"https:\/\/orthopara.store\/index.php?rest_route=\/wp\/v2\/product"}],"about":[{"href":"https:\/\/orthopara.store\/index.php?rest_route=\/wp\/v2\/types\/product"}],"replies":[{"embeddable":true,"href":"https:\/\/orthopara.store\/index.php?rest_route=%2Fwp%2Fv2%2Fcomments&post=1662"}],"wp:featuredmedia":[{"embeddable":true,"href":"https:\/\/orthopara.store\/index.php?rest_route=\/wp\/v2\/media\/1678"}],"wp:attachment":[{"href":"https:\/\/orthopara.store\/index.php?rest_route=%2Fwp%2Fv2%2Fmedia&parent=1662"}],"wp:term":[{"taxonomy":"pwb-brand","embeddable":true,"href":"https:\/\/orthopara.store\/index.php?rest_route=%2Fwp%2Fv2%2Fpwb-brand&post=1662"},{"taxonomy":"product_cat","embeddable":true,"href":"https:\/\/orthopara.store\/index.php?rest_route=%2Fwp%2Fv2%2Fproduct_cat&post=1662"},{"taxonomy":"product_tag","embeddable":true,"href":"https:\/\/orthopara.store\/index.php?rest_route=%2Fwp%2Fv2%2Fproduct_tag&post=1662"}],"curies":[{"name":"wp","href":"https:\/\/api.w.org\/{rel}","templated":true}]}}