{"id":1664,"date":"2024-06-28T15:54:38","date_gmt":"2024-06-28T13:54:38","guid":{"rendered":"https:\/\/orthopara.store\/?post_type=product&#038;p=1664"},"modified":"2024-11-10T16:14:12","modified_gmt":"2024-11-10T15:14:12","slug":"creme-de-change-plis-et-siege-mustela-75ml","status":"publish","type":"product","link":"https:\/\/orthopara.store\/?product=creme-de-change-plis-et-siege-mustela-75ml","title":{"rendered":"Cr\u00e8me de change &#8211; plis et si\u00e8ge &#8211; Mustela &#8211; 75ml"},"content":{"rendered":"<p>Cr\u00e8me pr\u00e9ventive \u00e9ryth\u00e8me fessier certifi\u00e9e Bio &#8211; Mustela &#8211; 75ml<br \/>\nIl est temps de changer une couche ? Cette Cr\u00e8me pr\u00e9ventive contre l&rsquo;\u00e9ryth\u00e8me fessier BIO avec certification biologique sera votre meilleure alli\u00e9e. : il hydrate la peau en formant un film protecteur \u00e0 chaque changement.\u00a0<br \/>\nLa Cr\u00e8me pr\u00e9ventive contre l&rsquo;\u00e9ryth\u00e8me fessier BIO a \u00e9t\u00e9 formul\u00e9e avec de l&rsquo;oxyde de zinc, un ingr\u00e9dient naturel aux propri\u00e9t\u00e9s protectrices etl&rsquo;huile d&rsquo;olive biologique, riche en om\u00e9ga 6 et 9, connue pour ses propri\u00e9t\u00e9s nourrissantes. Hydrate et r\u00e9pare la peau, soulageant les rougeurs.\u00a0<br \/>\nEt, bonne nouvelle pour les mamans et les papas : il ne tache pas les v\u00eatements de b\u00e9b\u00e9 !\u00a0<br \/>\nPlus pour se sentir bien : ce produit est \u00e9co-d\u00e9velopp\u00e9, sa formule est , est fabriqu\u00e9 \u00e0 partir de sucre de canne. origine v\u00e9g\u00e9taleet son tube, d&rsquo;vegan<br \/>\nEfficacit\u00e9 cliniquement prouv\u00e9e<br \/>\n80 % des parents conviennent que la cr\u00e8me pr\u00e9vient les irritations et les rougeurs(1).<br \/>\n86 % des parents conviennent qu&rsquo;il laisse un film protecteur sur la peau (1).<br \/>\n(1) Etude clinique sous contr\u00f4le dermatologique et p\u00e9diatrique aupr\u00e8s de 60 enfants dont 30 pr\u00e9sentant une l\u00e9g\u00e8re rougeur des fesses. *a : auto-\u00e9valuation sur le panel de 30. *b : auto-\u00e9valuation sur le panel total<br \/>\nConeils d&rsquo;utlisation :<br \/>\nAppliquez Cr\u00e8me pr\u00e9ventive contre l&rsquo;\u00e9ryth\u00e8me fessier BIO apr\u00e8s avoir nettoy\u00e9 les fesses du b\u00e9b\u00e9.<br \/>\n\u00c9tape 1 : Pressez doucement le tube.<br \/>\n\u00c9tape 2 : Appliquez la cr\u00e8me sur les fesses propres et s\u00e8ches du b\u00e9b\u00e9.<br \/>\n\u00c9tape 3 : Il est temps d&rsquo;acheter une nouvelle couche !<br \/>\nComposition :<br \/>\n50% du total des ingr\u00e9dients sont issus de l&rsquo;agriculture biologique et 99% sont des ingr\u00e9dients d&rsquo;origine naturelle.<br \/>\nLes 1 % restants sont utilis\u00e9s pour garantir la texture agr\u00e9able et une protectionde longue dur\u00e9e pour la formule.<br \/>\nLa Cr\u00e8me Pr\u00e9ventive \u00c9ryth\u00e8me Fessier Vegan BIO contient :<br \/>\n&#8211; Oxyde de zinc avec propri\u00e9t\u00e9s protectrices ;<br \/>\n&#8211; Huile d&rsquo;olive biologique : riche en om\u00e9ga 6 et 9, connue pour ses propri\u00e9t\u00e9s nutritionnelles ;<br \/>\n&#8211; Huile de tournesol biologique : hydrate la peau ;<br \/>\n&#8211; Aloe vera bio : hydrate et adoucit la peau.\u00a0<br \/>\nINC :\u00a0Aqua (Eau) Conolactone, Sulfate De Magn\u00e9sium, Linol\u00e9ate D&rsquo;\u00e9thyle, Benzoate De Sodium, Acide L\u00e9vulinique, Poudre De Jus De Feuilles D&rsquo;aloe Barbadensis*, L\u00e9vulinate De Sodium, Gluconate De Calcium. *Ingr\u00e9dients Provenant De L&rsquo;agriculture Biologique<\/p>\n","protected":false},"excerpt":{"rendered":"<p>Mustela\u00a0<br \/>\nCr\u00e8me pr\u00e9ventive \u00e9ryth\u00e8me fessier certifi\u00e9e Bio<br \/>\nLa Cr\u00e8me pr\u00e9ventive contre l&rsquo;\u00e9ryth\u00e8me fessier BIO avec certification biologique peut \u00eatre utilis\u00e9 d\u00e8s la naissance apr\u00e8s chaque changement de couche, pour hydrater et r\u00e9parer la zone fessi\u00e8re. Sa formule sans parfum et v\u00e9g\u00e9talienne a huile d&rsquo;olive biologique pour hydrater, r\u00e9parer et apaiser les rougeurs cutan\u00e9es.<br \/>\nFabriqu\u00e9 avec 99 % d&rsquo;ingr\u00e9dients d&rsquo;origine naturelle.\u00a0<\/p>\n<p>Pr\u00e9sentation : tube de 75 ml<\/p>\n","protected":false},"featured_media":1680,"comment_status":"open","ping_status":"closed","template":"","meta":[],"pwb-brand":[185],"product_cat":[194],"product_tag":[],"class_list":{"0":"post-1664","1":"product","2":"type-product","3":"status-publish","4":"has-post-thumbnail","6":"pwb-brand-mustela","7":"product_cat-change-de-bebe","8":"post","9":"ws-product--style-1","11":"first","12":"instock","13":"shipping-taxable","14":"purchasable","15":"product-type-simple"},"yoast_head":"<!-- This site is optimized with the Yoast SEO plugin v23.0 - https:\/\/yoast.com\/wordpress\/plugins\/seo\/ -->\n<title>Cr\u00e8me de change - plis et si\u00e8ge - Mustela - 75ml - OrthoPara<\/title>\n<meta name=\"robots\" content=\"index, follow, max-snippet:-1, max-image-preview:large, max-video-preview:-1\" \/>\n<link rel=\"canonical\" href=\"https:\/\/orthopara.store\/index.php\/produit\/creme-de-change-plis-et-siege-mustela-75ml\/\" \/>\n<meta property=\"og:locale\" content=\"fr_FR\" \/>\n<meta property=\"og:type\" content=\"article\" \/>\n<meta property=\"og:title\" content=\"Cr\u00e8me de change - plis et si\u00e8ge - Mustela - 75ml - OrthoPara\" \/>\n<meta property=\"og:description\" content=\"Mustela\u00a0 Cr\u00e8me pr\u00e9ventive \u00e9ryth\u00e8me fessier certifi\u00e9e Bio La Cr\u00e8me pr\u00e9ventive contre l&#039;\u00e9ryth\u00e8me fessier BIO avec certification biologique peut \u00eatre utilis\u00e9 d\u00e8s la naissance apr\u00e8s chaque changement de couche, pour hydrater et r\u00e9parer la zone fessi\u00e8re. Sa formule sans parfum et v\u00e9g\u00e9talienne a huile d&#039;olive biologique pour hydrater, r\u00e9parer et apaiser les rougeurs cutan\u00e9es. Fabriqu\u00e9 avec 99 % d&#039;ingr\u00e9dients d&#039;origine naturelle.\u00a0 Pr\u00e9sentation : tube de 75 ml\" \/>\n<meta property=\"og:url\" content=\"https:\/\/orthopara.store\/index.php\/produit\/creme-de-change-plis-et-siege-mustela-75ml\/\" \/>\n<meta property=\"og:site_name\" content=\"OrthoPara\" \/>\n<meta property=\"article:publisher\" content=\"https:\/\/www.facebook.com\/profile.php?id=61561194315651\" \/>\n<meta property=\"article:modified_time\" content=\"2024-11-10T15:14:12+00:00\" \/>\n<meta property=\"og:image\" content=\"https:\/\/orthopara.store\/wp-content\/uploads\/2024\/06\/creme-de-change-plis-et-siege-mustela-75ml.jpg\" \/>\n\t<meta property=\"og:image:width\" content=\"800\" \/>\n\t<meta property=\"og:image:height\" content=\"800\" \/>\n\t<meta property=\"og:image:type\" content=\"image\/jpeg\" \/>\n<meta name=\"twitter:card\" content=\"summary_large_image\" \/>\n<meta name=\"twitter:label1\" content=\"Dur\u00e9e de lecture estim\u00e9e\" \/>\n\t<meta name=\"twitter:data1\" content=\"2 minutes\" \/>\n<script type=\"application\/ld+json\" class=\"yoast-schema-graph\">{\"@context\":\"https:\/\/schema.org\",\"@graph\":[{\"@type\":\"WebPage\",\"@id\":\"https:\/\/orthopara.store\/index.php\/produit\/creme-de-change-plis-et-siege-mustela-75ml\/\",\"url\":\"https:\/\/orthopara.store\/index.php\/produit\/creme-de-change-plis-et-siege-mustela-75ml\/\",\"name\":\"Cr\u00e8me de change - plis et si\u00e8ge - Mustela - 75ml - OrthoPara\",\"isPartOf\":{\"@id\":\"https:\/\/orthopara.store\/#website\"},\"primaryImageOfPage\":{\"@id\":\"https:\/\/orthopara.store\/index.php\/produit\/creme-de-change-plis-et-siege-mustela-75ml\/#primaryimage\"},\"image\":{\"@id\":\"https:\/\/orthopara.store\/index.php\/produit\/creme-de-change-plis-et-siege-mustela-75ml\/#primaryimage\"},\"thumbnailUrl\":\"https:\/\/orthopara.store\/wp-content\/uploads\/2024\/06\/creme-de-change-plis-et-siege-mustela-75ml.jpg\",\"datePublished\":\"2024-06-28T13:54:38+00:00\",\"dateModified\":\"2024-11-10T15:14:12+00:00\",\"breadcrumb\":{\"@id\":\"https:\/\/orthopara.store\/index.php\/produit\/creme-de-change-plis-et-siege-mustela-75ml\/#breadcrumb\"},\"inLanguage\":\"fr-FR\",\"potentialAction\":[{\"@type\":\"ReadAction\",\"target\":[\"https:\/\/orthopara.store\/index.php\/produit\/creme-de-change-plis-et-siege-mustela-75ml\/\"]}]},{\"@type\":\"ImageObject\",\"inLanguage\":\"fr-FR\",\"@id\":\"https:\/\/orthopara.store\/index.php\/produit\/creme-de-change-plis-et-siege-mustela-75ml\/#primaryimage\",\"url\":\"https:\/\/orthopara.store\/wp-content\/uploads\/2024\/06\/creme-de-change-plis-et-siege-mustela-75ml.jpg\",\"contentUrl\":\"https:\/\/orthopara.store\/wp-content\/uploads\/2024\/06\/creme-de-change-plis-et-siege-mustela-75ml.jpg\",\"width\":800,\"height\":800},{\"@type\":\"BreadcrumbList\",\"@id\":\"https:\/\/orthopara.store\/index.php\/produit\/creme-de-change-plis-et-siege-mustela-75ml\/#breadcrumb\",\"itemListElement\":[{\"@type\":\"ListItem\",\"position\":1,\"name\":\"Accueil\",\"item\":\"https:\/\/orthopara.store\/\"},{\"@type\":\"ListItem\",\"position\":2,\"name\":\"Shop\",\"item\":\"https:\/\/orthopara.store\/?page_id=622\"},{\"@type\":\"ListItem\",\"position\":3,\"name\":\"Cr\u00e8me de change &#8211; plis et si\u00e8ge &#8211; Mustela &#8211; 75ml\"}]},{\"@type\":\"WebSite\",\"@id\":\"https:\/\/orthopara.store\/#website\",\"url\":\"https:\/\/orthopara.store\/\",\"name\":\"OrthoPara\",\"description\":\"Parapharmacie\",\"publisher\":{\"@id\":\"https:\/\/orthopara.store\/#organization\"},\"potentialAction\":[{\"@type\":\"SearchAction\",\"target\":{\"@type\":\"EntryPoint\",\"urlTemplate\":\"https:\/\/orthopara.store\/?s={search_term_string}\"},\"query-input\":\"required name=search_term_string\"}],\"inLanguage\":\"fr-FR\"},{\"@type\":\"Organization\",\"@id\":\"https:\/\/orthopara.store\/#organization\",\"name\":\"OrthoPara\",\"url\":\"https:\/\/orthopara.store\/\",\"logo\":{\"@type\":\"ImageObject\",\"inLanguage\":\"fr-FR\",\"@id\":\"https:\/\/orthopara.store\/#\/schema\/logo\/image\/\",\"url\":\"https:\/\/orthopara.store\/wp-content\/uploads\/2024\/06\/cropped-9ABA8BAD-6256-4719-9315-15C66E64E882.png\",\"contentUrl\":\"https:\/\/orthopara.store\/wp-content\/uploads\/2024\/06\/cropped-9ABA8BAD-6256-4719-9315-15C66E64E882.png\",\"width\":240,\"height\":72,\"caption\":\"OrthoPara\"},\"image\":{\"@id\":\"https:\/\/orthopara.store\/#\/schema\/logo\/image\/\"},\"sameAs\":[\"https:\/\/www.facebook.com\/profile.php?id=61561194315651\",\"https:\/\/www.instagram.com\/orthopara_tunisie\/\"]}]}<\/script>\n<!-- \/ Yoast SEO plugin. -->","yoast_head_json":{"title":"Cr\u00e8me de change - plis et si\u00e8ge - Mustela - 75ml - OrthoPara","robots":{"index":"index","follow":"follow","max-snippet":"max-snippet:-1","max-image-preview":"max-image-preview:large","max-video-preview":"max-video-preview:-1"},"canonical":"https:\/\/orthopara.store\/index.php\/produit\/creme-de-change-plis-et-siege-mustela-75ml\/","og_locale":"fr_FR","og_type":"article","og_title":"Cr\u00e8me de change - plis et si\u00e8ge - Mustela - 75ml - OrthoPara","og_description":"Mustela\u00a0 Cr\u00e8me pr\u00e9ventive \u00e9ryth\u00e8me fessier certifi\u00e9e Bio La Cr\u00e8me pr\u00e9ventive contre l'\u00e9ryth\u00e8me fessier BIO avec certification biologique peut \u00eatre utilis\u00e9 d\u00e8s la naissance apr\u00e8s chaque changement de couche, pour hydrater et r\u00e9parer la zone fessi\u00e8re. Sa formule sans parfum et v\u00e9g\u00e9talienne a huile d'olive biologique pour hydrater, r\u00e9parer et apaiser les rougeurs cutan\u00e9es. Fabriqu\u00e9 avec 99 % d'ingr\u00e9dients d'origine naturelle.\u00a0 Pr\u00e9sentation : tube de 75 ml","og_url":"https:\/\/orthopara.store\/index.php\/produit\/creme-de-change-plis-et-siege-mustela-75ml\/","og_site_name":"OrthoPara","article_publisher":"https:\/\/www.facebook.com\/profile.php?id=61561194315651","article_modified_time":"2024-11-10T15:14:12+00:00","og_image":[{"width":800,"height":800,"url":"https:\/\/orthopara.store\/wp-content\/uploads\/2024\/06\/creme-de-change-plis-et-siege-mustela-75ml.jpg","type":"image\/jpeg"}],"twitter_card":"summary_large_image","twitter_misc":{"Dur\u00e9e de lecture estim\u00e9e":"2 minutes"},"schema":{"@context":"https:\/\/schema.org","@graph":[{"@type":"WebPage","@id":"https:\/\/orthopara.store\/index.php\/produit\/creme-de-change-plis-et-siege-mustela-75ml\/","url":"https:\/\/orthopara.store\/index.php\/produit\/creme-de-change-plis-et-siege-mustela-75ml\/","name":"Cr\u00e8me de change - plis et si\u00e8ge - Mustela - 75ml - OrthoPara","isPartOf":{"@id":"https:\/\/orthopara.store\/#website"},"primaryImageOfPage":{"@id":"https:\/\/orthopara.store\/index.php\/produit\/creme-de-change-plis-et-siege-mustela-75ml\/#primaryimage"},"image":{"@id":"https:\/\/orthopara.store\/index.php\/produit\/creme-de-change-plis-et-siege-mustela-75ml\/#primaryimage"},"thumbnailUrl":"https:\/\/orthopara.store\/wp-content\/uploads\/2024\/06\/creme-de-change-plis-et-siege-mustela-75ml.jpg","datePublished":"2024-06-28T13:54:38+00:00","dateModified":"2024-11-10T15:14:12+00:00","breadcrumb":{"@id":"https:\/\/orthopara.store\/index.php\/produit\/creme-de-change-plis-et-siege-mustela-75ml\/#breadcrumb"},"inLanguage":"fr-FR","potentialAction":[{"@type":"ReadAction","target":["https:\/\/orthopara.store\/index.php\/produit\/creme-de-change-plis-et-siege-mustela-75ml\/"]}]},{"@type":"ImageObject","inLanguage":"fr-FR","@id":"https:\/\/orthopara.store\/index.php\/produit\/creme-de-change-plis-et-siege-mustela-75ml\/#primaryimage","url":"https:\/\/orthopara.store\/wp-content\/uploads\/2024\/06\/creme-de-change-plis-et-siege-mustela-75ml.jpg","contentUrl":"https:\/\/orthopara.store\/wp-content\/uploads\/2024\/06\/creme-de-change-plis-et-siege-mustela-75ml.jpg","width":800,"height":800},{"@type":"BreadcrumbList","@id":"https:\/\/orthopara.store\/index.php\/produit\/creme-de-change-plis-et-siege-mustela-75ml\/#breadcrumb","itemListElement":[{"@type":"ListItem","position":1,"name":"Accueil","item":"https:\/\/orthopara.store\/"},{"@type":"ListItem","position":2,"name":"Shop","item":"https:\/\/orthopara.store\/?page_id=622"},{"@type":"ListItem","position":3,"name":"Cr\u00e8me de change &#8211; plis et si\u00e8ge &#8211; Mustela &#8211; 75ml"}]},{"@type":"WebSite","@id":"https:\/\/orthopara.store\/#website","url":"https:\/\/orthopara.store\/","name":"OrthoPara","description":"Parapharmacie","publisher":{"@id":"https:\/\/orthopara.store\/#organization"},"potentialAction":[{"@type":"SearchAction","target":{"@type":"EntryPoint","urlTemplate":"https:\/\/orthopara.store\/?s={search_term_string}"},"query-input":"required name=search_term_string"}],"inLanguage":"fr-FR"},{"@type":"Organization","@id":"https:\/\/orthopara.store\/#organization","name":"OrthoPara","url":"https:\/\/orthopara.store\/","logo":{"@type":"ImageObject","inLanguage":"fr-FR","@id":"https:\/\/orthopara.store\/#\/schema\/logo\/image\/","url":"https:\/\/orthopara.store\/wp-content\/uploads\/2024\/06\/cropped-9ABA8BAD-6256-4719-9315-15C66E64E882.png","contentUrl":"https:\/\/orthopara.store\/wp-content\/uploads\/2024\/06\/cropped-9ABA8BAD-6256-4719-9315-15C66E64E882.png","width":240,"height":72,"caption":"OrthoPara"},"image":{"@id":"https:\/\/orthopara.store\/#\/schema\/logo\/image\/"},"sameAs":["https:\/\/www.facebook.com\/profile.php?id=61561194315651","https:\/\/www.instagram.com\/orthopara_tunisie\/"]}]}},"jetpack_sharing_enabled":true,"brands":[{"id":185,"name":"Mustela","slug":"mustela"}],"_links":{"self":[{"href":"https:\/\/orthopara.store\/index.php?rest_route=\/wp\/v2\/product\/1664","targetHints":{"allow":["GET"]}}],"collection":[{"href":"https:\/\/orthopara.store\/index.php?rest_route=\/wp\/v2\/product"}],"about":[{"href":"https:\/\/orthopara.store\/index.php?rest_route=\/wp\/v2\/types\/product"}],"replies":[{"embeddable":true,"href":"https:\/\/orthopara.store\/index.php?rest_route=%2Fwp%2Fv2%2Fcomments&post=1664"}],"wp:featuredmedia":[{"embeddable":true,"href":"https:\/\/orthopara.store\/index.php?rest_route=\/wp\/v2\/media\/1680"}],"wp:attachment":[{"href":"https:\/\/orthopara.store\/index.php?rest_route=%2Fwp%2Fv2%2Fmedia&parent=1664"}],"wp:term":[{"taxonomy":"pwb-brand","embeddable":true,"href":"https:\/\/orthopara.store\/index.php?rest_route=%2Fwp%2Fv2%2Fpwb-brand&post=1664"},{"taxonomy":"product_cat","embeddable":true,"href":"https:\/\/orthopara.store\/index.php?rest_route=%2Fwp%2Fv2%2Fproduct_cat&post=1664"},{"taxonomy":"product_tag","embeddable":true,"href":"https:\/\/orthopara.store\/index.php?rest_route=%2Fwp%2Fv2%2Fproduct_tag&post=1664"}],"curies":[{"name":"wp","href":"https:\/\/api.w.org\/{rel}","templated":true}]}}