{"id":1665,"date":"2024-06-28T15:54:38","date_gmt":"2024-06-28T13:54:38","guid":{"rendered":"https:\/\/orthopara.store\/?post_type=product&#038;p=1665"},"modified":"2024-06-28T15:54:43","modified_gmt":"2024-06-28T13:54:43","slug":"eau-nettoyante-douceur-3en1-neutraderm-baby-200ml","status":"publish","type":"product","link":"https:\/\/orthopara.store\/?product=eau-nettoyante-douceur-3en1-neutraderm-baby-200ml","title":{"rendered":"Eau nettoyante douceur 3en1 &#8211; Neutraderm Baby &#8211; 200ml"},"content":{"rendered":"<p>Eau nettoyante douceur 3en1 &#8211; Neutraderm Baby &#8211; 200ml<br \/>\nL\u2019Eau Nettoyante Douceur 3-en-1 nettoie en un seul geste le visage, le corps &#038; le si\u00e8ge des b\u00e9b\u00e9s, sans fini collant sur la peau. Sa formule extra-douce au pH neutre et haute tol\u00e9rance1 ne dess\u00e8che pas la peau, \u00e9limine efficacement les impuret\u00e9s et \u00e9vite les irritations du si\u00e8ge. La peau est douce, souple et retrouve tout son confort.<br \/>\nCette eau nettoyante b\u00e9b\u00e9 parfume d\u00e9licatement la peau d\u00e9licate de b\u00e9b\u00e9 et facilite le coiffage.\u00a0<br \/>\nL\u2019Eau Nettoyante Douceur 3-en-1 est compos\u00e9e d\u2019actifs et ingr\u00e9dients qui respectent l\u2019\u00e9quilibre de la peau de b\u00e9b\u00e9 :<br \/>\nL\u2019agent pr\u00e9biotique prot\u00e8ge et stimule les d\u00e9fenses naturelles de la peau.<br \/>\nL\u2019extrait de feuilles d\u2019oliviers, tonifie et purifie la peau.<br \/>\nLa glyc\u00e9rine est un hydratant, augmente l\u2019extensibilit\u00e9 et la souplesse de la peau.<br \/>\nSa formule est compos\u00e9e de 95% d\u2019ingr\u00e9dients d\u2019origine naturelle et de 99% d\u2019ingr\u00e9dients biod\u00e9gradables. Elle contient 50% d\u2019Active Oligo Skin Complex.<br \/>\nNeutraderm Baby est membre 1% for the Planet et \u00e0 ce titre, reverse 1% de son chiffre d\u2019affaires \u00e0 des associations environnementales.<br \/>\n1 Haute tol\u00e9rance cutan\u00e9e.<br \/>\nConseils d&rsquo;utilisation :<br \/>\nAppliquer sur un coton. Sans rin\u00e7age.\u00a0<br \/>\nComposition :\u00a0<\/p>\n<p>Complexe Active Oligo Skin<br \/>\nAnti-inflammatoire, il restaure et renforce la barri\u00e8re cutan\u00e9e<br \/>\nGlyc\u00e9rine<br \/>\nAgent hydratant qui augmente l&rsquo;extensibilit\u00e9 et la souplesse de la peau<br \/>\nBeurre de karit\u00e9<br \/>\nCet actif est apaisant, protecteur, hydratant, r\u00e9g\u00e9n\u00e9rant, anti-\u00e2ge et adoucissant.<\/p>\n<p>INCI :\u00a0Oligoactive Water(3), Aqua (Water) \/ Eau, Propanediol, Glycerin, Polysorbate 20, Alpha-Glucan Oligosaccharide, Olea Europaea (Olive) Leaf Extract, Parfum (Fragrance), Tetrasodium Glutamate Diacetate, Decylene Glycol, Caprylyl Glycol, Propylene Glycol, Citric Acid, Sodium Benzoate.<br \/>\n(3) Maris Aqua (Sea Water) \/ Eau De Mer<\/p>\n","protected":false},"excerpt":{"rendered":"<p>Neutraderm Baby\u00a0<br \/>\nL&rsquo;eau pour b\u00e9b\u00e9 est id\u00e9ale pour se rafra\u00eechir apr\u00e8s un changement de couche avec une formule multi-usages qui peut \u00eatre utilis\u00e9e de plusieurs fa\u00e7ons : essayez de d\u00e9m\u00ealer les cheveux de votre tout-petit avec, \u00e7a marche tr\u00e8s bien<\/p>\n<p>Contenance : 200ml<br \/>\nDLC 05\/2024<\/p>\n","protected":false},"featured_media":1681,"comment_status":"open","ping_status":"closed","template":"","meta":[],"pwb-brand":[70],"product_cat":[194],"product_tag":[],"class_list":{"0":"post-1665","1":"product","2":"type-product","3":"status-publish","4":"has-post-thumbnail","6":"pwb-brand-neutraderm","7":"product_cat-change-de-bebe","8":"post","9":"ws-product--style-1","11":"first","12":"instock","13":"shipping-taxable","14":"purchasable","15":"product-type-simple"},"yoast_head":"<!-- This site is optimized with the Yoast SEO plugin v23.0 - https:\/\/yoast.com\/wordpress\/plugins\/seo\/ -->\n<title>Eau nettoyante douceur 3en1 - Neutraderm Baby - 200ml - OrthoPara<\/title>\n<meta name=\"robots\" content=\"index, follow, max-snippet:-1, max-image-preview:large, max-video-preview:-1\" \/>\n<link rel=\"canonical\" href=\"https:\/\/orthopara.store\/index.php\/produit\/eau-nettoyante-douceur-3en1-neutraderm-baby-200ml\/\" \/>\n<meta property=\"og:locale\" content=\"fr_FR\" \/>\n<meta property=\"og:type\" content=\"article\" \/>\n<meta property=\"og:title\" content=\"Eau nettoyante douceur 3en1 - Neutraderm Baby - 200ml - OrthoPara\" \/>\n<meta property=\"og:description\" content=\"Neutraderm Baby\u00a0 L&#039;eau pour b\u00e9b\u00e9 est id\u00e9ale pour se rafra\u00eechir apr\u00e8s un changement de couche avec une formule multi-usages qui peut \u00eatre utilis\u00e9e de plusieurs fa\u00e7ons : essayez de d\u00e9m\u00ealer les cheveux de votre tout-petit avec, \u00e7a marche tr\u00e8s bien Contenance : 200ml DLC 05\/2024\" \/>\n<meta property=\"og:url\" content=\"https:\/\/orthopara.store\/index.php\/produit\/eau-nettoyante-douceur-3en1-neutraderm-baby-200ml\/\" \/>\n<meta property=\"og:site_name\" content=\"OrthoPara\" \/>\n<meta property=\"article:publisher\" content=\"https:\/\/www.facebook.com\/profile.php?id=61561194315651\" \/>\n<meta property=\"article:modified_time\" content=\"2024-06-28T13:54:43+00:00\" \/>\n<meta property=\"og:image\" content=\"https:\/\/orthopara.store\/wp-content\/uploads\/2024\/06\/eau-nettoyante-douceur-3en1-neutraderm-baby-200ml.jpg\" \/>\n\t<meta property=\"og:image:width\" content=\"800\" \/>\n\t<meta property=\"og:image:height\" content=\"800\" \/>\n\t<meta property=\"og:image:type\" content=\"image\/jpeg\" \/>\n<meta name=\"twitter:card\" content=\"summary_large_image\" \/>\n<meta name=\"twitter:label1\" content=\"Dur\u00e9e de lecture estim\u00e9e\" \/>\n\t<meta name=\"twitter:data1\" content=\"1 minute\" \/>\n<script type=\"application\/ld+json\" class=\"yoast-schema-graph\">{\"@context\":\"https:\/\/schema.org\",\"@graph\":[{\"@type\":\"WebPage\",\"@id\":\"https:\/\/orthopara.store\/index.php\/produit\/eau-nettoyante-douceur-3en1-neutraderm-baby-200ml\/\",\"url\":\"https:\/\/orthopara.store\/index.php\/produit\/eau-nettoyante-douceur-3en1-neutraderm-baby-200ml\/\",\"name\":\"Eau nettoyante douceur 3en1 - Neutraderm Baby - 200ml - OrthoPara\",\"isPartOf\":{\"@id\":\"https:\/\/orthopara.store\/#website\"},\"primaryImageOfPage\":{\"@id\":\"https:\/\/orthopara.store\/index.php\/produit\/eau-nettoyante-douceur-3en1-neutraderm-baby-200ml\/#primaryimage\"},\"image\":{\"@id\":\"https:\/\/orthopara.store\/index.php\/produit\/eau-nettoyante-douceur-3en1-neutraderm-baby-200ml\/#primaryimage\"},\"thumbnailUrl\":\"https:\/\/orthopara.store\/wp-content\/uploads\/2024\/06\/eau-nettoyante-douceur-3en1-neutraderm-baby-200ml.jpg\",\"datePublished\":\"2024-06-28T13:54:38+00:00\",\"dateModified\":\"2024-06-28T13:54:43+00:00\",\"breadcrumb\":{\"@id\":\"https:\/\/orthopara.store\/index.php\/produit\/eau-nettoyante-douceur-3en1-neutraderm-baby-200ml\/#breadcrumb\"},\"inLanguage\":\"fr-FR\",\"potentialAction\":[{\"@type\":\"ReadAction\",\"target\":[\"https:\/\/orthopara.store\/index.php\/produit\/eau-nettoyante-douceur-3en1-neutraderm-baby-200ml\/\"]}]},{\"@type\":\"ImageObject\",\"inLanguage\":\"fr-FR\",\"@id\":\"https:\/\/orthopara.store\/index.php\/produit\/eau-nettoyante-douceur-3en1-neutraderm-baby-200ml\/#primaryimage\",\"url\":\"https:\/\/orthopara.store\/wp-content\/uploads\/2024\/06\/eau-nettoyante-douceur-3en1-neutraderm-baby-200ml.jpg\",\"contentUrl\":\"https:\/\/orthopara.store\/wp-content\/uploads\/2024\/06\/eau-nettoyante-douceur-3en1-neutraderm-baby-200ml.jpg\",\"width\":800,\"height\":800},{\"@type\":\"BreadcrumbList\",\"@id\":\"https:\/\/orthopara.store\/index.php\/produit\/eau-nettoyante-douceur-3en1-neutraderm-baby-200ml\/#breadcrumb\",\"itemListElement\":[{\"@type\":\"ListItem\",\"position\":1,\"name\":\"Accueil\",\"item\":\"https:\/\/orthopara.store\/\"},{\"@type\":\"ListItem\",\"position\":2,\"name\":\"Shop\",\"item\":\"https:\/\/orthopara.store\/?page_id=622\"},{\"@type\":\"ListItem\",\"position\":3,\"name\":\"Eau nettoyante douceur 3en1 &#8211; Neutraderm Baby &#8211; 200ml\"}]},{\"@type\":\"WebSite\",\"@id\":\"https:\/\/orthopara.store\/#website\",\"url\":\"https:\/\/orthopara.store\/\",\"name\":\"OrthoPara\",\"description\":\"Parapharmacie\",\"publisher\":{\"@id\":\"https:\/\/orthopara.store\/#organization\"},\"potentialAction\":[{\"@type\":\"SearchAction\",\"target\":{\"@type\":\"EntryPoint\",\"urlTemplate\":\"https:\/\/orthopara.store\/?s={search_term_string}\"},\"query-input\":\"required name=search_term_string\"}],\"inLanguage\":\"fr-FR\"},{\"@type\":\"Organization\",\"@id\":\"https:\/\/orthopara.store\/#organization\",\"name\":\"OrthoPara\",\"url\":\"https:\/\/orthopara.store\/\",\"logo\":{\"@type\":\"ImageObject\",\"inLanguage\":\"fr-FR\",\"@id\":\"https:\/\/orthopara.store\/#\/schema\/logo\/image\/\",\"url\":\"https:\/\/orthopara.store\/wp-content\/uploads\/2024\/06\/cropped-9ABA8BAD-6256-4719-9315-15C66E64E882.png\",\"contentUrl\":\"https:\/\/orthopara.store\/wp-content\/uploads\/2024\/06\/cropped-9ABA8BAD-6256-4719-9315-15C66E64E882.png\",\"width\":240,\"height\":72,\"caption\":\"OrthoPara\"},\"image\":{\"@id\":\"https:\/\/orthopara.store\/#\/schema\/logo\/image\/\"},\"sameAs\":[\"https:\/\/www.facebook.com\/profile.php?id=61561194315651\",\"https:\/\/www.instagram.com\/orthopara_tunisie\/\"]}]}<\/script>\n<!-- \/ Yoast SEO plugin. -->","yoast_head_json":{"title":"Eau nettoyante douceur 3en1 - Neutraderm Baby - 200ml - OrthoPara","robots":{"index":"index","follow":"follow","max-snippet":"max-snippet:-1","max-image-preview":"max-image-preview:large","max-video-preview":"max-video-preview:-1"},"canonical":"https:\/\/orthopara.store\/index.php\/produit\/eau-nettoyante-douceur-3en1-neutraderm-baby-200ml\/","og_locale":"fr_FR","og_type":"article","og_title":"Eau nettoyante douceur 3en1 - Neutraderm Baby - 200ml - OrthoPara","og_description":"Neutraderm Baby\u00a0 L'eau pour b\u00e9b\u00e9 est id\u00e9ale pour se rafra\u00eechir apr\u00e8s un changement de couche avec une formule multi-usages qui peut \u00eatre utilis\u00e9e de plusieurs fa\u00e7ons : essayez de d\u00e9m\u00ealer les cheveux de votre tout-petit avec, \u00e7a marche tr\u00e8s bien Contenance : 200ml DLC 05\/2024","og_url":"https:\/\/orthopara.store\/index.php\/produit\/eau-nettoyante-douceur-3en1-neutraderm-baby-200ml\/","og_site_name":"OrthoPara","article_publisher":"https:\/\/www.facebook.com\/profile.php?id=61561194315651","article_modified_time":"2024-06-28T13:54:43+00:00","og_image":[{"width":800,"height":800,"url":"https:\/\/orthopara.store\/wp-content\/uploads\/2024\/06\/eau-nettoyante-douceur-3en1-neutraderm-baby-200ml.jpg","type":"image\/jpeg"}],"twitter_card":"summary_large_image","twitter_misc":{"Dur\u00e9e de lecture estim\u00e9e":"1 minute"},"schema":{"@context":"https:\/\/schema.org","@graph":[{"@type":"WebPage","@id":"https:\/\/orthopara.store\/index.php\/produit\/eau-nettoyante-douceur-3en1-neutraderm-baby-200ml\/","url":"https:\/\/orthopara.store\/index.php\/produit\/eau-nettoyante-douceur-3en1-neutraderm-baby-200ml\/","name":"Eau nettoyante douceur 3en1 - Neutraderm Baby - 200ml - OrthoPara","isPartOf":{"@id":"https:\/\/orthopara.store\/#website"},"primaryImageOfPage":{"@id":"https:\/\/orthopara.store\/index.php\/produit\/eau-nettoyante-douceur-3en1-neutraderm-baby-200ml\/#primaryimage"},"image":{"@id":"https:\/\/orthopara.store\/index.php\/produit\/eau-nettoyante-douceur-3en1-neutraderm-baby-200ml\/#primaryimage"},"thumbnailUrl":"https:\/\/orthopara.store\/wp-content\/uploads\/2024\/06\/eau-nettoyante-douceur-3en1-neutraderm-baby-200ml.jpg","datePublished":"2024-06-28T13:54:38+00:00","dateModified":"2024-06-28T13:54:43+00:00","breadcrumb":{"@id":"https:\/\/orthopara.store\/index.php\/produit\/eau-nettoyante-douceur-3en1-neutraderm-baby-200ml\/#breadcrumb"},"inLanguage":"fr-FR","potentialAction":[{"@type":"ReadAction","target":["https:\/\/orthopara.store\/index.php\/produit\/eau-nettoyante-douceur-3en1-neutraderm-baby-200ml\/"]}]},{"@type":"ImageObject","inLanguage":"fr-FR","@id":"https:\/\/orthopara.store\/index.php\/produit\/eau-nettoyante-douceur-3en1-neutraderm-baby-200ml\/#primaryimage","url":"https:\/\/orthopara.store\/wp-content\/uploads\/2024\/06\/eau-nettoyante-douceur-3en1-neutraderm-baby-200ml.jpg","contentUrl":"https:\/\/orthopara.store\/wp-content\/uploads\/2024\/06\/eau-nettoyante-douceur-3en1-neutraderm-baby-200ml.jpg","width":800,"height":800},{"@type":"BreadcrumbList","@id":"https:\/\/orthopara.store\/index.php\/produit\/eau-nettoyante-douceur-3en1-neutraderm-baby-200ml\/#breadcrumb","itemListElement":[{"@type":"ListItem","position":1,"name":"Accueil","item":"https:\/\/orthopara.store\/"},{"@type":"ListItem","position":2,"name":"Shop","item":"https:\/\/orthopara.store\/?page_id=622"},{"@type":"ListItem","position":3,"name":"Eau nettoyante douceur 3en1 &#8211; Neutraderm Baby &#8211; 200ml"}]},{"@type":"WebSite","@id":"https:\/\/orthopara.store\/#website","url":"https:\/\/orthopara.store\/","name":"OrthoPara","description":"Parapharmacie","publisher":{"@id":"https:\/\/orthopara.store\/#organization"},"potentialAction":[{"@type":"SearchAction","target":{"@type":"EntryPoint","urlTemplate":"https:\/\/orthopara.store\/?s={search_term_string}"},"query-input":"required name=search_term_string"}],"inLanguage":"fr-FR"},{"@type":"Organization","@id":"https:\/\/orthopara.store\/#organization","name":"OrthoPara","url":"https:\/\/orthopara.store\/","logo":{"@type":"ImageObject","inLanguage":"fr-FR","@id":"https:\/\/orthopara.store\/#\/schema\/logo\/image\/","url":"https:\/\/orthopara.store\/wp-content\/uploads\/2024\/06\/cropped-9ABA8BAD-6256-4719-9315-15C66E64E882.png","contentUrl":"https:\/\/orthopara.store\/wp-content\/uploads\/2024\/06\/cropped-9ABA8BAD-6256-4719-9315-15C66E64E882.png","width":240,"height":72,"caption":"OrthoPara"},"image":{"@id":"https:\/\/orthopara.store\/#\/schema\/logo\/image\/"},"sameAs":["https:\/\/www.facebook.com\/profile.php?id=61561194315651","https:\/\/www.instagram.com\/orthopara_tunisie\/"]}]}},"jetpack_sharing_enabled":true,"brands":[{"id":70,"name":"Neutraderm","slug":"neutraderm"}],"_links":{"self":[{"href":"https:\/\/orthopara.store\/index.php?rest_route=\/wp\/v2\/product\/1665","targetHints":{"allow":["GET"]}}],"collection":[{"href":"https:\/\/orthopara.store\/index.php?rest_route=\/wp\/v2\/product"}],"about":[{"href":"https:\/\/orthopara.store\/index.php?rest_route=\/wp\/v2\/types\/product"}],"replies":[{"embeddable":true,"href":"https:\/\/orthopara.store\/index.php?rest_route=%2Fwp%2Fv2%2Fcomments&post=1665"}],"wp:featuredmedia":[{"embeddable":true,"href":"https:\/\/orthopara.store\/index.php?rest_route=\/wp\/v2\/media\/1681"}],"wp:attachment":[{"href":"https:\/\/orthopara.store\/index.php?rest_route=%2Fwp%2Fv2%2Fmedia&parent=1665"}],"wp:term":[{"taxonomy":"pwb-brand","embeddable":true,"href":"https:\/\/orthopara.store\/index.php?rest_route=%2Fwp%2Fv2%2Fpwb-brand&post=1665"},{"taxonomy":"product_cat","embeddable":true,"href":"https:\/\/orthopara.store\/index.php?rest_route=%2Fwp%2Fv2%2Fproduct_cat&post=1665"},{"taxonomy":"product_tag","embeddable":true,"href":"https:\/\/orthopara.store\/index.php?rest_route=%2Fwp%2Fv2%2Fproduct_tag&post=1665"}],"curies":[{"name":"wp","href":"https:\/\/api.w.org\/{rel}","templated":true}]}}