{"id":1666,"date":"2024-06-28T15:54:38","date_gmt":"2024-06-28T13:54:38","guid":{"rendered":"https:\/\/orthopara.store\/?post_type=product&#038;p=1666"},"modified":"2024-06-28T15:54:43","modified_gmt":"2024-06-28T13:54:43","slug":"eau-nettoyante-uriage-bebe-500ml","status":"publish","type":"product","link":"https:\/\/orthopara.store\/?product=eau-nettoyante-uriage-bebe-500ml","title":{"rendered":"Eau nettoyante &#8211; Uriage B\u00e9b\u00e9 &#8211; 500ml"},"content":{"rendered":"<p>Eau nettoyante &#8211; Uriage B\u00e9b\u00e9 &#8211; 500ml<\/p>\n<p>Cette eau nettoie en douceur et \u00e9limine d\u00e9licatement les salissures. Sa formule au complexe naturel [Eau Thermale d&rsquo;Uriage + Edelweiss bio], apaise, adoucit et prot\u00e8ge la peau d\u00e9licate de b\u00e9b\u00e9. L\u2019id\u00e9al pour la toilette quotidienne du b\u00e9b\u00e9 : visage, corps et si\u00e8ge !<br \/>\nOn adore : son excellente tol\u00e9rance (pH physiologique, sans savon), son parfum iconique addictif et sa nouvelle pompe !<br \/>\n1. Nettoie<\/p>\n<p>Avec sa base nettoyante tr\u00e8s douce, sans savon et \u00e0 pH physiologique, elle \u00e9limine toutes les impuret\u00e9s en douceur.<br \/>\n2. Apaise, adoucit, prot\u00e8ge la peau<\/p>\n<p>Gr\u00e2ce \u00e0 un nouveau complexe [Eau Thermale d\u2019Uriage + Edelweiss bio], la 1\u00e8re eau nettoyante apaise, adoucit et prot\u00e8ge la peau d\u00e9licate de b\u00e9b\u00e9.<\/p>\n<p>Pictos ETU + Edelweiss bio \u00e0 dispo<\/p>\n<p>D\u00e9marche \u00e9co-responsable<\/p>\n<p>\u2022 Formule biod\u00e9gradable et d\u2019origine naturelle<\/p>\n<p>&#8211; 98% d\u2019ingr\u00e9dients d\u2019origine naturelle<\/p>\n<p>&#8211; Formule biod\u00e9gradable selon norme OCDE301F\/OECD301F<\/p>\n<p>&#8211; Complexe sourc\u00e9 localement (Alpes) 100% naturel : [Eau Thermale d\u2019Uriage + Edelweiss bio]<\/p>\n<p>\u2022 Packaging<\/p>\n<p>o Flacon 100% recyclable<\/p>\n<p>o Nouvelle pompe plus pratique !<\/p>\n<p>Composition :<br \/>\n98% d\u2019ingr\u00e9dients d\u2019origine naturelle \u2014 Formule biod\u00e9gradable selon norme OCDE301F\/OECD301F \u2014\u00a0 Complexe [Eau Thermale d\u2019Uriage + Edelweiss bio]\u00a0<br \/>\nSans Savon \u2014 pH physiologique \u2014 Test\u00e9 sous contr\u00f4le p\u00e9diatrique \u2014 Ne dess\u00e8che pas la peau \u2014 Laisse une peau douce, apais\u00e9e\u00a0 \u2014 Parfum iconique<br \/>\nConseils d&rsquo;utilisation :<br \/>\nAppliquer \u00e0 l\u2019aide d\u2019un coton jusqu&rsquo;\u00e0 ce que la peau soit propre. Sans rin\u00e7age, s\u00e9cher d\u00e9licatement.<\/p>\n","protected":false},"excerpt":{"rendered":"<p>Uriage b\u00e9b\u00e9<br \/>\nEau nettoyante pour la toilette de b\u00e9b\u00e9\u2013 sans rin\u00e7age et sans savon<br \/>\nCette eau nettoie en douceur et \u00e9limine d\u00e9licatement les salissures, apaise, adoucit et prot\u00e8ge la peau d\u00e9licate de b\u00e9b\u00e9. L\u2019id\u00e9al pour la toilette quotidienne du b\u00e9b\u00e9<br \/>\nOn adore : son excellente tol\u00e9rance (pH physiologique, sans savon), son parfum iconique addictif et sa nouvelle pompe !<br \/>\nTous types de peaux\u00a0<br \/>\nparties du corps : visage, corps &#038; si\u00e8ge de b\u00e9b\u00e9\u00a0<br \/>\nContenance : flacon 500ml\u00a0<\/p>\n","protected":false},"featured_media":1682,"comment_status":"open","ping_status":"closed","template":"","meta":[],"pwb-brand":[195],"product_cat":[194],"product_tag":[],"class_list":{"0":"post-1666","1":"product","2":"type-product","3":"status-publish","4":"has-post-thumbnail","6":"pwb-brand-uriage-bebe","7":"product_cat-change-de-bebe","8":"post","9":"ws-product--style-1","11":"first","12":"instock","13":"shipping-taxable","14":"purchasable","15":"product-type-simple"},"yoast_head":"<!-- This site is optimized with the Yoast SEO plugin v23.0 - https:\/\/yoast.com\/wordpress\/plugins\/seo\/ -->\n<title>Eau nettoyante - Uriage B\u00e9b\u00e9 - 500ml - OrthoPara<\/title>\n<meta name=\"robots\" content=\"index, follow, max-snippet:-1, max-image-preview:large, max-video-preview:-1\" \/>\n<link rel=\"canonical\" href=\"https:\/\/orthopara.store\/index.php\/produit\/eau-nettoyante-uriage-bebe-500ml\/\" \/>\n<meta property=\"og:locale\" content=\"fr_FR\" \/>\n<meta property=\"og:type\" content=\"article\" \/>\n<meta property=\"og:title\" content=\"Eau nettoyante - Uriage B\u00e9b\u00e9 - 500ml - OrthoPara\" \/>\n<meta property=\"og:description\" content=\"Uriage b\u00e9b\u00e9 Eau nettoyante pour la toilette de b\u00e9b\u00e9\u2013 sans rin\u00e7age et sans savon Cette eau nettoie en douceur et \u00e9limine d\u00e9licatement les salissures, apaise, adoucit et prot\u00e8ge la peau d\u00e9licate de b\u00e9b\u00e9. L\u2019id\u00e9al pour la toilette quotidienne du b\u00e9b\u00e9 On adore : son excellente tol\u00e9rance (pH physiologique, sans savon), son parfum iconique addictif et sa nouvelle pompe ! Tous types de peaux\u00a0 parties du corps : visage, corps &amp; si\u00e8ge de b\u00e9b\u00e9\u00a0 Contenance : flacon 500ml\u00a0\" \/>\n<meta property=\"og:url\" content=\"https:\/\/orthopara.store\/index.php\/produit\/eau-nettoyante-uriage-bebe-500ml\/\" \/>\n<meta property=\"og:site_name\" content=\"OrthoPara\" \/>\n<meta property=\"article:publisher\" content=\"https:\/\/www.facebook.com\/profile.php?id=61561194315651\" \/>\n<meta property=\"article:modified_time\" content=\"2024-06-28T13:54:43+00:00\" \/>\n<meta property=\"og:image\" content=\"https:\/\/orthopara.store\/wp-content\/uploads\/2024\/06\/eau-nettoyante-uriage-bebe-500ml.jpg\" \/>\n\t<meta property=\"og:image:width\" content=\"800\" \/>\n\t<meta property=\"og:image:height\" content=\"800\" \/>\n\t<meta property=\"og:image:type\" content=\"image\/jpeg\" \/>\n<meta name=\"twitter:card\" content=\"summary_large_image\" \/>\n<meta name=\"twitter:label1\" content=\"Dur\u00e9e de lecture estim\u00e9e\" \/>\n\t<meta name=\"twitter:data1\" content=\"1 minute\" \/>\n<script type=\"application\/ld+json\" class=\"yoast-schema-graph\">{\"@context\":\"https:\/\/schema.org\",\"@graph\":[{\"@type\":\"WebPage\",\"@id\":\"https:\/\/orthopara.store\/index.php\/produit\/eau-nettoyante-uriage-bebe-500ml\/\",\"url\":\"https:\/\/orthopara.store\/index.php\/produit\/eau-nettoyante-uriage-bebe-500ml\/\",\"name\":\"Eau nettoyante - Uriage B\u00e9b\u00e9 - 500ml - OrthoPara\",\"isPartOf\":{\"@id\":\"https:\/\/orthopara.store\/#website\"},\"primaryImageOfPage\":{\"@id\":\"https:\/\/orthopara.store\/index.php\/produit\/eau-nettoyante-uriage-bebe-500ml\/#primaryimage\"},\"image\":{\"@id\":\"https:\/\/orthopara.store\/index.php\/produit\/eau-nettoyante-uriage-bebe-500ml\/#primaryimage\"},\"thumbnailUrl\":\"https:\/\/orthopara.store\/wp-content\/uploads\/2024\/06\/eau-nettoyante-uriage-bebe-500ml.jpg\",\"datePublished\":\"2024-06-28T13:54:38+00:00\",\"dateModified\":\"2024-06-28T13:54:43+00:00\",\"breadcrumb\":{\"@id\":\"https:\/\/orthopara.store\/index.php\/produit\/eau-nettoyante-uriage-bebe-500ml\/#breadcrumb\"},\"inLanguage\":\"fr-FR\",\"potentialAction\":[{\"@type\":\"ReadAction\",\"target\":[\"https:\/\/orthopara.store\/index.php\/produit\/eau-nettoyante-uriage-bebe-500ml\/\"]}]},{\"@type\":\"ImageObject\",\"inLanguage\":\"fr-FR\",\"@id\":\"https:\/\/orthopara.store\/index.php\/produit\/eau-nettoyante-uriage-bebe-500ml\/#primaryimage\",\"url\":\"https:\/\/orthopara.store\/wp-content\/uploads\/2024\/06\/eau-nettoyante-uriage-bebe-500ml.jpg\",\"contentUrl\":\"https:\/\/orthopara.store\/wp-content\/uploads\/2024\/06\/eau-nettoyante-uriage-bebe-500ml.jpg\",\"width\":800,\"height\":800},{\"@type\":\"BreadcrumbList\",\"@id\":\"https:\/\/orthopara.store\/index.php\/produit\/eau-nettoyante-uriage-bebe-500ml\/#breadcrumb\",\"itemListElement\":[{\"@type\":\"ListItem\",\"position\":1,\"name\":\"Accueil\",\"item\":\"https:\/\/orthopara.store\/\"},{\"@type\":\"ListItem\",\"position\":2,\"name\":\"Shop\",\"item\":\"https:\/\/orthopara.store\/?page_id=622\"},{\"@type\":\"ListItem\",\"position\":3,\"name\":\"Eau nettoyante &#8211; Uriage B\u00e9b\u00e9 &#8211; 500ml\"}]},{\"@type\":\"WebSite\",\"@id\":\"https:\/\/orthopara.store\/#website\",\"url\":\"https:\/\/orthopara.store\/\",\"name\":\"OrthoPara\",\"description\":\"Parapharmacie\",\"publisher\":{\"@id\":\"https:\/\/orthopara.store\/#organization\"},\"potentialAction\":[{\"@type\":\"SearchAction\",\"target\":{\"@type\":\"EntryPoint\",\"urlTemplate\":\"https:\/\/orthopara.store\/?s={search_term_string}\"},\"query-input\":\"required name=search_term_string\"}],\"inLanguage\":\"fr-FR\"},{\"@type\":\"Organization\",\"@id\":\"https:\/\/orthopara.store\/#organization\",\"name\":\"OrthoPara\",\"url\":\"https:\/\/orthopara.store\/\",\"logo\":{\"@type\":\"ImageObject\",\"inLanguage\":\"fr-FR\",\"@id\":\"https:\/\/orthopara.store\/#\/schema\/logo\/image\/\",\"url\":\"https:\/\/orthopara.store\/wp-content\/uploads\/2024\/06\/cropped-9ABA8BAD-6256-4719-9315-15C66E64E882.png\",\"contentUrl\":\"https:\/\/orthopara.store\/wp-content\/uploads\/2024\/06\/cropped-9ABA8BAD-6256-4719-9315-15C66E64E882.png\",\"width\":240,\"height\":72,\"caption\":\"OrthoPara\"},\"image\":{\"@id\":\"https:\/\/orthopara.store\/#\/schema\/logo\/image\/\"},\"sameAs\":[\"https:\/\/www.facebook.com\/profile.php?id=61561194315651\",\"https:\/\/www.instagram.com\/orthopara_tunisie\/\"]}]}<\/script>\n<!-- \/ Yoast SEO plugin. -->","yoast_head_json":{"title":"Eau nettoyante - Uriage B\u00e9b\u00e9 - 500ml - OrthoPara","robots":{"index":"index","follow":"follow","max-snippet":"max-snippet:-1","max-image-preview":"max-image-preview:large","max-video-preview":"max-video-preview:-1"},"canonical":"https:\/\/orthopara.store\/index.php\/produit\/eau-nettoyante-uriage-bebe-500ml\/","og_locale":"fr_FR","og_type":"article","og_title":"Eau nettoyante - Uriage B\u00e9b\u00e9 - 500ml - OrthoPara","og_description":"Uriage b\u00e9b\u00e9 Eau nettoyante pour la toilette de b\u00e9b\u00e9\u2013 sans rin\u00e7age et sans savon Cette eau nettoie en douceur et \u00e9limine d\u00e9licatement les salissures, apaise, adoucit et prot\u00e8ge la peau d\u00e9licate de b\u00e9b\u00e9. L\u2019id\u00e9al pour la toilette quotidienne du b\u00e9b\u00e9 On adore : son excellente tol\u00e9rance (pH physiologique, sans savon), son parfum iconique addictif et sa nouvelle pompe ! Tous types de peaux\u00a0 parties du corps : visage, corps & si\u00e8ge de b\u00e9b\u00e9\u00a0 Contenance : flacon 500ml\u00a0","og_url":"https:\/\/orthopara.store\/index.php\/produit\/eau-nettoyante-uriage-bebe-500ml\/","og_site_name":"OrthoPara","article_publisher":"https:\/\/www.facebook.com\/profile.php?id=61561194315651","article_modified_time":"2024-06-28T13:54:43+00:00","og_image":[{"width":800,"height":800,"url":"https:\/\/orthopara.store\/wp-content\/uploads\/2024\/06\/eau-nettoyante-uriage-bebe-500ml.jpg","type":"image\/jpeg"}],"twitter_card":"summary_large_image","twitter_misc":{"Dur\u00e9e de lecture estim\u00e9e":"1 minute"},"schema":{"@context":"https:\/\/schema.org","@graph":[{"@type":"WebPage","@id":"https:\/\/orthopara.store\/index.php\/produit\/eau-nettoyante-uriage-bebe-500ml\/","url":"https:\/\/orthopara.store\/index.php\/produit\/eau-nettoyante-uriage-bebe-500ml\/","name":"Eau nettoyante - Uriage B\u00e9b\u00e9 - 500ml - OrthoPara","isPartOf":{"@id":"https:\/\/orthopara.store\/#website"},"primaryImageOfPage":{"@id":"https:\/\/orthopara.store\/index.php\/produit\/eau-nettoyante-uriage-bebe-500ml\/#primaryimage"},"image":{"@id":"https:\/\/orthopara.store\/index.php\/produit\/eau-nettoyante-uriage-bebe-500ml\/#primaryimage"},"thumbnailUrl":"https:\/\/orthopara.store\/wp-content\/uploads\/2024\/06\/eau-nettoyante-uriage-bebe-500ml.jpg","datePublished":"2024-06-28T13:54:38+00:00","dateModified":"2024-06-28T13:54:43+00:00","breadcrumb":{"@id":"https:\/\/orthopara.store\/index.php\/produit\/eau-nettoyante-uriage-bebe-500ml\/#breadcrumb"},"inLanguage":"fr-FR","potentialAction":[{"@type":"ReadAction","target":["https:\/\/orthopara.store\/index.php\/produit\/eau-nettoyante-uriage-bebe-500ml\/"]}]},{"@type":"ImageObject","inLanguage":"fr-FR","@id":"https:\/\/orthopara.store\/index.php\/produit\/eau-nettoyante-uriage-bebe-500ml\/#primaryimage","url":"https:\/\/orthopara.store\/wp-content\/uploads\/2024\/06\/eau-nettoyante-uriage-bebe-500ml.jpg","contentUrl":"https:\/\/orthopara.store\/wp-content\/uploads\/2024\/06\/eau-nettoyante-uriage-bebe-500ml.jpg","width":800,"height":800},{"@type":"BreadcrumbList","@id":"https:\/\/orthopara.store\/index.php\/produit\/eau-nettoyante-uriage-bebe-500ml\/#breadcrumb","itemListElement":[{"@type":"ListItem","position":1,"name":"Accueil","item":"https:\/\/orthopara.store\/"},{"@type":"ListItem","position":2,"name":"Shop","item":"https:\/\/orthopara.store\/?page_id=622"},{"@type":"ListItem","position":3,"name":"Eau nettoyante &#8211; Uriage B\u00e9b\u00e9 &#8211; 500ml"}]},{"@type":"WebSite","@id":"https:\/\/orthopara.store\/#website","url":"https:\/\/orthopara.store\/","name":"OrthoPara","description":"Parapharmacie","publisher":{"@id":"https:\/\/orthopara.store\/#organization"},"potentialAction":[{"@type":"SearchAction","target":{"@type":"EntryPoint","urlTemplate":"https:\/\/orthopara.store\/?s={search_term_string}"},"query-input":"required name=search_term_string"}],"inLanguage":"fr-FR"},{"@type":"Organization","@id":"https:\/\/orthopara.store\/#organization","name":"OrthoPara","url":"https:\/\/orthopara.store\/","logo":{"@type":"ImageObject","inLanguage":"fr-FR","@id":"https:\/\/orthopara.store\/#\/schema\/logo\/image\/","url":"https:\/\/orthopara.store\/wp-content\/uploads\/2024\/06\/cropped-9ABA8BAD-6256-4719-9315-15C66E64E882.png","contentUrl":"https:\/\/orthopara.store\/wp-content\/uploads\/2024\/06\/cropped-9ABA8BAD-6256-4719-9315-15C66E64E882.png","width":240,"height":72,"caption":"OrthoPara"},"image":{"@id":"https:\/\/orthopara.store\/#\/schema\/logo\/image\/"},"sameAs":["https:\/\/www.facebook.com\/profile.php?id=61561194315651","https:\/\/www.instagram.com\/orthopara_tunisie\/"]}]}},"jetpack_sharing_enabled":true,"brands":[{"id":195,"name":"Uriage B\u00e9b\u00e9","slug":"uriage-bebe"}],"_links":{"self":[{"href":"https:\/\/orthopara.store\/index.php?rest_route=\/wp\/v2\/product\/1666","targetHints":{"allow":["GET"]}}],"collection":[{"href":"https:\/\/orthopara.store\/index.php?rest_route=\/wp\/v2\/product"}],"about":[{"href":"https:\/\/orthopara.store\/index.php?rest_route=\/wp\/v2\/types\/product"}],"replies":[{"embeddable":true,"href":"https:\/\/orthopara.store\/index.php?rest_route=%2Fwp%2Fv2%2Fcomments&post=1666"}],"wp:featuredmedia":[{"embeddable":true,"href":"https:\/\/orthopara.store\/index.php?rest_route=\/wp\/v2\/media\/1682"}],"wp:attachment":[{"href":"https:\/\/orthopara.store\/index.php?rest_route=%2Fwp%2Fv2%2Fmedia&parent=1666"}],"wp:term":[{"taxonomy":"pwb-brand","embeddable":true,"href":"https:\/\/orthopara.store\/index.php?rest_route=%2Fwp%2Fv2%2Fpwb-brand&post=1666"},{"taxonomy":"product_cat","embeddable":true,"href":"https:\/\/orthopara.store\/index.php?rest_route=%2Fwp%2Fv2%2Fproduct_cat&post=1666"},{"taxonomy":"product_tag","embeddable":true,"href":"https:\/\/orthopara.store\/index.php?rest_route=%2Fwp%2Fv2%2Fproduct_tag&post=1666"}],"curies":[{"name":"wp","href":"https:\/\/api.w.org\/{rel}","templated":true}]}}