{"id":1691,"date":"2024-06-28T15:54:47","date_gmt":"2024-06-28T13:54:47","guid":{"rendered":"https:\/\/orthopara.store\/?post_type=product&#038;p=1691"},"modified":"2024-06-28T15:54:51","modified_gmt":"2024-06-28T13:54:51","slug":"creme-reparatrices-apaisantes-kenko-lanoline-allaitement-25ml","status":"publish","type":"product","link":"https:\/\/orthopara.store\/?product=creme-reparatrices-apaisantes-kenko-lanoline-allaitement-25ml","title":{"rendered":"Cr\u00e8me r\u00e9paratrices apaisantes &#8211; Kenko Lanoline Allaitement &#8211; 25ml"},"content":{"rendered":"<p>Cr\u00e8me r\u00e9paratrices apaisantes &#8211; Kenko Lanoline Allaitement &#8211; 25ml<br \/>\nla Pommade Lanoline Allaitement est un soin naturel de qualit\u00e9 pharmaceutique, cr\u00e9\u00e9 sp\u00e9cialement pour les mamans qui allaitent.<br \/>\nGr\u00e2ce \u00e0 Lanoline d&rsquo;origine naturelle, ce soin hydrate, r\u00e9pare et prot\u00e8ge les mamelons sensibles, irrit\u00e9s et crevass\u00e9s.<br \/>\nNe contient ni parfum, ni additifs, ni agents conservateurs.<br \/>\nPas besoin de l\u2019enlever avant d\u2019allaiter.\u00a0<br \/>\nIngr\u00e9dients :<br \/>\nlanoline, huile d\u2019olive, vitamine E<br \/>\nConseils d&rsquo;utilisation :\u00a0<br \/>\nAvant la 1\u00e8re utilisation, appliquez une dose de la cr\u00e8me Lanoline .<br \/>\nAllaitement sur le pli du coude afin de vous assurer de sa bonne tol\u00e9rance.<br \/>\nLavez-vous soigneusement les mains avant chaque utilisation.<br \/>\nD\u00e9posez une noix sur votre doigt et faites p\u00e9n\u00e9trer en massant d\u00e9licatement votre mamelon.<br \/>\nAppliquez le soin sur les mamelons apr\u00e8s chaque t\u00e9t\u00e9e pour pr\u00e9venir l&rsquo;apparition des irritations et les soulager.<\/p>\n","protected":false},"excerpt":{"rendered":"<p>kenko Lanoline Allaitement\u00a0<br \/>\nCr\u00e8me r\u00e9paratrices apaisantes\u00a0<\/p>\n<p>Connue pour ses propri\u00e9t\u00e9s apaisantes et r\u00e9paratrices, la lanoline est un soin de choix pour pr\u00e9venir ou soigner les ger\u00e7ures et les crevasses caus\u00e9es par l&rsquo;allaitement.<br \/>\nDLC: 08\/2023<br \/>\nContenance : 25ml<\/p>\n","protected":false},"featured_media":1717,"comment_status":"open","ping_status":"closed","template":"","meta":[],"pwb-brand":[110],"product_cat":[201],"product_tag":[],"class_list":{"0":"post-1691","1":"product","2":"type-product","3":"status-publish","4":"has-post-thumbnail","6":"pwb-brand-kenko","7":"product_cat-allaitement","8":"post","9":"ws-product--style-1","11":"first","12":"instock","13":"shipping-taxable","14":"purchasable","15":"product-type-simple"},"yoast_head":"<!-- This site is optimized with the Yoast SEO plugin v23.0 - https:\/\/yoast.com\/wordpress\/plugins\/seo\/ -->\n<title>Cr\u00e8me r\u00e9paratrices apaisantes - Kenko Lanoline Allaitement - 25ml - OrthoPara<\/title>\n<meta name=\"robots\" content=\"index, follow, max-snippet:-1, max-image-preview:large, max-video-preview:-1\" \/>\n<link rel=\"canonical\" href=\"https:\/\/orthopara.store\/index.php\/produit\/creme-reparatrices-apaisantes-kenko-lanoline-allaitement-25ml\/\" \/>\n<meta property=\"og:locale\" content=\"fr_FR\" \/>\n<meta property=\"og:type\" content=\"article\" \/>\n<meta property=\"og:title\" content=\"Cr\u00e8me r\u00e9paratrices apaisantes - Kenko Lanoline Allaitement - 25ml - OrthoPara\" \/>\n<meta property=\"og:description\" content=\"kenko Lanoline Allaitement\u00a0 Cr\u00e8me r\u00e9paratrices apaisantes\u00a0 Connue pour ses propri\u00e9t\u00e9s apaisantes et r\u00e9paratrices, la lanoline est un soin de choix pour pr\u00e9venir ou soigner les ger\u00e7ures et les crevasses caus\u00e9es par l&#039;allaitement. DLC: 08\/2023 Contenance : 25ml\" \/>\n<meta property=\"og:url\" content=\"https:\/\/orthopara.store\/index.php\/produit\/creme-reparatrices-apaisantes-kenko-lanoline-allaitement-25ml\/\" \/>\n<meta property=\"og:site_name\" content=\"OrthoPara\" \/>\n<meta property=\"article:publisher\" content=\"https:\/\/www.facebook.com\/profile.php?id=61561194315651\" \/>\n<meta property=\"article:modified_time\" content=\"2024-06-28T13:54:51+00:00\" \/>\n<meta property=\"og:image\" content=\"https:\/\/orthopara.store\/wp-content\/uploads\/2024\/06\/creme-reparatrices-apaisantes-kenko-lanoline-allaitement-25ml.jpg\" \/>\n\t<meta property=\"og:image:width\" content=\"800\" \/>\n\t<meta property=\"og:image:height\" content=\"800\" \/>\n\t<meta property=\"og:image:type\" content=\"image\/jpeg\" \/>\n<meta name=\"twitter:card\" content=\"summary_large_image\" \/>\n<meta name=\"twitter:label1\" content=\"Dur\u00e9e de lecture estim\u00e9e\" \/>\n\t<meta name=\"twitter:data1\" content=\"1 minute\" \/>\n<script type=\"application\/ld+json\" class=\"yoast-schema-graph\">{\"@context\":\"https:\/\/schema.org\",\"@graph\":[{\"@type\":\"WebPage\",\"@id\":\"https:\/\/orthopara.store\/index.php\/produit\/creme-reparatrices-apaisantes-kenko-lanoline-allaitement-25ml\/\",\"url\":\"https:\/\/orthopara.store\/index.php\/produit\/creme-reparatrices-apaisantes-kenko-lanoline-allaitement-25ml\/\",\"name\":\"Cr\u00e8me r\u00e9paratrices apaisantes - Kenko Lanoline Allaitement - 25ml - OrthoPara\",\"isPartOf\":{\"@id\":\"https:\/\/orthopara.store\/#website\"},\"primaryImageOfPage\":{\"@id\":\"https:\/\/orthopara.store\/index.php\/produit\/creme-reparatrices-apaisantes-kenko-lanoline-allaitement-25ml\/#primaryimage\"},\"image\":{\"@id\":\"https:\/\/orthopara.store\/index.php\/produit\/creme-reparatrices-apaisantes-kenko-lanoline-allaitement-25ml\/#primaryimage\"},\"thumbnailUrl\":\"https:\/\/orthopara.store\/wp-content\/uploads\/2024\/06\/creme-reparatrices-apaisantes-kenko-lanoline-allaitement-25ml.jpg\",\"datePublished\":\"2024-06-28T13:54:47+00:00\",\"dateModified\":\"2024-06-28T13:54:51+00:00\",\"breadcrumb\":{\"@id\":\"https:\/\/orthopara.store\/index.php\/produit\/creme-reparatrices-apaisantes-kenko-lanoline-allaitement-25ml\/#breadcrumb\"},\"inLanguage\":\"fr-FR\",\"potentialAction\":[{\"@type\":\"ReadAction\",\"target\":[\"https:\/\/orthopara.store\/index.php\/produit\/creme-reparatrices-apaisantes-kenko-lanoline-allaitement-25ml\/\"]}]},{\"@type\":\"ImageObject\",\"inLanguage\":\"fr-FR\",\"@id\":\"https:\/\/orthopara.store\/index.php\/produit\/creme-reparatrices-apaisantes-kenko-lanoline-allaitement-25ml\/#primaryimage\",\"url\":\"https:\/\/orthopara.store\/wp-content\/uploads\/2024\/06\/creme-reparatrices-apaisantes-kenko-lanoline-allaitement-25ml.jpg\",\"contentUrl\":\"https:\/\/orthopara.store\/wp-content\/uploads\/2024\/06\/creme-reparatrices-apaisantes-kenko-lanoline-allaitement-25ml.jpg\",\"width\":800,\"height\":800},{\"@type\":\"BreadcrumbList\",\"@id\":\"https:\/\/orthopara.store\/index.php\/produit\/creme-reparatrices-apaisantes-kenko-lanoline-allaitement-25ml\/#breadcrumb\",\"itemListElement\":[{\"@type\":\"ListItem\",\"position\":1,\"name\":\"Accueil\",\"item\":\"https:\/\/orthopara.store\/\"},{\"@type\":\"ListItem\",\"position\":2,\"name\":\"Shop\",\"item\":\"https:\/\/orthopara.store\/?page_id=622\"},{\"@type\":\"ListItem\",\"position\":3,\"name\":\"Cr\u00e8me r\u00e9paratrices apaisantes &#8211; Kenko Lanoline Allaitement &#8211; 25ml\"}]},{\"@type\":\"WebSite\",\"@id\":\"https:\/\/orthopara.store\/#website\",\"url\":\"https:\/\/orthopara.store\/\",\"name\":\"OrthoPara\",\"description\":\"Parapharmacie\",\"publisher\":{\"@id\":\"https:\/\/orthopara.store\/#organization\"},\"potentialAction\":[{\"@type\":\"SearchAction\",\"target\":{\"@type\":\"EntryPoint\",\"urlTemplate\":\"https:\/\/orthopara.store\/?s={search_term_string}\"},\"query-input\":\"required name=search_term_string\"}],\"inLanguage\":\"fr-FR\"},{\"@type\":\"Organization\",\"@id\":\"https:\/\/orthopara.store\/#organization\",\"name\":\"OrthoPara\",\"url\":\"https:\/\/orthopara.store\/\",\"logo\":{\"@type\":\"ImageObject\",\"inLanguage\":\"fr-FR\",\"@id\":\"https:\/\/orthopara.store\/#\/schema\/logo\/image\/\",\"url\":\"https:\/\/orthopara.store\/wp-content\/uploads\/2024\/06\/cropped-9ABA8BAD-6256-4719-9315-15C66E64E882.png\",\"contentUrl\":\"https:\/\/orthopara.store\/wp-content\/uploads\/2024\/06\/cropped-9ABA8BAD-6256-4719-9315-15C66E64E882.png\",\"width\":240,\"height\":72,\"caption\":\"OrthoPara\"},\"image\":{\"@id\":\"https:\/\/orthopara.store\/#\/schema\/logo\/image\/\"},\"sameAs\":[\"https:\/\/www.facebook.com\/profile.php?id=61561194315651\",\"https:\/\/www.instagram.com\/orthopara_tunisie\/\"]}]}<\/script>\n<!-- \/ Yoast SEO plugin. -->","yoast_head_json":{"title":"Cr\u00e8me r\u00e9paratrices apaisantes - Kenko Lanoline Allaitement - 25ml - OrthoPara","robots":{"index":"index","follow":"follow","max-snippet":"max-snippet:-1","max-image-preview":"max-image-preview:large","max-video-preview":"max-video-preview:-1"},"canonical":"https:\/\/orthopara.store\/index.php\/produit\/creme-reparatrices-apaisantes-kenko-lanoline-allaitement-25ml\/","og_locale":"fr_FR","og_type":"article","og_title":"Cr\u00e8me r\u00e9paratrices apaisantes - Kenko Lanoline Allaitement - 25ml - OrthoPara","og_description":"kenko Lanoline Allaitement\u00a0 Cr\u00e8me r\u00e9paratrices apaisantes\u00a0 Connue pour ses propri\u00e9t\u00e9s apaisantes et r\u00e9paratrices, la lanoline est un soin de choix pour pr\u00e9venir ou soigner les ger\u00e7ures et les crevasses caus\u00e9es par l'allaitement. DLC: 08\/2023 Contenance : 25ml","og_url":"https:\/\/orthopara.store\/index.php\/produit\/creme-reparatrices-apaisantes-kenko-lanoline-allaitement-25ml\/","og_site_name":"OrthoPara","article_publisher":"https:\/\/www.facebook.com\/profile.php?id=61561194315651","article_modified_time":"2024-06-28T13:54:51+00:00","og_image":[{"width":800,"height":800,"url":"https:\/\/orthopara.store\/wp-content\/uploads\/2024\/06\/creme-reparatrices-apaisantes-kenko-lanoline-allaitement-25ml.jpg","type":"image\/jpeg"}],"twitter_card":"summary_large_image","twitter_misc":{"Dur\u00e9e de lecture estim\u00e9e":"1 minute"},"schema":{"@context":"https:\/\/schema.org","@graph":[{"@type":"WebPage","@id":"https:\/\/orthopara.store\/index.php\/produit\/creme-reparatrices-apaisantes-kenko-lanoline-allaitement-25ml\/","url":"https:\/\/orthopara.store\/index.php\/produit\/creme-reparatrices-apaisantes-kenko-lanoline-allaitement-25ml\/","name":"Cr\u00e8me r\u00e9paratrices apaisantes - Kenko Lanoline Allaitement - 25ml - OrthoPara","isPartOf":{"@id":"https:\/\/orthopara.store\/#website"},"primaryImageOfPage":{"@id":"https:\/\/orthopara.store\/index.php\/produit\/creme-reparatrices-apaisantes-kenko-lanoline-allaitement-25ml\/#primaryimage"},"image":{"@id":"https:\/\/orthopara.store\/index.php\/produit\/creme-reparatrices-apaisantes-kenko-lanoline-allaitement-25ml\/#primaryimage"},"thumbnailUrl":"https:\/\/orthopara.store\/wp-content\/uploads\/2024\/06\/creme-reparatrices-apaisantes-kenko-lanoline-allaitement-25ml.jpg","datePublished":"2024-06-28T13:54:47+00:00","dateModified":"2024-06-28T13:54:51+00:00","breadcrumb":{"@id":"https:\/\/orthopara.store\/index.php\/produit\/creme-reparatrices-apaisantes-kenko-lanoline-allaitement-25ml\/#breadcrumb"},"inLanguage":"fr-FR","potentialAction":[{"@type":"ReadAction","target":["https:\/\/orthopara.store\/index.php\/produit\/creme-reparatrices-apaisantes-kenko-lanoline-allaitement-25ml\/"]}]},{"@type":"ImageObject","inLanguage":"fr-FR","@id":"https:\/\/orthopara.store\/index.php\/produit\/creme-reparatrices-apaisantes-kenko-lanoline-allaitement-25ml\/#primaryimage","url":"https:\/\/orthopara.store\/wp-content\/uploads\/2024\/06\/creme-reparatrices-apaisantes-kenko-lanoline-allaitement-25ml.jpg","contentUrl":"https:\/\/orthopara.store\/wp-content\/uploads\/2024\/06\/creme-reparatrices-apaisantes-kenko-lanoline-allaitement-25ml.jpg","width":800,"height":800},{"@type":"BreadcrumbList","@id":"https:\/\/orthopara.store\/index.php\/produit\/creme-reparatrices-apaisantes-kenko-lanoline-allaitement-25ml\/#breadcrumb","itemListElement":[{"@type":"ListItem","position":1,"name":"Accueil","item":"https:\/\/orthopara.store\/"},{"@type":"ListItem","position":2,"name":"Shop","item":"https:\/\/orthopara.store\/?page_id=622"},{"@type":"ListItem","position":3,"name":"Cr\u00e8me r\u00e9paratrices apaisantes &#8211; Kenko Lanoline Allaitement &#8211; 25ml"}]},{"@type":"WebSite","@id":"https:\/\/orthopara.store\/#website","url":"https:\/\/orthopara.store\/","name":"OrthoPara","description":"Parapharmacie","publisher":{"@id":"https:\/\/orthopara.store\/#organization"},"potentialAction":[{"@type":"SearchAction","target":{"@type":"EntryPoint","urlTemplate":"https:\/\/orthopara.store\/?s={search_term_string}"},"query-input":"required name=search_term_string"}],"inLanguage":"fr-FR"},{"@type":"Organization","@id":"https:\/\/orthopara.store\/#organization","name":"OrthoPara","url":"https:\/\/orthopara.store\/","logo":{"@type":"ImageObject","inLanguage":"fr-FR","@id":"https:\/\/orthopara.store\/#\/schema\/logo\/image\/","url":"https:\/\/orthopara.store\/wp-content\/uploads\/2024\/06\/cropped-9ABA8BAD-6256-4719-9315-15C66E64E882.png","contentUrl":"https:\/\/orthopara.store\/wp-content\/uploads\/2024\/06\/cropped-9ABA8BAD-6256-4719-9315-15C66E64E882.png","width":240,"height":72,"caption":"OrthoPara"},"image":{"@id":"https:\/\/orthopara.store\/#\/schema\/logo\/image\/"},"sameAs":["https:\/\/www.facebook.com\/profile.php?id=61561194315651","https:\/\/www.instagram.com\/orthopara_tunisie\/"]}]}},"jetpack_sharing_enabled":true,"brands":[{"id":110,"name":"Kenko","slug":"kenko"}],"_links":{"self":[{"href":"https:\/\/orthopara.store\/index.php?rest_route=\/wp\/v2\/product\/1691","targetHints":{"allow":["GET"]}}],"collection":[{"href":"https:\/\/orthopara.store\/index.php?rest_route=\/wp\/v2\/product"}],"about":[{"href":"https:\/\/orthopara.store\/index.php?rest_route=\/wp\/v2\/types\/product"}],"replies":[{"embeddable":true,"href":"https:\/\/orthopara.store\/index.php?rest_route=%2Fwp%2Fv2%2Fcomments&post=1691"}],"wp:featuredmedia":[{"embeddable":true,"href":"https:\/\/orthopara.store\/index.php?rest_route=\/wp\/v2\/media\/1717"}],"wp:attachment":[{"href":"https:\/\/orthopara.store\/index.php?rest_route=%2Fwp%2Fv2%2Fmedia&parent=1691"}],"wp:term":[{"taxonomy":"pwb-brand","embeddable":true,"href":"https:\/\/orthopara.store\/index.php?rest_route=%2Fwp%2Fv2%2Fpwb-brand&post=1691"},{"taxonomy":"product_cat","embeddable":true,"href":"https:\/\/orthopara.store\/index.php?rest_route=%2Fwp%2Fv2%2Fproduct_cat&post=1691"},{"taxonomy":"product_tag","embeddable":true,"href":"https:\/\/orthopara.store\/index.php?rest_route=%2Fwp%2Fv2%2Fproduct_tag&post=1691"}],"curies":[{"name":"wp","href":"https:\/\/api.w.org\/{rel}","templated":true}]}}