{"id":1696,"date":"2024-06-28T15:54:48","date_gmt":"2024-06-28T13:54:48","guid":{"rendered":"https:\/\/orthopara.store\/?post_type=product&#038;p=1696"},"modified":"2024-11-07T09:50:58","modified_gmt":"2024-11-07T08:50:58","slug":"canpol-babies-expresscare-biberons-pour-conservation-du-lait-maternel-3x120ml","status":"publish","type":"product","link":"https:\/\/orthopara.store\/?product=canpol-babies-expresscare-biberons-pour-conservation-du-lait-maternel-3x120ml","title":{"rendered":"Canpol babies ExpressCare &#8211; Biberons pour conservation du lait maternel &#8211; 3x120ml"},"content":{"rendered":"<p>Le lait maternel est un aliment pr\u00e9cieux et optimal pour un b\u00e9b\u00e9 d\u00e8s les premiers jours de sa vie. Nous savons \u00e9galement \u00e0 quels d\u00e9fis et difficult\u00e9s une m\u00e8re doit faire face pendant l&rsquo;allaitement, c&rsquo;est pourquoi le kit de biberons Canpol pour la conservation du lait maternel a \u00e9t\u00e9 cr\u00e9\u00e9 pour utiliser le lait maternel dans l&rsquo;esprit du \u00ab z\u00e9ro d\u00e9chet \u00bb. L&rsquo;ensemble de biberons Canpol pour le stockage du lait maternel peut \u00eatre utilis\u00e9 directement avec des tire-lait, vous permettant d&rsquo;exprimer, de conserver, de r\u00e9chauffer et de nourrir votre b\u00e9b\u00e9 avec du lait maternel en utilisant le m\u00eame biberon. Gr\u00e2ce \u00e0 cela, aucune goutte de nourriture pr\u00e9cieuse ne sera gaspill\u00e9e. Les biberons peuvent \u00eatre lav\u00e9s au lave-vaisselle, d\u00e9sinfect\u00e9s au st\u00e9rilisateur et r\u00e9chauff\u00e9s au micro-ondes ou au chauffe-biberon.\u00a0<br \/>\nLes biberons sont fabriqu\u00e9s dans un mat\u00e9riau qui permet de pr\u00e9server les propri\u00e9t\u00e9s b\u00e9n\u00e9fiques du lait maternel et de le conserver en toute s\u00e9curit\u00e9 au r\u00e9frig\u00e9rateur ou au cong\u00e9lateur jusqu&rsquo;\u00e0 6 mois. L&rsquo;ensemble comprend \u00e9galement des capuchons et des \u00e9crous pour une fermeture \u00e9tanche.\u00a0<br \/>\nLe biberon peut \u00eatre utilis\u00e9 avec toutes les t\u00e9tines Canpol pour b\u00e9b\u00e9s. Le kit de biberons Canpol pour le stockage du lait maternel est d&rsquo;une grande aide lors de l&rsquo;allaitement. Il a \u00e9t\u00e9 cr\u00e9\u00e9 pour le stockage s\u00fbr et \u00e0 long terme du lait exprim\u00e9, afin d&rsquo;offrir un confort aux mamans dans les situations o\u00f9 elles doivent quitter la maison et laisser l&rsquo;enfant \u00e0 la garde d&rsquo;une autre personne ou lorsqu&rsquo;il y a une p\u00e9nurie temporaire de lait.<br \/>\nCaract\u00e9ristiques :<br \/>\nUn biberon pour extraire, conserver, congeler, r\u00e9chauffer et nourrir le lait<br \/>\nPas de versement \u2013 \u200b\u200bpas une goutte de lait pr\u00e9cieux ne sera gaspill\u00e9e<br \/>\nConservation du lait en toute s\u00e9curit\u00e9 au r\u00e9frig\u00e9rateur ou au cong\u00e9lateur jusqu&rsquo;\u00e0 6 mois<br \/>\nFermeture serr\u00e9e<br \/>\nPratique et pratique : peut \u00eatre utilis\u00e9 au chauffe-biberon, au micro-ondes et au lave-vaisselle<br \/>\nIls s&rsquo;adaptent \u00e0 tous les tire-lait et t\u00e9tines Canpol pour b\u00e9b\u00e9s<br \/>\nConseils d&rsquo;utilisation :<br \/>\nPompage :\u00a0Exprimer le lait maternel directement dans le biberon<br \/>\nStockage :\u00a0Mettre le disque et le bouchon et placer au r\u00e9frig\u00e9rateur ou au cong\u00e9lateur<br \/>\n\u00c9chauffement :\u00a0Pr\u00e9parez du lait facilement et rapidement dans le chauffe-biberon \/ micro-ondes<br \/>\nAllaiter au lait maternel :\u00a0Mettez la t\u00e9tine et nourrissez votre b\u00e9b\u00e9<\/p>\n<p>Avant la premi\u00e8re utilisation, d\u00e9montez et nettoyez le produit puis placez les composants dans l&rsquo;eau bouillante pendant 5 min. Il s\u2019agit de garantir l\u2019hygi\u00e8ne. Avant chaque utilisation ult\u00e9rieure, nettoyer soigneusement pour garantir l&rsquo;hygi\u00e8ne. Avant chaque utilisation, lavez toutes les pi\u00e8ces amovibles \u00e0 l&rsquo;eau ti\u00e8de avec un d\u00e9tergent doux, puis rincez bien. Verser de l&rsquo;eau bouillante. Lavez soigneusement toutes les pi\u00e8ces \u00e0 l&rsquo;eau claire, y compris les zones qui peuvent \u00eatre invisibles mais o\u00f9 des aliments sont pass\u00e9s, pour \u00e9liminer tout r\u00e9sidu alimentaire.\u00a0<br \/>\nApr\u00e8s utilisation, retirez les aliments restants du r\u00e9cipient, rincez, lavez et d\u00e9sinfectez dans un st\u00e9rilisateur vapeur\/\u00e9lectrique ou dans de l&rsquo;eau bouillante. Le r\u00e9cipient peut \u00eatre lav\u00e9 au lave-vaisselle (temp. max. 60 \u2103). L\u2019eau bouillante peut cr\u00e9er un effet calcaire.\u00a0<br \/>\nN&rsquo;utilisez aucun agent antibact\u00e9rien. Ne pas placer le produit dans un four chaud ou chauffer dans une cuisini\u00e8re \u00e0 gaz\/\u00e9lectrique.<br \/>\nJetez-le d\u00e8s les premiers signes de dommage ou de faiblesse.\u00a0<br \/>\nCe produit n&rsquo;est pas un jouet. Tenir hors de port\u00e9e des enfants lorsqu&rsquo;il n&rsquo;est pas utilis\u00e9.\u00a0<br \/>\nV\u00e9rifiez toujours la temp\u00e9rature des aliments avant de les nourrir.\u00a0<\/p>\n<p>Ne jamais faire bouillir le lait exprim\u00e9.\u00a0<br \/>\nNe pas ajouter de lait frais au lait d\u00e9congel\u00e9.\u00a0<br \/>\nNe pas recongeler le lait pr\u00e9alablement d\u00e9congel\u00e9. Ne jamais remplir le r\u00e9cipient avec des liquides chauds.\u00a0<br \/>\n\u00c0 utiliser uniquement avec le lait maternel.\u00a0<br \/>\nNe pas utiliser pour m\u00e9langer le lait maternis\u00e9.<\/p>\n","protected":false},"excerpt":{"rendered":"<p>Le lait maternel est un aliment pr\u00e9cieux et optimal pour un b\u00e9b\u00e9 d\u00e8s les premiers jours de sa vie. Nous savons \u00e9galement \u00e0 quels d\u00e9fis et difficult\u00e9s une m\u00e8re doit faire face pendant l&rsquo;allaitement, c&rsquo;est pourquoi le kit de biberons Canpol pour la conservation du lait maternel a \u00e9t\u00e9 cr\u00e9\u00e9 pour utiliser le lait maternel dans l&rsquo;esprit du \u00ab z\u00e9ro d\u00e9chet \u00bb. L&rsquo;ensemble de biberons Canpol pour le stockage du lait maternel peut \u00eatre utilis\u00e9 directement avec des tire-lait, vous permettant d&rsquo;exprimer, de conserver, de r\u00e9chauffer et de nourrir votre b\u00e9b\u00e9 avec du lait maternel en utilisant le m\u00eame biberon.<br \/>\nProduit sans Bisph\u00e9nol A<br \/>\nPeut \u00eatre utilis\u00e9 au micro-ondes \/ Lave-vaisselle<br \/>\nPeut \u00eatre utilis\u00e9 d\u00e8s la naissance<\/p>\n","protected":false},"featured_media":1722,"comment_status":"open","ping_status":"closed","template":"","meta":[],"pwb-brand":[174],"product_cat":[201],"product_tag":[],"class_list":{"0":"post-1696","1":"product","2":"type-product","3":"status-publish","4":"has-post-thumbnail","6":"pwb-brand-canpol-babies","7":"product_cat-allaitement","8":"post","9":"ws-product--style-1","11":"first","12":"instock","13":"shipping-taxable","14":"purchasable","15":"product-type-simple"},"yoast_head":"<!-- This site is optimized with the Yoast SEO plugin v23.0 - https:\/\/yoast.com\/wordpress\/plugins\/seo\/ -->\n<title>Canpol babies ExpressCare - Biberons pour conservation du lait maternel - 3x120ml - OrthoPara<\/title>\n<meta name=\"robots\" content=\"index, follow, max-snippet:-1, max-image-preview:large, max-video-preview:-1\" \/>\n<link rel=\"canonical\" href=\"https:\/\/orthopara.store\/index.php\/produit\/canpol-babies-expresscare-biberons-pour-conservation-du-lait-maternel-3x120ml\/\" \/>\n<meta property=\"og:locale\" content=\"fr_FR\" \/>\n<meta property=\"og:type\" content=\"article\" \/>\n<meta property=\"og:title\" content=\"Canpol babies ExpressCare - Biberons pour conservation du lait maternel - 3x120ml - OrthoPara\" \/>\n<meta property=\"og:description\" content=\"Le lait maternel est un aliment pr\u00e9cieux et optimal pour un b\u00e9b\u00e9 d\u00e8s les premiers jours de sa vie. Nous savons \u00e9galement \u00e0 quels d\u00e9fis et difficult\u00e9s une m\u00e8re doit faire face pendant l&#039;allaitement, c&#039;est pourquoi le kit de biberons Canpol pour la conservation du lait maternel a \u00e9t\u00e9 cr\u00e9\u00e9 pour utiliser le lait maternel dans l&#039;esprit du \u00ab z\u00e9ro d\u00e9chet \u00bb. L&#039;ensemble de biberons Canpol pour le stockage du lait maternel peut \u00eatre utilis\u00e9 directement avec des tire-lait, vous permettant d&#039;exprimer, de conserver, de r\u00e9chauffer et de nourrir votre b\u00e9b\u00e9 avec du lait maternel en utilisant le m\u00eame biberon. Produit sans Bisph\u00e9nol A Peut \u00eatre utilis\u00e9 au micro-ondes \/ Lave-vaisselle Peut \u00eatre utilis\u00e9 d\u00e8s la naissance\" \/>\n<meta property=\"og:url\" content=\"https:\/\/orthopara.store\/index.php\/produit\/canpol-babies-expresscare-biberons-pour-conservation-du-lait-maternel-3x120ml\/\" \/>\n<meta property=\"og:site_name\" content=\"OrthoPara\" \/>\n<meta property=\"article:publisher\" content=\"https:\/\/www.facebook.com\/profile.php?id=61561194315651\" \/>\n<meta property=\"article:modified_time\" content=\"2024-11-07T08:50:58+00:00\" \/>\n<meta property=\"og:image\" content=\"https:\/\/orthopara.store\/wp-content\/uploads\/2024\/06\/canpol-babies-expresscare-biberons-pour-conservation-du-lait-maternel-3x120ml.jpg\" \/>\n\t<meta property=\"og:image:width\" content=\"800\" \/>\n\t<meta property=\"og:image:height\" content=\"800\" \/>\n\t<meta property=\"og:image:type\" content=\"image\/jpeg\" \/>\n<meta name=\"twitter:card\" content=\"summary_large_image\" \/>\n<meta name=\"twitter:label1\" content=\"Dur\u00e9e de lecture estim\u00e9e\" \/>\n\t<meta name=\"twitter:data1\" content=\"3 minutes\" \/>\n<script type=\"application\/ld+json\" class=\"yoast-schema-graph\">{\"@context\":\"https:\/\/schema.org\",\"@graph\":[{\"@type\":\"WebPage\",\"@id\":\"https:\/\/orthopara.store\/index.php\/produit\/canpol-babies-expresscare-biberons-pour-conservation-du-lait-maternel-3x120ml\/\",\"url\":\"https:\/\/orthopara.store\/index.php\/produit\/canpol-babies-expresscare-biberons-pour-conservation-du-lait-maternel-3x120ml\/\",\"name\":\"Canpol babies ExpressCare - Biberons pour conservation du lait maternel - 3x120ml - OrthoPara\",\"isPartOf\":{\"@id\":\"https:\/\/orthopara.store\/#website\"},\"primaryImageOfPage\":{\"@id\":\"https:\/\/orthopara.store\/index.php\/produit\/canpol-babies-expresscare-biberons-pour-conservation-du-lait-maternel-3x120ml\/#primaryimage\"},\"image\":{\"@id\":\"https:\/\/orthopara.store\/index.php\/produit\/canpol-babies-expresscare-biberons-pour-conservation-du-lait-maternel-3x120ml\/#primaryimage\"},\"thumbnailUrl\":\"https:\/\/orthopara.store\/wp-content\/uploads\/2024\/06\/canpol-babies-expresscare-biberons-pour-conservation-du-lait-maternel-3x120ml.jpg\",\"datePublished\":\"2024-06-28T13:54:48+00:00\",\"dateModified\":\"2024-11-07T08:50:58+00:00\",\"breadcrumb\":{\"@id\":\"https:\/\/orthopara.store\/index.php\/produit\/canpol-babies-expresscare-biberons-pour-conservation-du-lait-maternel-3x120ml\/#breadcrumb\"},\"inLanguage\":\"fr-FR\",\"potentialAction\":[{\"@type\":\"ReadAction\",\"target\":[\"https:\/\/orthopara.store\/index.php\/produit\/canpol-babies-expresscare-biberons-pour-conservation-du-lait-maternel-3x120ml\/\"]}]},{\"@type\":\"ImageObject\",\"inLanguage\":\"fr-FR\",\"@id\":\"https:\/\/orthopara.store\/index.php\/produit\/canpol-babies-expresscare-biberons-pour-conservation-du-lait-maternel-3x120ml\/#primaryimage\",\"url\":\"https:\/\/orthopara.store\/wp-content\/uploads\/2024\/06\/canpol-babies-expresscare-biberons-pour-conservation-du-lait-maternel-3x120ml.jpg\",\"contentUrl\":\"https:\/\/orthopara.store\/wp-content\/uploads\/2024\/06\/canpol-babies-expresscare-biberons-pour-conservation-du-lait-maternel-3x120ml.jpg\",\"width\":800,\"height\":800},{\"@type\":\"BreadcrumbList\",\"@id\":\"https:\/\/orthopara.store\/index.php\/produit\/canpol-babies-expresscare-biberons-pour-conservation-du-lait-maternel-3x120ml\/#breadcrumb\",\"itemListElement\":[{\"@type\":\"ListItem\",\"position\":1,\"name\":\"Accueil\",\"item\":\"https:\/\/orthopara.store\/\"},{\"@type\":\"ListItem\",\"position\":2,\"name\":\"Shop\",\"item\":\"https:\/\/orthopara.store\/?page_id=622\"},{\"@type\":\"ListItem\",\"position\":3,\"name\":\"Canpol babies ExpressCare &#8211; Biberons pour conservation du lait maternel &#8211; 3x120ml\"}]},{\"@type\":\"WebSite\",\"@id\":\"https:\/\/orthopara.store\/#website\",\"url\":\"https:\/\/orthopara.store\/\",\"name\":\"OrthoPara\",\"description\":\"Parapharmacie\",\"publisher\":{\"@id\":\"https:\/\/orthopara.store\/#organization\"},\"potentialAction\":[{\"@type\":\"SearchAction\",\"target\":{\"@type\":\"EntryPoint\",\"urlTemplate\":\"https:\/\/orthopara.store\/?s={search_term_string}\"},\"query-input\":\"required name=search_term_string\"}],\"inLanguage\":\"fr-FR\"},{\"@type\":\"Organization\",\"@id\":\"https:\/\/orthopara.store\/#organization\",\"name\":\"OrthoPara\",\"url\":\"https:\/\/orthopara.store\/\",\"logo\":{\"@type\":\"ImageObject\",\"inLanguage\":\"fr-FR\",\"@id\":\"https:\/\/orthopara.store\/#\/schema\/logo\/image\/\",\"url\":\"https:\/\/orthopara.store\/wp-content\/uploads\/2024\/06\/cropped-9ABA8BAD-6256-4719-9315-15C66E64E882.png\",\"contentUrl\":\"https:\/\/orthopara.store\/wp-content\/uploads\/2024\/06\/cropped-9ABA8BAD-6256-4719-9315-15C66E64E882.png\",\"width\":240,\"height\":72,\"caption\":\"OrthoPara\"},\"image\":{\"@id\":\"https:\/\/orthopara.store\/#\/schema\/logo\/image\/\"},\"sameAs\":[\"https:\/\/www.facebook.com\/profile.php?id=61561194315651\",\"https:\/\/www.instagram.com\/orthopara_tunisie\/\"]}]}<\/script>\n<!-- \/ Yoast SEO plugin. -->","yoast_head_json":{"title":"Canpol babies ExpressCare - Biberons pour conservation du lait maternel - 3x120ml - OrthoPara","robots":{"index":"index","follow":"follow","max-snippet":"max-snippet:-1","max-image-preview":"max-image-preview:large","max-video-preview":"max-video-preview:-1"},"canonical":"https:\/\/orthopara.store\/index.php\/produit\/canpol-babies-expresscare-biberons-pour-conservation-du-lait-maternel-3x120ml\/","og_locale":"fr_FR","og_type":"article","og_title":"Canpol babies ExpressCare - Biberons pour conservation du lait maternel - 3x120ml - OrthoPara","og_description":"Le lait maternel est un aliment pr\u00e9cieux et optimal pour un b\u00e9b\u00e9 d\u00e8s les premiers jours de sa vie. Nous savons \u00e9galement \u00e0 quels d\u00e9fis et difficult\u00e9s une m\u00e8re doit faire face pendant l'allaitement, c'est pourquoi le kit de biberons Canpol pour la conservation du lait maternel a \u00e9t\u00e9 cr\u00e9\u00e9 pour utiliser le lait maternel dans l'esprit du \u00ab z\u00e9ro d\u00e9chet \u00bb. L'ensemble de biberons Canpol pour le stockage du lait maternel peut \u00eatre utilis\u00e9 directement avec des tire-lait, vous permettant d'exprimer, de conserver, de r\u00e9chauffer et de nourrir votre b\u00e9b\u00e9 avec du lait maternel en utilisant le m\u00eame biberon. Produit sans Bisph\u00e9nol A Peut \u00eatre utilis\u00e9 au micro-ondes \/ Lave-vaisselle Peut \u00eatre utilis\u00e9 d\u00e8s la naissance","og_url":"https:\/\/orthopara.store\/index.php\/produit\/canpol-babies-expresscare-biberons-pour-conservation-du-lait-maternel-3x120ml\/","og_site_name":"OrthoPara","article_publisher":"https:\/\/www.facebook.com\/profile.php?id=61561194315651","article_modified_time":"2024-11-07T08:50:58+00:00","og_image":[{"width":800,"height":800,"url":"https:\/\/orthopara.store\/wp-content\/uploads\/2024\/06\/canpol-babies-expresscare-biberons-pour-conservation-du-lait-maternel-3x120ml.jpg","type":"image\/jpeg"}],"twitter_card":"summary_large_image","twitter_misc":{"Dur\u00e9e de lecture estim\u00e9e":"3 minutes"},"schema":{"@context":"https:\/\/schema.org","@graph":[{"@type":"WebPage","@id":"https:\/\/orthopara.store\/index.php\/produit\/canpol-babies-expresscare-biberons-pour-conservation-du-lait-maternel-3x120ml\/","url":"https:\/\/orthopara.store\/index.php\/produit\/canpol-babies-expresscare-biberons-pour-conservation-du-lait-maternel-3x120ml\/","name":"Canpol babies ExpressCare - Biberons pour conservation du lait maternel - 3x120ml - OrthoPara","isPartOf":{"@id":"https:\/\/orthopara.store\/#website"},"primaryImageOfPage":{"@id":"https:\/\/orthopara.store\/index.php\/produit\/canpol-babies-expresscare-biberons-pour-conservation-du-lait-maternel-3x120ml\/#primaryimage"},"image":{"@id":"https:\/\/orthopara.store\/index.php\/produit\/canpol-babies-expresscare-biberons-pour-conservation-du-lait-maternel-3x120ml\/#primaryimage"},"thumbnailUrl":"https:\/\/orthopara.store\/wp-content\/uploads\/2024\/06\/canpol-babies-expresscare-biberons-pour-conservation-du-lait-maternel-3x120ml.jpg","datePublished":"2024-06-28T13:54:48+00:00","dateModified":"2024-11-07T08:50:58+00:00","breadcrumb":{"@id":"https:\/\/orthopara.store\/index.php\/produit\/canpol-babies-expresscare-biberons-pour-conservation-du-lait-maternel-3x120ml\/#breadcrumb"},"inLanguage":"fr-FR","potentialAction":[{"@type":"ReadAction","target":["https:\/\/orthopara.store\/index.php\/produit\/canpol-babies-expresscare-biberons-pour-conservation-du-lait-maternel-3x120ml\/"]}]},{"@type":"ImageObject","inLanguage":"fr-FR","@id":"https:\/\/orthopara.store\/index.php\/produit\/canpol-babies-expresscare-biberons-pour-conservation-du-lait-maternel-3x120ml\/#primaryimage","url":"https:\/\/orthopara.store\/wp-content\/uploads\/2024\/06\/canpol-babies-expresscare-biberons-pour-conservation-du-lait-maternel-3x120ml.jpg","contentUrl":"https:\/\/orthopara.store\/wp-content\/uploads\/2024\/06\/canpol-babies-expresscare-biberons-pour-conservation-du-lait-maternel-3x120ml.jpg","width":800,"height":800},{"@type":"BreadcrumbList","@id":"https:\/\/orthopara.store\/index.php\/produit\/canpol-babies-expresscare-biberons-pour-conservation-du-lait-maternel-3x120ml\/#breadcrumb","itemListElement":[{"@type":"ListItem","position":1,"name":"Accueil","item":"https:\/\/orthopara.store\/"},{"@type":"ListItem","position":2,"name":"Shop","item":"https:\/\/orthopara.store\/?page_id=622"},{"@type":"ListItem","position":3,"name":"Canpol babies ExpressCare &#8211; Biberons pour conservation du lait maternel &#8211; 3x120ml"}]},{"@type":"WebSite","@id":"https:\/\/orthopara.store\/#website","url":"https:\/\/orthopara.store\/","name":"OrthoPara","description":"Parapharmacie","publisher":{"@id":"https:\/\/orthopara.store\/#organization"},"potentialAction":[{"@type":"SearchAction","target":{"@type":"EntryPoint","urlTemplate":"https:\/\/orthopara.store\/?s={search_term_string}"},"query-input":"required name=search_term_string"}],"inLanguage":"fr-FR"},{"@type":"Organization","@id":"https:\/\/orthopara.store\/#organization","name":"OrthoPara","url":"https:\/\/orthopara.store\/","logo":{"@type":"ImageObject","inLanguage":"fr-FR","@id":"https:\/\/orthopara.store\/#\/schema\/logo\/image\/","url":"https:\/\/orthopara.store\/wp-content\/uploads\/2024\/06\/cropped-9ABA8BAD-6256-4719-9315-15C66E64E882.png","contentUrl":"https:\/\/orthopara.store\/wp-content\/uploads\/2024\/06\/cropped-9ABA8BAD-6256-4719-9315-15C66E64E882.png","width":240,"height":72,"caption":"OrthoPara"},"image":{"@id":"https:\/\/orthopara.store\/#\/schema\/logo\/image\/"},"sameAs":["https:\/\/www.facebook.com\/profile.php?id=61561194315651","https:\/\/www.instagram.com\/orthopara_tunisie\/"]}]}},"jetpack_sharing_enabled":true,"brands":[{"id":174,"name":"Canpol babies","slug":"canpol-babies"}],"_links":{"self":[{"href":"https:\/\/orthopara.store\/index.php?rest_route=\/wp\/v2\/product\/1696","targetHints":{"allow":["GET"]}}],"collection":[{"href":"https:\/\/orthopara.store\/index.php?rest_route=\/wp\/v2\/product"}],"about":[{"href":"https:\/\/orthopara.store\/index.php?rest_route=\/wp\/v2\/types\/product"}],"replies":[{"embeddable":true,"href":"https:\/\/orthopara.store\/index.php?rest_route=%2Fwp%2Fv2%2Fcomments&post=1696"}],"wp:featuredmedia":[{"embeddable":true,"href":"https:\/\/orthopara.store\/index.php?rest_route=\/wp\/v2\/media\/1722"}],"wp:attachment":[{"href":"https:\/\/orthopara.store\/index.php?rest_route=%2Fwp%2Fv2%2Fmedia&parent=1696"}],"wp:term":[{"taxonomy":"pwb-brand","embeddable":true,"href":"https:\/\/orthopara.store\/index.php?rest_route=%2Fwp%2Fv2%2Fpwb-brand&post=1696"},{"taxonomy":"product_cat","embeddable":true,"href":"https:\/\/orthopara.store\/index.php?rest_route=%2Fwp%2Fv2%2Fproduct_cat&post=1696"},{"taxonomy":"product_tag","embeddable":true,"href":"https:\/\/orthopara.store\/index.php?rest_route=%2Fwp%2Fv2%2Fproduct_tag&post=1696"}],"curies":[{"name":"wp","href":"https:\/\/api.w.org\/{rel}","templated":true}]}}