{"id":1697,"date":"2024-06-28T15:54:48","date_gmt":"2024-06-28T13:54:48","guid":{"rendered":"https:\/\/orthopara.store\/?post_type=product&#038;p=1697"},"modified":"2024-11-07T09:51:12","modified_gmt":"2024-11-07T08:51:12","slug":"canpol-babies-expresscare-tire-lait-electrique-double","status":"publish","type":"product","link":"https:\/\/orthopara.store\/?product=canpol-babies-expresscare-tire-lait-electrique-double","title":{"rendered":"Canpol babies ExpressCare &#8211; Tire-lait \u00e9lectrique double"},"content":{"rendered":"<p>Le double tire-lait \u00e9lectrique ExpressCare s&rsquo;adapte \u00e0 tous les biberons anti-coliques et standards \u00e0 col large pour b\u00e9b\u00e9s Canpol.<br \/>\nL&rsquo;ensemble comprend :<br \/>\n2 coussinets de massage en silicone<br \/>\n2 corps de tire-lait<br \/>\n2 valves anti-retour en silicone<br \/>\n2 biberons, 2 couvercles d&rsquo;entonnoir<br \/>\n2 tubes en silicone<br \/>\n4 raccords de tube<br \/>\ndes tire-lait avec panneau de commande<br \/>\ndes bouchons de biberon x2<br \/>\ndes t\u00e9tines de biberon x2<br \/>\ndes \u00e9crous de t\u00e9tine. x2<br \/>\ndisques d&rsquo;\u00e9tanch\u00e9it\u00e9 x2<br \/>\nadaptateurs de bouteilles x2<br \/>\nadaptateur secteur<br \/>\nc\u00e2ble de chargement avec USB<br \/>\nDeux embouts en silicone sont fix\u00e9s au tire-lait et correctement mont\u00e9s sur le c\u00e2ble du tire-lait et peuvent \u00eatre utilis\u00e9s comme aspirateur nasal \u00e9lectrique<br \/>\nCaract\u00e9ristiques :<br \/>\nParfait pour les mamans qui nourrissent au biberon avec du lait exprim\u00e9 ou qui combinent l&rsquo;allaitement au sein et au biberon<br \/>\n2en1 \u2013 aspirateur nasal \u00e9lectrique dans le kit<br \/>\nMode de fonctionnement tr\u00e8s silencieux \u2013 assure le confort pendant l\u2019expression du lait de nuit\u00a0<br \/>\nJusqu&rsquo;\u00e0 120 minutes de travail sans fil (3-4 utilisations)<br \/>\n3 modes de fonctionnement \u2013 \u200b\u200bbas\u00e9s sur le rythme naturel de succion du b\u00e9b\u00e9 en deux phases<br \/>\n27 r\u00e9glages de puissance d&rsquo;aspiration \u2013 la large gamme de r\u00e9glage de la puissance d&rsquo;aspiration<br \/>\nAjustement personnel \u2013 large gamme de possibilit\u00e9s de r\u00e9glage de la puissance d&rsquo;aspiration pour d\u00e9finir un mode d&rsquo;aspiration individuel pour chaque sein<br \/>\nChargement pratique \u2013 secteur, c\u00e2ble USB ou batterie externe<br \/>\nCorrection du mamelon \u2013 aide \u00e0 former un mamelon concave<br \/>\nForme ergonomique de l&rsquo;entonnoir \u2013 s&rsquo;adapte aux diff\u00e9rentes formes de poitrine<br \/>\nPanneau de commande tactile intuitif \u2013 facile \u00e0 utiliser<br \/>\nUn entonnoir rempla\u00e7able de 27 mm est disponible \u2013 la bonne taille de l&rsquo;entonnoir a une importance significative pour le confort et l&rsquo;efficacit\u00e9 de l&rsquo;expression du lait<br \/>\nConseils d&rsquo;utilisation :<br \/>\nNOTE! Avant la premi\u00e8re utilisation, chargez compl\u00e8tement la batterie. Le tire-lait dispose d&rsquo;une batterie lithium-ion rechargeable et ne n\u00e9cessite pas de piles AA ni de connexion permanente au secteur. Une fois compl\u00e8tement charg\u00e9, arr\u00eatez de charger pour \u00e9viter d&rsquo;endommager la batterie. Pour prolonger la dur\u00e9e de vie de la batterie, ne la laissez pas se d\u00e9charger compl\u00e8tement. La batterie est charg\u00e9e via l&rsquo;adaptateur secteur. Pour charger la batterie, connectez un c\u00f4t\u00e9 du c\u00e2ble de charge au tire-lait et l&rsquo;autre partie \u00e0 l&rsquo;adaptateur secteur. Branchez ensuite l&rsquo;adaptateur secteur dans une prise de courant. Il faut environ 120 minutes pour charger compl\u00e8tement la batterie du tire-lait. Lorsque la batterie est compl\u00e8tement charg\u00e9e, le voyant LED de la batterie cesse de clignoter. Le tire-lait peut \u00eatre recharg\u00e9 \u00e0 tout moment. Vous n&rsquo;avez pas besoin d&rsquo;attendre que la batterie soit compl\u00e8tement d\u00e9charg\u00e9e. Avec une charge compl\u00e8te, le tire-lait peut fonctionner pendant environ 120 minutes. Le tire-lait est dot\u00e9 d&rsquo;une minuterie int\u00e9gr\u00e9e et s&rsquo;\u00e9teint automatiquement apr\u00e8s 30 minutes de fonctionnement. Si vous souhaitez red\u00e9marrer l&rsquo;appareil, appuyez sur le bouton ON\/OFF.<br \/>\nAvant chaque utilisation :<br \/>\nLavez-vous soigneusement les mains. Assurez-vous qu&rsquo;il n&rsquo;y a pas de salet\u00e9, de liquide ou d&rsquo;humidit\u00e9 dans le tube en silicone. N&rsquo;allumez jamais le tire-lait si vous remarquez de l&rsquo;eau dans le tube en silicone. Avertissement! Ne soufflez pas \u00e0 la bouche dans le tube en silicone pour \u00e9liminer l\u2019eau.<br \/>\nPlacez le tire-lait sur votre sein de mani\u00e8re \u00e0 ce que le mamelon soit profond\u00e9ment \u00e0 l&rsquo;int\u00e9rieur de l&rsquo;entonnoir (exactement au milieu). NOTE! Le coussin en silicone doit bien adh\u00e9rer au sein. Sinon, l&rsquo;aspiration pourrait \u00eatre r\u00e9duite.<br \/>\nApr\u00e8s utilisation, d\u00e9montez le tire-lait. Nettoyez les pi\u00e8ces conform\u00e9ment \u00e0 la section Nettoyage et st\u00e9rilisation. NOTE! Le tire-lait, les tubes en silicone avec connecteurs, l&rsquo;adaptateur secteur et le c\u00e2ble USB ne peuvent pas \u00eatre lav\u00e9s ou st\u00e9rilis\u00e9s \u00e0 l&rsquo;eau. Pour nettoyer, essuyez avec un chiffon.<br \/>\nNOTE! Avant d\u2019\u00e9loigner le tire-lait du sein, assurez-vous qu\u2019il est \u00e9teint. Si n\u00e9cessaire, vous pouvez ranger le tire-lait pendant l&rsquo;expression en pla\u00e7ant votre doigt entre le coussinet et le sein (comme vous le faites lorsque vous rangez l&rsquo;enfant).<br \/>\nD\u00e9montez le tire-lait. Avant la premi\u00e8re et apr\u00e8s chaque utilisation, laver \u00e0 l&rsquo;eau ti\u00e8de toutes les pi\u00e8ces en contact direct avec le lait, le couvercle du diaphragme, le diaphragme, le corps du tire-lait avec entonnoir, le coussin de massage en silicone, le couvercle de l&rsquo;entonnoir, le clapet anti-retour en silicone, l&rsquo;adaptateur du biberon et le biberon. avec un d\u00e9tergent doux et placez-les dans l&rsquo;eau bouillante pendant 5 minutes pour garantir l&rsquo;hygi\u00e8ne. S\u00e9chez soigneusement tous les composants avant utilisation. Note! Ne laissez pas de composants au fond du pot. Remuez l&rsquo;eau pendant la st\u00e9rilisation pour \u00e9viter d&rsquo;endommager les composants.<br \/>\nLes composants en silicone en contact avec le lait, \u00e0 savoir le diaphragme, le coussin de massage en silicone et le clapet anti-retour en silicone, peuvent \u00eatre st\u00e9rilis\u00e9s dans un st\u00e9rilisateur \u00e9lectrique.<\/p>\n","protected":false},"excerpt":{"rendered":"<p>Le tire-lait \u00e9lectrique double ExpressCare est un tire-lait sans fil pour 2 seins pour un pompage fr\u00e9quent, rapide et indolore. Parfait pour les m\u00e8res qui nourrissent au biberon avec du lait exprim\u00e9, pour les m\u00e8res qui nourrissent au biberon, pour les m\u00e8res de jumeaux et les m\u00e8res actives qui retournent au travail et qui ne veulent pas arr\u00eater d&rsquo;allaiter.<br \/>\nC&rsquo;est un appareil 2en1 dot\u00e9 de la fonction d&rsquo;un aspirateur nasal \u00e9lectrique<\/p>\n","protected":false},"featured_media":1723,"comment_status":"open","ping_status":"closed","template":"","meta":[],"pwb-brand":[174],"product_cat":[201],"product_tag":[],"class_list":{"0":"post-1697","1":"product","2":"type-product","3":"status-publish","4":"has-post-thumbnail","6":"pwb-brand-canpol-babies","7":"product_cat-allaitement","8":"post","9":"ws-product--style-1","11":"first","12":"instock","13":"shipping-taxable","14":"purchasable","15":"product-type-simple"},"yoast_head":"<!-- This site is optimized with the Yoast SEO plugin v23.0 - https:\/\/yoast.com\/wordpress\/plugins\/seo\/ -->\n<title>Canpol babies ExpressCare - Tire-lait \u00e9lectrique double - OrthoPara<\/title>\n<meta name=\"robots\" content=\"index, follow, max-snippet:-1, max-image-preview:large, max-video-preview:-1\" \/>\n<link rel=\"canonical\" href=\"https:\/\/orthopara.store\/index.php\/produit\/canpol-babies-expresscare-tire-lait-electrique-double\/\" \/>\n<meta property=\"og:locale\" content=\"fr_FR\" \/>\n<meta property=\"og:type\" content=\"article\" \/>\n<meta property=\"og:title\" content=\"Canpol babies ExpressCare - Tire-lait \u00e9lectrique double - OrthoPara\" \/>\n<meta property=\"og:description\" content=\"Le tire-lait \u00e9lectrique double ExpressCare est un tire-lait sans fil pour 2 seins pour un pompage fr\u00e9quent, rapide et indolore. Parfait pour les m\u00e8res qui nourrissent au biberon avec du lait exprim\u00e9, pour les m\u00e8res qui nourrissent au biberon, pour les m\u00e8res de jumeaux et les m\u00e8res actives qui retournent au travail et qui ne veulent pas arr\u00eater d&#039;allaiter. C&#039;est un appareil 2en1 dot\u00e9 de la fonction d&#039;un aspirateur nasal \u00e9lectrique\" \/>\n<meta property=\"og:url\" content=\"https:\/\/orthopara.store\/index.php\/produit\/canpol-babies-expresscare-tire-lait-electrique-double\/\" \/>\n<meta property=\"og:site_name\" content=\"OrthoPara\" \/>\n<meta property=\"article:publisher\" content=\"https:\/\/www.facebook.com\/profile.php?id=61561194315651\" \/>\n<meta property=\"article:modified_time\" content=\"2024-11-07T08:51:12+00:00\" \/>\n<meta property=\"og:image\" content=\"https:\/\/orthopara.store\/wp-content\/uploads\/2024\/06\/canpol-babies-express-care-tire-lait-double-electrique.jpg\" \/>\n\t<meta property=\"og:image:width\" content=\"800\" \/>\n\t<meta property=\"og:image:height\" content=\"800\" \/>\n\t<meta property=\"og:image:type\" content=\"image\/jpeg\" \/>\n<meta name=\"twitter:card\" content=\"summary_large_image\" \/>\n<meta name=\"twitter:label1\" content=\"Dur\u00e9e de lecture estim\u00e9e\" \/>\n\t<meta name=\"twitter:data1\" content=\"4 minutes\" \/>\n<script type=\"application\/ld+json\" class=\"yoast-schema-graph\">{\"@context\":\"https:\/\/schema.org\",\"@graph\":[{\"@type\":\"WebPage\",\"@id\":\"https:\/\/orthopara.store\/index.php\/produit\/canpol-babies-expresscare-tire-lait-electrique-double\/\",\"url\":\"https:\/\/orthopara.store\/index.php\/produit\/canpol-babies-expresscare-tire-lait-electrique-double\/\",\"name\":\"Canpol babies ExpressCare - Tire-lait \u00e9lectrique double - OrthoPara\",\"isPartOf\":{\"@id\":\"https:\/\/orthopara.store\/#website\"},\"primaryImageOfPage\":{\"@id\":\"https:\/\/orthopara.store\/index.php\/produit\/canpol-babies-expresscare-tire-lait-electrique-double\/#primaryimage\"},\"image\":{\"@id\":\"https:\/\/orthopara.store\/index.php\/produit\/canpol-babies-expresscare-tire-lait-electrique-double\/#primaryimage\"},\"thumbnailUrl\":\"https:\/\/orthopara.store\/wp-content\/uploads\/2024\/06\/canpol-babies-express-care-tire-lait-double-electrique.jpg\",\"datePublished\":\"2024-06-28T13:54:48+00:00\",\"dateModified\":\"2024-11-07T08:51:12+00:00\",\"breadcrumb\":{\"@id\":\"https:\/\/orthopara.store\/index.php\/produit\/canpol-babies-expresscare-tire-lait-electrique-double\/#breadcrumb\"},\"inLanguage\":\"fr-FR\",\"potentialAction\":[{\"@type\":\"ReadAction\",\"target\":[\"https:\/\/orthopara.store\/index.php\/produit\/canpol-babies-expresscare-tire-lait-electrique-double\/\"]}]},{\"@type\":\"ImageObject\",\"inLanguage\":\"fr-FR\",\"@id\":\"https:\/\/orthopara.store\/index.php\/produit\/canpol-babies-expresscare-tire-lait-electrique-double\/#primaryimage\",\"url\":\"https:\/\/orthopara.store\/wp-content\/uploads\/2024\/06\/canpol-babies-express-care-tire-lait-double-electrique.jpg\",\"contentUrl\":\"https:\/\/orthopara.store\/wp-content\/uploads\/2024\/06\/canpol-babies-express-care-tire-lait-double-electrique.jpg\",\"width\":800,\"height\":800},{\"@type\":\"BreadcrumbList\",\"@id\":\"https:\/\/orthopara.store\/index.php\/produit\/canpol-babies-expresscare-tire-lait-electrique-double\/#breadcrumb\",\"itemListElement\":[{\"@type\":\"ListItem\",\"position\":1,\"name\":\"Accueil\",\"item\":\"https:\/\/orthopara.store\/\"},{\"@type\":\"ListItem\",\"position\":2,\"name\":\"Shop\",\"item\":\"https:\/\/orthopara.store\/?page_id=622\"},{\"@type\":\"ListItem\",\"position\":3,\"name\":\"Canpol babies ExpressCare &#8211; Tire-lait \u00e9lectrique double\"}]},{\"@type\":\"WebSite\",\"@id\":\"https:\/\/orthopara.store\/#website\",\"url\":\"https:\/\/orthopara.store\/\",\"name\":\"OrthoPara\",\"description\":\"Parapharmacie\",\"publisher\":{\"@id\":\"https:\/\/orthopara.store\/#organization\"},\"potentialAction\":[{\"@type\":\"SearchAction\",\"target\":{\"@type\":\"EntryPoint\",\"urlTemplate\":\"https:\/\/orthopara.store\/?s={search_term_string}\"},\"query-input\":\"required name=search_term_string\"}],\"inLanguage\":\"fr-FR\"},{\"@type\":\"Organization\",\"@id\":\"https:\/\/orthopara.store\/#organization\",\"name\":\"OrthoPara\",\"url\":\"https:\/\/orthopara.store\/\",\"logo\":{\"@type\":\"ImageObject\",\"inLanguage\":\"fr-FR\",\"@id\":\"https:\/\/orthopara.store\/#\/schema\/logo\/image\/\",\"url\":\"https:\/\/orthopara.store\/wp-content\/uploads\/2024\/06\/cropped-9ABA8BAD-6256-4719-9315-15C66E64E882.png\",\"contentUrl\":\"https:\/\/orthopara.store\/wp-content\/uploads\/2024\/06\/cropped-9ABA8BAD-6256-4719-9315-15C66E64E882.png\",\"width\":240,\"height\":72,\"caption\":\"OrthoPara\"},\"image\":{\"@id\":\"https:\/\/orthopara.store\/#\/schema\/logo\/image\/\"},\"sameAs\":[\"https:\/\/www.facebook.com\/profile.php?id=61561194315651\",\"https:\/\/www.instagram.com\/orthopara_tunisie\/\"]}]}<\/script>\n<!-- \/ Yoast SEO plugin. -->","yoast_head_json":{"title":"Canpol babies ExpressCare - Tire-lait \u00e9lectrique double - OrthoPara","robots":{"index":"index","follow":"follow","max-snippet":"max-snippet:-1","max-image-preview":"max-image-preview:large","max-video-preview":"max-video-preview:-1"},"canonical":"https:\/\/orthopara.store\/index.php\/produit\/canpol-babies-expresscare-tire-lait-electrique-double\/","og_locale":"fr_FR","og_type":"article","og_title":"Canpol babies ExpressCare - Tire-lait \u00e9lectrique double - OrthoPara","og_description":"Le tire-lait \u00e9lectrique double ExpressCare est un tire-lait sans fil pour 2 seins pour un pompage fr\u00e9quent, rapide et indolore. Parfait pour les m\u00e8res qui nourrissent au biberon avec du lait exprim\u00e9, pour les m\u00e8res qui nourrissent au biberon, pour les m\u00e8res de jumeaux et les m\u00e8res actives qui retournent au travail et qui ne veulent pas arr\u00eater d'allaiter. C'est un appareil 2en1 dot\u00e9 de la fonction d'un aspirateur nasal \u00e9lectrique","og_url":"https:\/\/orthopara.store\/index.php\/produit\/canpol-babies-expresscare-tire-lait-electrique-double\/","og_site_name":"OrthoPara","article_publisher":"https:\/\/www.facebook.com\/profile.php?id=61561194315651","article_modified_time":"2024-11-07T08:51:12+00:00","og_image":[{"width":800,"height":800,"url":"https:\/\/orthopara.store\/wp-content\/uploads\/2024\/06\/canpol-babies-express-care-tire-lait-double-electrique.jpg","type":"image\/jpeg"}],"twitter_card":"summary_large_image","twitter_misc":{"Dur\u00e9e de lecture estim\u00e9e":"4 minutes"},"schema":{"@context":"https:\/\/schema.org","@graph":[{"@type":"WebPage","@id":"https:\/\/orthopara.store\/index.php\/produit\/canpol-babies-expresscare-tire-lait-electrique-double\/","url":"https:\/\/orthopara.store\/index.php\/produit\/canpol-babies-expresscare-tire-lait-electrique-double\/","name":"Canpol babies ExpressCare - Tire-lait \u00e9lectrique double - OrthoPara","isPartOf":{"@id":"https:\/\/orthopara.store\/#website"},"primaryImageOfPage":{"@id":"https:\/\/orthopara.store\/index.php\/produit\/canpol-babies-expresscare-tire-lait-electrique-double\/#primaryimage"},"image":{"@id":"https:\/\/orthopara.store\/index.php\/produit\/canpol-babies-expresscare-tire-lait-electrique-double\/#primaryimage"},"thumbnailUrl":"https:\/\/orthopara.store\/wp-content\/uploads\/2024\/06\/canpol-babies-express-care-tire-lait-double-electrique.jpg","datePublished":"2024-06-28T13:54:48+00:00","dateModified":"2024-11-07T08:51:12+00:00","breadcrumb":{"@id":"https:\/\/orthopara.store\/index.php\/produit\/canpol-babies-expresscare-tire-lait-electrique-double\/#breadcrumb"},"inLanguage":"fr-FR","potentialAction":[{"@type":"ReadAction","target":["https:\/\/orthopara.store\/index.php\/produit\/canpol-babies-expresscare-tire-lait-electrique-double\/"]}]},{"@type":"ImageObject","inLanguage":"fr-FR","@id":"https:\/\/orthopara.store\/index.php\/produit\/canpol-babies-expresscare-tire-lait-electrique-double\/#primaryimage","url":"https:\/\/orthopara.store\/wp-content\/uploads\/2024\/06\/canpol-babies-express-care-tire-lait-double-electrique.jpg","contentUrl":"https:\/\/orthopara.store\/wp-content\/uploads\/2024\/06\/canpol-babies-express-care-tire-lait-double-electrique.jpg","width":800,"height":800},{"@type":"BreadcrumbList","@id":"https:\/\/orthopara.store\/index.php\/produit\/canpol-babies-expresscare-tire-lait-electrique-double\/#breadcrumb","itemListElement":[{"@type":"ListItem","position":1,"name":"Accueil","item":"https:\/\/orthopara.store\/"},{"@type":"ListItem","position":2,"name":"Shop","item":"https:\/\/orthopara.store\/?page_id=622"},{"@type":"ListItem","position":3,"name":"Canpol babies ExpressCare &#8211; Tire-lait \u00e9lectrique double"}]},{"@type":"WebSite","@id":"https:\/\/orthopara.store\/#website","url":"https:\/\/orthopara.store\/","name":"OrthoPara","description":"Parapharmacie","publisher":{"@id":"https:\/\/orthopara.store\/#organization"},"potentialAction":[{"@type":"SearchAction","target":{"@type":"EntryPoint","urlTemplate":"https:\/\/orthopara.store\/?s={search_term_string}"},"query-input":"required name=search_term_string"}],"inLanguage":"fr-FR"},{"@type":"Organization","@id":"https:\/\/orthopara.store\/#organization","name":"OrthoPara","url":"https:\/\/orthopara.store\/","logo":{"@type":"ImageObject","inLanguage":"fr-FR","@id":"https:\/\/orthopara.store\/#\/schema\/logo\/image\/","url":"https:\/\/orthopara.store\/wp-content\/uploads\/2024\/06\/cropped-9ABA8BAD-6256-4719-9315-15C66E64E882.png","contentUrl":"https:\/\/orthopara.store\/wp-content\/uploads\/2024\/06\/cropped-9ABA8BAD-6256-4719-9315-15C66E64E882.png","width":240,"height":72,"caption":"OrthoPara"},"image":{"@id":"https:\/\/orthopara.store\/#\/schema\/logo\/image\/"},"sameAs":["https:\/\/www.facebook.com\/profile.php?id=61561194315651","https:\/\/www.instagram.com\/orthopara_tunisie\/"]}]}},"jetpack_sharing_enabled":true,"brands":[{"id":174,"name":"Canpol babies","slug":"canpol-babies"}],"_links":{"self":[{"href":"https:\/\/orthopara.store\/index.php?rest_route=\/wp\/v2\/product\/1697","targetHints":{"allow":["GET"]}}],"collection":[{"href":"https:\/\/orthopara.store\/index.php?rest_route=\/wp\/v2\/product"}],"about":[{"href":"https:\/\/orthopara.store\/index.php?rest_route=\/wp\/v2\/types\/product"}],"replies":[{"embeddable":true,"href":"https:\/\/orthopara.store\/index.php?rest_route=%2Fwp%2Fv2%2Fcomments&post=1697"}],"wp:featuredmedia":[{"embeddable":true,"href":"https:\/\/orthopara.store\/index.php?rest_route=\/wp\/v2\/media\/1723"}],"wp:attachment":[{"href":"https:\/\/orthopara.store\/index.php?rest_route=%2Fwp%2Fv2%2Fmedia&parent=1697"}],"wp:term":[{"taxonomy":"pwb-brand","embeddable":true,"href":"https:\/\/orthopara.store\/index.php?rest_route=%2Fwp%2Fv2%2Fpwb-brand&post=1697"},{"taxonomy":"product_cat","embeddable":true,"href":"https:\/\/orthopara.store\/index.php?rest_route=%2Fwp%2Fv2%2Fproduct_cat&post=1697"},{"taxonomy":"product_tag","embeddable":true,"href":"https:\/\/orthopara.store\/index.php?rest_route=%2Fwp%2Fv2%2Fproduct_tag&post=1697"}],"curies":[{"name":"wp","href":"https:\/\/api.w.org\/{rel}","templated":true}]}}