{"id":1698,"date":"2024-06-28T15:54:48","date_gmt":"2024-06-28T13:54:48","guid":{"rendered":"https:\/\/orthopara.store\/?post_type=product&#038;p=1698"},"modified":"2024-11-07T09:50:36","modified_gmt":"2024-11-07T08:50:36","slug":"canpol-babies-easystart-tire-lait-electrique","status":"publish","type":"product","link":"https:\/\/orthopara.store\/?product=canpol-babies-easystart-tire-lait-electrique","title":{"rendered":"Canpol babies EasyStart &#8211; Tire-lait \u00e9lectrique"},"content":{"rendered":"<p>Le tire-lait \u00e9lectrique EasyStart s&rsquo;adapte \u00e0 tous les biberons anti-coliques et standards \u00e0 col large Canpol gr\u00e2ce \u00e0 l&rsquo;adaptateur inclus. L&rsquo;ensemble comprend : un bouclier de massage en silicone, un corps de tire-lait, un clapet anti-retour en silicone, un biberon, un couvercle d&rsquo;entonnoir, un tube en silicone, des raccords de tube, un tire-lait avec panneau de commande, un adaptateur de biberon et un bloc d&rsquo;alimentation.<br \/>\nRecommand\u00e9 par 91 % des sages-femmes (selon les r\u00e9sultats d&rsquo;une enqu\u00eate men\u00e9e aupr\u00e8s d&rsquo;un groupe de 301 sages-femmes en 2018)<br \/>\nCaract\u00e9ristiques :<br \/>\n\u00c9conomique \u2013 parfait pour les mamans qui expriment occasionnellement leur lait maternel<br \/>\nSoutient et r\u00e9gule efficacement la lactation en cas de stase du lait et de pl\u00e9nitude mammaire<br \/>\nRecommand\u00e9 par 91 % des sages-femmes<br \/>\n3 modes de fonctionnement \u2013 \u200b\u200bbas\u00e9s sur le rythme naturel de succion du b\u00e9b\u00e9 en deux phases<br \/>\nDiscret \u2013 le fonctionnement silencieux du tire-lait assure un confort optimal pendant l&rsquo;expression du lait nocturne<br \/>\nLa large gamme de r\u00e9glage de la puissance d&rsquo;aspiration permet de l&rsquo;adapter aux besoins individuels de la m\u00e8re<br \/>\nBouclier profil\u00e9 en silicone \u2013 augmente le confort lors de l\u2019expression du lait<br \/>\n2 types d\u2019alimentation \u2013 batterie et secteur<br \/>\nCompatible avec tous les biberons Canpol<br \/>\nUn entonnoir rempla\u00e7able de 27 mm est disponible \u2013 la bonne taille de l&rsquo;entonnoir a une importance significative pour le confort et l&rsquo;efficacit\u00e9 de l&rsquo;expression du lait<br \/>\nConseils d&rsquo;utilisation :\u00a0<br \/>\nD\u00e9branchez le tube en silicone et le connecteur du tire-lait. Ces pi\u00e8ces ne n\u00e9cessitent pas de nettoyage car la membrane les prot\u00e8ge du contact avec le lait maternel. Avant la premi\u00e8re utilisation, d\u00e9montez les pi\u00e8ces suivantes du tire-lait : bo\u00eetier sup\u00e9rieur du diaphragme, diaphragme, bo\u00eetier de l&rsquo;entonnoir, capuchon de massage en silicone, bo\u00eetier de l&rsquo;entonnoir, valve en silicone, biberon et adaptateur de biberon.<br \/>\nLavez-les \u00e0 l&rsquo;eau chaude avec un produit nettoyant doux, rincez abondamment. D\u00e9sinfecter en faisant bouillir de l&rsquo;eau pendant environ 5 minutes. S\u00e9cher soigneusement avant l&rsquo;assemblage et l&rsquo;utilisation ult\u00e9rieure.\u00a0<br \/>\nAvertissement! Ne lavez pas le tube et le connecteur en silicone, en particulier les composants \u00e9lectriques. Essuyer avec un chiffon humide.<br \/>\nAssurez-vous que le tire-lait a \u00e9t\u00e9 nettoy\u00e9 et d\u00e9sinfect\u00e9 au pr\u00e9alable. Lavez-vous soigneusement les mains. Appuyez doucement sur le mamelon pour v\u00e9rifier que les canaux galactophores sont d\u00e9gag\u00e9s.\u00a0<br \/>\nConnectez le tire-lait \u00e0 l&rsquo;alimentation \u00e9lectrique. Appuyez sur le bouton marche\/arr\u00eat. Un voyant s&rsquo;allumera au-dessus du bouton pour indiquer que le tire-lait est allum\u00e9.\u00a0<br \/>\nPlacez le tire-lait sur votre sein de mani\u00e8re \u00e0 ce que l&rsquo;insert de massage en silicone adh\u00e8re exactement, emp\u00eachant ainsi la circulation de l&rsquo;air. En cas de fuite, les performances de pompage peuvent \u00eatre consid\u00e9rablement alt\u00e9r\u00e9es.\u00a0<br \/>\nGardez toujours la bouteille \u00e0 la verticale afin que les aliments puissent couler librement vers le fond. Le tire-lait permet d&rsquo;ajuster le rythme et la puissance d&rsquo;aspiration aux besoins individuels de chaque maman.\u00a0<br \/>\nAppuyez sur le bouton \u00ab mode \u00bb pour r\u00e9gler le rythme d&rsquo;aspiration et s\u00e9lectionner l&rsquo;un des trois modes : express, naturel, fort. D\u00e9finissez \u00e9galement votre puissance d&rsquo;aspiration pr\u00e9f\u00e9r\u00e9e.\u00a0<br \/>\nTirez le lait maternel d\u2019un sein jusqu\u2019\u00e0 ce que vous sentiez qu\u2019il s\u2019\u00e9coule beaucoup plus lentement.\u00a0<br \/>\nFixez le tire-lait \u00e0 l\u2019autre sein et continuez \u00e0 tirer. Lorsque vous avez fini de tirer votre lait, d\u00e9vissez le biberon du tire-lait.<\/p>\n","protected":false},"excerpt":{"rendered":"<p>Le tire-lait \u00e9lectrique EasyStart soutient et r\u00e9gule efficacement la lactation en cas de stase du lait et de pl\u00e9nitude mammaire. Il est \u00e9conomique, parfait en d\u00e9but de lactation et pour exprimer l&rsquo;exc\u00e8s de lait, \u00e9galement pour les mamans qui tirent leur lait occasionnellement.<\/p>\n","protected":false},"featured_media":1724,"comment_status":"open","ping_status":"closed","template":"","meta":[],"pwb-brand":[174],"product_cat":[201],"product_tag":[],"class_list":{"0":"post-1698","1":"product","2":"type-product","3":"status-publish","4":"has-post-thumbnail","6":"pwb-brand-canpol-babies","7":"product_cat-allaitement","8":"post","9":"ws-product--style-1","11":"first","12":"instock","13":"shipping-taxable","14":"purchasable","15":"product-type-simple"},"yoast_head":"<!-- This site is optimized with the Yoast SEO plugin v23.0 - https:\/\/yoast.com\/wordpress\/plugins\/seo\/ -->\n<title>Canpol babies EasyStart - Tire-lait \u00e9lectrique - OrthoPara<\/title>\n<meta name=\"robots\" content=\"index, follow, max-snippet:-1, max-image-preview:large, max-video-preview:-1\" \/>\n<link rel=\"canonical\" href=\"https:\/\/orthopara.store\/index.php\/produit\/canpol-babies-easystart-tire-lait-electrique\/\" \/>\n<meta property=\"og:locale\" content=\"fr_FR\" \/>\n<meta property=\"og:type\" content=\"article\" \/>\n<meta property=\"og:title\" content=\"Canpol babies EasyStart - Tire-lait \u00e9lectrique - OrthoPara\" \/>\n<meta property=\"og:description\" content=\"Le tire-lait \u00e9lectrique EasyStart soutient et r\u00e9gule efficacement la lactation en cas de stase du lait et de pl\u00e9nitude mammaire. Il est \u00e9conomique, parfait en d\u00e9but de lactation et pour exprimer l&#039;exc\u00e8s de lait, \u00e9galement pour les mamans qui tirent leur lait occasionnellement.\" \/>\n<meta property=\"og:url\" content=\"https:\/\/orthopara.store\/index.php\/produit\/canpol-babies-easystart-tire-lait-electrique\/\" \/>\n<meta property=\"og:site_name\" content=\"OrthoPara\" \/>\n<meta property=\"article:publisher\" content=\"https:\/\/www.facebook.com\/profile.php?id=61561194315651\" \/>\n<meta property=\"article:modified_time\" content=\"2024-11-07T08:50:36+00:00\" \/>\n<meta property=\"og:image\" content=\"https:\/\/orthopara.store\/wp-content\/uploads\/2024\/06\/canpol-babies-easy-start-tire-lait-electrique-.jpg\" \/>\n\t<meta property=\"og:image:width\" content=\"800\" \/>\n\t<meta property=\"og:image:height\" content=\"800\" \/>\n\t<meta property=\"og:image:type\" content=\"image\/jpeg\" \/>\n<meta name=\"twitter:card\" content=\"summary_large_image\" \/>\n<meta name=\"twitter:label1\" content=\"Dur\u00e9e de lecture estim\u00e9e\" \/>\n\t<meta name=\"twitter:data1\" content=\"3 minutes\" \/>\n<script type=\"application\/ld+json\" class=\"yoast-schema-graph\">{\"@context\":\"https:\/\/schema.org\",\"@graph\":[{\"@type\":\"WebPage\",\"@id\":\"https:\/\/orthopara.store\/index.php\/produit\/canpol-babies-easystart-tire-lait-electrique\/\",\"url\":\"https:\/\/orthopara.store\/index.php\/produit\/canpol-babies-easystart-tire-lait-electrique\/\",\"name\":\"Canpol babies EasyStart - Tire-lait \u00e9lectrique - OrthoPara\",\"isPartOf\":{\"@id\":\"https:\/\/orthopara.store\/#website\"},\"primaryImageOfPage\":{\"@id\":\"https:\/\/orthopara.store\/index.php\/produit\/canpol-babies-easystart-tire-lait-electrique\/#primaryimage\"},\"image\":{\"@id\":\"https:\/\/orthopara.store\/index.php\/produit\/canpol-babies-easystart-tire-lait-electrique\/#primaryimage\"},\"thumbnailUrl\":\"https:\/\/orthopara.store\/wp-content\/uploads\/2024\/06\/canpol-babies-easy-start-tire-lait-electrique-.jpg\",\"datePublished\":\"2024-06-28T13:54:48+00:00\",\"dateModified\":\"2024-11-07T08:50:36+00:00\",\"breadcrumb\":{\"@id\":\"https:\/\/orthopara.store\/index.php\/produit\/canpol-babies-easystart-tire-lait-electrique\/#breadcrumb\"},\"inLanguage\":\"fr-FR\",\"potentialAction\":[{\"@type\":\"ReadAction\",\"target\":[\"https:\/\/orthopara.store\/index.php\/produit\/canpol-babies-easystart-tire-lait-electrique\/\"]}]},{\"@type\":\"ImageObject\",\"inLanguage\":\"fr-FR\",\"@id\":\"https:\/\/orthopara.store\/index.php\/produit\/canpol-babies-easystart-tire-lait-electrique\/#primaryimage\",\"url\":\"https:\/\/orthopara.store\/wp-content\/uploads\/2024\/06\/canpol-babies-easy-start-tire-lait-electrique-.jpg\",\"contentUrl\":\"https:\/\/orthopara.store\/wp-content\/uploads\/2024\/06\/canpol-babies-easy-start-tire-lait-electrique-.jpg\",\"width\":800,\"height\":800},{\"@type\":\"BreadcrumbList\",\"@id\":\"https:\/\/orthopara.store\/index.php\/produit\/canpol-babies-easystart-tire-lait-electrique\/#breadcrumb\",\"itemListElement\":[{\"@type\":\"ListItem\",\"position\":1,\"name\":\"Accueil\",\"item\":\"https:\/\/orthopara.store\/\"},{\"@type\":\"ListItem\",\"position\":2,\"name\":\"Shop\",\"item\":\"https:\/\/orthopara.store\/?page_id=622\"},{\"@type\":\"ListItem\",\"position\":3,\"name\":\"Canpol babies EasyStart &#8211; Tire-lait \u00e9lectrique\"}]},{\"@type\":\"WebSite\",\"@id\":\"https:\/\/orthopara.store\/#website\",\"url\":\"https:\/\/orthopara.store\/\",\"name\":\"OrthoPara\",\"description\":\"Parapharmacie\",\"publisher\":{\"@id\":\"https:\/\/orthopara.store\/#organization\"},\"potentialAction\":[{\"@type\":\"SearchAction\",\"target\":{\"@type\":\"EntryPoint\",\"urlTemplate\":\"https:\/\/orthopara.store\/?s={search_term_string}\"},\"query-input\":\"required name=search_term_string\"}],\"inLanguage\":\"fr-FR\"},{\"@type\":\"Organization\",\"@id\":\"https:\/\/orthopara.store\/#organization\",\"name\":\"OrthoPara\",\"url\":\"https:\/\/orthopara.store\/\",\"logo\":{\"@type\":\"ImageObject\",\"inLanguage\":\"fr-FR\",\"@id\":\"https:\/\/orthopara.store\/#\/schema\/logo\/image\/\",\"url\":\"https:\/\/orthopara.store\/wp-content\/uploads\/2024\/06\/cropped-9ABA8BAD-6256-4719-9315-15C66E64E882.png\",\"contentUrl\":\"https:\/\/orthopara.store\/wp-content\/uploads\/2024\/06\/cropped-9ABA8BAD-6256-4719-9315-15C66E64E882.png\",\"width\":240,\"height\":72,\"caption\":\"OrthoPara\"},\"image\":{\"@id\":\"https:\/\/orthopara.store\/#\/schema\/logo\/image\/\"},\"sameAs\":[\"https:\/\/www.facebook.com\/profile.php?id=61561194315651\",\"https:\/\/www.instagram.com\/orthopara_tunisie\/\"]}]}<\/script>\n<!-- \/ Yoast SEO plugin. -->","yoast_head_json":{"title":"Canpol babies EasyStart - Tire-lait \u00e9lectrique - OrthoPara","robots":{"index":"index","follow":"follow","max-snippet":"max-snippet:-1","max-image-preview":"max-image-preview:large","max-video-preview":"max-video-preview:-1"},"canonical":"https:\/\/orthopara.store\/index.php\/produit\/canpol-babies-easystart-tire-lait-electrique\/","og_locale":"fr_FR","og_type":"article","og_title":"Canpol babies EasyStart - Tire-lait \u00e9lectrique - OrthoPara","og_description":"Le tire-lait \u00e9lectrique EasyStart soutient et r\u00e9gule efficacement la lactation en cas de stase du lait et de pl\u00e9nitude mammaire. Il est \u00e9conomique, parfait en d\u00e9but de lactation et pour exprimer l'exc\u00e8s de lait, \u00e9galement pour les mamans qui tirent leur lait occasionnellement.","og_url":"https:\/\/orthopara.store\/index.php\/produit\/canpol-babies-easystart-tire-lait-electrique\/","og_site_name":"OrthoPara","article_publisher":"https:\/\/www.facebook.com\/profile.php?id=61561194315651","article_modified_time":"2024-11-07T08:50:36+00:00","og_image":[{"width":800,"height":800,"url":"https:\/\/orthopara.store\/wp-content\/uploads\/2024\/06\/canpol-babies-easy-start-tire-lait-electrique-.jpg","type":"image\/jpeg"}],"twitter_card":"summary_large_image","twitter_misc":{"Dur\u00e9e de lecture estim\u00e9e":"3 minutes"},"schema":{"@context":"https:\/\/schema.org","@graph":[{"@type":"WebPage","@id":"https:\/\/orthopara.store\/index.php\/produit\/canpol-babies-easystart-tire-lait-electrique\/","url":"https:\/\/orthopara.store\/index.php\/produit\/canpol-babies-easystart-tire-lait-electrique\/","name":"Canpol babies EasyStart - Tire-lait \u00e9lectrique - OrthoPara","isPartOf":{"@id":"https:\/\/orthopara.store\/#website"},"primaryImageOfPage":{"@id":"https:\/\/orthopara.store\/index.php\/produit\/canpol-babies-easystart-tire-lait-electrique\/#primaryimage"},"image":{"@id":"https:\/\/orthopara.store\/index.php\/produit\/canpol-babies-easystart-tire-lait-electrique\/#primaryimage"},"thumbnailUrl":"https:\/\/orthopara.store\/wp-content\/uploads\/2024\/06\/canpol-babies-easy-start-tire-lait-electrique-.jpg","datePublished":"2024-06-28T13:54:48+00:00","dateModified":"2024-11-07T08:50:36+00:00","breadcrumb":{"@id":"https:\/\/orthopara.store\/index.php\/produit\/canpol-babies-easystart-tire-lait-electrique\/#breadcrumb"},"inLanguage":"fr-FR","potentialAction":[{"@type":"ReadAction","target":["https:\/\/orthopara.store\/index.php\/produit\/canpol-babies-easystart-tire-lait-electrique\/"]}]},{"@type":"ImageObject","inLanguage":"fr-FR","@id":"https:\/\/orthopara.store\/index.php\/produit\/canpol-babies-easystart-tire-lait-electrique\/#primaryimage","url":"https:\/\/orthopara.store\/wp-content\/uploads\/2024\/06\/canpol-babies-easy-start-tire-lait-electrique-.jpg","contentUrl":"https:\/\/orthopara.store\/wp-content\/uploads\/2024\/06\/canpol-babies-easy-start-tire-lait-electrique-.jpg","width":800,"height":800},{"@type":"BreadcrumbList","@id":"https:\/\/orthopara.store\/index.php\/produit\/canpol-babies-easystart-tire-lait-electrique\/#breadcrumb","itemListElement":[{"@type":"ListItem","position":1,"name":"Accueil","item":"https:\/\/orthopara.store\/"},{"@type":"ListItem","position":2,"name":"Shop","item":"https:\/\/orthopara.store\/?page_id=622"},{"@type":"ListItem","position":3,"name":"Canpol babies EasyStart &#8211; Tire-lait \u00e9lectrique"}]},{"@type":"WebSite","@id":"https:\/\/orthopara.store\/#website","url":"https:\/\/orthopara.store\/","name":"OrthoPara","description":"Parapharmacie","publisher":{"@id":"https:\/\/orthopara.store\/#organization"},"potentialAction":[{"@type":"SearchAction","target":{"@type":"EntryPoint","urlTemplate":"https:\/\/orthopara.store\/?s={search_term_string}"},"query-input":"required name=search_term_string"}],"inLanguage":"fr-FR"},{"@type":"Organization","@id":"https:\/\/orthopara.store\/#organization","name":"OrthoPara","url":"https:\/\/orthopara.store\/","logo":{"@type":"ImageObject","inLanguage":"fr-FR","@id":"https:\/\/orthopara.store\/#\/schema\/logo\/image\/","url":"https:\/\/orthopara.store\/wp-content\/uploads\/2024\/06\/cropped-9ABA8BAD-6256-4719-9315-15C66E64E882.png","contentUrl":"https:\/\/orthopara.store\/wp-content\/uploads\/2024\/06\/cropped-9ABA8BAD-6256-4719-9315-15C66E64E882.png","width":240,"height":72,"caption":"OrthoPara"},"image":{"@id":"https:\/\/orthopara.store\/#\/schema\/logo\/image\/"},"sameAs":["https:\/\/www.facebook.com\/profile.php?id=61561194315651","https:\/\/www.instagram.com\/orthopara_tunisie\/"]}]}},"jetpack_sharing_enabled":true,"brands":[{"id":174,"name":"Canpol babies","slug":"canpol-babies"}],"_links":{"self":[{"href":"https:\/\/orthopara.store\/index.php?rest_route=\/wp\/v2\/product\/1698","targetHints":{"allow":["GET"]}}],"collection":[{"href":"https:\/\/orthopara.store\/index.php?rest_route=\/wp\/v2\/product"}],"about":[{"href":"https:\/\/orthopara.store\/index.php?rest_route=\/wp\/v2\/types\/product"}],"replies":[{"embeddable":true,"href":"https:\/\/orthopara.store\/index.php?rest_route=%2Fwp%2Fv2%2Fcomments&post=1698"}],"wp:featuredmedia":[{"embeddable":true,"href":"https:\/\/orthopara.store\/index.php?rest_route=\/wp\/v2\/media\/1724"}],"wp:attachment":[{"href":"https:\/\/orthopara.store\/index.php?rest_route=%2Fwp%2Fv2%2Fmedia&parent=1698"}],"wp:term":[{"taxonomy":"pwb-brand","embeddable":true,"href":"https:\/\/orthopara.store\/index.php?rest_route=%2Fwp%2Fv2%2Fpwb-brand&post=1698"},{"taxonomy":"product_cat","embeddable":true,"href":"https:\/\/orthopara.store\/index.php?rest_route=%2Fwp%2Fv2%2Fproduct_cat&post=1698"},{"taxonomy":"product_tag","embeddable":true,"href":"https:\/\/orthopara.store\/index.php?rest_route=%2Fwp%2Fv2%2Fproduct_tag&post=1698"}],"curies":[{"name":"wp","href":"https:\/\/api.w.org\/{rel}","templated":true}]}}