{"id":1699,"date":"2024-06-28T15:54:48","date_gmt":"2024-06-28T13:54:48","guid":{"rendered":"https:\/\/orthopara.store\/?post_type=product&#038;p=1699"},"modified":"2024-11-07T09:49:59","modified_gmt":"2024-11-07T08:49:59","slug":"canpol-babies-tire-lait-manuel-basiccare","status":"publish","type":"product","link":"https:\/\/orthopara.store\/?product=canpol-babies-tire-lait-manuel-basiccare","title":{"rendered":"Canpol babies &#8211; Tire-lait manuel BasicCare"},"content":{"rendered":"<p>Le tire-lait manuel de base s&rsquo;adapte \u00e0 tous les biberons anti-coliques et standards Canpol gr\u00e2ce \u00e0 l&rsquo;adaptateur inclus. L&rsquo;ensemble comprend : un corps de tire-lait avec une poign\u00e9e de pompage, un clapet anti-retour en silicone, un biberon et un adaptateur de biberon.<br \/>\nCaract\u00e9ristiques :<br \/>\nSupport efficace pour l&rsquo;expression du lait occasionnelle<br \/>\nPoign\u00e9e ergonomique \u2013 vous permet de tenir confortablement le tire-lait tout en exprimant le lait<br \/>\nLa forme profil\u00e9e de l&rsquo;entonnoir permet \u00e0 l&rsquo;entonnoir de s&rsquo;adapter parfaitement \u00e0 la poitrine<br \/>\nLe bouclier en silicone assure une expression douce et efficace<br \/>\nTr\u00e8s facile \u00e0 utiliser \u2013 facile \u00e0 assembler et \u00e0 nettoyer<br \/>\nL\u00e9ger et pratique \u2013 parfait pour la maison et les voyages<br \/>\nCompatible avec tous les biberons Canpol<br \/>\nConseils d&rsquo;utilisation :\u00a0<br \/>\nAvant la premi\u00e8re utilisation et chaque utilisation ult\u00e9rieure des pi\u00e8ces du tire-lait et du biberon\/r\u00e9cipient, lavez-les, rincez et d\u00e9sinfectez-les soigneusement en versant de l&rsquo;eau bouillante ou dans un st\u00e9rilisateur \u00e0 vapeur.\u00a0<br \/>\nApr\u00e8s la d\u00e9sinfection, attendez que les diff\u00e9rentes pi\u00e8ces du tire-lait refroidissent. Ne commencez pas l&rsquo;assemblage du corps lorsque les pi\u00e8ces sont chaudes ou humides, car la pompe peut mal fonctionner.\u00a0<br \/>\nV\u00e9rifiez que les diff\u00e9rentes pi\u00e8ces du tire-lait sont correctement install\u00e9es.\u00a0<br \/>\nPour tirer le lait, placez le mamelon profond\u00e9ment dans l&rsquo;entonnoir et appuyez le coussin de massage sur le sein afin qu&rsquo;il adh\u00e8re bien au sein et qu&rsquo;aucun air ne s&rsquo;\u00e9chappe. Dans le cas contraire, l&rsquo;extraction ne sera pas efficace et la poign\u00e9e ne reviendra pas \u00e0 sa position initiale lors de l&rsquo;extraction. Ne retirez pas le coussin de massage de l&rsquo;entonnoir \u2013 cela stimule l&rsquo;\u00e9coulement du lait.\u00a0<br \/>\nPendant l&rsquo;expression, un vide doit \u00eatre cr\u00e9\u00e9, ce qui est une condition du bon fonctionnement du tire-lait. Placez le sein sur le coussinet d&rsquo;allaitement afin qu&rsquo;il y adh\u00e8re le plus possible.\u00a0<br \/>\nD\u00e9placez la poign\u00e9e du tire-lait uniform\u00e9ment. Vous remarquerez que le lait coule r\u00e9guli\u00e8rement. Un pompage plus lent et plus profond imite la succion du sein par le b\u00e9b\u00e9. La nourriture s&rsquo;\u00e9coulera du sein plus rapidement si vous vous penchez un peu en avant pendant l&rsquo;expression (dans cette position, lorsque la m\u00e8re a un sein trop rempli, des gouttes de lait s&rsquo;\u00e9coulent souvent du sein sans comprimer l&rsquo;ar\u00e9ole).<br \/>\nN&rsquo;oubliez pas de garder la bouteille \u00e0 la verticale. Apr\u00e8s avoir extrait le lait, d\u00e9vissez le corps du tire-lait, d\u00e9montez-le en plusieurs parties et lavez-le \u00e0 l&rsquo;eau ti\u00e8de avec un produit nettoyant doux, puis rincez abondamment. S\u00e9chez soigneusement tous les composants sur un chiffon ou un s\u00e8che-t\u00e9tine et biberon.<\/p>\n","protected":false},"excerpt":{"rendered":"<p>Extr\u00eamement intuitif et facile \u00e0 assembler et \u00e0 utiliser!<br \/>\nC\u2019est la solution parfaite pour les mamans qui expriment occasionnellement du lait<br \/>\nGr\u00e2ce \u00e0 sa forme d&rsquo;entonnoir profil\u00e9, le tire-lait adh\u00e8re \u00e9troitement \u00e0 la poitrine<br \/>\nLe coussin de massage en silicone assure une extraction douce et efficace du lait<\/p>\n","protected":false},"featured_media":1725,"comment_status":"open","ping_status":"closed","template":"","meta":[],"pwb-brand":[174],"product_cat":[201],"product_tag":[],"class_list":{"0":"post-1699","1":"product","2":"type-product","3":"status-publish","4":"has-post-thumbnail","6":"pwb-brand-canpol-babies","7":"product_cat-allaitement","8":"post","9":"ws-product--style-1","11":"first","12":"instock","13":"shipping-taxable","14":"purchasable","15":"product-type-simple"},"yoast_head":"<!-- This site is optimized with the Yoast SEO plugin v23.0 - https:\/\/yoast.com\/wordpress\/plugins\/seo\/ -->\n<title>Canpol babies - Tire-lait manuel BasicCare - OrthoPara<\/title>\n<meta name=\"robots\" content=\"index, follow, max-snippet:-1, max-image-preview:large, max-video-preview:-1\" \/>\n<link rel=\"canonical\" href=\"https:\/\/orthopara.store\/index.php\/produit\/canpol-babies-tire-lait-manuel-basiccare\/\" \/>\n<meta property=\"og:locale\" content=\"fr_FR\" \/>\n<meta property=\"og:type\" content=\"article\" \/>\n<meta property=\"og:title\" content=\"Canpol babies - Tire-lait manuel BasicCare - OrthoPara\" \/>\n<meta property=\"og:description\" content=\"Extr\u00eamement intuitif et facile \u00e0 assembler et \u00e0 utiliser! C\u2019est la solution parfaite pour les mamans qui expriment occasionnellement du lait Gr\u00e2ce \u00e0 sa forme d&#039;entonnoir profil\u00e9, le tire-lait adh\u00e8re \u00e9troitement \u00e0 la poitrine Le coussin de massage en silicone assure une extraction douce et efficace du lait\" \/>\n<meta property=\"og:url\" content=\"https:\/\/orthopara.store\/index.php\/produit\/canpol-babies-tire-lait-manuel-basiccare\/\" \/>\n<meta property=\"og:site_name\" content=\"OrthoPara\" \/>\n<meta property=\"article:publisher\" content=\"https:\/\/www.facebook.com\/profile.php?id=61561194315651\" \/>\n<meta property=\"article:modified_time\" content=\"2024-11-07T08:49:59+00:00\" \/>\n<meta property=\"og:image\" content=\"https:\/\/orthopara.store\/wp-content\/uploads\/2024\/06\/canpol-babies-basic-care-tire-lait-manuel-basique.jpg\" \/>\n\t<meta property=\"og:image:width\" content=\"800\" \/>\n\t<meta property=\"og:image:height\" content=\"800\" \/>\n\t<meta property=\"og:image:type\" content=\"image\/jpeg\" \/>\n<meta name=\"twitter:card\" content=\"summary_large_image\" \/>\n<meta name=\"twitter:label1\" content=\"Dur\u00e9e de lecture estim\u00e9e\" \/>\n\t<meta name=\"twitter:data1\" content=\"2 minutes\" \/>\n<script type=\"application\/ld+json\" class=\"yoast-schema-graph\">{\"@context\":\"https:\/\/schema.org\",\"@graph\":[{\"@type\":\"WebPage\",\"@id\":\"https:\/\/orthopara.store\/index.php\/produit\/canpol-babies-tire-lait-manuel-basiccare\/\",\"url\":\"https:\/\/orthopara.store\/index.php\/produit\/canpol-babies-tire-lait-manuel-basiccare\/\",\"name\":\"Canpol babies - Tire-lait manuel BasicCare - OrthoPara\",\"isPartOf\":{\"@id\":\"https:\/\/orthopara.store\/#website\"},\"primaryImageOfPage\":{\"@id\":\"https:\/\/orthopara.store\/index.php\/produit\/canpol-babies-tire-lait-manuel-basiccare\/#primaryimage\"},\"image\":{\"@id\":\"https:\/\/orthopara.store\/index.php\/produit\/canpol-babies-tire-lait-manuel-basiccare\/#primaryimage\"},\"thumbnailUrl\":\"https:\/\/orthopara.store\/wp-content\/uploads\/2024\/06\/canpol-babies-basic-care-tire-lait-manuel-basique.jpg\",\"datePublished\":\"2024-06-28T13:54:48+00:00\",\"dateModified\":\"2024-11-07T08:49:59+00:00\",\"breadcrumb\":{\"@id\":\"https:\/\/orthopara.store\/index.php\/produit\/canpol-babies-tire-lait-manuel-basiccare\/#breadcrumb\"},\"inLanguage\":\"fr-FR\",\"potentialAction\":[{\"@type\":\"ReadAction\",\"target\":[\"https:\/\/orthopara.store\/index.php\/produit\/canpol-babies-tire-lait-manuel-basiccare\/\"]}]},{\"@type\":\"ImageObject\",\"inLanguage\":\"fr-FR\",\"@id\":\"https:\/\/orthopara.store\/index.php\/produit\/canpol-babies-tire-lait-manuel-basiccare\/#primaryimage\",\"url\":\"https:\/\/orthopara.store\/wp-content\/uploads\/2024\/06\/canpol-babies-basic-care-tire-lait-manuel-basique.jpg\",\"contentUrl\":\"https:\/\/orthopara.store\/wp-content\/uploads\/2024\/06\/canpol-babies-basic-care-tire-lait-manuel-basique.jpg\",\"width\":800,\"height\":800},{\"@type\":\"BreadcrumbList\",\"@id\":\"https:\/\/orthopara.store\/index.php\/produit\/canpol-babies-tire-lait-manuel-basiccare\/#breadcrumb\",\"itemListElement\":[{\"@type\":\"ListItem\",\"position\":1,\"name\":\"Accueil\",\"item\":\"https:\/\/orthopara.store\/\"},{\"@type\":\"ListItem\",\"position\":2,\"name\":\"Shop\",\"item\":\"https:\/\/orthopara.store\/?page_id=622\"},{\"@type\":\"ListItem\",\"position\":3,\"name\":\"Canpol babies &#8211; Tire-lait manuel BasicCare\"}]},{\"@type\":\"WebSite\",\"@id\":\"https:\/\/orthopara.store\/#website\",\"url\":\"https:\/\/orthopara.store\/\",\"name\":\"OrthoPara\",\"description\":\"Parapharmacie\",\"publisher\":{\"@id\":\"https:\/\/orthopara.store\/#organization\"},\"potentialAction\":[{\"@type\":\"SearchAction\",\"target\":{\"@type\":\"EntryPoint\",\"urlTemplate\":\"https:\/\/orthopara.store\/?s={search_term_string}\"},\"query-input\":\"required name=search_term_string\"}],\"inLanguage\":\"fr-FR\"},{\"@type\":\"Organization\",\"@id\":\"https:\/\/orthopara.store\/#organization\",\"name\":\"OrthoPara\",\"url\":\"https:\/\/orthopara.store\/\",\"logo\":{\"@type\":\"ImageObject\",\"inLanguage\":\"fr-FR\",\"@id\":\"https:\/\/orthopara.store\/#\/schema\/logo\/image\/\",\"url\":\"https:\/\/orthopara.store\/wp-content\/uploads\/2024\/06\/cropped-9ABA8BAD-6256-4719-9315-15C66E64E882.png\",\"contentUrl\":\"https:\/\/orthopara.store\/wp-content\/uploads\/2024\/06\/cropped-9ABA8BAD-6256-4719-9315-15C66E64E882.png\",\"width\":240,\"height\":72,\"caption\":\"OrthoPara\"},\"image\":{\"@id\":\"https:\/\/orthopara.store\/#\/schema\/logo\/image\/\"},\"sameAs\":[\"https:\/\/www.facebook.com\/profile.php?id=61561194315651\",\"https:\/\/www.instagram.com\/orthopara_tunisie\/\"]}]}<\/script>\n<!-- \/ Yoast SEO plugin. -->","yoast_head_json":{"title":"Canpol babies - Tire-lait manuel BasicCare - OrthoPara","robots":{"index":"index","follow":"follow","max-snippet":"max-snippet:-1","max-image-preview":"max-image-preview:large","max-video-preview":"max-video-preview:-1"},"canonical":"https:\/\/orthopara.store\/index.php\/produit\/canpol-babies-tire-lait-manuel-basiccare\/","og_locale":"fr_FR","og_type":"article","og_title":"Canpol babies - Tire-lait manuel BasicCare - OrthoPara","og_description":"Extr\u00eamement intuitif et facile \u00e0 assembler et \u00e0 utiliser! C\u2019est la solution parfaite pour les mamans qui expriment occasionnellement du lait Gr\u00e2ce \u00e0 sa forme d'entonnoir profil\u00e9, le tire-lait adh\u00e8re \u00e9troitement \u00e0 la poitrine Le coussin de massage en silicone assure une extraction douce et efficace du lait","og_url":"https:\/\/orthopara.store\/index.php\/produit\/canpol-babies-tire-lait-manuel-basiccare\/","og_site_name":"OrthoPara","article_publisher":"https:\/\/www.facebook.com\/profile.php?id=61561194315651","article_modified_time":"2024-11-07T08:49:59+00:00","og_image":[{"width":800,"height":800,"url":"https:\/\/orthopara.store\/wp-content\/uploads\/2024\/06\/canpol-babies-basic-care-tire-lait-manuel-basique.jpg","type":"image\/jpeg"}],"twitter_card":"summary_large_image","twitter_misc":{"Dur\u00e9e de lecture estim\u00e9e":"2 minutes"},"schema":{"@context":"https:\/\/schema.org","@graph":[{"@type":"WebPage","@id":"https:\/\/orthopara.store\/index.php\/produit\/canpol-babies-tire-lait-manuel-basiccare\/","url":"https:\/\/orthopara.store\/index.php\/produit\/canpol-babies-tire-lait-manuel-basiccare\/","name":"Canpol babies - Tire-lait manuel BasicCare - OrthoPara","isPartOf":{"@id":"https:\/\/orthopara.store\/#website"},"primaryImageOfPage":{"@id":"https:\/\/orthopara.store\/index.php\/produit\/canpol-babies-tire-lait-manuel-basiccare\/#primaryimage"},"image":{"@id":"https:\/\/orthopara.store\/index.php\/produit\/canpol-babies-tire-lait-manuel-basiccare\/#primaryimage"},"thumbnailUrl":"https:\/\/orthopara.store\/wp-content\/uploads\/2024\/06\/canpol-babies-basic-care-tire-lait-manuel-basique.jpg","datePublished":"2024-06-28T13:54:48+00:00","dateModified":"2024-11-07T08:49:59+00:00","breadcrumb":{"@id":"https:\/\/orthopara.store\/index.php\/produit\/canpol-babies-tire-lait-manuel-basiccare\/#breadcrumb"},"inLanguage":"fr-FR","potentialAction":[{"@type":"ReadAction","target":["https:\/\/orthopara.store\/index.php\/produit\/canpol-babies-tire-lait-manuel-basiccare\/"]}]},{"@type":"ImageObject","inLanguage":"fr-FR","@id":"https:\/\/orthopara.store\/index.php\/produit\/canpol-babies-tire-lait-manuel-basiccare\/#primaryimage","url":"https:\/\/orthopara.store\/wp-content\/uploads\/2024\/06\/canpol-babies-basic-care-tire-lait-manuel-basique.jpg","contentUrl":"https:\/\/orthopara.store\/wp-content\/uploads\/2024\/06\/canpol-babies-basic-care-tire-lait-manuel-basique.jpg","width":800,"height":800},{"@type":"BreadcrumbList","@id":"https:\/\/orthopara.store\/index.php\/produit\/canpol-babies-tire-lait-manuel-basiccare\/#breadcrumb","itemListElement":[{"@type":"ListItem","position":1,"name":"Accueil","item":"https:\/\/orthopara.store\/"},{"@type":"ListItem","position":2,"name":"Shop","item":"https:\/\/orthopara.store\/?page_id=622"},{"@type":"ListItem","position":3,"name":"Canpol babies &#8211; Tire-lait manuel BasicCare"}]},{"@type":"WebSite","@id":"https:\/\/orthopara.store\/#website","url":"https:\/\/orthopara.store\/","name":"OrthoPara","description":"Parapharmacie","publisher":{"@id":"https:\/\/orthopara.store\/#organization"},"potentialAction":[{"@type":"SearchAction","target":{"@type":"EntryPoint","urlTemplate":"https:\/\/orthopara.store\/?s={search_term_string}"},"query-input":"required name=search_term_string"}],"inLanguage":"fr-FR"},{"@type":"Organization","@id":"https:\/\/orthopara.store\/#organization","name":"OrthoPara","url":"https:\/\/orthopara.store\/","logo":{"@type":"ImageObject","inLanguage":"fr-FR","@id":"https:\/\/orthopara.store\/#\/schema\/logo\/image\/","url":"https:\/\/orthopara.store\/wp-content\/uploads\/2024\/06\/cropped-9ABA8BAD-6256-4719-9315-15C66E64E882.png","contentUrl":"https:\/\/orthopara.store\/wp-content\/uploads\/2024\/06\/cropped-9ABA8BAD-6256-4719-9315-15C66E64E882.png","width":240,"height":72,"caption":"OrthoPara"},"image":{"@id":"https:\/\/orthopara.store\/#\/schema\/logo\/image\/"},"sameAs":["https:\/\/www.facebook.com\/profile.php?id=61561194315651","https:\/\/www.instagram.com\/orthopara_tunisie\/"]}]}},"jetpack_sharing_enabled":true,"brands":[{"id":174,"name":"Canpol babies","slug":"canpol-babies"}],"_links":{"self":[{"href":"https:\/\/orthopara.store\/index.php?rest_route=\/wp\/v2\/product\/1699","targetHints":{"allow":["GET"]}}],"collection":[{"href":"https:\/\/orthopara.store\/index.php?rest_route=\/wp\/v2\/product"}],"about":[{"href":"https:\/\/orthopara.store\/index.php?rest_route=\/wp\/v2\/types\/product"}],"replies":[{"embeddable":true,"href":"https:\/\/orthopara.store\/index.php?rest_route=%2Fwp%2Fv2%2Fcomments&post=1699"}],"wp:featuredmedia":[{"embeddable":true,"href":"https:\/\/orthopara.store\/index.php?rest_route=\/wp\/v2\/media\/1725"}],"wp:attachment":[{"href":"https:\/\/orthopara.store\/index.php?rest_route=%2Fwp%2Fv2%2Fmedia&parent=1699"}],"wp:term":[{"taxonomy":"pwb-brand","embeddable":true,"href":"https:\/\/orthopara.store\/index.php?rest_route=%2Fwp%2Fv2%2Fpwb-brand&post=1699"},{"taxonomy":"product_cat","embeddable":true,"href":"https:\/\/orthopara.store\/index.php?rest_route=%2Fwp%2Fv2%2Fproduct_cat&post=1699"},{"taxonomy":"product_tag","embeddable":true,"href":"https:\/\/orthopara.store\/index.php?rest_route=%2Fwp%2Fv2%2Fproduct_tag&post=1699"}],"curies":[{"name":"wp","href":"https:\/\/api.w.org\/{rel}","templated":true}]}}