{"id":1700,"date":"2024-06-28T15:54:48","date_gmt":"2024-06-28T13:54:48","guid":{"rendered":"https:\/\/orthopara.store\/?post_type=product&#038;p=1700"},"modified":"2024-06-28T15:54:56","modified_gmt":"2024-06-28T13:54:56","slug":"sac-de-conservation-du-lait-maternel-philips-avent-25-pieces","status":"publish","type":"product","link":"https:\/\/orthopara.store\/?product=sac-de-conservation-du-lait-maternel-philips-avent-25-pieces","title":{"rendered":"Sac de conservation du lait maternel &#8211; Philips Avent &#8211; 25 pi\u00e8ces"},"content":{"rendered":"<p>Sac de conservation du lait maternel &#8211; Philips Avent &#8211; 25 pi\u00e8ces<br \/>\nLes sachets de conservation du lait Philips Avent sont destin\u00e9s aux mamans qui utilisent un tire-lait, manuel ou \u00e9lectrique, dans le cadre de l&rsquo;allaitement de leur enfant. Ces sachets permettent de conserver et de pr\u00e9server la qualit\u00e9 du lait maternel. Ils sont pr\u00e9-st\u00e9rilis\u00e9s pour que vous puissiez les utiliser imm\u00e9diatement.\u00a0\u00a0<br \/>\nCaract\u00e9ristiques du produit :<br \/>\nFermeture anti-fuite \u00e0 double zip fiable, pour une conservation parfaitement sure pour votre lait<br \/>\nL&rsquo;ouverture s\u00e9curis\u00e9e atteste que le sachet pr\u00e9-st\u00e9rilis\u00e9 est intact avant sa premi\u00e8re utilisation, pour une hygi\u00e8ne garantie.<br \/>\nAvec les coutures lat\u00e9rales renforc\u00e9es et la doublure de ces sachets, vous pouvez \u00eatre s\u00fbre que votre lait est conserv\u00e9 en toute s\u00e9curit\u00e9 dans le r\u00e9frig\u00e9rateur ou le cong\u00e9lateur.<br \/>\nL&rsquo;ouverture large et r\u00e9sistante du sachet vous permet de remplir et de verser facilement votre lait.<br \/>\nCe sac robuste reste stable lorsque vous le posez, tandis que sa grande ouverture vous permet de le remplir ou de verser son contenu facilement.<br \/>\nSacs posables \u00e0 plat pour un rangement facilit\u00e9 dans le r\u00e9frig\u00e9rateur ou le cong\u00e9lateur<br \/>\nCe sachet est fabriqu\u00e9 avec un mat\u00e9riau 0 % BPA.<br \/>\nConseils d&rsquo;utilisation :<br \/>\nAvant de tirer votre lait, assurez-vous de bien vous laver les mains et de les s\u00e9cher \u00e0 l&rsquo;aide d&rsquo;une serviette propre. Apr\u00e8s avoir tir\u00e9 votre lait, \u00e0 l&rsquo;aide d&rsquo;un tire-lait manuel ou \u00e9lectrique, versez le lait dans le sachet en \u00e9vitant au maximum de toucher l&rsquo;int\u00e9rieur du sachet. Fermez ensuite le sachet et notez dessus la date et l&rsquo;heure du tirage ainsi que le volume de lait r\u00e9colt\u00e9. Placez ensuite le sachet de conservation au r\u00e9frig\u00e9rateur ou au cong\u00e9lateur.\u00a0<br \/>\nApr\u00e8s tirage, le lait maternel frais se conserve :<br \/>\n4 heures \u00e0 temp\u00e9rature ambiante (25-26 \u00b0C) ;<br \/>\n24 heures dans un sac isotherme dot\u00e9 de packs de cong\u00e9lation \u00e0 15 \u00b0C ;<br \/>\njusqu&rsquo;\u00e0 5 jours au r\u00e9frig\u00e9rateur (4 \u00b0C) ;<br \/>\n2 semaines au freezer ;<br \/>\n6 mois au cong\u00e9lateur.<\/p>\n","protected":false},"excerpt":{"rendered":"<p>Philips Avent<br \/>\nLa protection Ultime pour votre lait<br \/>\nLes sachets de conservation pour le lait maternel Philips Avent pr\u00e9servent votre lait. Pr\u00e9-st\u00e9rilis\u00e9s pour permettre une utilisation imm\u00e9diate, ils peuvent \u00eatre plac\u00e9s au r\u00e9frig\u00e9rateur comme au cong\u00e9lateur. Voir tous les avantages<\/p>\n<p>Conditionnement : 25 pi\u00e8ces sac de conservation du lait de capacit\u00e9 de 180 ml<\/p>\n","protected":false},"featured_media":1726,"comment_status":"open","ping_status":"closed","template":"","meta":[],"pwb-brand":[170],"product_cat":[201],"product_tag":[],"class_list":{"0":"post-1700","1":"product","2":"type-product","3":"status-publish","4":"has-post-thumbnail","6":"pwb-brand-philips-avent","7":"product_cat-allaitement","8":"post","9":"ws-product--style-1","11":"first","12":"instock","13":"shipping-taxable","14":"purchasable","15":"product-type-simple"},"yoast_head":"<!-- This site is optimized with the Yoast SEO plugin v23.0 - https:\/\/yoast.com\/wordpress\/plugins\/seo\/ -->\n<title>Sac de conservation du lait maternel - Philips Avent - 25 pi\u00e8ces - OrthoPara<\/title>\n<meta name=\"robots\" content=\"index, follow, max-snippet:-1, max-image-preview:large, max-video-preview:-1\" \/>\n<link rel=\"canonical\" href=\"https:\/\/orthopara.store\/index.php\/produit\/sac-de-conservation-du-lait-maternel-philips-avent-25-pieces\/\" \/>\n<meta property=\"og:locale\" content=\"fr_FR\" \/>\n<meta property=\"og:type\" content=\"article\" \/>\n<meta property=\"og:title\" content=\"Sac de conservation du lait maternel - Philips Avent - 25 pi\u00e8ces - OrthoPara\" \/>\n<meta property=\"og:description\" content=\"Philips Avent La protection Ultime pour votre lait Les sachets de conservation pour le lait maternel Philips Avent pr\u00e9servent votre lait. Pr\u00e9-st\u00e9rilis\u00e9s pour permettre une utilisation imm\u00e9diate, ils peuvent \u00eatre plac\u00e9s au r\u00e9frig\u00e9rateur comme au cong\u00e9lateur. Voir tous les avantages Conditionnement : 25 pi\u00e8ces sac de conservation du lait de capacit\u00e9 de 180 ml\" \/>\n<meta property=\"og:url\" content=\"https:\/\/orthopara.store\/index.php\/produit\/sac-de-conservation-du-lait-maternel-philips-avent-25-pieces\/\" \/>\n<meta property=\"og:site_name\" content=\"OrthoPara\" \/>\n<meta property=\"article:publisher\" content=\"https:\/\/www.facebook.com\/profile.php?id=61561194315651\" \/>\n<meta property=\"article:modified_time\" content=\"2024-06-28T13:54:56+00:00\" \/>\n<meta property=\"og:image\" content=\"https:\/\/orthopara.store\/wp-content\/uploads\/2024\/06\/sac-de-conservation-du-lait-maternel-philips-avent-25-pieces.jpg\" \/>\n\t<meta property=\"og:image:width\" content=\"800\" \/>\n\t<meta property=\"og:image:height\" content=\"800\" \/>\n\t<meta property=\"og:image:type\" content=\"image\/jpeg\" \/>\n<meta name=\"twitter:card\" content=\"summary_large_image\" \/>\n<meta name=\"twitter:label1\" content=\"Dur\u00e9e de lecture estim\u00e9e\" \/>\n\t<meta name=\"twitter:data1\" content=\"2 minutes\" \/>\n<script type=\"application\/ld+json\" class=\"yoast-schema-graph\">{\"@context\":\"https:\/\/schema.org\",\"@graph\":[{\"@type\":\"WebPage\",\"@id\":\"https:\/\/orthopara.store\/index.php\/produit\/sac-de-conservation-du-lait-maternel-philips-avent-25-pieces\/\",\"url\":\"https:\/\/orthopara.store\/index.php\/produit\/sac-de-conservation-du-lait-maternel-philips-avent-25-pieces\/\",\"name\":\"Sac de conservation du lait maternel - Philips Avent - 25 pi\u00e8ces - OrthoPara\",\"isPartOf\":{\"@id\":\"https:\/\/orthopara.store\/#website\"},\"primaryImageOfPage\":{\"@id\":\"https:\/\/orthopara.store\/index.php\/produit\/sac-de-conservation-du-lait-maternel-philips-avent-25-pieces\/#primaryimage\"},\"image\":{\"@id\":\"https:\/\/orthopara.store\/index.php\/produit\/sac-de-conservation-du-lait-maternel-philips-avent-25-pieces\/#primaryimage\"},\"thumbnailUrl\":\"https:\/\/orthopara.store\/wp-content\/uploads\/2024\/06\/sac-de-conservation-du-lait-maternel-philips-avent-25-pieces.jpg\",\"datePublished\":\"2024-06-28T13:54:48+00:00\",\"dateModified\":\"2024-06-28T13:54:56+00:00\",\"breadcrumb\":{\"@id\":\"https:\/\/orthopara.store\/index.php\/produit\/sac-de-conservation-du-lait-maternel-philips-avent-25-pieces\/#breadcrumb\"},\"inLanguage\":\"fr-FR\",\"potentialAction\":[{\"@type\":\"ReadAction\",\"target\":[\"https:\/\/orthopara.store\/index.php\/produit\/sac-de-conservation-du-lait-maternel-philips-avent-25-pieces\/\"]}]},{\"@type\":\"ImageObject\",\"inLanguage\":\"fr-FR\",\"@id\":\"https:\/\/orthopara.store\/index.php\/produit\/sac-de-conservation-du-lait-maternel-philips-avent-25-pieces\/#primaryimage\",\"url\":\"https:\/\/orthopara.store\/wp-content\/uploads\/2024\/06\/sac-de-conservation-du-lait-maternel-philips-avent-25-pieces.jpg\",\"contentUrl\":\"https:\/\/orthopara.store\/wp-content\/uploads\/2024\/06\/sac-de-conservation-du-lait-maternel-philips-avent-25-pieces.jpg\",\"width\":800,\"height\":800},{\"@type\":\"BreadcrumbList\",\"@id\":\"https:\/\/orthopara.store\/index.php\/produit\/sac-de-conservation-du-lait-maternel-philips-avent-25-pieces\/#breadcrumb\",\"itemListElement\":[{\"@type\":\"ListItem\",\"position\":1,\"name\":\"Accueil\",\"item\":\"https:\/\/orthopara.store\/\"},{\"@type\":\"ListItem\",\"position\":2,\"name\":\"Shop\",\"item\":\"https:\/\/orthopara.store\/?page_id=622\"},{\"@type\":\"ListItem\",\"position\":3,\"name\":\"Sac de conservation du lait maternel &#8211; Philips Avent &#8211; 25 pi\u00e8ces\"}]},{\"@type\":\"WebSite\",\"@id\":\"https:\/\/orthopara.store\/#website\",\"url\":\"https:\/\/orthopara.store\/\",\"name\":\"OrthoPara\",\"description\":\"Parapharmacie\",\"publisher\":{\"@id\":\"https:\/\/orthopara.store\/#organization\"},\"potentialAction\":[{\"@type\":\"SearchAction\",\"target\":{\"@type\":\"EntryPoint\",\"urlTemplate\":\"https:\/\/orthopara.store\/?s={search_term_string}\"},\"query-input\":\"required name=search_term_string\"}],\"inLanguage\":\"fr-FR\"},{\"@type\":\"Organization\",\"@id\":\"https:\/\/orthopara.store\/#organization\",\"name\":\"OrthoPara\",\"url\":\"https:\/\/orthopara.store\/\",\"logo\":{\"@type\":\"ImageObject\",\"inLanguage\":\"fr-FR\",\"@id\":\"https:\/\/orthopara.store\/#\/schema\/logo\/image\/\",\"url\":\"https:\/\/orthopara.store\/wp-content\/uploads\/2024\/06\/cropped-9ABA8BAD-6256-4719-9315-15C66E64E882.png\",\"contentUrl\":\"https:\/\/orthopara.store\/wp-content\/uploads\/2024\/06\/cropped-9ABA8BAD-6256-4719-9315-15C66E64E882.png\",\"width\":240,\"height\":72,\"caption\":\"OrthoPara\"},\"image\":{\"@id\":\"https:\/\/orthopara.store\/#\/schema\/logo\/image\/\"},\"sameAs\":[\"https:\/\/www.facebook.com\/profile.php?id=61561194315651\",\"https:\/\/www.instagram.com\/orthopara_tunisie\/\"]}]}<\/script>\n<!-- \/ Yoast SEO plugin. -->","yoast_head_json":{"title":"Sac de conservation du lait maternel - Philips Avent - 25 pi\u00e8ces - OrthoPara","robots":{"index":"index","follow":"follow","max-snippet":"max-snippet:-1","max-image-preview":"max-image-preview:large","max-video-preview":"max-video-preview:-1"},"canonical":"https:\/\/orthopara.store\/index.php\/produit\/sac-de-conservation-du-lait-maternel-philips-avent-25-pieces\/","og_locale":"fr_FR","og_type":"article","og_title":"Sac de conservation du lait maternel - Philips Avent - 25 pi\u00e8ces - OrthoPara","og_description":"Philips Avent La protection Ultime pour votre lait Les sachets de conservation pour le lait maternel Philips Avent pr\u00e9servent votre lait. Pr\u00e9-st\u00e9rilis\u00e9s pour permettre une utilisation imm\u00e9diate, ils peuvent \u00eatre plac\u00e9s au r\u00e9frig\u00e9rateur comme au cong\u00e9lateur. Voir tous les avantages Conditionnement : 25 pi\u00e8ces sac de conservation du lait de capacit\u00e9 de 180 ml","og_url":"https:\/\/orthopara.store\/index.php\/produit\/sac-de-conservation-du-lait-maternel-philips-avent-25-pieces\/","og_site_name":"OrthoPara","article_publisher":"https:\/\/www.facebook.com\/profile.php?id=61561194315651","article_modified_time":"2024-06-28T13:54:56+00:00","og_image":[{"width":800,"height":800,"url":"https:\/\/orthopara.store\/wp-content\/uploads\/2024\/06\/sac-de-conservation-du-lait-maternel-philips-avent-25-pieces.jpg","type":"image\/jpeg"}],"twitter_card":"summary_large_image","twitter_misc":{"Dur\u00e9e de lecture estim\u00e9e":"2 minutes"},"schema":{"@context":"https:\/\/schema.org","@graph":[{"@type":"WebPage","@id":"https:\/\/orthopara.store\/index.php\/produit\/sac-de-conservation-du-lait-maternel-philips-avent-25-pieces\/","url":"https:\/\/orthopara.store\/index.php\/produit\/sac-de-conservation-du-lait-maternel-philips-avent-25-pieces\/","name":"Sac de conservation du lait maternel - Philips Avent - 25 pi\u00e8ces - OrthoPara","isPartOf":{"@id":"https:\/\/orthopara.store\/#website"},"primaryImageOfPage":{"@id":"https:\/\/orthopara.store\/index.php\/produit\/sac-de-conservation-du-lait-maternel-philips-avent-25-pieces\/#primaryimage"},"image":{"@id":"https:\/\/orthopara.store\/index.php\/produit\/sac-de-conservation-du-lait-maternel-philips-avent-25-pieces\/#primaryimage"},"thumbnailUrl":"https:\/\/orthopara.store\/wp-content\/uploads\/2024\/06\/sac-de-conservation-du-lait-maternel-philips-avent-25-pieces.jpg","datePublished":"2024-06-28T13:54:48+00:00","dateModified":"2024-06-28T13:54:56+00:00","breadcrumb":{"@id":"https:\/\/orthopara.store\/index.php\/produit\/sac-de-conservation-du-lait-maternel-philips-avent-25-pieces\/#breadcrumb"},"inLanguage":"fr-FR","potentialAction":[{"@type":"ReadAction","target":["https:\/\/orthopara.store\/index.php\/produit\/sac-de-conservation-du-lait-maternel-philips-avent-25-pieces\/"]}]},{"@type":"ImageObject","inLanguage":"fr-FR","@id":"https:\/\/orthopara.store\/index.php\/produit\/sac-de-conservation-du-lait-maternel-philips-avent-25-pieces\/#primaryimage","url":"https:\/\/orthopara.store\/wp-content\/uploads\/2024\/06\/sac-de-conservation-du-lait-maternel-philips-avent-25-pieces.jpg","contentUrl":"https:\/\/orthopara.store\/wp-content\/uploads\/2024\/06\/sac-de-conservation-du-lait-maternel-philips-avent-25-pieces.jpg","width":800,"height":800},{"@type":"BreadcrumbList","@id":"https:\/\/orthopara.store\/index.php\/produit\/sac-de-conservation-du-lait-maternel-philips-avent-25-pieces\/#breadcrumb","itemListElement":[{"@type":"ListItem","position":1,"name":"Accueil","item":"https:\/\/orthopara.store\/"},{"@type":"ListItem","position":2,"name":"Shop","item":"https:\/\/orthopara.store\/?page_id=622"},{"@type":"ListItem","position":3,"name":"Sac de conservation du lait maternel &#8211; Philips Avent &#8211; 25 pi\u00e8ces"}]},{"@type":"WebSite","@id":"https:\/\/orthopara.store\/#website","url":"https:\/\/orthopara.store\/","name":"OrthoPara","description":"Parapharmacie","publisher":{"@id":"https:\/\/orthopara.store\/#organization"},"potentialAction":[{"@type":"SearchAction","target":{"@type":"EntryPoint","urlTemplate":"https:\/\/orthopara.store\/?s={search_term_string}"},"query-input":"required name=search_term_string"}],"inLanguage":"fr-FR"},{"@type":"Organization","@id":"https:\/\/orthopara.store\/#organization","name":"OrthoPara","url":"https:\/\/orthopara.store\/","logo":{"@type":"ImageObject","inLanguage":"fr-FR","@id":"https:\/\/orthopara.store\/#\/schema\/logo\/image\/","url":"https:\/\/orthopara.store\/wp-content\/uploads\/2024\/06\/cropped-9ABA8BAD-6256-4719-9315-15C66E64E882.png","contentUrl":"https:\/\/orthopara.store\/wp-content\/uploads\/2024\/06\/cropped-9ABA8BAD-6256-4719-9315-15C66E64E882.png","width":240,"height":72,"caption":"OrthoPara"},"image":{"@id":"https:\/\/orthopara.store\/#\/schema\/logo\/image\/"},"sameAs":["https:\/\/www.facebook.com\/profile.php?id=61561194315651","https:\/\/www.instagram.com\/orthopara_tunisie\/"]}]}},"jetpack_sharing_enabled":true,"brands":[{"id":170,"name":"PHILIPS AVENT","slug":"philips-avent"}],"_links":{"self":[{"href":"https:\/\/orthopara.store\/index.php?rest_route=\/wp\/v2\/product\/1700","targetHints":{"allow":["GET"]}}],"collection":[{"href":"https:\/\/orthopara.store\/index.php?rest_route=\/wp\/v2\/product"}],"about":[{"href":"https:\/\/orthopara.store\/index.php?rest_route=\/wp\/v2\/types\/product"}],"replies":[{"embeddable":true,"href":"https:\/\/orthopara.store\/index.php?rest_route=%2Fwp%2Fv2%2Fcomments&post=1700"}],"wp:featuredmedia":[{"embeddable":true,"href":"https:\/\/orthopara.store\/index.php?rest_route=\/wp\/v2\/media\/1726"}],"wp:attachment":[{"href":"https:\/\/orthopara.store\/index.php?rest_route=%2Fwp%2Fv2%2Fmedia&parent=1700"}],"wp:term":[{"taxonomy":"pwb-brand","embeddable":true,"href":"https:\/\/orthopara.store\/index.php?rest_route=%2Fwp%2Fv2%2Fpwb-brand&post=1700"},{"taxonomy":"product_cat","embeddable":true,"href":"https:\/\/orthopara.store\/index.php?rest_route=%2Fwp%2Fv2%2Fproduct_cat&post=1700"},{"taxonomy":"product_tag","embeddable":true,"href":"https:\/\/orthopara.store\/index.php?rest_route=%2Fwp%2Fv2%2Fproduct_tag&post=1700"}],"curies":[{"name":"wp","href":"https:\/\/api.w.org\/{rel}","templated":true}]}}