{"id":1701,"date":"2024-06-28T15:54:48","date_gmt":"2024-06-28T13:54:48","guid":{"rendered":"https:\/\/orthopara.store\/?post_type=product&#038;p=1701"},"modified":"2024-06-28T15:54:56","modified_gmt":"2024-06-28T13:54:56","slug":"sac-de-conservation-du-lait-bebsi-10-pieces","status":"publish","type":"product","link":"https:\/\/orthopara.store\/?product=sac-de-conservation-du-lait-bebsi-10-pieces","title":{"rendered":"Sac de conservation du lait &#8211; Bebsi &#8211; 10 pi\u00e8ces"},"content":{"rendered":"<p>Sac de conservation du lait &#8211; Bebsi &#8211; 10 pi\u00e8ces<br \/>\nLes sacs de conservation du lait Bebsi sont les plus grandes aides des m\u00e8res pendant l&rsquo;allaitement afin que leurs b\u00e9b\u00e9s aient toujours du lait disponible au moment du repas.<br \/>\nIls peuvent conserver leur lait dans des conditions st\u00e9riles pendant longtemps.<br \/>\nCaract\u00e9ristiques du produit :<br \/>\nSerrure sp\u00e9ciale qui emp\u00eache les fuites<br \/>\nConvient au cong\u00e9lateur.<br \/>\nEmballage st\u00e9rile<br \/>\nConseils d&rsquo;utilisation :<br \/>\nLavez-vous soigneusement les mains et exprimez le lait.<br \/>\nAvant de remplir le sac, \u00e9crivez l&rsquo;heure\/jour de traite puis la quantit\u00e9.<br \/>\nOuvrez le sac de conservation du lait Bebsi et versez-y le lait exprim\u00e9.<br \/>\nAvant de fermer le sac de conservation du lait, \u00e9liminez un maximum d&rsquo;air et conservez votre lait conform\u00e9ment aux instructions de conservation.<br \/>\nLorsque vous utilisez le lait, attendez qu&rsquo;il d\u00e9cong\u00e8le selon les instructions et versez-le dans le biberon.<br \/>\nGr\u00e2ce \u00e0 sa base support\u00e9e, il peut tenir debout ou horizontal.<\/p>\n<p>Instructions d&#8217;emploi :<br \/>\nRetirez-le du cong\u00e9lateur sur l&rsquo;\u00e9tag\u00e8re du r\u00e9frig\u00e9rateur et laissez-le d\u00e9congeler lentement ou plus rapidement \u00e0 temp\u00e9rature ambiante.<br \/>\nVous pouvez \u00e9galement le faire fondre en le maintenant sous l\u2019eau courante ti\u00e8de ou en le faisant couler dans de l\u2019eau ti\u00e8de.<br \/>\nUne fois le sachet ouvert, le lait d\u00e9congel\u00e9 doit \u00eatre conserv\u00e9 au r\u00e9frig\u00e9rateur et consomm\u00e9 dans les 12 heures.<br \/>\nApr\u00e8s chauffage, tout lait restant doit \u00eatre jet\u00e9.<\/p>\n","protected":false},"excerpt":{"rendered":"<p>Bebsi\u00a0<br \/>\nLes sacs de conservation du lait Bebsi sont les plus grandes aides des m\u00e8res pendant l&rsquo;allaitement afin que leurs b\u00e9b\u00e9s aient toujours du lait disponible au moment du repas.<br \/>\nConditionnement : 10 pi\u00e8ces sac de conservation du lait de capacit\u00e9 de\u00a0200 ml<\/p>\n","protected":false},"featured_media":1727,"comment_status":"open","ping_status":"closed","template":"","meta":[],"pwb-brand":[177],"product_cat":[201],"product_tag":[],"class_list":{"0":"post-1701","1":"product","2":"type-product","3":"status-publish","4":"has-post-thumbnail","6":"pwb-brand-bebsi","7":"product_cat-allaitement","8":"post","9":"ws-product--style-1","11":"first","12":"instock","13":"shipping-taxable","14":"purchasable","15":"product-type-simple"},"yoast_head":"<!-- This site is optimized with the Yoast SEO plugin v23.0 - https:\/\/yoast.com\/wordpress\/plugins\/seo\/ -->\n<title>Sac de conservation du lait - Bebsi - 10 pi\u00e8ces - OrthoPara<\/title>\n<meta name=\"robots\" content=\"index, follow, max-snippet:-1, max-image-preview:large, max-video-preview:-1\" \/>\n<link rel=\"canonical\" href=\"https:\/\/orthopara.store\/index.php\/produit\/sac-de-conservation-du-lait-bebsi-10-pieces\/\" \/>\n<meta property=\"og:locale\" content=\"fr_FR\" \/>\n<meta property=\"og:type\" content=\"article\" \/>\n<meta property=\"og:title\" content=\"Sac de conservation du lait - Bebsi - 10 pi\u00e8ces - OrthoPara\" \/>\n<meta property=\"og:description\" content=\"Bebsi\u00a0 Les sacs de conservation du lait Bebsi sont les plus grandes aides des m\u00e8res pendant l&#039;allaitement afin que leurs b\u00e9b\u00e9s aient toujours du lait disponible au moment du repas. Conditionnement : 10 pi\u00e8ces sac de conservation du lait de capacit\u00e9 de\u00a0200 ml\" \/>\n<meta property=\"og:url\" content=\"https:\/\/orthopara.store\/index.php\/produit\/sac-de-conservation-du-lait-bebsi-10-pieces\/\" \/>\n<meta property=\"og:site_name\" content=\"OrthoPara\" \/>\n<meta property=\"article:publisher\" content=\"https:\/\/www.facebook.com\/profile.php?id=61561194315651\" \/>\n<meta property=\"article:modified_time\" content=\"2024-06-28T13:54:56+00:00\" \/>\n<meta property=\"og:image\" content=\"https:\/\/orthopara.store\/wp-content\/uploads\/2024\/06\/sac-de-conservation-du-lait-bebsi-10-pieces.jpg\" \/>\n\t<meta property=\"og:image:width\" content=\"800\" \/>\n\t<meta property=\"og:image:height\" content=\"800\" \/>\n\t<meta property=\"og:image:type\" content=\"image\/jpeg\" \/>\n<meta name=\"twitter:card\" content=\"summary_large_image\" \/>\n<meta name=\"twitter:label1\" content=\"Dur\u00e9e de lecture estim\u00e9e\" \/>\n\t<meta name=\"twitter:data1\" content=\"1 minute\" \/>\n<script type=\"application\/ld+json\" class=\"yoast-schema-graph\">{\"@context\":\"https:\/\/schema.org\",\"@graph\":[{\"@type\":\"WebPage\",\"@id\":\"https:\/\/orthopara.store\/index.php\/produit\/sac-de-conservation-du-lait-bebsi-10-pieces\/\",\"url\":\"https:\/\/orthopara.store\/index.php\/produit\/sac-de-conservation-du-lait-bebsi-10-pieces\/\",\"name\":\"Sac de conservation du lait - Bebsi - 10 pi\u00e8ces - OrthoPara\",\"isPartOf\":{\"@id\":\"https:\/\/orthopara.store\/#website\"},\"primaryImageOfPage\":{\"@id\":\"https:\/\/orthopara.store\/index.php\/produit\/sac-de-conservation-du-lait-bebsi-10-pieces\/#primaryimage\"},\"image\":{\"@id\":\"https:\/\/orthopara.store\/index.php\/produit\/sac-de-conservation-du-lait-bebsi-10-pieces\/#primaryimage\"},\"thumbnailUrl\":\"https:\/\/orthopara.store\/wp-content\/uploads\/2024\/06\/sac-de-conservation-du-lait-bebsi-10-pieces.jpg\",\"datePublished\":\"2024-06-28T13:54:48+00:00\",\"dateModified\":\"2024-06-28T13:54:56+00:00\",\"breadcrumb\":{\"@id\":\"https:\/\/orthopara.store\/index.php\/produit\/sac-de-conservation-du-lait-bebsi-10-pieces\/#breadcrumb\"},\"inLanguage\":\"fr-FR\",\"potentialAction\":[{\"@type\":\"ReadAction\",\"target\":[\"https:\/\/orthopara.store\/index.php\/produit\/sac-de-conservation-du-lait-bebsi-10-pieces\/\"]}]},{\"@type\":\"ImageObject\",\"inLanguage\":\"fr-FR\",\"@id\":\"https:\/\/orthopara.store\/index.php\/produit\/sac-de-conservation-du-lait-bebsi-10-pieces\/#primaryimage\",\"url\":\"https:\/\/orthopara.store\/wp-content\/uploads\/2024\/06\/sac-de-conservation-du-lait-bebsi-10-pieces.jpg\",\"contentUrl\":\"https:\/\/orthopara.store\/wp-content\/uploads\/2024\/06\/sac-de-conservation-du-lait-bebsi-10-pieces.jpg\",\"width\":800,\"height\":800},{\"@type\":\"BreadcrumbList\",\"@id\":\"https:\/\/orthopara.store\/index.php\/produit\/sac-de-conservation-du-lait-bebsi-10-pieces\/#breadcrumb\",\"itemListElement\":[{\"@type\":\"ListItem\",\"position\":1,\"name\":\"Accueil\",\"item\":\"https:\/\/orthopara.store\/\"},{\"@type\":\"ListItem\",\"position\":2,\"name\":\"Shop\",\"item\":\"https:\/\/orthopara.store\/?page_id=622\"},{\"@type\":\"ListItem\",\"position\":3,\"name\":\"Sac de conservation du lait &#8211; Bebsi &#8211; 10 pi\u00e8ces\"}]},{\"@type\":\"WebSite\",\"@id\":\"https:\/\/orthopara.store\/#website\",\"url\":\"https:\/\/orthopara.store\/\",\"name\":\"OrthoPara\",\"description\":\"Parapharmacie\",\"publisher\":{\"@id\":\"https:\/\/orthopara.store\/#organization\"},\"potentialAction\":[{\"@type\":\"SearchAction\",\"target\":{\"@type\":\"EntryPoint\",\"urlTemplate\":\"https:\/\/orthopara.store\/?s={search_term_string}\"},\"query-input\":\"required name=search_term_string\"}],\"inLanguage\":\"fr-FR\"},{\"@type\":\"Organization\",\"@id\":\"https:\/\/orthopara.store\/#organization\",\"name\":\"OrthoPara\",\"url\":\"https:\/\/orthopara.store\/\",\"logo\":{\"@type\":\"ImageObject\",\"inLanguage\":\"fr-FR\",\"@id\":\"https:\/\/orthopara.store\/#\/schema\/logo\/image\/\",\"url\":\"https:\/\/orthopara.store\/wp-content\/uploads\/2024\/06\/cropped-9ABA8BAD-6256-4719-9315-15C66E64E882.png\",\"contentUrl\":\"https:\/\/orthopara.store\/wp-content\/uploads\/2024\/06\/cropped-9ABA8BAD-6256-4719-9315-15C66E64E882.png\",\"width\":240,\"height\":72,\"caption\":\"OrthoPara\"},\"image\":{\"@id\":\"https:\/\/orthopara.store\/#\/schema\/logo\/image\/\"},\"sameAs\":[\"https:\/\/www.facebook.com\/profile.php?id=61561194315651\",\"https:\/\/www.instagram.com\/orthopara_tunisie\/\"]}]}<\/script>\n<!-- \/ Yoast SEO plugin. -->","yoast_head_json":{"title":"Sac de conservation du lait - Bebsi - 10 pi\u00e8ces - OrthoPara","robots":{"index":"index","follow":"follow","max-snippet":"max-snippet:-1","max-image-preview":"max-image-preview:large","max-video-preview":"max-video-preview:-1"},"canonical":"https:\/\/orthopara.store\/index.php\/produit\/sac-de-conservation-du-lait-bebsi-10-pieces\/","og_locale":"fr_FR","og_type":"article","og_title":"Sac de conservation du lait - Bebsi - 10 pi\u00e8ces - OrthoPara","og_description":"Bebsi\u00a0 Les sacs de conservation du lait Bebsi sont les plus grandes aides des m\u00e8res pendant l'allaitement afin que leurs b\u00e9b\u00e9s aient toujours du lait disponible au moment du repas. Conditionnement : 10 pi\u00e8ces sac de conservation du lait de capacit\u00e9 de\u00a0200 ml","og_url":"https:\/\/orthopara.store\/index.php\/produit\/sac-de-conservation-du-lait-bebsi-10-pieces\/","og_site_name":"OrthoPara","article_publisher":"https:\/\/www.facebook.com\/profile.php?id=61561194315651","article_modified_time":"2024-06-28T13:54:56+00:00","og_image":[{"width":800,"height":800,"url":"https:\/\/orthopara.store\/wp-content\/uploads\/2024\/06\/sac-de-conservation-du-lait-bebsi-10-pieces.jpg","type":"image\/jpeg"}],"twitter_card":"summary_large_image","twitter_misc":{"Dur\u00e9e de lecture estim\u00e9e":"1 minute"},"schema":{"@context":"https:\/\/schema.org","@graph":[{"@type":"WebPage","@id":"https:\/\/orthopara.store\/index.php\/produit\/sac-de-conservation-du-lait-bebsi-10-pieces\/","url":"https:\/\/orthopara.store\/index.php\/produit\/sac-de-conservation-du-lait-bebsi-10-pieces\/","name":"Sac de conservation du lait - Bebsi - 10 pi\u00e8ces - OrthoPara","isPartOf":{"@id":"https:\/\/orthopara.store\/#website"},"primaryImageOfPage":{"@id":"https:\/\/orthopara.store\/index.php\/produit\/sac-de-conservation-du-lait-bebsi-10-pieces\/#primaryimage"},"image":{"@id":"https:\/\/orthopara.store\/index.php\/produit\/sac-de-conservation-du-lait-bebsi-10-pieces\/#primaryimage"},"thumbnailUrl":"https:\/\/orthopara.store\/wp-content\/uploads\/2024\/06\/sac-de-conservation-du-lait-bebsi-10-pieces.jpg","datePublished":"2024-06-28T13:54:48+00:00","dateModified":"2024-06-28T13:54:56+00:00","breadcrumb":{"@id":"https:\/\/orthopara.store\/index.php\/produit\/sac-de-conservation-du-lait-bebsi-10-pieces\/#breadcrumb"},"inLanguage":"fr-FR","potentialAction":[{"@type":"ReadAction","target":["https:\/\/orthopara.store\/index.php\/produit\/sac-de-conservation-du-lait-bebsi-10-pieces\/"]}]},{"@type":"ImageObject","inLanguage":"fr-FR","@id":"https:\/\/orthopara.store\/index.php\/produit\/sac-de-conservation-du-lait-bebsi-10-pieces\/#primaryimage","url":"https:\/\/orthopara.store\/wp-content\/uploads\/2024\/06\/sac-de-conservation-du-lait-bebsi-10-pieces.jpg","contentUrl":"https:\/\/orthopara.store\/wp-content\/uploads\/2024\/06\/sac-de-conservation-du-lait-bebsi-10-pieces.jpg","width":800,"height":800},{"@type":"BreadcrumbList","@id":"https:\/\/orthopara.store\/index.php\/produit\/sac-de-conservation-du-lait-bebsi-10-pieces\/#breadcrumb","itemListElement":[{"@type":"ListItem","position":1,"name":"Accueil","item":"https:\/\/orthopara.store\/"},{"@type":"ListItem","position":2,"name":"Shop","item":"https:\/\/orthopara.store\/?page_id=622"},{"@type":"ListItem","position":3,"name":"Sac de conservation du lait &#8211; Bebsi &#8211; 10 pi\u00e8ces"}]},{"@type":"WebSite","@id":"https:\/\/orthopara.store\/#website","url":"https:\/\/orthopara.store\/","name":"OrthoPara","description":"Parapharmacie","publisher":{"@id":"https:\/\/orthopara.store\/#organization"},"potentialAction":[{"@type":"SearchAction","target":{"@type":"EntryPoint","urlTemplate":"https:\/\/orthopara.store\/?s={search_term_string}"},"query-input":"required name=search_term_string"}],"inLanguage":"fr-FR"},{"@type":"Organization","@id":"https:\/\/orthopara.store\/#organization","name":"OrthoPara","url":"https:\/\/orthopara.store\/","logo":{"@type":"ImageObject","inLanguage":"fr-FR","@id":"https:\/\/orthopara.store\/#\/schema\/logo\/image\/","url":"https:\/\/orthopara.store\/wp-content\/uploads\/2024\/06\/cropped-9ABA8BAD-6256-4719-9315-15C66E64E882.png","contentUrl":"https:\/\/orthopara.store\/wp-content\/uploads\/2024\/06\/cropped-9ABA8BAD-6256-4719-9315-15C66E64E882.png","width":240,"height":72,"caption":"OrthoPara"},"image":{"@id":"https:\/\/orthopara.store\/#\/schema\/logo\/image\/"},"sameAs":["https:\/\/www.facebook.com\/profile.php?id=61561194315651","https:\/\/www.instagram.com\/orthopara_tunisie\/"]}]}},"jetpack_sharing_enabled":true,"brands":[{"id":177,"name":"Bebsi","slug":"bebsi"}],"_links":{"self":[{"href":"https:\/\/orthopara.store\/index.php?rest_route=\/wp\/v2\/product\/1701","targetHints":{"allow":["GET"]}}],"collection":[{"href":"https:\/\/orthopara.store\/index.php?rest_route=\/wp\/v2\/product"}],"about":[{"href":"https:\/\/orthopara.store\/index.php?rest_route=\/wp\/v2\/types\/product"}],"replies":[{"embeddable":true,"href":"https:\/\/orthopara.store\/index.php?rest_route=%2Fwp%2Fv2%2Fcomments&post=1701"}],"wp:featuredmedia":[{"embeddable":true,"href":"https:\/\/orthopara.store\/index.php?rest_route=\/wp\/v2\/media\/1727"}],"wp:attachment":[{"href":"https:\/\/orthopara.store\/index.php?rest_route=%2Fwp%2Fv2%2Fmedia&parent=1701"}],"wp:term":[{"taxonomy":"pwb-brand","embeddable":true,"href":"https:\/\/orthopara.store\/index.php?rest_route=%2Fwp%2Fv2%2Fpwb-brand&post=1701"},{"taxonomy":"product_cat","embeddable":true,"href":"https:\/\/orthopara.store\/index.php?rest_route=%2Fwp%2Fv2%2Fproduct_cat&post=1701"},{"taxonomy":"product_tag","embeddable":true,"href":"https:\/\/orthopara.store\/index.php?rest_route=%2Fwp%2Fv2%2Fproduct_tag&post=1701"}],"curies":[{"name":"wp","href":"https:\/\/api.w.org\/{rel}","templated":true}]}}