{"id":1702,"date":"2024-06-28T15:54:48","date_gmt":"2024-06-28T13:54:48","guid":{"rendered":"https:\/\/orthopara.store\/?post_type=product&#038;p=1702"},"modified":"2024-11-07T09:49:06","modified_gmt":"2024-11-07T08:49:06","slug":"canpol-babies-protege-mamelon-en-silicone-m-l-2-pcs","status":"publish","type":"product","link":"https:\/\/orthopara.store\/?product=canpol-babies-protege-mamelon-en-silicone-m-l-2-pcs","title":{"rendered":"Canpol babies &#8211; Prot\u00e8ge mamelon en silicone &#8211; M\/L &#8211; 2 pcs"},"content":{"rendered":"<p>Ils sont fabriqu\u00e9s \u00e0 partir de silicone super fin et permettent une alimentation sans douleur.<br \/>\nLe bord sup\u00e9rieur l\u00e9g\u00e8rement plus \u00e9troit du prot\u00e8ge-mamelon permet \u00e0 b\u00e9b\u00e9 de serrer les seins de sa m\u00e8re, de sentir l&rsquo;odeur de sa peau et sa chaleur tout en mangeant.<br \/>\nConseil d&rsquo;utilisation :<br \/>\nInstructions sur la fa\u00e7on de st\u00e9riliser les prot\u00e8ge-mamelons dans l&rsquo;\u00e9tui du st\u00e9rilisateur :<br \/>\n\u00a0Le non-respect de cette instruction peut entra\u00eener des br\u00fblures ou endommager le produit et\/ou le four \u00e0 micro-ondes.<br \/>\n\u2022 V\u00e9rifiez toujours le niveau d&rsquo;eau dans le bo\u00eetier du st\u00e9rilisateur avant utilisation.<br \/>\n\u2022 Deux prot\u00e8ge-mamelons dans le bo\u00eetier du st\u00e9rilisateur peuvent \u00eatre d\u00e9sinfect\u00e9s en m\u00eame temps.<br \/>\n\u2022 Ce produit n&rsquo;est pas un jouet. Utilisez et conservez le produit hors port\u00e9e des enfants.<br \/>\n\u00a01. Avant la premi\u00e8re utilisation et chaque utilisation ult\u00e9rieure, lavez le bo\u00eetier du st\u00e9rilisateur \u00e0 l&rsquo;eau ti\u00e8de avec un d\u00e9tergent doux, rincez abondamment.<br \/>\n2. Versez 25 ml d&rsquo;eau bouillie dans la base.<br \/>\nIMPORTANT Ajouter trop peu d&rsquo;eau peut endommager le bo\u00eetier. L&rsquo;ajout d&rsquo;une trop grande quantit\u00e9 d&rsquo;eau peut entra\u00eener une sp\u00e9cification inappropri\u00e9e.<br \/>\n3. Mettez les prot\u00e8ge-mamelons dans le bo\u00eetier du st\u00e9rilisateur.<br \/>\n4. Mettez le couvercle et fermez herm\u00e9tiquement.<br \/>\n5. placer le bo\u00eetier ferm\u00e9 dans le quatre \u00e0 micro-ondes.<br \/>\n6. Pour les fours \u00e0 micro-ondes de 750 \u00e0 1000 W, le temps de proposition est de 2 minutes. Ne d\u00e9passe pas le temps de prescription.<\/p>\n<p>\u2022 La mallette doit \u00eatre pos\u00e9e sur une surface plane lors de la proposition,<br \/>\n\u2022 Attendez toujours au moins 5 minutes que le bo\u00eetier du st\u00e9rilisateur refroidisse avant le retrait du four \u00e0 micro-ondes. Soyez prudent lors du retrait et de l&rsquo;ouverture.<br \/>\n\u2022 Versez le reste d&rsquo;eau du bo\u00eetier du st\u00e9rilisateur par l&rsquo;orifice d\u00e9di\u00e9, rincez et s\u00e9chez le.<br \/>\n\u2022 Faites particuli\u00e8rement attention lorsque vous distinguez les articles d\u00e9sinfect\u00e9s car ils peuvent \u00eatre chauds.<br \/>\n\u2022 Attendre 15 minutes avant la prochaine proposition pour permettre au bo\u00eetier de refroidir compl\u00e8tement<br \/>\nPr\u00e9cautions d&rsquo;utilisation :<br \/>\nIls sont insipides et inodores.<br \/>\nMallette de st\u00e9rilisation pour une d\u00e9sinfection rapide en 2 minutes.<br \/>\nInstructions sur la fa\u00e7on de st\u00e9riliser les prot\u00e8ge-mamelons dans l&rsquo;\u00e9tui du st\u00e9rilisateur :<br \/>\nLe non-respect de cette instruction peut entra\u00eener des br\u00fblures ou endommager le produit et\/ou le four \u00e0 micro-ondes.<br \/>\nV\u00e9rifiez toujours le niveau d&rsquo;eau dans le bo\u00eetier du st\u00e9rilisateur avant utilisation.<br \/>\nDeux prot\u00e8ge-mamelons dans le bo\u00eetier du st\u00e9rilisateur peuvent \u00eatre d\u00e9sinfect\u00e9s en m\u00eame temps.<br \/>\nCe produit n&rsquo;est pas un jouet. Utilisez et conservez le produit hors de port\u00e9e des enfants.<\/p>\n","protected":false},"excerpt":{"rendered":"<p>Les prot\u00e8ge-mamelons en silicone doux et d\u00e9licat permettent une t\u00e9t\u00e9e sans douleur. Ils prot\u00e8gent parfaitement les mamelons douloureux et fissur\u00e9s et acc\u00e9l\u00e8rent la cicatrisation des plaies. Le bord sup\u00e9rieur l\u00e9g\u00e8rement plus \u00e9troit du protecteur permet au b\u00e9b\u00e9 de serrer le sein de la m\u00e8re, de sentir sa peau et de sentir la chaleur. Le silicone n&rsquo;a ni odeur ni go\u00fbt, il n&rsquo;affecte donc pas le go\u00fbt des aliments. Un \u00e9tui sp\u00e9cial pour la st\u00e9rilisation aide \u00e0 garder le protecteur propre. Il permet une d\u00e9sinfection rapide en 2 minutes au four \u00e0 micro-ondes.<br \/>\nDans un emballage de 2 pi\u00e8ces.<\/p>\n","protected":false},"featured_media":1728,"comment_status":"open","ping_status":"closed","template":"","meta":[],"pwb-brand":[174],"product_cat":[201],"product_tag":[],"class_list":{"0":"post-1702","1":"product","2":"type-product","3":"status-publish","4":"has-post-thumbnail","6":"pwb-brand-canpol-babies","7":"product_cat-allaitement","8":"post","9":"ws-product--style-1","11":"first","12":"instock","13":"shipping-taxable","14":"purchasable","15":"product-type-simple"},"yoast_head":"<!-- This site is optimized with the Yoast SEO plugin v23.0 - https:\/\/yoast.com\/wordpress\/plugins\/seo\/ -->\n<title>Canpol babies - Prot\u00e8ge mamelon en silicone - M\/L - 2 pcs - OrthoPara<\/title>\n<meta name=\"robots\" content=\"index, follow, max-snippet:-1, max-image-preview:large, max-video-preview:-1\" \/>\n<link rel=\"canonical\" href=\"https:\/\/orthopara.store\/index.php\/produit\/canpol-babies-protege-mamelon-en-silicone-m-l-2-pcs\/\" \/>\n<meta property=\"og:locale\" content=\"fr_FR\" \/>\n<meta property=\"og:type\" content=\"article\" \/>\n<meta property=\"og:title\" content=\"Canpol babies - Prot\u00e8ge mamelon en silicone - M\/L - 2 pcs - OrthoPara\" \/>\n<meta property=\"og:description\" content=\"Les prot\u00e8ge-mamelons en silicone doux et d\u00e9licat permettent une t\u00e9t\u00e9e sans douleur. Ils prot\u00e8gent parfaitement les mamelons douloureux et fissur\u00e9s et acc\u00e9l\u00e8rent la cicatrisation des plaies. Le bord sup\u00e9rieur l\u00e9g\u00e8rement plus \u00e9troit du protecteur permet au b\u00e9b\u00e9 de serrer le sein de la m\u00e8re, de sentir sa peau et de sentir la chaleur. Le silicone n&#039;a ni odeur ni go\u00fbt, il n&#039;affecte donc pas le go\u00fbt des aliments. Un \u00e9tui sp\u00e9cial pour la st\u00e9rilisation aide \u00e0 garder le protecteur propre. Il permet une d\u00e9sinfection rapide en 2 minutes au four \u00e0 micro-ondes. Dans un emballage de 2 pi\u00e8ces.\" \/>\n<meta property=\"og:url\" content=\"https:\/\/orthopara.store\/index.php\/produit\/canpol-babies-protege-mamelon-en-silicone-m-l-2-pcs\/\" \/>\n<meta property=\"og:site_name\" content=\"OrthoPara\" \/>\n<meta property=\"article:publisher\" content=\"https:\/\/www.facebook.com\/profile.php?id=61561194315651\" \/>\n<meta property=\"article:modified_time\" content=\"2024-11-07T08:49:06+00:00\" \/>\n<meta property=\"og:image\" content=\"https:\/\/orthopara.store\/wp-content\/uploads\/2024\/06\/protege-mamelon-en-silicone-canpol-babies-ml-2-pcs.jpg\" \/>\n\t<meta property=\"og:image:width\" content=\"800\" \/>\n\t<meta property=\"og:image:height\" content=\"800\" \/>\n\t<meta property=\"og:image:type\" content=\"image\/jpeg\" \/>\n<meta name=\"twitter:card\" content=\"summary_large_image\" \/>\n<meta name=\"twitter:label1\" content=\"Dur\u00e9e de lecture estim\u00e9e\" \/>\n\t<meta name=\"twitter:data1\" content=\"2 minutes\" \/>\n<script type=\"application\/ld+json\" class=\"yoast-schema-graph\">{\"@context\":\"https:\/\/schema.org\",\"@graph\":[{\"@type\":\"WebPage\",\"@id\":\"https:\/\/orthopara.store\/index.php\/produit\/canpol-babies-protege-mamelon-en-silicone-m-l-2-pcs\/\",\"url\":\"https:\/\/orthopara.store\/index.php\/produit\/canpol-babies-protege-mamelon-en-silicone-m-l-2-pcs\/\",\"name\":\"Canpol babies - Prot\u00e8ge mamelon en silicone - M\/L - 2 pcs - OrthoPara\",\"isPartOf\":{\"@id\":\"https:\/\/orthopara.store\/#website\"},\"primaryImageOfPage\":{\"@id\":\"https:\/\/orthopara.store\/index.php\/produit\/canpol-babies-protege-mamelon-en-silicone-m-l-2-pcs\/#primaryimage\"},\"image\":{\"@id\":\"https:\/\/orthopara.store\/index.php\/produit\/canpol-babies-protege-mamelon-en-silicone-m-l-2-pcs\/#primaryimage\"},\"thumbnailUrl\":\"https:\/\/orthopara.store\/wp-content\/uploads\/2024\/06\/protege-mamelon-en-silicone-canpol-babies-ml-2-pcs.jpg\",\"datePublished\":\"2024-06-28T13:54:48+00:00\",\"dateModified\":\"2024-11-07T08:49:06+00:00\",\"breadcrumb\":{\"@id\":\"https:\/\/orthopara.store\/index.php\/produit\/canpol-babies-protege-mamelon-en-silicone-m-l-2-pcs\/#breadcrumb\"},\"inLanguage\":\"fr-FR\",\"potentialAction\":[{\"@type\":\"ReadAction\",\"target\":[\"https:\/\/orthopara.store\/index.php\/produit\/canpol-babies-protege-mamelon-en-silicone-m-l-2-pcs\/\"]}]},{\"@type\":\"ImageObject\",\"inLanguage\":\"fr-FR\",\"@id\":\"https:\/\/orthopara.store\/index.php\/produit\/canpol-babies-protege-mamelon-en-silicone-m-l-2-pcs\/#primaryimage\",\"url\":\"https:\/\/orthopara.store\/wp-content\/uploads\/2024\/06\/protege-mamelon-en-silicone-canpol-babies-ml-2-pcs.jpg\",\"contentUrl\":\"https:\/\/orthopara.store\/wp-content\/uploads\/2024\/06\/protege-mamelon-en-silicone-canpol-babies-ml-2-pcs.jpg\",\"width\":800,\"height\":800},{\"@type\":\"BreadcrumbList\",\"@id\":\"https:\/\/orthopara.store\/index.php\/produit\/canpol-babies-protege-mamelon-en-silicone-m-l-2-pcs\/#breadcrumb\",\"itemListElement\":[{\"@type\":\"ListItem\",\"position\":1,\"name\":\"Accueil\",\"item\":\"https:\/\/orthopara.store\/\"},{\"@type\":\"ListItem\",\"position\":2,\"name\":\"Shop\",\"item\":\"https:\/\/orthopara.store\/?page_id=622\"},{\"@type\":\"ListItem\",\"position\":3,\"name\":\"Canpol babies &#8211; Prot\u00e8ge mamelon en silicone &#8211; M\/L &#8211; 2 pcs\"}]},{\"@type\":\"WebSite\",\"@id\":\"https:\/\/orthopara.store\/#website\",\"url\":\"https:\/\/orthopara.store\/\",\"name\":\"OrthoPara\",\"description\":\"Parapharmacie\",\"publisher\":{\"@id\":\"https:\/\/orthopara.store\/#organization\"},\"potentialAction\":[{\"@type\":\"SearchAction\",\"target\":{\"@type\":\"EntryPoint\",\"urlTemplate\":\"https:\/\/orthopara.store\/?s={search_term_string}\"},\"query-input\":\"required name=search_term_string\"}],\"inLanguage\":\"fr-FR\"},{\"@type\":\"Organization\",\"@id\":\"https:\/\/orthopara.store\/#organization\",\"name\":\"OrthoPara\",\"url\":\"https:\/\/orthopara.store\/\",\"logo\":{\"@type\":\"ImageObject\",\"inLanguage\":\"fr-FR\",\"@id\":\"https:\/\/orthopara.store\/#\/schema\/logo\/image\/\",\"url\":\"https:\/\/orthopara.store\/wp-content\/uploads\/2024\/06\/cropped-9ABA8BAD-6256-4719-9315-15C66E64E882.png\",\"contentUrl\":\"https:\/\/orthopara.store\/wp-content\/uploads\/2024\/06\/cropped-9ABA8BAD-6256-4719-9315-15C66E64E882.png\",\"width\":240,\"height\":72,\"caption\":\"OrthoPara\"},\"image\":{\"@id\":\"https:\/\/orthopara.store\/#\/schema\/logo\/image\/\"},\"sameAs\":[\"https:\/\/www.facebook.com\/profile.php?id=61561194315651\",\"https:\/\/www.instagram.com\/orthopara_tunisie\/\"]}]}<\/script>\n<!-- \/ Yoast SEO plugin. -->","yoast_head_json":{"title":"Canpol babies - Prot\u00e8ge mamelon en silicone - M\/L - 2 pcs - OrthoPara","robots":{"index":"index","follow":"follow","max-snippet":"max-snippet:-1","max-image-preview":"max-image-preview:large","max-video-preview":"max-video-preview:-1"},"canonical":"https:\/\/orthopara.store\/index.php\/produit\/canpol-babies-protege-mamelon-en-silicone-m-l-2-pcs\/","og_locale":"fr_FR","og_type":"article","og_title":"Canpol babies - Prot\u00e8ge mamelon en silicone - M\/L - 2 pcs - OrthoPara","og_description":"Les prot\u00e8ge-mamelons en silicone doux et d\u00e9licat permettent une t\u00e9t\u00e9e sans douleur. Ils prot\u00e8gent parfaitement les mamelons douloureux et fissur\u00e9s et acc\u00e9l\u00e8rent la cicatrisation des plaies. Le bord sup\u00e9rieur l\u00e9g\u00e8rement plus \u00e9troit du protecteur permet au b\u00e9b\u00e9 de serrer le sein de la m\u00e8re, de sentir sa peau et de sentir la chaleur. Le silicone n'a ni odeur ni go\u00fbt, il n'affecte donc pas le go\u00fbt des aliments. Un \u00e9tui sp\u00e9cial pour la st\u00e9rilisation aide \u00e0 garder le protecteur propre. Il permet une d\u00e9sinfection rapide en 2 minutes au four \u00e0 micro-ondes. Dans un emballage de 2 pi\u00e8ces.","og_url":"https:\/\/orthopara.store\/index.php\/produit\/canpol-babies-protege-mamelon-en-silicone-m-l-2-pcs\/","og_site_name":"OrthoPara","article_publisher":"https:\/\/www.facebook.com\/profile.php?id=61561194315651","article_modified_time":"2024-11-07T08:49:06+00:00","og_image":[{"width":800,"height":800,"url":"https:\/\/orthopara.store\/wp-content\/uploads\/2024\/06\/protege-mamelon-en-silicone-canpol-babies-ml-2-pcs.jpg","type":"image\/jpeg"}],"twitter_card":"summary_large_image","twitter_misc":{"Dur\u00e9e de lecture estim\u00e9e":"2 minutes"},"schema":{"@context":"https:\/\/schema.org","@graph":[{"@type":"WebPage","@id":"https:\/\/orthopara.store\/index.php\/produit\/canpol-babies-protege-mamelon-en-silicone-m-l-2-pcs\/","url":"https:\/\/orthopara.store\/index.php\/produit\/canpol-babies-protege-mamelon-en-silicone-m-l-2-pcs\/","name":"Canpol babies - Prot\u00e8ge mamelon en silicone - M\/L - 2 pcs - OrthoPara","isPartOf":{"@id":"https:\/\/orthopara.store\/#website"},"primaryImageOfPage":{"@id":"https:\/\/orthopara.store\/index.php\/produit\/canpol-babies-protege-mamelon-en-silicone-m-l-2-pcs\/#primaryimage"},"image":{"@id":"https:\/\/orthopara.store\/index.php\/produit\/canpol-babies-protege-mamelon-en-silicone-m-l-2-pcs\/#primaryimage"},"thumbnailUrl":"https:\/\/orthopara.store\/wp-content\/uploads\/2024\/06\/protege-mamelon-en-silicone-canpol-babies-ml-2-pcs.jpg","datePublished":"2024-06-28T13:54:48+00:00","dateModified":"2024-11-07T08:49:06+00:00","breadcrumb":{"@id":"https:\/\/orthopara.store\/index.php\/produit\/canpol-babies-protege-mamelon-en-silicone-m-l-2-pcs\/#breadcrumb"},"inLanguage":"fr-FR","potentialAction":[{"@type":"ReadAction","target":["https:\/\/orthopara.store\/index.php\/produit\/canpol-babies-protege-mamelon-en-silicone-m-l-2-pcs\/"]}]},{"@type":"ImageObject","inLanguage":"fr-FR","@id":"https:\/\/orthopara.store\/index.php\/produit\/canpol-babies-protege-mamelon-en-silicone-m-l-2-pcs\/#primaryimage","url":"https:\/\/orthopara.store\/wp-content\/uploads\/2024\/06\/protege-mamelon-en-silicone-canpol-babies-ml-2-pcs.jpg","contentUrl":"https:\/\/orthopara.store\/wp-content\/uploads\/2024\/06\/protege-mamelon-en-silicone-canpol-babies-ml-2-pcs.jpg","width":800,"height":800},{"@type":"BreadcrumbList","@id":"https:\/\/orthopara.store\/index.php\/produit\/canpol-babies-protege-mamelon-en-silicone-m-l-2-pcs\/#breadcrumb","itemListElement":[{"@type":"ListItem","position":1,"name":"Accueil","item":"https:\/\/orthopara.store\/"},{"@type":"ListItem","position":2,"name":"Shop","item":"https:\/\/orthopara.store\/?page_id=622"},{"@type":"ListItem","position":3,"name":"Canpol babies &#8211; Prot\u00e8ge mamelon en silicone &#8211; M\/L &#8211; 2 pcs"}]},{"@type":"WebSite","@id":"https:\/\/orthopara.store\/#website","url":"https:\/\/orthopara.store\/","name":"OrthoPara","description":"Parapharmacie","publisher":{"@id":"https:\/\/orthopara.store\/#organization"},"potentialAction":[{"@type":"SearchAction","target":{"@type":"EntryPoint","urlTemplate":"https:\/\/orthopara.store\/?s={search_term_string}"},"query-input":"required name=search_term_string"}],"inLanguage":"fr-FR"},{"@type":"Organization","@id":"https:\/\/orthopara.store\/#organization","name":"OrthoPara","url":"https:\/\/orthopara.store\/","logo":{"@type":"ImageObject","inLanguage":"fr-FR","@id":"https:\/\/orthopara.store\/#\/schema\/logo\/image\/","url":"https:\/\/orthopara.store\/wp-content\/uploads\/2024\/06\/cropped-9ABA8BAD-6256-4719-9315-15C66E64E882.png","contentUrl":"https:\/\/orthopara.store\/wp-content\/uploads\/2024\/06\/cropped-9ABA8BAD-6256-4719-9315-15C66E64E882.png","width":240,"height":72,"caption":"OrthoPara"},"image":{"@id":"https:\/\/orthopara.store\/#\/schema\/logo\/image\/"},"sameAs":["https:\/\/www.facebook.com\/profile.php?id=61561194315651","https:\/\/www.instagram.com\/orthopara_tunisie\/"]}]}},"jetpack_sharing_enabled":true,"brands":[{"id":174,"name":"Canpol babies","slug":"canpol-babies"}],"_links":{"self":[{"href":"https:\/\/orthopara.store\/index.php?rest_route=\/wp\/v2\/product\/1702","targetHints":{"allow":["GET"]}}],"collection":[{"href":"https:\/\/orthopara.store\/index.php?rest_route=\/wp\/v2\/product"}],"about":[{"href":"https:\/\/orthopara.store\/index.php?rest_route=\/wp\/v2\/types\/product"}],"replies":[{"embeddable":true,"href":"https:\/\/orthopara.store\/index.php?rest_route=%2Fwp%2Fv2%2Fcomments&post=1702"}],"wp:featuredmedia":[{"embeddable":true,"href":"https:\/\/orthopara.store\/index.php?rest_route=\/wp\/v2\/media\/1728"}],"wp:attachment":[{"href":"https:\/\/orthopara.store\/index.php?rest_route=%2Fwp%2Fv2%2Fmedia&parent=1702"}],"wp:term":[{"taxonomy":"pwb-brand","embeddable":true,"href":"https:\/\/orthopara.store\/index.php?rest_route=%2Fwp%2Fv2%2Fpwb-brand&post=1702"},{"taxonomy":"product_cat","embeddable":true,"href":"https:\/\/orthopara.store\/index.php?rest_route=%2Fwp%2Fv2%2Fproduct_cat&post=1702"},{"taxonomy":"product_tag","embeddable":true,"href":"https:\/\/orthopara.store\/index.php?rest_route=%2Fwp%2Fv2%2Fproduct_tag&post=1702"}],"curies":[{"name":"wp","href":"https:\/\/api.w.org\/{rel}","templated":true}]}}