{"id":1707,"date":"2024-06-28T15:54:49","date_gmt":"2024-06-28T13:54:49","guid":{"rendered":"https:\/\/orthopara.store\/?post_type=product&#038;p=1707"},"modified":"2024-06-28T15:54:59","modified_gmt":"2024-06-28T13:54:59","slug":"serum-correction-vergetures-mustela-45ml","status":"publish","type":"product","link":"https:\/\/orthopara.store\/?product=serum-correction-vergetures-mustela-45ml","title":{"rendered":"S\u00e9rum Correction Vergetures &#8211; Mustela &#8211; 45ml"},"content":{"rendered":"<p>S\u00e9rum Correction Vergetures &#8211; Mustela &#8211; 45ml\u00a0<br \/>\nCe S\u00e9rum correction cible les vergetures tout en favorisant leur r\u00e9duction gr\u00e2ce \u00e0 une formule sp\u00e9cifique riche en actifs et ingr\u00e9dients<br \/>\nd\u2019origine naturelle.<br \/>\nFormul\u00e9 \u00e0 partir d&rsquo;huile de maracuja, reconnue pour ses propri\u00e9t\u00e9s hydratantes, ce soin favorise la r\u00e9duction des vergetures, en renfor\u00e7ant<br \/>\net en assouplissant la peau.<br \/>\nL&rsquo;ingr\u00e9dient phare de la gamme maternit\u00e9, le concentrat d&rsquo;huile de maracuja (fruit de la passion), un actif naturel brevet\u00e9, a \u00e9t\u00e9<br \/>\nsp\u00e9cifiquement choisi pour pour am\u00e9liorer l\u2019\u00e9lasticit\u00e9 et pr\u00e9server la souplesse de la peau des futures mamans. Il est issu de fili\u00e8res<br \/>\nd&rsquo;approvisionnement durables et responsables.<br \/>\nLes peptides d\u2019avocat, actifs brevet\u00e9s anti-tiraillements visent \u00e0 apporter de l&rsquo;\u00e9lasticit\u00e9, de la souplesse et\u00a0 du confort \u00e0 votre peau.<br \/>\nL\u2019Elastoregulateur qui se pr\u00e9sente comme un puissant actif d&rsquo;origine naturelle,et qui se caract\u00e9rise par une action r\u00e9g\u00e9n\u00e9ratrice des fibres de<br \/>\ncollag\u00e8ne et d\u2019\u00e9lastine alt\u00e9r\u00e9es lors de la formation des vergetures.<br \/>\nLes oligo-\u00e9l\u00e9ments aux propri\u00e9t\u00e9s r\u00e9paratrices qui favorisent la r\u00e9g\u00e9n\u00e9ration cutan\u00e9e tout en r\u00e9duire les vergetures d\u00e9ja constitu\u00e9es.<\/p>\n<p>Conseil d&rsquo;utilisation :\u00a0<br \/>\nIl est recommand\u00e9 de suivre les \u00e9tapes suivantes :<br \/>\n&#8211; Appuyer sur la pipette et recueillir quelques gouttes du s\u00e9rum dans les mains.<br \/>\n&#8211; Appliquer sur les vergetures (mais pas sur la cicatrice de c\u00e9sarienne).<br \/>\n&#8211; R\u00e9p\u00e9ter l&rsquo;op\u00e9ration matin et soir pendant 8 semaines.<\/p>\n","protected":false},"excerpt":{"rendered":"<p>S\u00e9rum Correction Vergetures &#8211; Mustela &#8211; 45ml\u00a0<br \/>\nCe soin est sp\u00e9cifiquement formul\u00e9 pour les futures et jeunes\u00a0 les mamans.<\/p>\n","protected":false},"featured_media":1733,"comment_status":"open","ping_status":"closed","template":"","meta":[],"pwb-brand":[185],"product_cat":[204],"product_tag":[],"class_list":{"0":"post-1707","1":"product","2":"type-product","3":"status-publish","4":"has-post-thumbnail","6":"pwb-brand-mustela","7":"product_cat-anti-vergetures","8":"post","9":"ws-product--style-1","11":"first","12":"instock","13":"shipping-taxable","14":"purchasable","15":"product-type-simple"},"yoast_head":"<!-- This site is optimized with the Yoast SEO plugin v23.0 - https:\/\/yoast.com\/wordpress\/plugins\/seo\/ -->\n<title>S\u00e9rum Correction Vergetures - Mustela - 45ml - OrthoPara<\/title>\n<meta name=\"robots\" content=\"index, follow, max-snippet:-1, max-image-preview:large, max-video-preview:-1\" \/>\n<link rel=\"canonical\" href=\"https:\/\/orthopara.store\/index.php\/produit\/serum-correction-vergetures-mustela-45ml\/\" \/>\n<meta property=\"og:locale\" content=\"fr_FR\" \/>\n<meta property=\"og:type\" content=\"article\" \/>\n<meta property=\"og:title\" content=\"S\u00e9rum Correction Vergetures - Mustela - 45ml - OrthoPara\" \/>\n<meta property=\"og:description\" content=\"S\u00e9rum Correction Vergetures - Mustela - 45ml\u00a0 Ce soin est sp\u00e9cifiquement formul\u00e9 pour les futures et jeunes\u00a0 les mamans.\" \/>\n<meta property=\"og:url\" content=\"https:\/\/orthopara.store\/index.php\/produit\/serum-correction-vergetures-mustela-45ml\/\" \/>\n<meta property=\"og:site_name\" content=\"OrthoPara\" \/>\n<meta property=\"article:publisher\" content=\"https:\/\/www.facebook.com\/profile.php?id=61561194315651\" \/>\n<meta property=\"article:modified_time\" content=\"2024-06-28T13:54:59+00:00\" \/>\n<meta property=\"og:image\" content=\"https:\/\/orthopara.store\/wp-content\/uploads\/2024\/06\/serum-correction-vergetures-mustela-45ml.jpg\" \/>\n\t<meta property=\"og:image:width\" content=\"800\" \/>\n\t<meta property=\"og:image:height\" content=\"800\" \/>\n\t<meta property=\"og:image:type\" content=\"image\/jpeg\" \/>\n<meta name=\"twitter:card\" content=\"summary_large_image\" \/>\n<meta name=\"twitter:label1\" content=\"Dur\u00e9e de lecture estim\u00e9e\" \/>\n\t<meta name=\"twitter:data1\" content=\"1 minute\" \/>\n<script type=\"application\/ld+json\" class=\"yoast-schema-graph\">{\"@context\":\"https:\/\/schema.org\",\"@graph\":[{\"@type\":\"WebPage\",\"@id\":\"https:\/\/orthopara.store\/index.php\/produit\/serum-correction-vergetures-mustela-45ml\/\",\"url\":\"https:\/\/orthopara.store\/index.php\/produit\/serum-correction-vergetures-mustela-45ml\/\",\"name\":\"S\u00e9rum Correction Vergetures - Mustela - 45ml - OrthoPara\",\"isPartOf\":{\"@id\":\"https:\/\/orthopara.store\/#website\"},\"primaryImageOfPage\":{\"@id\":\"https:\/\/orthopara.store\/index.php\/produit\/serum-correction-vergetures-mustela-45ml\/#primaryimage\"},\"image\":{\"@id\":\"https:\/\/orthopara.store\/index.php\/produit\/serum-correction-vergetures-mustela-45ml\/#primaryimage\"},\"thumbnailUrl\":\"https:\/\/orthopara.store\/wp-content\/uploads\/2024\/06\/serum-correction-vergetures-mustela-45ml.jpg\",\"datePublished\":\"2024-06-28T13:54:49+00:00\",\"dateModified\":\"2024-06-28T13:54:59+00:00\",\"breadcrumb\":{\"@id\":\"https:\/\/orthopara.store\/index.php\/produit\/serum-correction-vergetures-mustela-45ml\/#breadcrumb\"},\"inLanguage\":\"fr-FR\",\"potentialAction\":[{\"@type\":\"ReadAction\",\"target\":[\"https:\/\/orthopara.store\/index.php\/produit\/serum-correction-vergetures-mustela-45ml\/\"]}]},{\"@type\":\"ImageObject\",\"inLanguage\":\"fr-FR\",\"@id\":\"https:\/\/orthopara.store\/index.php\/produit\/serum-correction-vergetures-mustela-45ml\/#primaryimage\",\"url\":\"https:\/\/orthopara.store\/wp-content\/uploads\/2024\/06\/serum-correction-vergetures-mustela-45ml.jpg\",\"contentUrl\":\"https:\/\/orthopara.store\/wp-content\/uploads\/2024\/06\/serum-correction-vergetures-mustela-45ml.jpg\",\"width\":800,\"height\":800},{\"@type\":\"BreadcrumbList\",\"@id\":\"https:\/\/orthopara.store\/index.php\/produit\/serum-correction-vergetures-mustela-45ml\/#breadcrumb\",\"itemListElement\":[{\"@type\":\"ListItem\",\"position\":1,\"name\":\"Accueil\",\"item\":\"https:\/\/orthopara.store\/\"},{\"@type\":\"ListItem\",\"position\":2,\"name\":\"Shop\",\"item\":\"https:\/\/orthopara.store\/?page_id=622\"},{\"@type\":\"ListItem\",\"position\":3,\"name\":\"S\u00e9rum Correction Vergetures &#8211; Mustela &#8211; 45ml\"}]},{\"@type\":\"WebSite\",\"@id\":\"https:\/\/orthopara.store\/#website\",\"url\":\"https:\/\/orthopara.store\/\",\"name\":\"OrthoPara\",\"description\":\"Parapharmacie\",\"publisher\":{\"@id\":\"https:\/\/orthopara.store\/#organization\"},\"potentialAction\":[{\"@type\":\"SearchAction\",\"target\":{\"@type\":\"EntryPoint\",\"urlTemplate\":\"https:\/\/orthopara.store\/?s={search_term_string}\"},\"query-input\":\"required name=search_term_string\"}],\"inLanguage\":\"fr-FR\"},{\"@type\":\"Organization\",\"@id\":\"https:\/\/orthopara.store\/#organization\",\"name\":\"OrthoPara\",\"url\":\"https:\/\/orthopara.store\/\",\"logo\":{\"@type\":\"ImageObject\",\"inLanguage\":\"fr-FR\",\"@id\":\"https:\/\/orthopara.store\/#\/schema\/logo\/image\/\",\"url\":\"https:\/\/orthopara.store\/wp-content\/uploads\/2024\/06\/cropped-9ABA8BAD-6256-4719-9315-15C66E64E882.png\",\"contentUrl\":\"https:\/\/orthopara.store\/wp-content\/uploads\/2024\/06\/cropped-9ABA8BAD-6256-4719-9315-15C66E64E882.png\",\"width\":240,\"height\":72,\"caption\":\"OrthoPara\"},\"image\":{\"@id\":\"https:\/\/orthopara.store\/#\/schema\/logo\/image\/\"},\"sameAs\":[\"https:\/\/www.facebook.com\/profile.php?id=61561194315651\",\"https:\/\/www.instagram.com\/orthopara_tunisie\/\"]}]}<\/script>\n<!-- \/ Yoast SEO plugin. -->","yoast_head_json":{"title":"S\u00e9rum Correction Vergetures - Mustela - 45ml - OrthoPara","robots":{"index":"index","follow":"follow","max-snippet":"max-snippet:-1","max-image-preview":"max-image-preview:large","max-video-preview":"max-video-preview:-1"},"canonical":"https:\/\/orthopara.store\/index.php\/produit\/serum-correction-vergetures-mustela-45ml\/","og_locale":"fr_FR","og_type":"article","og_title":"S\u00e9rum Correction Vergetures - Mustela - 45ml - OrthoPara","og_description":"S\u00e9rum Correction Vergetures - Mustela - 45ml\u00a0 Ce soin est sp\u00e9cifiquement formul\u00e9 pour les futures et jeunes\u00a0 les mamans.","og_url":"https:\/\/orthopara.store\/index.php\/produit\/serum-correction-vergetures-mustela-45ml\/","og_site_name":"OrthoPara","article_publisher":"https:\/\/www.facebook.com\/profile.php?id=61561194315651","article_modified_time":"2024-06-28T13:54:59+00:00","og_image":[{"width":800,"height":800,"url":"https:\/\/orthopara.store\/wp-content\/uploads\/2024\/06\/serum-correction-vergetures-mustela-45ml.jpg","type":"image\/jpeg"}],"twitter_card":"summary_large_image","twitter_misc":{"Dur\u00e9e de lecture estim\u00e9e":"1 minute"},"schema":{"@context":"https:\/\/schema.org","@graph":[{"@type":"WebPage","@id":"https:\/\/orthopara.store\/index.php\/produit\/serum-correction-vergetures-mustela-45ml\/","url":"https:\/\/orthopara.store\/index.php\/produit\/serum-correction-vergetures-mustela-45ml\/","name":"S\u00e9rum Correction Vergetures - Mustela - 45ml - OrthoPara","isPartOf":{"@id":"https:\/\/orthopara.store\/#website"},"primaryImageOfPage":{"@id":"https:\/\/orthopara.store\/index.php\/produit\/serum-correction-vergetures-mustela-45ml\/#primaryimage"},"image":{"@id":"https:\/\/orthopara.store\/index.php\/produit\/serum-correction-vergetures-mustela-45ml\/#primaryimage"},"thumbnailUrl":"https:\/\/orthopara.store\/wp-content\/uploads\/2024\/06\/serum-correction-vergetures-mustela-45ml.jpg","datePublished":"2024-06-28T13:54:49+00:00","dateModified":"2024-06-28T13:54:59+00:00","breadcrumb":{"@id":"https:\/\/orthopara.store\/index.php\/produit\/serum-correction-vergetures-mustela-45ml\/#breadcrumb"},"inLanguage":"fr-FR","potentialAction":[{"@type":"ReadAction","target":["https:\/\/orthopara.store\/index.php\/produit\/serum-correction-vergetures-mustela-45ml\/"]}]},{"@type":"ImageObject","inLanguage":"fr-FR","@id":"https:\/\/orthopara.store\/index.php\/produit\/serum-correction-vergetures-mustela-45ml\/#primaryimage","url":"https:\/\/orthopara.store\/wp-content\/uploads\/2024\/06\/serum-correction-vergetures-mustela-45ml.jpg","contentUrl":"https:\/\/orthopara.store\/wp-content\/uploads\/2024\/06\/serum-correction-vergetures-mustela-45ml.jpg","width":800,"height":800},{"@type":"BreadcrumbList","@id":"https:\/\/orthopara.store\/index.php\/produit\/serum-correction-vergetures-mustela-45ml\/#breadcrumb","itemListElement":[{"@type":"ListItem","position":1,"name":"Accueil","item":"https:\/\/orthopara.store\/"},{"@type":"ListItem","position":2,"name":"Shop","item":"https:\/\/orthopara.store\/?page_id=622"},{"@type":"ListItem","position":3,"name":"S\u00e9rum Correction Vergetures &#8211; Mustela &#8211; 45ml"}]},{"@type":"WebSite","@id":"https:\/\/orthopara.store\/#website","url":"https:\/\/orthopara.store\/","name":"OrthoPara","description":"Parapharmacie","publisher":{"@id":"https:\/\/orthopara.store\/#organization"},"potentialAction":[{"@type":"SearchAction","target":{"@type":"EntryPoint","urlTemplate":"https:\/\/orthopara.store\/?s={search_term_string}"},"query-input":"required name=search_term_string"}],"inLanguage":"fr-FR"},{"@type":"Organization","@id":"https:\/\/orthopara.store\/#organization","name":"OrthoPara","url":"https:\/\/orthopara.store\/","logo":{"@type":"ImageObject","inLanguage":"fr-FR","@id":"https:\/\/orthopara.store\/#\/schema\/logo\/image\/","url":"https:\/\/orthopara.store\/wp-content\/uploads\/2024\/06\/cropped-9ABA8BAD-6256-4719-9315-15C66E64E882.png","contentUrl":"https:\/\/orthopara.store\/wp-content\/uploads\/2024\/06\/cropped-9ABA8BAD-6256-4719-9315-15C66E64E882.png","width":240,"height":72,"caption":"OrthoPara"},"image":{"@id":"https:\/\/orthopara.store\/#\/schema\/logo\/image\/"},"sameAs":["https:\/\/www.facebook.com\/profile.php?id=61561194315651","https:\/\/www.instagram.com\/orthopara_tunisie\/"]}]}},"jetpack_sharing_enabled":true,"brands":[{"id":185,"name":"Mustela","slug":"mustela"}],"_links":{"self":[{"href":"https:\/\/orthopara.store\/index.php?rest_route=\/wp\/v2\/product\/1707","targetHints":{"allow":["GET"]}}],"collection":[{"href":"https:\/\/orthopara.store\/index.php?rest_route=\/wp\/v2\/product"}],"about":[{"href":"https:\/\/orthopara.store\/index.php?rest_route=\/wp\/v2\/types\/product"}],"replies":[{"embeddable":true,"href":"https:\/\/orthopara.store\/index.php?rest_route=%2Fwp%2Fv2%2Fcomments&post=1707"}],"wp:featuredmedia":[{"embeddable":true,"href":"https:\/\/orthopara.store\/index.php?rest_route=\/wp\/v2\/media\/1733"}],"wp:attachment":[{"href":"https:\/\/orthopara.store\/index.php?rest_route=%2Fwp%2Fv2%2Fmedia&parent=1707"}],"wp:term":[{"taxonomy":"pwb-brand","embeddable":true,"href":"https:\/\/orthopara.store\/index.php?rest_route=%2Fwp%2Fv2%2Fpwb-brand&post=1707"},{"taxonomy":"product_cat","embeddable":true,"href":"https:\/\/orthopara.store\/index.php?rest_route=%2Fwp%2Fv2%2Fproduct_cat&post=1707"},{"taxonomy":"product_tag","embeddable":true,"href":"https:\/\/orthopara.store\/index.php?rest_route=%2Fwp%2Fv2%2Fproduct_tag&post=1707"}],"curies":[{"name":"wp","href":"https:\/\/api.w.org\/{rel}","templated":true}]}}