{"id":1710,"date":"2024-06-28T15:54:49","date_gmt":"2024-06-28T13:54:49","guid":{"rendered":"https:\/\/orthopara.store\/?post_type=product&#038;p=1710"},"modified":"2024-11-07T09:35:08","modified_gmt":"2024-11-07T08:35:08","slug":"bio-oil-huile-de-soin-200ml","status":"publish","type":"product","link":"https:\/\/orthopara.store\/?product=bio-oil-huile-de-soin-200ml","title":{"rendered":"BIO-OIL HUILE DE SOIN &#8211; 200ml"},"content":{"rendered":"<p>BIO-OIL HUILE DE SOIN<br \/>\nLa formule Bio-Oil est une combinaison d\u2019extraits de plantes et de vitamines en suspension dans une base huileuse. Il contient un ingr\u00e9dient unique, le PurCellin OiL, qui change la consistance g\u00e9n\u00e9rale de la formulation, la rendant plus l\u00e9g\u00e8re et non grasse. Il assure ainsi l\u2019absorption par la peau des bienfaits contenus dans les vitamines et les extraits de plantes.Bio-Oil a pass\u00e9 les \u00e9valuations de s\u00e9curit\u00e9 conform\u00e9ment \u00e0 la R\u00e9glementation du Parlement Europ\u00e9en et du Conseil relatif aux Produits Cosm\u00e9tiques.\u00a0<\/p>\n<p>Conseils d&rsquo;utilisation:\u00a0<br \/>\n\u00a0Afin d\u2019observer les meilleurs r\u00e9sultats, il est conseill\u00e9 d\u2019utiliser Bio-Oil pendant une dur\u00e9e minimale de 3 mois \u00e0 raison de 2 applications quotidiennes. Pour les femmes enceintes, utiliser \u00e0 partir du d\u00e9but du 2\u00e8me trimestre de grossesse. Les effets peuvent varier d\u2019une personne \u00e0 l\u2019autre.\u00a0 Le respect de la posologie est tr\u00e8s important pour observer des r\u00e9sultats satisfaisants.<\/p>\n<p>&#8211;\u00a0Utilisation contre les vergetures:\u00a0le corps est sujet\u00a0 \u00e0 plusieurs types de transformations, les vergetures \u00e9tant les signes de changement les plus visibles sur la peau. Pour pr\u00e9venir les vergetures et les att\u00e9nuer, appliquez Bio-Oil sur les zones touch\u00e9es. Frictionnez jusqu\u2019\u00e0 absorption compl\u00e8te, 2 fois par jour. Les vergetures les plus ancr\u00e9es seront fortement att\u00e9nu\u00e9es.-\u00a0Utilisation contre les cicatrices: Une fois le processus de\u00a0 cicatrisation naturelle termin\u00e9e, appliquez Bio oil par mouvements circulaires sur la zone \u00e0 traiter. Ne surtout pas utiliser sur les peaux endommag\u00e9es.\u00a0 En cas d\u2019acn\u00e9 attendre la gu\u00e9rison des boutons pour utiliser le produit.-\u00a0Utilisation contre le teint irr\u00e9gulier: Afin de r\u00e9\u00e9quilibrer\u00a0 la production in\u00e9gale de m\u00e9lanine de certaines peaux, appliquez Bio-Oil sur les zones atteintes\u00a0 de taches pigmentaires.-\u00a0Utilisation contre le vieillissement de la peau:\u00a0Bio-Oil lisse, adoucit et assouplit la peau. Appliquez sur vos rides afin d\u2019am\u00e9liorer la texture et l\u2019aspect de vos lignes rid\u00e9es.\u00a0 Faire p\u00e9n\u00e9trer d\u00e9licatement, par massage, du bout des doigts. Vous pouvez \u00e9galement appliquer Bio-Oil sur l\u2019ensemble du visage, en s\u00e9rum, matin et soir pour pr\u00e9venir le vieillissement de la peau.\u00a0&#8211;\u00a0Utilisation contre la peau d\u00e9shydrat\u00e9e:\u00a0Les composants de Bio-Oil permettent de compl\u00e9ter votre hydratation quotidienne.\u00a0 Appliquez Bi-Oil sur les zones s\u00e8ches de votre peau, massez pour faire p\u00e9n\u00e9trer. Vous pouvez \u00e9galement\u00a0 dissoudre quelques gouttes de Bio-Oil dans votre cr\u00e8me hydratante habituelle et vous en enduire le corps.\u00a0&#8211;\u00a0Utilisation en soin apr\u00e8s-soleil:\u00a0apr\u00e8s une exposition au soleil, recouvrez-vous de Bio-Oil. Votre peau est r\u00e9hydrat\u00e9e et soulag\u00e9e des agressions UV. Bio-Oil ne contient pas d\u2019\u00e9cran solaire. Si vous utilisez un \u00e9cran solaire, appliquez-le une fois que Bio\u2011Oil a \u00e9t\u00e9 totalement absorb\u00e9.<\/p>\n","protected":false},"excerpt":{"rendered":"<p>BIO-OIL HUILE DE SOIN<br \/>\nsoin sp\u00e9cialis\u00e9 pour les cicatrices et les vergetures<br \/>\ncontenance : 200 mL<br \/>\nDLC : 01\/2026<\/p>\n","protected":false},"featured_media":1736,"comment_status":"open","ping_status":"closed","template":"","meta":[],"pwb-brand":[208],"product_cat":[204],"product_tag":[],"class_list":{"0":"post-1710","1":"product","2":"type-product","3":"status-publish","4":"has-post-thumbnail","6":"pwb-brand-bio-oil","7":"product_cat-anti-vergetures","8":"post","9":"ws-product--style-1","11":"first","12":"instock","13":"shipping-taxable","14":"purchasable","15":"product-type-simple"},"yoast_head":"<!-- This site is optimized with the Yoast SEO plugin v23.0 - https:\/\/yoast.com\/wordpress\/plugins\/seo\/ -->\n<title>BIO-OIL HUILE DE SOIN - 200ml - OrthoPara<\/title>\n<meta name=\"robots\" content=\"index, follow, max-snippet:-1, max-image-preview:large, max-video-preview:-1\" \/>\n<link rel=\"canonical\" href=\"https:\/\/orthopara.store\/index.php\/produit\/bio-oil-huile-de-soin-200ml\/\" \/>\n<meta property=\"og:locale\" content=\"fr_FR\" \/>\n<meta property=\"og:type\" content=\"article\" \/>\n<meta property=\"og:title\" content=\"BIO-OIL HUILE DE SOIN - 200ml - OrthoPara\" \/>\n<meta property=\"og:description\" content=\"BIO-OIL HUILE DE SOIN soin sp\u00e9cialis\u00e9 pour les cicatrices et les vergetures contenance : 200 mL DLC : 01\/2026\" \/>\n<meta property=\"og:url\" content=\"https:\/\/orthopara.store\/index.php\/produit\/bio-oil-huile-de-soin-200ml\/\" \/>\n<meta property=\"og:site_name\" content=\"OrthoPara\" \/>\n<meta property=\"article:publisher\" content=\"https:\/\/www.facebook.com\/profile.php?id=61561194315651\" \/>\n<meta property=\"article:modified_time\" content=\"2024-11-07T08:35:08+00:00\" \/>\n<meta property=\"og:image\" content=\"https:\/\/orthopara.store\/wp-content\/uploads\/2024\/06\/bio-oil-huile-de-soin-200ml.jpg\" \/>\n\t<meta property=\"og:image:width\" content=\"800\" \/>\n\t<meta property=\"og:image:height\" content=\"800\" \/>\n\t<meta property=\"og:image:type\" content=\"image\/jpeg\" \/>\n<meta name=\"twitter:card\" content=\"summary_large_image\" \/>\n<meta name=\"twitter:label1\" content=\"Dur\u00e9e de lecture estim\u00e9e\" \/>\n\t<meta name=\"twitter:data1\" content=\"2 minutes\" \/>\n<script type=\"application\/ld+json\" class=\"yoast-schema-graph\">{\"@context\":\"https:\/\/schema.org\",\"@graph\":[{\"@type\":\"WebPage\",\"@id\":\"https:\/\/orthopara.store\/index.php\/produit\/bio-oil-huile-de-soin-200ml\/\",\"url\":\"https:\/\/orthopara.store\/index.php\/produit\/bio-oil-huile-de-soin-200ml\/\",\"name\":\"BIO-OIL HUILE DE SOIN - 200ml - OrthoPara\",\"isPartOf\":{\"@id\":\"https:\/\/orthopara.store\/#website\"},\"primaryImageOfPage\":{\"@id\":\"https:\/\/orthopara.store\/index.php\/produit\/bio-oil-huile-de-soin-200ml\/#primaryimage\"},\"image\":{\"@id\":\"https:\/\/orthopara.store\/index.php\/produit\/bio-oil-huile-de-soin-200ml\/#primaryimage\"},\"thumbnailUrl\":\"https:\/\/orthopara.store\/wp-content\/uploads\/2024\/06\/bio-oil-huile-de-soin-200ml.jpg\",\"datePublished\":\"2024-06-28T13:54:49+00:00\",\"dateModified\":\"2024-11-07T08:35:08+00:00\",\"breadcrumb\":{\"@id\":\"https:\/\/orthopara.store\/index.php\/produit\/bio-oil-huile-de-soin-200ml\/#breadcrumb\"},\"inLanguage\":\"fr-FR\",\"potentialAction\":[{\"@type\":\"ReadAction\",\"target\":[\"https:\/\/orthopara.store\/index.php\/produit\/bio-oil-huile-de-soin-200ml\/\"]}]},{\"@type\":\"ImageObject\",\"inLanguage\":\"fr-FR\",\"@id\":\"https:\/\/orthopara.store\/index.php\/produit\/bio-oil-huile-de-soin-200ml\/#primaryimage\",\"url\":\"https:\/\/orthopara.store\/wp-content\/uploads\/2024\/06\/bio-oil-huile-de-soin-200ml.jpg\",\"contentUrl\":\"https:\/\/orthopara.store\/wp-content\/uploads\/2024\/06\/bio-oil-huile-de-soin-200ml.jpg\",\"width\":800,\"height\":800},{\"@type\":\"BreadcrumbList\",\"@id\":\"https:\/\/orthopara.store\/index.php\/produit\/bio-oil-huile-de-soin-200ml\/#breadcrumb\",\"itemListElement\":[{\"@type\":\"ListItem\",\"position\":1,\"name\":\"Accueil\",\"item\":\"https:\/\/orthopara.store\/\"},{\"@type\":\"ListItem\",\"position\":2,\"name\":\"Shop\",\"item\":\"https:\/\/orthopara.store\/?page_id=622\"},{\"@type\":\"ListItem\",\"position\":3,\"name\":\"BIO-OIL HUILE DE SOIN &#8211; 200ml\"}]},{\"@type\":\"WebSite\",\"@id\":\"https:\/\/orthopara.store\/#website\",\"url\":\"https:\/\/orthopara.store\/\",\"name\":\"OrthoPara\",\"description\":\"Parapharmacie\",\"publisher\":{\"@id\":\"https:\/\/orthopara.store\/#organization\"},\"potentialAction\":[{\"@type\":\"SearchAction\",\"target\":{\"@type\":\"EntryPoint\",\"urlTemplate\":\"https:\/\/orthopara.store\/?s={search_term_string}\"},\"query-input\":\"required name=search_term_string\"}],\"inLanguage\":\"fr-FR\"},{\"@type\":\"Organization\",\"@id\":\"https:\/\/orthopara.store\/#organization\",\"name\":\"OrthoPara\",\"url\":\"https:\/\/orthopara.store\/\",\"logo\":{\"@type\":\"ImageObject\",\"inLanguage\":\"fr-FR\",\"@id\":\"https:\/\/orthopara.store\/#\/schema\/logo\/image\/\",\"url\":\"https:\/\/orthopara.store\/wp-content\/uploads\/2024\/06\/cropped-9ABA8BAD-6256-4719-9315-15C66E64E882.png\",\"contentUrl\":\"https:\/\/orthopara.store\/wp-content\/uploads\/2024\/06\/cropped-9ABA8BAD-6256-4719-9315-15C66E64E882.png\",\"width\":240,\"height\":72,\"caption\":\"OrthoPara\"},\"image\":{\"@id\":\"https:\/\/orthopara.store\/#\/schema\/logo\/image\/\"},\"sameAs\":[\"https:\/\/www.facebook.com\/profile.php?id=61561194315651\",\"https:\/\/www.instagram.com\/orthopara_tunisie\/\"]}]}<\/script>\n<!-- \/ Yoast SEO plugin. -->","yoast_head_json":{"title":"BIO-OIL HUILE DE SOIN - 200ml - OrthoPara","robots":{"index":"index","follow":"follow","max-snippet":"max-snippet:-1","max-image-preview":"max-image-preview:large","max-video-preview":"max-video-preview:-1"},"canonical":"https:\/\/orthopara.store\/index.php\/produit\/bio-oil-huile-de-soin-200ml\/","og_locale":"fr_FR","og_type":"article","og_title":"BIO-OIL HUILE DE SOIN - 200ml - OrthoPara","og_description":"BIO-OIL HUILE DE SOIN soin sp\u00e9cialis\u00e9 pour les cicatrices et les vergetures contenance : 200 mL DLC : 01\/2026","og_url":"https:\/\/orthopara.store\/index.php\/produit\/bio-oil-huile-de-soin-200ml\/","og_site_name":"OrthoPara","article_publisher":"https:\/\/www.facebook.com\/profile.php?id=61561194315651","article_modified_time":"2024-11-07T08:35:08+00:00","og_image":[{"width":800,"height":800,"url":"https:\/\/orthopara.store\/wp-content\/uploads\/2024\/06\/bio-oil-huile-de-soin-200ml.jpg","type":"image\/jpeg"}],"twitter_card":"summary_large_image","twitter_misc":{"Dur\u00e9e de lecture estim\u00e9e":"2 minutes"},"schema":{"@context":"https:\/\/schema.org","@graph":[{"@type":"WebPage","@id":"https:\/\/orthopara.store\/index.php\/produit\/bio-oil-huile-de-soin-200ml\/","url":"https:\/\/orthopara.store\/index.php\/produit\/bio-oil-huile-de-soin-200ml\/","name":"BIO-OIL HUILE DE SOIN - 200ml - OrthoPara","isPartOf":{"@id":"https:\/\/orthopara.store\/#website"},"primaryImageOfPage":{"@id":"https:\/\/orthopara.store\/index.php\/produit\/bio-oil-huile-de-soin-200ml\/#primaryimage"},"image":{"@id":"https:\/\/orthopara.store\/index.php\/produit\/bio-oil-huile-de-soin-200ml\/#primaryimage"},"thumbnailUrl":"https:\/\/orthopara.store\/wp-content\/uploads\/2024\/06\/bio-oil-huile-de-soin-200ml.jpg","datePublished":"2024-06-28T13:54:49+00:00","dateModified":"2024-11-07T08:35:08+00:00","breadcrumb":{"@id":"https:\/\/orthopara.store\/index.php\/produit\/bio-oil-huile-de-soin-200ml\/#breadcrumb"},"inLanguage":"fr-FR","potentialAction":[{"@type":"ReadAction","target":["https:\/\/orthopara.store\/index.php\/produit\/bio-oil-huile-de-soin-200ml\/"]}]},{"@type":"ImageObject","inLanguage":"fr-FR","@id":"https:\/\/orthopara.store\/index.php\/produit\/bio-oil-huile-de-soin-200ml\/#primaryimage","url":"https:\/\/orthopara.store\/wp-content\/uploads\/2024\/06\/bio-oil-huile-de-soin-200ml.jpg","contentUrl":"https:\/\/orthopara.store\/wp-content\/uploads\/2024\/06\/bio-oil-huile-de-soin-200ml.jpg","width":800,"height":800},{"@type":"BreadcrumbList","@id":"https:\/\/orthopara.store\/index.php\/produit\/bio-oil-huile-de-soin-200ml\/#breadcrumb","itemListElement":[{"@type":"ListItem","position":1,"name":"Accueil","item":"https:\/\/orthopara.store\/"},{"@type":"ListItem","position":2,"name":"Shop","item":"https:\/\/orthopara.store\/?page_id=622"},{"@type":"ListItem","position":3,"name":"BIO-OIL HUILE DE SOIN &#8211; 200ml"}]},{"@type":"WebSite","@id":"https:\/\/orthopara.store\/#website","url":"https:\/\/orthopara.store\/","name":"OrthoPara","description":"Parapharmacie","publisher":{"@id":"https:\/\/orthopara.store\/#organization"},"potentialAction":[{"@type":"SearchAction","target":{"@type":"EntryPoint","urlTemplate":"https:\/\/orthopara.store\/?s={search_term_string}"},"query-input":"required name=search_term_string"}],"inLanguage":"fr-FR"},{"@type":"Organization","@id":"https:\/\/orthopara.store\/#organization","name":"OrthoPara","url":"https:\/\/orthopara.store\/","logo":{"@type":"ImageObject","inLanguage":"fr-FR","@id":"https:\/\/orthopara.store\/#\/schema\/logo\/image\/","url":"https:\/\/orthopara.store\/wp-content\/uploads\/2024\/06\/cropped-9ABA8BAD-6256-4719-9315-15C66E64E882.png","contentUrl":"https:\/\/orthopara.store\/wp-content\/uploads\/2024\/06\/cropped-9ABA8BAD-6256-4719-9315-15C66E64E882.png","width":240,"height":72,"caption":"OrthoPara"},"image":{"@id":"https:\/\/orthopara.store\/#\/schema\/logo\/image\/"},"sameAs":["https:\/\/www.facebook.com\/profile.php?id=61561194315651","https:\/\/www.instagram.com\/orthopara_tunisie\/"]}]}},"jetpack_sharing_enabled":true,"brands":[{"id":208,"name":"BIO-OIL","slug":"bio-oil"}],"_links":{"self":[{"href":"https:\/\/orthopara.store\/index.php?rest_route=\/wp\/v2\/product\/1710","targetHints":{"allow":["GET"]}}],"collection":[{"href":"https:\/\/orthopara.store\/index.php?rest_route=\/wp\/v2\/product"}],"about":[{"href":"https:\/\/orthopara.store\/index.php?rest_route=\/wp\/v2\/types\/product"}],"replies":[{"embeddable":true,"href":"https:\/\/orthopara.store\/index.php?rest_route=%2Fwp%2Fv2%2Fcomments&post=1710"}],"wp:featuredmedia":[{"embeddable":true,"href":"https:\/\/orthopara.store\/index.php?rest_route=\/wp\/v2\/media\/1736"}],"wp:attachment":[{"href":"https:\/\/orthopara.store\/index.php?rest_route=%2Fwp%2Fv2%2Fmedia&parent=1710"}],"wp:term":[{"taxonomy":"pwb-brand","embeddable":true,"href":"https:\/\/orthopara.store\/index.php?rest_route=%2Fwp%2Fv2%2Fpwb-brand&post=1710"},{"taxonomy":"product_cat","embeddable":true,"href":"https:\/\/orthopara.store\/index.php?rest_route=%2Fwp%2Fv2%2Fproduct_cat&post=1710"},{"taxonomy":"product_tag","embeddable":true,"href":"https:\/\/orthopara.store\/index.php?rest_route=%2Fwp%2Fv2%2Fproduct_tag&post=1710"}],"curies":[{"name":"wp","href":"https:\/\/api.w.org\/{rel}","templated":true}]}}