{"id":1711,"date":"2024-06-28T15:54:50","date_gmt":"2024-06-28T13:54:50","guid":{"rendered":"https:\/\/orthopara.store\/?post_type=product&#038;p=1711"},"modified":"2024-06-28T15:55:01","modified_gmt":"2024-06-28T13:55:01","slug":"soin-anti-vergetures-cytolnat-cytolstrie-50-ml","status":"publish","type":"product","link":"https:\/\/orthopara.store\/?product=soin-anti-vergetures-cytolnat-cytolstrie-50-ml","title":{"rendered":"Soin anti vergetures &#8211; Cytolnat Cytolstrie &#8211; 50 ml"},"content":{"rendered":"<p>Soin anti vergetures &#8211; Cytolnat Cytolstrie &#8211; 50 ml<br \/>\nCytolStrie\u00a0est un soin dermatologique\u00a0 concentr\u00e9 en huiles v\u00e9g\u00e9tales et en extrait de plantes m\u00e9dicinales pour la pr\u00e9vention et la correction des vergetures.<\/p>\n<p>Ce traitement\u00a0anti-vergeture est\u00a0 Enrichi en extrait de\u00a0Centella asiatica,\u00a0Cytolstrie\u00a0active la microcirculation et stimule la synth\u00e8se du collag\u00e8ne et de l\u2019\u00e9lastine pour pr\u00e9venir l\u2019apparition des vergetures et att\u00e9nuer les stries de celles d\u00e9j\u00e0 install\u00e9es.<\/p>\n<p>A base d\u2019huile\u00a0d\u2019argan bio, d\u2019huile\u00a0d\u2019amande\u00a0douce et de\u00a0beurre de karit\u00e9,\u00a0Cytolstrie\u00a0hydrate, nourrit et assouplie la peau.<\/p>\n","protected":false},"excerpt":{"rendered":"<p>Cytolnat Cytolstrie<br \/>\nSoin anti vergetures\u00a0<br \/>\nConcentr\u00e9 en huiles v\u00e9g\u00e9tales et en extrait de plantes m\u00e9dicinales<br \/>\ncontenance 50 ml<br \/>\nDLC 06\/2023<\/p>\n","protected":false},"featured_media":1737,"comment_status":"open","ping_status":"closed","template":"","meta":[],"pwb-brand":[132],"product_cat":[204],"product_tag":[],"class_list":{"0":"post-1711","1":"product","2":"type-product","3":"status-publish","4":"has-post-thumbnail","6":"pwb-brand-cytol-nat","7":"product_cat-anti-vergetures","8":"post","9":"ws-product--style-1","11":"first","12":"instock","13":"shipping-taxable","14":"purchasable","15":"product-type-simple"},"yoast_head":"<!-- This site is optimized with the Yoast SEO plugin v23.0 - https:\/\/yoast.com\/wordpress\/plugins\/seo\/ -->\n<title>Soin anti vergetures - Cytolnat Cytolstrie - 50 ml - OrthoPara<\/title>\n<meta name=\"robots\" content=\"index, follow, max-snippet:-1, max-image-preview:large, max-video-preview:-1\" \/>\n<link rel=\"canonical\" href=\"https:\/\/orthopara.store\/index.php\/produit\/soin-anti-vergetures-cytolnat-cytolstrie-50-ml\/\" \/>\n<meta property=\"og:locale\" content=\"fr_FR\" \/>\n<meta property=\"og:type\" content=\"article\" \/>\n<meta property=\"og:title\" content=\"Soin anti vergetures - Cytolnat Cytolstrie - 50 ml - OrthoPara\" \/>\n<meta property=\"og:description\" content=\"Cytolnat Cytolstrie Soin anti vergetures\u00a0 Concentr\u00e9 en huiles v\u00e9g\u00e9tales et en extrait de plantes m\u00e9dicinales contenance 50 ml DLC 06\/2023\" \/>\n<meta property=\"og:url\" content=\"https:\/\/orthopara.store\/index.php\/produit\/soin-anti-vergetures-cytolnat-cytolstrie-50-ml\/\" \/>\n<meta property=\"og:site_name\" content=\"OrthoPara\" \/>\n<meta property=\"article:publisher\" content=\"https:\/\/www.facebook.com\/profile.php?id=61561194315651\" \/>\n<meta property=\"article:modified_time\" content=\"2024-06-28T13:55:01+00:00\" \/>\n<meta property=\"og:image\" content=\"https:\/\/orthopara.store\/wp-content\/uploads\/2024\/06\/cytolnat-cytolstrie-anti-vergetures-50-ml.jpg\" \/>\n\t<meta property=\"og:image:width\" content=\"800\" \/>\n\t<meta property=\"og:image:height\" content=\"800\" \/>\n\t<meta property=\"og:image:type\" content=\"image\/jpeg\" \/>\n<meta name=\"twitter:card\" content=\"summary_large_image\" \/>\n<meta name=\"twitter:label1\" content=\"Dur\u00e9e de lecture estim\u00e9e\" \/>\n\t<meta name=\"twitter:data1\" content=\"1 minute\" \/>\n<script type=\"application\/ld+json\" class=\"yoast-schema-graph\">{\"@context\":\"https:\/\/schema.org\",\"@graph\":[{\"@type\":\"WebPage\",\"@id\":\"https:\/\/orthopara.store\/index.php\/produit\/soin-anti-vergetures-cytolnat-cytolstrie-50-ml\/\",\"url\":\"https:\/\/orthopara.store\/index.php\/produit\/soin-anti-vergetures-cytolnat-cytolstrie-50-ml\/\",\"name\":\"Soin anti vergetures - Cytolnat Cytolstrie - 50 ml - OrthoPara\",\"isPartOf\":{\"@id\":\"https:\/\/orthopara.store\/#website\"},\"primaryImageOfPage\":{\"@id\":\"https:\/\/orthopara.store\/index.php\/produit\/soin-anti-vergetures-cytolnat-cytolstrie-50-ml\/#primaryimage\"},\"image\":{\"@id\":\"https:\/\/orthopara.store\/index.php\/produit\/soin-anti-vergetures-cytolnat-cytolstrie-50-ml\/#primaryimage\"},\"thumbnailUrl\":\"https:\/\/orthopara.store\/wp-content\/uploads\/2024\/06\/cytolnat-cytolstrie-anti-vergetures-50-ml.jpg\",\"datePublished\":\"2024-06-28T13:54:50+00:00\",\"dateModified\":\"2024-06-28T13:55:01+00:00\",\"breadcrumb\":{\"@id\":\"https:\/\/orthopara.store\/index.php\/produit\/soin-anti-vergetures-cytolnat-cytolstrie-50-ml\/#breadcrumb\"},\"inLanguage\":\"fr-FR\",\"potentialAction\":[{\"@type\":\"ReadAction\",\"target\":[\"https:\/\/orthopara.store\/index.php\/produit\/soin-anti-vergetures-cytolnat-cytolstrie-50-ml\/\"]}]},{\"@type\":\"ImageObject\",\"inLanguage\":\"fr-FR\",\"@id\":\"https:\/\/orthopara.store\/index.php\/produit\/soin-anti-vergetures-cytolnat-cytolstrie-50-ml\/#primaryimage\",\"url\":\"https:\/\/orthopara.store\/wp-content\/uploads\/2024\/06\/cytolnat-cytolstrie-anti-vergetures-50-ml.jpg\",\"contentUrl\":\"https:\/\/orthopara.store\/wp-content\/uploads\/2024\/06\/cytolnat-cytolstrie-anti-vergetures-50-ml.jpg\",\"width\":800,\"height\":800},{\"@type\":\"BreadcrumbList\",\"@id\":\"https:\/\/orthopara.store\/index.php\/produit\/soin-anti-vergetures-cytolnat-cytolstrie-50-ml\/#breadcrumb\",\"itemListElement\":[{\"@type\":\"ListItem\",\"position\":1,\"name\":\"Accueil\",\"item\":\"https:\/\/orthopara.store\/\"},{\"@type\":\"ListItem\",\"position\":2,\"name\":\"Shop\",\"item\":\"https:\/\/orthopara.store\/?page_id=622\"},{\"@type\":\"ListItem\",\"position\":3,\"name\":\"Soin anti vergetures &#8211; Cytolnat Cytolstrie &#8211; 50 ml\"}]},{\"@type\":\"WebSite\",\"@id\":\"https:\/\/orthopara.store\/#website\",\"url\":\"https:\/\/orthopara.store\/\",\"name\":\"OrthoPara\",\"description\":\"Parapharmacie\",\"publisher\":{\"@id\":\"https:\/\/orthopara.store\/#organization\"},\"potentialAction\":[{\"@type\":\"SearchAction\",\"target\":{\"@type\":\"EntryPoint\",\"urlTemplate\":\"https:\/\/orthopara.store\/?s={search_term_string}\"},\"query-input\":\"required name=search_term_string\"}],\"inLanguage\":\"fr-FR\"},{\"@type\":\"Organization\",\"@id\":\"https:\/\/orthopara.store\/#organization\",\"name\":\"OrthoPara\",\"url\":\"https:\/\/orthopara.store\/\",\"logo\":{\"@type\":\"ImageObject\",\"inLanguage\":\"fr-FR\",\"@id\":\"https:\/\/orthopara.store\/#\/schema\/logo\/image\/\",\"url\":\"https:\/\/orthopara.store\/wp-content\/uploads\/2024\/06\/cropped-9ABA8BAD-6256-4719-9315-15C66E64E882.png\",\"contentUrl\":\"https:\/\/orthopara.store\/wp-content\/uploads\/2024\/06\/cropped-9ABA8BAD-6256-4719-9315-15C66E64E882.png\",\"width\":240,\"height\":72,\"caption\":\"OrthoPara\"},\"image\":{\"@id\":\"https:\/\/orthopara.store\/#\/schema\/logo\/image\/\"},\"sameAs\":[\"https:\/\/www.facebook.com\/profile.php?id=61561194315651\",\"https:\/\/www.instagram.com\/orthopara_tunisie\/\"]}]}<\/script>\n<!-- \/ Yoast SEO plugin. -->","yoast_head_json":{"title":"Soin anti vergetures - Cytolnat Cytolstrie - 50 ml - OrthoPara","robots":{"index":"index","follow":"follow","max-snippet":"max-snippet:-1","max-image-preview":"max-image-preview:large","max-video-preview":"max-video-preview:-1"},"canonical":"https:\/\/orthopara.store\/index.php\/produit\/soin-anti-vergetures-cytolnat-cytolstrie-50-ml\/","og_locale":"fr_FR","og_type":"article","og_title":"Soin anti vergetures - Cytolnat Cytolstrie - 50 ml - OrthoPara","og_description":"Cytolnat Cytolstrie Soin anti vergetures\u00a0 Concentr\u00e9 en huiles v\u00e9g\u00e9tales et en extrait de plantes m\u00e9dicinales contenance 50 ml DLC 06\/2023","og_url":"https:\/\/orthopara.store\/index.php\/produit\/soin-anti-vergetures-cytolnat-cytolstrie-50-ml\/","og_site_name":"OrthoPara","article_publisher":"https:\/\/www.facebook.com\/profile.php?id=61561194315651","article_modified_time":"2024-06-28T13:55:01+00:00","og_image":[{"width":800,"height":800,"url":"https:\/\/orthopara.store\/wp-content\/uploads\/2024\/06\/cytolnat-cytolstrie-anti-vergetures-50-ml.jpg","type":"image\/jpeg"}],"twitter_card":"summary_large_image","twitter_misc":{"Dur\u00e9e de lecture estim\u00e9e":"1 minute"},"schema":{"@context":"https:\/\/schema.org","@graph":[{"@type":"WebPage","@id":"https:\/\/orthopara.store\/index.php\/produit\/soin-anti-vergetures-cytolnat-cytolstrie-50-ml\/","url":"https:\/\/orthopara.store\/index.php\/produit\/soin-anti-vergetures-cytolnat-cytolstrie-50-ml\/","name":"Soin anti vergetures - Cytolnat Cytolstrie - 50 ml - OrthoPara","isPartOf":{"@id":"https:\/\/orthopara.store\/#website"},"primaryImageOfPage":{"@id":"https:\/\/orthopara.store\/index.php\/produit\/soin-anti-vergetures-cytolnat-cytolstrie-50-ml\/#primaryimage"},"image":{"@id":"https:\/\/orthopara.store\/index.php\/produit\/soin-anti-vergetures-cytolnat-cytolstrie-50-ml\/#primaryimage"},"thumbnailUrl":"https:\/\/orthopara.store\/wp-content\/uploads\/2024\/06\/cytolnat-cytolstrie-anti-vergetures-50-ml.jpg","datePublished":"2024-06-28T13:54:50+00:00","dateModified":"2024-06-28T13:55:01+00:00","breadcrumb":{"@id":"https:\/\/orthopara.store\/index.php\/produit\/soin-anti-vergetures-cytolnat-cytolstrie-50-ml\/#breadcrumb"},"inLanguage":"fr-FR","potentialAction":[{"@type":"ReadAction","target":["https:\/\/orthopara.store\/index.php\/produit\/soin-anti-vergetures-cytolnat-cytolstrie-50-ml\/"]}]},{"@type":"ImageObject","inLanguage":"fr-FR","@id":"https:\/\/orthopara.store\/index.php\/produit\/soin-anti-vergetures-cytolnat-cytolstrie-50-ml\/#primaryimage","url":"https:\/\/orthopara.store\/wp-content\/uploads\/2024\/06\/cytolnat-cytolstrie-anti-vergetures-50-ml.jpg","contentUrl":"https:\/\/orthopara.store\/wp-content\/uploads\/2024\/06\/cytolnat-cytolstrie-anti-vergetures-50-ml.jpg","width":800,"height":800},{"@type":"BreadcrumbList","@id":"https:\/\/orthopara.store\/index.php\/produit\/soin-anti-vergetures-cytolnat-cytolstrie-50-ml\/#breadcrumb","itemListElement":[{"@type":"ListItem","position":1,"name":"Accueil","item":"https:\/\/orthopara.store\/"},{"@type":"ListItem","position":2,"name":"Shop","item":"https:\/\/orthopara.store\/?page_id=622"},{"@type":"ListItem","position":3,"name":"Soin anti vergetures &#8211; Cytolnat Cytolstrie &#8211; 50 ml"}]},{"@type":"WebSite","@id":"https:\/\/orthopara.store\/#website","url":"https:\/\/orthopara.store\/","name":"OrthoPara","description":"Parapharmacie","publisher":{"@id":"https:\/\/orthopara.store\/#organization"},"potentialAction":[{"@type":"SearchAction","target":{"@type":"EntryPoint","urlTemplate":"https:\/\/orthopara.store\/?s={search_term_string}"},"query-input":"required name=search_term_string"}],"inLanguage":"fr-FR"},{"@type":"Organization","@id":"https:\/\/orthopara.store\/#organization","name":"OrthoPara","url":"https:\/\/orthopara.store\/","logo":{"@type":"ImageObject","inLanguage":"fr-FR","@id":"https:\/\/orthopara.store\/#\/schema\/logo\/image\/","url":"https:\/\/orthopara.store\/wp-content\/uploads\/2024\/06\/cropped-9ABA8BAD-6256-4719-9315-15C66E64E882.png","contentUrl":"https:\/\/orthopara.store\/wp-content\/uploads\/2024\/06\/cropped-9ABA8BAD-6256-4719-9315-15C66E64E882.png","width":240,"height":72,"caption":"OrthoPara"},"image":{"@id":"https:\/\/orthopara.store\/#\/schema\/logo\/image\/"},"sameAs":["https:\/\/www.facebook.com\/profile.php?id=61561194315651","https:\/\/www.instagram.com\/orthopara_tunisie\/"]}]}},"jetpack_sharing_enabled":true,"brands":[{"id":132,"name":"CYTOL NAT","slug":"cytol-nat"}],"_links":{"self":[{"href":"https:\/\/orthopara.store\/index.php?rest_route=\/wp\/v2\/product\/1711","targetHints":{"allow":["GET"]}}],"collection":[{"href":"https:\/\/orthopara.store\/index.php?rest_route=\/wp\/v2\/product"}],"about":[{"href":"https:\/\/orthopara.store\/index.php?rest_route=\/wp\/v2\/types\/product"}],"replies":[{"embeddable":true,"href":"https:\/\/orthopara.store\/index.php?rest_route=%2Fwp%2Fv2%2Fcomments&post=1711"}],"wp:featuredmedia":[{"embeddable":true,"href":"https:\/\/orthopara.store\/index.php?rest_route=\/wp\/v2\/media\/1737"}],"wp:attachment":[{"href":"https:\/\/orthopara.store\/index.php?rest_route=%2Fwp%2Fv2%2Fmedia&parent=1711"}],"wp:term":[{"taxonomy":"pwb-brand","embeddable":true,"href":"https:\/\/orthopara.store\/index.php?rest_route=%2Fwp%2Fv2%2Fpwb-brand&post=1711"},{"taxonomy":"product_cat","embeddable":true,"href":"https:\/\/orthopara.store\/index.php?rest_route=%2Fwp%2Fv2%2Fproduct_cat&post=1711"},{"taxonomy":"product_tag","embeddable":true,"href":"https:\/\/orthopara.store\/index.php?rest_route=%2Fwp%2Fv2%2Fproduct_tag&post=1711"}],"curies":[{"name":"wp","href":"https:\/\/api.w.org\/{rel}","templated":true}]}}