{"id":1715,"date":"2024-06-28T15:54:50","date_gmt":"2024-06-28T13:54:50","guid":{"rendered":"https:\/\/orthopara.store\/?post_type=product&#038;p=1715"},"modified":"2024-11-07T09:41:59","modified_gmt":"2024-11-07T08:41:59","slug":"brosse-a-dents-gum-sunstar-ortho-soft-124","status":"publish","type":"product","link":"https:\/\/orthopara.store\/?product=brosse-a-dents-gum-sunstar-ortho-soft-124","title":{"rendered":"Brosse \u00e0 dents &#8211; GUM Sunstar Ortho &#8211; Soft 124"},"content":{"rendered":"<p>Brosse \u00e0 dents &#8211; GUM Sunstar Ortho &#8211; Soft<br \/>\nLa\u00a0brosse \u00e0 dents Gum Ortho\u00a0est\u00a0souple\u00a0pour faciliter le brossage autour des appareils orthodontiques. Dot\u00e9e d\u2019une t\u00eate compacte avec une\u00a0coupe de brins\u00a0en V, elle\u00a0s\u2019adapte aux fils m\u00e9talliques et aux arcs de brackets\u00a0o\u00f9 elle y retire la plaque dentaire. Cependant, le brossage reste doux pour les gencives gr\u00e2ces aux brins souples de la brosse.Le produit est \u00e9quip\u00e9 d\u2019un\u00a0manche ergonomique\u00a0pour faciliter sa prise en main. Porter un appareil dentaire est souvent synonyme de difficult\u00e9s \u00e0 se laver correctement les dents. En effet, les brosses \u00e0 dents simples acc\u00e8dent difficilement dans tous les recoins ou alors n\u2019arrivent pas en extraire les r\u00e9sidus de nourriture ou de tartre.Cette brosse \u00e0 dents vous permettra de rem\u00e9dier \u00e0 ces difficult\u00e9s et d\u2019avoir au quotidien une\u00a0bouche propre et saine. La Butler Gum brosse \u00e0 dent est\u00a0recommand\u00e9e par les orthodontistes\u00a0qui soulignent le fait qu\u2019il reste indispensable de se laver les dents apr\u00e8s chaque repas.<br \/>\nConseils D&rsquo;utilisation<br \/>\nPour une bonne hygi\u00e8ne bucco-dentaire, il est conseill\u00e9 de se brosser les dents au moins 2 minutes apr\u00e8s chaque repas, ou au minimum 2 fois par jour.Il est conseill\u00e9 de changer de brosse \u00e0 dents environ tous les 3 mois, ou d\u00e8s que les brins ne se tiennent plus correctement.<\/p>\n","protected":false},"excerpt":{"rendered":"<p>GUM Sunstar Ortho<br \/>\nBrosse \u00e0 dents<br \/>\nR\u00e9f\u00e9rence : Soft\u00a0<br \/>\nTranche d&rsquo;\u00e2ge : adultes\u00a0<br \/>\nCouleurs : Rouge &#8211; mauve &#8211; bleu &#8211; vert\u00a0<\/p>\n","protected":false},"featured_media":1741,"comment_status":"open","ping_status":"closed","template":"","meta":[],"pwb-brand":[181],"product_cat":[207],"product_tag":[],"class_list":{"0":"post-1715","1":"product","2":"type-product","3":"status-publish","4":"has-post-thumbnail","6":"pwb-brand-gum","7":"product_cat-brosses-a-dents","8":"post","9":"ws-product--style-1","11":"first","12":"instock","13":"shipping-taxable","14":"purchasable","15":"product-type-simple"},"yoast_head":"<!-- This site is optimized with the Yoast SEO plugin v23.0 - https:\/\/yoast.com\/wordpress\/plugins\/seo\/ -->\n<title>Brosse \u00e0 dents - GUM Sunstar Ortho - Soft 124 - OrthoPara<\/title>\n<meta name=\"robots\" content=\"index, follow, max-snippet:-1, max-image-preview:large, max-video-preview:-1\" \/>\n<link rel=\"canonical\" href=\"https:\/\/orthopara.store\/index.php\/produit\/brosse-a-dents-gum-sunstar-ortho-soft-124\/\" \/>\n<meta property=\"og:locale\" content=\"fr_FR\" \/>\n<meta property=\"og:type\" content=\"article\" \/>\n<meta property=\"og:title\" content=\"Brosse \u00e0 dents - GUM Sunstar Ortho - Soft 124 - OrthoPara\" \/>\n<meta property=\"og:description\" content=\"GUM Sunstar Ortho Brosse \u00e0 dents R\u00e9f\u00e9rence : Soft\u00a0 Tranche d&#039;\u00e2ge : adultes\u00a0 Couleurs : Rouge - mauve - bleu - vert\u00a0\" \/>\n<meta property=\"og:url\" content=\"https:\/\/orthopara.store\/index.php\/produit\/brosse-a-dents-gum-sunstar-ortho-soft-124\/\" \/>\n<meta property=\"og:site_name\" content=\"OrthoPara\" \/>\n<meta property=\"article:publisher\" content=\"https:\/\/www.facebook.com\/profile.php?id=61561194315651\" \/>\n<meta property=\"article:modified_time\" content=\"2024-11-07T08:41:59+00:00\" \/>\n<meta property=\"og:image\" content=\"https:\/\/orthopara.store\/wp-content\/uploads\/2024\/06\/brosse-a-dents-gum-sunstar-ortho-soft-124.jpg\" \/>\n\t<meta property=\"og:image:width\" content=\"800\" \/>\n\t<meta property=\"og:image:height\" content=\"800\" \/>\n\t<meta property=\"og:image:type\" content=\"image\/jpeg\" \/>\n<meta name=\"twitter:card\" content=\"summary_large_image\" \/>\n<meta name=\"twitter:label1\" content=\"Dur\u00e9e de lecture estim\u00e9e\" \/>\n\t<meta name=\"twitter:data1\" content=\"1 minute\" \/>\n<script type=\"application\/ld+json\" class=\"yoast-schema-graph\">{\"@context\":\"https:\/\/schema.org\",\"@graph\":[{\"@type\":\"WebPage\",\"@id\":\"https:\/\/orthopara.store\/index.php\/produit\/brosse-a-dents-gum-sunstar-ortho-soft-124\/\",\"url\":\"https:\/\/orthopara.store\/index.php\/produit\/brosse-a-dents-gum-sunstar-ortho-soft-124\/\",\"name\":\"Brosse \u00e0 dents - GUM Sunstar Ortho - Soft 124 - OrthoPara\",\"isPartOf\":{\"@id\":\"https:\/\/orthopara.store\/#website\"},\"primaryImageOfPage\":{\"@id\":\"https:\/\/orthopara.store\/index.php\/produit\/brosse-a-dents-gum-sunstar-ortho-soft-124\/#primaryimage\"},\"image\":{\"@id\":\"https:\/\/orthopara.store\/index.php\/produit\/brosse-a-dents-gum-sunstar-ortho-soft-124\/#primaryimage\"},\"thumbnailUrl\":\"https:\/\/orthopara.store\/wp-content\/uploads\/2024\/06\/brosse-a-dents-gum-sunstar-ortho-soft-124.jpg\",\"datePublished\":\"2024-06-28T13:54:50+00:00\",\"dateModified\":\"2024-11-07T08:41:59+00:00\",\"breadcrumb\":{\"@id\":\"https:\/\/orthopara.store\/index.php\/produit\/brosse-a-dents-gum-sunstar-ortho-soft-124\/#breadcrumb\"},\"inLanguage\":\"fr-FR\",\"potentialAction\":[{\"@type\":\"ReadAction\",\"target\":[\"https:\/\/orthopara.store\/index.php\/produit\/brosse-a-dents-gum-sunstar-ortho-soft-124\/\"]}]},{\"@type\":\"ImageObject\",\"inLanguage\":\"fr-FR\",\"@id\":\"https:\/\/orthopara.store\/index.php\/produit\/brosse-a-dents-gum-sunstar-ortho-soft-124\/#primaryimage\",\"url\":\"https:\/\/orthopara.store\/wp-content\/uploads\/2024\/06\/brosse-a-dents-gum-sunstar-ortho-soft-124.jpg\",\"contentUrl\":\"https:\/\/orthopara.store\/wp-content\/uploads\/2024\/06\/brosse-a-dents-gum-sunstar-ortho-soft-124.jpg\",\"width\":800,\"height\":800},{\"@type\":\"BreadcrumbList\",\"@id\":\"https:\/\/orthopara.store\/index.php\/produit\/brosse-a-dents-gum-sunstar-ortho-soft-124\/#breadcrumb\",\"itemListElement\":[{\"@type\":\"ListItem\",\"position\":1,\"name\":\"Accueil\",\"item\":\"https:\/\/orthopara.store\/\"},{\"@type\":\"ListItem\",\"position\":2,\"name\":\"Shop\",\"item\":\"https:\/\/orthopara.store\/?page_id=622\"},{\"@type\":\"ListItem\",\"position\":3,\"name\":\"Brosse \u00e0 dents &#8211; GUM Sunstar Ortho &#8211; Soft 124\"}]},{\"@type\":\"WebSite\",\"@id\":\"https:\/\/orthopara.store\/#website\",\"url\":\"https:\/\/orthopara.store\/\",\"name\":\"OrthoPara\",\"description\":\"Parapharmacie\",\"publisher\":{\"@id\":\"https:\/\/orthopara.store\/#organization\"},\"potentialAction\":[{\"@type\":\"SearchAction\",\"target\":{\"@type\":\"EntryPoint\",\"urlTemplate\":\"https:\/\/orthopara.store\/?s={search_term_string}\"},\"query-input\":\"required name=search_term_string\"}],\"inLanguage\":\"fr-FR\"},{\"@type\":\"Organization\",\"@id\":\"https:\/\/orthopara.store\/#organization\",\"name\":\"OrthoPara\",\"url\":\"https:\/\/orthopara.store\/\",\"logo\":{\"@type\":\"ImageObject\",\"inLanguage\":\"fr-FR\",\"@id\":\"https:\/\/orthopara.store\/#\/schema\/logo\/image\/\",\"url\":\"https:\/\/orthopara.store\/wp-content\/uploads\/2024\/06\/cropped-9ABA8BAD-6256-4719-9315-15C66E64E882.png\",\"contentUrl\":\"https:\/\/orthopara.store\/wp-content\/uploads\/2024\/06\/cropped-9ABA8BAD-6256-4719-9315-15C66E64E882.png\",\"width\":240,\"height\":72,\"caption\":\"OrthoPara\"},\"image\":{\"@id\":\"https:\/\/orthopara.store\/#\/schema\/logo\/image\/\"},\"sameAs\":[\"https:\/\/www.facebook.com\/profile.php?id=61561194315651\",\"https:\/\/www.instagram.com\/orthopara_tunisie\/\"]}]}<\/script>\n<!-- \/ Yoast SEO plugin. -->","yoast_head_json":{"title":"Brosse \u00e0 dents - GUM Sunstar Ortho - Soft 124 - OrthoPara","robots":{"index":"index","follow":"follow","max-snippet":"max-snippet:-1","max-image-preview":"max-image-preview:large","max-video-preview":"max-video-preview:-1"},"canonical":"https:\/\/orthopara.store\/index.php\/produit\/brosse-a-dents-gum-sunstar-ortho-soft-124\/","og_locale":"fr_FR","og_type":"article","og_title":"Brosse \u00e0 dents - GUM Sunstar Ortho - Soft 124 - OrthoPara","og_description":"GUM Sunstar Ortho Brosse \u00e0 dents R\u00e9f\u00e9rence : Soft\u00a0 Tranche d'\u00e2ge : adultes\u00a0 Couleurs : Rouge - mauve - bleu - vert\u00a0","og_url":"https:\/\/orthopara.store\/index.php\/produit\/brosse-a-dents-gum-sunstar-ortho-soft-124\/","og_site_name":"OrthoPara","article_publisher":"https:\/\/www.facebook.com\/profile.php?id=61561194315651","article_modified_time":"2024-11-07T08:41:59+00:00","og_image":[{"width":800,"height":800,"url":"https:\/\/orthopara.store\/wp-content\/uploads\/2024\/06\/brosse-a-dents-gum-sunstar-ortho-soft-124.jpg","type":"image\/jpeg"}],"twitter_card":"summary_large_image","twitter_misc":{"Dur\u00e9e de lecture estim\u00e9e":"1 minute"},"schema":{"@context":"https:\/\/schema.org","@graph":[{"@type":"WebPage","@id":"https:\/\/orthopara.store\/index.php\/produit\/brosse-a-dents-gum-sunstar-ortho-soft-124\/","url":"https:\/\/orthopara.store\/index.php\/produit\/brosse-a-dents-gum-sunstar-ortho-soft-124\/","name":"Brosse \u00e0 dents - GUM Sunstar Ortho - Soft 124 - OrthoPara","isPartOf":{"@id":"https:\/\/orthopara.store\/#website"},"primaryImageOfPage":{"@id":"https:\/\/orthopara.store\/index.php\/produit\/brosse-a-dents-gum-sunstar-ortho-soft-124\/#primaryimage"},"image":{"@id":"https:\/\/orthopara.store\/index.php\/produit\/brosse-a-dents-gum-sunstar-ortho-soft-124\/#primaryimage"},"thumbnailUrl":"https:\/\/orthopara.store\/wp-content\/uploads\/2024\/06\/brosse-a-dents-gum-sunstar-ortho-soft-124.jpg","datePublished":"2024-06-28T13:54:50+00:00","dateModified":"2024-11-07T08:41:59+00:00","breadcrumb":{"@id":"https:\/\/orthopara.store\/index.php\/produit\/brosse-a-dents-gum-sunstar-ortho-soft-124\/#breadcrumb"},"inLanguage":"fr-FR","potentialAction":[{"@type":"ReadAction","target":["https:\/\/orthopara.store\/index.php\/produit\/brosse-a-dents-gum-sunstar-ortho-soft-124\/"]}]},{"@type":"ImageObject","inLanguage":"fr-FR","@id":"https:\/\/orthopara.store\/index.php\/produit\/brosse-a-dents-gum-sunstar-ortho-soft-124\/#primaryimage","url":"https:\/\/orthopara.store\/wp-content\/uploads\/2024\/06\/brosse-a-dents-gum-sunstar-ortho-soft-124.jpg","contentUrl":"https:\/\/orthopara.store\/wp-content\/uploads\/2024\/06\/brosse-a-dents-gum-sunstar-ortho-soft-124.jpg","width":800,"height":800},{"@type":"BreadcrumbList","@id":"https:\/\/orthopara.store\/index.php\/produit\/brosse-a-dents-gum-sunstar-ortho-soft-124\/#breadcrumb","itemListElement":[{"@type":"ListItem","position":1,"name":"Accueil","item":"https:\/\/orthopara.store\/"},{"@type":"ListItem","position":2,"name":"Shop","item":"https:\/\/orthopara.store\/?page_id=622"},{"@type":"ListItem","position":3,"name":"Brosse \u00e0 dents &#8211; GUM Sunstar Ortho &#8211; Soft 124"}]},{"@type":"WebSite","@id":"https:\/\/orthopara.store\/#website","url":"https:\/\/orthopara.store\/","name":"OrthoPara","description":"Parapharmacie","publisher":{"@id":"https:\/\/orthopara.store\/#organization"},"potentialAction":[{"@type":"SearchAction","target":{"@type":"EntryPoint","urlTemplate":"https:\/\/orthopara.store\/?s={search_term_string}"},"query-input":"required name=search_term_string"}],"inLanguage":"fr-FR"},{"@type":"Organization","@id":"https:\/\/orthopara.store\/#organization","name":"OrthoPara","url":"https:\/\/orthopara.store\/","logo":{"@type":"ImageObject","inLanguage":"fr-FR","@id":"https:\/\/orthopara.store\/#\/schema\/logo\/image\/","url":"https:\/\/orthopara.store\/wp-content\/uploads\/2024\/06\/cropped-9ABA8BAD-6256-4719-9315-15C66E64E882.png","contentUrl":"https:\/\/orthopara.store\/wp-content\/uploads\/2024\/06\/cropped-9ABA8BAD-6256-4719-9315-15C66E64E882.png","width":240,"height":72,"caption":"OrthoPara"},"image":{"@id":"https:\/\/orthopara.store\/#\/schema\/logo\/image\/"},"sameAs":["https:\/\/www.facebook.com\/profile.php?id=61561194315651","https:\/\/www.instagram.com\/orthopara_tunisie\/"]}]}},"jetpack_sharing_enabled":true,"brands":[{"id":181,"name":"GUM","slug":"gum"}],"_links":{"self":[{"href":"https:\/\/orthopara.store\/index.php?rest_route=\/wp\/v2\/product\/1715","targetHints":{"allow":["GET"]}}],"collection":[{"href":"https:\/\/orthopara.store\/index.php?rest_route=\/wp\/v2\/product"}],"about":[{"href":"https:\/\/orthopara.store\/index.php?rest_route=\/wp\/v2\/types\/product"}],"replies":[{"embeddable":true,"href":"https:\/\/orthopara.store\/index.php?rest_route=%2Fwp%2Fv2%2Fcomments&post=1715"}],"wp:featuredmedia":[{"embeddable":true,"href":"https:\/\/orthopara.store\/index.php?rest_route=\/wp\/v2\/media\/1741"}],"wp:attachment":[{"href":"https:\/\/orthopara.store\/index.php?rest_route=%2Fwp%2Fv2%2Fmedia&parent=1715"}],"wp:term":[{"taxonomy":"pwb-brand","embeddable":true,"href":"https:\/\/orthopara.store\/index.php?rest_route=%2Fwp%2Fv2%2Fpwb-brand&post=1715"},{"taxonomy":"product_cat","embeddable":true,"href":"https:\/\/orthopara.store\/index.php?rest_route=%2Fwp%2Fv2%2Fproduct_cat&post=1715"},{"taxonomy":"product_tag","embeddable":true,"href":"https:\/\/orthopara.store\/index.php?rest_route=%2Fwp%2Fv2%2Fproduct_tag&post=1715"}],"curies":[{"name":"wp","href":"https:\/\/api.w.org\/{rel}","templated":true}]}}