{"id":1743,"date":"2024-06-28T15:55:04","date_gmt":"2024-06-28T13:55:04","guid":{"rendered":"https:\/\/orthopara.store\/?post_type=product&#038;p=1743"},"modified":"2024-11-07T09:40:13","modified_gmt":"2024-11-07T08:40:13","slug":"brosse-a-dents-gum-activital-medium-compact-583","status":"publish","type":"product","link":"https:\/\/orthopara.store\/?product=brosse-a-dents-gum-activital-medium-compact-583","title":{"rendered":"Brosse \u00e0 dents &#8211; Gum Activital medium compact 583"},"content":{"rendered":"<p>Brosse \u00e0 dents &#8211; Gum Activital medium compact 583<br \/>\nEfficacit\u00e9 cliniquement prouv\u00e9e pour r\u00e9duire la gingivite.Les micro-brins p\u00e9n\u00e8trent doucement dans tous les espaces, y compris dans les espaces interdentaires et sous le sillon gingival pour \u00e9liminer la plaque dentaire, sans l\u2019impact abrasif des brins traditionnels.\u00a0L\u2019implantation de forme triangulaire pour une bonne insertion des brins entre les dents, l\u00e0 o\u00f9 apparaissent g\u00e9n\u00e9ralement les maladies gingivales.\u00a0L\u2019implantation de forme rectangulaire con\u00e7ue pour un nettoyage parfait du sillon gingival et le massage des gencives.\u00a0\u00a0<br \/>\nConseils d&rsquo;utilisation :\u00a0<br \/>\nPlacez la brosse \u00e0 dents le long de la gencive de fa\u00e7on \u00e0 former un angle de 45\u00b0. Les brins doivent entrer en contact avec la surface des dents mais aussi avec la ligne gingivale.\u00a0\u00a0Sans exercer de pression excessive, brossez la surface externe de 2 ou 3 dents en effectuant un mouvement rotatif allant des gencives vers les dents. R\u00e9p\u00e9tez ce mouvement sur le groupe suivant de 2 ou 3 dents.\u00a0Tout en continuant \u00e0 tenir la brosse \u00e0 dents de fa\u00e7on \u00e0 former un angle de 45\u00b0, les brins en contact avec la surface des dents et la ligne gingivale, effectuez le m\u00eame mouvement pour brosser soigneusement la surface interne de toutes les dents.\u00a0Inclinez la brosse \u00e0 dents \u00e0 la verticale derri\u00e8re les dents de devant. Effectuez plusieurs mouvements de haut en bas en utilisant l\u2019extr\u00e9mit\u00e9 de la t\u00eate de la brosse \u00e0 dents.\u00a0Positionnez la brosse \u00e0 dents sur la surface des faces occlusales &#8211; celles qui servent \u00e0 mastiquer &#8211; des dents en un mouvement dans les deux sens.\u00a0Brossez-vous la langue en commen\u00e7ant par l&rsquo;arri\u00e8re et en avan\u00e7ant progressivement vers l&rsquo;avant de mani\u00e8re \u00e0 \u00e9liminer les bact\u00e9ries responsables de la mauvaise haleine.<\/p>\n<p>\u00a0<\/p>\n","protected":false},"excerpt":{"rendered":"<p>Gum Activital medium compact<br \/>\nBrosse \u00e0 dents\u00a0<br \/>\nR\u00e9f\u00e9rence : medium<br \/>\nTranche d&rsquo;\u00e2ge : adulte\u00a0<\/p>\n","protected":false},"featured_media":1768,"comment_status":"open","ping_status":"closed","template":"","meta":[],"pwb-brand":[181],"product_cat":[207],"product_tag":[],"class_list":{"0":"post-1743","1":"product","2":"type-product","3":"status-publish","4":"has-post-thumbnail","6":"pwb-brand-gum","7":"product_cat-brosses-a-dents","8":"post","9":"ws-product--style-1","11":"first","12":"instock","13":"shipping-taxable","14":"purchasable","15":"product-type-simple"},"yoast_head":"<!-- This site is optimized with the Yoast SEO plugin v23.0 - https:\/\/yoast.com\/wordpress\/plugins\/seo\/ -->\n<title>Brosse \u00e0 dents - Gum Activital medium compact 583 - OrthoPara<\/title>\n<meta name=\"robots\" content=\"index, follow, max-snippet:-1, max-image-preview:large, max-video-preview:-1\" \/>\n<link rel=\"canonical\" href=\"https:\/\/orthopara.store\/index.php\/produit\/brosse-a-dents-gum-activital-medium-compact-583\/\" \/>\n<meta property=\"og:locale\" content=\"fr_FR\" \/>\n<meta property=\"og:type\" content=\"article\" \/>\n<meta property=\"og:title\" content=\"Brosse \u00e0 dents - Gum Activital medium compact 583 - OrthoPara\" \/>\n<meta property=\"og:description\" content=\"Gum Activital medium compact Brosse \u00e0 dents\u00a0 R\u00e9f\u00e9rence : medium Tranche d&#039;\u00e2ge : adulte\u00a0\" \/>\n<meta property=\"og:url\" content=\"https:\/\/orthopara.store\/index.php\/produit\/brosse-a-dents-gum-activital-medium-compact-583\/\" \/>\n<meta property=\"og:site_name\" content=\"OrthoPara\" \/>\n<meta property=\"article:publisher\" content=\"https:\/\/www.facebook.com\/profile.php?id=61561194315651\" \/>\n<meta property=\"article:modified_time\" content=\"2024-11-07T08:40:13+00:00\" \/>\n<meta property=\"og:image\" content=\"https:\/\/orthopara.store\/wp-content\/uploads\/2024\/06\/gum-brosse-a-dents-activital-medium-compact-583.jpg\" \/>\n\t<meta property=\"og:image:width\" content=\"800\" \/>\n\t<meta property=\"og:image:height\" content=\"800\" \/>\n\t<meta property=\"og:image:type\" content=\"image\/jpeg\" \/>\n<meta name=\"twitter:card\" content=\"summary_large_image\" \/>\n<meta name=\"twitter:label1\" content=\"Dur\u00e9e de lecture estim\u00e9e\" \/>\n\t<meta name=\"twitter:data1\" content=\"1 minute\" \/>\n<script type=\"application\/ld+json\" class=\"yoast-schema-graph\">{\"@context\":\"https:\/\/schema.org\",\"@graph\":[{\"@type\":\"WebPage\",\"@id\":\"https:\/\/orthopara.store\/index.php\/produit\/brosse-a-dents-gum-activital-medium-compact-583\/\",\"url\":\"https:\/\/orthopara.store\/index.php\/produit\/brosse-a-dents-gum-activital-medium-compact-583\/\",\"name\":\"Brosse \u00e0 dents - Gum Activital medium compact 583 - OrthoPara\",\"isPartOf\":{\"@id\":\"https:\/\/orthopara.store\/#website\"},\"primaryImageOfPage\":{\"@id\":\"https:\/\/orthopara.store\/index.php\/produit\/brosse-a-dents-gum-activital-medium-compact-583\/#primaryimage\"},\"image\":{\"@id\":\"https:\/\/orthopara.store\/index.php\/produit\/brosse-a-dents-gum-activital-medium-compact-583\/#primaryimage\"},\"thumbnailUrl\":\"https:\/\/orthopara.store\/wp-content\/uploads\/2024\/06\/gum-brosse-a-dents-activital-medium-compact-583.jpg\",\"datePublished\":\"2024-06-28T13:55:04+00:00\",\"dateModified\":\"2024-11-07T08:40:13+00:00\",\"breadcrumb\":{\"@id\":\"https:\/\/orthopara.store\/index.php\/produit\/brosse-a-dents-gum-activital-medium-compact-583\/#breadcrumb\"},\"inLanguage\":\"fr-FR\",\"potentialAction\":[{\"@type\":\"ReadAction\",\"target\":[\"https:\/\/orthopara.store\/index.php\/produit\/brosse-a-dents-gum-activital-medium-compact-583\/\"]}]},{\"@type\":\"ImageObject\",\"inLanguage\":\"fr-FR\",\"@id\":\"https:\/\/orthopara.store\/index.php\/produit\/brosse-a-dents-gum-activital-medium-compact-583\/#primaryimage\",\"url\":\"https:\/\/orthopara.store\/wp-content\/uploads\/2024\/06\/gum-brosse-a-dents-activital-medium-compact-583.jpg\",\"contentUrl\":\"https:\/\/orthopara.store\/wp-content\/uploads\/2024\/06\/gum-brosse-a-dents-activital-medium-compact-583.jpg\",\"width\":800,\"height\":800},{\"@type\":\"BreadcrumbList\",\"@id\":\"https:\/\/orthopara.store\/index.php\/produit\/brosse-a-dents-gum-activital-medium-compact-583\/#breadcrumb\",\"itemListElement\":[{\"@type\":\"ListItem\",\"position\":1,\"name\":\"Accueil\",\"item\":\"https:\/\/orthopara.store\/\"},{\"@type\":\"ListItem\",\"position\":2,\"name\":\"Shop\",\"item\":\"https:\/\/orthopara.store\/?page_id=622\"},{\"@type\":\"ListItem\",\"position\":3,\"name\":\"Brosse \u00e0 dents &#8211; Gum Activital medium compact 583\"}]},{\"@type\":\"WebSite\",\"@id\":\"https:\/\/orthopara.store\/#website\",\"url\":\"https:\/\/orthopara.store\/\",\"name\":\"OrthoPara\",\"description\":\"Parapharmacie\",\"publisher\":{\"@id\":\"https:\/\/orthopara.store\/#organization\"},\"potentialAction\":[{\"@type\":\"SearchAction\",\"target\":{\"@type\":\"EntryPoint\",\"urlTemplate\":\"https:\/\/orthopara.store\/?s={search_term_string}\"},\"query-input\":\"required name=search_term_string\"}],\"inLanguage\":\"fr-FR\"},{\"@type\":\"Organization\",\"@id\":\"https:\/\/orthopara.store\/#organization\",\"name\":\"OrthoPara\",\"url\":\"https:\/\/orthopara.store\/\",\"logo\":{\"@type\":\"ImageObject\",\"inLanguage\":\"fr-FR\",\"@id\":\"https:\/\/orthopara.store\/#\/schema\/logo\/image\/\",\"url\":\"https:\/\/orthopara.store\/wp-content\/uploads\/2024\/06\/cropped-9ABA8BAD-6256-4719-9315-15C66E64E882.png\",\"contentUrl\":\"https:\/\/orthopara.store\/wp-content\/uploads\/2024\/06\/cropped-9ABA8BAD-6256-4719-9315-15C66E64E882.png\",\"width\":240,\"height\":72,\"caption\":\"OrthoPara\"},\"image\":{\"@id\":\"https:\/\/orthopara.store\/#\/schema\/logo\/image\/\"},\"sameAs\":[\"https:\/\/www.facebook.com\/profile.php?id=61561194315651\",\"https:\/\/www.instagram.com\/orthopara_tunisie\/\"]}]}<\/script>\n<!-- \/ Yoast SEO plugin. -->","yoast_head_json":{"title":"Brosse \u00e0 dents - Gum Activital medium compact 583 - OrthoPara","robots":{"index":"index","follow":"follow","max-snippet":"max-snippet:-1","max-image-preview":"max-image-preview:large","max-video-preview":"max-video-preview:-1"},"canonical":"https:\/\/orthopara.store\/index.php\/produit\/brosse-a-dents-gum-activital-medium-compact-583\/","og_locale":"fr_FR","og_type":"article","og_title":"Brosse \u00e0 dents - Gum Activital medium compact 583 - OrthoPara","og_description":"Gum Activital medium compact Brosse \u00e0 dents\u00a0 R\u00e9f\u00e9rence : medium Tranche d'\u00e2ge : adulte\u00a0","og_url":"https:\/\/orthopara.store\/index.php\/produit\/brosse-a-dents-gum-activital-medium-compact-583\/","og_site_name":"OrthoPara","article_publisher":"https:\/\/www.facebook.com\/profile.php?id=61561194315651","article_modified_time":"2024-11-07T08:40:13+00:00","og_image":[{"width":800,"height":800,"url":"https:\/\/orthopara.store\/wp-content\/uploads\/2024\/06\/gum-brosse-a-dents-activital-medium-compact-583.jpg","type":"image\/jpeg"}],"twitter_card":"summary_large_image","twitter_misc":{"Dur\u00e9e de lecture estim\u00e9e":"1 minute"},"schema":{"@context":"https:\/\/schema.org","@graph":[{"@type":"WebPage","@id":"https:\/\/orthopara.store\/index.php\/produit\/brosse-a-dents-gum-activital-medium-compact-583\/","url":"https:\/\/orthopara.store\/index.php\/produit\/brosse-a-dents-gum-activital-medium-compact-583\/","name":"Brosse \u00e0 dents - Gum Activital medium compact 583 - OrthoPara","isPartOf":{"@id":"https:\/\/orthopara.store\/#website"},"primaryImageOfPage":{"@id":"https:\/\/orthopara.store\/index.php\/produit\/brosse-a-dents-gum-activital-medium-compact-583\/#primaryimage"},"image":{"@id":"https:\/\/orthopara.store\/index.php\/produit\/brosse-a-dents-gum-activital-medium-compact-583\/#primaryimage"},"thumbnailUrl":"https:\/\/orthopara.store\/wp-content\/uploads\/2024\/06\/gum-brosse-a-dents-activital-medium-compact-583.jpg","datePublished":"2024-06-28T13:55:04+00:00","dateModified":"2024-11-07T08:40:13+00:00","breadcrumb":{"@id":"https:\/\/orthopara.store\/index.php\/produit\/brosse-a-dents-gum-activital-medium-compact-583\/#breadcrumb"},"inLanguage":"fr-FR","potentialAction":[{"@type":"ReadAction","target":["https:\/\/orthopara.store\/index.php\/produit\/brosse-a-dents-gum-activital-medium-compact-583\/"]}]},{"@type":"ImageObject","inLanguage":"fr-FR","@id":"https:\/\/orthopara.store\/index.php\/produit\/brosse-a-dents-gum-activital-medium-compact-583\/#primaryimage","url":"https:\/\/orthopara.store\/wp-content\/uploads\/2024\/06\/gum-brosse-a-dents-activital-medium-compact-583.jpg","contentUrl":"https:\/\/orthopara.store\/wp-content\/uploads\/2024\/06\/gum-brosse-a-dents-activital-medium-compact-583.jpg","width":800,"height":800},{"@type":"BreadcrumbList","@id":"https:\/\/orthopara.store\/index.php\/produit\/brosse-a-dents-gum-activital-medium-compact-583\/#breadcrumb","itemListElement":[{"@type":"ListItem","position":1,"name":"Accueil","item":"https:\/\/orthopara.store\/"},{"@type":"ListItem","position":2,"name":"Shop","item":"https:\/\/orthopara.store\/?page_id=622"},{"@type":"ListItem","position":3,"name":"Brosse \u00e0 dents &#8211; Gum Activital medium compact 583"}]},{"@type":"WebSite","@id":"https:\/\/orthopara.store\/#website","url":"https:\/\/orthopara.store\/","name":"OrthoPara","description":"Parapharmacie","publisher":{"@id":"https:\/\/orthopara.store\/#organization"},"potentialAction":[{"@type":"SearchAction","target":{"@type":"EntryPoint","urlTemplate":"https:\/\/orthopara.store\/?s={search_term_string}"},"query-input":"required name=search_term_string"}],"inLanguage":"fr-FR"},{"@type":"Organization","@id":"https:\/\/orthopara.store\/#organization","name":"OrthoPara","url":"https:\/\/orthopara.store\/","logo":{"@type":"ImageObject","inLanguage":"fr-FR","@id":"https:\/\/orthopara.store\/#\/schema\/logo\/image\/","url":"https:\/\/orthopara.store\/wp-content\/uploads\/2024\/06\/cropped-9ABA8BAD-6256-4719-9315-15C66E64E882.png","contentUrl":"https:\/\/orthopara.store\/wp-content\/uploads\/2024\/06\/cropped-9ABA8BAD-6256-4719-9315-15C66E64E882.png","width":240,"height":72,"caption":"OrthoPara"},"image":{"@id":"https:\/\/orthopara.store\/#\/schema\/logo\/image\/"},"sameAs":["https:\/\/www.facebook.com\/profile.php?id=61561194315651","https:\/\/www.instagram.com\/orthopara_tunisie\/"]}]}},"jetpack_sharing_enabled":true,"brands":[{"id":181,"name":"GUM","slug":"gum"}],"_links":{"self":[{"href":"https:\/\/orthopara.store\/index.php?rest_route=\/wp\/v2\/product\/1743","targetHints":{"allow":["GET"]}}],"collection":[{"href":"https:\/\/orthopara.store\/index.php?rest_route=\/wp\/v2\/product"}],"about":[{"href":"https:\/\/orthopara.store\/index.php?rest_route=\/wp\/v2\/types\/product"}],"replies":[{"embeddable":true,"href":"https:\/\/orthopara.store\/index.php?rest_route=%2Fwp%2Fv2%2Fcomments&post=1743"}],"wp:featuredmedia":[{"embeddable":true,"href":"https:\/\/orthopara.store\/index.php?rest_route=\/wp\/v2\/media\/1768"}],"wp:attachment":[{"href":"https:\/\/orthopara.store\/index.php?rest_route=%2Fwp%2Fv2%2Fmedia&parent=1743"}],"wp:term":[{"taxonomy":"pwb-brand","embeddable":true,"href":"https:\/\/orthopara.store\/index.php?rest_route=%2Fwp%2Fv2%2Fpwb-brand&post=1743"},{"taxonomy":"product_cat","embeddable":true,"href":"https:\/\/orthopara.store\/index.php?rest_route=%2Fwp%2Fv2%2Fproduct_cat&post=1743"},{"taxonomy":"product_tag","embeddable":true,"href":"https:\/\/orthopara.store\/index.php?rest_route=%2Fwp%2Fv2%2Fproduct_tag&post=1743"}],"curies":[{"name":"wp","href":"https:\/\/api.w.org\/{rel}","templated":true}]}}