{"id":1752,"date":"2024-06-28T15:55:05","date_gmt":"2024-06-28T13:55:05","guid":{"rendered":"https:\/\/orthopara.store\/?post_type=product&#038;p=1752"},"modified":"2024-11-07T09:42:22","modified_gmt":"2024-11-07T08:42:22","slug":"brosse-a-dents-gum-technique-pro-medium-528","status":"publish","type":"product","link":"https:\/\/orthopara.store\/?product=brosse-a-dents-gum-technique-pro-medium-528","title":{"rendered":"Brosse \u00e0 dents &#8211; Gum Technique Pro &#8211; medium 528"},"content":{"rendered":"<p>Brosse \u00e0 dents Technique &#8211; Gum Pro &#8211; medium 528<br \/>\nLa brosse \u00e0 dents GUM Technique Pro Medium permet d\u2019acc\u00e9der aux zones de la bouche difficiles \u00e0 atteindre, et \u00e9limine efficacement la plaque lors du brossage, gr\u00e2ce \u00e0 ses trois caract\u00e9ristiques. Disponible en quatre couleurs<br \/>\nElle a \u00e9t\u00e9 scientifiquement test\u00e9e pour assurer une meilleure \u00e9limination de la plaque dentaire qu&rsquo;une brosse \u00e0 dents standard, particuli\u00e8rement dans les zones difficiles d&rsquo;acc\u00e8s.<\/p>\n","protected":false},"excerpt":{"rendered":"<p>Gum Pro &#8211; medium 528<br \/>\nBrosse \u00e0 dents Technique Pro<br \/>\nR\u00e9f\u00e9rence : medium\u00a0<br \/>\nTranche d&rsquo;\u00e2ge : adulte\u00a0<\/p>\n","protected":false},"featured_media":1777,"comment_status":"open","ping_status":"closed","template":"","meta":[],"pwb-brand":[181],"product_cat":[207],"product_tag":[],"class_list":{"0":"post-1752","1":"product","2":"type-product","3":"status-publish","4":"has-post-thumbnail","6":"pwb-brand-gum","7":"product_cat-brosses-a-dents","8":"post","9":"ws-product--style-1","11":"first","12":"instock","13":"shipping-taxable","14":"purchasable","15":"product-type-simple"},"yoast_head":"<!-- This site is optimized with the Yoast SEO plugin v23.0 - https:\/\/yoast.com\/wordpress\/plugins\/seo\/ -->\n<title>Brosse \u00e0 dents - Gum Technique Pro - medium 528 - OrthoPara<\/title>\n<meta name=\"robots\" content=\"index, follow, max-snippet:-1, max-image-preview:large, max-video-preview:-1\" \/>\n<link rel=\"canonical\" href=\"https:\/\/orthopara.store\/index.php\/produit\/brosse-a-dents-gum-technique-pro-medium-528\/\" \/>\n<meta property=\"og:locale\" content=\"fr_FR\" \/>\n<meta property=\"og:type\" content=\"article\" \/>\n<meta property=\"og:title\" content=\"Brosse \u00e0 dents - Gum Technique Pro - medium 528 - OrthoPara\" \/>\n<meta property=\"og:description\" content=\"Gum Pro - medium 528 Brosse \u00e0 dents Technique Pro R\u00e9f\u00e9rence : medium\u00a0 Tranche d&#039;\u00e2ge : adulte\u00a0\" \/>\n<meta property=\"og:url\" content=\"https:\/\/orthopara.store\/index.php\/produit\/brosse-a-dents-gum-technique-pro-medium-528\/\" \/>\n<meta property=\"og:site_name\" content=\"OrthoPara\" \/>\n<meta property=\"article:publisher\" content=\"https:\/\/www.facebook.com\/profile.php?id=61561194315651\" \/>\n<meta property=\"article:modified_time\" content=\"2024-11-07T08:42:22+00:00\" \/>\n<meta property=\"og:image\" content=\"https:\/\/orthopara.store\/wp-content\/uploads\/2024\/06\/brosse-a-dents-gum-technique-pro-medium-528.jpg\" \/>\n\t<meta property=\"og:image:width\" content=\"800\" \/>\n\t<meta property=\"og:image:height\" content=\"800\" \/>\n\t<meta property=\"og:image:type\" content=\"image\/jpeg\" \/>\n<meta name=\"twitter:card\" content=\"summary_large_image\" \/>\n<script type=\"application\/ld+json\" class=\"yoast-schema-graph\">{\"@context\":\"https:\/\/schema.org\",\"@graph\":[{\"@type\":\"WebPage\",\"@id\":\"https:\/\/orthopara.store\/index.php\/produit\/brosse-a-dents-gum-technique-pro-medium-528\/\",\"url\":\"https:\/\/orthopara.store\/index.php\/produit\/brosse-a-dents-gum-technique-pro-medium-528\/\",\"name\":\"Brosse \u00e0 dents - Gum Technique Pro - medium 528 - OrthoPara\",\"isPartOf\":{\"@id\":\"https:\/\/orthopara.store\/#website\"},\"primaryImageOfPage\":{\"@id\":\"https:\/\/orthopara.store\/index.php\/produit\/brosse-a-dents-gum-technique-pro-medium-528\/#primaryimage\"},\"image\":{\"@id\":\"https:\/\/orthopara.store\/index.php\/produit\/brosse-a-dents-gum-technique-pro-medium-528\/#primaryimage\"},\"thumbnailUrl\":\"https:\/\/orthopara.store\/wp-content\/uploads\/2024\/06\/brosse-a-dents-gum-technique-pro-medium-528.jpg\",\"datePublished\":\"2024-06-28T13:55:05+00:00\",\"dateModified\":\"2024-11-07T08:42:22+00:00\",\"breadcrumb\":{\"@id\":\"https:\/\/orthopara.store\/index.php\/produit\/brosse-a-dents-gum-technique-pro-medium-528\/#breadcrumb\"},\"inLanguage\":\"fr-FR\",\"potentialAction\":[{\"@type\":\"ReadAction\",\"target\":[\"https:\/\/orthopara.store\/index.php\/produit\/brosse-a-dents-gum-technique-pro-medium-528\/\"]}]},{\"@type\":\"ImageObject\",\"inLanguage\":\"fr-FR\",\"@id\":\"https:\/\/orthopara.store\/index.php\/produit\/brosse-a-dents-gum-technique-pro-medium-528\/#primaryimage\",\"url\":\"https:\/\/orthopara.store\/wp-content\/uploads\/2024\/06\/brosse-a-dents-gum-technique-pro-medium-528.jpg\",\"contentUrl\":\"https:\/\/orthopara.store\/wp-content\/uploads\/2024\/06\/brosse-a-dents-gum-technique-pro-medium-528.jpg\",\"width\":800,\"height\":800},{\"@type\":\"BreadcrumbList\",\"@id\":\"https:\/\/orthopara.store\/index.php\/produit\/brosse-a-dents-gum-technique-pro-medium-528\/#breadcrumb\",\"itemListElement\":[{\"@type\":\"ListItem\",\"position\":1,\"name\":\"Accueil\",\"item\":\"https:\/\/orthopara.store\/\"},{\"@type\":\"ListItem\",\"position\":2,\"name\":\"Shop\",\"item\":\"https:\/\/orthopara.store\/?page_id=622\"},{\"@type\":\"ListItem\",\"position\":3,\"name\":\"Brosse \u00e0 dents &#8211; Gum Technique Pro &#8211; medium 528\"}]},{\"@type\":\"WebSite\",\"@id\":\"https:\/\/orthopara.store\/#website\",\"url\":\"https:\/\/orthopara.store\/\",\"name\":\"OrthoPara\",\"description\":\"Parapharmacie\",\"publisher\":{\"@id\":\"https:\/\/orthopara.store\/#organization\"},\"potentialAction\":[{\"@type\":\"SearchAction\",\"target\":{\"@type\":\"EntryPoint\",\"urlTemplate\":\"https:\/\/orthopara.store\/?s={search_term_string}\"},\"query-input\":\"required name=search_term_string\"}],\"inLanguage\":\"fr-FR\"},{\"@type\":\"Organization\",\"@id\":\"https:\/\/orthopara.store\/#organization\",\"name\":\"OrthoPara\",\"url\":\"https:\/\/orthopara.store\/\",\"logo\":{\"@type\":\"ImageObject\",\"inLanguage\":\"fr-FR\",\"@id\":\"https:\/\/orthopara.store\/#\/schema\/logo\/image\/\",\"url\":\"https:\/\/orthopara.store\/wp-content\/uploads\/2024\/06\/cropped-9ABA8BAD-6256-4719-9315-15C66E64E882.png\",\"contentUrl\":\"https:\/\/orthopara.store\/wp-content\/uploads\/2024\/06\/cropped-9ABA8BAD-6256-4719-9315-15C66E64E882.png\",\"width\":240,\"height\":72,\"caption\":\"OrthoPara\"},\"image\":{\"@id\":\"https:\/\/orthopara.store\/#\/schema\/logo\/image\/\"},\"sameAs\":[\"https:\/\/www.facebook.com\/profile.php?id=61561194315651\",\"https:\/\/www.instagram.com\/orthopara_tunisie\/\"]}]}<\/script>\n<!-- \/ Yoast SEO plugin. -->","yoast_head_json":{"title":"Brosse \u00e0 dents - Gum Technique Pro - medium 528 - OrthoPara","robots":{"index":"index","follow":"follow","max-snippet":"max-snippet:-1","max-image-preview":"max-image-preview:large","max-video-preview":"max-video-preview:-1"},"canonical":"https:\/\/orthopara.store\/index.php\/produit\/brosse-a-dents-gum-technique-pro-medium-528\/","og_locale":"fr_FR","og_type":"article","og_title":"Brosse \u00e0 dents - Gum Technique Pro - medium 528 - OrthoPara","og_description":"Gum Pro - medium 528 Brosse \u00e0 dents Technique Pro R\u00e9f\u00e9rence : medium\u00a0 Tranche d'\u00e2ge : adulte\u00a0","og_url":"https:\/\/orthopara.store\/index.php\/produit\/brosse-a-dents-gum-technique-pro-medium-528\/","og_site_name":"OrthoPara","article_publisher":"https:\/\/www.facebook.com\/profile.php?id=61561194315651","article_modified_time":"2024-11-07T08:42:22+00:00","og_image":[{"width":800,"height":800,"url":"https:\/\/orthopara.store\/wp-content\/uploads\/2024\/06\/brosse-a-dents-gum-technique-pro-medium-528.jpg","type":"image\/jpeg"}],"twitter_card":"summary_large_image","schema":{"@context":"https:\/\/schema.org","@graph":[{"@type":"WebPage","@id":"https:\/\/orthopara.store\/index.php\/produit\/brosse-a-dents-gum-technique-pro-medium-528\/","url":"https:\/\/orthopara.store\/index.php\/produit\/brosse-a-dents-gum-technique-pro-medium-528\/","name":"Brosse \u00e0 dents - Gum Technique Pro - medium 528 - OrthoPara","isPartOf":{"@id":"https:\/\/orthopara.store\/#website"},"primaryImageOfPage":{"@id":"https:\/\/orthopara.store\/index.php\/produit\/brosse-a-dents-gum-technique-pro-medium-528\/#primaryimage"},"image":{"@id":"https:\/\/orthopara.store\/index.php\/produit\/brosse-a-dents-gum-technique-pro-medium-528\/#primaryimage"},"thumbnailUrl":"https:\/\/orthopara.store\/wp-content\/uploads\/2024\/06\/brosse-a-dents-gum-technique-pro-medium-528.jpg","datePublished":"2024-06-28T13:55:05+00:00","dateModified":"2024-11-07T08:42:22+00:00","breadcrumb":{"@id":"https:\/\/orthopara.store\/index.php\/produit\/brosse-a-dents-gum-technique-pro-medium-528\/#breadcrumb"},"inLanguage":"fr-FR","potentialAction":[{"@type":"ReadAction","target":["https:\/\/orthopara.store\/index.php\/produit\/brosse-a-dents-gum-technique-pro-medium-528\/"]}]},{"@type":"ImageObject","inLanguage":"fr-FR","@id":"https:\/\/orthopara.store\/index.php\/produit\/brosse-a-dents-gum-technique-pro-medium-528\/#primaryimage","url":"https:\/\/orthopara.store\/wp-content\/uploads\/2024\/06\/brosse-a-dents-gum-technique-pro-medium-528.jpg","contentUrl":"https:\/\/orthopara.store\/wp-content\/uploads\/2024\/06\/brosse-a-dents-gum-technique-pro-medium-528.jpg","width":800,"height":800},{"@type":"BreadcrumbList","@id":"https:\/\/orthopara.store\/index.php\/produit\/brosse-a-dents-gum-technique-pro-medium-528\/#breadcrumb","itemListElement":[{"@type":"ListItem","position":1,"name":"Accueil","item":"https:\/\/orthopara.store\/"},{"@type":"ListItem","position":2,"name":"Shop","item":"https:\/\/orthopara.store\/?page_id=622"},{"@type":"ListItem","position":3,"name":"Brosse \u00e0 dents &#8211; Gum Technique Pro &#8211; medium 528"}]},{"@type":"WebSite","@id":"https:\/\/orthopara.store\/#website","url":"https:\/\/orthopara.store\/","name":"OrthoPara","description":"Parapharmacie","publisher":{"@id":"https:\/\/orthopara.store\/#organization"},"potentialAction":[{"@type":"SearchAction","target":{"@type":"EntryPoint","urlTemplate":"https:\/\/orthopara.store\/?s={search_term_string}"},"query-input":"required name=search_term_string"}],"inLanguage":"fr-FR"},{"@type":"Organization","@id":"https:\/\/orthopara.store\/#organization","name":"OrthoPara","url":"https:\/\/orthopara.store\/","logo":{"@type":"ImageObject","inLanguage":"fr-FR","@id":"https:\/\/orthopara.store\/#\/schema\/logo\/image\/","url":"https:\/\/orthopara.store\/wp-content\/uploads\/2024\/06\/cropped-9ABA8BAD-6256-4719-9315-15C66E64E882.png","contentUrl":"https:\/\/orthopara.store\/wp-content\/uploads\/2024\/06\/cropped-9ABA8BAD-6256-4719-9315-15C66E64E882.png","width":240,"height":72,"caption":"OrthoPara"},"image":{"@id":"https:\/\/orthopara.store\/#\/schema\/logo\/image\/"},"sameAs":["https:\/\/www.facebook.com\/profile.php?id=61561194315651","https:\/\/www.instagram.com\/orthopara_tunisie\/"]}]}},"jetpack_sharing_enabled":true,"brands":[{"id":181,"name":"GUM","slug":"gum"}],"_links":{"self":[{"href":"https:\/\/orthopara.store\/index.php?rest_route=\/wp\/v2\/product\/1752","targetHints":{"allow":["GET"]}}],"collection":[{"href":"https:\/\/orthopara.store\/index.php?rest_route=\/wp\/v2\/product"}],"about":[{"href":"https:\/\/orthopara.store\/index.php?rest_route=\/wp\/v2\/types\/product"}],"replies":[{"embeddable":true,"href":"https:\/\/orthopara.store\/index.php?rest_route=%2Fwp%2Fv2%2Fcomments&post=1752"}],"wp:featuredmedia":[{"embeddable":true,"href":"https:\/\/orthopara.store\/index.php?rest_route=\/wp\/v2\/media\/1777"}],"wp:attachment":[{"href":"https:\/\/orthopara.store\/index.php?rest_route=%2Fwp%2Fv2%2Fmedia&parent=1752"}],"wp:term":[{"taxonomy":"pwb-brand","embeddable":true,"href":"https:\/\/orthopara.store\/index.php?rest_route=%2Fwp%2Fv2%2Fpwb-brand&post=1752"},{"taxonomy":"product_cat","embeddable":true,"href":"https:\/\/orthopara.store\/index.php?rest_route=%2Fwp%2Fv2%2Fproduct_cat&post=1752"},{"taxonomy":"product_tag","embeddable":true,"href":"https:\/\/orthopara.store\/index.php?rest_route=%2Fwp%2Fv2%2Fproduct_tag&post=1752"}],"curies":[{"name":"wp","href":"https:\/\/api.w.org\/{rel}","templated":true}]}}